{"id":21202,"date":"2018-01-02T01:00:47","date_gmt":"2018-01-02T01:00:47","guid":{"rendered":"http:\/\/biblian.is\/videy\/fyrri-kronikubok-15-kafli\/"},"modified":"2018-01-13T21:27:41","modified_gmt":"2018-01-13T21:27:41","slug":"fyrri-kronikubok-16-kafli-2","status":"publish","type":"page","link":"https:\/\/biblian.is\/videy\/fyrri-kronikubok-16-kafli-2\/","title":{"rendered":"Fyrri kron\u00edkub\u00f3k 16. kafli"},"content":{"rendered":"<div class=\"fyrirsognVidey\">S\u00e1ttm\u00e1ls\u00f6rkin er flutt til Jer\u00fasalem. 2 Sam. 6.,12\u201323.<\/div>\n<p><a name=\"1\"><span class=\"versanumer\">1<\/span><\/a>Og hann bygg\u00f0i s\u00e9r h\u00fas \u00ed Dav\u00ed\u00f0sborg, og tilreiddi sta\u00f0 fyrir Gu\u00f0s \u00f6rk, og setti henni tjald.<a name=\"2\"><span class=\"versanumer\">2<\/span><\/a>\u00de\u00e1 m\u00e6lti Dav\u00ed\u00f0: \u00f6rk Gu\u00f0s skal enginn bera nema Lev\u00edtarnir, \u00fev\u00ed \u00fe\u00e1 hefir Drottinn vali\u00f0 til a\u00f0 bera Gu\u00f0s \u00f6rk, til a\u00f0 \u00fej\u00f3na s\u00e9r a\u00f0 eil\u00edfu.<a name=\"3\"><span class=\"versanumer\">3<\/span><\/a>Og Dav\u00ed\u00f0 safna\u00f0i \u00f6llum \u00cdsrael til Jer\u00fasalem, til a\u00f0 flytja Drottins \u00f6rk \u00e1 sinn sta\u00f0, sem hann haf\u00f0i henni tilreitt.<a name=\"4\"><span class=\"versanumer\">4<\/span><\/a>Og Dav\u00ed\u00f0 safna\u00f0i sonum Arons og Lev\u00edtunum;<a name=\"5\"><span class=\"versanumer\">5<\/span><\/a>af sonum Kahats: Uriel, \u00feeim \u00e6\u00f0sta, og hans br\u00e6\u00f0rum 120.<a name=\"6\"><span class=\"versanumer\">6<\/span><\/a>Af sonum Merari: Asaja, \u00feeim \u00e6\u00f0sta, og hans br\u00e6\u00f0rum 220;<a name=\"7\"><span class=\"versanumer\">7<\/span><\/a>af sonum Gersoms: J\u00f3el, \u00feeim \u00e6\u00f0sta, og hans br\u00e6\u00f0rum 130;<a name=\"8\"><span class=\"versanumer\">8<\/span><\/a>af sonum Elisafans: Semaja, \u00feeim \u00e6\u00f0sta, og hans br\u00e6\u00f0rum 200.<a name=\"9\"><span class=\"versanumer\">9<\/span><\/a>Af sonum Hebrons: Eliel, \u00feeim \u00e6\u00f0sta, og hans br\u00e6\u00f0rum 80;<a name=\"10\"><span class=\"versanumer\">10<\/span><\/a>af sonum Usiels Aminadab, \u00feeim \u00e6\u00f0sta, og hans br\u00e6\u00f0rum 112.<a name=\"11\"><span class=\"versanumer\">11<\/span><\/a>Og Dav\u00ed\u00f0 kalla\u00f0i Sadok og Abiatar presta, og Lev\u00edtana, Uriel, Asaja og J\u00f3el og Semaja og Eliel og Amminadab,<a name=\"12\"><span class=\"versanumer\">12<\/span><\/a>og m\u00e6lti til \u00feeirra: \u00fe\u00e9r eru\u00f0 h\u00f6fu\u00f0smenn Lev\u00ed \u00e6ttli\u00f0a, helgi\u00f0 y\u00f0ur og y\u00f0ar br\u00e6\u00f0ur, og flytji\u00f0 \u00f6rk Drottins \u00cdsraels Gu\u00f0s, \u00e1 \u00feann sta\u00f0 sem eg hefi henni tilreitt.<a name=\"13\"><span class=\"versanumer\">13<\/span><\/a>Af \u00fev\u00ed \u00fe\u00e9r gj\u00f6r\u00f0u\u00f0 \u00fea\u00f0 ekki \u00ed fyrra sinni, svo gj\u00f6r\u00f0i Drottinn, vor Gu\u00f0, skar\u00f0 vor \u00e1 me\u00f0al, \u00fear e\u00f0 v\u00e9r leitu\u00f0um hans ekki, sem vera bar.<a name=\"14\"><span class=\"versanumer\">14<\/span><\/a>\u00de\u00e1 helgu\u00f0u sig prestarnir og Lev\u00edtarnir, til \u00feess a\u00f0 flytja \u00f6rk Drottins, \u00cdsraels Gu\u00f0s.<a name=\"15\"><span class=\"versanumer\">15<\/span><\/a>Og svo b\u00e1ru Lev\u00ed synir Gu\u00f0s \u00f6rk, eins og M\u00f3ses bau\u00f0, eftir or\u00f0i Drottins, \u00e1 s\u00ednum \u00f6xlum, me\u00f0 st\u00f6ngunum <span class='VideyAth'>(sem \u00feeir l\u00f6g\u00f0u)<\/span> \u00e1 sig.<a name=\"16\"><span class=\"versanumer\">16<\/span><\/a>Og Dav\u00ed\u00f0 bau\u00f0 \u00feeim \u00e6\u00f0stu Lev\u00edtum, a\u00f0 \u00feeir skyldu setja s\u00edna br\u00e6\u00f0ur s\u00f6ngvara me\u00f0 hlj\u00f3\u00f0f\u00e6rum, h\u00f6rpum, hlj\u00f3\u00f0p\u00edpum og b\u00e1s\u00fanum, a\u00f0 \u00feeir syngju hvellt og upphef\u00f0u r\u00f6ddina me\u00f0 gle\u00f0i.<a name=\"17\"><span class=\"versanumer\">17<\/span><\/a>Og Lev\u00edtarnir tilsettu: Heman J\u00f3elsson, og af hans br\u00e6\u00f0rum Asaf, Berek\u00edason; og af sonum Merari: \u00feeirra br\u00e6\u00f0ur: Etan, Kusajason.<a name=\"18\"><span class=\"versanumer\">18<\/span><\/a>Og me\u00f0 \u00feeim \u00feeirra yngri br\u00e6\u00f0ur: Sakaria, Ben og Jaesiel og Semiram\u00f3t, og Jehiel og Unni, Eliab og Benaja og Maeseia og Mat\u00edtia og Elifeleh\u00fa og Mikneh\u00fa og Obe\u00f0-Edom og Jegiel, dyraver\u00f0i.<a name=\"19\"><span class=\"versanumer\">19<\/span><\/a>Og s\u00f6ngvarar <span class='VideyAth'>(voru)<\/span> Heman, Asaf og Etan, a\u00f0 syngja h\u00e1tt, me\u00f0 eirb\u00e1s\u00fanum;<a name=\"20\"><span class=\"versanumer\">20<\/span><\/a>og Sakar\u00eda og Asiel og Sem\u00edramot og Jehiel og Unni og Eliab og Maeseia og Benaia \u00e1 h\u00f6rpu me\u00f0 st\u00falkuhlj\u00f3\u00f0um;<a name=\"21\"><span class=\"versanumer\">21<\/span><\/a>og Mat\u00edtia og Elifeleh\u00fa og Mikneh\u00fa og Obed-Edom og Jegiel og Asasia \u00e1 hlj\u00f3\u00f0p\u00edpur, me\u00f0 dj\u00fapri r\u00f6dd, sem fors\u00f6ngvarar.<a name=\"22\"><span class=\"versanumer\">22<\/span><\/a>Og Kenania, <span class='VideyAth'>(var)<\/span> meistari Lev\u00edtanna \u00ed s\u00f6ng, kenndi s\u00f6ng, \u00fev\u00ed hann var vel a\u00f0 s\u00e9r.<a name=\"23\"><span class=\"versanumer\">23<\/span><\/a>Og Berekia og Elkana voru dyraver\u00f0ir arkarinnar.<a name=\"24\"><span class=\"versanumer\">24<\/span><\/a>Og Sabania og J\u00f3safat og Netaneel og Amasai og Sakar\u00eda og Benaja, og El\u00edeser, prestarnir, sl\u00f3gu trumbur fyrir Gu\u00f0s \u00f6rk. Og Obe\u00f0-Edom og Jehia voru dyraver\u00f0ir arkarinnar. <br \/><a name=\"25\"><span class=\"versanumer\">25<\/span><\/a>Og svo f\u00f3r Dav\u00ed\u00f0 og enir elstu \u00ed \u00cdsrael, og h\u00f6f\u00f0ingjarnir yfir \u00fe\u00fasund, a\u00f0 s\u00e6kja s\u00e1ttm\u00e1ls\u00f6rk Drottins, \u00ed h\u00fas \u00d3be\u00f0-Edoms, me\u00f0 f\u00f6gnu\u00f0i.<a name=\"26\"><span class=\"versanumer\">26<\/span><\/a>Og sem Gu\u00f0 hj\u00e1lpa\u00f0i Lev\u00edtunum, er b\u00e1ru s\u00e1ttm\u00e1ls\u00f6rk Drottins, f\u00f3rnf\u00e6r\u00f0u \u00feeir 7 nautum og 7 hr\u00fatum.<a name=\"27\"><span class=\"versanumer\">27<\/span><\/a>Og Dav\u00ed\u00f0 var kl\u00e6ddur l\u00edn kyrtli, og s\u00f6mulei\u00f0is allir Lev\u00edtarnir sem b\u00e1ru \u00f6rkina, og s\u00f6ngvararnir, og Kenania meistari s\u00f6ngsins me\u00f0al s\u00f6ngvaranna; og Dav\u00ed\u00f0 haf\u00f0i yfir s\u00e9r l\u00ednh\u00f6kul.<a name=\"28\"><span class=\"versanumer\">28<\/span><\/a>Og allur \u00cdsrael flutti s\u00e1ttm\u00e1ls\u00f6rk Drottins burt me\u00f0 fagna\u00f0ar\u00f3pi og b\u00e1s\u00fanu hlj\u00f3mi, me\u00f0 trumbum og hornum, hvellum h\u00f6rpum og hlj\u00f3\u00f0p\u00edpum.<a name=\"29\"><span class=\"versanumer\">29<\/span><\/a>Og sem s\u00e1ttm\u00e1ls\u00f6rk Drottins kom til Dav\u00ed\u00f0s borgar, leit Mikol, d\u00f3ttir S\u00e1ls, \u00fat um gluggann, og s\u00e1 Dav\u00ed\u00f0 k\u00f3ng st\u00f6kkva og dansa, og fyrirleit hann \u00ed s\u00ednu hjarta.<\/p>\n<div class=\"footnoteVidey\"><\/div>\n","protected":false},"excerpt":{"rendered":"<p>S\u00e1ttm\u00e1ls\u00f6rkin er flutt til Jer\u00fasalem. 2 Sam. 6.,12\u201323. 1Og hann bygg\u00f0i s\u00e9r h\u00fas \u00ed Dav\u00ed\u00f0sborg, og tilreiddi sta\u00f0 fyrir Gu\u00f0s \u00f6rk, og setti henni tjald.2\u00de\u00e1 m\u00e6lti Dav\u00ed\u00f0: \u00f6rk Gu\u00f0s skal enginn bera nema Lev\u00edtarnir, \u00fev\u00ed \u00fe\u00e1 hefir Drottinn vali\u00f0 til a\u00f0 bera Gu\u00f0s \u00f6rk, til a\u00f0 \u00fej\u00f3na s\u00e9r a\u00f0 eil\u00edfu.3Og Dav\u00ed\u00f0 safna\u00f0i \u00f6llum \u00cdsrael til Jer\u00fasalem, til a\u00f0 flytja Drottins \u00f6rk \u00e1 sinn sta\u00f0, sem hann haf\u00f0i henni tilreitt.4Og Dav\u00ed\u00f0 safna\u00f0i sonum Arons og Lev\u00edtunum;5af sonum Kahats: Uriel, \u00feeim \u00e6\u00f0sta, og hans br\u00e6\u00f0rum 120.6Af sonum Merari: Asaja, \u00feeim \u00e6\u00f0sta, og hans br\u00e6\u00f0rum 220;7af sonum Gersoms: J\u00f3el, \u00feeim \u00e6\u00f0sta, og hans <a href=\"https:\/\/biblian.is\/videy\/fyrri-kronikubok-16-kafli-2\/\"> [&#8230;]<\/a><\/p>\n","protected":false},"author":1,"featured_media":0,"parent":0,"menu_order":0,"comment_status":"open","ping_status":"closed","template":"bibliukaflar.php","meta":{"footnotes":""},"class_list":["post-21202","page","type-page","status-publish","hentry"],"_links":{"self":[{"href":"https:\/\/biblian.is\/videy\/wp-json\/wp\/v2\/pages\/21202","targetHints":{"allow":["GET"]}}],"collection":[{"href":"https:\/\/biblian.is\/videy\/wp-json\/wp\/v2\/pages"}],"about":[{"href":"https:\/\/biblian.is\/videy\/wp-json\/wp\/v2\/types\/page"}],"author":[{"embeddable":true,"href":"https:\/\/biblian.is\/videy\/wp-json\/wp\/v2\/users\/1"}],"replies":[{"embeddable":true,"href":"https:\/\/biblian.is\/videy\/wp-json\/wp\/v2\/comments?post=21202"}],"version-history":[{"count":0,"href":"https:\/\/biblian.is\/videy\/wp-json\/wp\/v2\/pages\/21202\/revisions"}],"wp:attachment":[{"href":"https:\/\/biblian.is\/videy\/wp-json\/wp\/v2\/media?parent=21202"}],"curies":[{"name":"wp","href":"https:\/\/api.w.org\/{rel}","templated":true}]}}