{"id":21201,"date":"2018-01-02T01:00:47","date_gmt":"2018-01-02T01:00:47","guid":{"rendered":"http:\/\/biblian.is\/videy\/fyrri-kronikubok-14-kafli\/"},"modified":"2018-01-13T21:27:28","modified_gmt":"2018-01-13T21:27:28","slug":"fyrri-kronikubok-15-kafli-2","status":"publish","type":"page","link":"https:\/\/biblian.is\/videy\/fyrri-kronikubok-15-kafli-2\/","title":{"rendered":"Fyrri kron\u00edkub\u00f3k 15. kafli"},"content":{"rendered":"<div class=\"fyrirsognVidey\">Dav\u00ed\u00f0s h\u00fasabygging, konur og b\u00f6rn, str\u00ed\u00f0 vi\u00f0 Filistea. 2 Sam. 5,11\u201325.<\/div>\n<p><a name=\"1\"><span class=\"versanumer\">1<\/span><\/a>Og H\u00edram, k\u00f3ngur \u00ed T\u00fdrus, sendi menn til Dav\u00ed\u00f0s, og sedrusvi\u00f0, og m\u00farara og timburmenn, til a\u00f0 byggja honum h\u00fas.<a name=\"2\"><span class=\"versanumer\">2<\/span><\/a>Og Dav\u00ed\u00f0 kanna\u00f0ist vi\u00f0 a\u00f0 Drottinn festi hann sem konung yfir \u00cdsrael, og a\u00f0 hans r\u00edki efldist s\u00f6kum hans f\u00f3lk \u00cdsraels.<a name=\"3\"><span class=\"versanumer\">3<\/span><\/a>Og Dav\u00ed\u00f0 t\u00f3k s\u00e9r fleiri konur \u00ed Jer\u00fasalem, og eigna\u00f0ist fleiri syni og d\u00e6tur.<a name=\"4\"><span class=\"versanumer\">4<\/span><\/a>En \u00feetta eru n\u00f6fn \u00feeirra sem honum f\u00e6ddust \u00ed Jer\u00fasalem: Samm\u00faa og Sobab, Natan og Sal\u00f3mon.<a name=\"5\"><span class=\"versanumer\">5<\/span><\/a>Og Jibar og El\u00eds\u00faa,<a name=\"6\"><span class=\"versanumer\">6<\/span><\/a>og N\u00f3ga og Nefeg og Jasia,<a name=\"7\"><span class=\"versanumer\">7<\/span><\/a>og El\u00edsamma og Beeljada og El\u00edfelet. <br \/><a name=\"8\"><span class=\"versanumer\">8<\/span><\/a>Og sem Filistear heyr\u00f0u a\u00f0 b\u00fai\u00f0 var a\u00f0 smyrja Dav\u00ed\u00f0 til k\u00f3ngs yfir allan \u00cdsrael, l\u00f6g\u00f0u allir Filistear af sta\u00f0, til a\u00f0 leita Dav\u00ed\u00f0s. Og sem Dav\u00ed\u00f0 heyr\u00f0i \u00fea\u00f0, f\u00f3r hann m\u00f3ti \u00feeim.<a name=\"9\"><span class=\"versanumer\">9<\/span><\/a>Og Filistear komu og dreif\u00f0u s\u00e9r um dalinn Refaim.<a name=\"10\"><span class=\"versanumer\">10<\/span><\/a>\u00de\u00e1 spur\u00f0i Dav\u00ed\u00f0 Gu\u00f0 og m\u00e6lti: skal eg fara m\u00f3ti Filisteum, og munt \u00fe\u00fa gefa \u00fe\u00e1 \u00ed m\u00edna h\u00f6nd? Og Drottinn svara\u00f0i honum: far \u00fe\u00fa, og eg gef \u00fe\u00e1 \u00ed \u00fe\u00edna h\u00f6nd.<a name=\"11\"><span class=\"versanumer\">11<\/span><\/a>\u00de\u00e1 f\u00f3ru \u00feeir til Baal-Prasim, og Dav\u00ed\u00f0 vann \u00fe\u00e1 \u00fear og m\u00e6lti: Gu\u00f0 hefir fyrir m\u00edna h\u00f6nd tv\u00edstra\u00f0 m\u00ednum \u00f3vinum, eins og \u00fe\u00e1 vatni er skvett. \u00dev\u00ed nefndi hann \u00feann sama sta\u00f0 Baal-Prasim.<a name=\"12\"><span class=\"versanumer\">12<\/span><\/a>Og \u00feeir l\u00e9tu \u00fear eftir s\u00edna Gu\u00f0i, og Dav\u00ed\u00f0 bau\u00f0, og \u00feeir voru brenndir \u00ed eldi. <br \/><a name=\"13\"><span class=\"versanumer\">13<\/span><\/a>Og Filistear komu aftur, og breiddust um dalinn.<a name=\"14\"><span class=\"versanumer\">14<\/span><\/a>\u00de\u00e1 spur\u00f0i Dav\u00ed\u00f0 Gu\u00f0 \u00ed anna\u00f0 sinn, og Gu\u00f0 sag\u00f0i til hans: far \u00fe\u00fa ekki eftir \u00feeim, sn\u00fa \u00fe\u00fa fr\u00e1 \u00feeim, og r\u00e1\u00f0st \u00fe\u00fa \u00e1 \u00fe\u00e1 gagnvart m\u00f3rberjask\u00f3ginum, og \u00feegar \u00fe\u00fa heyrir \u00feyt fara yfir m\u00f3rberjatr\u00e9n, \u00fe\u00e1 legg til orrustu, \u00fev\u00ed Gu\u00f0 fer fyrir \u00fe\u00e9r, til a\u00f0 sigra her Filisteanna.<\/p>\n<div class=\"footnoteVidey\"><\/div>\n","protected":false},"excerpt":{"rendered":"<p>Dav\u00ed\u00f0s h\u00fasabygging, konur og b\u00f6rn, str\u00ed\u00f0 vi\u00f0 Filistea. 2 Sam. 5,11\u201325. 1Og H\u00edram, k\u00f3ngur \u00ed T\u00fdrus, sendi menn til Dav\u00ed\u00f0s, og sedrusvi\u00f0, og m\u00farara og timburmenn, til a\u00f0 byggja honum h\u00fas.2Og Dav\u00ed\u00f0 kanna\u00f0ist vi\u00f0 a\u00f0 Drottinn festi hann sem konung yfir \u00cdsrael, og a\u00f0 hans r\u00edki efldist s\u00f6kum hans f\u00f3lk \u00cdsraels.3Og Dav\u00ed\u00f0 t\u00f3k s\u00e9r fleiri konur \u00ed Jer\u00fasalem, og eigna\u00f0ist fleiri syni og d\u00e6tur.4En \u00feetta eru n\u00f6fn \u00feeirra sem honum f\u00e6ddust \u00ed Jer\u00fasalem: Samm\u00faa og Sobab, Natan og Sal\u00f3mon.5Og Jibar og El\u00eds\u00faa,6og N\u00f3ga og Nefeg og Jasia,7og El\u00edsamma og Beeljada og El\u00edfelet. 8Og sem Filistear heyr\u00f0u a\u00f0 b\u00fai\u00f0 var a\u00f0 <a href=\"https:\/\/biblian.is\/videy\/fyrri-kronikubok-15-kafli-2\/\"> [&#8230;]<\/a><\/p>\n","protected":false},"author":1,"featured_media":0,"parent":0,"menu_order":0,"comment_status":"open","ping_status":"closed","template":"bibliukaflar.php","meta":{"footnotes":""},"class_list":["post-21201","page","type-page","status-publish","hentry"],"_links":{"self":[{"href":"https:\/\/biblian.is\/videy\/wp-json\/wp\/v2\/pages\/21201","targetHints":{"allow":["GET"]}}],"collection":[{"href":"https:\/\/biblian.is\/videy\/wp-json\/wp\/v2\/pages"}],"about":[{"href":"https:\/\/biblian.is\/videy\/wp-json\/wp\/v2\/types\/page"}],"author":[{"embeddable":true,"href":"https:\/\/biblian.is\/videy\/wp-json\/wp\/v2\/users\/1"}],"replies":[{"embeddable":true,"href":"https:\/\/biblian.is\/videy\/wp-json\/wp\/v2\/comments?post=21201"}],"version-history":[{"count":0,"href":"https:\/\/biblian.is\/videy\/wp-json\/wp\/v2\/pages\/21201\/revisions"}],"wp:attachment":[{"href":"https:\/\/biblian.is\/videy\/wp-json\/wp\/v2\/media?parent=21201"}],"curies":[{"name":"wp","href":"https:\/\/api.w.org\/{rel}","templated":true}]}}