{"id":21199,"date":"2018-01-02T01:00:47","date_gmt":"2018-01-02T01:00:47","guid":{"rendered":"http:\/\/biblian.is\/videy\/fyrri-kronikubok-12-kafli\/"},"modified":"2018-01-13T21:27:03","modified_gmt":"2018-01-13T21:27:03","slug":"fyrri-kronikubok-13-kafli-2","status":"publish","type":"page","link":"https:\/\/biblian.is\/videy\/fyrri-kronikubok-13-kafli-2\/","title":{"rendered":"Fyrri kron\u00edkub\u00f3k 13. kafli"},"content":{"rendered":"<div class=\"fyrirsognVidey\">\u00deeir sem gengu Dav\u00ed\u00f0 \u00e1 h\u00f6nd \u00ed Siklag og gj\u00f6r\u00f0u hann a\u00f0 k\u00f3ngi \u00ed \u00cdsrael.<\/div>\n<p><a name=\"1\"><span class=\"versanumer\">1<\/span><\/a>\u00deessir eru \u00feeir sem komu til Dav\u00ed\u00f0s \u00ed Siklag, \u00fe\u00e1 hann var farinn \u00ed \u00fatleg\u00f0 fyrir S\u00e1l, syni Kis, og hinir s\u00f6mu voru me\u00f0al kappanna, sem hj\u00e1lpu\u00f0u honum a\u00f0 str\u00ed\u00f0a,<a name=\"2\"><span class=\"versanumer\">2<\/span><\/a>bogmenn, sem k\u00f6stu\u00f0u steinum me\u00f0 h\u00e6gri og vinstri hendi, og skutu \u00f6rvum af boga, af br\u00e6\u00f0rum S\u00e1ls, af Benjam\u00edn:<a name=\"3\"><span class=\"versanumer\">3<\/span><\/a>h\u00f6f\u00f0inginn Ahieser og J\u00f3as, synir Semaa Gibeat\u00edta, og Jesiel og Pelet, synir Asmavets, og Beraka og Jeh\u00fa, Antot\u00edti,<a name=\"4\"><span class=\"versanumer\">4<\/span><\/a>og Jesmaja, Gibeon\u00edti, kappi, einn af \u00feeim \u00ferj\u00e1t\u00edu, og yfir \u00feeim \u00ferj\u00e1t\u00edu, og Jerem\u00eda og Jehasiel, og J\u00f3hanan og J\u00f3sabad, Gederat\u00edti,<a name=\"5\"><span class=\"versanumer\">5<\/span><\/a>Eleasai og Jerimot og Bealia, og Samar\u00eda og Safat\u00eda, Harof\u00edti,<a name=\"6\"><span class=\"versanumer\">6<\/span><\/a>Elkana og Jissia og Asareel og J\u00f3eser og Jasobeam, Korahitar,<a name=\"7\"><span class=\"versanumer\">7<\/span><\/a>og J\u00f3ela og Sebadia, synir Jer\u00f3hams fr\u00e1 Gedor.<a name=\"8\"><span class=\"versanumer\">8<\/span><\/a>Og fr\u00e1 Ga\u00f0\u00edtum komu til Dav\u00ed\u00f0s \u00ed v\u00edgi\u00f0 \u00ed ey\u00f0im\u00f6rkinni, kappar, str\u00ed\u00f0smenn, vopna\u00f0ir skj\u00f6ldum og spj\u00f3tum, \u00fatlits sem lj\u00f3n, og sem r\u00e1d\u00fdr flj\u00f3tir um fj\u00f6llin.<a name=\"9\"><span class=\"versanumer\">9<\/span><\/a>Eser, s\u00e1 fyrsti, \u00d3badia, s\u00e1 annar; Eliab, s\u00e1 \u00feri\u00f0ji,<a name=\"10\"><span class=\"versanumer\">10<\/span><\/a>Mismanna, s\u00e1 fj\u00f3r\u00f0i, Jeremia s\u00e1 fimmti,<a name=\"11\"><span class=\"versanumer\">11<\/span><\/a>Atai, s\u00e1 sj\u00f6tti, Eliel, s\u00e1 sj\u00f6undi;<a name=\"12\"><span class=\"versanumer\">12<\/span><\/a>J\u00f3hanan, s\u00e1 \u00e1ttundi; Elsabad s\u00e1 n\u00edundi;<a name=\"13\"><span class=\"versanumer\">13<\/span><\/a>Jerem\u00eda s\u00e1 t\u00edundi; Makbanai, s\u00e1 ellefti.<a name=\"14\"><span class=\"versanumer\">14<\/span><\/a>\u00deessir voru synir Ga\u00f0s <span class='VideyAth'>(fr\u00e1 Ga\u00f0)<\/span>, s\u00e1 minnsti yfir hundra\u00f0 manns, s\u00e1 mesti yfir \u00fe\u00fasund.<a name=\"15\"><span class=\"versanumer\">15<\/span><\/a>\u00deessir eru \u00feeir sem f\u00f3ru yfir J\u00f3rdan, \u00ed fyrsta m\u00e1nu\u00f0i, \u00fe\u00e1 h\u00fan flaut upp \u00e1 bakka og r\u00e1ku \u00e1 fl\u00f3tta alla \u00fe\u00e1 sem bjuggu \u00ed dalnum, til austurs og vesturs.<a name=\"16\"><span class=\"versanumer\">16<\/span><\/a>Og nokkrir komu, af sonum Benjam\u00edns og J\u00fada, \u00ed v\u00edgi\u00f0 til Dav\u00ed\u00f0s.<a name=\"17\"><span class=\"versanumer\">17<\/span><\/a>Og Dav\u00ed\u00f0 gekk \u00fat til \u00feeirra, t\u00f3k svo til or\u00f0a og m\u00e6lti vi\u00f0 \u00fe\u00e1: ef \u00fe\u00e9r komi\u00f0 til m\u00edn me\u00f0 fri\u00f0i, til a\u00f0 veita m\u00e9r li\u00f0, \u00fe\u00e1 hneigist mitt hjarta til f\u00e9lagsskapar vi\u00f0 y\u00f0ur; en ef til \u00feess, a\u00f0 sv\u00edkja mig \u00ed hendur m\u00ednum \u00f3vinum, \u00e1n \u00feess rangl\u00e6ti s\u00e9 \u00ed minni hendi, svo sj\u00e1i \u00fea\u00f0 Gu\u00f0 fe\u00f0ra vorra, og d\u00e6mi!<a name=\"18\"><span class=\"versanumer\">18<\/span><\/a>\u00de\u00e1 greip andinn Amasai, h\u00f6fu\u00f0smann vagnli\u00f0sins, <span class='VideyAth'>(og hann m\u00e6lti)<\/span>: \u00fe\u00ednir erum v\u00e9r, Dav\u00ed\u00f0! \u00fe\u00e9r fylgjum v\u00e9r, til lukku, til lukku \u00fe\u00e9r, og til lukku \u00fe\u00ednum li\u00f0sm\u00f6nnum, \u00fev\u00ed \u00feinn Gu\u00f0 hj\u00e1lpar \u00fe\u00e9r. Og Dav\u00ed\u00f0 t\u00f3k vi\u00f0 \u00feeim og setti \u00fe\u00e1 yfir s\u00edna herflokka. <br \/><a name=\"19\"><span class=\"versanumer\">19<\/span><\/a>Og af Manasse f\u00f3ru <span class='VideyAth'>(nokkrir)<\/span> til Dav\u00ed\u00f0s, \u00fe\u00e1 hann kom me\u00f0 Filisteum til str\u00ed\u00f0s \u00e1 m\u00f3ti S\u00e1l, en hj\u00e1lpa\u00f0i \u00feeim \u00fe\u00f3 ekki, \u00fev\u00ed h\u00f6f\u00f0ingjar Filisteanna l\u00e9tu hann fr\u00e1 s\u00e9r, eftir a\u00f0 hafa r\u00e1\u00f0gast um \u00fea\u00f0, \u00fev\u00ed \u00feeir s\u00f6g\u00f0u: gangi hann \u00ed li\u00f0 me\u00f0 s\u00ednum herra S\u00e1l, getur \u00fea\u00f0 kosta\u00f0 vort l\u00edf!<a name=\"20\"><span class=\"versanumer\">20<\/span><\/a>\u00de\u00e1 hann f\u00f3r til Siklag gengu \u00ed li\u00f0 me\u00f0 honum af Manassis: Adna og J\u00f3sabad og Jedjael og Mikael og J\u00f3sabad og El\u00edh\u00fa og Siltai, flokksforingjar af Manassis.<a name=\"21\"><span class=\"versanumer\">21<\/span><\/a>Og hinir s\u00f6mu hj\u00e1lpu\u00f0u Dav\u00ed\u00f0 m\u00f3ti \u00f3eir\u00f0arflokkum, \u00fev\u00ed str\u00ed\u00f0skappar voru \u00feeir allir, og ur\u00f0u yfirmenn \u00ed hernum.<a name=\"22\"><span class=\"versanumer\">22<\/span><\/a>\u00dev\u00ed dag eftir dag komu fleiri og fleiri til Dav\u00ed\u00f0s til a\u00f0 hj\u00e1lpa honum, \u00feanga\u00f0 til hann haf\u00f0i fengi\u00f0 mikinn her, l\u00edkan Gu\u00f0s her. <br \/><a name=\"23\"><span class=\"versanumer\">23<\/span><\/a>En \u00feetta er manntal \u00feeirra til str\u00ed\u00f0s \u00fatb\u00fanu sem komu til Dav\u00ed\u00f0s \u00ed Hebron, til a\u00f0 afla honum k\u00f3ngsr\u00edkis S\u00e1ls, eftir bo\u00f0i Drottins.<a name=\"24\"><span class=\"versanumer\">24<\/span><\/a>J\u00fada synir, sem b\u00e1ru skj\u00f6ld og spj\u00f3t, <span class='VideyAth'>(voru)<\/span> sex \u00fe\u00fasund og 8 hundru\u00f0, \u00fatb\u00fanir til str\u00ed\u00f0s.<a name=\"25\"><span class=\"versanumer\">25<\/span><\/a>Af sonum S\u00edmeons, hraustir til bardaga, 7 \u00fe\u00fasund og hundra\u00f0 betur.<a name=\"26\"><span class=\"versanumer\">26<\/span><\/a>Af sonum Lev\u00ed, 4 \u00fe\u00fasund og 6 hundru\u00f0.<a name=\"27\"><span class=\"versanumer\">27<\/span><\/a>Og J\u00f3jada, h\u00f6f\u00f0ingi <span class='VideyAth'>(kominn)<\/span> af Aron, og me\u00f0 honum 3 \u00fe\u00fasund og 7 hundru\u00f0,<a name=\"28\"><span class=\"versanumer\">28<\/span><\/a>og Sadok, r\u00f6skur ungur ma\u00f0ur, og hans \u00e6ttmenn, 22 foringjar;<a name=\"29\"><span class=\"versanumer\">29<\/span><\/a>og af sonum Benjam\u00edns, br\u00e6\u00f0rum S\u00e1ls, 3 \u00fe\u00fasund; en \u00feanga\u00f0 til h\u00e9lt mesti partur af \u00feeim, enn n\u00fa me\u00f0 S\u00e1ls h\u00fasi.<a name=\"30\"><span class=\"versanumer\">30<\/span><\/a>Og af sonum Efra\u00edms, 20 \u00fe\u00fasund og 8 hundru\u00f0 r\u00f6skir menn, nafnfr\u00e6gir me\u00f0al sinna \u00e6ttmanna;<a name=\"31\"><span class=\"versanumer\">31<\/span><\/a>og af h\u00e1lfri Manassis \u00e6ttkv\u00edsl, 18 \u00fe\u00fasund, sem nefndir voru til me\u00f0 nafni, a\u00f0 fara, og gj\u00f6ra Dav\u00ed\u00f0 a\u00f0 k\u00f3ngi.<a name=\"32\"><span class=\"versanumer\">32<\/span><\/a>Og af sonum \u00cdsaskars, sem vissu kringumst\u00e6\u00f0urnar, og s\u00e1u hva\u00f0 \u00cdsrael var\u00f0 a\u00f0 gj\u00f6ra; \u00feeirra foringjar voru 200, og allir \u00feeirra br\u00e6\u00f0ur hl\u00fdddu \u00feeirra or\u00f0um.<a name=\"33\"><span class=\"versanumer\">33<\/span><\/a>Af Seb\u00falon, sem \u00fatf\u00f3ru \u00ed str\u00ed\u00f0, og \u00fatb\u00fanir voru til str\u00ed\u00f0s me\u00f0 \u00f6llum str\u00ed\u00f0s vopnum, 50 \u00fe\u00fasund, til a\u00f0 ganga hispurlaust \u00ed orrustur.<a name=\"34\"><span class=\"versanumer\">34<\/span><\/a>Og af Naftal\u00ed, \u00fe\u00fasund foringjar, og me\u00f0 \u00feeim 37 \u00fe\u00fasund me\u00f0 skj\u00f6ld og spj\u00f3t.<a name=\"35\"><span class=\"versanumer\">35<\/span><\/a>Og af Dan\u00edtum, \u00fatb\u00fanir til str\u00ed\u00f0s, 28 \u00fe\u00fasund og 6 hundru\u00f0;<a name=\"36\"><span class=\"versanumer\">36<\/span><\/a>og af Aser, sem \u00fatgengu \u00ed str\u00ed\u00f0, til a\u00f0 heyja orrustur, 40 \u00fe\u00fasund.<a name=\"37\"><span class=\"versanumer\">37<\/span><\/a>Og \u00far <span class='VideyAth'>(landinu)<\/span> hinumegin vi\u00f0 J\u00f3rdan, af R\u00faben\u00edtum og Ga\u00f0\u00edtum og af h\u00e1lfri Manassis \u00e6ttkv\u00edsl, me\u00f0 \u00f6llum str\u00ed\u00f0svopnum til str\u00ed\u00f0s, hundra\u00f0 og 20 \u00fe\u00fasundir.<a name=\"38\"><span class=\"versanumer\">38<\/span><\/a>Allir \u00feessir str\u00ed\u00f0smenn, sem ni\u00f0urskipu\u00f0u bardaganum me\u00f0 einl\u00e6gum hj\u00f6rtum, komu til Hebron, til a\u00f0 gj\u00f6ra Dav\u00ed\u00f0 a\u00f0 k\u00f3ngi yfir allan \u00cdsrael; og l\u00edka voru allir a\u00f0rir \u00ed \u00cdsrael einhuga \u00ed \u00fev\u00ed a\u00f0 gj\u00f6ra Dav\u00ed\u00f0 a\u00f0 k\u00f3ngi.<a name=\"39\"><span class=\"versanumer\">39<\/span><\/a>Og \u00feeir voru \u00fear hj\u00e1 Dav\u00ed\u00f0 \u00ed \u00ferj\u00e1 daga, og \u00e1tu og drukku, \u00fev\u00ed \u00feeirra br\u00e6\u00f0ur tilreiddu \u00feeim, <span class='VideyAth'>(veislu)<\/span>.<a name=\"40\"><span class=\"versanumer\">40<\/span><\/a>Og l\u00edka f\u00e6r\u00f0u \u00feeir \u00feanga\u00f0, sem n\u00e6rri \u00feeim bjuggu, <span class='VideyAth'>(allt til \u00cdsaskars og Seb\u00falon og Naftal\u00ed)<\/span>, brau\u00f0, \u00e1 \u00f6snum, \u00falf\u00f6ldum, m\u00fal\u00f6snum og nautum, m\u00e9lmat, f\u00edkjur og r\u00fas\u00ednur, og v\u00edn og vi\u00f0smj\u00f6r, og naut og sau\u00f0i yfirgn\u00e6fanlega; \u00fev\u00ed f\u00f6gnu\u00f0ur var \u00ed \u00cdsrael.<\/p>\n<div class=\"footnoteVidey\"><\/div>\n","protected":false},"excerpt":{"rendered":"<p>\u00deeir sem gengu Dav\u00ed\u00f0 \u00e1 h\u00f6nd \u00ed Siklag og gj\u00f6r\u00f0u hann a\u00f0 k\u00f3ngi \u00ed \u00cdsrael. 1\u00deessir eru \u00feeir sem komu til Dav\u00ed\u00f0s \u00ed Siklag, \u00fe\u00e1 hann var farinn \u00ed \u00fatleg\u00f0 fyrir S\u00e1l, syni Kis, og hinir s\u00f6mu voru me\u00f0al kappanna, sem hj\u00e1lpu\u00f0u honum a\u00f0 str\u00ed\u00f0a,2bogmenn, sem k\u00f6stu\u00f0u steinum me\u00f0 h\u00e6gri og vinstri hendi, og skutu \u00f6rvum af boga, af br\u00e6\u00f0rum S\u00e1ls, af Benjam\u00edn:3h\u00f6f\u00f0inginn Ahieser og J\u00f3as, synir Semaa Gibeat\u00edta, og Jesiel og Pelet, synir Asmavets, og Beraka og Jeh\u00fa, Antot\u00edti,4og Jesmaja, Gibeon\u00edti, kappi, einn af \u00feeim \u00ferj\u00e1t\u00edu, og yfir \u00feeim \u00ferj\u00e1t\u00edu, og Jerem\u00eda og Jehasiel, og J\u00f3hanan og J\u00f3sabad, Gederat\u00edti,5Eleasai <a href=\"https:\/\/biblian.is\/videy\/fyrri-kronikubok-13-kafli-2\/\"> [&#8230;]<\/a><\/p>\n","protected":false},"author":1,"featured_media":0,"parent":0,"menu_order":0,"comment_status":"open","ping_status":"closed","template":"bibliukaflar.php","meta":{"footnotes":""},"class_list":["post-21199","page","type-page","status-publish","hentry"],"_links":{"self":[{"href":"https:\/\/biblian.is\/videy\/wp-json\/wp\/v2\/pages\/21199","targetHints":{"allow":["GET"]}}],"collection":[{"href":"https:\/\/biblian.is\/videy\/wp-json\/wp\/v2\/pages"}],"about":[{"href":"https:\/\/biblian.is\/videy\/wp-json\/wp\/v2\/types\/page"}],"author":[{"embeddable":true,"href":"https:\/\/biblian.is\/videy\/wp-json\/wp\/v2\/users\/1"}],"replies":[{"embeddable":true,"href":"https:\/\/biblian.is\/videy\/wp-json\/wp\/v2\/comments?post=21199"}],"version-history":[{"count":0,"href":"https:\/\/biblian.is\/videy\/wp-json\/wp\/v2\/pages\/21199\/revisions"}],"wp:attachment":[{"href":"https:\/\/biblian.is\/videy\/wp-json\/wp\/v2\/media?parent=21199"}],"curies":[{"name":"wp","href":"https:\/\/api.w.org\/{rel}","templated":true}]}}