{"id":21198,"date":"2018-01-02T01:00:47","date_gmt":"2018-01-02T01:00:47","guid":{"rendered":"http:\/\/biblian.is\/videy\/fyrri-kronikubok-11-kafli\/"},"modified":"2018-01-13T21:26:52","modified_gmt":"2018-01-13T21:26:52","slug":"fyrri-kronikubok-12-kafli-2","status":"publish","type":"page","link":"https:\/\/biblian.is\/videy\/fyrri-kronikubok-12-kafli-2\/","title":{"rendered":"Fyrri kron\u00edkub\u00f3k 12. kafli"},"content":{"rendered":"<div class=\"fyrirsognVidey\">Dav\u00ed\u00f0 ver\u00f0ur k\u00f3ngur; Jer\u00fasalem unnin. Dav\u00ed\u00f0s kappar. (2 Sam. 5,1\u201310. 23,8\u201339).<\/div>\n<p><a name=\"1\"><span class=\"versanumer\">1<\/span><\/a>Og allur \u00cdsrael safna\u00f0ist til Dav\u00ed\u00f0s \u00ed Hebron, og \u00feeir s\u00f6g\u00f0u: v\u00e9r erum \u00fe\u00edn bein og hold.<a name=\"2\"><span class=\"versanumer\">2<\/span><\/a>\u00c1\u00f0ur varst \u00fe\u00fa s\u00e1, me\u00f0an S\u00e1l enn n\u00fa var k\u00f3ngur, sem leiddir \u00cdsrael \u00fat og inn; og Drottinn \u00feinn Gu\u00f0 hefir sagt vi\u00f0 \u00feig: \u00fe\u00fa skalt vakta mitt f\u00f3lk \u00cdsrael, og \u00fe\u00fa skalt vera h\u00f6f\u00f0ingi yfir m\u00ednu f\u00f3lki \u00cdsrael.<a name=\"3\"><span class=\"versanumer\">3<\/span><\/a>Og svo komu allir \u00feeir elstu \u00ed \u00cdsrael til k\u00f3ngsins \u00ed Hebron, og Dav\u00ed\u00f0 gj\u00f6r\u00f0i s\u00e1ttm\u00e1la vi\u00f0 \u00fe\u00e1 \u00ed Hebron fyrir Drottni; og \u00feeir smur\u00f0u Dav\u00ed\u00f0 til k\u00f3ngs yfir \u00cdsrael, eftir or\u00f0i Drottins fyrir <span class='VideyAth'>(munn)<\/span> Sam\u00faels. <br \/><a name=\"4\"><span class=\"versanumer\">4<\/span><\/a>Og konungurinn f\u00f3r og allur \u00cdsrael til Jer\u00fasalem, \u00fea\u00f0 er Jeb\u00fas; en \u00fear voru Jeb\u00fas\u00edtar, innb\u00faar landsins.<a name=\"5\"><span class=\"versanumer\">5<\/span><\/a>Og innbyggjararnir \u00ed Jeb\u00fas s\u00f6g\u00f0u vi\u00f0 Dav\u00ed\u00f0: \u00fe\u00fa munt ei komast h\u00e9r inn. En Dav\u00ed\u00f0 n\u00e1\u00f0i kastalanum S\u00edon, \u00fea\u00f0 er Dav\u00ed\u00f0s borg.<a name=\"6\"><span class=\"versanumer\">6<\/span><\/a>Og Dav\u00ed\u00f0 m\u00e6lti: hv\u00f6r sem fyrstur vinnur Jeb\u00fas\u00edtana, s\u00e1 skal ver\u00f0a h\u00f6f\u00f0ingi og herforingi. Og J\u00f3ab sonur Seruja gekk fyrstur upp <span class='VideyAth'>(\u00ed borgina)<\/span> og var\u00f0 h\u00f6f\u00f0ingi.<a name=\"7\"><span class=\"versanumer\">7<\/span><\/a>Og Dav\u00ed\u00f0 bj\u00f3 \u00ed borginni, \u00fev\u00ed k\u00f6llu\u00f0u menn hana Dav\u00ed\u00f0sborg.<a name=\"8\"><span class=\"versanumer\">8<\/span><\/a>Og hann bygg\u00f0i sta\u00f0inn allt um kring fr\u00e1 Mill\u00f3, og umhverfis, og J\u00f3ab endurl\u00edfga\u00f0i hi\u00f0 anna\u00f0 af sta\u00f0num.<a name=\"9\"><span class=\"versanumer\">9<\/span><\/a>Og Dav\u00ed\u00f0 efldist meir og meir, og Drottinn allsherjar var me\u00f0 honum. <br \/><a name=\"10\"><span class=\"versanumer\">10<\/span><\/a>\u00deessir eru \u00feeir helstu kappar sem Dav\u00ed\u00f0 haf\u00f0i, sem h\u00e9ldu honum fast til r\u00edkis me\u00f0 \u00f6llum \u00cdsrael, til a\u00f0 gj\u00f6ra hann a\u00f0 k\u00f3ngi, eftir or\u00f0i Drottins, yfir \u00cdsrael.<a name=\"11\"><span class=\"versanumer\">11<\/span><\/a>Og \u00feessi er tala \u00feeirra kappa, sem Dav\u00ed\u00f0 haf\u00f0i: Jasobeam, sonur Hakmons, h\u00f6f\u00f0ingi vagnli\u00f0sins, s\u00e1 hinn sami veifa\u00f0i s\u00ednu spj\u00f3ti yfir \u00ferem hundru\u00f0um a\u00f0 velli l\u00f6g\u00f0um \u00ed einu. <br \/><a name=\"12\"><span class=\"versanumer\">12<\/span><\/a>Og eftir hann Eleasar, sonur Dodos, Ahoita, hann var einn af \u00feeim \u00feremur k\u00f6ppum.<a name=\"13\"><span class=\"versanumer\">13<\/span><\/a>S\u00e1 sami var hj\u00e1 Dav\u00ed\u00f0 \u00ed Pas-Damim, <span class='VideyAth'>(1 Sam. 17,1.)<\/span>, \u00feegar Filistear voru \u00fear samankomnir til str\u00ed\u00f0s; og \u00fear var akurpartur, vaxinn byggi, og f\u00f3lki\u00f0 fl\u00fa\u00f0i fyrir Filisteum;<a name=\"14\"><span class=\"versanumer\">14<\/span><\/a>\u00fe\u00e1 gengu \u00feeir mitt \u00e1 akurinn, og frelsu\u00f0u hann, og felldu Filistea, og Drottinn veitti mikinn sigur.<a name=\"15\"><span class=\"versanumer\">15<\/span><\/a>Og \u00fer\u00edr af \u00feeim \u00ferj\u00e1t\u00edu h\u00f6f\u00f0ingjum f\u00f3ru ni\u00f0ur til Dav\u00ed\u00f0s hj\u00e1 klettinum, \u00ed hellirinn Adullam, og herb\u00fa\u00f0ir Filistea l\u00e1gu \u00ed dalnum Refaim.<a name=\"16\"><span class=\"versanumer\">16<\/span><\/a>En Dav\u00ed\u00f0 var \u00fe\u00e1 \u00ed v\u00edginu <span class='VideyAth'>(\u00e1 fjallh\u00e6\u00f0inni)<\/span>, og Filistear h\u00f6f\u00f0u setuli\u00f0 \u00ed Betlehem.<a name=\"17\"><span class=\"versanumer\">17<\/span><\/a>Og Dav\u00ed\u00f0 haf\u00f0i l\u00f6ngun og m\u00e6lti: hv\u00f6r s\u00e6kir m\u00e9r vatn a\u00f0 drekka, \u00ed brunninn, \u00ed Betlehem vi\u00f0 hli\u00f0i\u00f0?<a name=\"18\"><span class=\"versanumer\">18<\/span><\/a>\u00de\u00e1 brutust \u00feeir \u00fer\u00edr gegnum herb\u00fa\u00f0ir Filisteanna, og jusu vatn \u00far brunninum \u00ed Betlehem vi\u00f0 hli\u00f0i\u00f0, og t\u00f3ku og f\u00e6r\u00f0u Dav\u00ed\u00f0; en hann vildi ekki drekka \u00fea\u00f0, og hellti \u00fev\u00ed ni\u00f0ur fyrir Drottni,<a name=\"19\"><span class=\"versanumer\">19<\/span><\/a>og m\u00e6lti: Gu\u00f0 l\u00e1ti m\u00e9r fj\u00e6rri vera, a\u00f0 gj\u00f6ra sl\u00edkt! skyldi eg drekka bl\u00f3\u00f0 \u00feessara manna me\u00f0 \u00feeirra l\u00edfsh\u00e6ttu? \u00fev\u00ed me\u00f0 eigin l\u00edfsh\u00e1ska hafa \u00feeir s\u00f3tt \u00fea\u00f0 og hann vildi ekki drekka \u00fea\u00f0. \u00deetta gj\u00f6r\u00f0u \u00feeir \u00fer\u00edr kappar. <br \/><a name=\"20\"><span class=\"versanumer\">20<\/span><\/a>Og Abisai, br\u00f3\u00f0ir J\u00f3abs, s\u00e1 sami var h\u00f6fu\u00f0sma\u00f0ur yfir <span class='VideyAth'>(\u00f6\u00f0rum)<\/span> \u00feremur; og hann veifa\u00f0i s\u00ednu spj\u00f3ti yfir \u00ferj\u00fa hundru\u00f0 a\u00f0 velli lag\u00f0a og haf\u00f0i miki\u00f0 nafn me\u00f0al \u00feeirra \u00feriggja.<a name=\"21\"><span class=\"versanumer\">21<\/span><\/a>Fram yfir \u00fe\u00e1 \u00ferj\u00e1 af annarri r\u00f6\u00f0 var hann hei\u00f0ra\u00f0ur, en ekki kom hann til jafns vi\u00f0 hina \u00ferj\u00e1. <br \/><a name=\"22\"><span class=\"versanumer\">22<\/span><\/a>Benaja sonur J\u00f3jada, sem var sonur duglegs manns, er afreksverk haf\u00f0i unni\u00f0, af Kabsel, s\u00e1 hinn sami felldi tv\u00f6 gu\u00f0slj\u00f3n af M\u00f3ab; og hinn sami f\u00f3r til og drap lj\u00f3ni\u00f0 \u00ed gryfjunni, \u00ed kafaldi.<a name=\"23\"><span class=\"versanumer\">23<\/span><\/a>Og hinn sami felldi egypska manninn, mann sem var 5 \u00e1lnir \u00e1 h\u00e6\u00f0, og \u00ed h\u00f6nd \u00feess egypska var spj\u00f3t sem vefjarrifur, og hann f\u00f3r \u00e1 m\u00f3ti honum me\u00f0 staf, og reif spj\u00f3ti\u00f0 \u00far hendi \u00feess egypska, og drap hann me\u00f0 hans spj\u00f3ti.<a name=\"24\"><span class=\"versanumer\">24<\/span><\/a>\u00deetta gj\u00f6r\u00f0i Benaja sonur J\u00f3jada, og hann haf\u00f0i nafn me\u00f0al \u00feeirra \u00feriggja kappanna.<a name=\"25\"><span class=\"versanumer\">25<\/span><\/a>Fram yfir \u00fe\u00e1 \u00ferj\u00e1t\u00edu var hinn sami hei\u00f0ra\u00f0ur, en vi\u00f0 \u00ferj\u00e1 \u00fe\u00e1 fyrstu jafna\u00f0ist hann ekki. Og Dav\u00ed\u00f0 gj\u00f6r\u00f0i hann a\u00f0 s\u00ednu leyndarr\u00e1\u00f0i. <br \/><a name=\"26\"><span class=\"versanumer\">26<\/span><\/a>Og str\u00ed\u00f0skapparnir voru: Asahel, br\u00f3\u00f0ir J\u00f3abs; Elhanan, sonur Dodos, af Betlehem;<a name=\"27\"><span class=\"versanumer\">27<\/span><\/a>Samot, Haroriti, Heles, Peloniti;<a name=\"28\"><span class=\"versanumer\">28<\/span><\/a>Ira, sonur Ikes, Teko\u00edta; Abieser, Ant\u00f3t\u00edti;<a name=\"29\"><span class=\"versanumer\">29<\/span><\/a>S\u00edbekai, Hosat\u00edti; Ilai, Ahoh\u00edti;<a name=\"30\"><span class=\"versanumer\">30<\/span><\/a>Maherai, Netofat\u00edti; Heled, sonur Baena, Netofat\u00edti.<a name=\"31\"><span class=\"versanumer\">31<\/span><\/a>Itai, sonur Ribai, fr\u00e1 G\u00edbea \u00ed Benjam\u00edns \u00e6ttkv\u00edsl; Benaja, Piraton\u00edti;<a name=\"32\"><span class=\"versanumer\">32<\/span><\/a>Hurai, fr\u00e1 Nahale-Gaas, Abiel, Arbat\u00edti;<a name=\"33\"><span class=\"versanumer\">33<\/span><\/a>Asmavet, Beherum\u00edti; El\u00edaba, Saalbon\u00edti;<a name=\"34\"><span class=\"versanumer\">34<\/span><\/a>Bene-Hasem, G\u00edson\u00edti; J\u00f3natan, sonur Sage, Harar\u00edta;<a name=\"35\"><span class=\"versanumer\">35<\/span><\/a>Ahiam, sonur Sakars, Harar\u00edtans; Elifal, sonur Urs;<a name=\"36\"><span class=\"versanumer\">36<\/span><\/a>Hefer, Mekerat\u00edti; Ahia, Pelon\u00edti;<a name=\"37\"><span class=\"versanumer\">37<\/span><\/a>Hesro, Karmel\u00edti; Naarai, sonur Esbai;<a name=\"38\"><span class=\"versanumer\">38<\/span><\/a>J\u00f3el, br\u00f3\u00f0ir Natans; M\u00edbehar, sonur Hagri;<a name=\"39\"><span class=\"versanumer\">39<\/span><\/a>Selek, Amm\u00f3n\u00edti; Naherai, Berot\u00edti, skjaldsveinn J\u00f3abs, sonar Ser\u00faju;<a name=\"40\"><span class=\"versanumer\">40<\/span><\/a>Ira, Jetr\u00edti, Gareb, Jetr\u00edti;<a name=\"41\"><span class=\"versanumer\">41<\/span><\/a>Uria, Het\u00edti; Sabad, sonur Ahelai;<a name=\"42\"><span class=\"versanumer\">42<\/span><\/a>Adina, sonur S\u00edfa, R\u00faben\u00edta, h\u00f6f\u00f0ingi R\u00faben\u00edta, og hj\u00e1 honum voru \u00ferj\u00e1t\u00edu;<a name=\"43\"><span class=\"versanumer\">43<\/span><\/a>Hanan, sonur Maeka; J\u00f3safat, Mitn\u00edti;<a name=\"44\"><span class=\"versanumer\">44<\/span><\/a>Usia, Asterat\u00edti; Sama og Jejel, synir H\u00f3tams, Ar\u00f3er\u00edta;<a name=\"45\"><span class=\"versanumer\">45<\/span><\/a>Jedjael, sonur Simri, og J\u00f3ha, hans br\u00f3\u00f0ir, Tisiti;<a name=\"46\"><span class=\"versanumer\">46<\/span><\/a>Eljel, Maheviti; Jeribai og J\u00f3savia, synir Elnaams; og Jitma, M\u00f3ab\u00edti;<a name=\"47\"><span class=\"versanumer\">47<\/span><\/a>Eljel og Obed og Jaesiel-Hamesobaia.<\/p>\n<div class=\"footnoteVidey\"><\/div>\n","protected":false},"excerpt":{"rendered":"<p>Dav\u00ed\u00f0 ver\u00f0ur k\u00f3ngur; Jer\u00fasalem unnin. Dav\u00ed\u00f0s kappar. (2 Sam. 5,1\u201310. 23,8\u201339). 1Og allur \u00cdsrael safna\u00f0ist til Dav\u00ed\u00f0s \u00ed Hebron, og \u00feeir s\u00f6g\u00f0u: v\u00e9r erum \u00fe\u00edn bein og hold.2\u00c1\u00f0ur varst \u00fe\u00fa s\u00e1, me\u00f0an S\u00e1l enn n\u00fa var k\u00f3ngur, sem leiddir \u00cdsrael \u00fat og inn; og Drottinn \u00feinn Gu\u00f0 hefir sagt vi\u00f0 \u00feig: \u00fe\u00fa skalt vakta mitt f\u00f3lk \u00cdsrael, og \u00fe\u00fa skalt vera h\u00f6f\u00f0ingi yfir m\u00ednu f\u00f3lki \u00cdsrael.3Og svo komu allir \u00feeir elstu \u00ed \u00cdsrael til k\u00f3ngsins \u00ed Hebron, og Dav\u00ed\u00f0 gj\u00f6r\u00f0i s\u00e1ttm\u00e1la vi\u00f0 \u00fe\u00e1 \u00ed Hebron fyrir Drottni; og \u00feeir smur\u00f0u Dav\u00ed\u00f0 til k\u00f3ngs yfir \u00cdsrael, eftir or\u00f0i Drottins fyrir (munn) <a href=\"https:\/\/biblian.is\/videy\/fyrri-kronikubok-12-kafli-2\/\"> [&#8230;]<\/a><\/p>\n","protected":false},"author":1,"featured_media":0,"parent":0,"menu_order":0,"comment_status":"open","ping_status":"closed","template":"bibliukaflar.php","meta":{"footnotes":""},"class_list":["post-21198","page","type-page","status-publish","hentry"],"_links":{"self":[{"href":"https:\/\/biblian.is\/videy\/wp-json\/wp\/v2\/pages\/21198","targetHints":{"allow":["GET"]}}],"collection":[{"href":"https:\/\/biblian.is\/videy\/wp-json\/wp\/v2\/pages"}],"about":[{"href":"https:\/\/biblian.is\/videy\/wp-json\/wp\/v2\/types\/page"}],"author":[{"embeddable":true,"href":"https:\/\/biblian.is\/videy\/wp-json\/wp\/v2\/users\/1"}],"replies":[{"embeddable":true,"href":"https:\/\/biblian.is\/videy\/wp-json\/wp\/v2\/comments?post=21198"}],"version-history":[{"count":0,"href":"https:\/\/biblian.is\/videy\/wp-json\/wp\/v2\/pages\/21198\/revisions"}],"wp:attachment":[{"href":"https:\/\/biblian.is\/videy\/wp-json\/wp\/v2\/media?parent=21198"}],"curies":[{"name":"wp","href":"https:\/\/api.w.org\/{rel}","templated":true}]}}