{"id":21197,"date":"2018-01-02T01:00:47","date_gmt":"2018-01-02T01:00:47","guid":{"rendered":"http:\/\/biblian.is\/videy\/fyrri-kronikubok-10-kafli\/"},"modified":"2018-01-13T21:26:39","modified_gmt":"2018-01-13T21:26:39","slug":"fyrri-kronikubok-11-kafli-2","status":"publish","type":"page","link":"https:\/\/biblian.is\/videy\/fyrri-kronikubok-11-kafli-2\/","title":{"rendered":"Fyrri kron\u00edkub\u00f3k 11. kafli"},"content":{"rendered":"<div class=\"fyrirsognVidey\">S\u00e1l og J\u00f3natan falla. (Samanber 1 Sam. 31)<\/div>\n<p><a name=\"1\"><span class=\"versanumer\">1<\/span><\/a>Og Filistear f\u00f3ru \u00ed str\u00ed\u00f0 m\u00f3ti \u00cdsrael, og \u00cdsraels menn fl\u00fd\u00f0u fyrir Filisteum, og <span class='VideyAth'>(margir)<\/span> f\u00e9llu \u00e1 Gilb\u00f3afj\u00f6llum.<a name=\"2\"><span class=\"versanumer\">2<\/span><\/a>Og Filistear s\u00f3ttu fast a\u00f0 S\u00e1l og sonum hans, og felldu J\u00f3natan og Ab\u00ednadab og Malkis\u00faa, syni S\u00e1ls.<a name=\"3\"><span class=\"versanumer\">3<\/span><\/a>Og bardaganum halla\u00f0i \u00e1 S\u00e1l, og bogmennirnir hittu hann, og hann var\u00f0 hr\u00e6ddur vi\u00f0 skotin.<a name=\"4\"><span class=\"versanumer\">4<\/span><\/a>\u00de\u00e1 m\u00e6lti S\u00e1l vi\u00f0 sinn skjaldsvein: breg\u00f0 \u00fe\u00fa \u00fe\u00ednu sver\u00f0i og legg mig \u00ed gegn me\u00f0 \u00fev\u00ed, svo \u00feessir \u00f3umskornu komi ekki, og fari h\u00e1\u00f0uglega me\u00f0 mig. En hans skjaldsvein vildi ekki, \u00fev\u00ed honum var\u00f0 bilt vi\u00f0. \u00de\u00e1 t\u00f3k S\u00e1l sver\u00f0i\u00f0 og l\u00e9t fallast \u00e1 \u00fea\u00f0,<a name=\"5\"><span class=\"versanumer\">5<\/span><\/a>og sem skjaldsveinninn s\u00e1, a\u00f0 S\u00e1l var dau\u00f0ur, l\u00e9t hann og fallast \u00e1 sver\u00f0i\u00f0 og d\u00f3.<a name=\"6\"><span class=\"versanumer\">6<\/span><\/a>\u00deannig d\u00f3 S\u00e1l og hans \u00fer\u00edr synir, og allt hans h\u00fas d\u00f3 me\u00f0.<a name=\"7\"><span class=\"versanumer\">7<\/span><\/a>Og sem allir \u00cdsraels menn \u00e1 sl\u00e9ttlendinu s\u00e1u, a\u00f0 <span class='VideyAth'>(\u00cdsraelsmenn)<\/span> fl\u00fd\u00f0u, og a\u00f0 S\u00e1l og hans synir v\u00f3ru fallnir, yfirg\u00e1fu \u00feeir s\u00edna sta\u00f0i og fl\u00fd\u00f0u; og Filistear komu og bjuggu \u00fear. <br \/><a name=\"8\"><span class=\"versanumer\">8<\/span><\/a>Daginn eftir komu Filistear a\u00f0 fletta <span class='VideyAth'>(r\u00e6na)<\/span> \u00fe\u00e1 sem falli\u00f0 h\u00f6f\u00f0u, og fundu S\u00e1l og hans \u00ferj\u00e1 syni fallna \u00e1 Gilb\u00f3afjalli.<a name=\"9\"><span class=\"versanumer\">9<\/span><\/a>Og \u00feeir flettu hann, og t\u00f3ku hans h\u00f6fu\u00f0 og hans hertygi, og sendu \u00feetta um kring \u00ed Filistealandi, til a\u00f0 f\u00e6ra t\u00ed\u00f0indi \u00feeirra go\u00f0um og \u00feeirra f\u00f3lki.<a name=\"10\"><span class=\"versanumer\">10<\/span><\/a>Og \u00feeir l\u00f6g\u00f0u hans vopn \u00ed h\u00fas \u00feeirra Gu\u00f0s, og negldu hans h\u00f6fu\u00f0skel upp \u00ed Dagons h\u00fas.<a name=\"11\"><span class=\"versanumer\">11<\/span><\/a>Og allir sem bjuggu \u00ed Jabes og G\u00edlea\u00f0 heyr\u00f0u allt \u00fea\u00f0 er Filistear h\u00f6f\u00f0u gj\u00f6rt.<a name=\"12\"><span class=\"versanumer\">12<\/span><\/a>\u00de\u00e1 t\u00f3ku sig til allir \u00f6ruggir menn, og t\u00f3ku S\u00e1ls l\u00edkama og l\u00edkami sona hans, og fluttu \u00fe\u00e1 til Jabes og j\u00f6r\u00f0u\u00f0u \u00feeirra bein undir eikinni \u00ed Jabes og f\u00f6stu\u00f0u 7 daga.<a name=\"13\"><span class=\"versanumer\">13<\/span><\/a>Og svo d\u00f3 S\u00e1l sakir sinna misgj\u00f6r\u00f0a sem hann haf\u00f0i frami\u00f0 m\u00f3t Drottni, vegna Drottins or\u00f0s, sem hann ekki hl\u00fd\u00f0na\u00f0ist, og vegna \u00feess l\u00edka, a\u00f0 hann haf\u00f0i fari\u00f0 til fr\u00e9tta vi\u00f0 galdra konuna. <br \/><a name=\"14\"><span class=\"versanumer\">14<\/span><\/a>En Drottin a\u00f0spur\u00f0i hann ekki: \u00fev\u00ed hann l\u00e9t hann deyja, og hneig\u00f0i k\u00f3ngsr\u00edki\u00f0 til Dav\u00ed\u00f0s sonar Isa\u00ed.<\/p>\n<div class=\"footnoteVidey\">V. 2. Helgid\u00f3msins \u00fej\u00f3nar: eiginlega \u00e1nau\u00f0ugir menn t. d. G\u00edbeon\u00edtarnir, sem st\u00f6rfu\u00f0u a\u00f0 \u00fev\u00ed erfi\u00f0asta og \u00f3t\u00edgulegasta vi\u00f0 \u00fej\u00f3nustugj\u00f6r\u00f0ina. J\u00f3s\u00faab. 9,25\u201327. Est. 8,20. fl.<\/div>\n","protected":false},"excerpt":{"rendered":"<p>S\u00e1l og J\u00f3natan falla. (Samanber 1 Sam. 31) 1Og Filistear f\u00f3ru \u00ed str\u00ed\u00f0 m\u00f3ti \u00cdsrael, og \u00cdsraels menn fl\u00fd\u00f0u fyrir Filisteum, og (margir) f\u00e9llu \u00e1 Gilb\u00f3afj\u00f6llum.2Og Filistear s\u00f3ttu fast a\u00f0 S\u00e1l og sonum hans, og felldu J\u00f3natan og Ab\u00ednadab og Malkis\u00faa, syni S\u00e1ls.3Og bardaganum halla\u00f0i \u00e1 S\u00e1l, og bogmennirnir hittu hann, og hann var\u00f0 hr\u00e6ddur vi\u00f0 skotin.4\u00de\u00e1 m\u00e6lti S\u00e1l vi\u00f0 sinn skjaldsvein: breg\u00f0 \u00fe\u00fa \u00fe\u00ednu sver\u00f0i og legg mig \u00ed gegn me\u00f0 \u00fev\u00ed, svo \u00feessir \u00f3umskornu komi ekki, og fari h\u00e1\u00f0uglega me\u00f0 mig. En hans skjaldsvein vildi ekki, \u00fev\u00ed honum var\u00f0 bilt vi\u00f0. \u00de\u00e1 t\u00f3k S\u00e1l sver\u00f0i\u00f0 og l\u00e9t fallast <a href=\"https:\/\/biblian.is\/videy\/fyrri-kronikubok-11-kafli-2\/\"> [&#8230;]<\/a><\/p>\n","protected":false},"author":1,"featured_media":0,"parent":0,"menu_order":0,"comment_status":"open","ping_status":"closed","template":"bibliukaflar.php","meta":{"footnotes":""},"class_list":["post-21197","page","type-page","status-publish","hentry"],"_links":{"self":[{"href":"https:\/\/biblian.is\/videy\/wp-json\/wp\/v2\/pages\/21197","targetHints":{"allow":["GET"]}}],"collection":[{"href":"https:\/\/biblian.is\/videy\/wp-json\/wp\/v2\/pages"}],"about":[{"href":"https:\/\/biblian.is\/videy\/wp-json\/wp\/v2\/types\/page"}],"author":[{"embeddable":true,"href":"https:\/\/biblian.is\/videy\/wp-json\/wp\/v2\/users\/1"}],"replies":[{"embeddable":true,"href":"https:\/\/biblian.is\/videy\/wp-json\/wp\/v2\/comments?post=21197"}],"version-history":[{"count":0,"href":"https:\/\/biblian.is\/videy\/wp-json\/wp\/v2\/pages\/21197\/revisions"}],"wp:attachment":[{"href":"https:\/\/biblian.is\/videy\/wp-json\/wp\/v2\/media?parent=21197"}],"curies":[{"name":"wp","href":"https:\/\/api.w.org\/{rel}","templated":true}]}}