{"id":21196,"date":"2018-01-02T01:00:47","date_gmt":"2018-01-02T01:00:47","guid":{"rendered":"http:\/\/biblian.is\/videy\/fyrri-kronikubok-9-kafli\/"},"modified":"2018-01-13T21:30:27","modified_gmt":"2018-01-13T21:30:27","slug":"fyrri-kronikubok-10-kafli","status":"publish","type":"page","link":"https:\/\/biblian.is\/videy\/fyrri-kronikubok-10-kafli\/","title":{"rendered":"Fyrri kron\u00edkub\u00f3k 10. kafli"},"content":{"rendered":"<div class=\"fyrirsognVidey\">\u00ddmsar \u00e6ttir, helst \u00ed Jer\u00fasalem og G\u00edbeon.<\/div>\n<p><a name=\"1\"><span class=\"versanumer\">1<\/span><\/a>En \u00cdsrael allur er eftir s\u00ednum \u00e6ttli\u00f0um uppskrifa\u00f0ur, og sj\u00e1! \u00feeir eru skrifa\u00f0ir \u00ed b\u00f3k \u00cdsraelsk\u00f3nga. Og J\u00fada var fluttur burt til Babel sakir sinna misgj\u00f6r\u00f0a.<a name=\"2\"><span class=\"versanumer\">2<\/span><\/a>Og \u00feeir fyrri innbyggjarar \u00ed \u00feeirra eign og \u00feeirra st\u00f6\u00f0um voru \u00cdsrael\u00edtar, prestarnir, Lev\u00edtarnir, og helgid\u00f3msins \u00fej\u00f3nar.<a name=\"3\"><span class=\"versanumer\">3<\/span><\/a>Og \u00ed Jer\u00fasalem bjuggu <span class='VideyAth'>(nokkrir)<\/span> af sonum J\u00fada og sonum Benjam\u00edns, og sonum Efraims og Manassis. <br \/><a name=\"4\"><span class=\"versanumer\">4<\/span><\/a>Uthai, sonur Amm\u00edhuds, sonar Omri, sonar Imri, sonar Bani, sonar Peres, sonar J\u00fada.<a name=\"5\"><span class=\"versanumer\">5<\/span><\/a>Og af S\u00edlon\u00edtum: Asaja, s\u00e1 frumgetni, og hans synir.<a name=\"6\"><span class=\"versanumer\">6<\/span><\/a>Og af sonum Sera: Jeguel og hans br\u00e6\u00f0ur, 6 hundru\u00f0 og n\u00edut\u00edu. <br \/><a name=\"7\"><span class=\"versanumer\">7<\/span><\/a>Og af sonum Benjam\u00edns: Sallu, sonur Mesullams, sonar Hodavia, sonar Has\u00fana;<a name=\"8\"><span class=\"versanumer\">8<\/span><\/a>og Jibneja, sonur Jer\u00f3hams, og Ela, sonur Usi, sonar Mikri, og Mesullam, sonur Sefatia, sonar Reg\u00faels, sonar Jibneja;<a name=\"9\"><span class=\"versanumer\">9<\/span><\/a>Og \u00feeirra br\u00e6\u00f0ur, eftir \u00feeirra \u00e6ttli\u00f0um, 9 hundru\u00f0 og 6 og 50. Allir \u00feessir menn voru \u00e6ttfe\u00f0ur sinna \u00e6ttli\u00f0a. <br \/><a name=\"10\"><span class=\"versanumer\">10<\/span><\/a>Og af prestunum: Jedaja og Jojarib og Jakin,<a name=\"11\"><span class=\"versanumer\">11<\/span><\/a>og Asar\u00eda, sonur Hilkia, sonar Mesullams, sonar Sadoks, sonar Merajots, sonar Ahitubs, forst\u00f6\u00f0uma\u00f0ur Gu\u00f0s h\u00fass.<a name=\"12\"><span class=\"versanumer\">12<\/span><\/a>Og Adaja, sonur Jerohams, sonar Pash\u00fars, sonar Malkia; og Maisai, sonur Adiels, sonar Jasera, sonar Mesullams, sonar Mesillemits, sonar Immers;<a name=\"13\"><span class=\"versanumer\">13<\/span><\/a>Og \u00feeirra br\u00e6\u00f0ur, h\u00f6f\u00f0ingjar sinna \u00e6tta, <span class='VideyAth'>(voru)<\/span> \u00fe\u00fasund, 7 hundru\u00f0 og 60, duglegir menn \u00ed st\u00f6rfum \u00fej\u00f3nustunnar \u00ed Gu\u00f0s h\u00fasi. <br \/><a name=\"14\"><span class=\"versanumer\">14<\/span><\/a>Og af Lev\u00edtunum: Semaja, sonur Hasubs, sonar Asrikams, sonar Hasabia, af sonum Merari;<a name=\"15\"><span class=\"versanumer\">15<\/span><\/a>og Bakbakar, Heres og Galal og Mathania, sonur Mika, sonar Sikri, sonar Asafs;<a name=\"16\"><span class=\"versanumer\">16<\/span><\/a>og \u00d3badia sonur Semaja, sonar Galals, sonar Jedutuns; og Berekja, sonur Assa, sonar Elkana, sem \u00fe\u00e1 bj\u00f3 \u00ed \u00feorpum Netofat\u00edta.<a name=\"17\"><span class=\"versanumer\">17<\/span><\/a>Og dyraver\u00f0irnir: Sallum og Akub og Talmon og Ahiman og \u00feeirra br\u00e6\u00f0ur; Sallum var fyrir \u00feeim.<a name=\"18\"><span class=\"versanumer\">18<\/span><\/a>Og til \u00feessa t\u00edma eru \u00feeir \u00ed k\u00f3ngsins porti m\u00f3t austri, \u00feeir, dyraver\u00f0ir Lev\u00ed sona herb\u00fa\u00f0a;<a name=\"19\"><span class=\"versanumer\">19<\/span><\/a>og Sallum, sonur K\u00f3re, sonar Ebiasafs, sonar K\u00f3ra, og hans br\u00e6\u00f0ur, af h\u00fasi f\u00f6\u00f0urs hans, Kor\u00edtarnir, \u00feeir voru yfir st\u00f6rfum \u00fej\u00f3nustunnar, v\u00f6ktu\u00f0u dyr tjaldsins, og \u00feeirra fe\u00f0ur voru, \u00ed Drottins herb\u00fa\u00f0um, ver\u00f0ir inngangsins.<a name=\"20\"><span class=\"versanumer\">20<\/span><\/a>Og Pinas, sonur Eleasars, var for\u00f0um h\u00f6f\u00f0ingi yfir \u00feeim <span class='VideyAth'>(Drottinn var me\u00f0 honum)<\/span>.<a name=\"21\"><span class=\"versanumer\">21<\/span><\/a>Sekaria, sonur Meselemia, var dyrav\u00f6r\u00f0ur samkundutjaldsins.<a name=\"22\"><span class=\"versanumer\">22<\/span><\/a>\u00deeir allir, \u00fatvaldir fyrir dyraver\u00f0i vi\u00f0 \u00ferepskj\u00f6ldinn, voru 212. \u00deeir voru uppskrifa\u00f0ir eftir \u00feeirra \u00feorpum; Dav\u00ed\u00f0 og Sam\u00fael, Sj\u00e1andinn, h\u00f6f\u00f0u sett \u00fe\u00e1 sakir \u00feeirra tr\u00famennsku.<a name=\"23\"><span class=\"versanumer\">23<\/span><\/a>\u00deeir og \u00feeirra synir voru vi\u00f0 dyrnar \u00e1 Drottins h\u00fasi, \u00e1 tjaldb\u00fa\u00f0arh\u00fasinu til var\u00f0halds.<a name=\"24\"><span class=\"versanumer\">24<\/span><\/a>Eftir \u00feeim fj\u00f3rum \u00e1ttum st\u00f3\u00f0u dyraver\u00f0irnir, austan til, vestan til, nor\u00f0an og sunnan til.<a name=\"25\"><span class=\"versanumer\">25<\/span><\/a>Og \u00feeirra br\u00e6\u00f0ur voru \u00ed \u00feeirra \u00feorpum, til a\u00f0 koma hinn sj\u00f6unda dag, hva\u00f0 eftir anna\u00f0, me\u00f0 \u00feeim.<a name=\"26\"><span class=\"versanumer\">26<\/span><\/a>\u00cd emb\u00e6ttistr\u00famennsku st\u00f3\u00f0u \u00feeir, fj\u00f3rir yfirmenn dyraver\u00f0anna, sj\u00e1lfir Lev\u00edtar, og \u00feeir voru yfir st\u00fakunum, og yfir fj\u00e1rsj\u00f3\u00f0um Gu\u00f0s h\u00fass.<a name=\"27\"><span class=\"versanumer\">27<\/span><\/a>Og alla n\u00f3ttina voru \u00feeir \u00ed kringum Gu\u00f0s h\u00fas, \u00fev\u00ed \u00feeirra skylda var, a\u00f0 vaka, og \u00feeim var \u00e6tla\u00f0 a\u00f0 lj\u00faka upp <span class='VideyAth'>(musterinu)<\/span> \u00e1 hv\u00f6rjum morgni.<a name=\"28\"><span class=\"versanumer\">28<\/span><\/a>Og nokkrir af \u00feeim v\u00f3ru umsj\u00f3narmenn \u00fej\u00f3nustugj\u00f6r\u00f0arinnar \u00e1halda; \u00fev\u00ed me\u00f0 t\u00f6lu b\u00e1ru \u00feeir \u00feau inn, og me\u00f0 t\u00f6lu b\u00e1ru \u00feeir \u00feau \u00fat.<a name=\"29\"><span class=\"versanumer\">29<\/span><\/a>Og sumir af \u00feeim voru settir yfir verkf\u00e6rin, yfir \u00f6ll heil\u00f6g verkf\u00e6ri, og yfir hveitim\u00e9li\u00f0 og v\u00edni\u00f0 og vi\u00f0smj\u00f6ri\u00f0 og reykelsi\u00f0 og ilmjurtirnar.<a name=\"30\"><span class=\"versanumer\">30<\/span><\/a>Og a\u00f0rir af sonum prestanna tilreiddu smurningar vi\u00f0smj\u00f6ri\u00f0 og ilmjurtirnar.<a name=\"31\"><span class=\"versanumer\">31<\/span><\/a>Og Matit\u00eda, einum af Lev\u00edtunum, sem var frumgetningur Sallums, Kahat\u00edtans, var tr\u00faa\u00f0 fyrir b\u00f6kuninni \u00ed p\u00f6nnum.<a name=\"32\"><span class=\"versanumer\">32<\/span><\/a>Og nokkrir af Kahat\u00edtunum, \u00feeirra br\u00e6\u00f0rum, voru settir yfir sko\u00f0unarbrau\u00f0in, a\u00f0 \u00feeir tilreiddu \u00feau, hv\u00edldardag eftir hv\u00edldardag.<a name=\"33\"><span class=\"versanumer\">33<\/span><\/a>Og \u00feessir s\u00f6ngvarar, \u00e6ttfe\u00f0ur Lev\u00edtanna, voru fr\u00edir vi\u00f0 \u00fej\u00f3nustu \u00ed st\u00fakunum, \u00fev\u00ed dag og n\u00f3tt hafa \u00feeir st\u00f6rf.<a name=\"34\"><span class=\"versanumer\">34<\/span><\/a>\u00deessir \u00e6ttfe\u00f0ur Lev\u00edtanna eru, eftir \u00feeirra \u00e6ttli\u00f0um, h\u00f6fu\u00f0smenn; \u00feeir b\u00faa \u00ed Jer\u00fasalem. <br \/><a name=\"35\"><span class=\"versanumer\">35<\/span><\/a>Og \u00ed G\u00edbeon bj\u00f3 fa\u00f0ir G\u00edbeons, Jegiel, kona hans h\u00e9t Maaka,<a name=\"36\"><span class=\"versanumer\">36<\/span><\/a>og hans sonur, s\u00e1 frumgetni, Abdon, og hinir, S\u00far og Kis og Baal og Ner og Nadab,<a name=\"37\"><span class=\"versanumer\">37<\/span><\/a>Og Gedor og Ahio og Sakar\u00eda og Miklot.<a name=\"38\"><span class=\"versanumer\">38<\/span><\/a>Og Miklot gat S\u00edmeam, og \u00feessir bjuggu l\u00edka gagnvart s\u00ednum br\u00e6\u00f0rum \u00ed Jer\u00fasalem, hj\u00e1 s\u00ednum br\u00e6\u00f0rum.<a name=\"39\"><span class=\"versanumer\">39<\/span><\/a>Og Ner gat Kis og Kis gat S\u00e1l og S\u00e1l gat J\u00f3natan og Malkis\u00faa og Ab\u00ednadab og Esbaal.<a name=\"40\"><span class=\"versanumer\">40<\/span><\/a>Og sonur J\u00f3natans var Meribbaal, og Meribaal gat Mika.<a name=\"41\"><span class=\"versanumer\">41<\/span><\/a>Og synir Mika: Piton og Taherea.<a name=\"42\"><span class=\"versanumer\">42<\/span><\/a>Og Ahas gat Jaera, og Jaera gat Alemet og Asmavet og Simri, og Simri gat Mosa,<a name=\"43\"><span class=\"versanumer\">43<\/span><\/a>og Mosa gat Binea, og hans son var Nefaja, hans son Elasa, hans son Afel.<a name=\"44\"><span class=\"versanumer\">44<\/span><\/a>Og Afel \u00e1tti 6 sonu, sem h\u00e9tu: Asr\u00edkam, Bokru og Jismael og Sear\u00eda og \u00d3bad\u00eda og Hanan. \u00dea\u00f0 eru synir Afels.<\/p>\n<div class=\"footnoteVidey\">V. 1. 46,21. N\u00fam. 26,38. fl.<\/div>\n","protected":false},"excerpt":{"rendered":"<p>\u00ddmsar \u00e6ttir, helst \u00ed Jer\u00fasalem og G\u00edbeon. 1En \u00cdsrael allur er eftir s\u00ednum \u00e6ttli\u00f0um uppskrifa\u00f0ur, og sj\u00e1! \u00feeir eru skrifa\u00f0ir \u00ed b\u00f3k \u00cdsraelsk\u00f3nga. Og J\u00fada var fluttur burt til Babel sakir sinna misgj\u00f6r\u00f0a.2Og \u00feeir fyrri innbyggjarar \u00ed \u00feeirra eign og \u00feeirra st\u00f6\u00f0um voru \u00cdsrael\u00edtar, prestarnir, Lev\u00edtarnir, og helgid\u00f3msins \u00fej\u00f3nar.3Og \u00ed Jer\u00fasalem bjuggu (nokkrir) af sonum J\u00fada og sonum Benjam\u00edns, og sonum Efraims og Manassis. 4Uthai, sonur Amm\u00edhuds, sonar Omri, sonar Imri, sonar Bani, sonar Peres, sonar J\u00fada.5Og af S\u00edlon\u00edtum: Asaja, s\u00e1 frumgetni, og hans synir.6Og af sonum Sera: Jeguel og hans br\u00e6\u00f0ur, 6 hundru\u00f0 og n\u00edut\u00edu. 7Og af sonum Benjam\u00edns: <a href=\"https:\/\/biblian.is\/videy\/fyrri-kronikubok-10-kafli\/\"> [&#8230;]<\/a><\/p>\n","protected":false},"author":1,"featured_media":0,"parent":0,"menu_order":0,"comment_status":"open","ping_status":"closed","template":"bibliukaflar.php","meta":{"footnotes":""},"class_list":["post-21196","page","type-page","status-publish","hentry"],"_links":{"self":[{"href":"https:\/\/biblian.is\/videy\/wp-json\/wp\/v2\/pages\/21196","targetHints":{"allow":["GET"]}}],"collection":[{"href":"https:\/\/biblian.is\/videy\/wp-json\/wp\/v2\/pages"}],"about":[{"href":"https:\/\/biblian.is\/videy\/wp-json\/wp\/v2\/types\/page"}],"author":[{"embeddable":true,"href":"https:\/\/biblian.is\/videy\/wp-json\/wp\/v2\/users\/1"}],"replies":[{"embeddable":true,"href":"https:\/\/biblian.is\/videy\/wp-json\/wp\/v2\/comments?post=21196"}],"version-history":[{"count":0,"href":"https:\/\/biblian.is\/videy\/wp-json\/wp\/v2\/pages\/21196\/revisions"}],"wp:attachment":[{"href":"https:\/\/biblian.is\/videy\/wp-json\/wp\/v2\/media?parent=21196"}],"curies":[{"name":"wp","href":"https:\/\/api.w.org\/{rel}","templated":true}]}}