{"id":21195,"date":"2018-01-02T01:00:47","date_gmt":"2018-01-02T01:00:47","guid":{"rendered":"http:\/\/biblian.is\/videy\/fyrri-kronikubok-8-kafli\/"},"modified":"2018-01-13T21:30:40","modified_gmt":"2018-01-13T21:30:40","slug":"fyrri-kronikubok-9-kafli","status":"publish","type":"page","link":"https:\/\/biblian.is\/videy\/fyrri-kronikubok-9-kafli\/","title":{"rendered":"Fyrri kron\u00edkub\u00f3k 9. kafli"},"content":{"rendered":"<div class=\"fyrirsognVidey\">\u00c6tt Benjam\u00edns og S\u00e1ls.<\/div>\n<p><a name=\"1\"><span class=\"versanumer\">1<\/span><\/a>Og Benjam\u00edn gat Bela, sinn frumgetning, Asbel, annan, og Ara, \u00feann \u00feri\u00f0ja,<a name=\"2\"><span class=\"versanumer\">2<\/span><\/a>N\u00f3a, \u00feann fj\u00f3r\u00f0a og Nafa \u00feann fimmta.<a name=\"3\"><span class=\"versanumer\">3<\/span><\/a>Og Bela \u00e1tti syni: Addar og Gera og Ab\u00edhud,<a name=\"4\"><span class=\"versanumer\">4<\/span><\/a>og Ab\u00eds\u00faa og Naaman og Ah\u00f3a,<a name=\"5\"><span class=\"versanumer\">5<\/span><\/a>og Gera og Sefufan og Haram.<a name=\"6\"><span class=\"versanumer\">6<\/span><\/a>Og \u00feessir eru synir Eh\u00fa\u00f0s. \u00deessir voru \u00e6ttfe\u00f0ur innbyggjaranna \u00ed Geba, og \u00feeir f\u00e6r\u00f0u \u00fe\u00e1 burt til Manahat.<a name=\"7\"><span class=\"versanumer\">7<\/span><\/a>Nefnilega Naaman og Ah\u00f3a og Gera, hinn sami flutti \u00fe\u00e1 burt og gat Usa og Ahihud.<a name=\"8\"><span class=\"versanumer\">8<\/span><\/a>Og Saharaim afla\u00f0i sona \u00ed landinu M\u00f3ab, eftir a\u00f0 hann haf\u00f0i l\u00e1ti\u00f0 \u00fe\u00e1 fr\u00e1 s\u00e9r, me\u00f0 konum s\u00ednum, H\u00fasim og Baera;<a name=\"9\"><span class=\"versanumer\">9<\/span><\/a>og me\u00f0 konu sinni Hodes \u00e1tti hann, J\u00f3bab og Siba og Mesa og Malkam,<a name=\"10\"><span class=\"versanumer\">10<\/span><\/a>og Jeus og Sokia og Hirma. \u00deetta eru hans synir, \u00e6ttfe\u00f0ur.<a name=\"11\"><span class=\"versanumer\">11<\/span><\/a>Og me\u00f0 H\u00fasim \u00e1tti hann, Abitub og Elpaal.<a name=\"12\"><span class=\"versanumer\">12<\/span><\/a>Og synir Elpaals: Eber og Miseam og Semer; s\u00e1 hinn sami bygg\u00f0i <span class='VideyAth'>(sta\u00f0ina)<\/span> Ono og Lod og \u00feeirra d\u00e6tur.<a name=\"13\"><span class=\"versanumer\">13<\/span><\/a>Og Br\u00eda og Sema eru \u00e6ttfe\u00f0ur innbyggjaranna \u00ed Ajalon, \u00feeir r\u00e1ku burt innbyggjarana \u00ed Gat.<a name=\"14\"><span class=\"versanumer\">14<\/span><\/a>Og Ahio, Sasak og Jeremot,<a name=\"15\"><span class=\"versanumer\">15<\/span><\/a>og Sebadia og Arad og Eder,<a name=\"16\"><span class=\"versanumer\">16<\/span><\/a>og Mikael og Jispa og J\u00f3a, eru Br\u00eda synir.<a name=\"17\"><span class=\"versanumer\">17<\/span><\/a>Og Sebadia og Mesullam og Hiski og Heber,<a name=\"18\"><span class=\"versanumer\">18<\/span><\/a>og Jismerai og Jiflia og J\u00f3bab, eru synir Elpaals,<a name=\"19\"><span class=\"versanumer\">19<\/span><\/a>og Jakim og Sikri og Sabdi,<a name=\"20\"><span class=\"versanumer\">20<\/span><\/a>og Elienai og Siltai og Eliet,<a name=\"21\"><span class=\"versanumer\">21<\/span><\/a>og Adaja og Beraia og Simrat eru synir S\u00edmei.<a name=\"22\"><span class=\"versanumer\">22<\/span><\/a>Ispan og Eber og El\u00edel,<a name=\"23\"><span class=\"versanumer\">23<\/span><\/a>og Abdon og Sikri og Hanan,<a name=\"24\"><span class=\"versanumer\">24<\/span><\/a>og Hanania og Elam og Antotia,<a name=\"25\"><span class=\"versanumer\">25<\/span><\/a>og Jifdeia og Pnuel, eru synir Sasaks.<a name=\"26\"><span class=\"versanumer\">26<\/span><\/a>Og Samserai og Seharia og Atalia,<a name=\"27\"><span class=\"versanumer\">27<\/span><\/a>og Jaeresia og Elia og Sikri eru synir Jer\u00f3hams.<a name=\"28\"><span class=\"versanumer\">28<\/span><\/a>\u00deessir eru \u00e6ttfe\u00f0ur \u00ed \u00feeirra kyn\u00fe\u00e1ttum, h\u00f6f\u00f0ingjar: \u00feessir bjuggu \u00ed Jer\u00fasalem.<a name=\"29\"><span class=\"versanumer\">29<\/span><\/a>Og \u00ed G\u00edbeon bj\u00f3 fa\u00f0ir G\u00edbeons, og kona hans h\u00e9t Maaka.<a name=\"30\"><span class=\"versanumer\">30<\/span><\/a>Hans frumgetni son var Abdon, og <span class='VideyAth'>(hinir a\u00f0rir)<\/span> S\u00far, Kis og Baal og Nadab,<a name=\"31\"><span class=\"versanumer\">31<\/span><\/a>og Gedor og Ah\u00edo og Seker.<a name=\"32\"><span class=\"versanumer\">32<\/span><\/a>Og Miklot gat Simea og \u00feeir bjuggu gegnt br\u00e6\u00f0rum s\u00ednum \u00ed Jer\u00fasalem, hj\u00e1 s\u00ednum br\u00e6\u00f0rum. <br \/><a name=\"33\"><span class=\"versanumer\">33<\/span><\/a>Og Ner gat Kis, og Kis gat S\u00e1l, og S\u00e1l gat J\u00f3natan og Malki-S\u00faa og Abinadab og Esbaal.<a name=\"34\"><span class=\"versanumer\">34<\/span><\/a>Og sonur J\u00f3natans var Meribbaal, og Meribbaal gat Mika.<a name=\"35\"><span class=\"versanumer\">35<\/span><\/a>Og Mika synir eru: Piton og Melek og Taera og Ahas.<a name=\"36\"><span class=\"versanumer\">36<\/span><\/a>Og Ahas gat J\u00f3adda, og J\u00f3adda gat Alemet og Almaret og Simri, og Simri gat Mosa,<a name=\"37\"><span class=\"versanumer\">37<\/span><\/a>og Mosa gat Binea, og hans son var Rafa, hans son Eleasa, hans son Asel.<a name=\"38\"><span class=\"versanumer\">38<\/span><\/a>Og Asel \u00e1tti 6 syni, og \u00feetta eru \u00feeirra n\u00f6fn: Asr\u00edkam, Bokru og Jismael og Searia og \u00d3bad\u00eda og Hanan. Allir \u00feessir eru synir Asels.<a name=\"39\"><span class=\"versanumer\">39<\/span><\/a>Og synir br\u00f3\u00f0ur hans Eseks: Ulam, hans frumgetningur, Jeus, annar, og El\u00edfelet s\u00e1 \u00feri\u00f0ji.<a name=\"40\"><span class=\"versanumer\">40<\/span><\/a>Og synir Ulams voru r\u00f6skir menn, bogmenn, og \u00e1ttu marga syni og sona syni, hundra\u00f0 og fimmtygi. Allir \u00feessir eru af sonum Benjam\u00edns.<\/p>\n<div class=\"footnoteVidey\">V. 1. Gen. 46,13.  V. 6. Gen. 46,21. 1 Kron. 8,1.  V. 13. Gen. 46,24.  V. 14. N\u00fam. 26,29.31.  V. 20. N\u00fam. 26,35.  V. 23. \u00dev\u00ed \u00f3l\u00e1n haf\u00f0i etc: a\u00f0rir: \u00fev\u00ed \u00ed raunum haf\u00f0i h\u00fan veri\u00f0 \u00ed hans h\u00fasi.  V. 30. Gen. 46,17.<\/div>\n","protected":false},"excerpt":{"rendered":"<p>\u00c6tt Benjam\u00edns og S\u00e1ls. 1Og Benjam\u00edn gat Bela, sinn frumgetning, Asbel, annan, og Ara, \u00feann \u00feri\u00f0ja,2N\u00f3a, \u00feann fj\u00f3r\u00f0a og Nafa \u00feann fimmta.3Og Bela \u00e1tti syni: Addar og Gera og Ab\u00edhud,4og Ab\u00eds\u00faa og Naaman og Ah\u00f3a,5og Gera og Sefufan og Haram.6Og \u00feessir eru synir Eh\u00fa\u00f0s. \u00deessir voru \u00e6ttfe\u00f0ur innbyggjaranna \u00ed Geba, og \u00feeir f\u00e6r\u00f0u \u00fe\u00e1 burt til Manahat.7Nefnilega Naaman og Ah\u00f3a og Gera, hinn sami flutti \u00fe\u00e1 burt og gat Usa og Ahihud.8Og Saharaim afla\u00f0i sona \u00ed landinu M\u00f3ab, eftir a\u00f0 hann haf\u00f0i l\u00e1ti\u00f0 \u00fe\u00e1 fr\u00e1 s\u00e9r, me\u00f0 konum s\u00ednum, H\u00fasim og Baera;9og me\u00f0 konu sinni Hodes \u00e1tti hann, J\u00f3bab og <a href=\"https:\/\/biblian.is\/videy\/fyrri-kronikubok-9-kafli\/\"> [&#8230;]<\/a><\/p>\n","protected":false},"author":1,"featured_media":0,"parent":0,"menu_order":0,"comment_status":"open","ping_status":"closed","template":"bibliukaflar.php","meta":{"footnotes":""},"class_list":["post-21195","page","type-page","status-publish","hentry"],"_links":{"self":[{"href":"https:\/\/biblian.is\/videy\/wp-json\/wp\/v2\/pages\/21195","targetHints":{"allow":["GET"]}}],"collection":[{"href":"https:\/\/biblian.is\/videy\/wp-json\/wp\/v2\/pages"}],"about":[{"href":"https:\/\/biblian.is\/videy\/wp-json\/wp\/v2\/types\/page"}],"author":[{"embeddable":true,"href":"https:\/\/biblian.is\/videy\/wp-json\/wp\/v2\/users\/1"}],"replies":[{"embeddable":true,"href":"https:\/\/biblian.is\/videy\/wp-json\/wp\/v2\/comments?post=21195"}],"version-history":[{"count":0,"href":"https:\/\/biblian.is\/videy\/wp-json\/wp\/v2\/pages\/21195\/revisions"}],"wp:attachment":[{"href":"https:\/\/biblian.is\/videy\/wp-json\/wp\/v2\/media?parent=21195"}],"curies":[{"name":"wp","href":"https:\/\/api.w.org\/{rel}","templated":true}]}}