{"id":21194,"date":"2018-01-02T01:00:47","date_gmt":"2018-01-02T01:00:47","guid":{"rendered":"http:\/\/biblian.is\/videy\/fyrri-kronikubok-7-kafli\/"},"modified":"2018-01-13T21:30:50","modified_gmt":"2018-01-13T21:30:50","slug":"fyrri-kronikubok-8-kafli","status":"publish","type":"page","link":"https:\/\/biblian.is\/videy\/fyrri-kronikubok-8-kafli\/","title":{"rendered":"Fyrri kron\u00edkub\u00f3k 8. kafli"},"content":{"rendered":"<div class=\"fyrirsognVidey\">Ni\u00f0jar \u00cdsaskars, Benjam\u00edns, Naftal\u00ed, Manassis, Efraims og Asers.<\/div>\n<p><a name=\"1\"><span class=\"versanumer\">1<\/span><\/a>Synir \u00cdsaskars voru: Tola og Pua, Jasub og Simron, fj\u00f3rir.<a name=\"2\"><span class=\"versanumer\">2<\/span><\/a>Og synir T\u00f3la: Usi og Refaia og Jeriel og Jahemai og Jibsam og Sam\u00fael, h\u00f6f\u00f0ingjar sinna \u00e6tta af Tola, r\u00f6skir menn, \u00ed s\u00ednum \u00e6ttum; \u00feeirra tal \u00e1 Dav\u00ed\u00f0s d\u00f6gum var: 22 \u00fe\u00fasund og 6 hundru\u00f0.<a name=\"3\"><span class=\"versanumer\">3<\/span><\/a>Og Usi synir: Jesraja, og Jesraja synir: Mikael og \u00d3badia og Joel, Iss\u00eda, fimm, \u00feeir <span class='VideyAth'>(voru)<\/span> allir h\u00f6fu\u00f0smenn.<a name=\"4\"><span class=\"versanumer\">4<\/span><\/a>Og hj\u00e1 \u00feeim voru eftir \u00feeirra \u00e6ttum, eftir \u00feeirra fe\u00f0ra h\u00fasum, herskarar til str\u00ed\u00f0s, 36 \u00fe\u00fasund, \u00fev\u00ed \u00feeir h\u00f6f\u00f0u margar kvinnur og b\u00f6rn.<a name=\"5\"><span class=\"versanumer\">5<\/span><\/a>Og \u00feeirra br\u00e6\u00f0ur, af allri \u00cdsaskars \u00e6ttkv\u00edsl, r\u00f6skir menn, voru 87 \u00fe\u00fasund, allir taldir. <br \/><a name=\"6\"><span class=\"versanumer\">6<\/span><\/a><span class='VideyAth'>(Synir)<\/span> Benjam\u00edns eru: Bela og Beker og Jedjael, \u00fer\u00edr;<a name=\"7\"><span class=\"versanumer\">7<\/span><\/a>og Bela synir: Esbon og Usi og Usiel og Jerimot og Jeri, fimm, h\u00f6fu\u00f0smenn sinna \u00e6tta, r\u00f6skir menn, og \u00feeirra \u00e6ttartala 22 \u00fe\u00fasund og 34.<a name=\"8\"><span class=\"versanumer\">8<\/span><\/a>Og synir Bekers. Semira og J\u00f3as og El\u00edeser og El\u00edoenai og Omri og Jeremot og Abia og Anatot og Alamet; allir \u00feessir voru synir Bekers,<a name=\"9\"><span class=\"versanumer\">9<\/span><\/a>og \u00feeirra registur, eftir \u00feeirra \u00e6ttum, h\u00f6fu\u00f0smenn \u00e6ttli\u00f0anna, r\u00f6skir menn, 20 \u00fe\u00fasund og 2 hundru\u00f0.<a name=\"10\"><span class=\"versanumer\">10<\/span><\/a>Og synir Jedjaels: B\u00edlhan. Og synir B\u00edlhans: Jeus og Benjam\u00edn og Ehud og Knaana og Setan og Tarsis og Ahisahar.<a name=\"11\"><span class=\"versanumer\">11<\/span><\/a>Allir \u00feessir voru synir Jedjaels eftir s\u00ednum \u00e6ttfe\u00f0rum, r\u00f6skir menn, 17 \u00fe\u00fasund og 2 hundru\u00f0, sem \u00fatf\u00f3ru me\u00f0 hernum \u00ed str\u00ed\u00f0.<a name=\"12\"><span class=\"versanumer\">12<\/span><\/a>Og S\u00fapim og H\u00fapim, synir Irs, H\u00fasim synir Ahers.<a name=\"13\"><span class=\"versanumer\">13<\/span><\/a>Synir Naftal\u00ed: Jasiel og G\u00fam og Jeser og Sallum, synir B\u00edlhas. <br \/><a name=\"14\"><span class=\"versanumer\">14<\/span><\/a>Synir Manassis: Esr\u00edel, hv\u00f6rn e\u00f0 f\u00e6ddi\u2014hans s\u00fdrlenska fri\u00f0la f\u00e6ddi Makir, f\u00f6\u00f0ur G\u00edlea\u00f0s.<a name=\"15\"><span class=\"versanumer\">15<\/span><\/a>Og Mak\u00edr t\u00f3k konu af H\u00fapim og S\u00fapim, og systir hans h\u00e9t Maaka, og nafn hins annars <span class='VideyAth'>(sonar)<\/span> var Selafehad, og Selafehad \u00e1tti d\u00e6tur.<a name=\"16\"><span class=\"versanumer\">16<\/span><\/a>Og Maaka kona Mak\u00edrs, f\u00e6ddi son, og nefndi hann Peres, og br\u00f3\u00f0ir hans h\u00e9t Seres, og hans synir Ulam og Bekem.<a name=\"17\"><span class=\"versanumer\">17<\/span><\/a>Og synir Ulams: Bedan. \u00dea\u00f0 eru synir G\u00edlea\u00f0s, sonar Mak\u00edrs, sonar Manassis.<a name=\"18\"><span class=\"versanumer\">18<\/span><\/a>Og hans systir Hamelek f\u00e6ddi Ishod og Ab\u00edeser og Mahela.<a name=\"19\"><span class=\"versanumer\">19<\/span><\/a>Og Semida synir voru: Aheam og Sikem og Likhi og Anjam. <br \/><a name=\"20\"><span class=\"versanumer\">20<\/span><\/a>Synir Efraims eru: Suthela og hans son Bered, og hans son Tahat, og hans son Elada og hans son Tahat,<a name=\"21\"><span class=\"versanumer\">21<\/span><\/a>og hans son Sabad, og hans son S\u00fathela og Eser og Elead. Og mennirnir fr\u00e1 Gat myrtu \u00fe\u00e1, \u00feeir innf\u00e6ddu \u00ed landinu, \u00fev\u00ed \u00feeir voru farnir til a\u00f0 taka \u00feeirra hjar\u00f0ir,<a name=\"22\"><span class=\"versanumer\">22<\/span><\/a>og Efraim \u00feeirra fa\u00f0ir syrg\u00f0i \u00fea\u00f0 lengi, og br\u00e6\u00f0ur hans komu a\u00f0 hugga hann.<a name=\"23\"><span class=\"versanumer\">23<\/span><\/a>Og hann kenndi sinnar konu, og h\u00fan var\u00f0 \u00f3l\u00e9tt og f\u00e6ddi son, og hann nefndi hann Br\u00eda, \u00fev\u00ed \u00f3l\u00e1n haf\u00f0i hitt hans h\u00fas.<a name=\"24\"><span class=\"versanumer\">24<\/span><\/a>Og hans d\u00f3ttir Seera, og h\u00fan bygg\u00f0i Beth\u00f3ron, \u00fea\u00f0 ne\u00f0ra og efra, og Usin-Seera.<a name=\"25\"><span class=\"versanumer\">25<\/span><\/a>Og Refa var hans <span class='VideyAth'>(Br\u00edu)<\/span> son, og hans son Resef og Tela og hans son Tahan,<a name=\"26\"><span class=\"versanumer\">26<\/span><\/a>hans son Laedan, hans son Amm\u00edhud, hans son Elisama,<a name=\"27\"><span class=\"versanumer\">27<\/span><\/a>hans son N\u00fan, hans son J\u00f3s\u00faa,<a name=\"28\"><span class=\"versanumer\">28<\/span><\/a>og \u00feeirra eign og \u00feeirra b\u00fasta\u00f0ur var Betel og hennar d\u00e6tur og Naaran fyrir austan, og Geser fyrir vestan og hennar d\u00e6tur, og Sikem og hennar d\u00e6tur, allt til Gasa og hennar d\u00e6tra,<a name=\"29\"><span class=\"versanumer\">29<\/span><\/a>og \u00e1 hli\u00f0 vi\u00f0 Manassis syni Betsean og hennar d\u00e6tur, Taenak og hennar d\u00e6tur, Megiddo og hennar d\u00e6tur, Dor og hennar d\u00e6tur. \u00dear bjuggu synir J\u00f3seps, sonar \u00cdsraels. <br \/><a name=\"30\"><span class=\"versanumer\">30<\/span><\/a>Synir Asers eru: Jimna og Jisva og Jisvi og Bria og Sera, \u00feeirra systir.<a name=\"31\"><span class=\"versanumer\">31<\/span><\/a>Og Br\u00eda synir: Heber og Malkiel, hann er fa\u00f0ir Birsavits.<a name=\"32\"><span class=\"versanumer\">32<\/span><\/a>Og Heber gat Jaflet og Somer, og H\u00f3tam og Sua, \u00feeirra systir.<a name=\"33\"><span class=\"versanumer\">33<\/span><\/a>Og synir Jaflets: Pasak og B\u00edmehal og Asvat. \u00dea\u00f0 eru Jaflets synir.<a name=\"34\"><span class=\"versanumer\">34<\/span><\/a>Og synir Semers: Ah\u00ed og Raga og Huba og Aram.<a name=\"35\"><span class=\"versanumer\">35<\/span><\/a>Og synir Helems <span class='VideyAth'>(H\u00f3tams)<\/span> hans br\u00f3\u00f0urs: S\u00f3fa og Jimna og Seles og Amal.<a name=\"36\"><span class=\"versanumer\">36<\/span><\/a>Synir S\u00f3fa: Sua og Harnefer og Sual og Beri og Jimra,<a name=\"37\"><span class=\"versanumer\">37<\/span><\/a>og Beser og Hod og Sama og Silfa og Jetran og Beera.<a name=\"38\"><span class=\"versanumer\">38<\/span><\/a>Og synir Jeters: Jefunne og Fispa og Ara.<a name=\"39\"><span class=\"versanumer\">39<\/span><\/a>Og synir Ulla: Ara og Haniel og Risia.<a name=\"40\"><span class=\"versanumer\">40<\/span><\/a>Allir \u00feessir voru synir Asers, h\u00f6fu\u00f0smenn \u00e6ttanna, \u00fatvaldir, r\u00f6skir menn, h\u00f6f\u00f0ingjar furstanna. Og \u00feeir voru taldir til hersins, til str\u00ed\u00f0s, \u00feeirra tala, var 26 \u00fe\u00fasund manns.<\/p>\n<div class=\"footnoteVidey\">V. 1. Ex. 6,16.  V. 16. Gen. 46,11.  V. 67. fl. Sbr. J\u00f3s. 21,21. fl.<\/div>\n","protected":false},"excerpt":{"rendered":"<p>Ni\u00f0jar \u00cdsaskars, Benjam\u00edns, Naftal\u00ed, Manassis, Efraims og Asers. 1Synir \u00cdsaskars voru: Tola og Pua, Jasub og Simron, fj\u00f3rir.2Og synir T\u00f3la: Usi og Refaia og Jeriel og Jahemai og Jibsam og Sam\u00fael, h\u00f6f\u00f0ingjar sinna \u00e6tta af Tola, r\u00f6skir menn, \u00ed s\u00ednum \u00e6ttum; \u00feeirra tal \u00e1 Dav\u00ed\u00f0s d\u00f6gum var: 22 \u00fe\u00fasund og 6 hundru\u00f0.3Og Usi synir: Jesraja, og Jesraja synir: Mikael og \u00d3badia og Joel, Iss\u00eda, fimm, \u00feeir (voru) allir h\u00f6fu\u00f0smenn.4Og hj\u00e1 \u00feeim voru eftir \u00feeirra \u00e6ttum, eftir \u00feeirra fe\u00f0ra h\u00fasum, herskarar til str\u00ed\u00f0s, 36 \u00fe\u00fasund, \u00fev\u00ed \u00feeir h\u00f6f\u00f0u margar kvinnur og b\u00f6rn.5Og \u00feeirra br\u00e6\u00f0ur, af allri \u00cdsaskars \u00e6ttkv\u00edsl, r\u00f6skir menn, voru <a href=\"https:\/\/biblian.is\/videy\/fyrri-kronikubok-8-kafli\/\"> [&#8230;]<\/a><\/p>\n","protected":false},"author":1,"featured_media":0,"parent":0,"menu_order":0,"comment_status":"open","ping_status":"closed","template":"bibliukaflar.php","meta":{"footnotes":""},"class_list":["post-21194","page","type-page","status-publish","hentry"],"_links":{"self":[{"href":"https:\/\/biblian.is\/videy\/wp-json\/wp\/v2\/pages\/21194","targetHints":{"allow":["GET"]}}],"collection":[{"href":"https:\/\/biblian.is\/videy\/wp-json\/wp\/v2\/pages"}],"about":[{"href":"https:\/\/biblian.is\/videy\/wp-json\/wp\/v2\/types\/page"}],"author":[{"embeddable":true,"href":"https:\/\/biblian.is\/videy\/wp-json\/wp\/v2\/users\/1"}],"replies":[{"embeddable":true,"href":"https:\/\/biblian.is\/videy\/wp-json\/wp\/v2\/comments?post=21194"}],"version-history":[{"count":0,"href":"https:\/\/biblian.is\/videy\/wp-json\/wp\/v2\/pages\/21194\/revisions"}],"wp:attachment":[{"href":"https:\/\/biblian.is\/videy\/wp-json\/wp\/v2\/media?parent=21194"}],"curies":[{"name":"wp","href":"https:\/\/api.w.org\/{rel}","templated":true}]}}