{"id":21193,"date":"2018-01-02T01:00:47","date_gmt":"2018-01-02T01:00:47","guid":{"rendered":"http:\/\/biblian.is\/videy\/fyrri-kronikubok-6-kafli\/"},"modified":"2018-01-13T21:30:58","modified_gmt":"2018-01-13T21:30:58","slug":"fyrri-kronikubok-7-kafli","status":"publish","type":"page","link":"https:\/\/biblian.is\/videy\/fyrri-kronikubok-7-kafli\/","title":{"rendered":"Fyrri kron\u00edkub\u00f3k 7. kafli"},"content":{"rendered":"<div class=\"fyrirsognVidey\">\u00c6ttartala og sta\u00f0ir Lev\u00ed \u00e6ttkv\u00edslar.<\/div>\n<p><a name=\"1\"><span class=\"versanumer\">1<\/span><\/a>] Lev\u00ed synir <span class='VideyAth'>(voru)<\/span> Gerson, Kahat og Merari.<a name=\"2\"><span class=\"versanumer\">2<\/span><\/a>Og synir Kahats: Amram, Jesehar og Hebron og Usiel.<a name=\"3\"><span class=\"versanumer\">3<\/span><\/a>Og synir Amrams: Aron og M\u00f3ses og Miriam. Og synir Arons: Nadab og Ab\u00edhu, Eleasar og Itamar.<a name=\"4\"><span class=\"versanumer\">4<\/span><\/a>Eleasar Gat Pineas, Pineas gat Abis\u00faa,<a name=\"5\"><span class=\"versanumer\">5<\/span><\/a>og Ab\u00eds\u00faa gat B\u00faki, og B\u00faki gat Usi,<a name=\"6\"><span class=\"versanumer\">6<\/span><\/a>og Usi gat Seraja, og Seraja gat Merajot,<a name=\"7\"><span class=\"versanumer\">7<\/span><\/a>Merajot gat Amaria, og Amaria gat Ahitub,<a name=\"8\"><span class=\"versanumer\">8<\/span><\/a>og Ahitub gat Sadok, og Sadok gat Ahimaas,<a name=\"9\"><span class=\"versanumer\">9<\/span><\/a>og Ahimaas gat Asar\u00eda, og Asar\u00eda gat J\u00f3hanan,<a name=\"10\"><span class=\"versanumer\">10<\/span><\/a>og J\u00f3hanan gat Asaria <span class='VideyAth'>(\u00fea\u00f0 er s\u00e1 sem var prestur \u00ed h\u00fasinu, er Sal\u00f3mon bygg\u00f0i \u00ed Jer\u00fasalem)<\/span>.<a name=\"11\"><span class=\"versanumer\">11<\/span><\/a>Og Asaria gat Amaria, og Amaria gat Ahitub,<a name=\"12\"><span class=\"versanumer\">12<\/span><\/a>og Ahitub gat Sadok og Sadok gat Sallum,<a name=\"13\"><span class=\"versanumer\">13<\/span><\/a>og Sallum gat Hilkia og Hilkia gat Asaria,<a name=\"14\"><span class=\"versanumer\">14<\/span><\/a>og Asaria gat Seraja og Seraja gat J\u00f3sadak,<a name=\"15\"><span class=\"versanumer\">15<\/span><\/a>og J\u00f3sadak f\u00f3r burt, \u00feegar Drottinn flutti burt J\u00fada og Jer\u00fasalem fyrir Neb\u00fakadnesars h\u00f6nd. <br \/><a name=\"16\"><span class=\"versanumer\">16<\/span><\/a>Synir Levi eru: Gerson, Kahat og Merari;<a name=\"17\"><span class=\"versanumer\">17<\/span><\/a>og \u00feetta eru n\u00f6fn Gersons sona: Libni og Simei.<a name=\"18\"><span class=\"versanumer\">18<\/span><\/a>Og synir Kahats: Amram og Jesehar og Hebron og Usiel.<a name=\"19\"><span class=\"versanumer\">19<\/span><\/a>Synir Merari: Maheli og Musi. Og \u00feetta eru \u00e6ttir Lev\u00edtanna eftir \u00feeirra fe\u00f0rum:<a name=\"20\"><span class=\"versanumer\">20<\/span><\/a>af Gersom, hans sonur Libni, hans sonur Jahat, hans sonur Simma,<a name=\"21\"><span class=\"versanumer\">21<\/span><\/a>hans sonur J\u00f3a, hans sonur Iddo, hans sonur Sera, hans sonur Jeatrai,<a name=\"22\"><span class=\"versanumer\">22<\/span><\/a>hans sonur Kahat, hans sonur Amm\u00ednadab, hans sonur K\u00f3ra, hans sonur Ass\u00edr,<a name=\"23\"><span class=\"versanumer\">23<\/span><\/a>hans sonur Elkana, hans sonur Ebiassaf, hans sonur Ass\u00edr,<a name=\"24\"><span class=\"versanumer\">24<\/span><\/a>hans sonur Tahat, hans sonur Uriel, hans sonur Usia, hans sonur S\u00e1l;<a name=\"25\"><span class=\"versanumer\">25<\/span><\/a>og Elkana synir: Amasai og Ahim\u00f3t,<a name=\"26\"><span class=\"versanumer\">26<\/span><\/a>hans son Elkana, hans son Elkana-Sofai, hans son Nahat,<a name=\"27\"><span class=\"versanumer\">27<\/span><\/a>hans son Eliab, hans son J\u00f3ram, hans son Elkana.<a name=\"28\"><span class=\"versanumer\">28<\/span><\/a>Og synir Sam\u00faels, s\u00e1 frumborni Basni og Ab\u00eda.<a name=\"29\"><span class=\"versanumer\">29<\/span><\/a>Synir Meraris: Maheli, hans son Libni, hans son Simei, hans son Usa,<a name=\"30\"><span class=\"versanumer\">30<\/span><\/a>hans son S\u00edmea, hans son Hagia, hans son Asaia. <br \/><a name=\"31\"><span class=\"versanumer\">31<\/span><\/a>Og \u00feessir eru \u00feeir sem Dav\u00ed\u00f0 setti til a\u00f0 syngja \u00ed Drottins h\u00fasi, eftir a\u00f0 \u00f6rkin var komin \u00e1 sinn sta\u00f0.<a name=\"32\"><span class=\"versanumer\">32<\/span><\/a>Og \u00feeir \u00fej\u00f3nu\u00f0u me\u00f0 s\u00f6ng fyrir samkundutjaldb\u00fa\u00f0inni, \u00feanga\u00f0 til Sal\u00f3mon bygg\u00f0i Drottins h\u00fas \u00ed Jer\u00fasalem, og st\u00f3\u00f0u eftir sinni r\u00f6\u00f0 \u00ed sinni \u00fej\u00f3nustu.<a name=\"33\"><span class=\"versanumer\">33<\/span><\/a>Og \u00feessir eru sem \u00fear st\u00f3\u00f0u og \u00feeirra synir: af sonum Kahats: Heman s\u00f6ngvari, sonur J\u00f3els, sonar Sam\u00faels,<a name=\"34\"><span class=\"versanumer\">34<\/span><\/a>sonar Elkana, sonar Jer\u00f3hams, sonar El\u00edels, sonar T\u00f3as,<a name=\"35\"><span class=\"versanumer\">35<\/span><\/a>sonar S\u00fafs, sonar Elkana, sonar Mahats, sonar Amasa\u00ed,<a name=\"36\"><span class=\"versanumer\">36<\/span><\/a>sonar Elkana, sonar J\u00f3els, sonar Asar\u00eda, sonar Sefan\u00eda,<a name=\"37\"><span class=\"versanumer\">37<\/span><\/a>sonar Tahats, sonar Asfers, sonar Ebiassafs, sonar K\u00f3ra,<a name=\"38\"><span class=\"versanumer\">38<\/span><\/a>sonar Jesahars, sonar Kahats, sonar Lev\u00ed, sonar \u00cdsraels.<a name=\"39\"><span class=\"versanumer\">39<\/span><\/a>Og hans br\u00f3\u00f0ir Asaf er st\u00f3\u00f0 honum til h\u00e6gri handar, Asaf sonur Berek\u00eda, sonar S\u00edmea,<a name=\"40\"><span class=\"versanumer\">40<\/span><\/a>sonar Mikaels,<a name=\"41\"><span class=\"versanumer\">41<\/span><\/a>sonar Etni, sonar Sera, sonar Ada\u00eda,<a name=\"42\"><span class=\"versanumer\">42<\/span><\/a>sonar Etans, sonar S\u00edma, sonar S\u00edme\u00ed,<a name=\"43\"><span class=\"versanumer\">43<\/span><\/a>sonar Jahats, sonar Gersoms, sonar Lev\u00ed.<br \/><a name=\"44\"><span class=\"versanumer\">44<\/span><\/a>Og synir Merar\u00ed, \u00feeirra br\u00e6\u00f0ur st\u00f3\u00f0u til vinstri: Etan, sonur Kisi, sonar Abdi, sonar Mal\u00faks,<a name=\"45\"><span class=\"versanumer\">45<\/span><\/a>sonar Hasab\u00eda, sonar Amas\u00eda, sonar Hilk\u00eda,<a name=\"46\"><span class=\"versanumer\">46<\/span><\/a>sonar Amsi, sonar Bani, sonar Samers,<a name=\"47\"><span class=\"versanumer\">47<\/span><\/a>sonar Makeli, sonar Musi, sonar Merari, sonar Lev\u00ed. <br \/><a name=\"48\"><span class=\"versanumer\">48<\/span><\/a>Og \u00feeirra br\u00e6\u00f0ur, Lev\u00edtarnir, voru gefnir algj\u00f6rlega til allrar \u00fej\u00f3nustu tjaldb\u00fa\u00f0ar Drottins h\u00fass.<a name=\"49\"><span class=\"versanumer\">49<\/span><\/a>Og Aron og hans synir f\u00e6r\u00f0u f\u00f3rnir \u00e1 brennif\u00f3rna altarinu, og \u00e1 reykaltarinu, voru til allrar \u00fej\u00f3nustu \u00ed \u00fev\u00ed h\u00e1heilaga, og forl\u00edku\u00f0u \u00cdsrael, \u00f6ldungis eins og M\u00f3ses Drottins \u00fe\u00e9nari haf\u00f0i bo\u00f0i\u00f0.<a name=\"50\"><span class=\"versanumer\">50<\/span><\/a>Og \u00feessir eru synir Arons: hans son Eleasar, hans son Pineas, hans Abis\u00faa,<a name=\"51\"><span class=\"versanumer\">51<\/span><\/a>hans son B\u00faki, hans son Usi, hans son Seraia,<a name=\"52\"><span class=\"versanumer\">52<\/span><\/a>hans son Meraiot, hans son Amar\u00eda, hans son Ahit\u00fab,<a name=\"53\"><span class=\"versanumer\">53<\/span><\/a>hans son Sadok, hans son Ah\u00edmaas.<a name=\"54\"><span class=\"versanumer\">54<\/span><\/a>Og \u00feetta eru \u00feeirra b\u00fasta\u00f0ir og b\u00e6ir innan \u00feeirra landamerkja, Arons sona af \u00e6ttli\u00f0 Kahats, \u00fev\u00ed hluturinn f\u00e9ll \u00feeim til.<a name=\"55\"><span class=\"versanumer\">55<\/span><\/a>Og \u00feeir g\u00e1fu \u00feeim Hebron \u00ed J\u00fadea og land \u00fear \u00ed kring.<a name=\"56\"><span class=\"versanumer\">56<\/span><\/a>En akra sta\u00f0arins og \u00feeirra \u00feorp g\u00e1fu \u00feeir Kaleb syni Jef\u00fannes.<a name=\"57\"><span class=\"versanumer\">57<\/span><\/a>Og sonum Arons g\u00e1fu menn gri\u00f0asta\u00f0ina Hebron og Libna og \u00feeirra forsta\u00f0i, og Jatir og Estem\u00f3a og \u00feeirra forsta\u00f0i,<a name=\"58\"><span class=\"versanumer\">58<\/span><\/a>og Hilen og hennar forsta\u00f0i, og Deb\u00edr og hennar forsta\u00f0i,<a name=\"59\"><span class=\"versanumer\">59<\/span><\/a>og Asan og hennar forsta\u00f0i, og Betsemes og hennar forsta\u00f0i.<a name=\"60\"><span class=\"versanumer\">60<\/span><\/a>Og af Benjam\u00edns \u00e6ttkv\u00edsl: Geba og hennar forsta\u00f0i, og Allemet og hennar forsta\u00f0i, og Anatot og hennar forsta\u00f0i; allir \u00feeirra sta\u00f0ir 13 eftir \u00feeirra \u00e6ttum.<br \/><a name=\"61\"><span class=\"versanumer\">61<\/span><\/a>Og hinum \u00f6\u00f0rum Kahatssonum <span class='VideyAth'>(g\u00e1fu menn)<\/span> fr\u00e1 \u00e6ttum \u00e6ttkv\u00edslanna, <span class='VideyAth'>(Efraims og Dans og)<\/span> fr\u00e1 \u00feeirri h\u00e1lfu Manassis \u00e6ttkv\u00edsl eftir hlutfalli, 10 sta\u00f0i.<a name=\"62\"><span class=\"versanumer\">62<\/span><\/a>Og sonum Gersoms eftir \u00feeirra \u00e6ttum fr\u00e1 \u00e6ttkv\u00edsl \u00cdsaskars, og fr\u00e1 \u00e6ttkv\u00edsl Asers og fr\u00e1 \u00e6ttkv\u00edsl Naftali og fr\u00e1 \u00e6ttkv\u00edsl Manassis \u00ed Basan, 13 sta\u00f0i.<a name=\"63\"><span class=\"versanumer\">63<\/span><\/a>Sonum Merari eftir \u00feeirra \u00e6ttum fr\u00e1 R\u00fabens \u00e6ttkv\u00edsl og fr\u00e1 Ga\u00f0s \u00e6ttkv\u00edsl, og fr\u00e1 Seb\u00falons \u00e6ttkv\u00edsl me\u00f0 hlutfalli 12 sta\u00f0i.<a name=\"64\"><span class=\"versanumer\">64<\/span><\/a>Og svo g\u00e1fu \u00cdsraelssynir Lev\u00edtunum sta\u00f0ina og \u00feeirra forsta\u00f0i.<a name=\"65\"><span class=\"versanumer\">65<\/span><\/a>Og \u00feeir g\u00e1fu me\u00f0 hlutfalli fr\u00e1 \u00e6ttkv\u00edsl J\u00fadasona og fr\u00e1 \u00e6ttkv\u00edsl S\u00edmeonssona og fr\u00e1 \u00e6ttkv\u00edsl Benjam\u00ednssona \u00feessa sta\u00f0i sem \u00feeir nefna n\u00f6fnum.<a name=\"66\"><span class=\"versanumer\">66<\/span><\/a>Og <span class='VideyAth'>(hinir a\u00f0rir)<\/span> af Kahatssona \u00e6ttum fengu s\u00edna sta\u00f0i fr\u00e1 Efraims \u00e6ttkv\u00edsl.<a name=\"67\"><span class=\"versanumer\">67<\/span><\/a>Og menn g\u00e1fu \u00feeim gri\u00f0asta\u00f0i: Sikems borg og hennar forsta\u00f0i, \u00e1 Efraimsfjalli, og Geser og hennar forsta\u00f0i,<a name=\"68\"><span class=\"versanumer\">68<\/span><\/a>og J\u00f3kmeam og hennar forsta\u00f0i og Bethoron og hennar forsta\u00f0i,<a name=\"69\"><span class=\"versanumer\">69<\/span><\/a>og Ajalon og hennar forsta\u00f0i, og Gat-Rimmon og hennar forsta\u00f0i,<a name=\"70\"><span class=\"versanumer\">70<\/span><\/a>og fr\u00e1 h\u00e1lfri Manassis \u00e6ttkv\u00edsl Aner og hennar forsta\u00f0i, og B\u00edleam og hennar forsta\u00f0i\u2014\u00e6ttum hinna annarra Kahats sona.<a name=\"71\"><span class=\"versanumer\">71<\/span><\/a>Sonum Gersoms: fr\u00e1 \u00e6ttum \u00feeirrar h\u00e1lfu Manassis \u00e6ttkv\u00edslar: G\u00f3lan \u00ed Basan, og hennar forsta\u00f0i, og Astarot og hennar forsta\u00f0i;<a name=\"72\"><span class=\"versanumer\">72<\/span><\/a>og fr\u00e1 \u00cdsaskars \u00e6ttkv\u00edsl: Kades og hennar forsta\u00f0i, og D\u00f3brat og hennar forsta\u00f0i,<a name=\"73\"><span class=\"versanumer\">73<\/span><\/a>og Ramot og hennar forsta\u00f0i, og Anem og hennar forsta\u00f0i;<a name=\"74\"><span class=\"versanumer\">74<\/span><\/a>og fr\u00e1 Asers \u00e6ttkv\u00edsl: Masal og hennar forsta\u00f0i og Abdon og hennar forsta\u00f0i,<a name=\"75\"><span class=\"versanumer\">75<\/span><\/a>og H\u00fakok og hennar forsta\u00f0i, og Rehob og hennar forsta\u00f0i;<a name=\"76\"><span class=\"versanumer\">76<\/span><\/a>og fr\u00e1 Naftal\u00ed \u00e6ttkv\u00edsl: Kedes \u00ed Galileu og hennar forsta\u00f0i, og Hammon og hennar forsta\u00f0i, og Kirjathaim og hennar forsta\u00f0i. <br \/><a name=\"77\"><span class=\"versanumer\">77<\/span><\/a>\u00deeim \u00f6\u00f0rum st\u00f6\u00f0um Merar\u00ed <span class='VideyAth'>(g\u00e1fu \u00feeir)<\/span> fr\u00e1 Seb\u00falons \u00e6ttkv\u00edsl: Rimmon og hennar forsta\u00f0i, og Tabor og hennar forsta\u00f0i;<a name=\"78\"><span class=\"versanumer\">78<\/span><\/a>og hinumegin J\u00f3rdanar gegnt Jer\u00edk\u00f3, fyrir austan J\u00f3rdan, fr\u00e1 R\u00fabens \u00e6ttkv\u00edsl: Beser \u00ed ey\u00f0im\u00f6rkinni og hennar forsta\u00f0i, og Jasa og hennar forsta\u00f0i,<a name=\"79\"><span class=\"versanumer\">79<\/span><\/a>og Kedemot og hennar forsta\u00f0i, og Mepaaat og hennar forsta\u00f0i;<a name=\"80\"><span class=\"versanumer\">80<\/span><\/a>og fr\u00e1 Ga\u00f0s \u00e6ttkv\u00edsl: Ramot \u00ed G\u00edlea\u00f0 og hennar forsta\u00f0i, og Mahanaim og hennar forsta\u00f0i,<a name=\"81\"><span class=\"versanumer\">81<\/span><\/a>og Hesbon og hennar forsta\u00f0i, og Jaeser og hennar forsta\u00f0i.<\/p>\n<div class=\"footnoteVidey\">V. 26. 2 K\u00f3ng. 15,29. 17,6.<\/div>\n","protected":false},"excerpt":{"rendered":"<p>\u00c6ttartala og sta\u00f0ir Lev\u00ed \u00e6ttkv\u00edslar. 1] Lev\u00ed synir (voru) Gerson, Kahat og Merari.2Og synir Kahats: Amram, Jesehar og Hebron og Usiel.3Og synir Amrams: Aron og M\u00f3ses og Miriam. Og synir Arons: Nadab og Ab\u00edhu, Eleasar og Itamar.4Eleasar Gat Pineas, Pineas gat Abis\u00faa,5og Ab\u00eds\u00faa gat B\u00faki, og B\u00faki gat Usi,6og Usi gat Seraja, og Seraja gat Merajot,7Merajot gat Amaria, og Amaria gat Ahitub,8og Ahitub gat Sadok, og Sadok gat Ahimaas,9og Ahimaas gat Asar\u00eda, og Asar\u00eda gat J\u00f3hanan,10og J\u00f3hanan gat Asaria (\u00fea\u00f0 er s\u00e1 sem var prestur \u00ed h\u00fasinu, er Sal\u00f3mon bygg\u00f0i \u00ed Jer\u00fasalem).11Og Asaria gat Amaria, og Amaria gat Ahitub,12og Ahitub <a href=\"https:\/\/biblian.is\/videy\/fyrri-kronikubok-7-kafli\/\"> [&#8230;]<\/a><\/p>\n","protected":false},"author":1,"featured_media":0,"parent":0,"menu_order":0,"comment_status":"open","ping_status":"closed","template":"bibliukaflar.php","meta":{"footnotes":""},"class_list":["post-21193","page","type-page","status-publish","hentry"],"_links":{"self":[{"href":"https:\/\/biblian.is\/videy\/wp-json\/wp\/v2\/pages\/21193","targetHints":{"allow":["GET"]}}],"collection":[{"href":"https:\/\/biblian.is\/videy\/wp-json\/wp\/v2\/pages"}],"about":[{"href":"https:\/\/biblian.is\/videy\/wp-json\/wp\/v2\/types\/page"}],"author":[{"embeddable":true,"href":"https:\/\/biblian.is\/videy\/wp-json\/wp\/v2\/users\/1"}],"replies":[{"embeddable":true,"href":"https:\/\/biblian.is\/videy\/wp-json\/wp\/v2\/comments?post=21193"}],"version-history":[{"count":0,"href":"https:\/\/biblian.is\/videy\/wp-json\/wp\/v2\/pages\/21193\/revisions"}],"wp:attachment":[{"href":"https:\/\/biblian.is\/videy\/wp-json\/wp\/v2\/media?parent=21193"}],"curies":[{"name":"wp","href":"https:\/\/api.w.org\/{rel}","templated":true}]}}