{"id":21191,"date":"2018-01-02T01:00:47","date_gmt":"2018-01-02T01:00:47","guid":{"rendered":"http:\/\/biblian.is\/videy\/fyrri-kronikubok-4-kafli\/"},"modified":"2018-01-13T21:23:15","modified_gmt":"2018-01-13T21:23:15","slug":"fyrri-kronikubok-4-kafli","status":"publish","type":"page","link":"https:\/\/biblian.is\/videy\/fyrri-kronikubok-4-kafli\/","title":{"rendered":"Fyrri kron\u00edkub\u00f3k 4. kafli"},"content":{"rendered":"<div class=\"fyrirsognVidey\">Fleiri ni\u00f0jar J\u00fada, sbr. Gen. 38. 46. J\u00f3s. 15. D\u00f3m. 1. 15.<\/div>\n<p><a name=\"1\"><span class=\"versanumer\">1<\/span><\/a>J\u00fada synir: Peres, Hesron og Karm\u00ed og H\u00far og Sobal.<a name=\"2\"><span class=\"versanumer\">2<\/span><\/a>Og Reaja, sonur S\u00f3bals gat Jahat, og Jahat gat Ahama\u00ed og Lahad. \u00deetta eru \u00e6ttir Sereag\u00edta.<a name=\"3\"><span class=\"versanumer\">3<\/span><\/a>Og \u00feessir eru af f\u00f6\u00f0urnum af Etam: Jesreel og Jisma og Jibdas, og systir \u00feeirra h\u00e9t Haslelponi.<a name=\"4\"><span class=\"versanumer\">4<\/span><\/a>Og Pn\u00fael var fa\u00f0ir Gedors, og Eser var fa\u00f0ir H\u00fasa. \u00deetta eru synir H\u00fars, frumbur\u00f0ar Efrata, f\u00f6\u00f0ur Betlehem.<a name=\"5\"><span class=\"versanumer\">5<\/span><\/a>Og Ash\u00far, fa\u00f0irinn af Tek\u00f3a, \u00e1tti tv\u00e6r konur, Heleu og Naara.<a name=\"6\"><span class=\"versanumer\">6<\/span><\/a>Og Naara f\u00e6ddi honum Ah\u00fasam og Hefer og Timn\u00ed og Ahastari. \u00deetta eru synir Na\u00f6ru.<a name=\"7\"><span class=\"versanumer\">7<\/span><\/a>Og synir Heleu: Seret og S\u00f3har og Etnan.<a name=\"8\"><span class=\"versanumer\">8<\/span><\/a>Og Kos gat An\u00fab og Has\u00f3beba og \u00e6ttir Aharhels, sonar Harums.<a name=\"9\"><span class=\"versanumer\">9<\/span><\/a>Og Jabes var fremri br\u00e6\u00f0rum s\u00ednum, og m\u00f3\u00f0ir hans kalla\u00f0i hann Jabes; \u00fev\u00ed h\u00fan sag\u00f0i: eg f\u00e6ddi hann me\u00f0 harmkv\u00e6lum.<a name=\"10\"><span class=\"versanumer\">10<\/span><\/a>Og Jabes \u00e1kalla\u00f0i \u00cdsraels Gu\u00f0 og m\u00e6lti: Ef \u00fe\u00fa blessar mig og v\u00edkkar mitt land og ver\u00f0i \u00fe\u00edn h\u00f6nd me\u00f0 m\u00e9r, og l\u00e1tir \u00fe\u00fa enga \u00f3lukku hitta mig, svo eg hafi engin harmkv\u00e6li\u2014og Gu\u00f0 l\u00e9t koma \u00fea\u00f0 sem hann ba\u00f0 um.<a name=\"11\"><span class=\"versanumer\">11<\/span><\/a>Og Kelab, br\u00f3\u00f0ir S\u00faa, gat Meh\u00edr, hann er fa\u00f0ir Estons.<a name=\"12\"><span class=\"versanumer\">12<\/span><\/a>Og Eston gat Nafa \u00e6tt og Passea og Tehimna, f\u00f6\u00f0ur sta\u00f0arins Nahas. \u00deetta eru Reka menn.<a name=\"13\"><span class=\"versanumer\">13<\/span><\/a>Og synir Kenas: Otniel og Seraja. Og synir Otn\u00edels: Hatat.<a name=\"14\"><span class=\"versanumer\">14<\/span><\/a>Og Meonotai gat Ofra, og Seraja gat J\u00f3ab, f\u00f6\u00f0ur \u00feeirra \u00ed Tr\u00e9smi\u00f0adalnum <span class='VideyAth'>a)<\/span>, \u00fev\u00ed \u00feeir voru tr\u00e9smi\u00f0ir.<a name=\"15\"><span class=\"versanumer\">15<\/span><\/a>Og synir Kalebs Jefunnes sonar: Iru, Ela og Naam. Og synir Ela: Kenas.<a name=\"16\"><span class=\"versanumer\">16<\/span><\/a>Og synir Jehaleels: Sif og S\u00edfa og Tir\u00eda og Asareel.<a name=\"17\"><span class=\"versanumer\">17<\/span><\/a>Og synir Esras: Jeter og Mered, og Efer og Jisba, f\u00f6\u00f0ur Esthemos.<a name=\"18\"><span class=\"versanumer\">18<\/span><\/a>Og hans kona, J\u00fadija, f\u00e6ddi Jered, f\u00f6\u00f0ur Gedors, og Heber, f\u00f6\u00f0ur Sokos, og Jek\u00fatiel, f\u00f6\u00f0ur Sanoa. Og \u00feessir eru synir Bitjas d\u00f3ttur fara\u00f3s, sem Mered t\u00f3k.<a name=\"19\"><span class=\"versanumer\">19<\/span><\/a>Og synir konu Hodyas, systur Nahams, f\u00f6\u00f0ursins af Kegila, eru Garmi og Esthem\u00f3a af Maekat.<a name=\"20\"><span class=\"versanumer\">20<\/span><\/a>Og Simons synir eru: Amnon og Rinna, Benhanan og Tilon. Og synir Jisei: Sohet og Benhoset.<a name=\"21\"><span class=\"versanumer\">21<\/span><\/a>Synir Sela, J\u00fadasonar eru: Er, fa\u00f0ir Leka, og Laada fa\u00f0ir Maresa, og \u00e6ttir l\u00ednvefara h\u00fassins, af h\u00fasinu Arbea,<a name=\"22\"><span class=\"versanumer\">22<\/span><\/a>og J\u00f3kim, og menn fr\u00e1 K\u00f3seba, og J\u00f3as og Saraf, sem drottnu\u00f0u yfir M\u00f3ab, og Jas\u00fabi-Lekem. Allt \u00feetta er gamalt.<a name=\"23\"><span class=\"versanumer\">23<\/span><\/a>\u00dear voru leirkerasmi\u00f0ir og bjuggu \u00ed umgirtum n\u00fdlendum; hj\u00e1 s\u00ednum k\u00f3ngi bjuggu \u00feeir vi\u00f0 s\u00ednar s\u00fdslanir.<\/p>\n<div class=\"kaflaheiti\">5. kafli<\/div>\n<div class=\"fyrirsognVidey\">\u00c6ttartala S\u00edmeons.<\/div>\n<p><a name=\"24\"><span class=\"versanumer\">24<\/span><\/a>Synir S\u00edmeons: Nem\u00fael og Jamin, Jarib, Sera, S\u00e1l,<a name=\"25\"><span class=\"versanumer\">25<\/span><\/a>hans son Sallum, hans son Mibsam, hans son Misma.<a name=\"26\"><span class=\"versanumer\">26<\/span><\/a>Og synir Mismas: hans son Ham\u00faet, hans son Sak\u00far, hans son Simei.<a name=\"27\"><span class=\"versanumer\">27<\/span><\/a>Og Sime\u00ed \u00e1tti 16 syni og sex d\u00e6tur, og br\u00e6\u00f0ur hans \u00e1ttu ekki marga syni, og allar \u00feeirra \u00e6ttir fj\u00f6lgu\u00f0u ekki eins miki\u00f0 og J\u00fadasynir.<a name=\"28\"><span class=\"versanumer\">28<\/span><\/a>Og \u00feeir bjuggu \u00ed Berseba og Molada og Hasar-Sual,<a name=\"29\"><span class=\"versanumer\">29<\/span><\/a>Og \u00ed Bila og \u00ed Esem og \u00ed Tolad,<a name=\"30\"><span class=\"versanumer\">30<\/span><\/a>og \u00ed Betuel og \u00ed Horma og \u00ed Siklag,<a name=\"31\"><span class=\"versanumer\">31<\/span><\/a>og \u00ed Bet-Markabot og \u00ed Hasar-S\u00fasim, og Bet-Birei og \u00ed Saaraim. \u00dea\u00f0 voru \u00feeirra sta\u00f0ir \u00feanga\u00f0 til Dav\u00ed\u00f0 kom til r\u00edkis.<a name=\"32\"><span class=\"versanumer\">32<\/span><\/a>Og \u00feeirra \u00feorp: Etam og Ain, Rimmon og Token og Asan, fimm sta\u00f0ir;<a name=\"33\"><span class=\"versanumer\">33<\/span><\/a>Og \u00f6ll \u00feeirra \u00feorp, \u00ed kringum \u00feessa sta\u00f0i n\u00e1\u00f0u allt til Baal. \u00deetta eru \u00feeirra b\u00fasta\u00f0ir og \u00feeirra \u00e6ttaregistur.<a name=\"34\"><span class=\"versanumer\">34<\/span><\/a>Og Mesobab og Jamelek og J\u00f3sa, sonur Amas\u00eda,<a name=\"35\"><span class=\"versanumer\">35<\/span><\/a>og J\u00f3el og Jeh\u00fa, sonur J\u00f3sib\u00edas, sonar Seraja, sonar As\u00edels,<a name=\"36\"><span class=\"versanumer\">36<\/span><\/a>og Eljoenai og Jaakoba, og Jesohaja, og Asa\u00eda og Adiel og Jes\u00edmiel og Benaja,<a name=\"37\"><span class=\"versanumer\">37<\/span><\/a>og Sifa, sonur Sifeis, sonar Alons, sonar Jedaias, sonar Simri;<a name=\"38\"><span class=\"versanumer\">38<\/span><\/a>\u00feessir, sem me\u00f0 nafni eru nefndir, v\u00f3ru h\u00f6f\u00f0ingjar \u00ed \u00feeirra \u00e6ttum og \u00feeirra kyn\u00fe\u00e6ttir \u00e6xlu\u00f0ust mj\u00f6g.<a name=\"39\"><span class=\"versanumer\">39<\/span><\/a>Og \u00feeir f\u00f3ru vestur fr\u00e1 Gedor allt a\u00f0 dalnum austan til, til a\u00f0 leita haglendis fyrir s\u00edna sau\u00f0i.<a name=\"40\"><span class=\"versanumer\">40<\/span><\/a>Og \u00feeir fundu feitt og gott haglendi, land v\u00edtt um sig til allra hli\u00f0a og r\u00f3legt og fri\u00f0samlegt; \u00fev\u00ed \u00feeir sem bjuggu \u00fear \u00ed forn\u00f6ld voru af Ham <span class='VideyAth'>(komnir)<\/span>.<a name=\"41\"><span class=\"versanumer\">41<\/span><\/a>Og svo komu \u00feeir sem n\u00fa voru nefndir \u00e1 d\u00f6gum Esek\u00eda J\u00fadak\u00f3ngs, og unnu Mean\u00edta og \u00feeirra tj\u00f6ld sem \u00feeir hittu \u00fear, og afm\u00e1\u00f0u \u00fe\u00e1 allt til \u00feessa dags, og bjuggu \u00fear \u00ed \u00feeirra sta\u00f0; \u00fev\u00ed \u00fear var haglendi fyrir sau\u00f0i. <br \/><a name=\"42\"><span class=\"versanumer\">42<\/span><\/a>Og af \u00feeim, af sonum Simeons, f\u00f3ru 5 hundru\u00f0 til Seirsfjalla, og til Plat\u00eda og Near\u00eda og Neas\u00eda og Us\u00edel, og synir Jisei voru fremstir \u00ed flokki,<a name=\"43\"><span class=\"versanumer\">43<\/span><\/a>og unnu leifar \u00feeirra sem fl\u00fai\u00f0 h\u00f6f\u00f0u af Amalek, og b\u00faa \u00fear s\u00ed\u00f0an allt til \u00feessa dags.<\/p>\n<div class=\"footnoteVidey\">V. 14. a. Neh. 11,35.  V. 21. Gen. 46,10.<\/div>\n","protected":false},"excerpt":{"rendered":"<p>Fleiri ni\u00f0jar J\u00fada, sbr. Gen. 38. 46. J\u00f3s. 15. D\u00f3m. 1. 15. 1J\u00fada synir: Peres, Hesron og Karm\u00ed og H\u00far og Sobal.2Og Reaja, sonur S\u00f3bals gat Jahat, og Jahat gat Ahama\u00ed og Lahad. \u00deetta eru \u00e6ttir Sereag\u00edta.3Og \u00feessir eru af f\u00f6\u00f0urnum af Etam: Jesreel og Jisma og Jibdas, og systir \u00feeirra h\u00e9t Haslelponi.4Og Pn\u00fael var fa\u00f0ir Gedors, og Eser var fa\u00f0ir H\u00fasa. \u00deetta eru synir H\u00fars, frumbur\u00f0ar Efrata, f\u00f6\u00f0ur Betlehem.5Og Ash\u00far, fa\u00f0irinn af Tek\u00f3a, \u00e1tti tv\u00e6r konur, Heleu og Naara.6Og Naara f\u00e6ddi honum Ah\u00fasam og Hefer og Timn\u00ed og Ahastari. \u00deetta eru synir Na\u00f6ru.7Og synir Heleu: Seret og S\u00f3har og <a href=\"https:\/\/biblian.is\/videy\/fyrri-kronikubok-4-kafli\/\"> [&#8230;]<\/a><\/p>\n","protected":false},"author":1,"featured_media":0,"parent":0,"menu_order":0,"comment_status":"open","ping_status":"open","template":"bibliukaflar.php","meta":{"footnotes":""},"class_list":["post-21191","page","type-page","status-publish","hentry"],"_links":{"self":[{"href":"https:\/\/biblian.is\/videy\/wp-json\/wp\/v2\/pages\/21191","targetHints":{"allow":["GET"]}}],"collection":[{"href":"https:\/\/biblian.is\/videy\/wp-json\/wp\/v2\/pages"}],"about":[{"href":"https:\/\/biblian.is\/videy\/wp-json\/wp\/v2\/types\/page"}],"author":[{"embeddable":true,"href":"https:\/\/biblian.is\/videy\/wp-json\/wp\/v2\/users\/1"}],"replies":[{"embeddable":true,"href":"https:\/\/biblian.is\/videy\/wp-json\/wp\/v2\/comments?post=21191"}],"version-history":[{"count":0,"href":"https:\/\/biblian.is\/videy\/wp-json\/wp\/v2\/pages\/21191\/revisions"}],"wp:attachment":[{"href":"https:\/\/biblian.is\/videy\/wp-json\/wp\/v2\/media?parent=21191"}],"curies":[{"name":"wp","href":"https:\/\/api.w.org\/{rel}","templated":true}]}}