{"id":21190,"date":"2018-01-02T01:00:47","date_gmt":"2018-01-02T01:00:47","guid":{"rendered":"http:\/\/biblian.is\/videy\/fyrri-kronikubok-3-kafli\/"},"modified":"2018-01-02T01:00:47","modified_gmt":"2018-01-02T01:00:47","slug":"fyrri-kronikubok-3-kafli","status":"publish","type":"page","link":"https:\/\/biblian.is\/videy\/fyrri-kronikubok-3-kafli\/","title":{"rendered":"Fyrri kron\u00edkub\u00f3k 3. kafli"},"content":{"rendered":"<div class=\"fyrirsognVidey\">Ni\u00f0jar Dav\u00ed\u00f0s. Sbr. 2 Sam. 3. 5. 12. 13. 1 K\u00f3ng. 11.<\/div>\n<p><a name=\"1\"><span class=\"versanumer\">1<\/span><\/a>\u00deessir voru synir Dav\u00ed\u00f0s, sem honum f\u00e6ddust \u00ed Hebron: s\u00e1 frumgetni Amnon af Ab\u00edn\u00f3am, Jesreel\u00edtinnunni; s\u00e1 annar Dan\u00edel af Ab\u00edgael fr\u00e1 Karmel.<a name=\"2\"><span class=\"versanumer\">2<\/span><\/a>S\u00e1 \u00feri\u00f0ji Absalon, sonur Maaka, d\u00f3ttir Talmais k\u00f3ngs \u00ed Ges\u00far; s\u00e1 fj\u00f3r\u00f0i Adon\u00eda sonur Hagits;<a name=\"3\"><span class=\"versanumer\">3<\/span><\/a>s\u00e1 fimmti Safat\u00eda af Ab\u00edtal, s\u00e1 sj\u00f6tti Jitream, af Eglu konu hans.<a name=\"4\"><span class=\"versanumer\">4<\/span><\/a>Sex f\u00e6ddust honum \u00ed Hebron; og hann r\u00edkti \u00fear 7 \u00e1r og 6 m\u00e1nu\u00f0i, og 33 \u00e1r r\u00edkti hann \u00ed Jer\u00fasalem.<a name=\"5\"><span class=\"versanumer\">5<\/span><\/a>Og \u00feessir f\u00e6ddust honum \u00ed Jer\u00fasalem: S\u00edmea og S\u00f3bab og Natan og Sal\u00f3mon, fj\u00f3rir af Batsua <span class='VideyAth'>(Batseba)<\/span> d\u00f3ttur Amm\u00edels,<a name=\"6\"><span class=\"versanumer\">6<\/span><\/a>Jibehar og El\u00edsama og Elifelet,<a name=\"7\"><span class=\"versanumer\">7<\/span><\/a>og Noga og Nefeg og Jasia,<a name=\"8\"><span class=\"versanumer\">8<\/span><\/a>og El\u00edsama og Eljada og El\u00edfelet, n\u00edu;<a name=\"9\"><span class=\"versanumer\">9<\/span><\/a>allir synir Dav\u00ed\u00f0s, auk sona hj\u00e1konanna. Og Tamar var \u00feeirra systir.<a name=\"10\"><span class=\"versanumer\">10<\/span><\/a>Og Sal\u00f3mons son var R\u00f3b\u00f3am, hans son Abja, hans son Assa, hans son J\u00f3safat,<a name=\"11\"><span class=\"versanumer\">11<\/span><\/a>hans son J\u00f3ram, hans son Ahasia, hans son J\u00f3as,<a name=\"12\"><span class=\"versanumer\">12<\/span><\/a>hans son Amasia, hans son Asar\u00eda, hans son J\u00f3tam,<a name=\"13\"><span class=\"versanumer\">13<\/span><\/a>hans son Akas, hans son Sesekia <span class='VideyAth'>(Hiski)<\/span>, hans son Manasse,<a name=\"14\"><span class=\"versanumer\">14<\/span><\/a>hans son Amon, hans son J\u00f3sia,<a name=\"15\"><span class=\"versanumer\">15<\/span><\/a>J\u00f3sia synir voru: s\u00e1 frumgetni J\u00f3hanan, s\u00e1 annar J\u00f3jak\u00edm, s\u00e1 \u00feri\u00f0ji Sedekja, s\u00e1 fj\u00f3r\u00f0i Sallum.<a name=\"16\"><span class=\"versanumer\">16<\/span><\/a>Og synir J\u00f3jakims: hans son Jekon\u00eda, hans son Sedek\u00eda.<a name=\"17\"><span class=\"versanumer\">17<\/span><\/a>og synir Jekonias, \u00feess hertekna: hans son Sealt\u00edel,<a name=\"18\"><span class=\"versanumer\">18<\/span><\/a>og Malk\u00edram og Fedaja og Senasar, Jekamia, H\u00f3sama og Nedeabia;<a name=\"19\"><span class=\"versanumer\">19<\/span><\/a>og synir Fedaja: Ser\u00fababel og S\u00edmei. Og sonur Ser\u00fababels: Mesulam og Hanania og Selomit \u00feeirra systir,<a name=\"20\"><span class=\"versanumer\">20<\/span><\/a>og Has\u00faba og Ohel og Berekja og Hasadia, Jusabhesed, fimm.<a name=\"21\"><span class=\"versanumer\">21<\/span><\/a>Og Hanan\u00edu synir: Platia og Jesaja, synir Refaias, synir Arnans, synir \u00d3bad\u00edas, synir Sekanjas.<a name=\"22\"><span class=\"versanumer\">22<\/span><\/a>Og synir Sekanias: Semaja. Og synir Semajas: Hatus og Jigal og Barja og Nearja og Safat, sex.<a name=\"23\"><span class=\"versanumer\">23<\/span><\/a>Og synir Nearjas: Elioenai og Hiskia og Asr\u00edkam, \u00fer\u00edr.<a name=\"24\"><span class=\"versanumer\">24<\/span><\/a>Og synir Elioenai: Hodaia og Eliasib og Plaja og Akub og Johanan og Delaja og Anani, \u00feeir sj\u00f6.<\/p>\n<div class=\"footnoteVidey\"><\/div>\n","protected":false},"excerpt":{"rendered":"<p>Ni\u00f0jar Dav\u00ed\u00f0s. Sbr. 2 Sam. 3. 5. 12. 13. 1 K\u00f3ng. 11. 1\u00deessir voru synir Dav\u00ed\u00f0s, sem honum f\u00e6ddust \u00ed Hebron: s\u00e1 frumgetni Amnon af Ab\u00edn\u00f3am, Jesreel\u00edtinnunni; s\u00e1 annar Dan\u00edel af Ab\u00edgael fr\u00e1 Karmel.2S\u00e1 \u00feri\u00f0ji Absalon, sonur Maaka, d\u00f3ttir Talmais k\u00f3ngs \u00ed Ges\u00far; s\u00e1 fj\u00f3r\u00f0i Adon\u00eda sonur Hagits;3s\u00e1 fimmti Safat\u00eda af Ab\u00edtal, s\u00e1 sj\u00f6tti Jitream, af Eglu konu hans.4Sex f\u00e6ddust honum \u00ed Hebron; og hann r\u00edkti \u00fear 7 \u00e1r og 6 m\u00e1nu\u00f0i, og 33 \u00e1r r\u00edkti hann \u00ed Jer\u00fasalem.5Og \u00feessir f\u00e6ddust honum \u00ed Jer\u00fasalem: S\u00edmea og S\u00f3bab og Natan og Sal\u00f3mon, fj\u00f3rir af Batsua (Batseba) d\u00f3ttur Amm\u00edels,6Jibehar og El\u00edsama og <a href=\"https:\/\/biblian.is\/videy\/fyrri-kronikubok-3-kafli\/\"> [&#8230;]<\/a><\/p>\n","protected":false},"author":1,"featured_media":0,"parent":0,"menu_order":0,"comment_status":"open","ping_status":"open","template":"bibliukaflar.php","meta":{"footnotes":""},"class_list":["post-21190","page","type-page","status-publish","hentry"],"_links":{"self":[{"href":"https:\/\/biblian.is\/videy\/wp-json\/wp\/v2\/pages\/21190","targetHints":{"allow":["GET"]}}],"collection":[{"href":"https:\/\/biblian.is\/videy\/wp-json\/wp\/v2\/pages"}],"about":[{"href":"https:\/\/biblian.is\/videy\/wp-json\/wp\/v2\/types\/page"}],"author":[{"embeddable":true,"href":"https:\/\/biblian.is\/videy\/wp-json\/wp\/v2\/users\/1"}],"replies":[{"embeddable":true,"href":"https:\/\/biblian.is\/videy\/wp-json\/wp\/v2\/comments?post=21190"}],"version-history":[{"count":0,"href":"https:\/\/biblian.is\/videy\/wp-json\/wp\/v2\/pages\/21190\/revisions"}],"wp:attachment":[{"href":"https:\/\/biblian.is\/videy\/wp-json\/wp\/v2\/media?parent=21190"}],"curies":[{"name":"wp","href":"https:\/\/api.w.org\/{rel}","templated":true}]}}