{"id":21189,"date":"2018-01-02T01:00:42","date_gmt":"2018-01-02T01:00:42","guid":{"rendered":"http:\/\/biblian.is\/videy\/fyrri-kronikubok-2-kafli\/"},"modified":"2018-01-02T01:00:42","modified_gmt":"2018-01-02T01:00:42","slug":"fyrri-kronikubok-2-kafli","status":"publish","type":"page","link":"https:\/\/biblian.is\/videy\/fyrri-kronikubok-2-kafli\/","title":{"rendered":"Fyrri kron\u00edkub\u00f3k 2. kafli"},"content":{"rendered":"<div class=\"fyrirsognVidey\">\u00c6ttartal Jakobs og J\u00fada \u00e6ttkv\u00edslar. Sbr. Gen. 30. 35. 38. 46. Ex. 31. J\u00f3s. 7. 15. D\u00f3m. 1. 10. Rut. 4. 1 Sam. 16. 17. 2 Sam. 13. 17.<\/div>\n<p><a name=\"1\"><span class=\"versanumer\">1<\/span><\/a>\u00deessir eru synir \u00cdsraels: R\u00faben, S\u00edmeon og J\u00fada, \u00cdsaskar og Seb\u00falon,<a name=\"2\"><span class=\"versanumer\">2<\/span><\/a>Dan, J\u00f3sep og Benjam\u00edn, Naftali, Ga\u00f0 og Asser.<a name=\"3\"><span class=\"versanumer\">3<\/span><\/a>J\u00fadasynir: Ger og Onan og Sela, \u00feessir \u00fer\u00edr voru honum f\u00e6ddir af S\u00faa d\u00f3ttur, \u00feeirri kanversku. Og Ger, s\u00e1 frumgetni var vondur fyrir Drottins augs\u00fdn, \u00fev\u00ed deyddi hann hann.<a name=\"4\"><span class=\"versanumer\">4<\/span><\/a>Og Tamar, hans sonarkona, f\u00e6ddi honum Peres og Sera. Allir J\u00fada synir voru fimm.<a name=\"5\"><span class=\"versanumer\">5<\/span><\/a>Peres synir: Hesron og Hamul.<a name=\"6\"><span class=\"versanumer\">6<\/span><\/a>Og Sera synir: Simri og Etan og Heman og Kalkol og Dara, fimm alls.<a name=\"7\"><span class=\"versanumer\">7<\/span><\/a>Og Karmis synir: Akar, sem steypti \u00cdsrael \u00ed \u00f3lukku, \u00fear e\u00f0 hann dr\u00f3 s\u00e9r nokku\u00f0 af \u00fev\u00ed bannf\u00e6r\u00f0a.<a name=\"8\"><span class=\"versanumer\">8<\/span><\/a>Og Etans synir: Asar\u00eda.<a name=\"9\"><span class=\"versanumer\">9<\/span><\/a>Og synir Hesrons, sem honum f\u00e6ddust: Jerhameel og Ram og Kel\u00fabai.<a name=\"10\"><span class=\"versanumer\">10<\/span><\/a>Og Ram gat Amm\u00ednadab, og Amm\u00ednadab gat Nahesson, h\u00f6fu\u00f0smann J\u00fada sona.<a name=\"11\"><span class=\"versanumer\">11<\/span><\/a>Og Rahesson gat Salma, og Salma gat B\u00f3as,<a name=\"12\"><span class=\"versanumer\">12<\/span><\/a>og B\u00f3as gat Obed, og Obed gat Isa\u00ed,<a name=\"13\"><span class=\"versanumer\">13<\/span><\/a>og Isa\u00ed gat sinn frumgetning Eliab og Ab\u00ednadab hinn annan og S\u00edmea \u00feann \u00feri\u00f0ja,<a name=\"14\"><span class=\"versanumer\">14<\/span><\/a>Netaneel \u00feann fj\u00f3r\u00f0a, Naddai \u00feann fimmta,<a name=\"15\"><span class=\"versanumer\">15<\/span><\/a>Osem \u00feann sj\u00f6tta, Dav\u00ed\u00f0 \u00feann sj\u00f6unda.<a name=\"16\"><span class=\"versanumer\">16<\/span><\/a>Og \u00feeirra systur voru: Seruja og Ab\u00edgael. Og synir Seruja: Ab\u00edsai og J\u00f3ab og Asael, \u00fer\u00edr.<a name=\"17\"><span class=\"versanumer\">17<\/span><\/a>Og Ab\u00edgael \u00f3l Amasa, og Amasa fa\u00f0ir var Jeter, \u00cdsmael\u00edtinn.<br \/><a name=\"18\"><span class=\"versanumer\">18<\/span><\/a>Og Kaleb, sonur Hesrons, \u00e1tti <span class='VideyAth'>(b\u00f6rn)<\/span> me\u00f0 As\u00faba konu sinni og Jer\u00edgot; og \u00feessir eru As\u00fabu synir: Jes\u00fab og Sobab og Ardon.<a name=\"19\"><span class=\"versanumer\">19<\/span><\/a>Og \u00feegar As\u00faba d\u00f3, t\u00f3k Kaleb s\u00e9r Efrat, og h\u00fan f\u00e6ddi honum H\u00far;<a name=\"20\"><span class=\"versanumer\">20<\/span><\/a>og H\u00far gat Uri, og Ur gat Besaleel.<a name=\"21\"><span class=\"versanumer\">21<\/span><\/a>Og eftir \u00fea\u00f0 t\u00f3k Hesron saman vi\u00f0 d\u00f3ttur Makirs, sem var fa\u00f0ir G\u00edlea\u00f0s, og t\u00f3k  hana \u00fe\u00e1 hann var sextugur, og h\u00fan f\u00e6ddi honum Seg\u00fab.<a name=\"22\"><span class=\"versanumer\">22<\/span><\/a>Og Seg\u00fab gat Jair, sem \u00e1tti 23 sta\u00f0i \u00ed landinu G\u00edlea\u00f0;<a name=\"23\"><span class=\"versanumer\">23<\/span><\/a>En Ges\u00far\u00edtar og s\u00fdrlenskir t\u00f3ku Jairs sta\u00f0i, Kenat <span class='VideyAth'>(og hennar d\u00e6tur)<\/span> tilheyrandi sext\u00edu sta\u00f0i. Allir \u00feessir eru synir Mak\u00edrs, f\u00f6\u00f0ur G\u00edlea\u00f0s.<a name=\"24\"><span class=\"versanumer\">24<\/span><\/a>Og eftir a\u00f0 Kefron d\u00f3, \u00ed Kalebefrata, f\u00e6ddi kona hans Ab\u00eda honum As\u00far, f\u00f6\u00f0ur Tek\u00f3a. <br \/><a name=\"25\"><span class=\"versanumer\">25<\/span><\/a>Synir Jerameels, \u00feess frumgetna Hebrons voru: s\u00e1 frumgetni Ram og B\u00fana og Oren og Osem <span class='VideyAth'>(og)<\/span> Ahia.<a name=\"26\"><span class=\"versanumer\">26<\/span><\/a>Og Jerameel \u00e1tti a\u00f0ra konu, sem h\u00e9t Atara, s\u00fa sama er m\u00f3\u00f0ir Onams.<a name=\"27\"><span class=\"versanumer\">27<\/span><\/a>Og synir Rams, frumgetnings Jerameels, voru: Maas og Jamin og Eker.<a name=\"28\"><span class=\"versanumer\">28<\/span><\/a>Og synir Onams voru: Samma\u00ed og Jada. Og synir Samma\u00ed: Nadab og Ab\u00edsur.<a name=\"29\"><span class=\"versanumer\">29<\/span><\/a>Og kona Ab\u00edsurs h\u00e9t Ab\u00edhail, og h\u00fan f\u00e6ddi honum Aban og M\u00f3lid.<a name=\"30\"><span class=\"versanumer\">30<\/span><\/a>Og synir Nadabs: Seleb og Appaim. Og Seled d\u00f3 <span class='VideyAth'>a)<\/span> barnlaus.<a name=\"31\"><span class=\"versanumer\">31<\/span><\/a>Og synir Appaims: Jisei. Og synir Jisei: Sesan, og synir Sesans: Ahelai.<a name=\"32\"><span class=\"versanumer\">32<\/span><\/a>Og synir Jada, br\u00f3\u00f0ur Sammais: Jeter og J\u00f3natan. Og Jeter d\u00f3 barnlaus.<a name=\"33\"><span class=\"versanumer\">33<\/span><\/a>Synir J\u00f3natans: Pelet og Safa. \u00deetta voru ni\u00f0jar Jerameels.<a name=\"34\"><span class=\"versanumer\">34<\/span><\/a>Og Sesan haf\u00f0i egypskan \u00fer\u00e6l, sem h\u00e9t Jara.<a name=\"35\"><span class=\"versanumer\">35<\/span><\/a>Og Sesan gat d\u00f3ttur s\u00edna Jara \u00fer\u00e6li s\u00ednum fyrir konu, og h\u00fan f\u00e6ddi honum Atai.<a name=\"36\"><span class=\"versanumer\">36<\/span><\/a>Og Atai gat Natan, og Natan gat Sabad,<a name=\"37\"><span class=\"versanumer\">37<\/span><\/a>og Sabad gat Eflal, og Eflal gat Obed,<a name=\"38\"><span class=\"versanumer\">38<\/span><\/a>og Obed gat Jehu og Jehu gat Asar\u00edu,<a name=\"39\"><span class=\"versanumer\">39<\/span><\/a>og Asar\u00eda gat Heles og Heles gat Elasa,<a name=\"40\"><span class=\"versanumer\">40<\/span><\/a>og Elasa gat Sisemai, og Sisemai gat Sallum,<a name=\"41\"><span class=\"versanumer\">41<\/span><\/a>og Sallum gat Jekamia, og Jekamia gat Elisama. <br \/><a name=\"42\"><span class=\"versanumer\">42<\/span><\/a>Og synir Kalebs br\u00f3\u00f0ur Jerameels, voru: Mesa hans frumgetningur, sem er fa\u00f0ir Sifs, og Maresa synir, f\u00f6\u00f0ur Hebrons.<a name=\"43\"><span class=\"versanumer\">43<\/span><\/a>Og Hebrons synir: Kora og Tapua og Rekem og Sema.<a name=\"44\"><span class=\"versanumer\">44<\/span><\/a>Og Sema gat Raham f\u00f6\u00f0ur Jorkeams, og Rekem gat Sammai.<a name=\"45\"><span class=\"versanumer\">45<\/span><\/a>Og sonur Sammais var Maon, og Maon var fa\u00f0ir Bets\u00fars.<a name=\"46\"><span class=\"versanumer\">46<\/span><\/a>Og Esa, hj\u00e1kona Kalebs, f\u00e6ddi Haran og Mosa og Gases. Og Haran gat Gases.<a name=\"47\"><span class=\"versanumer\">47<\/span><\/a>Og synir Jadais voru: Regem og J\u00f3tam og Gesan og Pelet, og Efa og Saaf.<a name=\"48\"><span class=\"versanumer\">48<\/span><\/a>Hj\u00e1kona Kalebs Maaka \u00f3l Seber og T\u00edrhana,<a name=\"49\"><span class=\"versanumer\">49<\/span><\/a>og h\u00fan \u00f3l Saaf, f\u00f6\u00f0ur Madmanna, Sefa, f\u00f6\u00f0ur Makbena og f\u00f6\u00f0ur G\u00edbea. Og d\u00f3ttur Kalebs var Aksa.<a name=\"50\"><span class=\"versanumer\">50<\/span><\/a>\u00deessir voru synir Kalebs: Benh\u00far, frumbur\u00f0ur Efr\u00f6stu, S\u00f3bal, fa\u00f0ir \u00feeirra \u00ed Betlehem, Haref, fa\u00f0ir \u00feeirra \u00ed Kirjat-Jearim,<a name=\"51\"><span class=\"versanumer\">51<\/span><\/a>Salma, fa\u00f0ir \u00feeirra \u00ed Betlehem, Haref, fa\u00f0ir \u00feeirra \u00ed Betgader.<a name=\"52\"><span class=\"versanumer\">52<\/span><\/a>Og synir Sobals f\u00f6\u00f0ur \u00feeirra \u00ed Kirjat-Jearim, voru: Harve, Hafi, Hammenuhot.<a name=\"53\"><span class=\"versanumer\">53<\/span><\/a>Og \u00e6ttir \u00feeirra \u00ed Kirjatjearim eru: Jetr\u00edtar og Fut\u00edtar og Sumat\u00edtar og Misra\u00edtar; af \u00feeim s\u00f6mu eru komnir Sareat\u00edtar og Estaol\u00edtar.<a name=\"54\"><span class=\"versanumer\">54<\/span><\/a>Salma synir <span class='VideyAth'>(eru)<\/span>: Betlehem, og Netofat\u00edtar, Atarot, Bet J\u00f3ab og helftin af Manah\u00edtum, Sare\u00edtar,<a name=\"55\"><span class=\"versanumer\">55<\/span><\/a>og \u00e6tt skrifarans sem bj\u00f3 \u00ed Jabes, Tireat\u00edta, Simeat\u00edta og S\u00fakot\u00edta. \u00dea\u00f0 eru Ken\u00edtar, sem komnir eru af Hammat, f\u00f6\u00f0ur Rekabs\u00e6ttar.<\/p>\n<div class=\"footnoteVidey\">V. 30. Eiginlega sonarlaus \u00fev\u00ed d\u00e6tur voru skjaldan taldar, sama m\u00e1 segja vi\u00f0 v. 32.<\/div>\n","protected":false},"excerpt":{"rendered":"<p>\u00c6ttartal Jakobs og J\u00fada \u00e6ttkv\u00edslar. Sbr. Gen. 30. 35. 38. 46. Ex. 31. J\u00f3s. 7. 15. D\u00f3m. 1. 10. Rut. 4. 1 Sam. 16. 17. 2 Sam. 13. 17. 1\u00deessir eru synir \u00cdsraels: R\u00faben, S\u00edmeon og J\u00fada, \u00cdsaskar og Seb\u00falon,2Dan, J\u00f3sep og Benjam\u00edn, Naftali, Ga\u00f0 og Asser.3J\u00fadasynir: Ger og Onan og Sela, \u00feessir \u00fer\u00edr voru honum f\u00e6ddir af S\u00faa d\u00f3ttur, \u00feeirri kanversku. Og Ger, s\u00e1 frumgetni var vondur fyrir Drottins augs\u00fdn, \u00fev\u00ed deyddi hann hann.4Og Tamar, hans sonarkona, f\u00e6ddi honum Peres og Sera. Allir J\u00fada synir voru fimm.5Peres synir: Hesron og Hamul.6Og Sera synir: Simri og Etan og Heman og <a href=\"https:\/\/biblian.is\/videy\/fyrri-kronikubok-2-kafli\/\"> [&#8230;]<\/a><\/p>\n","protected":false},"author":1,"featured_media":0,"parent":0,"menu_order":0,"comment_status":"open","ping_status":"open","template":"bibliukaflar.php","meta":{"footnotes":""},"class_list":["post-21189","page","type-page","status-publish","hentry"],"_links":{"self":[{"href":"https:\/\/biblian.is\/videy\/wp-json\/wp\/v2\/pages\/21189","targetHints":{"allow":["GET"]}}],"collection":[{"href":"https:\/\/biblian.is\/videy\/wp-json\/wp\/v2\/pages"}],"about":[{"href":"https:\/\/biblian.is\/videy\/wp-json\/wp\/v2\/types\/page"}],"author":[{"embeddable":true,"href":"https:\/\/biblian.is\/videy\/wp-json\/wp\/v2\/users\/1"}],"replies":[{"embeddable":true,"href":"https:\/\/biblian.is\/videy\/wp-json\/wp\/v2\/comments?post=21189"}],"version-history":[{"count":0,"href":"https:\/\/biblian.is\/videy\/wp-json\/wp\/v2\/pages\/21189\/revisions"}],"wp:attachment":[{"href":"https:\/\/biblian.is\/videy\/wp-json\/wp\/v2\/media?parent=21189"}],"curies":[{"name":"wp","href":"https:\/\/api.w.org\/{rel}","templated":true}]}}