{"id":21188,"date":"2018-01-02T01:00:42","date_gmt":"2018-01-02T01:00:42","guid":{"rendered":"http:\/\/biblian.is\/videy\/fyrri-kronikubok-1-kafli\/"},"modified":"2018-01-02T01:00:42","modified_gmt":"2018-01-02T01:00:42","slug":"fyrri-kronikubok-1-kafli","status":"publish","type":"page","link":"https:\/\/biblian.is\/videy\/fyrri-kronikubok-1-kafli\/","title":{"rendered":"Fyrri kron\u00edkub\u00f3k 1. kafli"},"content":{"rendered":"<div class=\"fyrirsognVidey\">\u00c6ttart\u00f6lur fr\u00e1 Adam til Abrahams. Hamsni\u00f0jar. Sbr. Gen. Kap. 5. 10. 11. 21. 25. 26.<\/div>\n<p><a name=\"1\"><span class=\"versanumer\">1<\/span><\/a>Adam, Set, Enos,<a name=\"2\"><span class=\"versanumer\">2<\/span><\/a>Kenan, Mahalalel, Jared,<a name=\"3\"><span class=\"versanumer\">3<\/span><\/a>Henok, Meth\u00fasala, Lamek,<a name=\"4\"><span class=\"versanumer\">4<\/span><\/a>N\u00f3a, Sem, Kam og Jafet.<a name=\"5\"><span class=\"versanumer\">5<\/span><\/a>Synir Jafets <span class='VideyAth'>(eru)<\/span> G\u00f3mer og Magog og Madai og Jaran og Tubal og Mesek og Tiras.<a name=\"6\"><span class=\"versanumer\">6<\/span><\/a>Og synir G\u00f3mers: Askenas og N\u00edfat og T\u00f3garma.<a name=\"7\"><span class=\"versanumer\">7<\/span><\/a>Og synir Javans: El\u00edsa og Tarsisa, Kitim og D\u00f3danim.<a name=\"8\"><span class=\"versanumer\">8<\/span><\/a>Synir Kams: K\u00fas og Misraim, Put og Kanaan;<a name=\"9\"><span class=\"versanumer\">9<\/span><\/a>Og synir K\u00fas: <span class='VideyAth'>(Meroe)<\/span>, 1 Msb. 10,7. Seba og Havila og Sabta og Raema og Sabteka; og Raema synir: Sabea og Dedan.<a name=\"10\"><span class=\"versanumer\">10<\/span><\/a>Og K\u00fas gat Nimrod; s\u00e1 hinn sami t\u00f3k til a\u00f0 ver\u00f0a voldugur \u00e1 j\u00f6r\u00f0unni.<a name=\"11\"><span class=\"versanumer\">11<\/span><\/a>Og Misraim gat \u00fe\u00e1 Lyda og Anama og Lehaba og Nafthua,<a name=\"12\"><span class=\"versanumer\">12<\/span><\/a>og Patr\u00fasa og Kasl\u00faa, <span class='VideyAth'>(af hv\u00f6rjum Filistear eru komnir)<\/span> og Kaft\u00f3ra.<a name=\"13\"><span class=\"versanumer\">13<\/span><\/a>Og Kanaan gat S\u00eddon sinn frumgetning og Het,<a name=\"14\"><span class=\"versanumer\">14<\/span><\/a>og Jebusi og Amori og Gergesi,<a name=\"15\"><span class=\"versanumer\">15<\/span><\/a>og Hev\u00ed og Arki og S\u00edni,<a name=\"16\"><span class=\"versanumer\">16<\/span><\/a>og Arvadi og Semari og Hemati.<a name=\"17\"><span class=\"versanumer\">17<\/span><\/a>Synir Sems: Elam og Ass\u00far og Arfaksad og L\u00fad og Aram og Us og Hul og Geter og Mesek.<a name=\"18\"><span class=\"versanumer\">18<\/span><\/a>Og Arfaksad gat Sela, og Sela gat Eber.<a name=\"19\"><span class=\"versanumer\">19<\/span><\/a>Og Eber f\u00e6ddust tveir synir; annar h\u00e9t Peleg, \u00fev\u00ed \u00e1 hans d\u00f6gum var j\u00f6r\u00f0inni skipt; br\u00f3\u00f0ir hans h\u00e9t J\u00f3ktan.<a name=\"20\"><span class=\"versanumer\">20<\/span><\/a>Og J\u00f3ktan gat Alm\u00f3dad og Selef og Hasarmavet og Jera,<a name=\"21\"><span class=\"versanumer\">21<\/span><\/a>og Had\u00f3ram og Usal og Dikla,<a name=\"22\"><span class=\"versanumer\">22<\/span><\/a>og Ebal og Ab\u00edmael og Seba,<a name=\"23\"><span class=\"versanumer\">23<\/span><\/a>og Of\u00edr og Hevila og J\u00f3bab. Allir \u00feessir eru synir J\u00f3ktans.<a name=\"24\"><span class=\"versanumer\">24<\/span><\/a>Sem, Arfaksad, Sela.<a name=\"25\"><span class=\"versanumer\">25<\/span><\/a>Eber, Peleg, Reu,<a name=\"26\"><span class=\"versanumer\">26<\/span><\/a>Serug, Nahor, Tara,<a name=\"27\"><span class=\"versanumer\">27<\/span><\/a>Abram, \u00fea\u00f0 er Abraham.<br \/><a name=\"28\"><span class=\"versanumer\">28<\/span><\/a>Synir Abrahams <span class='VideyAth'>(voru)<\/span>: \u00cdsak og \u00cdsmael.<a name=\"29\"><span class=\"versanumer\">29<\/span><\/a>\u00deetta er \u00feeirra \u00e6tt: \u00cdsmaels frumgetni Nebajot og Kedar og Abdeel og Mibsam,<a name=\"30\"><span class=\"versanumer\">30<\/span><\/a>Misma og Duma, Massa, Hadad og Tema,<a name=\"31\"><span class=\"versanumer\">31<\/span><\/a>Jetur, Nafis og Kedma. \u00deessir eru synir \u00cdsmaels.<a name=\"32\"><span class=\"versanumer\">32<\/span><\/a>Og synir Keturu, hj\u00e1konu Abrahams: h\u00fan f\u00e6ddi Simran og J\u00f3ksan og Medan og Mid\u00edan og Jesbak og S\u00faa. Og synir J\u00f3ksans: Seba og Dedan.<a name=\"33\"><span class=\"versanumer\">33<\/span><\/a>Og synir Midians: Efa og Efer og Henok og Abida og Eldaa. Allir \u00feessir eru Keturu synir.<a name=\"34\"><span class=\"versanumer\">34<\/span><\/a>Og Abraham gat \u00cdsak. Synir \u00cdsaks: Esau og \u00cdsrael. <br \/><a name=\"35\"><span class=\"versanumer\">35<\/span><\/a>Esa\u00fa synir: Elifas, Reg\u00fael og Jeus og Jaelam og K\u00f3ra.<a name=\"36\"><span class=\"versanumer\">36<\/span><\/a>Elifas synir: Teman og Omar, Sefi og Gaetam, Kenas og Timna og Amalek.<a name=\"37\"><span class=\"versanumer\">37<\/span><\/a>Synir Reg\u00faels: Nahat, Sera, Samma og Missa.<a name=\"38\"><span class=\"versanumer\">38<\/span><\/a>Og synir Seirs: L\u00f3tan og S\u00f3bal og S\u00edbeon og Ana og D\u00edson og Eser og Disan.<a name=\"39\"><span class=\"versanumer\">39<\/span><\/a>Og synir L\u00f3tans: H\u00f3ri og H\u00f3man og L\u00f3tans systir Timna.<a name=\"40\"><span class=\"versanumer\">40<\/span><\/a>Synir S\u00f3bals: Alian og Manahat og Ebal, Sefi og Onam. Og synir Sibeons: Aja og Ana.<a name=\"41\"><span class=\"versanumer\">41<\/span><\/a>Synir Ana: Dison. Og synir D\u00edsons: Hamran og Esban og Jetran og Keran.<a name=\"42\"><span class=\"versanumer\">42<\/span><\/a>Og synir Esers: Bilan og Savan og Jaekan. Synir Disans: Us og Aran.<a name=\"43\"><span class=\"versanumer\">43<\/span><\/a>Og \u00feessir eru \u00feeir k\u00f3ngar sem r\u00edktu \u00ed Edom\u00edta landi, \u00e1\u00f0ur en k\u00f3ngur drottna\u00f0i yfir \u00cdsraelssonum: Bela sonur Beors, og nafn hans borgar var Dinhaba.<a name=\"44\"><span class=\"versanumer\">44<\/span><\/a>Og Bela d\u00f3, \u00fe\u00e1 var\u00f0 k\u00f3ngur \u00ed hans sta\u00f0 J\u00f3bab, Serason fr\u00e1 B\u00f3sra.<a name=\"45\"><span class=\"versanumer\">45<\/span><\/a>Og J\u00f3bab d\u00f3, \u00fe\u00e1 var\u00f0 k\u00f3ngur \u00ed hans sta\u00f0 H\u00fasam, \u00far Teman\u00edta<br \/>landi.<a name=\"46\"><span class=\"versanumer\">46<\/span><\/a>Og H\u00fasam d\u00f3, \u00fe\u00e1 var\u00f0 k\u00f3ngur \u00ed hans sta\u00f0 Hadad Bedadsson, sem vann Midian\u00edta \u00e1 M\u00f3abs v\u00f6llum. Og nafn hans borgar var Avit.<a name=\"47\"><span class=\"versanumer\">47<\/span><\/a>Og Hadad d\u00f3, \u00fe\u00e1 var\u00f0 k\u00f3ngur \u00ed hans sta\u00f0 Samla fr\u00e1 Mafreka.<a name=\"48\"><span class=\"versanumer\">48<\/span><\/a>Og Samla d\u00f3, \u00fe\u00e1 var\u00f0 k\u00f3ngur \u00ed hans sta\u00f0 S\u00e1l, fr\u00e1 Rehobot vi\u00f0 \u00e1na.<a name=\"49\"><span class=\"versanumer\">49<\/span><\/a>Og S\u00e1l d\u00f3, \u00fe\u00e1 var\u00f0 k\u00f3ngur \u00ed hans sta\u00f0 Balhanan, sonur Akors.<a name=\"50\"><span class=\"versanumer\">50<\/span><\/a>Og Balhanan d\u00f3, \u00fe\u00e1 var\u00f0 k\u00f3ngur \u00ed hans sta\u00f0 Hadad, og borg hans h\u00e9t Pai, og kona hans h\u00e9t Mehetabeel, d\u00f3ttir Matreds, d\u00f3ttur Mesababs.<a name=\"51\"><span class=\"versanumer\">51<\/span><\/a>Og Hadad d\u00f3.<br \/>Og \u00feessir voru h\u00f6f\u00f0ingjar Edoms: h\u00f6f\u00f0inginn af Timna, h\u00f6f\u00f0inginn af Alia, h\u00f6f\u00f0inginn af Jetet,<a name=\"52\"><span class=\"versanumer\">52<\/span><\/a>h\u00f6f\u00f0inginn af Ahalibama, h\u00f6f\u00f0inginn af Ela, h\u00f6f\u00f0inginn af Pinon,<a name=\"53\"><span class=\"versanumer\">53<\/span><\/a>h\u00f6f\u00f0inginn af Kenas, h\u00f6f\u00f0inginn af Teman, h\u00f6f\u00f0inginn af Mibsar,<a name=\"54\"><span class=\"versanumer\">54<\/span><\/a>h\u00f6f\u00f0inginn af Magd\u00edel, h\u00f6f\u00f0inginn af Iram, \u00feessir eru Edoms h\u00f6f\u00f0ingjar.<\/p>\n<div class=\"footnoteVidey\"><\/div>\n","protected":false},"excerpt":{"rendered":"<p>\u00c6ttart\u00f6lur fr\u00e1 Adam til Abrahams. Hamsni\u00f0jar. Sbr. Gen. Kap. 5. 10. 11. 21. 25. 26. 1Adam, Set, Enos,2Kenan, Mahalalel, Jared,3Henok, Meth\u00fasala, Lamek,4N\u00f3a, Sem, Kam og Jafet.5Synir Jafets (eru) G\u00f3mer og Magog og Madai og Jaran og Tubal og Mesek og Tiras.6Og synir G\u00f3mers: Askenas og N\u00edfat og T\u00f3garma.7Og synir Javans: El\u00edsa og Tarsisa, Kitim og D\u00f3danim.8Synir Kams: K\u00fas og Misraim, Put og Kanaan;9Og synir K\u00fas: (Meroe), 1 Msb. 10,7. Seba og Havila og Sabta og Raema og Sabteka; og Raema synir: Sabea og Dedan.10Og K\u00fas gat Nimrod; s\u00e1 hinn sami t\u00f3k til a\u00f0 ver\u00f0a voldugur \u00e1 j\u00f6r\u00f0unni.11Og Misraim gat \u00fe\u00e1 <a href=\"https:\/\/biblian.is\/videy\/fyrri-kronikubok-1-kafli\/\"> [&#8230;]<\/a><\/p>\n","protected":false},"author":1,"featured_media":0,"parent":0,"menu_order":0,"comment_status":"open","ping_status":"open","template":"bibliukaflar.php","meta":{"footnotes":""},"class_list":["post-21188","page","type-page","status-publish","hentry"],"_links":{"self":[{"href":"https:\/\/biblian.is\/videy\/wp-json\/wp\/v2\/pages\/21188","targetHints":{"allow":["GET"]}}],"collection":[{"href":"https:\/\/biblian.is\/videy\/wp-json\/wp\/v2\/pages"}],"about":[{"href":"https:\/\/biblian.is\/videy\/wp-json\/wp\/v2\/types\/page"}],"author":[{"embeddable":true,"href":"https:\/\/biblian.is\/videy\/wp-json\/wp\/v2\/users\/1"}],"replies":[{"embeddable":true,"href":"https:\/\/biblian.is\/videy\/wp-json\/wp\/v2\/comments?post=21188"}],"version-history":[{"count":0,"href":"https:\/\/biblian.is\/videy\/wp-json\/wp\/v2\/pages\/21188\/revisions"}],"wp:attachment":[{"href":"https:\/\/biblian.is\/videy\/wp-json\/wp\/v2\/media?parent=21188"}],"curies":[{"name":"wp","href":"https:\/\/api.w.org\/{rel}","templated":true}]}}