{"id":21184,"date":"2018-01-02T01:00:42","date_gmt":"2018-01-02T01:00:42","guid":{"rendered":"http:\/\/biblian.is\/videy\/sidari-konungabok-22-kafli\/"},"modified":"2018-01-02T01:00:42","modified_gmt":"2018-01-02T01:00:42","slug":"sidari-konungabok-22-kafli","status":"publish","type":"page","link":"https:\/\/biblian.is\/videy\/sidari-konungabok-22-kafli\/","title":{"rendered":"S\u00ed\u00f0ari konungab\u00f3k 22. kafli"},"content":{"rendered":"<div class=\"fyrirsognVidey\">J\u00f3sia k\u00f3ngur. L\u00f6gb\u00f3kin finnst.<\/div>\n<p><a name=\"1\"><span class=\"versanumer\">1<\/span><\/a>J\u00f3sia var 8 \u00e1ra \u00fe\u00e1 hann var\u00f0 k\u00f3ngur, og 30 \u00e1r r\u00edkti hann \u00ed Jer\u00fasalem; en m\u00f3\u00f0ir hans var Jedida d\u00f3ttir Adaja fr\u00e1 Baskat.<a name=\"2\"><span class=\"versanumer\">2<\/span><\/a>Og hann gj\u00f6r\u00f0i \u00fea\u00f0 sem r\u00e9tt var fyrir Drottins augs\u00fdn, og gekk \u00e1 vegum f\u00f6\u00f0ur s\u00edns Dav\u00ed\u00f0s, og v\u00e9k hv\u00f6rki til h\u00e6gri n\u00e9 vinstri <span class='VideyAth'>b)<\/span>.<a name=\"3\"><span class=\"versanumer\">3<\/span><\/a>En \u00e1 18da \u00e1ri k\u00f3ngsins J\u00f3sia, sendi konungurinn Safan son Asal\u00eda, sonar Mes\u00falams, skrifarann, \u00ed Drottins h\u00fas, og sag\u00f0i:<a name=\"4\"><span class=\"versanumer\">4<\/span><\/a>gakk til h\u00f6fu\u00f0prestsins Hilkia, a\u00f0 hann taki af \u00feeim peningum, sem innkomi\u00f0 hafa \u00ed Drottins h\u00fas, sem dyraver\u00f0irnir hafa safna\u00f0 af f\u00f3lkinu,<a name=\"5\"><span class=\"versanumer\">5<\/span><\/a>og a\u00f0 menn afhendi \u00fe\u00e1 \u00feeim m\u00f6nnum, sem teknir eru \u00ed Drottins h\u00fas, a\u00f0 \u00feeir gefi \u00fe\u00e1 \u00feeim m\u00f6nnum sem verki\u00f0 vinna, \u00ed Drottins h\u00fasi, til a\u00f0 b\u00e6ta \u00fea\u00f0 hr\u00f6rna\u00f0a \u00e1 h\u00fasinu,<a name=\"6\"><span class=\"versanumer\">6<\/span><\/a>timburm\u00f6nnunum, byggingam\u00f6nnunum, m\u00farurunum, til a\u00f0 kaupa fyrir vi\u00f0 og h\u00f6ggna steina, til endurb\u00f3tar h\u00fasinu;<a name=\"7\"><span class=\"versanumer\">7<\/span><\/a>\u00de\u00f3 reikni ma\u00f0ur ekki vi\u00f0 \u00fe\u00e1 peningana, er \u00feeim ver\u00f0a afhentir, \u00fev\u00ed \u00feeir fara me\u00f0 \u00fe\u00e1 sem \u00feeir vita best.<a name=\"8\"><span class=\"versanumer\">8<\/span><\/a>\u00de\u00e1 m\u00e6lti s\u00e1 \u00e6\u00f0sti prestur Hilkia vi\u00f0 skrifarann Safan: eg hefi fundi\u00f0 l\u00f6gb\u00f3kina \u00ed Drottins h\u00fasi. Og Hilkia f\u00e9kk Safani b\u00f3kina, og hann las hana.<a name=\"9\"><span class=\"versanumer\">9<\/span><\/a>Og skrifarinn Safan kom til k\u00f3ngsins og sag\u00f0i k\u00f3ngi fr\u00e1 og m\u00e6lti: \u00fe\u00ednir \u00fej\u00f3nar hafa l\u00e1ti\u00f0 peningana af hendi, sem voru \u00ed Drottins h\u00fasi, og hafa fengi\u00f0 \u00feeim \u00ed h\u00f6nd, sem verki\u00f0 vinna, sem teknir eru til \u00feess \u00ed Drottins h\u00fas.<a name=\"10\"><span class=\"versanumer\">10<\/span><\/a>Og skrifarinn Safan sag\u00f0i fr\u00e1 \u00feessu k\u00f3nginum og m\u00e6lti: presturinn Hilkia hefir fengi\u00f0 m\u00e9r b\u00f3k, og Safan las hana fyrir k\u00f3nginum.<a name=\"11\"><span class=\"versanumer\">11<\/span><\/a>En sem k\u00f3ngur heyr\u00f0i or\u00f0 l\u00f6gm\u00e1lsb\u00f3karinnar, reif hann s\u00edn kl\u00e6\u00f0i.<a name=\"12\"><span class=\"versanumer\">12<\/span><\/a>Og k\u00f3ngur bau\u00f0 prestinum Hilkia og Ahikam syni Safans og Akor syni Mikaja og Safan skrifara, og Asa\u00eda k\u00f3ngsins \u00fe\u00e9nara \u00feetta:<a name=\"13\"><span class=\"versanumer\">13<\/span><\/a>fari\u00f0 og spyrji\u00f0 Drottin fyrir mig og fyrir f\u00f3lki\u00f0 og fyrir allt \u00fea\u00f0 J\u00fadaland, um or\u00f0 \u00feeirrar fundnu b\u00f3kar. \u00dev\u00ed mikil er rei\u00f0i Drottins sem yfir oss er upptendru\u00f0, sakir \u00feessarar b\u00f3kar, og ekki aldeilis breytt, sem oss er fyrirskrifa\u00f0.<a name=\"14\"><span class=\"versanumer\">14<\/span><\/a>\u00de\u00e1 gengu \u00feeir presturinn Hilkia og Ahikam, og Akbor og Safan og Asaja til sp\u00e1konunnar Hulda, konu Sallum sonar Tikva, sonar Harhas, sem geymdi kl\u00e6\u00f0in, <span class='VideyAth'>(en h\u00fan bj\u00f3 \u00ed Jer\u00fasalems \u00f6\u00f0rum parti)<\/span> og \u00feeir t\u00f6lu\u00f0u vi\u00f0 hana. <br \/><a name=\"15\"><span class=\"versanumer\">15<\/span><\/a>Og h\u00fan sag\u00f0i vi\u00f0 \u00fe\u00e1: svo segir Drottinn \u00cdsraels Gu\u00f0: segi\u00f0 \u00feeim manni sem sendi y\u00f0ur til m\u00edn:<a name=\"16\"><span class=\"versanumer\">16<\/span><\/a>svo segir Drottinn: sj\u00e1! eg lei\u00f0i \u00f3lukku yfir \u00feenna sta\u00f0 og hans innb\u00faa, \u00f6ll or\u00f0 b\u00f3karinnar sem J\u00fadak\u00f3ngur hefir lesi\u00f0.<a name=\"17\"><span class=\"versanumer\">17<\/span><\/a>S\u00f6kum \u00feess \u00feeir hafa yfirgefi\u00f0 mig og brennt reykelsi fyrir \u00f6\u00f0rum gu\u00f0um, til a\u00f0 m\u00f3\u00f0ga mig me\u00f0 \u00f6llum verkum sinna handa, \u00fe\u00e1 er m\u00edn rei\u00f0i upptendru\u00f0 yfir \u00feessum sta\u00f0, og mun ekki slokkna.<a name=\"18\"><span class=\"versanumer\">18<\/span><\/a>En segi\u00f0 J\u00fadak\u00f3ngi sem sendi y\u00f0ur til a\u00f0 spyrja Drottin: svo segir Drottinn \u00cdsraels Gu\u00f0: hva\u00f0 \u00feau or\u00f0 \u00e1hr\u00e6rir sem \u00fe\u00fa hefir heyrt,<a name=\"19\"><span class=\"versanumer\">19<\/span><\/a>\u00fe\u00e1, af \u00fev\u00ed \u00feitt hjarta komst vi\u00f0, og \u00fe\u00fa au\u00f0m\u00fdktir \u00feig fyrir Drottni, \u00fe\u00e1 \u00fe\u00fa heyr\u00f0ir \u00fea\u00f0 hva\u00f0 eg haf\u00f0i tala\u00f0 \u00e1 m\u00f3ti \u00feessum sta\u00f0 og hans innbyggjurum, a\u00f0 \u00feeir skyldu ver\u00f0a a\u00f0 ey\u00f0ilegging og b\u00f6lvan; og af \u00fev\u00ed \u00fe\u00fa reifst \u00fe\u00edn kl\u00e6\u00f0i og gr\u00e9st fyrir m\u00e9r; svo hefi eg b\u00e6nheyrt \u00feig, segir Drottinn.<a name=\"20\"><span class=\"versanumer\">20<\/span><\/a>Sj\u00e1! \u00fear fyrir vil eg safna \u00fe\u00e9r til \u00feinna fe\u00f0ra, og \u00fe\u00fa skalt komast \u00ed \u00fe\u00edna gr\u00f6f me\u00f0 fri\u00f0i, og \u00fe\u00edn augu skulu ekki sj\u00e1 alla \u00fe\u00e1 \u00f3lukku, sem eg lei\u00f0i yfir \u00feennan sta\u00f0. Og \u00feeir f\u00e6r\u00f0u k\u00f3nginum svar.<\/p>\n<div class=\"footnoteVidey\">V. 2. J\u00f3s. 23,6. Or\u00f0skv. 4,27.  V. 4. 12,9\u201311.  V. 5. 12,11. 2 Kron. 34,10.  V. 7. 12,15.  V. 8. 2 Kron. 34,15.  V. 9. 2 Kron. 34,16.17.  V. 10. 2 Kron. 34,18.<\/div>\n","protected":false},"excerpt":{"rendered":"<p>J\u00f3sia k\u00f3ngur. L\u00f6gb\u00f3kin finnst. 1J\u00f3sia var 8 \u00e1ra \u00fe\u00e1 hann var\u00f0 k\u00f3ngur, og 30 \u00e1r r\u00edkti hann \u00ed Jer\u00fasalem; en m\u00f3\u00f0ir hans var Jedida d\u00f3ttir Adaja fr\u00e1 Baskat.2Og hann gj\u00f6r\u00f0i \u00fea\u00f0 sem r\u00e9tt var fyrir Drottins augs\u00fdn, og gekk \u00e1 vegum f\u00f6\u00f0ur s\u00edns Dav\u00ed\u00f0s, og v\u00e9k hv\u00f6rki til h\u00e6gri n\u00e9 vinstri b).3En \u00e1 18da \u00e1ri k\u00f3ngsins J\u00f3sia, sendi konungurinn Safan son Asal\u00eda, sonar Mes\u00falams, skrifarann, \u00ed Drottins h\u00fas, og sag\u00f0i:4gakk til h\u00f6fu\u00f0prestsins Hilkia, a\u00f0 hann taki af \u00feeim peningum, sem innkomi\u00f0 hafa \u00ed Drottins h\u00fas, sem dyraver\u00f0irnir hafa safna\u00f0 af f\u00f3lkinu,5og a\u00f0 menn afhendi \u00fe\u00e1 \u00feeim m\u00f6nnum, sem teknir eru <a href=\"https:\/\/biblian.is\/videy\/sidari-konungabok-22-kafli\/\"> [&#8230;]<\/a><\/p>\n","protected":false},"author":1,"featured_media":0,"parent":0,"menu_order":0,"comment_status":"open","ping_status":"open","template":"bibliukaflar.php","meta":{"footnotes":""},"class_list":["post-21184","page","type-page","status-publish","hentry"],"_links":{"self":[{"href":"https:\/\/biblian.is\/videy\/wp-json\/wp\/v2\/pages\/21184","targetHints":{"allow":["GET"]}}],"collection":[{"href":"https:\/\/biblian.is\/videy\/wp-json\/wp\/v2\/pages"}],"about":[{"href":"https:\/\/biblian.is\/videy\/wp-json\/wp\/v2\/types\/page"}],"author":[{"embeddable":true,"href":"https:\/\/biblian.is\/videy\/wp-json\/wp\/v2\/users\/1"}],"replies":[{"embeddable":true,"href":"https:\/\/biblian.is\/videy\/wp-json\/wp\/v2\/comments?post=21184"}],"version-history":[{"count":0,"href":"https:\/\/biblian.is\/videy\/wp-json\/wp\/v2\/pages\/21184\/revisions"}],"wp:attachment":[{"href":"https:\/\/biblian.is\/videy\/wp-json\/wp\/v2\/media?parent=21184"}],"curies":[{"name":"wp","href":"https:\/\/api.w.org\/{rel}","templated":true}]}}