{"id":21183,"date":"2018-01-02T01:00:42","date_gmt":"2018-01-02T01:00:42","guid":{"rendered":"http:\/\/biblian.is\/videy\/sidari-konungabok-21-kafli\/"},"modified":"2018-01-02T01:00:42","modified_gmt":"2018-01-02T01:00:42","slug":"sidari-konungabok-21-kafli","status":"publish","type":"page","link":"https:\/\/biblian.is\/videy\/sidari-konungabok-21-kafli\/","title":{"rendered":"S\u00ed\u00f0ari konungab\u00f3k 21. kafli"},"content":{"rendered":"<div class=\"fyrirsognVidey\">Manasse og Amon, J\u00fadak\u00f3ngar.<\/div>\n<p><a name=\"1\"><span class=\"versanumer\">1<\/span><\/a>T\u00f3lf \u00e1ra gamall var Manasse \u00fe\u00e1 hann var\u00f0 k\u00f3ngur og 55 \u00e1r r\u00edkti hann \u00ed Jer\u00fasalem, en m\u00f3\u00f0ir hans h\u00e9t Hess\u00edba.<a name=\"2\"><span class=\"versanumer\">2<\/span><\/a>Og hann gj\u00f6r\u00f0i \u00fea\u00f0 sem Drottni illa l\u00edka\u00f0i, l\u00edkt vi\u00f0urstygg\u00f0 \u00fej\u00f3\u00f0anna sem Drottinn haf\u00f0i reki\u00f0 burt fr\u00e1 \u00cdsraels sonum.<a name=\"3\"><span class=\"versanumer\">3<\/span><\/a>Og hann bygg\u00f0i aftur \u00fe\u00e6r h\u00e6\u00f0ir, sem Esek\u00eda fa\u00f0ir hans haf\u00f0i afm\u00e1\u00f0, hann reisti Baal altari, gj\u00f6r\u00f0i bl\u00f3tlunda, eins og Akab \u00cdsraelsk\u00f3ngur haf\u00f0i gj\u00f6rt, og tilba\u00f0 allan himinsins her og \u00fej\u00f3na\u00f0i honum.<a name=\"4\"><span class=\"versanumer\">4<\/span><\/a>Og hann bygg\u00f0i altari \u00ed Drottins h\u00fasi, um hv\u00f6rt Drottinn haf\u00f0i sagt: \u00ed Jer\u00fasalem vil eg setja mitt nafn <span class='VideyAth'>a)<\/span>.<a name=\"5\"><span class=\"versanumer\">5<\/span><\/a>Og hann bygg\u00f0i altari \u00f6llum himinsins her \u00ed b\u00e1\u00f0um forg\u00f6r\u00f0unum Drottins h\u00fass.<a name=\"6\"><span class=\"versanumer\">6<\/span><\/a>Og hann f\u00f3rnf\u00e6r\u00f0i syni s\u00ednum \u00e1 eldi, f\u00f3r me\u00f0 kukl og teikna\u00fat\u00fe\u00fd\u00f0ingar, setti menn til a\u00f0 leita fr\u00e9tta af dau\u00f0um og fj\u00f6lkynngismenn, og a\u00f0haf\u00f0ist margt illt fyrir Drottins augliti, honum til m\u00f3\u00f0gunar.<a name=\"7\"><span class=\"versanumer\">7<\/span><\/a>Og hann setti bl\u00f3tsk\u00f3garskur\u00f0go\u00f0 <span class='VideyAth'>(Astarte b\u00edl\u00e6ti)<\/span>, er hann haf\u00f0i gj\u00f6rt, \u00ed \u00fea\u00f0 h\u00fas, um hv\u00f6rt Drottinn haf\u00f0i sagt vi\u00f0 Dav\u00ed\u00f0 og hans son Sal\u00f3mon: \u00ed \u00feessu h\u00fasi og \u00ed Jer\u00fasalem, sem eg hefi vali\u00f0 af \u00f6llum \u00cdsraels \u00e6ttkv\u00edslum, vil eg setja nafn mitt a\u00f0 eil\u00edfu.<a name=\"8\"><span class=\"versanumer\">8<\/span><\/a>Og eg vil ei framar l\u00e1ta \u00cdsraels f\u00f3t ganga \u00far landinu, sem eg gaf \u00feeirra fe\u00f0rum, ef \u00feeir gefa \u00fev\u00ed gaum a\u00f0 breyta algj\u00f6rlega eins og eg hefi bo\u00f0i\u00f0 \u00feeim, og eftir \u00f6llum \u00feeim l\u00f6gum, sem M\u00f3ses minn \u00fe\u00e9nari bau\u00f0 \u00feeim.<a name=\"9\"><span class=\"versanumer\">9<\/span><\/a>En \u00feeir hl\u00fdddu ekki, og Manasse leiddi \u00fe\u00e1 afvega, svo \u00feeir breyttu verr, en \u00fe\u00e6r \u00fej\u00f3\u00f0ir sem Drottinn haf\u00f0i afm\u00e1\u00f0 fr\u00e1 \u00cdsraelssonum.<br \/><a name=\"10\"><span class=\"versanumer\">10<\/span><\/a>Og Drottinn tala\u00f0i fyrir s\u00edna \u00fe\u00e9nara, sp\u00e1mennina og m\u00e6lti:<a name=\"11\"><span class=\"versanumer\">11<\/span><\/a>sakir \u00feess a\u00f0 Manasse J\u00fadak\u00f3ngur <span class='VideyAth'>b)<\/span> hefir a\u00f0hafst \u00feessa vi\u00f0urstygg\u00f0, verri en allt \u00fea\u00f0 sem Amor\u00edtar hafa gj\u00f6rt, sem \u00e1 undan honum v\u00f3ru, og me\u00f0 s\u00ednum skur\u00f0go\u00f0um komi\u00f0 \u00cdsrael til a\u00f0 syndga:<a name=\"12\"><span class=\"versanumer\">12<\/span><\/a>\u00fev\u00ed segir Drottinn \u00cdsraels Gu\u00f0 svo: sj\u00e1! eg lei\u00f0i \u00f3lukku yfir Jer\u00fasalem og J\u00fada, svo a\u00f0 hv\u00f6rjum sem heyrir, skal fyrir b\u00e1\u00f0um eyrum gella.<a name=\"13\"><span class=\"versanumer\">13<\/span><\/a>Eg vil draga yfir Jer\u00fasalem Samar\u00edu m\u00e6liva\u00f0, og Akabs bl\u00fdl\u00f3\u00f0, og s\u00f3pa Jer\u00fasalem burt, eins og menn s\u00f3pa af diskum; \u00fe\u00e1 menn hafa \u00fea\u00f0 gj\u00f6rt, hvolfa menn \u00feeim.<a name=\"14\"><span class=\"versanumer\">14<\/span><\/a>Og eg yfirgef leifar minnar eignar, og gef \u00fe\u00e1 \u00ed h\u00f6nd \u00feeirra \u00f3vinum, a\u00f0 \u00feeir ver\u00f0i r\u00e1n og rupl allra sinna \u00f3vina;<a name=\"15\"><span class=\"versanumer\">15<\/span><\/a>vegna \u00feess \u00feeir hafa a\u00f0hafst \u00fea\u00f0 sem m\u00e9r illa l\u00edka\u00f0i og m\u00f3\u00f0ga\u00f0 mig, fr\u00e1 \u00feeim degi a\u00f0 eg flutti \u00fe\u00e1 \u00far Egyptalandi allt til \u00feessa dags.<a name=\"16\"><span class=\"versanumer\">16<\/span><\/a>L\u00edka \u00fathellti Manasse miklu saklausu bl\u00f3\u00f0i, \u00feanga\u00f0 til a\u00f0 hann fyllti Jer\u00fasalem me\u00f0 \u00fev\u00ed, fr\u00e1 einum enda til annars, auk \u00feess a\u00f0 hann me\u00f0 s\u00ednum syndum kom \u00cdsrael til a\u00f0 syndga, svo \u00feeir gj\u00f6r\u00f0u \u00fea\u00f0 sem Drottni illa l\u00edka\u00f0i.<a name=\"17\"><span class=\"versanumer\">17<\/span><\/a>En hva\u00f0 meira er af Manasse a\u00f0 segja og \u00f6llu sem hann gj\u00f6r\u00f0i, og hans syndum er hann dr\u00fdg\u00f0i, \u00fe\u00e1 stendur \u00fea\u00f0 skrifa\u00f0 \u00ed \u00e1rb\u00f3kum J\u00fadak\u00f3nga.<a name=\"18\"><span class=\"versanumer\">18<\/span><\/a>Og Manasse lag\u00f0ist hj\u00e1 s\u00ednum fe\u00f0rum og var grafinn \u00ed jurtagar\u00f0inum hj\u00e1 s\u00ednu h\u00fasi, \u00ed gar\u00f0i Usa; og Amon hans son var\u00f0 k\u00f3ngur \u00ed hans sta\u00f0 <span class='VideyAth'>c)<\/span>.<a name=\"19\"><span class=\"versanumer\">19<\/span><\/a>Amon haf\u00f0i tvo um tv\u00edtugt \u00fe\u00e1 hann var\u00f0 k\u00f3ngur, og r\u00edkti tv\u00f6 \u00e1r \u00ed Jer\u00fasalem. M\u00f3\u00f0ir hans h\u00e9t Mes\u00falemet <span class='VideyAth'>d)<\/span>, var d\u00f3ttir Harus fr\u00e1 J\u00f3tba.<a name=\"20\"><span class=\"versanumer\">20<\/span><\/a>Hann a\u00f0haf\u00f0ist \u00fea\u00f0 sem Drottni illa l\u00edka\u00f0i, eins og Manasse fa\u00f0ir hans haf\u00f0i gj\u00f6rt,<a name=\"21\"><span class=\"versanumer\">21<\/span><\/a>og gekk algj\u00f6rlega \u00e1 \u00feeim vegum sem fa\u00f0ir hans haf\u00f0i gengi\u00f0, og \u00fej\u00f3na\u00f0i go\u00f0um sem fa\u00f0ir hans haf\u00f0i \u00fej\u00f3na\u00f0, og tilba\u00f0 \u00feau,<a name=\"22\"><span class=\"versanumer\">22<\/span><\/a>og yfirgaf Drottin, sinna fe\u00f0ra Gu\u00f0, og gekk ekki \u00e1 vegum Drottins.<a name=\"23\"><span class=\"versanumer\">23<\/span><\/a>Og Amons \u00feegnar samf\u00f3rust m\u00f3ti honum, og dr\u00e1pu k\u00f3nginn \u00ed hans h\u00fasi.<a name=\"24\"><span class=\"versanumer\">24<\/span><\/a>En landsf\u00f3lki\u00f0 drap alla \u00fe\u00e1 samsv\u00f6rnu m\u00f3ti Amon k\u00f3ngi, og landsf\u00f3lki\u00f0 gj\u00f6r\u00f0i J\u00f3sia hans son a\u00f0 k\u00f3ngi \u00ed hans sta\u00f0.<a name=\"25\"><span class=\"versanumer\">25<\/span><\/a>En hva\u00f0 meira er a\u00f0 segja um Amon, hva\u00f0 hann gj\u00f6r\u00f0i, \u00fe\u00e1 stendur \u00fea\u00f0 skrifa\u00f0 \u00ed \u00e1rb\u00f3kum J\u00fadak\u00f3nga.<a name=\"26\"><span class=\"versanumer\">26<\/span><\/a>Og menn gr\u00f3fu hann \u00ed hans gr\u00f6f \u00ed gar\u00f0i Usa, og J\u00f3sia hans son var\u00f0 k\u00f3ngur \u00ed hans sta\u00f0 <span class='VideyAth'>a)<\/span>.<\/p>\n<div class=\"footnoteVidey\">V. 1. 2 Kron. 33,1.  V. 3. 17,16. 1 K\u00f3ng. 16,30.33.  V. 4. a. Devt. 12,5. 1 K\u00f3ng. 8,29.  V. 6. Lev. 18,21. 20,2.  V. 11. b. Jer. 15,4.  V. 12. Jer. 19,3.  V. 16. 24,4.  V. 17. 2. Kron. 33,1.\u201320.  V. 18. c. 1 Kron. 3,14.  V. 19. d. 2 Kron. 33,21.  V. 25. 2 Kron. 33,21. fl.  V. 26. a. 2 Kron. 3,14.<\/div>\n","protected":false},"excerpt":{"rendered":"<p>Manasse og Amon, J\u00fadak\u00f3ngar. 1T\u00f3lf \u00e1ra gamall var Manasse \u00fe\u00e1 hann var\u00f0 k\u00f3ngur og 55 \u00e1r r\u00edkti hann \u00ed Jer\u00fasalem, en m\u00f3\u00f0ir hans h\u00e9t Hess\u00edba.2Og hann gj\u00f6r\u00f0i \u00fea\u00f0 sem Drottni illa l\u00edka\u00f0i, l\u00edkt vi\u00f0urstygg\u00f0 \u00fej\u00f3\u00f0anna sem Drottinn haf\u00f0i reki\u00f0 burt fr\u00e1 \u00cdsraels sonum.3Og hann bygg\u00f0i aftur \u00fe\u00e6r h\u00e6\u00f0ir, sem Esek\u00eda fa\u00f0ir hans haf\u00f0i afm\u00e1\u00f0, hann reisti Baal altari, gj\u00f6r\u00f0i bl\u00f3tlunda, eins og Akab \u00cdsraelsk\u00f3ngur haf\u00f0i gj\u00f6rt, og tilba\u00f0 allan himinsins her og \u00fej\u00f3na\u00f0i honum.4Og hann bygg\u00f0i altari \u00ed Drottins h\u00fasi, um hv\u00f6rt Drottinn haf\u00f0i sagt: \u00ed Jer\u00fasalem vil eg setja mitt nafn a).5Og hann bygg\u00f0i altari \u00f6llum himinsins her \u00ed <a href=\"https:\/\/biblian.is\/videy\/sidari-konungabok-21-kafli\/\"> [&#8230;]<\/a><\/p>\n","protected":false},"author":1,"featured_media":0,"parent":0,"menu_order":0,"comment_status":"open","ping_status":"open","template":"bibliukaflar.php","meta":{"footnotes":""},"class_list":["post-21183","page","type-page","status-publish","hentry"],"_links":{"self":[{"href":"https:\/\/biblian.is\/videy\/wp-json\/wp\/v2\/pages\/21183","targetHints":{"allow":["GET"]}}],"collection":[{"href":"https:\/\/biblian.is\/videy\/wp-json\/wp\/v2\/pages"}],"about":[{"href":"https:\/\/biblian.is\/videy\/wp-json\/wp\/v2\/types\/page"}],"author":[{"embeddable":true,"href":"https:\/\/biblian.is\/videy\/wp-json\/wp\/v2\/users\/1"}],"replies":[{"embeddable":true,"href":"https:\/\/biblian.is\/videy\/wp-json\/wp\/v2\/comments?post=21183"}],"version-history":[{"count":0,"href":"https:\/\/biblian.is\/videy\/wp-json\/wp\/v2\/pages\/21183\/revisions"}],"wp:attachment":[{"href":"https:\/\/biblian.is\/videy\/wp-json\/wp\/v2\/media?parent=21183"}],"curies":[{"name":"wp","href":"https:\/\/api.w.org\/{rel}","templated":true}]}}