{"id":21182,"date":"2018-01-02T01:00:42","date_gmt":"2018-01-02T01:00:42","guid":{"rendered":"http:\/\/biblian.is\/videy\/sidari-konungabok-20-kafli\/"},"modified":"2018-01-02T01:00:42","modified_gmt":"2018-01-02T01:00:42","slug":"sidari-konungabok-20-kafli","status":"publish","type":"page","link":"https:\/\/biblian.is\/videy\/sidari-konungabok-20-kafli\/","title":{"rendered":"S\u00ed\u00f0ari konungab\u00f3k 20. kafli"},"content":{"rendered":"<div class=\"fyrirsognVidey\">Esek\u00eda sj\u00fakd\u00f3mur, bati, h\u00e9g\u00f3maskapur og dau\u00f0i.<\/div>\n<p><a name=\"1\"><span class=\"versanumer\">1<\/span><\/a>\u00c1 \u00feeim t\u00edma var\u00f0 Esek\u00eda dau\u00f0sj\u00fakur. \u00de\u00e1 kom Esa\u00eda sp\u00e1ma\u00f0ur Amosson, til hans, og m\u00e6lti vi\u00f0 hann: svo segir Drottinn: r\u00e1\u00f0stafa \u00fe\u00ednu h\u00fasi, \u00fev\u00ed \u00fe\u00fa munt deyja, og ekki lifa.<a name=\"2\"><span class=\"versanumer\">2<\/span><\/a>\u00de\u00e1 sneri hann s\u00ednu andliti til veggjar, ba\u00f0 til Drottins og m\u00e6lti:<a name=\"3\"><span class=\"versanumer\">3<\/span><\/a>\u00e6 Drottinn! minnstu \u00fe\u00f3 \u00feess a\u00f0 eg hefi gengi\u00f0 fyrir \u00fe\u00e9r me\u00f0 tr\u00famennsku og me\u00f0 einl\u00e6gu hjarta, og gj\u00f6rt \u00fea\u00f0 sem \u00fe\u00e9r vel l\u00edka\u00f0i. Og Esek\u00eda gr\u00e9t miki\u00f0.<a name=\"4\"><span class=\"versanumer\">4<\/span><\/a>Enn \u00e1\u00f0ur en Esa\u00eda var kominn \u00fea\u00f0an \u00ed mi\u00f0jan sta\u00f0inn, kom or\u00f0 Drottins til hans svol\u00e1tandi:<a name=\"5\"><span class=\"versanumer\">5<\/span><\/a>Sn\u00fa \u00fe\u00fa aftur og seg til Esek\u00eda, h\u00f6f\u00f0ingja m\u00edns f\u00f3lks: svo segir Drottinn, Gu\u00f0 f\u00f6\u00f0ur \u00fe\u00edns Dav\u00ed\u00f0s: eg hefi heyrt \u00fe\u00edna b\u00e6n, s\u00e9\u00f0 \u00fe\u00edn t\u00e1r, eg vil l\u00e1ta \u00fe\u00e9r batna, \u00e1 \u00feri\u00f0ja degi skaltu ganga \u00ed Drottins h\u00fas.<a name=\"6\"><span class=\"versanumer\">6<\/span><\/a>Og eg b\u00e6ti vi\u00f0 \u00e6vi \u00fe\u00edna 15 \u00e1rum, og af hendi Ass\u00fdr\u00eduk\u00f3ngs vil eg frelsa \u00feig og \u00feenna sta\u00f0, og eg vil verja \u00feenna sta\u00f0, vegna m\u00edn, og vegna m\u00edns \u00fe\u00e9nara Dav\u00ed\u00f0s.<a name=\"7\"><span class=\"versanumer\">7<\/span><\/a>Og Esa\u00eda m\u00e6lti: komi\u00f0 me\u00f0 f\u00edkjuk\u00f6ku! og menn komu me\u00f0 hana og l\u00f6g\u00f0u hana \u00e1 meini\u00f0; \u00fe\u00e1 batna\u00f0i honum. <br \/><a name=\"8\"><span class=\"versanumer\">8<\/span><\/a>Esek\u00eda sag\u00f0i vi\u00f0 Esa\u00eda: hv\u00f6rt er merki \u00feess a\u00f0 Drottinn vilji l\u00e6kna mig, og a\u00f0 eg muni ganga \u00ed Drottins h\u00fas \u00e1 \u00feri\u00f0ja degi?<a name=\"9\"><span class=\"versanumer\">9<\/span><\/a>Og Esa\u00eda svara\u00f0i: \u00fea\u00f0 s\u00e9 \u00fe\u00e9r merki af Drottni, a\u00f0 Drottinn muni gj\u00f6ra \u00fea\u00f0 sem hann hefir tala\u00f0: skal skugginn ganga 10 l\u00ednur \u00e1fram e\u00f0a 10 l\u00ednur aftur\u00e1bak?<a name=\"10\"><span class=\"versanumer\">10<\/span><\/a>Og Esek\u00eda sag\u00f0i: \u00fea\u00f0 er h\u00e6gt fyrir skuggann a\u00f0 l\u00e6kka um 10 l\u00ednur, ekki \u00fea\u00f0, heldur skal skugginn ganga 10 l\u00ednur aftur\u00e1bak.<a name=\"11\"><span class=\"versanumer\">11<\/span><\/a>\u00de\u00e1 kalla\u00f0i sp\u00e1ma\u00f0urinn Esa\u00eda til Drottins, og hann l\u00e9t skuggann ganga \u00e1 s\u00f3lsk\u00edfunni aftur\u00e1bak 10 l\u00ednur, \u00fear sem hann var ni\u00f0urgenginn, \u00e1 Akabs s\u00f3lsk\u00edfu. <br \/><a name=\"12\"><span class=\"versanumer\">12<\/span><\/a>Um \u00feetta leyti sendi Berodak Baladan, sonur Baladans, k\u00f3ngur \u00ed Babel, br\u00e9f og g\u00e1fur til Esek\u00eda, af \u00fev\u00ed hann haf\u00f0i heyrt a\u00f0 Esek\u00eda hef\u00f0i veri\u00f0 sj\u00fakur.<a name=\"13\"><span class=\"versanumer\">13<\/span><\/a>Og Esek\u00eda fagna\u00f0i \u00feeim vel, og s\u00fdndi \u00feeim allt sitt f\u00e9hirsluh\u00fas, silfri\u00f0 og gulli\u00f0 og ilmjurtirnar, og \u00fea\u00f0 d\u00fdra vi\u00f0smj\u00f6r, og allt sitt tygjah\u00fas, og allt \u00fea\u00f0 sem var \u00ed f\u00e9hirslum, \u00fea\u00f0 var ekkert til, sem Esek\u00eda ekki s\u00fdndi, \u00ed hans h\u00fasi og \u00ed \u00f6llu hans veldi.<a name=\"14\"><span class=\"versanumer\">14<\/span><\/a>\u00de\u00e1 kom sp\u00e1ma\u00f0urinn Esa\u00eda til k\u00f3ngs Esek\u00eda og m\u00e6lti til hans: hva\u00f0 hafa \u00feessir menn sagt \u00fe\u00e9r? Og Esek\u00eda svara\u00f0i: \u00far fjarl\u00e6gu landi eru \u00feeir komnir, fr\u00e1 Babel.<a name=\"15\"><span class=\"versanumer\">15<\/span><\/a>Og hann m\u00e6lti: hva\u00f0 hafa \u00feeir s\u00e9\u00f0 \u00ed \u00fe\u00ednu h\u00fasi? Og Esek\u00eda svara\u00f0i: allt sem \u00ed m\u00ednu h\u00fasi er, hafa \u00feeir s\u00e9\u00f0; ekkert er \u00ed m\u00ednum hirslum, sem eg ekki hefi s\u00fdnt \u00feeim. <br \/><a name=\"16\"><span class=\"versanumer\">16<\/span><\/a>\u00de\u00e1 m\u00e6lti Esa\u00eda vi\u00f0 Esek\u00eda: heyr Drottins or\u00f0!<a name=\"17\"><span class=\"versanumer\">17<\/span><\/a>sj\u00e1! \u00feeir dagar munu koma a\u00f0 allt, sem \u00ed \u00fe\u00ednu h\u00fasi er, ver\u00f0ur flutt burt, og \u00fea\u00f0 sem \u00fe\u00ednir fe\u00f0ur hafa safna\u00f0, allt til \u00feessa dags, til Babels; ekkert mun eftir ver\u00f0a, segir Drottinn.<a name=\"18\"><span class=\"versanumer\">18<\/span><\/a>Og af \u00fe\u00ednum sonum sem af \u00fe\u00e9r koma, sem \u00fe\u00fa munt eignast, munu \u00feeir taka nokkra, a\u00f0 \u00feeir ver\u00f0i herbergjasveinar \u00ed h\u00f6ll k\u00f3ngsins \u00ed Babel.<a name=\"19\"><span class=\"versanumer\">19<\/span><\/a>Og Esek\u00eda sag\u00f0i til Esa\u00eda: gott er \u00fea\u00f0 Drottins or\u00f0 sem \u00fe\u00fa hefir tala\u00f0! og hann m\u00e6lti: gott og vel! eg \u00f3ska a\u00f0eins a\u00f0 lukka og fri\u00f0ur s\u00e9 me\u00f0an eg lifi!<a name=\"20\"><span class=\"versanumer\">20<\/span><\/a>En hva\u00f0 meira er a\u00f0 segja af Esek\u00eda og \u00f6llum hans hreystiverkum, og \u00f6llu sem hann gj\u00f6r\u00f0i, og hv\u00f6rsu hann tilbj\u00f3 d\u00edki\u00f0 og vatnsrennurnar, og leiddi vatni\u00f0 inn \u00ed sta\u00f0inn, \u00fe\u00e1 stendur \u00fea\u00f0 skrifa\u00f0 \u00ed \u00e1rb\u00f3kum J\u00fadak\u00f3nga.<a name=\"21\"><span class=\"versanumer\">21<\/span><\/a>Og Esek\u00eda lag\u00f0ist hj\u00e1 s\u00ednum fe\u00f0rum, og Manasse hans son var\u00f0 k\u00f3ngur \u00ed hans sta\u00f0 <span class='VideyAth'>a)<\/span>.<\/p>\n<div class=\"footnoteVidey\">V. 1. Es. 38,1.  V. 2. Es. 38,2.  V. 3. Es. 38,3.  V. 4. Es. 38,4.  V. 5. Es. 38,5.  V. 6. Es. 37,35. 38,36.  V. 7. Es. 38,21.22.  V. 8. Es. 38,22.  V. 12. Es. 39,1.  V. 13. Es. 39,2.  V. 14. Es. 39,3.  V. 15. Es. 39,4.  V. 16. og 17. Es. 39,5.6. Jer. 20,5.  V. 18. Es. 39,7.  V. 19. 1 Sam. 3,18. Esa. 39,8.  V. 20. 2 Kron. 29,1\u201332,30.  V. 21. Kap. 21,1.<\/div>\n","protected":false},"excerpt":{"rendered":"<p>Esek\u00eda sj\u00fakd\u00f3mur, bati, h\u00e9g\u00f3maskapur og dau\u00f0i. 1\u00c1 \u00feeim t\u00edma var\u00f0 Esek\u00eda dau\u00f0sj\u00fakur. \u00de\u00e1 kom Esa\u00eda sp\u00e1ma\u00f0ur Amosson, til hans, og m\u00e6lti vi\u00f0 hann: svo segir Drottinn: r\u00e1\u00f0stafa \u00fe\u00ednu h\u00fasi, \u00fev\u00ed \u00fe\u00fa munt deyja, og ekki lifa.2\u00de\u00e1 sneri hann s\u00ednu andliti til veggjar, ba\u00f0 til Drottins og m\u00e6lti:3\u00e6 Drottinn! minnstu \u00fe\u00f3 \u00feess a\u00f0 eg hefi gengi\u00f0 fyrir \u00fe\u00e9r me\u00f0 tr\u00famennsku og me\u00f0 einl\u00e6gu hjarta, og gj\u00f6rt \u00fea\u00f0 sem \u00fe\u00e9r vel l\u00edka\u00f0i. Og Esek\u00eda gr\u00e9t miki\u00f0.4Enn \u00e1\u00f0ur en Esa\u00eda var kominn \u00fea\u00f0an \u00ed mi\u00f0jan sta\u00f0inn, kom or\u00f0 Drottins til hans svol\u00e1tandi:5Sn\u00fa \u00fe\u00fa aftur og seg til Esek\u00eda, h\u00f6f\u00f0ingja m\u00edns f\u00f3lks: svo segir <a href=\"https:\/\/biblian.is\/videy\/sidari-konungabok-20-kafli\/\"> [&#8230;]<\/a><\/p>\n","protected":false},"author":1,"featured_media":0,"parent":0,"menu_order":0,"comment_status":"open","ping_status":"open","template":"bibliukaflar.php","meta":{"footnotes":""},"class_list":["post-21182","page","type-page","status-publish","hentry"],"_links":{"self":[{"href":"https:\/\/biblian.is\/videy\/wp-json\/wp\/v2\/pages\/21182","targetHints":{"allow":["GET"]}}],"collection":[{"href":"https:\/\/biblian.is\/videy\/wp-json\/wp\/v2\/pages"}],"about":[{"href":"https:\/\/biblian.is\/videy\/wp-json\/wp\/v2\/types\/page"}],"author":[{"embeddable":true,"href":"https:\/\/biblian.is\/videy\/wp-json\/wp\/v2\/users\/1"}],"replies":[{"embeddable":true,"href":"https:\/\/biblian.is\/videy\/wp-json\/wp\/v2\/comments?post=21182"}],"version-history":[{"count":0,"href":"https:\/\/biblian.is\/videy\/wp-json\/wp\/v2\/pages\/21182\/revisions"}],"wp:attachment":[{"href":"https:\/\/biblian.is\/videy\/wp-json\/wp\/v2\/media?parent=21182"}],"curies":[{"name":"wp","href":"https:\/\/api.w.org\/{rel}","templated":true}]}}