{"id":21181,"date":"2018-01-02T01:00:42","date_gmt":"2018-01-02T01:00:42","guid":{"rendered":"http:\/\/biblian.is\/videy\/sidari-konungabok-19-kafli\/"},"modified":"2018-01-02T01:00:42","modified_gmt":"2018-01-02T01:00:42","slug":"sidari-konungabok-19-kafli","status":"publish","type":"page","link":"https:\/\/biblian.is\/videy\/sidari-konungabok-19-kafli\/","title":{"rendered":"S\u00ed\u00f0ari konungab\u00f3k 19. kafli"},"content":{"rendered":"<div class=\"fyrirsognVidey\">Esek\u00edas bi\u00f0ur, og ver\u00f0ur d\u00e1samlega frelsa\u00f0ur.<\/div>\n<p><a name=\"1\"><span class=\"versanumer\">1<\/span><\/a>En sem Esek\u00eda k\u00f3ngur heyr\u00f0i \u00feetta, reif hann s\u00edn kl\u00e6\u00f0i, lag\u00f0i um sig sekk og gekk \u00ed h\u00fas Drottins.<a name=\"2\"><span class=\"versanumer\">2<\/span><\/a>Og hann sendi El\u00edakim, sem var settur yfir h\u00fasi\u00f0, og skrifaranum Sebna og \u00fe\u00e1 elstu presta, vaf\u00f0a sekkjum til sp\u00e1mannsins Esa\u00edas <span class='VideyAth'>c)<\/span>, sonar Amor.<a name=\"3\"><span class=\"versanumer\">3<\/span><\/a>Og \u00feeir s\u00f6g\u00f0u til hans: svo segir Esek\u00eda: \u00feessi dagur er \u00ferengingar-, refsingar- og h\u00e1\u00f0ungardagur, b\u00f6rnin eru komin \u00ed bur\u00f0arli\u00f0inn, en enginn kraftur er til a\u00f0 f\u00e6\u00f0a.<a name=\"4\"><span class=\"versanumer\">4<\/span><\/a>L\u00edklega heyr\u00f0i Drottinn \u00feinn Gu\u00f0 \u00f6ll or\u00f0 Rabsakis, hv\u00f6rn hans herra, Ass\u00fdr\u00eduk\u00f3ngur, sendi, til a\u00f0 atyr\u00f0a \u00feann lifandi Gu\u00f0, og Drottinn \u00feinn Gu\u00f0 mun straffa fyrir \u00feau or\u00f0 sem hann heyr\u00f0i; svo send \u00fe\u00edna b\u00e6n \u00ed h\u00e6\u00f0irnar fyrir leifarnar sem eftir eru or\u00f0nar <span class='VideyAth'>(af f\u00f3lkinu)<\/span>.<a name=\"5\"><span class=\"versanumer\">5<\/span><\/a>Svo komu k\u00f3ngs Esek\u00edas \u00fe\u00e9narar til Esa\u00edas.<a name=\"6\"><span class=\"versanumer\">6<\/span><\/a>Og Esa\u00edas sag\u00f0i til \u00feeirra: segi\u00f0 svo y\u00f0ar herra: svo segir Drottinn: hr\u00e6\u00f0stu ekki \u00feau or\u00f0 sem \u00fe\u00fa heyr\u00f0ir, me\u00f0 hv\u00f6rjum Ass\u00fdr\u00eduk\u00f3ngs sveinar l\u00f6stu\u00f0u mig.<a name=\"7\"><span class=\"versanumer\">7<\/span><\/a>Sj\u00e1! eg vil inngefa honum anda nokkurn, og hann skal heyra rikti, og sn\u00faa heim \u00ed sitt land, og eg skal l\u00e1ta hann falla fyrir sver\u00f0i, \u00ed s\u00ednu eigin landi. <br \/><a name=\"8\"><span class=\"versanumer\">8<\/span><\/a>Og Rabsake f\u00f3r til baka og hitti Ass\u00fdr\u00eduk\u00f3ng \u00fear sem hann var a\u00f0 herja \u00e1 Libna; \u00fev\u00ed hann haf\u00f0i heyrt a\u00f0 hann hef\u00f0i teki\u00f0 sig upp fr\u00e1 Lakis.<a name=\"9\"><span class=\"versanumer\">9<\/span><\/a>\u00de\u00e1 fr\u00e9tti hann \u00fea\u00f0 um Tiraka Bl\u00e1landsk\u00f3ng, a\u00f0 menn s\u00f6g\u00f0u: sj\u00e1! hann er lag\u00f0ur af sta\u00f0 til a\u00f0 berjast vi\u00f0 \u00feig. \u00de\u00e1 gj\u00f6r\u00f0i hann aftur sendimenn til Esek\u00eda og sag\u00f0i:<a name=\"10\"><span class=\"versanumer\">10<\/span><\/a>segi\u00f0 Esek\u00eda J\u00fadak\u00f3ngi: l\u00e1t ekki \u00feinn Gu\u00f0 sem \u00fe\u00fa treystir \u00e1, sv\u00edkja \u00feig, \u00fear \u00fe\u00fa segir: Jer\u00fasalem ver\u00f0ur ekki gefin \u00ed h\u00f6nd Ass\u00fdr\u00eduk\u00f3ngs.<a name=\"11\"><span class=\"versanumer\">11<\/span><\/a>Sj\u00e1! \u00fe\u00fa hefir heyrt hv\u00f6rnig Ass\u00fdr\u00eduk\u00f3ngar hafa fari\u00f0 me\u00f0 \u00f6ll \u00feau l\u00f6nd, hv\u00f6rsu \u00feeir hafa eytt \u00feau; og \u00fe\u00fa skyldir frelsast?<a name=\"12\"><span class=\"versanumer\">12<\/span><\/a>Hafa \u00fe\u00e1 gu\u00f0ir \u00fej\u00f3\u00f0anna, sem m\u00ednir fe\u00f0ur hafa gj\u00f6reytt, frelsa\u00f0 \u00fe\u00e6r, Gosan og Haran og Resef og Edens syni \u00ed Telassar?<a name=\"13\"><span class=\"versanumer\">13<\/span><\/a>Hvar er Hematsk\u00f3ngur, og Arpadsk\u00f3ngur og k\u00f3ngur sta\u00f0arins Sefarvaim, \u00ed Hena og Iva? <br \/><a name=\"14\"><span class=\"versanumer\">14<\/span><\/a>Og Esek\u00eda t\u00f3k br\u00e9fi\u00f0 \u00far hendi sendibo\u00f0ans og las \u00fea\u00f0, og gekk \u00ed Drottins h\u00fas og \u00fatbreiddi \u00fea\u00f0 fyrir Drottni.<a name=\"15\"><span class=\"versanumer\">15<\/span><\/a>Og Esek\u00eda gj\u00f6r\u00f0i b\u00e6n s\u00edna frammi fyrir Drottni og m\u00e6lti: Drottinn Gu\u00f0 \u00cdsraels sem situr yfir ker\u00fabum, \u00fe\u00fa ert einn Gu\u00f0 allra jar\u00f0arinnar k\u00f3ngsr\u00edkja, \u00fe\u00fa hefir gj\u00f6rt himin og j\u00f6r\u00f0.<a name=\"16\"><span class=\"versanumer\">16<\/span><\/a>Hneig Drottinn \u00feitt eyra, og heyr! opna \u00fe\u00edn augu, og sj\u00e1! og heyr Sankeribs or\u00f0, sem hann sendi til a\u00f0 sm\u00e1na me\u00f0 \u00feann lifanda Gu\u00f0.<a name=\"17\"><span class=\"versanumer\">17<\/span><\/a>Drottinn! sannarlega hafa Ass\u00fdr\u00eduk\u00f3ngar ey\u00f0ilagt \u00fej\u00f3\u00f0ir og \u00feeirra l\u00f6nd,<a name=\"18\"><span class=\"versanumer\">18<\/span><\/a>og hafa kasta\u00f0 gu\u00f0um \u00feeirra \u00ed eld; \u00fev\u00ed \u00feeir eru engir gu\u00f0ir, heldur handaverk manna, tr\u00e9 og steinn, \u00feeir hafa afm\u00e1\u00f0 \u00fe\u00e1.<a name=\"19\"><span class=\"versanumer\">19<\/span><\/a>En Drottinn vor Gu\u00f0, hj\u00e1lpa oss af hans hendi, svo \u00f6ll r\u00edki jar\u00f0arinnar kannist vi\u00f0 a\u00f0 \u00fe\u00fa, Drottinn! ert s\u00e1 eini Gu\u00f0. <br \/><a name=\"20\"><span class=\"versanumer\">20<\/span><\/a>\u00de\u00e1 sendi Esa\u00eda Amosson til Esek\u00eda og m\u00e6lti: svo segir Drottinn \u00cdsraels Gu\u00f0: eg hefi heyrt \u00fea\u00f0 sem \u00fe\u00fa ba\u00f0st mig um, vi\u00f0v\u00edkjandi Ass\u00fdr\u00eduk\u00f3ngi Sankerib.<a name=\"21\"><span class=\"versanumer\">21<\/span><\/a>\u00dea\u00f0 er \u00fea\u00f0 or\u00f0 sem Drottinn hefir tala\u00f0 um hann: \u00feig forsm\u00e1ir, a\u00f0 \u00fe\u00e9r h\u00e6\u00f0ist jungfr\u00fain S\u00edonsd\u00f3ttir; Jer\u00fasalemsd\u00f3ttir skekur h\u00f6fu\u00f0i\u00f0 a\u00f0 \u00fe\u00e9r.<a name=\"22\"><span class=\"versanumer\">22<\/span><\/a>Hv\u00f6rn hefir \u00fe\u00fa sm\u00e1na\u00f0 og lasta\u00f0, og m\u00f3ti hv\u00f6rjum upplyft \u00feinni raust? \u00fe\u00fa hefir hafi\u00f0 \u00fe\u00edn augu h\u00e1tt gegn \u00cdsraels heilaga <span class='VideyAth'>(Gu\u00f0i)<\/span>!<a name=\"23\"><span class=\"versanumer\">23<\/span><\/a>\u00de\u00fa hefir l\u00e1ti\u00f0 \u00feinn sendibo\u00f0a sm\u00e1na herrann og sagt: me\u00f0 minna vagna gr\u00faa st\u00e9 eg upp \u00e1 fjallh\u00e6\u00f0irnar, Libanonshl\u00ed\u00f0ar, og eg hj\u00f3 upp \u00feess <span class='VideyAth'>(fjalls)<\/span> sedrusvi\u00f0 og einvala furutr\u00e9, og \u00e6tla m\u00e9r a\u00f0 koma til Karmelssk\u00f3gar ystu heimkynna.<a name=\"24\"><span class=\"versanumer\">24<\/span><\/a>Eg gref eftir \u00fatlendum v\u00f6tnum og drekk \u00feau, og \u00feurrka me\u00f0 sporum minna f\u00f3ta allar dj\u00fapar \u00e1r. <br \/><a name=\"25\"><span class=\"versanumer\">25<\/span><\/a>Hefir \u00fe\u00fa ekki heyrt a\u00f0 eg fyrir l\u00f6ngu hefi \u00feetta gj\u00f6rt, og fr\u00e1 g\u00f6mlum t\u00ed\u00f0um undirb\u00fai\u00f0 \u00fea\u00f0? N\u00fa hefi eg l\u00e1ti\u00f0 \u00fea\u00f0 koma <span class='VideyAth'>(\u00fe\u00e9r \u00ed koll)<\/span> a\u00f0 \u00fe\u00fa gj\u00f6r\u00f0ir rambygg\u00f0ar borgir a\u00f0 rofhr\u00fagum.<a name=\"26\"><span class=\"versanumer\">26<\/span><\/a>Og \u00feeirra innb\u00faar skelfdust magnlausir, og ur\u00f0u til skammar; \u00feeir ur\u00f0u sem gras akursins, og gr\u00e6nar jurtir, sem gras \u00e1 \u00fe\u00f6kum, og brennt korn \u00e1\u00f0ur en \u00fea\u00f0 hefir n\u00e1\u00f0 s\u00ednum vexti.<a name=\"27\"><span class=\"versanumer\">27<\/span><\/a>En eg \u00feekki \u00fe\u00edna setu, og \u00feinn \u00fatgang og inngang, og \u00feinn ofsa gegn m\u00e9r.<a name=\"28\"><span class=\"versanumer\">28<\/span><\/a>Vegna \u00fe\u00edns ofsa vi\u00f0 mig, og vegna \u00feess \u00feinn ofmetna\u00f0ur er kominn m\u00e9r til eyrna, set eg minn hring \u00ed \u00fe\u00ednar nasir, og minn bitil \u00fe\u00e9r \u00ed munn, og lei\u00f0i \u00feig til baka \u00feann veg sem \u00fe\u00fa ert kominn.<a name=\"29\"><span class=\"versanumer\">29<\/span><\/a>Og \u00feetta skal vera \u00fe\u00e9r til merkis: eitt \u00e1ri\u00f0 \u00e1tu\u00f0 \u00fe\u00e9r \u00fea\u00f0 s\u00ed\u00f0vaxna, og anna\u00f0 \u00e1ri\u00f0 \u00fea\u00f0 sj\u00e1lfvaxna, og \u00e1 \u00feri\u00f0ja \u00e1rinu skulu\u00f0 \u00fe\u00e9r s\u00e1 og uppskera, og planta v\u00ednvi\u00f0 og eta hans \u00e1v\u00f6xt.<a name=\"30\"><span class=\"versanumer\">30<\/span><\/a>\u00deeir frelsu\u00f0u af J\u00fada h\u00fasi, \u00feeir eftiror\u00f0nu, skulu h\u00e9r eftir festa r\u00e6tur a\u00f0 ne\u00f0an, og bera \u00e1vexti a\u00f0 ofan.<a name=\"31\"><span class=\"versanumer\">31<\/span><\/a>\u00dev\u00ed fr\u00e1 Jer\u00fasalem skulu leifar koma, og frelsa\u00f0ir fr\u00e1 S\u00edonsfjalli; vandl\u00e6ti Drottins allsherjar skal gj\u00f6ra sl\u00edkt <span class='VideyAth'>a)<\/span>. <br \/><a name=\"32\"><span class=\"versanumer\">32<\/span><\/a>\u00dev\u00ed segir Drottinn svo um Assyr\u00eduk\u00f3ng: hann mun ei koma \u00ed \u00feenna sta\u00f0, engri \u00f6r \u00feanga\u00f0 inn skj\u00f3ta, og engum skildi a\u00f0 honum sn\u00faa, og engan vegg m\u00f3ti honum upp hla\u00f0a.<a name=\"33\"><span class=\"versanumer\">33<\/span><\/a>\u00deann veg sem hann kemur mun hann fara til baka, og ekki koma \u00ed \u00feenna sta\u00f0, segir Drottinn.<a name=\"34\"><span class=\"versanumer\">34<\/span><\/a>Eg ver \u00feenna sta\u00f0 og frelsa hann, m\u00edn vegna, og vegna m\u00edns \u00fe\u00e9nara Dav\u00ed\u00f0s. <br \/><a name=\"35\"><span class=\"versanumer\">35<\/span><\/a>Og \u00e1 s\u00f6mu n\u00f3tt f\u00f3r engill Drottins, og sl\u00f3 \u00ed hel \u00ed herb\u00fa\u00f0um assyriskra 185 \u00fe\u00fasundir manns. Og er menn risu \u00e1rla daginn eftir, sj\u00e1! \u00fe\u00e1 l\u00e1 \u00fear allt fullt af dau\u00f0ra manna l\u00edkum.<a name=\"36\"><span class=\"versanumer\">36<\/span><\/a>\u00de\u00e1 t\u00f3k Sankerib Ass\u00fdr\u00eduk\u00f3ngur sig upp, f\u00f3r burt, og sneri til baka og settist a\u00f0 \u00ed Nin\u00edve.<a name=\"37\"><span class=\"versanumer\">37<\/span><\/a>Og sem hann ba\u00f0st fyrir \u00ed h\u00fasi Nisroks, s\u00edns Gu\u00f0s, unnu synir hans Adramelek og Sareser \u00e1 honum me\u00f0 sver\u00f0i; en \u00feeir fl\u00fa\u00f0u \u00ed landi\u00f0 Ararat. Og Asarhaddon hans son var\u00f0 k\u00f3ngur \u00ed hans sta\u00f0.<\/p>\n<div class=\"footnoteVidey\">V. 1. Esa. 37,1.  V. 2. c. Esa. 1,1.  V. 3. Esa. 37,3.  V. 5. Esa. 37,5.  V. 15. S\u00e1lm. 80,2. 99,1.  V. 23. Es. 37,24.  V. 26. S\u00e1lm. 129,6. Es. 37,27.  V. 24. Dj\u00fapar \u00e1r. A\u00f0rir lesa: Egyptalands \u00e1r.  V. 28. Es. 37,29.  V. 29. Es. 37,30.  V. 31. a. Es. 9,7.  V. 34. 20,6.  V. 35. Es. 37,36. 1 Makk. 7,41.<\/div>\n","protected":false},"excerpt":{"rendered":"<p>Esek\u00edas bi\u00f0ur, og ver\u00f0ur d\u00e1samlega frelsa\u00f0ur. 1En sem Esek\u00eda k\u00f3ngur heyr\u00f0i \u00feetta, reif hann s\u00edn kl\u00e6\u00f0i, lag\u00f0i um sig sekk og gekk \u00ed h\u00fas Drottins.2Og hann sendi El\u00edakim, sem var settur yfir h\u00fasi\u00f0, og skrifaranum Sebna og \u00fe\u00e1 elstu presta, vaf\u00f0a sekkjum til sp\u00e1mannsins Esa\u00edas c), sonar Amor.3Og \u00feeir s\u00f6g\u00f0u til hans: svo segir Esek\u00eda: \u00feessi dagur er \u00ferengingar-, refsingar- og h\u00e1\u00f0ungardagur, b\u00f6rnin eru komin \u00ed bur\u00f0arli\u00f0inn, en enginn kraftur er til a\u00f0 f\u00e6\u00f0a.4L\u00edklega heyr\u00f0i Drottinn \u00feinn Gu\u00f0 \u00f6ll or\u00f0 Rabsakis, hv\u00f6rn hans herra, Ass\u00fdr\u00eduk\u00f3ngur, sendi, til a\u00f0 atyr\u00f0a \u00feann lifandi Gu\u00f0, og Drottinn \u00feinn Gu\u00f0 mun straffa fyrir \u00feau <a href=\"https:\/\/biblian.is\/videy\/sidari-konungabok-19-kafli\/\"> [&#8230;]<\/a><\/p>\n","protected":false},"author":1,"featured_media":0,"parent":0,"menu_order":0,"comment_status":"open","ping_status":"open","template":"bibliukaflar.php","meta":{"footnotes":""},"class_list":["post-21181","page","type-page","status-publish","hentry"],"_links":{"self":[{"href":"https:\/\/biblian.is\/videy\/wp-json\/wp\/v2\/pages\/21181","targetHints":{"allow":["GET"]}}],"collection":[{"href":"https:\/\/biblian.is\/videy\/wp-json\/wp\/v2\/pages"}],"about":[{"href":"https:\/\/biblian.is\/videy\/wp-json\/wp\/v2\/types\/page"}],"author":[{"embeddable":true,"href":"https:\/\/biblian.is\/videy\/wp-json\/wp\/v2\/users\/1"}],"replies":[{"embeddable":true,"href":"https:\/\/biblian.is\/videy\/wp-json\/wp\/v2\/comments?post=21181"}],"version-history":[{"count":0,"href":"https:\/\/biblian.is\/videy\/wp-json\/wp\/v2\/pages\/21181\/revisions"}],"wp:attachment":[{"href":"https:\/\/biblian.is\/videy\/wp-json\/wp\/v2\/media?parent=21181"}],"curies":[{"name":"wp","href":"https:\/\/api.w.org\/{rel}","templated":true}]}}