{"id":21179,"date":"2018-01-02T01:00:42","date_gmt":"2018-01-02T01:00:42","guid":{"rendered":"http:\/\/biblian.is\/videy\/sidari-konungabok-17-kafli\/"},"modified":"2018-01-02T01:00:42","modified_gmt":"2018-01-02T01:00:42","slug":"sidari-konungabok-17-kafli","status":"publish","type":"page","link":"https:\/\/biblian.is\/videy\/sidari-konungabok-17-kafli\/","title":{"rendered":"S\u00ed\u00f0ari konungab\u00f3k 17. kafli"},"content":{"rendered":"<div class=\"fyrirsognVidey\">H\u00f3sea seinasti k\u00f3ngur \u00ed \u00cdsrael. Samverskra uppruni.<\/div>\n<p><a name=\"1\"><span class=\"versanumer\">1<\/span><\/a>\u00c1 12ta \u00e1ri Akas J\u00fadak\u00f3ngs, var\u00f0 H\u00f3sea Elason k\u00f3ngur \u00ed Samar\u00edu yfir \u00cdsrael, <span class='VideyAth'>(og r\u00edkti)<\/span> n\u00edu \u00e1r.<a name=\"2\"><span class=\"versanumer\">2<\/span><\/a>Og hann a\u00f0haf\u00f0ist \u00fea\u00f0 sem Drottni illa l\u00edka\u00f0i; \u00fe\u00f3 ekki eins og \u00feeir \u00cdsraelsk\u00f3ngar sem undan honum h\u00f6f\u00f0u veri\u00f0.<a name=\"3\"><span class=\"versanumer\">3<\/span><\/a>M\u00f3ti honum f\u00f3r lei\u00f0angur Salmanassar Ass\u00fdr\u00eduk\u00f3ngur og H\u00f3sea var\u00f0 hans \u00feegn og galt honum skatt.<a name=\"4\"><span class=\"versanumer\">4<\/span><\/a>En Ass\u00fdr\u00eduk\u00f3ngur var\u00f0 \u00e1skynja um uppreisn af Hosea, \u00fev\u00ed hann haf\u00f0i gj\u00f6rt sendimenn til So, k\u00f3ngsins \u00ed Egyptalandi, og ekki goldi\u00f0 skatt Ass\u00fdr\u00eduk\u00f3ngi eins og \u00e1\u00f0ur \u00e1rliga; \u00fe\u00e1 t\u00f3k Ass\u00fdr\u00eduk\u00f3ngur hann til fanga, og setti hann bundinn \u00ed fangelsi.<a name=\"5\"><span class=\"versanumer\">5<\/span><\/a>Og Ass\u00fdr\u00eduk\u00f3ngur f\u00f3r yfir allt landi\u00f0, og upp til Samar\u00edu, og sat um hana \u00ed \u00ferj\u00fa \u00e1r.<a name=\"6\"><span class=\"versanumer\">6<\/span><\/a>\u00c1 9da \u00e1ri H\u00f3sea t\u00f3k Ass\u00fdr\u00eduk\u00f3ngur Samar\u00edu, og flutti \u00cdsraelsmenn til Ass\u00fdr\u00edu og f\u00e9kk \u00feeim b\u00fasta\u00f0i \u00ed Hala og Habor, hj\u00e1 \u00e1nni G\u00f3san og \u00ed st\u00f6\u00f0um Mediumanna. <br \/><a name=\"7\"><span class=\"versanumer\">7<\/span><\/a>Og s\u00f6kum \u00feess a\u00f0 \u00cdsraels synir syndgu\u00f0u m\u00f3ti Drottni s\u00ednum Gu\u00f0i, sem haf\u00f0i flutt \u00fe\u00e1 \u00far Egyptalandi, undan hendi fara\u00f3s, Egyptalandskonungs, og af \u00fev\u00ed \u00feeir \u00f3ttu\u00f0ust a\u00f0ra Gu\u00f0i,<a name=\"8\"><span class=\"versanumer\">8<\/span><\/a>og gengu eftir si\u00f0um \u00fej\u00f3\u00f0anna sem Drottinn rak \u00fat fr\u00e1 \u00cdsraels sonum, og eftir \u00cdsraelskonunga setningum,<a name=\"9\"><span class=\"versanumer\">9<\/span><\/a>og s\u00f6kum \u00feess a\u00f0 \u00cdsraelssynir a\u00f0h\u00f6f\u00f0ust \u00fea\u00f0 me\u00f0 launung, sem rangt var, m\u00f3ti Drottni \u00feeirra Gu\u00f0i, og bygg\u00f0u s\u00e9r h\u00e6\u00f0ir \u00ed \u00f6llum s\u00ednum st\u00f6\u00f0um, fr\u00e1 hir\u00f0manna turnum allt til borganna,<a name=\"10\"><span class=\"versanumer\">10<\/span><\/a>og reistu s\u00e9r s\u00falur og afgu\u00f0al\u00edkneskjur \u00e1 hv\u00f6rjum h\u00e1um h\u00f3l, og undir hv\u00f6rju bl\u00f3mgu\u00f0u tr\u00e9 <span class='VideyAth'>a)<\/span>,<a name=\"11\"><span class=\"versanumer\">11<\/span><\/a>og brenndu reykelsi \u00e1 \u00f6llum h\u00e6\u00f0um, eins og \u00fej\u00f3\u00f0irnar, sem Drottinn burt flutti fr\u00e1 \u00feeim, og a\u00f0h\u00f6f\u00f0ust \u00feetta til a\u00f0 m\u00f3\u00f0ga Drottin;<a name=\"12\"><span class=\"versanumer\">12<\/span><\/a>og \u00fej\u00f3nu\u00f0u afgu\u00f0um, hvar um Drottinn haf\u00f0i til \u00feeirra sagt: \u00fe\u00e9r skulu\u00f0 ekki gj\u00f6ra sl\u00edkt!<a name=\"13\"><span class=\"versanumer\">13<\/span><\/a>Og \u00fe\u00f3 Drottinn, fyrir millig\u00f6ngu allra sinna sp\u00e1manna, allra sj\u00e1endanna, a\u00f0vara\u00f0i \u00cdsrael og J\u00fada og seg\u00f0i: sn\u00fai\u00f0 til baka fr\u00e1 y\u00f0ar vondum vegi, og haldi\u00f0 m\u00edn bo\u00f0or\u00f0, m\u00edna setninga og allt \u00fea\u00f0 l\u00f6gm\u00e1l, sem eg bau\u00f0 y\u00f0ar fe\u00f0rum, og sem eg hefi sent y\u00f0ur, me\u00f0 m\u00ednum \u00fej\u00f3num, sp\u00e1m\u00f6nnunum;<a name=\"14\"><span class=\"versanumer\">14<\/span><\/a>en \u00feeir gegndu ekki, og voru \u00feverbrotnir eins og \u00feeirra fe\u00f0ur, sem ekki tr\u00fa\u00f0u \u00e1 Drottin \u00feeirra Gu\u00f0;<a name=\"15\"><span class=\"versanumer\">15<\/span><\/a>og forsm\u00e1\u00f0u hans setninga og s\u00e1ttm\u00e1la sem hann gj\u00f6r\u00f0i vi\u00f0 fe\u00f0ur \u00feeirra, og hans vi\u00f0varanir, sem hann gaf \u00feeim, og gengu eftir h\u00e9g\u00f3mlegum afgu\u00f0um, og d\u00fdrku\u00f0u afgu\u00f0i, og breyttu eftir \u00fej\u00f3\u00f0unum sem bjuggu allt \u00ed kringum \u00fe\u00e1, hv\u00f6rjum vi\u00f0v\u00edkjandi Drottinn haf\u00f0i bo\u00f0i\u00f0, a\u00f0 \u00feeir skyldu ei breyta sem \u00fe\u00e6r.<a name=\"16\"><span class=\"versanumer\">16<\/span><\/a>Og yfirg\u00e1fu \u00f6ll bo\u00f0or\u00f0 s\u00edns Gu\u00f0s, og gj\u00f6r\u00f0u s\u00e9r steypt b\u00edl\u00e6ti, tvo k\u00e1lfa <span class='VideyAth'>b)<\/span>, og offurlunda, og tilb\u00e1\u00f0u allan himinsins her og \u00fej\u00f3nu\u00f0u Baal.<a name=\"17\"><span class=\"versanumer\">17<\/span><\/a>Og l\u00e9tu syni s\u00edna og d\u00e6tur ganga \u00ed gegnum eldinn <span class='VideyAth'>(bl\u00f3tu\u00f0u sonum s\u00ednum og d\u00e6trum)<\/span> og f\u00f3ru me\u00f0 sp\u00e1farir og fj\u00f6lkynngi, og g\u00e1fu sig \u00fat til a\u00f0 gj\u00f6ra allt sem Drottni illa l\u00edka\u00f0i, til a\u00f0 m\u00f3\u00f0ga hann;<a name=\"18\"><span class=\"versanumer\">18<\/span><\/a>\u00fe\u00e1 var\u00f0 Drottinn <span class='VideyAth'>(af \u00f6llu \u00feessu)<\/span> \u00e1kaflega rei\u00f0ur vi\u00f0 \u00cdsrael, svo hann \u00fatsk\u00fafa\u00f0i \u00feeim fr\u00e1 s\u00ednu augliti; ekkert var\u00f0 eftir nema ein J\u00fada \u00e6ttkv\u00edsl.<a name=\"19\"><span class=\"versanumer\">19<\/span><\/a><span class='VideyAth'>(Ekki h\u00e9lt samt J\u00fada heldur bo\u00f0or\u00f0 Drottins s\u00edns Gu\u00f0s, \u00feeir gengu og eftir si\u00f0um \u00cdsraelsmanna, sem \u00feeir h\u00f6f\u00f0u gj\u00f6rt (s\u00e9r))<\/span>.<a name=\"20\"><span class=\"versanumer\">20<\/span><\/a>S\u00f6kum \u00feessa \u00fatsk\u00fafa\u00f0i Drottinn allri \u00cdsraels\u00e6tt, og au\u00f0m\u00fdkti \u00fe\u00e1, og gaf \u00fe\u00e1 \u00ed hendur r\u00e6ningja, \u00feanga\u00f0 til hann snara\u00f0i \u00feeim burt fr\u00e1 s\u00ednu augliti.<a name=\"21\"><span class=\"versanumer\">21<\/span><\/a>\u00cdsrael haf\u00f0i rifi\u00f0 sig fr\u00e1 Dav\u00ed\u00f0s h\u00fasi, og teki\u00f0 til k\u00f3ngs Jer\u00f3b\u00f3am son Nebats, og Jer\u00f3b\u00f3am sneri \u00cdsrael fr\u00e1 Drottni og leiddi \u00fe\u00e1 til st\u00f3rsynda.<a name=\"22\"><span class=\"versanumer\">22<\/span><\/a>Og \u00cdsraelssynir breyttu eftir \u00f6llum syndum Jer\u00f3b\u00f3ams, sem hann a\u00f0haf\u00f0ist, \u00feeir viku ekki \u00fear fr\u00e1,<a name=\"23\"><span class=\"versanumer\">23<\/span><\/a>\u00feanga\u00f0 til Drottinn \u00fatsk\u00fafa\u00f0i \u00cdsrael fr\u00e1 s\u00ednu augliti, eins og hann haf\u00f0i tala\u00f0 fyrir munn allra sinna \u00fe\u00e9nara, sp\u00e1mannanna <span class='VideyAth'>c)<\/span>, og \u00cdsrael var fluttur burt \u00far s\u00ednu landi til Ass\u00fdr\u00edu allt til \u00feessa dags. <br \/><a name=\"24\"><span class=\"versanumer\">24<\/span><\/a>Og Ass\u00fdr\u00eduk\u00f3ngur l\u00e9t <span class='VideyAth'>(f\u00f3lk)<\/span> koma fr\u00e1 Babel og fr\u00e1 K\u00fata og fr\u00e1 Ava og fr\u00e1 Hemat og fr\u00e1 Sefarvaim, og setti \u00fea\u00f0 \u00ed Samar\u00edu sta\u00f0i, \u00ed sta\u00f0inn fyrir \u00cdsraelssyni, og \u00feeir l\u00f6g\u00f0u undir sig Samar\u00edu og bjuggu \u00ed hennar st\u00f6\u00f0um.<a name=\"25\"><span class=\"versanumer\">25<\/span><\/a>Fyrst eftir a\u00f0 \u00feeir v\u00f3ru festir \u00fear a\u00f0, \u00f3ttu\u00f0ust \u00feeir ekki Drottin, en Drottinn sendi lj\u00f3n <span class='VideyAth'>d)<\/span> me\u00f0al \u00feeirra, sem dr\u00e1pu nokkra af \u00feeim.<a name=\"26\"><span class=\"versanumer\">26<\/span><\/a>\u00de\u00e1 s\u00f6g\u00f0u \u00feeir vi\u00f0 Ass\u00fdr\u00eduk\u00f3ng: \u00fea\u00f0 f\u00f3lk sem \u00fe\u00fa fluttir og l\u00e9st b\u00faa \u00ed Samar\u00edu st\u00f6\u00f0um, \u00feekkir ekki landsgu\u00f0sins d\u00fdrkun; \u00fev\u00ed hefir hann sent lj\u00f3n me\u00f0al \u00feeirra, og sj\u00e1! \u00feau dey\u00f0a \u00fe\u00e1, af \u00fev\u00ed \u00feeir ekki \u00feekkja d\u00fdrkun gu\u00f0sins \u00ed landinu.<a name=\"27\"><span class=\"versanumer\">27<\/span><\/a>\u00de\u00e1 bau\u00f0 Ass\u00fdr\u00eduk\u00f3ngur og m\u00e6lti: fari\u00f0 \u00feanga\u00f0 me\u00f0 einn af prestunum, sem \u00fe\u00e9r fluttu\u00f0 burt \u00fea\u00f0an, a\u00f0 \u00feeir fari \u00feanga\u00f0 og b\u00fai \u00fear, og hann kenni \u00feeim d\u00fdrkun gu\u00f0sins \u00ed landinu.<a name=\"28\"><span class=\"versanumer\">28<\/span><\/a>Og svo kom einn af prestunum, sem \u00feeir h\u00f6f\u00f0u flutt burt \u00far Samar\u00edu, og hann bj\u00f3 \u00ed Betel og kenndi \u00feeim, hv\u00f6rnig \u00feeir skyldu \u00f3ttast Drottin.<a name=\"29\"><span class=\"versanumer\">29<\/span><\/a>En hv\u00f6r \u00e6ttin <span class='VideyAth'>(\u00fej\u00f3\u00f0in)<\/span> gj\u00f6r\u00f0i s\u00e9r <span class='VideyAth'>(\u00fear a\u00f0 auki)<\/span> s\u00edna gu\u00f0i, og setti \u00fe\u00e1 \u00ed h\u00fasin \u00e1 h\u00e6\u00f0unum, sem Samverskir h\u00f6f\u00f0u gj\u00f6rt, hv\u00f6r \u00e6ttin \u00ed s\u00ednum st\u00f6\u00f0um, \u00fear sem \u00feeir bjuggu.<a name=\"30\"><span class=\"versanumer\">30<\/span><\/a>\u00deeir fr\u00e1 Babel gj\u00f6r\u00f0u s\u00e9r Sukot-Benot; \u00feeir fr\u00e1 Kut gj\u00f6r\u00f0u s\u00e9r Nergal; \u00feeir fr\u00e1 Hemat gj\u00f6r\u00f0u As\u00edma,<a name=\"31\"><span class=\"versanumer\">31<\/span><\/a>\u00feeir fr\u00e1 Ava gj\u00f6r\u00f0u Nibehas og Tartak og \u00feeir fr\u00e1 Sefarvaim brenndu syni s\u00edna \u00ed eldi <span class='VideyAth'>a)<\/span> fyrir Adramelek og Anamelek, Sefarvaims gu\u00f0um.<a name=\"32\"><span class=\"versanumer\">32<\/span><\/a>\u00deeir \u00f3ttu\u00f0ust og svo Drottin og settu presta \u00e1 h\u00e6\u00f0irnar af \u00feeim l\u00edtilm\u00f3tlegustu me\u00f0al \u00feeirra, og \u00feeir b\u00e1ru f\u00f3rnir fyrir \u00fe\u00e1 \u00ed h\u00fasunum \u00e1 h\u00e6\u00f0unum.<a name=\"33\"><span class=\"versanumer\">33<\/span><\/a>Drottin \u00f3ttu\u00f0ust \u00feeir, og s\u00ednum afgu\u00f0um \u00fej\u00f3nu\u00f0u \u00feeir, eftir si\u00f0um \u00feeirra \u00fej\u00f3\u00f0a fr\u00e1 hv\u00f6rjum \u00feeir voru \u00feanga\u00f0 fluttir.<a name=\"34\"><span class=\"versanumer\">34<\/span><\/a>Allt til \u00feessa dags breyta \u00feeir eftir fornum si\u00f0; \u00feeir \u00f3ttast ekki Drottin <span class='VideyAth'>(einan)<\/span> og gj\u00f6ra ei eftir \u00feeim setningum og si\u00f0um, n\u00e9 eftir l\u00f6gm\u00e1linu og \u00feeim bo\u00f0or\u00f0um sem Drottinn gaf sonum Jakobs, hv\u00f6rjum hann haf\u00f0i gefi\u00f0 nafni\u00f0 \u00cdsrael.<a name=\"35\"><span class=\"versanumer\">35<\/span><\/a>\u00dev\u00ed Drottinn haf\u00f0i gj\u00f6rt s\u00e1ttm\u00e1la vi\u00f0 \u00fe\u00e1 og bo\u00f0i\u00f0 \u00feeim og sagt: \u00fe\u00e9r skulu\u00f0 enga a\u00f0ra Gu\u00f0i \u00f3ttast n\u00e9 tilbi\u00f0ja \u00fe\u00e1, n\u00e9 \u00fej\u00f3na \u00feeim, n\u00e9 f\u00e6ra \u00feeim f\u00f3rnir;<a name=\"36\"><span class=\"versanumer\">36<\/span><\/a>heldur Drottni sem flutti y\u00f0ur burt \u00far Egyptalandi me\u00f0 miklum krafti og \u00fatr\u00e9ttum armlegg; hann skulu\u00f0 \u00fe\u00e9r \u00f3ttast, hann tilbi\u00f0ja og honum f\u00f3rnir f\u00e6ra;<a name=\"37\"><span class=\"versanumer\">37<\/span><\/a>og \u00fe\u00e1 setninga, r\u00e9ttindi, og \u00fea\u00f0 l\u00f6gm\u00e1l, og \u00fea\u00f0 bo\u00f0or\u00f0, sem hann hefir y\u00f0ur skrifa\u00f0, skulu\u00f0 \u00fe\u00e9r halda og allt\u00ed\u00f0 eftirlifa og enga a\u00f0ra Gu\u00f0i \u00f3ttast;<a name=\"38\"><span class=\"versanumer\">38<\/span><\/a>Og \u00feeim s\u00e1ttm\u00e1la sem eg gj\u00f6r\u00f0i vi\u00f0 y\u00f0ur skulu\u00f0 \u00fe\u00e9r ekki gleyma, og enga a\u00f0ra Gu\u00f0i \u00f3ttast;<a name=\"39\"><span class=\"versanumer\">39<\/span><\/a>heldur skulu\u00f0 \u00fe\u00e9r \u00f3ttast Drottin, y\u00f0ar Gu\u00f0, og hann mun frelsa y\u00f0ur af hendi allra y\u00f0ar \u00f3vina.<a name=\"40\"><span class=\"versanumer\">40<\/span><\/a>En \u00feeir gegndu \u00fev\u00ed ekki, heldur gj\u00f6r\u00f0u eftir \u00feeirra fyrri si\u00f0um.<a name=\"41\"><span class=\"versanumer\">41<\/span><\/a>Og svona \u00f3tta\u00f0ist \u00feetta f\u00f3lk Drottin, og \u00fej\u00f3na\u00f0i l\u00edka s\u00ednum afgu\u00f0um; \u00feeirra b\u00f6rn og barnab\u00f6rn breyta eins og \u00feeirra fe\u00f0ur h\u00f6f\u00f0u breytt, allt til \u00feessa dags.<\/p>\n<div class=\"footnoteVidey\">V. 10. a. 16,14. 1 K\u00f3ng. 14,23.  V. 16. b. 1 K\u00f3ng. 12,28.  V. 17. v. 31. 21,6. 23,10.  V. 18. 23,27.  V. 23. c. H\u00f3s. 1,6. Devt. 28,36.63. f.  V. 25. d. Lev. 26,22. Spek. 11,18.19.  V. 31. a. 16,3. 21,6. Devt. 18,10.  V. 39. 1 Sam. 12,24. S\u00e1lm. 34,10.<\/div>\n","protected":false},"excerpt":{"rendered":"<p>H\u00f3sea seinasti k\u00f3ngur \u00ed \u00cdsrael. Samverskra uppruni. 1\u00c1 12ta \u00e1ri Akas J\u00fadak\u00f3ngs, var\u00f0 H\u00f3sea Elason k\u00f3ngur \u00ed Samar\u00edu yfir \u00cdsrael, (og r\u00edkti) n\u00edu \u00e1r.2Og hann a\u00f0haf\u00f0ist \u00fea\u00f0 sem Drottni illa l\u00edka\u00f0i; \u00fe\u00f3 ekki eins og \u00feeir \u00cdsraelsk\u00f3ngar sem undan honum h\u00f6f\u00f0u veri\u00f0.3M\u00f3ti honum f\u00f3r lei\u00f0angur Salmanassar Ass\u00fdr\u00eduk\u00f3ngur og H\u00f3sea var\u00f0 hans \u00feegn og galt honum skatt.4En Ass\u00fdr\u00eduk\u00f3ngur var\u00f0 \u00e1skynja um uppreisn af Hosea, \u00fev\u00ed hann haf\u00f0i gj\u00f6rt sendimenn til So, k\u00f3ngsins \u00ed Egyptalandi, og ekki goldi\u00f0 skatt Ass\u00fdr\u00eduk\u00f3ngi eins og \u00e1\u00f0ur \u00e1rliga; \u00fe\u00e1 t\u00f3k Ass\u00fdr\u00eduk\u00f3ngur hann til fanga, og setti hann bundinn \u00ed fangelsi.5Og Ass\u00fdr\u00eduk\u00f3ngur f\u00f3r yfir allt landi\u00f0, og <a href=\"https:\/\/biblian.is\/videy\/sidari-konungabok-17-kafli\/\"> [&#8230;]<\/a><\/p>\n","protected":false},"author":1,"featured_media":0,"parent":0,"menu_order":0,"comment_status":"open","ping_status":"open","template":"bibliukaflar.php","meta":{"footnotes":""},"class_list":["post-21179","page","type-page","status-publish","hentry"],"_links":{"self":[{"href":"https:\/\/biblian.is\/videy\/wp-json\/wp\/v2\/pages\/21179","targetHints":{"allow":["GET"]}}],"collection":[{"href":"https:\/\/biblian.is\/videy\/wp-json\/wp\/v2\/pages"}],"about":[{"href":"https:\/\/biblian.is\/videy\/wp-json\/wp\/v2\/types\/page"}],"author":[{"embeddable":true,"href":"https:\/\/biblian.is\/videy\/wp-json\/wp\/v2\/users\/1"}],"replies":[{"embeddable":true,"href":"https:\/\/biblian.is\/videy\/wp-json\/wp\/v2\/comments?post=21179"}],"version-history":[{"count":0,"href":"https:\/\/biblian.is\/videy\/wp-json\/wp\/v2\/pages\/21179\/revisions"}],"wp:attachment":[{"href":"https:\/\/biblian.is\/videy\/wp-json\/wp\/v2\/media?parent=21179"}],"curies":[{"name":"wp","href":"https:\/\/api.w.org\/{rel}","templated":true}]}}