{"id":21178,"date":"2018-01-02T01:00:42","date_gmt":"2018-01-02T01:00:42","guid":{"rendered":"http:\/\/biblian.is\/videy\/sidari-konungabok-16-kafli\/"},"modified":"2018-01-02T01:00:42","modified_gmt":"2018-01-02T01:00:42","slug":"sidari-konungabok-16-kafli","status":"publish","type":"page","link":"https:\/\/biblian.is\/videy\/sidari-konungabok-16-kafli\/","title":{"rendered":"S\u00ed\u00f0ari konungab\u00f3k 16. kafli"},"content":{"rendered":"<div class=\"fyrirsognVidey\">Akas J\u00fadak\u00f3ngur.<\/div>\n<p><a name=\"1\"><span class=\"versanumer\">1<\/span><\/a>\u00c1 17da \u00e1ri Peka, sonar Remal\u00eda, var\u00f0 Akas k\u00f3ngur, sonur J\u00f3tams J\u00fadak\u00f3ngs.<a name=\"2\"><span class=\"versanumer\">2<\/span><\/a>Akas var tv\u00edtugur, \u00fe\u00e1 hann var\u00f0 k\u00f3ngur, og 16 \u00e1r r\u00edkti hann \u00ed Jer\u00fasalem. Og hann gj\u00f6r\u00f0i ei \u00fea\u00f0 sem r\u00e9tt var fyrir augliti Drottins hans Gu\u00f0s, eins og hans fa\u00f0ir Dav\u00ed\u00f0.<a name=\"3\"><span class=\"versanumer\">3<\/span><\/a>Hann gekk \u00e1 vegum \u00cdsraelsk\u00f3nga, l\u00e9t son sinn ganga gegnum eldinn, <span class='VideyAth'>(bl\u00f3ta\u00f0i jafnvel syni s\u00ednum)<\/span>, eftir vi\u00f0bj\u00f3\u00f0slegum si\u00f0um \u00feeirra \u00fej\u00f3\u00f0a, sem Drottinn haf\u00f0i \u00fatreki\u00f0 fr\u00e1 \u00cdsraels b\u00f6rnum.<a name=\"4\"><span class=\"versanumer\">4<\/span><\/a>Og \u00e1 h\u00e6\u00f0unum f\u00e6r\u00f0i hann f\u00f3rnir og brenndi reykelsi \u00e1 hv\u00f6rjum h\u00f3l og undir hv\u00f6rju bl\u00f3mgu\u00f0u tr\u00e9. <br \/><a name=\"5\"><span class=\"versanumer\">5<\/span><\/a>\u00de\u00e1 f\u00f3ru Resin S\u00fdrlandsk\u00f3ngur, og Peka sonur Remal\u00eda, \u00cdsraelsk\u00f3ngur, herf\u00f6r m\u00f3ti Jer\u00fasalem, og \u00fer\u00f6ngvu\u00f0u Akas, en orku\u00f0u engu \u00ed \u00feeirri herf\u00f6r.<a name=\"6\"><span class=\"versanumer\">6<\/span><\/a>\u00c1 sama t\u00edma kom Resin, S\u00fdrlandsk\u00f3ngur, Elat aftur undir S\u00fdrland, og s\u00fdrlenskir komu til Elat, og hafa b\u00fai\u00f0 \u00fear til \u00feessa dags.<a name=\"7\"><span class=\"versanumer\">7<\/span><\/a>\u00de\u00e1 sendi Akas menn til T\u00edglat-Pileser Ass\u00fdr\u00eduk\u00f3ngs, me\u00f0 \u00feessa or\u00f0sending: eg em \u00feinn \u00feegn og son; kom n\u00fa og veit m\u00e9r li\u00f0 og frelsa mig af hendi S\u00fdrlandsk\u00f3ngs, og \u00cdsraelsk\u00f3ngs, sem byrja\u00f0 hafa str\u00ed\u00f0 \u00e1 m\u00f3ti m\u00e9r.<a name=\"8\"><span class=\"versanumer\">8<\/span><\/a>Og Akas t\u00f3k \u00fea\u00f0 silfur og gull sem fannst \u00ed Drottins h\u00fasi, og \u00ed f\u00e9hirslu k\u00f3ngsins h\u00fass og sendi sem g\u00e1fu k\u00f3nginum af Ass\u00fdr\u00edu.<a name=\"9\"><span class=\"versanumer\">9<\/span><\/a>Og k\u00f3ngurinn \u00ed Ass\u00fdr\u00edu t\u00f3k \u00feessu vel, og f\u00f3r herf\u00f6r til Damaskus og t\u00f3k borgina, og flutti borgarf\u00f3lki\u00f0 til K\u00edr, og drap Resin.<br \/><a name=\"10\"><span class=\"versanumer\">10<\/span><\/a>\u00de\u00e1 f\u00f3r k\u00f3ngurinn Akas til fundar vi\u00f0 Ass\u00fdr\u00eduk\u00f3ng Tiglat-Pileser til Damaskus, og sem hann s\u00e1 altari\u00f0 sem var \u00ed Damaskus, sendi Akas k\u00f3ngur prestinum \u00dar\u00eda mynd altarisins og sk\u00f6pulag eftir sem \u00fea\u00f0 var gj\u00f6rt.<a name=\"11\"><span class=\"versanumer\">11<\/span><\/a>Og presturinn \u00dar\u00eda bygg\u00f0i altari; r\u00e9tt eftir \u00fev\u00ed sem Akas haf\u00f0i sent fr\u00e1 Damaskus, gj\u00f6r\u00f0i presturinn \u00dar\u00eda \u00fea\u00f0, \u00feanga\u00f0 til k\u00f3ngurinn kom fr\u00e1 Damaskus.<a name=\"12\"><span class=\"versanumer\">12<\/span><\/a>En sem k\u00f3ngurinn kom fr\u00e1 Damaskus, s\u00e1 hann altari\u00f0, og k\u00f3ngur gekk a\u00f0 altarinu og offra\u00f0i \u00e1 \u00fev\u00ed,<a name=\"13\"><span class=\"versanumer\">13<\/span><\/a>og kveikti \u00ed sinni brennif\u00f3rn og s\u00ednu matoffri, og hellti yfir sinni drykkjarf\u00f3rn og st\u00f6kkti \u00e1 altari\u00f0 bl\u00f3\u00f0i sinnar \u00feakkarf\u00f3rnar.<a name=\"14\"><span class=\"versanumer\">14<\/span><\/a>En eiraltari\u00f0, sem st\u00f3\u00f0 frammi fyrir Drottni, f\u00e6r\u00f0i hann fram fyrir h\u00fasi\u00f0, a\u00f0 \u00fea\u00f0 v\u00e6ri ei milli <span class='VideyAth'>(n\u00fdja)<\/span> altarisins og Drottins h\u00fass, og setti \u00fea\u00f0 \u00e1 hli\u00f0 vi\u00f0 altari\u00f0 a\u00f0 nor\u00f0anver\u00f0u.<a name=\"15\"><span class=\"versanumer\">15<\/span><\/a>Og k\u00f3ngurinn Akas bau\u00f0 \u00dar\u00eda presti og m\u00e6lti: \u00e1 st\u00f3ra altarinu skaltu upptendra morgun brennif\u00f3rnirnar og matoffrin \u00e1 kv\u00f6ldin, og brennif\u00f3rnir k\u00f3ngsins og hans matoffur og alls landsf\u00f3lksins og \u00feess drykkoffur, og \u00f6llu bl\u00f3\u00f0i brennif\u00f3rna og annarra f\u00f3rna skalt \u00fe\u00fa \u00e1 \u00fea\u00f0 st\u00f6kkva; en hva\u00f0 eiraltari\u00f0 \u00e1hr\u00e6rir, \u00fe\u00e1 \u00e6tla eg a\u00f0 hugsa mig um.<a name=\"16\"><span class=\"versanumer\">16<\/span><\/a>Og presturinn \u00dar\u00eda gj\u00f6r\u00f0i aldeilis eins og k\u00f3ngur Akas bau\u00f0.<a name=\"17\"><span class=\"versanumer\">17<\/span><\/a>Og Akas k\u00f3ngur braut skildina af bor\u00f0unum, og t\u00f3k af \u00feeim sk\u00e1larnar, og <span class='VideyAth'>(eir)<\/span>hafi\u00f0 t\u00f3k hann burt af eirnautunum sem st\u00f3\u00f0u undir \u00fev\u00ed, <span class='VideyAth'>(1 K\u00f3ngb. 7,23. fl)<\/span>. og setti \u00fea\u00f0 \u00e1 steing\u00f3lfi\u00f0.<a name=\"18\"><span class=\"versanumer\">18<\/span><\/a>Og hv\u00edldardagsganginn, sem \u00feaki\u00f0 var yfir, er menn h\u00f6f\u00f0u gj\u00f6rt a\u00f0 h\u00fasinu, og \u00feeim ytri g\u00f6ngum k\u00f3ngsins, sneri hann fr\u00e1 Drottins h\u00fasi, sakir k\u00f3ngsins \u00ed Ass\u00fdr\u00edu.<a name=\"19\"><span class=\"versanumer\">19<\/span><\/a>Hva\u00f0 meira er a\u00f0 segja af Akas og hva\u00f0 hann gj\u00f6r\u00f0i, \u00fe\u00e1 er \u00fea\u00f0 skrifa\u00f0 \u00ed \u00e1rb\u00f3kum J\u00fadak\u00f3nga.<a name=\"20\"><span class=\"versanumer\">20<\/span><\/a>Akas lag\u00f0ist hj\u00e1 s\u00ednum fe\u00f0rum og var grafinn hj\u00e1 s\u00ednum fe\u00f0rum \u00ed Dav\u00ed\u00f0sborg, og hans son Esek\u00eda var\u00f0 k\u00f3ngur \u00ed hans sta\u00f0 <span class='VideyAth'>a)<\/span>.<\/p>\n<div class=\"footnoteVidey\">V. 19. 2 Kron. 28,1.  V. 20. a. 18,1.<\/div>\n","protected":false},"excerpt":{"rendered":"<p>Akas J\u00fadak\u00f3ngur. 1\u00c1 17da \u00e1ri Peka, sonar Remal\u00eda, var\u00f0 Akas k\u00f3ngur, sonur J\u00f3tams J\u00fadak\u00f3ngs.2Akas var tv\u00edtugur, \u00fe\u00e1 hann var\u00f0 k\u00f3ngur, og 16 \u00e1r r\u00edkti hann \u00ed Jer\u00fasalem. Og hann gj\u00f6r\u00f0i ei \u00fea\u00f0 sem r\u00e9tt var fyrir augliti Drottins hans Gu\u00f0s, eins og hans fa\u00f0ir Dav\u00ed\u00f0.3Hann gekk \u00e1 vegum \u00cdsraelsk\u00f3nga, l\u00e9t son sinn ganga gegnum eldinn, (bl\u00f3ta\u00f0i jafnvel syni s\u00ednum), eftir vi\u00f0bj\u00f3\u00f0slegum si\u00f0um \u00feeirra \u00fej\u00f3\u00f0a, sem Drottinn haf\u00f0i \u00fatreki\u00f0 fr\u00e1 \u00cdsraels b\u00f6rnum.4Og \u00e1 h\u00e6\u00f0unum f\u00e6r\u00f0i hann f\u00f3rnir og brenndi reykelsi \u00e1 hv\u00f6rjum h\u00f3l og undir hv\u00f6rju bl\u00f3mgu\u00f0u tr\u00e9. 5\u00de\u00e1 f\u00f3ru Resin S\u00fdrlandsk\u00f3ngur, og Peka sonur Remal\u00eda, \u00cdsraelsk\u00f3ngur, herf\u00f6r m\u00f3ti Jer\u00fasalem, og <a href=\"https:\/\/biblian.is\/videy\/sidari-konungabok-16-kafli\/\"> [&#8230;]<\/a><\/p>\n","protected":false},"author":1,"featured_media":0,"parent":0,"menu_order":0,"comment_status":"open","ping_status":"open","template":"bibliukaflar.php","meta":{"footnotes":""},"class_list":["post-21178","page","type-page","status-publish","hentry"],"_links":{"self":[{"href":"https:\/\/biblian.is\/videy\/wp-json\/wp\/v2\/pages\/21178","targetHints":{"allow":["GET"]}}],"collection":[{"href":"https:\/\/biblian.is\/videy\/wp-json\/wp\/v2\/pages"}],"about":[{"href":"https:\/\/biblian.is\/videy\/wp-json\/wp\/v2\/types\/page"}],"author":[{"embeddable":true,"href":"https:\/\/biblian.is\/videy\/wp-json\/wp\/v2\/users\/1"}],"replies":[{"embeddable":true,"href":"https:\/\/biblian.is\/videy\/wp-json\/wp\/v2\/comments?post=21178"}],"version-history":[{"count":0,"href":"https:\/\/biblian.is\/videy\/wp-json\/wp\/v2\/pages\/21178\/revisions"}],"wp:attachment":[{"href":"https:\/\/biblian.is\/videy\/wp-json\/wp\/v2\/media?parent=21178"}],"curies":[{"name":"wp","href":"https:\/\/api.w.org\/{rel}","templated":true}]}}