{"id":21177,"date":"2018-01-02T01:00:42","date_gmt":"2018-01-02T01:00:42","guid":{"rendered":"http:\/\/biblian.is\/videy\/sidari-konungabok-15-kafli\/"},"modified":"2018-01-02T01:00:42","modified_gmt":"2018-01-02T01:00:42","slug":"sidari-konungabok-15-kafli","status":"publish","type":"page","link":"https:\/\/biblian.is\/videy\/sidari-konungabok-15-kafli\/","title":{"rendered":"S\u00ed\u00f0ari konungab\u00f3k 15. kafli"},"content":{"rendered":"<div class=\"fyrirsognVidey\">Asar\u00eda (Us\u00eda) J\u00fadak\u00f3ngar. Sakar\u00eda, Sallum, Menahem, Pekah\u00eda og Peka, k\u00f3ngar \u00ed \u00cdsrael.<\/div>\n<p><a name=\"1\"><span class=\"versanumer\">1<\/span><\/a>\u00c1 27da \u00e1ri Jer\u00f3b\u00f3ams \u00cdsraelsk\u00f3ngs, var\u00f0 Asar\u00eda k\u00f3ngur, sonur Amas\u00eda J\u00fadak\u00f3ngs.<a name=\"2\"><span class=\"versanumer\">2<\/span><\/a>Hann var 16 \u00e1ra gamall \u00fe\u00e1 hann var\u00f0 k\u00f3ngur, og hann r\u00edkti 52 \u00e1r \u00ed Jer\u00fasalem. En m\u00f3\u00f0ir hans h\u00e9t Jekol\u00eda af Jer\u00fasalem.<a name=\"3\"><span class=\"versanumer\">3<\/span><\/a>Og hann gj\u00f6r\u00f0i \u00fea\u00f0 sem Drottni vel \u00fe\u00f3kna\u00f0ist, \u00ed allan m\u00e1ta eins og fa\u00f0ir hans Amas\u00eda haf\u00f0i gj\u00f6rt;<a name=\"4\"><span class=\"versanumer\">4<\/span><\/a>nema \u00fea\u00f0 a\u00f0 h\u00e6\u00f0irnar voru ekki afteknar <span class='VideyAth'>b)<\/span>; enn\u00fe\u00e1 f\u00e6r\u00f0u menn f\u00f3rnir og brenndu reykelsi \u00e1 h\u00e6\u00f0unum.<a name=\"5\"><span class=\"versanumer\">5<\/span><\/a>Og Drottinn sl\u00f3 k\u00f3nginn, svo hann var holdsveikur til dau\u00f0adags, og hann bj\u00f3 \u00ed sp\u00edtala <span class='VideyAth'>(sj\u00faklingah\u00fasi)<\/span>. En J\u00f3tam sonur k\u00f3ngsins, var settur yfir k\u00f3ngsh\u00fasi\u00f0 og d\u00e6mdi landsf\u00f3lki\u00f0.<a name=\"6\"><span class=\"versanumer\">6<\/span><\/a>Hva\u00f0 meira er um Asar\u00eda a\u00f0 segja, og allt sem hann gj\u00f6r\u00f0i, \u00fe\u00e1 stendur \u00fea\u00f0 skrifa\u00f0 \u00ed \u00e1rb\u00f3kum J\u00fadak\u00f3nga.<a name=\"7\"><span class=\"versanumer\">7<\/span><\/a>Og Asar\u00eda lag\u00f0ist hj\u00e1 s\u00ednum fe\u00f0rum, og var grafinn hj\u00e1 s\u00ednum fe\u00f0rum \u00ed Dav\u00ed\u00f0sborg, og J\u00f3tam sonur hans var\u00f0 k\u00f3ngur \u00ed hans sta\u00f0 <span class='VideyAth'>c)<\/span>. <br \/><a name=\"8\"><span class=\"versanumer\">8<\/span><\/a>\u00c1 38da \u00e1ri Asar\u00eda J\u00fadak\u00f3ngs, var\u00f0 Sakar\u00eda, sonur Jer\u00f3b\u00f3ams k\u00f3ngur yfir \u00cdsrael \u00ed Samar\u00eda, <span class='VideyAth'>(og r\u00edkti)<\/span> sex m\u00e1nu\u00f0i.<a name=\"9\"><span class=\"versanumer\">9<\/span><\/a>Og hann gj\u00f6r\u00f0i \u00fea\u00f0 sem Drottni misl\u00edka\u00f0i, eins og fe\u00f0ur hans h\u00f6f\u00f0u gj\u00f6rt; hann v\u00e9k ekki fr\u00e1 syndum Jer\u00f3b\u00f3ams sonar Nebats, sem haf\u00f0i komi\u00f0 \u00cdsrael til a\u00f0 syndga.<a name=\"10\"><span class=\"versanumer\">10<\/span><\/a>Og Sallum sonur Jabes gj\u00f6r\u00f0i sambl\u00e1stur m\u00f3ti honum, og vann \u00e1 honum \u00ed f\u00f3lksins augs\u00fdn og drap hann og var\u00f0 k\u00f3ngur \u00ed hans sta\u00f0.<a name=\"11\"><span class=\"versanumer\">11<\/span><\/a>Hva\u00f0 meira er a\u00f0 segja um Sakar\u00eda, sj\u00e1! \u00fea\u00f0 er skrifa\u00f0 \u00ed \u00e1rb\u00f3kum \u00cdsraelsk\u00f3nga.<a name=\"12\"><span class=\"versanumer\">12<\/span><\/a>\u00dea\u00f0 var Drottins or\u00f0, er hann haf\u00f0i tala\u00f0 til Jeh\u00fa, \u00fe\u00e1 hann sag\u00f0i: synir \u00fe\u00ednir \u00ed fj\u00f3r\u00f0a li\u00f0 skulu sitja \u00ed \u00cdsraels h\u00e1s\u00e6ti; og \u00fea\u00f0 ske\u00f0i svo. <br \/><a name=\"13\"><span class=\"versanumer\">13<\/span><\/a>Sallum sonur Jabes var\u00f0 k\u00f3ngur \u00e1 39 \u00e1ri Usias J\u00fadak\u00f3ngs, og r\u00edkti einn m\u00e1nu\u00f0 \u00ed Samar\u00edu.<a name=\"14\"><span class=\"versanumer\">14<\/span><\/a>\u00de\u00e1 f\u00f3r Menahem Gadison fr\u00e1 Tirsa og kom til Samar\u00edu, og vann Sallum son Jabes \u00ed Samar\u00edu, og drap hann og var\u00f0 k\u00f3ngur \u00ed hans sta\u00f0.<a name=\"15\"><span class=\"versanumer\">15<\/span><\/a>Hva\u00f0 meira er a\u00f0 segja um Sallum, og \u00feann sambl\u00e1stur sem hann vakti, sj\u00e1! \u00fea\u00f0 er skrifa\u00f0 \u00ed \u00e1rb\u00f3kum \u00cdsraelsk\u00f3nga.<a name=\"16\"><span class=\"versanumer\">16<\/span><\/a>\u00de\u00e1 vann Menahem Tifsa, og alla sem \u00fear voru, og hennar h\u00e9ra\u00f0 til Tirsa; <span class='VideyAth'>(borginni)<\/span> haf\u00f0i ekki veri\u00f0 loki\u00f0 upp fyrir honum, \u00fev\u00ed drap hann allt \u00ed str\u00e1, allar \u00feunga\u00f0ar konur snei\u00f0 hann \u00ed sundur. <br \/><a name=\"17\"><span class=\"versanumer\">17<\/span><\/a>\u00c1 39da \u00e1ri Asar\u00eda J\u00fadak\u00f3ngs, var\u00f0 Menahem, Gadison, k\u00f3ngur yfir \u00cdsrael, <span class='VideyAth'>(og r\u00edkti)<\/span> 10 \u00e1r \u00ed Samar\u00edu.<a name=\"18\"><span class=\"versanumer\">18<\/span><\/a>Og hann gj\u00f6r\u00f0i \u00fea\u00f0 sem Drottni l\u00edka\u00f0i; hann v\u00e9k ekki fr\u00e1 syndum Jer\u00f3b\u00f3ams sonar Nebats, sem haf\u00f0i komi\u00f0 \u00cdsrael til a\u00f0 syndga, svo lengi sem hann lif\u00f0i.<a name=\"19\"><span class=\"versanumer\">19<\/span><\/a>Og Ful Ass\u00fdr\u00eduk\u00f3ngur kom me\u00f0 herna\u00f0 \u00ed landi\u00f0, og Menahem gaf Ful \u00fe\u00fasund v\u00e6ttir silfurs til fylgis vi\u00f0 sig, a\u00f0 r\u00edki hans sta\u00f0festist.<a name=\"20\"><span class=\"versanumer\">20<\/span><\/a>Og Menahem lag\u00f0i \u00fatgjald \u00feessara peninga \u00e1 \u00cdsrael, \u00e1 alla efna\u00f0a menn, til a\u00f0 grei\u00f0a \u00fe\u00e1 Ass\u00fdriuk\u00f3ngi, 50 sikla silfurs \u00e1 hv\u00f6rn mann. \u00de\u00e1 f\u00f3r Ass\u00fdr\u00eduk\u00f3ngur til baka og sta\u00f0n\u00e6mdist ekki \u00ed landinu.<a name=\"21\"><span class=\"versanumer\">21<\/span><\/a>Hva\u00f0 meira er a\u00f0 segja um Menahem og allt sem hann gj\u00f6r\u00f0i, \u00fe\u00e1 stendur \u00fea\u00f0 skrifa\u00f0 \u00ed \u00e1rb\u00f3kum \u00cdsraelsk\u00f3nga.<a name=\"22\"><span class=\"versanumer\">22<\/span><\/a>Og Menahem lag\u00f0ist hj\u00e1 s\u00ednum fe\u00f0rum, og Pekaja, hans son, var\u00f0 k\u00f3ngur \u00ed hans sta\u00f0. <br \/><a name=\"23\"><span class=\"versanumer\">23<\/span><\/a>\u00c1 50ta \u00e1ri Assar\u00eda J\u00fadak\u00f3ngs, var\u00f0 Pekaja, Menahemsson, k\u00f3ngur yfir \u00cdsrael \u00ed Samar\u00edu <span class='VideyAth'>(og r\u00edkti)<\/span> tv\u00f6 \u00e1r.<a name=\"24\"><span class=\"versanumer\">24<\/span><\/a>Hann gj\u00f6r\u00f0i \u00fea\u00f0 sem Drottni illa l\u00edka\u00f0i; og hann v\u00e9k ekki fr\u00e1 syndum Jer\u00f3b\u00f3ams sonar Nebats, sem haf\u00f0i komi\u00f0 \u00cdsrael til a\u00f0 syndga.<a name=\"25\"><span class=\"versanumer\">25<\/span><\/a>Og Peka, Remal\u00edason, riddari hans, gj\u00f6r\u00f0i uppreisn m\u00f3ti honum, og vann \u00e1 honum \u00ed Samar\u00edu \u00ed h\u00f6ll k\u00f3ngsh\u00fassins, me\u00f0 \u00feeim Argob og Arie; en me\u00f0 honum voru og 50 menn af G\u00edlea\u00f0ssonum; og hann drap hann og var\u00f0 k\u00f3ngur \u00ed hans sta\u00f0.<a name=\"26\"><span class=\"versanumer\">26<\/span><\/a>En hva\u00f0 meira er a\u00f0 segja af Pekaja, og um allt sem hann gj\u00f6r\u00f0i, sj\u00e1! \u00fea\u00f0 er skrifa\u00f0 \u00ed \u00e1rb\u00f3kum \u00cdsraelsk\u00f3nga. <br \/><a name=\"27\"><span class=\"versanumer\">27<\/span><\/a>\u00c1 52ru \u00e1ri Asar\u00eda J\u00fadak\u00f3ngs, var\u00f0 Peka, Remal\u00edasonur, k\u00f3ngur yfir \u00cdsrael \u00ed Samar\u00edu, <span class='VideyAth'>(og r\u00edkti)<\/span> 20 \u00e1r.<a name=\"28\"><span class=\"versanumer\">28<\/span><\/a>Og hann a\u00f0haf\u00f0ist \u00fea\u00f0 sem Drottni illa l\u00edka\u00f0i. Hann v\u00e9k ekki fr\u00e1 syndum Jer\u00f3b\u00f3ams sonar Nebats, sem haf\u00f0i komi\u00f0 \u00cdsrael til a\u00f0 syndga.<a name=\"29\"><span class=\"versanumer\">29<\/span><\/a>\u00c1 d\u00f6gum Peka \u00cdsraelsk\u00f3ngs, kom T\u00edglat-P\u00edleser, Ass\u00fdr\u00eduk\u00f3ngur, og t\u00f3k G\u00edon, Abel-Bet-Magata, Janoa, Kedes, Hasor, G\u00edlea\u00f0, og Gal\u00edleu, allt Naftal\u00edland, og flutti f\u00f3lki\u00f0 til Ass\u00fdr\u00edu.<a name=\"30\"><span class=\"versanumer\">30<\/span><\/a>Og Hosea sonur Ela, gj\u00f6r\u00f0i uppreisn m\u00f3ti Peka, syni Remal\u00eda, og vann \u00e1 honum og drap hann og var\u00f0 k\u00f3ngur \u00ed hans sta\u00f0, \u00e1 20ta \u00e1ri J\u00f3tams sonar Usia.<a name=\"31\"><span class=\"versanumer\">31<\/span><\/a>En hva\u00f0 meir er a\u00f0 segja af Peka, og \u00f6llu sem hann gj\u00f6r\u00f0i, sj\u00e1! \u00fea\u00f0 er skrifa\u00f0 \u00ed \u00e1rb\u00f3kum \u00cdsraelsk\u00f3nga <span class='VideyAth'>a)<\/span>. <br \/><a name=\"32\"><span class=\"versanumer\">32<\/span><\/a>\u00c1 \u00f6\u00f0ru \u00e1ri Pekas Remal\u00edasonar, k\u00f3ngs \u00ed \u00cdsrael, var\u00f0 J\u00f3tam konungur, sonur Usia J\u00fadak\u00f3ngs <span class='VideyAth'>b)<\/span>;<a name=\"33\"><span class=\"versanumer\">33<\/span><\/a>Hann haf\u00f0i 5 um tv\u00edtugt \u00fe\u00e1 hann var\u00f0 k\u00f3ngur, og r\u00edkti 16 \u00e1r \u00ed Jer\u00fasalem, en m\u00f3\u00f0ir hans var Jer\u00fasa, d\u00f3ttir Sadoks.<a name=\"34\"><span class=\"versanumer\">34<\/span><\/a>Og hann gj\u00f6r\u00f0i \u00fea\u00f0 sem Drottni vel l\u00edka\u00f0i, og breytti \u00ed allan m\u00e1ta eins og fa\u00f0ir hans Usia haf\u00f0i breytt.<a name=\"35\"><span class=\"versanumer\">35<\/span><\/a>\u00de\u00f3 voru ekki h\u00e6\u00f0irnar afteknar; enn\u00fe\u00e1 f\u00e6r\u00f0u menn f\u00f3rnir og brenndu reykelsi \u00e1 h\u00e6\u00f0unum. Hann bygg\u00f0i \u00fea\u00f0 h\u00e1a port \u00e1 Drottins h\u00fasi.<a name=\"36\"><span class=\"versanumer\">36<\/span><\/a>En hva\u00f0 meir er a\u00f0 segja um J\u00f3tam og allt sem hann gj\u00f6r\u00f0i, \u00fe\u00e1 stendur \u00fea\u00f0 skrifa\u00f0 \u00ed \u00e1rb\u00f3kum J\u00fadak\u00f3nga.<a name=\"37\"><span class=\"versanumer\">37<\/span><\/a>Um \u00fea\u00f0 bil f\u00f3r Drottinn a\u00f0 senda m\u00f3ti J\u00fada, S\u00fdrlandsk\u00f3ng Resin, og Peka Remal\u00edason.<a name=\"38\"><span class=\"versanumer\">38<\/span><\/a>Og J\u00f3tam lag\u00f0ist hj\u00e1 s\u00ednum fe\u00f0rum og var grafinn hj\u00e1 s\u00ednum fe\u00f0rum \u00ed borg Dav\u00ed\u00f0s f\u00f6\u00f0ur s\u00edns, og Akas hans son var\u00f0 k\u00f3ngur \u00ed hans sta\u00f0 <span class='VideyAth'>c)<\/span>.<\/p>\n<div class=\"footnoteVidey\">V. 2. 14,21.  V. 4. b. 12,3. 1 K\u00f3ng. 22,44.  V. 6. 2 K\u00f3ng. 26,1. fl.  V. 7. c. 1 Kron. 3,12.  V. 9. 10,29. 13,11.  V. 11. 13,8.  V. 12. 10,30.  V. 18. 13,11. 14,24.  V. 24. 10,29. 14,24.  V. 29. 1 K\u00f3ng. 15,20.  V. 31. a. 2 Kron. 28,6.  V. 32. b. 2 Kron. 27,1.  V. 34. 14,3.  V. 36. 2 Kron. 27,1.  V. 37. Esa. 7,1.  V. 38. c. 16,1.2.<\/div>\n","protected":false},"excerpt":{"rendered":"<p>Asar\u00eda (Us\u00eda) J\u00fadak\u00f3ngar. Sakar\u00eda, Sallum, Menahem, Pekah\u00eda og Peka, k\u00f3ngar \u00ed \u00cdsrael. 1\u00c1 27da \u00e1ri Jer\u00f3b\u00f3ams \u00cdsraelsk\u00f3ngs, var\u00f0 Asar\u00eda k\u00f3ngur, sonur Amas\u00eda J\u00fadak\u00f3ngs.2Hann var 16 \u00e1ra gamall \u00fe\u00e1 hann var\u00f0 k\u00f3ngur, og hann r\u00edkti 52 \u00e1r \u00ed Jer\u00fasalem. En m\u00f3\u00f0ir hans h\u00e9t Jekol\u00eda af Jer\u00fasalem.3Og hann gj\u00f6r\u00f0i \u00fea\u00f0 sem Drottni vel \u00fe\u00f3kna\u00f0ist, \u00ed allan m\u00e1ta eins og fa\u00f0ir hans Amas\u00eda haf\u00f0i gj\u00f6rt;4nema \u00fea\u00f0 a\u00f0 h\u00e6\u00f0irnar voru ekki afteknar b); enn\u00fe\u00e1 f\u00e6r\u00f0u menn f\u00f3rnir og brenndu reykelsi \u00e1 h\u00e6\u00f0unum.5Og Drottinn sl\u00f3 k\u00f3nginn, svo hann var holdsveikur til dau\u00f0adags, og hann bj\u00f3 \u00ed sp\u00edtala (sj\u00faklingah\u00fasi). En J\u00f3tam sonur k\u00f3ngsins, var settur yfir <a href=\"https:\/\/biblian.is\/videy\/sidari-konungabok-15-kafli\/\"> [&#8230;]<\/a><\/p>\n","protected":false},"author":1,"featured_media":0,"parent":0,"menu_order":0,"comment_status":"open","ping_status":"open","template":"bibliukaflar.php","meta":{"footnotes":""},"class_list":["post-21177","page","type-page","status-publish","hentry"],"_links":{"self":[{"href":"https:\/\/biblian.is\/videy\/wp-json\/wp\/v2\/pages\/21177","targetHints":{"allow":["GET"]}}],"collection":[{"href":"https:\/\/biblian.is\/videy\/wp-json\/wp\/v2\/pages"}],"about":[{"href":"https:\/\/biblian.is\/videy\/wp-json\/wp\/v2\/types\/page"}],"author":[{"embeddable":true,"href":"https:\/\/biblian.is\/videy\/wp-json\/wp\/v2\/users\/1"}],"replies":[{"embeddable":true,"href":"https:\/\/biblian.is\/videy\/wp-json\/wp\/v2\/comments?post=21177"}],"version-history":[{"count":0,"href":"https:\/\/biblian.is\/videy\/wp-json\/wp\/v2\/pages\/21177\/revisions"}],"wp:attachment":[{"href":"https:\/\/biblian.is\/videy\/wp-json\/wp\/v2\/media?parent=21177"}],"curies":[{"name":"wp","href":"https:\/\/api.w.org\/{rel}","templated":true}]}}