{"id":21176,"date":"2018-01-02T01:00:42","date_gmt":"2018-01-02T01:00:42","guid":{"rendered":"http:\/\/biblian.is\/videy\/sidari-konungabok-14-kafli\/"},"modified":"2018-01-02T01:00:42","modified_gmt":"2018-01-02T01:00:42","slug":"sidari-konungabok-14-kafli","status":"publish","type":"page","link":"https:\/\/biblian.is\/videy\/sidari-konungabok-14-kafli\/","title":{"rendered":"S\u00ed\u00f0ari konungab\u00f3k 14. kafli"},"content":{"rendered":"<div class=\"fyrirsognVidey\">Amas\u00eda J\u00fadak\u00f3ngur er sigra\u00f0ur af J\u00f3as.<\/div>\n<p><a name=\"1\"><span class=\"versanumer\">1<\/span><\/a>\u00c1 \u00f6\u00f0ru \u00e1ri J\u00f3as, J\u00f3akas sonar, \u00cdsraelsk\u00f3ngs, var\u00f0 Amasia k\u00f3ngur, sonur J\u00f3as J\u00fadak\u00f3ngs.<a name=\"2\"><span class=\"versanumer\">2<\/span><\/a>25 \u00e1ra var hann \u00fe\u00e1 hann var\u00f0 k\u00f3ngur, og 29 \u00e1r r\u00edkti hann \u00ed Jer\u00fasalem, en m\u00f3\u00f0ir hans h\u00e9t J\u00f3adan, \u00ed Jer\u00fasalem.<a name=\"3\"><span class=\"versanumer\">3<\/span><\/a>Og hann gj\u00f6r\u00f0i \u00fea\u00f0 sem r\u00e9tt var fyrir Drottins augs\u00fdn; \u00fe\u00f3 ekki eins og Dav\u00ed\u00f0 fa\u00f0ir hans; hann breytti r\u00e9tt vi\u00f0l\u00edka og fa\u00f0ir hans J\u00f3as.<a name=\"4\"><span class=\"versanumer\">4<\/span><\/a>H\u00e6\u00f0irnar voru ekki afteknar. Enn\u00fe\u00e1 f\u00f3rna\u00f0i f\u00f3lki\u00f0 og brenndi reykelsi \u00e1 h\u00e6\u00f0unum.<a name=\"5\"><span class=\"versanumer\">5<\/span><\/a>En sem k\u00f3ngsr\u00edki\u00f0 festist \u00ed hans hendi, l\u00e9t hann drepa \u00fe\u00e1 s\u00edna \u00feegna, sem h\u00f6f\u00f0u myrt k\u00f3nginn f\u00f6\u00f0ur hans.<a name=\"6\"><span class=\"versanumer\">6<\/span><\/a>En syni \u00feeirra sem drepi\u00f0 h\u00f6f\u00f0u f\u00f6\u00f0ur hans, l\u00e9t hann ekki dey\u00f0a, eins og skrifa\u00f0 stendur \u00ed l\u00f6gb\u00f3k M\u00f3sis <span class='VideyAth'>d)<\/span>, eins og Drottinn haf\u00f0i bo\u00f0i\u00f0, \u00fe\u00e1 hann sag\u00f0i: fe\u00f0ur skulu ekki dey\u00f0ast sakir sonanna, og synirnir skulu ekki dey\u00f0ast sakir fe\u00f0ranna, heldur skal hv\u00f6r einn dey\u00f0ast fyrir s\u00ednar syndir.<a name=\"7\"><span class=\"versanumer\">7<\/span><\/a>Hann sigra\u00f0i Edom\u00edta \u00ed Saltdalnum, 10 \u00fe\u00fasund manns <span class='VideyAth'>a)<\/span>, og t\u00f3k Sela \u00ed str\u00ed\u00f0i, og nefndi Joktel, <span class='VideyAth'>(svo heitir h\u00fan)<\/span> allt til \u00feessa dags <span class='VideyAth'>d)<\/span>. <br \/><a name=\"8\"><span class=\"versanumer\">8<\/span><\/a>\u00de\u00e1 sendi Amas\u00eda menn til J\u00f3as, sonar J\u00f3akas, sonar Jeh\u00fa k\u00f3ngs \u00ed \u00cdsrael, me\u00f0 \u00feessa or\u00f0sending: kom! l\u00e1tum oss finnast <span class='VideyAth'>c)<\/span>!<a name=\"9\"><span class=\"versanumer\">9<\/span><\/a>En J\u00f3as \u00cdsraelsk\u00f3ngur gj\u00f6r\u00f0i aftur bo\u00f0 Amas\u00eda J\u00fadak\u00f3ngi, svol\u00e1tandi: \u00feyrnib\u00faskurinn <span class='VideyAth'>d)<\/span> \u00e1 Libanon sendi skilabo\u00f0 sedrusvi\u00f0num \u00e1 Libanon svol\u00e1tandi: gef\u00f0u d\u00f3ttur \u00fe\u00edna syni m\u00ednum fyrir konu. En villud\u00fdrin \u00ed Libanonssk\u00f3gi hlupu \u00fe\u00e1 yfir \u00feyrnib\u00faskinn og sundurtr\u00f3\u00f0u hann. \u00de\u00fa hefir sigra\u00f0 Edom\u00edta, \u00fev\u00ed hefir \u00fe\u00e9r vaxi\u00f0 hugur; nj\u00f3ttu s\u00e6mdarinnar, og haltu \u00feig heima! \u00fev\u00ed viltu leita \u00f3g\u00e6funnar, a\u00f0 \u00fe\u00fa fallir og J\u00fadar\u00edki me\u00f0 \u00fe\u00e9r?<br \/><a name=\"11\"><span class=\"versanumer\">11<\/span><\/a>En Amas\u00eda gaf \u00fev\u00ed engan gaum; \u00fe\u00e1 lag\u00f0i J\u00f3as \u00cdsraelsk\u00f3ngur af sta\u00f0, og \u00feeir fundust, hann og Amas\u00eda J\u00fadak\u00f3ngur \u00ed Bet-Semes, sem tilheyrir J\u00fada.<a name=\"12\"><span class=\"versanumer\">12<\/span><\/a>En J\u00fada haf\u00f0i \u00f3sigur fyrir \u00cdsrael, og \u00feeir fl\u00fd\u00f0u hv\u00f6r heim til s\u00edn.<a name=\"13\"><span class=\"versanumer\">13<\/span><\/a>Og J\u00f3as \u00cdsraelsk\u00f3ngur t\u00f3k til fanga Amas\u00eda J\u00fada-k\u00f3ng, son J\u00f3as, sonar Ahas\u00eda, \u00ed Bet-Semes, og kom til Jer\u00fasalem og ni\u00f0urreif Jer\u00fasalems m\u00farvegg fr\u00e1 Efraims hli\u00f0i og allt a\u00f0 Hornhli\u00f0inu, 4 hundru\u00f0 \u00e1lnir.<a name=\"14\"><span class=\"versanumer\">14<\/span><\/a>Og t\u00f3k allt gull og silfur og \u00f6ll \u00e1h\u00f6ld sem fundust \u00ed Drottins h\u00fasi, og \u00ed f\u00e9hirslu k\u00f3ngs h\u00fassins, og g\u00edsla, og f\u00f3r aftur til Samar\u00edu.<a name=\"15\"><span class=\"versanumer\">15<\/span><\/a>En hva\u00f0 meira er um J\u00f3as a\u00f0 segja, hva\u00f0 hann gj\u00f6r\u00f0i, og um hans hreystiverk, og hv\u00f6rsu hann str\u00edddi vi\u00f0 Amas\u00eda J\u00fadak\u00f3ng, \u00fe\u00e1 er \u00fea\u00f0 skrifa\u00f0 \u00ed \u00e1rb\u00f3kum \u00cdsraelsk\u00f3nga.<a name=\"16\"><span class=\"versanumer\">16<\/span><\/a>Og J\u00f3as lag\u00f0i sig hj\u00e1 s\u00ednum fe\u00f0rum, og var jar\u00f0a\u00f0ur \u00ed Samar\u00edu hj\u00e1 \u00cdsraelsk\u00f3ngum, og Jer\u00f3b\u00f3am, hans son, var\u00f0 k\u00f3ngur \u00ed hans sta\u00f0.<a name=\"17\"><span class=\"versanumer\">17<\/span><\/a>Og Amas\u00eda sonur J\u00f3as, J\u00fadak\u00f3ngur, lif\u00f0i eftir dau\u00f0a J\u00f3as J\u00f3akassonar \u00cdsraelsk\u00f3ngs, 15 \u00e1r.<a name=\"18\"><span class=\"versanumer\">18<\/span><\/a>En hva\u00f0 meira er a\u00f0 segja um Amas\u00eda, \u00fea\u00f0 stendur skrifa\u00f0 \u00ed \u00e1rb\u00f3kum J\u00fadak\u00f3nga.<a name=\"19\"><span class=\"versanumer\">19<\/span><\/a>Og \u00feeir gj\u00f6r\u00f0u uppreisn m\u00f3ti honum \u00ed Jer\u00fasalem, og hann fl\u00fa\u00f0i til Lakis, og \u00feeir sendu eftir honum til Lakis og dr\u00e1pu hann \u00fear.<a name=\"20\"><span class=\"versanumer\">20<\/span><\/a>Og \u00feeir fluttu hann \u00e1 hestum, og gr\u00f3fu hann \u00ed Jer\u00fasalem, hj\u00e1 s\u00ednum fe\u00f0rum \u00ed Dav\u00ed\u00f0sborg.<a name=\"21\"><span class=\"versanumer\">21<\/span><\/a>\u00de\u00e1 t\u00f3k allt J\u00fada f\u00f3lk Asar\u00eda <span class='VideyAth'>(en hann var 16 \u00e1ra gamall)<\/span> og gj\u00f6r\u00f0i hann a\u00f0 k\u00f3ngi, \u00ed sta\u00f0 Amas\u00eda, f\u00f6\u00f0ur hans.<a name=\"22\"><span class=\"versanumer\">22<\/span><\/a>Hann bygg\u00f0i Elat, og lag\u00f0i aftur undir J\u00fada, eftir a\u00f0 k\u00f3ngurinn var lagstur hj\u00e1 s\u00ednum fe\u00f0rum.<br \/><a name=\"23\"><span class=\"versanumer\">23<\/span><\/a>\u00c1 15da \u00e1ri Amas\u00eda, sonar J\u00f3as, J\u00fadak\u00f3ngs, var\u00f0 Jer\u00f3b\u00f3am <span class='VideyAth'>e)<\/span> sonur J\u00f3as k\u00f3ngs \u00ed \u00cdsrael, k\u00f3ngur \u00ed Samar\u00edu, <span class='VideyAth'>(og r\u00edkti)<\/span> 41 \u00e1r.<a name=\"24\"><span class=\"versanumer\">24<\/span><\/a>Og hann a\u00f0haf\u00f0ist \u00fea\u00f0 sem Drottni illa l\u00edka\u00f0i; hann v\u00e9k ekki fr\u00e1 \u00f6llum syndum Jer\u00f3b\u00f3ams sonar Nebats, sem haf\u00f0i komi\u00f0 \u00cdsrael til a\u00f0 syndga.<a name=\"25\"><span class=\"versanumer\">25<\/span><\/a>Hann setti aftur \u00cdsraels landamerki \u00ed samt lag, fr\u00e1 h\u00e9ra\u00f0inu kringum Hemat, allt til st\u00f6\u00f0uvatnsins \u00e1 sl\u00e9ttlendinu <span class='VideyAth'>(Dau\u00f0ahafsins)<\/span> eftir or\u00f0i Drottins \u00cdsraels Gu\u00f0s, sem hann haf\u00f0i tala\u00f0, fyrir sinn \u00fe\u00e9nara J\u00f3na Am\u00edtaisson sp\u00e1manninn <span class='VideyAth'>f)<\/span>, sem var fr\u00e1 Gat-Hefer.<a name=\"26\"><span class=\"versanumer\">26<\/span><\/a>\u00dev\u00ed Drottinn s\u00e1 \u00cdsraels eymd sem var mj\u00f6g bitur, og allt fari\u00f0, \u00fer\u00e6ll og frelsingi, og enginn hj\u00e1lpari fyrir \u00cdsrael.<a name=\"27\"><span class=\"versanumer\">27<\/span><\/a>Og Drottinn haf\u00f0i ekki sagt a\u00f0 hann vildi afm\u00e1 \u00cdsraels nafn undir himninum; og svo hj\u00e1lpa\u00f0i hann \u00feeim fyrir h\u00f6nd Jer\u00f3b\u00f3ams J\u00f3assonar.<a name=\"28\"><span class=\"versanumer\">28<\/span><\/a>En hva\u00f0 meira er, a\u00f0 segja um Jer\u00f3b\u00f3am, og allt sem hann gj\u00f6r\u00f0i og hans hreystiverk, hv\u00f6rsu hann str\u00edddi og kom aftur Damaskus og Hemat undir J\u00fada fyrir \u00cdsraels <span class='VideyAth'>(fulltingi)<\/span>, \u00fea\u00f0 stendur skrifa\u00f0 \u00ed \u00e1rb\u00f3kum \u00cdsraelsk\u00f3nga.<a name=\"29\"><span class=\"versanumer\">29<\/span><\/a>Og Jer\u00f3b\u00f3am lag\u00f0i sig hj\u00e1 s\u00ednum fe\u00f0rum, hj\u00e1 \u00cdsraelskonungum, og Sakar\u00eda, hans son, var\u00f0 k\u00f3ngur \u00ed hans sta\u00f0 <span class='VideyAth'>a)<\/span>.<\/p>\n<div class=\"footnoteVidey\">V. 6. d. Devt. 24,16. 2 Kron. 25,4.  V. 7. a. 2 Kron. 25,11. b. J\u00f3s. 15,38.  V. 8. c. Finnast \u00fe. e. reyna me\u00f0 okkur \u00ed str\u00ed\u00f0i.  V. 9. d. D\u00f3m. 9,14. V. 15. 2 Kron. 25,26.  V. 18. 2 Kron. 25,1.  V. 21. 15,1.2.  V. 23. e. H\u00f3s. 1,1. Am. 1,1.  V. 24. 1 K\u00f3ng. 15,26. 16,19\u201326.31.  V. 25. f. J\u00f3n. 1,1.  V. 26. Devt. 32,36. 1 K\u00f3ng. 14,10. 21,21.  V. 29. a. 15,8.V. 6. d. Devt. 24,16. 2 Kron. 25,4.  V. 7. a. 2 Kron. 25,11. b. J\u00f3s. 15,38.  V. 8. c. Finnast \u00fe. e. reyna me\u00f0 okkur \u00ed str\u00ed\u00f0i.  V. 9. d. D\u00f3m. 9,14. V. 15. 2 Kron. 25,26.  V. 18. 2 Kron. 25,1.  V. 21. 15,1.2.  V. 23. e. H\u00f3s. 1,1. Am. 1,1.  V. 24. 1 K\u00f3ng. 15,26. 16,19\u201326.31.  V. 25. f. J\u00f3n. 1,1.  V. 26. Devt. 32,36. 1 K\u00f3ng. 14,10. 21,21.  V. 29. a. 15,8.<\/div>\n","protected":false},"excerpt":{"rendered":"<p>Amas\u00eda J\u00fadak\u00f3ngur er sigra\u00f0ur af J\u00f3as. 1\u00c1 \u00f6\u00f0ru \u00e1ri J\u00f3as, J\u00f3akas sonar, \u00cdsraelsk\u00f3ngs, var\u00f0 Amasia k\u00f3ngur, sonur J\u00f3as J\u00fadak\u00f3ngs.225 \u00e1ra var hann \u00fe\u00e1 hann var\u00f0 k\u00f3ngur, og 29 \u00e1r r\u00edkti hann \u00ed Jer\u00fasalem, en m\u00f3\u00f0ir hans h\u00e9t J\u00f3adan, \u00ed Jer\u00fasalem.3Og hann gj\u00f6r\u00f0i \u00fea\u00f0 sem r\u00e9tt var fyrir Drottins augs\u00fdn; \u00fe\u00f3 ekki eins og Dav\u00ed\u00f0 fa\u00f0ir hans; hann breytti r\u00e9tt vi\u00f0l\u00edka og fa\u00f0ir hans J\u00f3as.4H\u00e6\u00f0irnar voru ekki afteknar. Enn\u00fe\u00e1 f\u00f3rna\u00f0i f\u00f3lki\u00f0 og brenndi reykelsi \u00e1 h\u00e6\u00f0unum.5En sem k\u00f3ngsr\u00edki\u00f0 festist \u00ed hans hendi, l\u00e9t hann drepa \u00fe\u00e1 s\u00edna \u00feegna, sem h\u00f6f\u00f0u myrt k\u00f3nginn f\u00f6\u00f0ur hans.6En syni \u00feeirra sem drepi\u00f0 h\u00f6f\u00f0u f\u00f6\u00f0ur hans, <a href=\"https:\/\/biblian.is\/videy\/sidari-konungabok-14-kafli\/\"> [&#8230;]<\/a><\/p>\n","protected":false},"author":1,"featured_media":0,"parent":0,"menu_order":0,"comment_status":"open","ping_status":"open","template":"bibliukaflar.php","meta":{"footnotes":""},"class_list":["post-21176","page","type-page","status-publish","hentry"],"_links":{"self":[{"href":"https:\/\/biblian.is\/videy\/wp-json\/wp\/v2\/pages\/21176","targetHints":{"allow":["GET"]}}],"collection":[{"href":"https:\/\/biblian.is\/videy\/wp-json\/wp\/v2\/pages"}],"about":[{"href":"https:\/\/biblian.is\/videy\/wp-json\/wp\/v2\/types\/page"}],"author":[{"embeddable":true,"href":"https:\/\/biblian.is\/videy\/wp-json\/wp\/v2\/users\/1"}],"replies":[{"embeddable":true,"href":"https:\/\/biblian.is\/videy\/wp-json\/wp\/v2\/comments?post=21176"}],"version-history":[{"count":0,"href":"https:\/\/biblian.is\/videy\/wp-json\/wp\/v2\/pages\/21176\/revisions"}],"wp:attachment":[{"href":"https:\/\/biblian.is\/videy\/wp-json\/wp\/v2\/media?parent=21176"}],"curies":[{"name":"wp","href":"https:\/\/api.w.org\/{rel}","templated":true}]}}