{"id":21174,"date":"2018-01-02T01:00:42","date_gmt":"2018-01-02T01:00:42","guid":{"rendered":"http:\/\/biblian.is\/videy\/sidari-konungabok-12-kafli\/"},"modified":"2018-01-02T01:00:42","modified_gmt":"2018-01-02T01:00:42","slug":"sidari-konungabok-12-kafli","status":"publish","type":"page","link":"https:\/\/biblian.is\/videy\/sidari-konungabok-12-kafli\/","title":{"rendered":"S\u00ed\u00f0ari konungab\u00f3k 12. kafli"},"content":{"rendered":"<div class=\"fyrirsognVidey\">J\u00f3as konungur \u00ed J\u00fada.<\/div>\n<p><a name=\"1\"><span class=\"versanumer\">1<\/span><\/a>Sj\u00f6 \u00e1ra gamall var J\u00f3as \u00fe\u00e1 hann var\u00f0 konungur. \u00c1 sj\u00f6unda \u00e1ri Jeh\u00fa var\u00f0 J\u00f3as k\u00f3ngur, og 40 \u00e1r r\u00edkti hann \u00ed Jer\u00fasalem, m\u00f3\u00f0ir hans var Siboa fr\u00e1 Bersaba.<a name=\"2\"><span class=\"versanumer\">2<\/span><\/a>Og J\u00f3as gj\u00f6r\u00f0i \u00fea\u00f0 hva\u00f0 r\u00e9tt var fyrir augs\u00fdn Drottins, svo lengi sem presturinn J\u00f3jada var hans r\u00e1\u00f0gjafi.<a name=\"3\"><span class=\"versanumer\">3<\/span><\/a>H\u00e6\u00f0irnar v\u00f3ru samt ekki aflag\u00f0ar; enn\u00fe\u00e1 f\u00f3rna\u00f0i f\u00f3lki\u00f0 og brenndi reykelsi \u00e1 h\u00e6\u00f0unum. <br \/><a name=\"4\"><span class=\"versanumer\">4<\/span><\/a>Og J\u00f3as sag\u00f0i vi\u00f0 prestana: alla helga\u00f0a peninga sem bornir ver\u00f0a \u00ed Drottins h\u00fas, gjaldgenga peninga <span class='VideyAth'>a)<\/span>, \u00fe\u00e1 peninga sem hv\u00f6r og einn eftir efnum <span class='VideyAth'>b)<\/span> gefur fyrir s\u00e1lu sinni, alla peninga sem einhv\u00f6rjum kemur til hugar a\u00f0 bera \u00ed Drottins h\u00fas <span class='VideyAth'>c)<\/span>,<a name=\"5\"><span class=\"versanumer\">5<\/span><\/a>skulu prestarnir taka til s\u00edn, hv\u00f6r af s\u00ednum kunningjum og \u00feeir skulu \u00fear me\u00f0 endurb\u00e6ta allt \u00fea\u00f0 hr\u00f6rlega \u00e1 h\u00fasinu, allt \u00fea\u00f0 sem \u00e1 \u00fev\u00ed finnst hr\u00f6rlegt.<a name=\"6\"><span class=\"versanumer\">6<\/span><\/a>Og \u00fea\u00f0 ske\u00f0i, a\u00f0 \u00e1 \u00fev\u00ed 23ja \u00e1ri sem J\u00f3as r\u00edkti, h\u00f6f\u00f0u prestarnir ekki endurb\u00e6tt \u00fea\u00f0 hr\u00f6rlega \u00e1 h\u00fasinu.<a name=\"7\"><span class=\"versanumer\">7<\/span><\/a>\u00de\u00e1 kalla\u00f0i J\u00f3as fyrir sig prestinn J\u00f3jada og hina prestana og sag\u00f0i til \u00feeirra: \u00fev\u00ed b\u00e6ti\u00f0 \u00fe\u00e9r ekki \u00fea\u00f0 hr\u00f6rlega \u00e1 h\u00fasinu? N\u00fa skulu\u00f0 \u00fe\u00e9r ekki taka vi\u00f0 peningum af y\u00f0ar kunningjum, \u00fev\u00ed til a\u00f0 endurb\u00e6ta h\u00fasi\u00f0 skulu\u00f0 \u00fe\u00e9r \u00fe\u00e1 af hendi l\u00e1ta.<a name=\"8\"><span class=\"versanumer\">8<\/span><\/a>\u00de\u00e1 gengu prestarnir a\u00f0 \u00feeim kostum, a\u00f0 taka ekki vi\u00f0 peningum af f\u00f3lkinu og endurb\u00e6ta svo ekki \u00fea\u00f0 hr\u00f6rlega \u00e1 h\u00fasinu.<a name=\"9\"><span class=\"versanumer\">9<\/span><\/a>Og presturinn J\u00f3jada t\u00f3k kistu og gj\u00f6r\u00f0i gat \u00e1 loki\u00f0 og setti hana h\u00e6gramegin vi\u00f0 altari\u00f0; \u00feegar einhv\u00f6r kom \u00ed Drottins h\u00fas, \u00fe\u00e1 l\u00e9tu prestarnir, sem geymdu dyranna, \u00fear \u00ed, alla \u00fe\u00e1 peninga sem bornir v\u00f3ru \u00ed Drottins h\u00fas.<a name=\"10\"><span class=\"versanumer\">10<\/span><\/a>Og \u00feegar \u00feeir s\u00e1u a\u00f0 miki\u00f0 af peningum var \u00ed kistunni, svo kom k\u00f3ngsins skrifari og s\u00e1 \u00e6\u00f0sti prestur \u00feanga\u00f0, og \u00feeir bundu saman og t\u00f6ldu alla \u00fe\u00e1 peninga sem fundust \u00ed Drottins h\u00fasi.<a name=\"11\"><span class=\"versanumer\">11<\/span><\/a>Og \u00feeir g\u00e1fu \u00fe\u00e1 vegnu peninga \u00feeim \u00ed h\u00f6nd, sem t\u00f3ku verki\u00f0 a\u00f0 s\u00e9r \u00ed Drottins h\u00fasi, og tilkvaddir voru; \u00feeir \u00fatt\u00f6ldu \u00fe\u00e1 timburm\u00f6nnum og byggingam\u00f6nnum, sem unnu a\u00f0 Drottins h\u00fasi,<a name=\"12\"><span class=\"versanumer\">12<\/span><\/a>og m\u00farurum og steinh\u00f6ggurum, og til a\u00f0 kaupa vi\u00f0 og h\u00f6ggna steina, til a\u00f0 endurb\u00e6ta \u00fea\u00f0 hr\u00f6rlega \u00e1 Drottins h\u00fasi, og til alls sem betala skyldi fyrir h\u00fassins endurb\u00f3t.<a name=\"13\"><span class=\"versanumer\">13<\/span><\/a>\u00de\u00f3 voru ei fyrir Drottins h\u00fas gj\u00f6r\u00f0ar silfursk\u00e1lar, hn\u00edfar, f\u00f3rnarbollar, b\u00e1s\u00fanur, n\u00e9 nokkur gull- e\u00f0a silfur\u00e1h\u00f6ld, fyrir \u00fe\u00e1 peninga sem saman h\u00f6f\u00f0u veri\u00f0 bornir \u00ed Drottins h\u00fas;<a name=\"14\"><span class=\"versanumer\">14<\/span><\/a>heldur fengu menn \u00fe\u00e1 \u00feeim sem verki\u00f0 h\u00f6f\u00f0u a\u00f0 s\u00e9r teki\u00f0 og \u00feeir endurb\u00e6ttu \u00fear fyrir Drottins h\u00fas;<a name=\"15\"><span class=\"versanumer\">15<\/span><\/a>Og menn h\u00e9ldu ekki reikning vi\u00f0 \u00fe\u00e1 sem vi\u00f0 peningunum t\u00f3ku, til a\u00f0 gjalda \u00feeim sem a\u00f0 verkinu unnu; \u00fev\u00ed \u00feeim var til \u00feess tr\u00faa\u00f0;<a name=\"16\"><span class=\"versanumer\">16<\/span><\/a>En peningar fyrir sekta f\u00f3rnir og peningar fyrir syndaf\u00f3rnir voru ekki bornir \u00ed Drottins h\u00fas, \u00fev\u00ed prestarnir \u00e1ttu \u00fe\u00e1.<br \/><a name=\"17\"><span class=\"versanumer\">17<\/span><\/a>Um \u00fea\u00f0 bil f\u00f3r S\u00fdrlandsk\u00f3ngur Hasael herf\u00f6r og herja\u00f0i \u00e1 <span class='VideyAth'>(borgina)<\/span> Gat, og vann hana. Og Hasael snerist a\u00f0 \u00fev\u00ed a\u00f0 fara m\u00f3ti Jer\u00fasalem.<a name=\"18\"><span class=\"versanumer\">18<\/span><\/a>En J\u00f3as J\u00fadakonungur t\u00f3k allt \u00fea\u00f0 helga\u00f0a, sem forfe\u00f0ur hans J\u00f3safat, J\u00f3ram og Ahasia, k\u00f3ngar \u00ed J\u00fada h\u00f6f\u00f0u helga\u00f0, og \u00fea\u00f0 sem hann sj\u00e1lfur haf\u00f0i helga\u00f0, og allt \u00fea\u00f0 gull sem fannst \u00ed f\u00e9hirslum Drottins h\u00fass og sendi \u00fea\u00f0 Hasael S\u00fdrlandsk\u00f3ngi. \u00de\u00e1 hvarf hann fr\u00e1 Jer\u00fasalem.<a name=\"19\"><span class=\"versanumer\">19<\/span><\/a>En hva\u00f0 meira er a\u00f0 segja um J\u00f3as og allt sem hann gj\u00f6r\u00f0i, \u00fe\u00e1 stendur \u00fea\u00f0 skrifa\u00f0 \u00ed \u00e1rb\u00f3kum J\u00fadak\u00f3nga <span class='VideyAth'>a)<\/span>.<a name=\"20\"><span class=\"versanumer\">20<\/span><\/a>Og hans \u00feegnar t\u00f3ku sig til og samf\u00f3rust m\u00f3ti honum, og dr\u00e1pu J\u00f3as \u00ed h\u00fasinu Millo, \u00fear sem gengi\u00f0 er til Silla.<a name=\"21\"><span class=\"versanumer\">21<\/span><\/a>Hans \u00feegnar J\u00f3sakar Simeatssonur, og J\u00f3sabad Somerssonur, unnu \u00e1 honum, svo hann d\u00f3, og hann var jar\u00f0a\u00f0ur hj\u00e1 fe\u00f0rum s\u00ednum \u00ed Dav\u00ed\u00f0sborg, og Amasia sonur hans var\u00f0 k\u00f3ngur \u00ed hans sta\u00f0 <span class='VideyAth'>b)<\/span>.<\/p>\n<div class=\"footnoteVidey\">V. 4. a. Gen. 23,16. b. E\u00f0a mati sbr. Lev. 27,3. fl. c. Ex. 25,2. 35,5. 2 Kron. 24,6.  V. 15. Kap. 22,7.  V. 19. a. 2 Kron. 24,1.  V. 21. b. 14,1.<\/div>\n","protected":false},"excerpt":{"rendered":"<p>J\u00f3as konungur \u00ed J\u00fada. 1Sj\u00f6 \u00e1ra gamall var J\u00f3as \u00fe\u00e1 hann var\u00f0 konungur. \u00c1 sj\u00f6unda \u00e1ri Jeh\u00fa var\u00f0 J\u00f3as k\u00f3ngur, og 40 \u00e1r r\u00edkti hann \u00ed Jer\u00fasalem, m\u00f3\u00f0ir hans var Siboa fr\u00e1 Bersaba.2Og J\u00f3as gj\u00f6r\u00f0i \u00fea\u00f0 hva\u00f0 r\u00e9tt var fyrir augs\u00fdn Drottins, svo lengi sem presturinn J\u00f3jada var hans r\u00e1\u00f0gjafi.3H\u00e6\u00f0irnar v\u00f3ru samt ekki aflag\u00f0ar; enn\u00fe\u00e1 f\u00f3rna\u00f0i f\u00f3lki\u00f0 og brenndi reykelsi \u00e1 h\u00e6\u00f0unum. 4Og J\u00f3as sag\u00f0i vi\u00f0 prestana: alla helga\u00f0a peninga sem bornir ver\u00f0a \u00ed Drottins h\u00fas, gjaldgenga peninga a), \u00fe\u00e1 peninga sem hv\u00f6r og einn eftir efnum b) gefur fyrir s\u00e1lu sinni, alla peninga sem einhv\u00f6rjum kemur til hugar a\u00f0 <a href=\"https:\/\/biblian.is\/videy\/sidari-konungabok-12-kafli\/\"> [&#8230;]<\/a><\/p>\n","protected":false},"author":1,"featured_media":0,"parent":0,"menu_order":0,"comment_status":"open","ping_status":"open","template":"bibliukaflar.php","meta":{"footnotes":""},"class_list":["post-21174","page","type-page","status-publish","hentry"],"_links":{"self":[{"href":"https:\/\/biblian.is\/videy\/wp-json\/wp\/v2\/pages\/21174","targetHints":{"allow":["GET"]}}],"collection":[{"href":"https:\/\/biblian.is\/videy\/wp-json\/wp\/v2\/pages"}],"about":[{"href":"https:\/\/biblian.is\/videy\/wp-json\/wp\/v2\/types\/page"}],"author":[{"embeddable":true,"href":"https:\/\/biblian.is\/videy\/wp-json\/wp\/v2\/users\/1"}],"replies":[{"embeddable":true,"href":"https:\/\/biblian.is\/videy\/wp-json\/wp\/v2\/comments?post=21174"}],"version-history":[{"count":0,"href":"https:\/\/biblian.is\/videy\/wp-json\/wp\/v2\/pages\/21174\/revisions"}],"wp:attachment":[{"href":"https:\/\/biblian.is\/videy\/wp-json\/wp\/v2\/media?parent=21174"}],"curies":[{"name":"wp","href":"https:\/\/api.w.org\/{rel}","templated":true}]}}