{"id":21172,"date":"2018-01-02T01:00:42","date_gmt":"2018-01-02T01:00:42","guid":{"rendered":"http:\/\/biblian.is\/videy\/sidari-konungabok-10-kafli\/"},"modified":"2018-01-02T01:00:42","modified_gmt":"2018-01-02T01:00:42","slug":"sidari-konungabok-10-kafli","status":"publish","type":"page","link":"https:\/\/biblian.is\/videy\/sidari-konungabok-10-kafli\/","title":{"rendered":"S\u00ed\u00f0ari konungab\u00f3k 10. kafli"},"content":{"rendered":"<div class=\"fyrirsognVidey\">Jeh\u00fa afm\u00e1ir Akabs \u00e6tt og Baalspresta.<\/div>\n<p><a name=\"1\"><span class=\"versanumer\">1<\/span><\/a>En \u00ed Samar\u00edu voru 70 synir <span class='VideyAth'>c)<\/span> Akabs. Og Jeh\u00fa skrifa\u00f0i br\u00e9f og sendi \u00feau til Samar\u00edu til Jesreels h\u00f6f\u00f0ingja, \u00f6ldunganna, og \u00feeirra sem f\u00f3stru\u00f0u Akabsb\u00f6rn, \u00feau hlj\u00f3\u00f0u\u00f0u \u00feannig:<a name=\"2\"><span class=\"versanumer\">2<\/span><\/a>\u00deegar \u00fe\u00e9r me\u00f0taki\u00f0 \u00feessi br\u00e9f, fyrst \u00fe\u00e9r hafi\u00f0 hj\u00e1 y\u00f0ur syni y\u00f0vars herra, og vagna og hesta, samt sterka borg og herkl\u00e6\u00f0i,<a name=\"3\"><span class=\"versanumer\">3<\/span><\/a>\u00fe\u00e1 velji\u00f0 \u00feann besta og h\u00e6filegasta af sonum y\u00f0ar herra, og setji\u00f0 hann \u00ed h\u00e1s\u00e6ti f\u00f6\u00f0ur s\u00edns og str\u00ed\u00f0i\u00f0 fyrir h\u00fas y\u00f0ar herra.<a name=\"4\"><span class=\"versanumer\">4<\/span><\/a>En \u00feeir ur\u00f0u mj\u00f6g hr\u00e6ddir og s\u00f6g\u00f0u: sj\u00e1! tveir k\u00f3ngar g\u00e1tu ekki sta\u00f0i\u00f0 \u00e1 m\u00f3ti honum <span class='VideyAth'>d)<\/span> hv\u00f6rnig skyldum v\u00e9r \u00fe\u00e1 geta veitt m\u00f3tst\u00f6\u00f0u?<a name=\"5\"><span class=\"versanumer\">5<\/span><\/a>Og \u00feeir sem voru settir yfir h\u00fasi\u00f0, \u0254: k\u00f3ngsins og yfir sta\u00f0inn, og \u00feeir elstu og f\u00f3strarnir, sendu til Jeh\u00fa og l\u00e9tu segja: \u00fe\u00ednir \u00fej\u00f3nar erum v\u00e9r og v\u00e9r viljum gj\u00f6ra allt sem \u00fe\u00fa segir oss; v\u00e9r viljum engan til konungs taka; gj\u00f6r hva\u00f0 \u00fe\u00e9r gott \u00feykir.<br \/><a name=\"6\"><span class=\"versanumer\">6<\/span><\/a>\u00de\u00e1 skrifa\u00f0i hann \u00feeim \u00ed anna\u00f0 sinn svol\u00e1tandi br\u00e9f: efa\u00f0 \u00fe\u00e9r vilji\u00f0 fylgja m\u00e9r og hl\u00fd\u00f0a minni raust, \u00fe\u00e1 taki\u00f0 h\u00f6fu\u00f0in af sonum y\u00f0ar herra, og komi\u00f0 me\u00f0 \u00feau \u00e1 morgun \u00ed \u00feetta mund til m\u00edn til Jesreel, <span class='VideyAth'>(en synir k\u00f3ngsins voru 70, uppf\u00f3stra\u00f0ir hj\u00e1 \u00feeim g\u00f6fugustu m\u00f6nnum \u00ed borginni)<\/span>.<a name=\"7\"><span class=\"versanumer\">7<\/span><\/a>En sem br\u00e9fin komu til \u00feeirra t\u00f3ku \u00feeir k\u00f3ngssynina og sl\u00e1tru\u00f0u \u00feeim, 70 m\u00f6nnum <span class='VideyAth'>c)<\/span>, og l\u00f6g\u00f0u h\u00f6fu\u00f0 \u00feeirra \u00ed k\u00f6rfur, og sendu honum \u00feau til Jesreel.<a name=\"8\"><span class=\"versanumer\">8<\/span><\/a>\u00de\u00e1 kom sendibo\u00f0inn og l\u00e9t hann vita af, og m\u00e6lti: \u00feeir eru komnir me\u00f0 h\u00f6fu\u00f0in af k\u00f3ngssonunum. Og hann sag\u00f0i: leggi\u00f0 \u00feau \u00ed tv\u00e6r hr\u00fagur til morguns vi\u00f0 innganginn til borgarhli\u00f0sins.<a name=\"9\"><span class=\"versanumer\">9<\/span><\/a>En um morguninn er hann gekk \u00fat, f\u00f3r hann \u00feanga\u00f0 og tala\u00f0i svolei\u00f0is vi\u00f0 allt f\u00f3lki\u00f0: \u00fe\u00e9r eru\u00f0 r\u00e9ttv\u00edsir! sj\u00e1! eg hefi gj\u00f6rt uppreisn m\u00f3ti m\u00ednum herra og drepi\u00f0 hann; en hv\u00f6r hefir unni\u00f0 \u00e1 \u00feessum?<a name=\"10\"><span class=\"versanumer\">10<\/span><\/a>Kannist \u00fe\u00e1 vi\u00f0, a\u00f0 ekkert af or\u00f0um Drottins er falli\u00f0 til jar\u00f0ar, sem Drottinn hefir tala\u00f0 m\u00f3ti Akabs h\u00fasi; Drottinn hefir gj\u00f6rt \u00fea\u00f0 sem hann tala\u00f0i fyrir sinn \u00fej\u00f3n El\u00eda.<a name=\"11\"><span class=\"versanumer\">11<\/span><\/a>Og Jeh\u00fa drap alla \u00fe\u00e1, af Akabs\u00e6tt sem eftir voru \u00ed Jesreel, og alla hans h\u00f6f\u00f0ingja og kunningja og presta, og l\u00e9t ekki einn undan komast. <br \/><a name=\"12\"><span class=\"versanumer\">12<\/span><\/a>Og hann t\u00f3k sig upp og kom og f\u00f3r til Samar\u00edu. Hann var einmitt \u00e1 lei\u00f0inni hj\u00e1 fj\u00e1rhir\u00f0arah\u00fasinu,<a name=\"13\"><span class=\"versanumer\">13<\/span><\/a>\u00feegar hann m\u00e6tti br\u00e6\u00f0rum Ahasia J\u00fadak\u00f3ngs; og Jeh\u00fa m\u00e6lti: hv\u00f6rjir eru\u00f0 \u00fe\u00e9r? og \u00feeir sv\u00f6ru\u00f0u: v\u00e9r erum br\u00e6\u00f0ur <span class='VideyAth'>a)<\/span> Ahasia, og erum komnir hinga\u00f0 til a\u00f0 heims\u00e6kja syni k\u00f3ngsins og syni drottningarinnar.<a name=\"14\"><span class=\"versanumer\">14<\/span><\/a>\u00de\u00e1 sag\u00f0i hann: handtaki\u00f0 \u00fe\u00e1 lifandi! og hann sl\u00e1tra\u00f0i \u00feeim vi\u00f0 brunninn sem var hj\u00e1 hir\u00f0ara h\u00fasinu, 42ur m\u00f6nnum, og hann l\u00e9t \u00f6ngvan af \u00feeim undan komast.<a name=\"15\"><span class=\"versanumer\">15<\/span><\/a>Og hann f\u00f3r \u00fea\u00f0an, og hitti J\u00f3nadab son Rekobs <span class='VideyAth'>b)<\/span> sem kom \u00e1 m\u00f3ti honum, og heilsa\u00f0i honum og m\u00e6lti vi\u00f0 hann: er \u00feitt hjarta einl\u00e6gt, eins og mitt hjarta er <span class='VideyAth'>(einl\u00e6gt)<\/span> vi\u00f0 \u00feitt hjarta? og J\u00f3nadab svara\u00f0i: \u00fea\u00f0 er! s\u00e9 \u00fea\u00f0 svo, \u00fe\u00e1 gef m\u00e9r \u00fe\u00edna h\u00f6nd! og hann gaf honum s\u00edna h\u00f6nd, og hann l\u00e9t hann st\u00edga \u00e1 vagninn til s\u00edn,<a name=\"16\"><span class=\"versanumer\">16<\/span><\/a>og m\u00e6lti: kom me\u00f0 m\u00e9r og sj\u00e1, hv\u00f6rsu eg vandl\u00e6ti fyrir Drottin! og svo l\u00e9t hann flytja hann \u00e1 s\u00ednum vagni.<a name=\"17\"><span class=\"versanumer\">17<\/span><\/a>Og sem hann kom til Samar\u00edu drap hann alla sem eftir voru \u00ed Samar\u00edu af Akabs\u00e6tt, \u00feanga\u00f0 til hann haf\u00f0i afm\u00e1\u00f0 hann, eftir Drottins or\u00f0i, sem hann haf\u00f0i tala\u00f0 vi\u00f0 El\u00eda <span class='VideyAth'>c)<\/span>. <br \/><a name=\"18\"><span class=\"versanumer\">18<\/span><\/a>Og Jeh\u00fa samansafna\u00f0i \u00f6llu f\u00f3lkinu og sag\u00f0i til \u00feeirra: Akab hefir l\u00edti\u00f0 \u00fej\u00f3na\u00f0 Baal, Jeh\u00fa vill \u00fej\u00f3na honum miki\u00f0.<a name=\"19\"><span class=\"versanumer\">19<\/span><\/a>Og kalli\u00f0 n\u00fa saman alla Baals sp\u00e1menn og hans \u00fej\u00f3na og alla presta til m\u00edn, engan vanti; \u00fev\u00ed eg \u00e6tla a\u00f0 f\u00e6ra Baal mikla f\u00f3rn, hv\u00f6r sem ei kemur missir l\u00edfi\u00f0. En Jeh\u00fa beitti h\u00e9r svikum, til \u00feess a\u00f0 fyrirfara Baals \u00fej\u00f3num.<a name=\"20\"><span class=\"versanumer\">20<\/span><\/a>Og hann m\u00e6lti: helgi\u00f0 Baal \u00feenna samkomu dag <span class='VideyAth'>d)<\/span>! og \u00feeir \u00fathr\u00f3pu\u00f0u hann.<a name=\"21\"><span class=\"versanumer\">21<\/span><\/a>Og Jeh\u00fa sendi um allan \u00cdsrael; \u00fe\u00e1 komu allir Baals \u00fej\u00f3nar, og engis var vant, a\u00f0 hann ekki k\u00e6mi, og \u00feeir komu \u00ed Baals h\u00fas, og Baals h\u00fas var\u00f0 fullt fr\u00e1 einum enda til annars.<a name=\"22\"><span class=\"versanumer\">22<\/span><\/a>Og hann sag\u00f0i vi\u00f0 \u00feann sem var yfir kl\u00e6\u00f0a h\u00fasinu: tak \u00fat kl\u00e6\u00f0i handa \u00f6llum Baals \u00fej\u00f3num! og hann t\u00f3k \u00fat kl\u00e6\u00f0i handa \u00feeim.<a name=\"23\"><span class=\"versanumer\">23<\/span><\/a>Eftir \u00fea\u00f0 gekk Jeh\u00fa og J\u00f3nadab Rekobs son inn \u00ed h\u00fas Baals, og hann sag\u00f0i vi\u00f0 Baals \u00fej\u00f3na: rannsaki\u00f0 n\u00fa og sj\u00e1i\u00f0 til, a\u00f0 h\u00e9r s\u00e9 enginn hj\u00e1 y\u00f0ur af Drottins \u00fe\u00e9nurum, heldur Baals \u00fej\u00f3nar einir.<a name=\"24\"><span class=\"versanumer\">24<\/span><\/a>Og \u00feeir gengu inn til a\u00f0 annast um sl\u00e1tur og brennif\u00f3rnina. En Jeh\u00fa haf\u00f0i tilsett 80 manns fyrir utan h\u00fasi\u00f0 og sagt: komist nokkur burt af \u00feessum m\u00f6nnum, sem eg gef \u00ed y\u00f0ar hendur, svo skal y\u00f0ar l\u00edf vera fyrir hans l\u00edf.<a name=\"25\"><span class=\"versanumer\">25<\/span><\/a>En sem loki\u00f0 var brennif\u00f3rninni, sag\u00f0i Jeh\u00fa vi\u00f0 hir\u00f0mennina og vagnmennina: gangi\u00f0 inn, drepi\u00f0 \u00fe\u00e1, enginn komist \u00fat! og \u00feeir sl\u00f3gu \u00fe\u00e1 me\u00f0 sver\u00f0s eggjum, og hir\u00f0mennirnir og vagnmennirnir k\u00f6stu\u00f0u \u00feeim \u00fat, og \u00feeir gengu \u00feanga\u00f0 sem Baals h\u00fas var \u00ed sta\u00f0num,<a name=\"26\"><span class=\"versanumer\">26<\/span><\/a>og t\u00f3ku b\u00edl\u00e6tin \u00far Baals h\u00fasi og uppbrenndu \u00feau.<a name=\"27\"><span class=\"versanumer\">27<\/span><\/a>Og felldu ni\u00f0ur Baals b\u00edl\u00e6ti <span class='VideyAth'>a)<\/span>, og rifu ni\u00f0ur Baals h\u00fas, og gj\u00f6r\u00f0u \u00fea\u00f0 a\u00f0 sm\u00e1um leynikofum allt til \u00feessa dags.<br \/><a name=\"28\"><span class=\"versanumer\">28<\/span><\/a>\u00deannig afm\u00e1\u00f0i Jeh\u00fa Baal \u00ed \u00cdsrael.<a name=\"29\"><span class=\"versanumer\">29<\/span><\/a>En samt l\u00e9t Jeh\u00fa ekki af syndum Jer\u00f3b\u00f3ams sonar Nebats <span class='VideyAth'>b)<\/span>, sem kom \u00cdsrael til a\u00f0 syndga, og sag\u00f0i ekki skili\u00f0 vi\u00f0 gullk\u00e1lfana \u00ed Betel og \u00ed Dan.<a name=\"30\"><span class=\"versanumer\">30<\/span><\/a>Og Drottinn sag\u00f0i vi\u00f0 Jeh\u00fa: s\u00f6kum \u00feess \u00fe\u00fa gj\u00f6r\u00f0ir al\u00fa\u00f0lega, \u00fea\u00f0 sem r\u00e9tt er fyrir m\u00ednum augum, og breyttir \u00f6ldungis eftir m\u00ednu sinni vi\u00f0 Akabs h\u00fas, svo skulu synir \u00fe\u00ednir \u00ed 4\u00f0a li\u00f0 sitja \u00e1 \u00cdsraels h\u00e1s\u00e6ti <span class='VideyAth'>c)<\/span>.<a name=\"31\"><span class=\"versanumer\">31<\/span><\/a>En Jeh\u00fa gaf \u00fev\u00ed engan gaum a\u00f0 ganga eftir bo\u00f0or\u00f0um Drottins \u00cdsraels Gu\u00f0s af \u00f6llu s\u00ednu hjarta; hann v\u00e9k ekki fr\u00e1 syndum Jer\u00f3b\u00f3ams sem haf\u00f0i komi\u00f0 \u00cdsrael til a\u00f0 syndga.<a name=\"32\"><span class=\"versanumer\">32<\/span><\/a>Um \u00feessar mundir byrja\u00f0i Drottinn a\u00f0 snei\u00f0a nokku\u00f0 af \u00cdsraelsr\u00edki; og Hasael <span class='VideyAth'>d)<\/span> vann orrustur \u00e1 \u00f6llum \u00cdsraels landamerkjum,<a name=\"33\"><span class=\"versanumer\">33<\/span><\/a>fr\u00e1 J\u00f3rdan a\u00f0 austan til og um allt landi\u00f0 G\u00edlea\u00f0, \u00e1 m\u00f3ti Ga\u00f0s, R\u00fabens og Manassisni\u00f0jum, fr\u00e1 Ar\u00f3er sem liggur vi\u00f0 l\u00e6kinn Arnon, allt til G\u00edlea\u00f0 og Basan. <br \/><a name=\"34\"><span class=\"versanumer\">34<\/span><\/a>En hva\u00f0 meir er a\u00f0 segja af Jeh\u00fa og um allt sem hann gj\u00f6r\u00f0i, og \u00f6ll hans hreystiverk, \u00fe\u00e1 stendur \u00fea\u00f0 skrifa\u00f0 \u00ed \u00e1rb\u00f3kum \u00cdsraelsk\u00f3nga.<a name=\"35\"><span class=\"versanumer\">35<\/span><\/a>Og Jeh\u00fa lag\u00f0ist hj\u00e1 s\u00ednum fe\u00f0rum, og menn gr\u00f3fu hann \u00ed Samar\u00edu, og J\u00f3akas sonur hans var\u00f0 k\u00f3ngur \u00ed hans sta\u00f0 <span class='VideyAth'>e)<\/span>.<a name=\"36\"><span class=\"versanumer\">36<\/span><\/a>En Jeh\u00fa r\u00edkti yfir \u00cdsrael, \u00ed Samar\u00edu, 28 \u00e1r.<\/p>\n<div class=\"footnoteVidey\">V. 1. c. D\u00f3m. 8,30. V. 4. d. 9,23.24.27. V. 7. e. D\u00f3m. 9,5. V. 13. a. E\u00f0a br\u00e6\u00f0ra synir. Sbr. 2 Kron. 22,8. V. 15. b. Jer. 35,6. V. 17. c. 1 K\u00f3ng. 21,21.22. V. 20. d. Lev. 23,36. V. 26. Sbr. 11,18. V. 27. a. 3,2. V. 29. b. 13,2.11. 14,24. V. 30. c. 15,12. V. 32. d. 8,12. V. 35. e. 13,1.<\/div>\n","protected":false},"excerpt":{"rendered":"<p>Jeh\u00fa afm\u00e1ir Akabs \u00e6tt og Baalspresta. 1En \u00ed Samar\u00edu voru 70 synir c) Akabs. Og Jeh\u00fa skrifa\u00f0i br\u00e9f og sendi \u00feau til Samar\u00edu til Jesreels h\u00f6f\u00f0ingja, \u00f6ldunganna, og \u00feeirra sem f\u00f3stru\u00f0u Akabsb\u00f6rn, \u00feau hlj\u00f3\u00f0u\u00f0u \u00feannig:2\u00deegar \u00fe\u00e9r me\u00f0taki\u00f0 \u00feessi br\u00e9f, fyrst \u00fe\u00e9r hafi\u00f0 hj\u00e1 y\u00f0ur syni y\u00f0vars herra, og vagna og hesta, samt sterka borg og herkl\u00e6\u00f0i,3\u00fe\u00e1 velji\u00f0 \u00feann besta og h\u00e6filegasta af sonum y\u00f0ar herra, og setji\u00f0 hann \u00ed h\u00e1s\u00e6ti f\u00f6\u00f0ur s\u00edns og str\u00ed\u00f0i\u00f0 fyrir h\u00fas y\u00f0ar herra.4En \u00feeir ur\u00f0u mj\u00f6g hr\u00e6ddir og s\u00f6g\u00f0u: sj\u00e1! tveir k\u00f3ngar g\u00e1tu ekki sta\u00f0i\u00f0 \u00e1 m\u00f3ti honum d) hv\u00f6rnig skyldum v\u00e9r \u00fe\u00e1 geta veitt <a href=\"https:\/\/biblian.is\/videy\/sidari-konungabok-10-kafli\/\"> [&#8230;]<\/a><\/p>\n","protected":false},"author":1,"featured_media":0,"parent":0,"menu_order":0,"comment_status":"open","ping_status":"open","template":"bibliukaflar.php","meta":{"footnotes":""},"class_list":["post-21172","page","type-page","status-publish","hentry"],"_links":{"self":[{"href":"https:\/\/biblian.is\/videy\/wp-json\/wp\/v2\/pages\/21172","targetHints":{"allow":["GET"]}}],"collection":[{"href":"https:\/\/biblian.is\/videy\/wp-json\/wp\/v2\/pages"}],"about":[{"href":"https:\/\/biblian.is\/videy\/wp-json\/wp\/v2\/types\/page"}],"author":[{"embeddable":true,"href":"https:\/\/biblian.is\/videy\/wp-json\/wp\/v2\/users\/1"}],"replies":[{"embeddable":true,"href":"https:\/\/biblian.is\/videy\/wp-json\/wp\/v2\/comments?post=21172"}],"version-history":[{"count":0,"href":"https:\/\/biblian.is\/videy\/wp-json\/wp\/v2\/pages\/21172\/revisions"}],"wp:attachment":[{"href":"https:\/\/biblian.is\/videy\/wp-json\/wp\/v2\/media?parent=21172"}],"curies":[{"name":"wp","href":"https:\/\/api.w.org\/{rel}","templated":true}]}}