{"id":21171,"date":"2018-01-02T01:00:42","date_gmt":"2018-01-02T01:00:42","guid":{"rendered":"http:\/\/biblian.is\/videy\/sidari-konungabok-9-kafli\/"},"modified":"2018-01-02T01:00:42","modified_gmt":"2018-01-02T01:00:42","slug":"sidari-konungabok-9-kafli","status":"publish","type":"page","link":"https:\/\/biblian.is\/videy\/sidari-konungabok-9-kafli\/","title":{"rendered":"S\u00ed\u00f0ari konungab\u00f3k 9. kafli"},"content":{"rendered":"<div class=\"fyrirsognVidey\">Jeh\u00fa k\u00f3ngur \u00ed \u00cdsrael.<\/div>\n<p><a name=\"1\"><span class=\"versanumer\">1<\/span><\/a>En sp\u00e1ma\u00f0urinn El\u00edsa kalla\u00f0i einn af sonum sp\u00e1mannanna og sag\u00f0i vi\u00f0 hann: gir\u00f0 \u00fe\u00ednar lendar, og tak \u00feessa smyrslakr\u00fas \u00fe\u00e9r \u00ed h\u00f6nd, og far til Ramot \u00ed G\u00edlea\u00f0.<a name=\"2\"><span class=\"versanumer\">2<\/span><\/a>Og \u00feegar \u00fe\u00fa ert \u00feanga\u00f0 kominn, svo leita\u00f0u a\u00f0 Jeh\u00fa syni J\u00f3safats, sonar Nims\u00ed, og gakk til hans og l\u00e1ttu hann standa upp me\u00f0al sinna br\u00e6\u00f0ra, og leiddu hann h\u00fas \u00far h\u00fasi;<a name=\"3\"><span class=\"versanumer\">3<\/span><\/a>og tak svo smyrslakr\u00fasina og helltu yfir h\u00f6fu\u00f0 honum me\u00f0 \u00feessum umm\u00e6lum: \u201eSvo segir Drottinn: Eg smyr \u00feig konung yfir \u00cdsrael\u201c; lj\u00fak svo upp dyrum og for\u00f0a \u00fe\u00e9r, og <span class='VideyAth'>(tef)<\/span> ekki.<a name=\"4\"><span class=\"versanumer\">4<\/span><\/a>Svo f\u00f3r s\u00e1 ungi ma\u00f0ur, sp\u00e1manna sveinninn, til Ramot \u00ed G\u00edlea\u00f0.<a name=\"5\"><span class=\"versanumer\">5<\/span><\/a>Og sem hann kom \u00fear, sj\u00e1! svo voru \u00fear fyrir herforingjarnir; Og hann m\u00e6lti: eg hefi eitt or\u00f0 vi\u00f0 \u00feig a\u00f0 tala, \u00fe\u00fa herforingi! og Jeh\u00fa ansa\u00f0i til: vi\u00f0 hv\u00f6rn af oss \u00f6llum? og hann svara\u00f0i: vi\u00f0 \u00feig herforingi!<a name=\"6\"><span class=\"versanumer\">6<\/span><\/a>\u00de\u00e1 st\u00f3\u00f0 hann upp og gekk inn \u00ed anna\u00f0 herbergi og hann hellti vi\u00f0smj\u00f6ri yfir hans h\u00f6fu\u00f0 og m\u00e6lti vi\u00f0 hann: Svo segir Drottinn \u00cdsraels Gu\u00f0: eg smyr \u00feig k\u00f3ng yfir Drottins f\u00f3lk \u00cdsrael.<a name=\"7\"><span class=\"versanumer\">7<\/span><\/a>Og \u00fe\u00fa skalt vinna \u00e1 \u00e6tt Akabs, \u00fe\u00edns herra, og eg vil hefna bl\u00f3\u00f0s minna \u00fej\u00f3na, sp\u00e1mannanna, og bl\u00f3\u00f0s allra Drottins \u00fej\u00f3na \u00e1 Jesabel.<a name=\"8\"><span class=\"versanumer\">8<\/span><\/a>Og allt Akabs h\u00fas skal fyrirfarast, og af Akab vil eg afm\u00e1 allt karlkyn <span class='VideyAth'>a)<\/span>, \u00fer\u00e6l og frelsingja \u00ed \u00cdsrael <span class='VideyAth'>b)<\/span>.<a name=\"9\"><span class=\"versanumer\">9<\/span><\/a>Og eg vil gj\u00f6ra Akabs h\u00fas eins og h\u00fas Jer\u00f3b\u00f3ams sonar Nebats <span class='VideyAth'>c)<\/span>, og eins og h\u00fas Baesa, sonar Ah\u00eda.<a name=\"10\"><span class=\"versanumer\">10<\/span><\/a>Og Jesabel skulu hundar eta <span class='VideyAth'>d)<\/span> \u00e1 Jesreel\u00edtans eign, og enginn skal hana jar\u00f0a. Og hann lauk upp h\u00fasinu og fl\u00fa\u00f0i.<br \/><a name=\"11\"><span class=\"versanumer\">11<\/span><\/a>En Jeh\u00fa gekk \u00fat til \u00fej\u00f3na s\u00edns herra. \u00de\u00e1 s\u00f6g\u00f0u menn vi\u00f0 hann: er nokku\u00f0 a\u00f0? hv\u00f6rs vegna er s\u00e1 \u00f3\u00f0i ma\u00f0ur til \u00fe\u00edn kominn? og hann sag\u00f0i vi\u00f0 \u00fe\u00e1: \u00fe\u00e9r \u00feekki\u00f0 manninn, og hans tal.<a name=\"12\"><span class=\"versanumer\">12<\/span><\/a>Og \u00feeir sv\u00f6ru\u00f0u: \u00fea\u00f0 er ekki satt! seg\u00f0u oss \u00fea\u00f0. Og hann m\u00e6lti: svo og svo hefir hann vi\u00f0 mig tala\u00f0, nl: Svo segir Drottinn: Eg smyr \u00feig til k\u00f3ngs yfir \u00cdsrael.<a name=\"13\"><span class=\"versanumer\">13<\/span><\/a>\u00de\u00e1 hlupu \u00feeir til, hv\u00f6r t\u00f3k s\u00edn kl\u00e6\u00f0i og breiddu \u00feau undir hann, jafnvel \u00e1 tr\u00f6ppurnar og bl\u00e9su \u00ed b\u00e1s\u00fanuna og s\u00f6g\u00f0u: Jeh\u00fa er k\u00f3ngur.<a name=\"14\"><span class=\"versanumer\">14<\/span><\/a>\u00deannig gj\u00f6r\u00f0i Jeh\u00fa, sonur J\u00f3safats sonar Nims\u00ed, uppreisn m\u00f3ti J\u00f3ram, <span class='VideyAth'>(en J\u00f3ram haf\u00f0i seti\u00f0 um Ramot \u00ed G\u00edlea\u00f0, hann og allur \u00cdsrael, m\u00f3t Hasael, S\u00fdrlandsk\u00f3ngi)<\/span>;<a name=\"15\"><span class=\"versanumer\">15<\/span><\/a>og J\u00f3ram k\u00f3ngur sneri fr\u00e1 Jesreel, til a\u00f0 l\u00e1ta l\u00e6kna s\u00e1r s\u00edn, er hann f\u00e9kk \u00ed orrustunni vi\u00f0 s\u00fdrlenska, \u00fe\u00e1 hann bar\u00f0ist vi\u00f0 Hasael S\u00fdrlandsk\u00f3ng. Og Jeh\u00fa m\u00e6lti: s\u00e9 \u00fea\u00f0 y\u00f0ar vilji, skal enginn komast me\u00f0 fl\u00f3tta burt \u00far sta\u00f0num, til a\u00f0 segja fr\u00e1 \u00feessu \u00ed Jesreel.<a name=\"16\"><span class=\"versanumer\">16<\/span><\/a>\u00de\u00e1 st\u00e9 Jeh\u00fa \u00e1 hest og f\u00f3r til Jesreel; \u00fev\u00ed \u00fear l\u00e1 J\u00f3ram, og Ahas\u00eda var \u00feanga\u00f0 kominn til a\u00f0 vitja um hann.<a name=\"17\"><span class=\"versanumer\">17<\/span><\/a>En var\u00f0ma\u00f0urinn sem st\u00f3\u00f0 \u00ed turninum og s\u00e1 Jeh\u00fas flokk, \u00fe\u00e1 hann kom, m\u00e6lti: eg s\u00e9 flokk koma. Og J\u00f3ram sag\u00f0i: tak \u00fe\u00fa r\u00ed\u00f0andi mann, og send hann m\u00f3ti \u00feeim, a\u00f0 hann spyrji hv\u00f6rt fri\u00f0ur s\u00e9?<a name=\"18\"><span class=\"versanumer\">18<\/span><\/a>Og s\u00e1 sem r\u00ed\u00f0andi f\u00f3r \u00e1 m\u00f3ti \u00feeim, m\u00e6lti: svo segir konungurinn: er fri\u00f0ur? Og Jeh\u00fa svara\u00f0i: hva\u00f0 var\u00f0ar \u00feig um fri\u00f0? far \u00fe\u00fa \u00ed minn flokk. Og var\u00f0ma\u00f0urinn sag\u00f0i fr\u00e1 \u00feessu og m\u00e6lti: sendima\u00f0urinn er til \u00feeirra kominn, en kemur ei aftur.<a name=\"19\"><span class=\"versanumer\">19<\/span><\/a>\u00de\u00e1 sendi hann aftur r\u00ed\u00f0andi mann, og hann kom til \u00feeirra og m\u00e6lti: svo segir k\u00f3ngurinn: er fri\u00f0ur? og Jeh\u00fa svara\u00f0i: hva\u00f0 var\u00f0ar \u00feig um fri\u00f0? far \u00fe\u00fa \u00ed minn flokk.<a name=\"20\"><span class=\"versanumer\">20<\/span><\/a>Og var\u00f0ma\u00f0urinn sag\u00f0i fr\u00e1 \u00feessu, og m\u00e6lti: hann er til \u00feeirra kominn, en kemur ekki aftur. Og f\u00f6r \u00feeirra er sem \u00fea\u00f0 v\u00e6ri f\u00f6r Jeh\u00fa sonar Nimsi, \u00fev\u00ed hann fer sem galinn ma\u00f0ur. <br \/><a name=\"21\"><span class=\"versanumer\">21<\/span><\/a>\u00de\u00e1 sag\u00f0i J\u00f3ram: spenni\u00f0 fyrir vagninn! og menn spenntu fyrir hans vagn, og J\u00f3ram \u00cdsraelsk\u00f3ngur og Ahasia J\u00fadak\u00f3ngur, f\u00f3ru hv\u00f6r \u00e1 s\u00ednum vagni m\u00f3ti Jeh\u00fa, og \u00feeir m\u00e6ttu honum \u00e1 landeign Jesreel\u00edtans Nabots.<a name=\"22\"><span class=\"versanumer\">22<\/span><\/a>En sem J\u00f3ram s\u00e1 Jeh\u00fa, sag\u00f0i hann: er fri\u00f0ur, Jeh\u00fa? Og hann svara\u00f0i: hv\u00f6r fri\u00f0ur getur veri\u00f0 me\u00f0an afgu\u00f0ad\u00fdrkun og t\u00f6frar m\u00f3\u00f0ur \u00feinnar Jesabel margfaldast?<a name=\"23\"><span class=\"versanumer\">23<\/span><\/a>\u00de\u00e1 sneri J\u00f3ram undan og fl\u00fa\u00f0i, og sag\u00f0i vi\u00f0 Ahas\u00eda: svik eru \u00e1 fer\u00f0um, Ahas\u00eda!<a name=\"24\"><span class=\"versanumer\">24<\/span><\/a>En Jeh\u00fa \u00fereif boga sinn, og h\u00e6f\u00f0i J\u00f3ram milli handleggjanna, svo p\u00edlan f\u00f3r \u00ed gegnum hjarta\u00f0, og hann hn\u00e9 ni\u00f0ur \u00ed s\u00ednum vagni.<a name=\"25\"><span class=\"versanumer\">25<\/span><\/a>Og hann <span class='VideyAth'>(Jeh\u00fa)<\/span> sag\u00f0i vi\u00f0 Bidekar sem st\u00fdr\u00f0i vagninum: taktu hann, kasta\u00f0u honum \u00e1 landeign Jesreel\u00edtans Nabots! \u00fev\u00ed mundu \u00fea\u00f0, \u00feegar vi\u00f0, eg og \u00fe\u00fa, ri\u00f0um saman me\u00f0 f\u00f6\u00f0ur hans Akab, \u00fe\u00e1 lag\u00f0i Drottinn \u00feenna d\u00f3m \u00e1 hann.<a name=\"26\"><span class=\"versanumer\">26<\/span><\/a>J\u00e1, \u00ed g\u00e6r s\u00e1 eg bl\u00f3\u00f0 Nabots og sona hans, segir Drottinn, og eg vil launa \u00fe\u00e9r \u00fea\u00f0 \u00e1 \u00feessari landeign, segir Drottinn. Og tak \u00fe\u00fa hann n\u00fa og kasta \u00fe\u00fa honum \u00e1 \u00feessa landeign eftir or\u00f0i Drottins.<a name=\"27\"><span class=\"versanumer\">27<\/span><\/a>En er Ahasia J\u00fadak\u00f3ngur s\u00e1 \u00feetta, fl\u00fa\u00f0i hann til jurtagar\u00f0s h\u00fassins. Og Jeh\u00fa elti hann, og m\u00e6lti: vinni\u00f0 og \u00e1 honum \u00ed vagninum! <span class='VideyAth'>(og \u00fea\u00f0 t\u00f3kst)<\/span> \u00e1 h\u00e6\u00f0inni S\u00far hj\u00e1 Jibleam. Og hann fl\u00fa\u00f0i til Megidd\u00f3, og d\u00f3 \u00fear.<a name=\"28\"><span class=\"versanumer\">28<\/span><\/a>Og hans menn fluttu hann til Jer\u00fasalem og gr\u00f3fu hann \u00ed hans gr\u00f6f hj\u00e1 fe\u00f0rum hans, \u00ed Dav\u00ed\u00f0sborg.<a name=\"29\"><span class=\"versanumer\">29<\/span><\/a>En \u00e1 ellefta \u00e1ri J\u00f3rams Akabs sonar haf\u00f0i Ahasia or\u00f0i\u00f0 k\u00f3ngur \u00ed J\u00fada. <br \/><a name=\"30\"><span class=\"versanumer\">30<\/span><\/a>Og Jeh\u00fa kom til Jesreel. En sem Jesabel fr\u00e9tti \u00fea\u00f0, f\u00e1ga\u00f0i h\u00fan <span class='VideyAth'>(s\u00edn augu)<\/span> sitt andlit <span class='VideyAth'>a)<\/span> og pr\u00fdddi sitt h\u00f6fu\u00f0, og leit \u00fat um gluggann.<a name=\"31\"><span class=\"versanumer\">31<\/span><\/a>Og sem Jeh\u00fa kom \u00ed porti\u00f0, m\u00e6lti h\u00fan: f\u00f3r vel fyrir Simri sem drap sinn herra?<a name=\"32\"><span class=\"versanumer\">32<\/span><\/a>Og honum var\u00f0 liti\u00f0 upp til gluggans og m\u00e6lti: hv\u00f6r fylgir m\u00e9r? hv\u00f6r? Og tveir, \u00fer\u00edr hir\u00f0menn litu \u00fat <span class='VideyAth'>(um gluggann)<\/span> til hans.<a name=\"33\"><span class=\"versanumer\">33<\/span><\/a>Og hann sag\u00f0i: kasti\u00f0 henni \u00fat! og \u00feeir k\u00f6stu\u00f0u henni \u00fat, og bl\u00f3\u00f0 hennar slettist \u00e1 vegginn og \u00e1 hestana, og h\u00fan var f\u00f3ttro\u00f0in.<a name=\"34\"><span class=\"versanumer\">34<\/span><\/a>Og hann <span class='VideyAth'>(Jeh\u00fa)<\/span> gekk og \u00e1t og drakk, s\u00ed\u00f0an m\u00e6lti hann: g\u00e1i\u00f0 \u00fe\u00f3 a\u00f0 \u00feeirri bannsettu og jar\u00f0i\u00f0 hana, \u00fev\u00ed k\u00f3ngsd\u00f3ttir er h\u00fan.<a name=\"35\"><span class=\"versanumer\">35<\/span><\/a>\u00de\u00e1 f\u00f3ru \u00feeir a\u00f0 jar\u00f0a hana, en \u00feeir fundu ekkert af henni, nema hausk\u00fapuna og f\u00e6tur og hendur.<a name=\"36\"><span class=\"versanumer\">36<\/span><\/a>Og \u00feeir komu aftur og s\u00f6g\u00f0u honum fr\u00e1, og hann m\u00e6lti: \u00fea\u00f0 er einmitt Drottins or\u00f0, er hann tala\u00f0i fyrir sinn \u00fej\u00f3n El\u00eda Tesb\u00edter, \u00fe\u00e1 hann sag\u00f0i: \u00e1 landeign Jesreel\u00edtans skulu hundar eta Jesabels hold <span class='VideyAth'>b)<\/span>.<a name=\"37\"><span class=\"versanumer\">37<\/span><\/a>Og Jesabels l\u00edkami skal liggja \u00fati sem ta\u00f0 \u00e1 t\u00fani, \u00e1 landeign Jesreel\u00edtans, svo enginn skal geta sagt, a\u00f0 \u00fea\u00f0 s\u00e9 Jesabel.<\/p>\n<div class=\"footnoteVidey\">V. 8. 1 K\u00f3ng. 14,10. b. Devt. 32,36. 2 K\u00f3ng. 14,26.  V. 9. c. 1 K\u00f3ng. 15,29. d. 1 K\u00f3ng. 16,3.  V. 10. e. 2 K\u00f3ng. 9,25.  V. 30. a. Jer. 4,30.  V. 36. b. v. 10. 1 K\u00f3ng. 21,23.<\/div>\n","protected":false},"excerpt":{"rendered":"<p>Jeh\u00fa k\u00f3ngur \u00ed \u00cdsrael. 1En sp\u00e1ma\u00f0urinn El\u00edsa kalla\u00f0i einn af sonum sp\u00e1mannanna og sag\u00f0i vi\u00f0 hann: gir\u00f0 \u00fe\u00ednar lendar, og tak \u00feessa smyrslakr\u00fas \u00fe\u00e9r \u00ed h\u00f6nd, og far til Ramot \u00ed G\u00edlea\u00f0.2Og \u00feegar \u00fe\u00fa ert \u00feanga\u00f0 kominn, svo leita\u00f0u a\u00f0 Jeh\u00fa syni J\u00f3safats, sonar Nims\u00ed, og gakk til hans og l\u00e1ttu hann standa upp me\u00f0al sinna br\u00e6\u00f0ra, og leiddu hann h\u00fas \u00far h\u00fasi;3og tak svo smyrslakr\u00fasina og helltu yfir h\u00f6fu\u00f0 honum me\u00f0 \u00feessum umm\u00e6lum: \u201eSvo segir Drottinn: Eg smyr \u00feig konung yfir \u00cdsrael\u201c; lj\u00fak svo upp dyrum og for\u00f0a \u00fe\u00e9r, og (tef) ekki.4Svo f\u00f3r s\u00e1 ungi ma\u00f0ur, sp\u00e1manna sveinninn, til <a href=\"https:\/\/biblian.is\/videy\/sidari-konungabok-9-kafli\/\"> [&#8230;]<\/a><\/p>\n","protected":false},"author":1,"featured_media":0,"parent":0,"menu_order":0,"comment_status":"open","ping_status":"open","template":"bibliukaflar.php","meta":{"footnotes":""},"class_list":["post-21171","page","type-page","status-publish","hentry"],"_links":{"self":[{"href":"https:\/\/biblian.is\/videy\/wp-json\/wp\/v2\/pages\/21171","targetHints":{"allow":["GET"]}}],"collection":[{"href":"https:\/\/biblian.is\/videy\/wp-json\/wp\/v2\/pages"}],"about":[{"href":"https:\/\/biblian.is\/videy\/wp-json\/wp\/v2\/types\/page"}],"author":[{"embeddable":true,"href":"https:\/\/biblian.is\/videy\/wp-json\/wp\/v2\/users\/1"}],"replies":[{"embeddable":true,"href":"https:\/\/biblian.is\/videy\/wp-json\/wp\/v2\/comments?post=21171"}],"version-history":[{"count":0,"href":"https:\/\/biblian.is\/videy\/wp-json\/wp\/v2\/pages\/21171\/revisions"}],"wp:attachment":[{"href":"https:\/\/biblian.is\/videy\/wp-json\/wp\/v2\/media?parent=21171"}],"curies":[{"name":"wp","href":"https:\/\/api.w.org\/{rel}","templated":true}]}}