{"id":21169,"date":"2018-01-02T01:00:36","date_gmt":"2018-01-02T01:00:36","guid":{"rendered":"http:\/\/biblian.is\/videy\/sidari-konungabok-7-kafli\/"},"modified":"2018-01-02T01:00:36","modified_gmt":"2018-01-02T01:00:36","slug":"sidari-konungabok-7-kafli","status":"publish","type":"page","link":"https:\/\/biblian.is\/videy\/sidari-konungabok-7-kafli\/","title":{"rendered":"S\u00ed\u00f0ari konungab\u00f3k 7. kafli"},"content":{"rendered":"<div class=\"fyrirsognVidey\">Sama efni.<\/div>\n<p><a name=\"1\"><span class=\"versanumer\">1<\/span><\/a>\u00de\u00e1 m\u00e6lti El\u00edsa: heyri\u00f0 or\u00f0 Drottins! svo segir Drottinn: \u00e1 morgun um \u00feetta leyti mun einn m\u00e6lir hveitis kosta einn sikil, og tveir m\u00e6lirar byggs einn sikil \u00ed Samar\u00edu borgarhli\u00f0i.<a name=\"2\"><span class=\"versanumer\">2<\/span><\/a>\u00de\u00e1 svara\u00f0i riddari, vi\u00f0 hv\u00f6rs h\u00f6nd k\u00f3ngur studdist <span class='VideyAth'>a)<\/span> gu\u00f0smanninum, og m\u00e6lti: mundi \u00feetta geta ske\u00f0 \u00fe\u00f3 Drottinn gj\u00f6r\u00f0i glugga \u00e1 himininn? og hinn m\u00e6lti: \u00fe\u00fa munt sj\u00e1 \u00fea\u00f0 me\u00f0 \u00fe\u00ednum augum, en ekki eta \u00fear af. <br \/><a name=\"3\"><span class=\"versanumer\">3<\/span><\/a>En \u00fear voru fj\u00f3rir holdsveikir menn vi\u00f0 innganginn til borgarhli\u00f0sins, sem s\u00f6g\u00f0u hv\u00f6r vi\u00f0 annan: hv\u00ed dveljum v\u00e9r h\u00e9r \u00feanga\u00f0 til v\u00e9r deyjum?<a name=\"4\"><span class=\"versanumer\">4<\/span><\/a>\u00de\u00f3 v\u00e9r n\u00fa seg\u00f0um: v\u00e9r skulum ganga inn \u00ed borgina, \u00fe\u00e1 er \u00fear hungur; og ef v\u00e9r erum h\u00e9r, deyjum v\u00e9r. Og komi\u00f0 n\u00fa! l\u00e1tum oss strj\u00faka \u00ed herb\u00fa\u00f0ir enna s\u00fdrlensku; ef \u00feeir l\u00e1ta oss lifa, svo lifum v\u00e9r; og ef \u00feeir dey\u00f0a oss, svo deyjum v\u00e9r.<a name=\"5\"><span class=\"versanumer\">5<\/span><\/a>Og svo t\u00f3ku \u00feeir sig upp \u00ed birtingunni til \u00feess a\u00f0 komast \u00ed herb\u00fa\u00f0ir s\u00fdrlenskra; og sem \u00feeir komu a\u00f0 \u00f6\u00f0rum enda herb\u00fa\u00f0a enna s\u00fdrlensku, \u00fe\u00e1 var \u00fear enginn ma\u00f0ur,<a name=\"6\"><span class=\"versanumer\">6<\/span><\/a>\u00fev\u00ed Drottinn haf\u00f0i l\u00e1ti\u00f0 \u00feann s\u00fdrlenska her heyra vagnagn\u00fd og hesta\u00feyt, eins og heyrist \u00fear sem a\u00f0 fer mikill her, og hv\u00f6r sag\u00f0i vi\u00f0 annan: sj\u00e1! n\u00fa hefir \u00cdsraelskonungur leigt Het\u00edtanna k\u00f3nga, og k\u00f3ngana af Egyptalandi m\u00f3ti oss, svo \u00feeir yfirfalli oss.<a name=\"7\"><span class=\"versanumer\">7<\/span><\/a>Og \u00feeir t\u00f3ku sig upp og fl\u00fd\u00f0u \u00ed birtingunni, og l\u00e9tu eftir s\u00edn tj\u00f6ld, og s\u00edn hross og asna, og herb\u00fa\u00f0ir eins og \u00fe\u00e6r v\u00f3ru, og fl\u00fd\u00f0u til a\u00f0 for\u00f0a l\u00edfinu.<a name=\"8\"><span class=\"versanumer\">8<\/span><\/a>Og sem enir holdsveiku komu til herb\u00fa\u00f0anna, gengu \u00feeir \u00ed eitt tjald og \u00e1tu og drukku, og t\u00f3ku \u00fea\u00f0an silfur og gull og kl\u00e6\u00f0i, og gengu burt og f\u00f3lu \u00fea\u00f0, og komu aftur og gengu \u00ed anna\u00f0 tjald, og t\u00f3ku og svo \u00fea\u00f0an, gengu burt og f\u00f3lu. <br \/><a name=\"9\"><span class=\"versanumer\">9<\/span><\/a>\u00de\u00e1 s\u00f6g\u00f0u \u00feeir hv\u00f6r vi\u00f0 annan: \u00feetta er ekki r\u00e9tt gj\u00f6rt! \u00feessi dagur er dagur g\u00f3\u00f0s bo\u00f0skapar; og ef v\u00e9r \u00feegum og b\u00ed\u00f0um \u00feanga\u00f0 til \u00e1 morgun \u00ed b\u00edti\u00f0, \u00fe\u00e1 hittum v\u00e9r sj\u00e1lfa oss fyrir. Komum n\u00fa, l\u00e1tum oss fara og bera \u00feessi t\u00ed\u00f0indi \u00ed k\u00f3ngsh\u00fasi\u00f0.<a name=\"10\"><span class=\"versanumer\">10<\/span><\/a>Og svo komu \u00feeir, k\u00f6llu\u00f0u til var\u00f0mannanna vi\u00f0 borgarhli\u00f0i\u00f0 og s\u00f6g\u00f0u \u00feeim fr\u00e1 og m\u00e6ltu: v\u00e9r komum til herb\u00fa\u00f0a enna s\u00fdrlensku, og sj\u00e1! \u00fear var enginn ma\u00f0ur, og ekki heyr\u00f0ist mannsraust, en \u00fear st\u00f3\u00f0u bundnir hestar og bundnir asnar, og tj\u00f6ldin eins og \u00feau voru.<a name=\"11\"><span class=\"versanumer\">11<\/span><\/a>\u00deeir k\u00f6llu\u00f0u \u00feetta til var\u00f0manna borgarhli\u00f0sins, og \u00feeir l\u00e9tu t\u00ed\u00f0indin komast \u00ed k\u00f3ngsins h\u00fas.<a name=\"12\"><span class=\"versanumer\">12<\/span><\/a>\u00de\u00e1 st\u00f3\u00f0 konungur upp um n\u00f3ttina og m\u00e6lti til sinna manna: eg vil segja y\u00f0ur hva\u00f0 s\u00fdrlenskir \u00e6tla n\u00fa a\u00f0 gj\u00f6ra oss: \u00feeir vita a\u00f0 v\u00e9r erum hungra\u00f0ir, og eru svo komnir \u00far herb\u00fa\u00f0unum, til a\u00f0 fela sig \u00ed fj\u00f6llunum, \u00fev\u00ed \u00feeir hugsa: \u00feegar \u00feeir ganga \u00fat \u00far borginni skulum v\u00e9r hertaka \u00fe\u00e1 lifandi, og brj\u00f3tast inn \u00ed borgina.<a name=\"13\"><span class=\"versanumer\">13<\/span><\/a>\u00de\u00e1 svara\u00f0i einn af hans m\u00f6nnum, og m\u00e6lti: taki menn \u00fe\u00e1 5 af \u00feeim hestum sem eftir eru or\u00f0nir \u00ed sta\u00f0num <span class='VideyAth'>(sj\u00e1! \u00feeir eru sem allur fj\u00f6ldi \u00cdsraels, sem eftir er h\u00e9r inni, sem allur \u00cdsraels fj\u00f6ldi h\u00e9r inni, sem farinn er)<\/span>, v\u00e9r skulum senda \u00feessa, og vita hva\u00f0 um er a\u00f0 vera.<a name=\"14\"><span class=\"versanumer\">14<\/span><\/a>Svo t\u00f3ku \u00feeir tvo vagna me\u00f0 hestum fyrir, og k\u00f3ngur sendi \u00fe\u00e1 eftir her s\u00fdrlenskra og m\u00e6lti: fari\u00f0 og sj\u00e1i\u00f0.<a name=\"15\"><span class=\"versanumer\">15<\/span><\/a>Og \u00feeir f\u00f3ru eftir \u00feeim allt a\u00f0 J\u00f3rdan, og sj\u00e1! allur vegurinn var \u00feakinn kl\u00e6\u00f0um og \u00e1h\u00f6ldum, sem s\u00fdrlenskir h\u00f6f\u00f0u kasta\u00f0 fr\u00e1 s\u00e9r \u00e1 fl\u00f3ttanum. Og sendimenn komu aftur og s\u00f6g\u00f0u k\u00f3ngi fr\u00e1.<a name=\"16\"><span class=\"versanumer\">16<\/span><\/a>\u00de\u00e1 gekk f\u00f3lki\u00f0 \u00fat a\u00f0 r\u00e6na herb\u00fa\u00f0ir s\u00fdrlenskra, og m\u00e6lir hveitis kosta\u00f0i einn sikil og tveir m\u00e6lirar byggs kostu\u00f0u einn sikil eftir or\u00f0i Drottins.<a name=\"17\"><span class=\"versanumer\">17<\/span><\/a>Og k\u00f3ngurinn setti \u00feann riddara, vi\u00f0 hv\u00f6rs h\u00f6nd k\u00f3ngurinn haf\u00f0i stu\u00f0st \u00ed borgarhli\u00f0i\u00f0; \u00fe\u00e1 tr\u00f3\u00f0 f\u00f3lki\u00f0 hann undir \u00ed borgarhli\u00f0inu, svo hann d\u00f3, eins og gu\u00f0sma\u00f0urinn haf\u00f0i sagt, \u00feegar konungurinn kom til hans.<a name=\"18\"><span class=\"versanumer\">18<\/span><\/a>\u00dea\u00f0 ske\u00f0i nefnil. \u00feegar gu\u00f0sma\u00f0urinn \u00e1tti tal vi\u00f0 k\u00f3nginn og sag\u00f0i: tveir m\u00e6lirar byggs munu kosta sikil, og einn m\u00e6lir hveitis sikil, \u00e1 morgun um \u00feetta leyti \u00ed Samar\u00edu borgarhli\u00f0i.<a name=\"19\"><span class=\"versanumer\">19<\/span><\/a>\u00de\u00e1 svara\u00f0i riddarinn gu\u00f0smanninum og m\u00e6lti: mun \u00feetta geta ske\u00f0 \u00fe\u00f3 Drottinn gj\u00f6ri glugga \u00e1 himininn? Og hann m\u00e6lti: \u00fe\u00fa munt sj\u00e1 \u00fea\u00f0 me\u00f0 \u00fe\u00ednum augum, en ekkert \u00fear af eta.<a name=\"20\"><span class=\"versanumer\">20<\/span><\/a>Og \u00feetta kom fram vi\u00f0 hann, f\u00f3lki\u00f0 tr\u00f3\u00f0 hann \u00ed sundur \u00ed borgarhli\u00f0inu, og hann d\u00f3.<\/p>\n<div class=\"footnoteVidey\">V. 1. Sbr. v. 16.  V. 2. a. 5,18.  V. 16. Sbr. v. 1.<\/div>\n","protected":false},"excerpt":{"rendered":"<p>Sama efni. 1\u00de\u00e1 m\u00e6lti El\u00edsa: heyri\u00f0 or\u00f0 Drottins! svo segir Drottinn: \u00e1 morgun um \u00feetta leyti mun einn m\u00e6lir hveitis kosta einn sikil, og tveir m\u00e6lirar byggs einn sikil \u00ed Samar\u00edu borgarhli\u00f0i.2\u00de\u00e1 svara\u00f0i riddari, vi\u00f0 hv\u00f6rs h\u00f6nd k\u00f3ngur studdist a) gu\u00f0smanninum, og m\u00e6lti: mundi \u00feetta geta ske\u00f0 \u00fe\u00f3 Drottinn gj\u00f6r\u00f0i glugga \u00e1 himininn? og hinn m\u00e6lti: \u00fe\u00fa munt sj\u00e1 \u00fea\u00f0 me\u00f0 \u00fe\u00ednum augum, en ekki eta \u00fear af. 3En \u00fear voru fj\u00f3rir holdsveikir menn vi\u00f0 innganginn til borgarhli\u00f0sins, sem s\u00f6g\u00f0u hv\u00f6r vi\u00f0 annan: hv\u00ed dveljum v\u00e9r h\u00e9r \u00feanga\u00f0 til v\u00e9r deyjum?4\u00de\u00f3 v\u00e9r n\u00fa seg\u00f0um: v\u00e9r skulum ganga inn \u00ed borgina, <a href=\"https:\/\/biblian.is\/videy\/sidari-konungabok-7-kafli\/\"> [&#8230;]<\/a><\/p>\n","protected":false},"author":1,"featured_media":0,"parent":0,"menu_order":0,"comment_status":"open","ping_status":"open","template":"bibliukaflar.php","meta":{"footnotes":""},"class_list":["post-21169","page","type-page","status-publish","hentry"],"_links":{"self":[{"href":"https:\/\/biblian.is\/videy\/wp-json\/wp\/v2\/pages\/21169","targetHints":{"allow":["GET"]}}],"collection":[{"href":"https:\/\/biblian.is\/videy\/wp-json\/wp\/v2\/pages"}],"about":[{"href":"https:\/\/biblian.is\/videy\/wp-json\/wp\/v2\/types\/page"}],"author":[{"embeddable":true,"href":"https:\/\/biblian.is\/videy\/wp-json\/wp\/v2\/users\/1"}],"replies":[{"embeddable":true,"href":"https:\/\/biblian.is\/videy\/wp-json\/wp\/v2\/comments?post=21169"}],"version-history":[{"count":0,"href":"https:\/\/biblian.is\/videy\/wp-json\/wp\/v2\/pages\/21169\/revisions"}],"wp:attachment":[{"href":"https:\/\/biblian.is\/videy\/wp-json\/wp\/v2\/media?parent=21169"}],"curies":[{"name":"wp","href":"https:\/\/api.w.org\/{rel}","templated":true}]}}