{"id":21168,"date":"2018-01-02T01:00:36","date_gmt":"2018-01-02T01:00:36","guid":{"rendered":"http:\/\/biblian.is\/videy\/sidari-konungabok-6-kafli\/"},"modified":"2018-01-02T01:00:36","modified_gmt":"2018-01-02T01:00:36","slug":"sidari-konungabok-6-kafli","status":"publish","type":"page","link":"https:\/\/biblian.is\/videy\/sidari-konungabok-6-kafli\/","title":{"rendered":"S\u00ed\u00f0ari konungab\u00f3k 6. kafli"},"content":{"rendered":"<div class=\"fyrirsognVidey\">Sama efni. Str\u00ed\u00f0 vi\u00f0 s\u00fdrlenska.<\/div>\n<p><a name=\"1\"><span class=\"versanumer\">1<\/span><\/a>Og sp\u00e1mannanna synir s\u00f6g\u00f0u vi\u00f0 El\u00edsa: sj\u00e1! s\u00e1 sta\u00f0ur sem v\u00e9r b\u00faum \u00e1 hj\u00e1 \u00fe\u00e9r, er oss of \u00fer\u00f6ngur.<a name=\"2\"><span class=\"versanumer\">2<\/span><\/a>L\u00e1tum oss fara til J\u00f3rdan og s\u00e6kja \u00feanga\u00f0 sinn bj\u00e1lkann hv\u00f6r, og byggja oss h\u00e9r sta\u00f0 til a\u00f0 b\u00faa \u00ed. Og hann svara\u00f0i: fari\u00f0!<a name=\"3\"><span class=\"versanumer\">3<\/span><\/a>Og einn af \u00feeim m\u00e6lti: l\u00e1t \u00fe\u00e9r og \u00fe\u00f3knast a\u00f0 ganga me\u00f0 \u00fe\u00ednum \u00fej\u00f3num! og hann sag\u00f0i: eg skal ganga me\u00f0.<a name=\"4\"><span class=\"versanumer\">4<\/span><\/a>Svo gekk hann me\u00f0 \u00feeim, og \u00feeir komu til J\u00f3rdan og hjuggu tr\u00e9n.<a name=\"5\"><span class=\"versanumer\">5<\/span><\/a>Og \u00fea\u00f0 vildi til, \u00feegar einn af \u00feeim var a\u00f0 fella <span class='VideyAth'>(bj\u00e1lka)<\/span> tr\u00e9, hraut \u00f6xin \u00fat \u00ed \u00e1na, og hann hlj\u00f3\u00f0a\u00f0i upp yfir sig og m\u00e6lti: \u00e6 minn herra! og h\u00fan var l\u00e9\u00f0!<a name=\"6\"><span class=\"versanumer\">6<\/span><\/a>\u00de\u00e1 m\u00e6lti gu\u00f0sma\u00f0urinn: hvar datt h\u00fan? Og sem hann v\u00edsa\u00f0i honum \u00e1 sta\u00f0inn, snei\u00f0 hann af tr\u00e9 og kasta\u00f0i \u00feanga\u00f0 og l\u00e9t j\u00e1rni\u00f0 flj\u00f3ta.<a name=\"7\"><span class=\"versanumer\">7<\/span><\/a>Og hann m\u00e6lti: taktu hana n\u00fa! og hann \u00fatr\u00e9tti s\u00edna h\u00f6nd og t\u00f3k hana. <br \/><a name=\"8\"><span class=\"versanumer\">8<\/span><\/a>En S\u00fdrlandskonungur f\u00f3r lei\u00f0angur m\u00f3ti \u00cdsrael, og r\u00e1\u00f0f\u00e6r\u00f0i sig vi\u00f0 s\u00edna menn og m\u00e6lti: \u00fear og \u00fear mun eg setja m\u00ednar herb\u00fa\u00f0ir.<a name=\"9\"><span class=\"versanumer\">9<\/span><\/a>\u00de\u00e1 sendi gu\u00f0sma\u00f0urinn til \u00cdsraelsk\u00f3ngs og m\u00e6lti: g\u00e6ttu \u00fe\u00edn, a\u00f0 \u00fe\u00fa ekki afr\u00e6kir \u00feessa sta\u00f0i, \u00fev\u00ed \u00feanga\u00f0 \u00e6tla s\u00fdrlenskir a\u00f0 halda.<a name=\"10\"><span class=\"versanumer\">10<\/span><\/a>Og \u00cdsraelskonungur sendi \u00e1 \u00feenna sta\u00f0, sem gu\u00f0sma\u00f0urinn haf\u00f0i vi\u00f0 hann nefnt, og gefi\u00f0 a\u00f0v\u00f6run um, a\u00f0 hann g\u00e6tti s\u00edn \u00fear. Og \u00feetta ske\u00f0i ekki einu sinni e\u00f0a tvisvar sinnum.<a name=\"11\"><span class=\"versanumer\">11<\/span><\/a>\u00dat af \u00feessu var\u00f0 S\u00fdrlandsk\u00f3ngur angurv\u00e6r og kalla\u00f0i s\u00edna menn og m\u00e6lti vi\u00f0 \u00fe\u00e1: geti\u00f0 \u00fe\u00e9r ekki sagt m\u00e9r hv\u00f6r af vorum m\u00f6nnum muni <span class='VideyAth'>(halda)<\/span> me\u00f0 \u00cdsraelskonungi.<a name=\"12\"><span class=\"versanumer\">12<\/span><\/a>\u00de\u00e1 sag\u00f0i einn af hans m\u00f6nnum: \u00fev\u00ed er ekki svo vari\u00f0, minn herra konungur! heldur kunngj\u00f6rir sp\u00e1ma\u00f0urinn El\u00edsa \u00cdsraelskonungi \u00feau or\u00f0 sem \u00fe\u00fa talar \u00ed \u00fe\u00ednu svefnherbergi.<a name=\"13\"><span class=\"versanumer\">13<\/span><\/a>Og hann m\u00e6lti: fari\u00f0 n\u00fa og viti\u00f0 hvar hann er, a\u00f0 eg geti sent og l\u00e1ti\u00f0 s\u00e6kja hann. Og menn f\u00e6r\u00f0u honum \u00fe\u00e1 fregn og s\u00f6g\u00f0u: hann er \u00ed Dotan.<br \/><a name=\"14\"><span class=\"versanumer\">14<\/span><\/a>\u00de\u00e1 sendi hann hesta og vagna og mikinn her, og \u00feeir komu um n\u00f3tt og umkringdu sta\u00f0inn.<a name=\"15\"><span class=\"versanumer\">15<\/span><\/a>Og snemma um morguninn, \u00feegar \u00fej\u00f3n gu\u00f0smannsins var kominn \u00e1 f\u00e6tur og gekk \u00fat, sj\u00e1! \u00fe\u00e1 umkringdi her, sta\u00f0inn, og hestar og vagnar. Og sveinninn sag\u00f0i vi\u00f0 hann: \u00e6! minn herra! hv\u00f6rnig f\u00f6rum vi\u00f0 n\u00fa a\u00f0?<a name=\"16\"><span class=\"versanumer\">16<\/span><\/a>Hann svara\u00f0i: vertu \u00f3hr\u00e6ddur! \u00fev\u00ed fleiri eru me\u00f0 okkur enn me\u00f0 \u00feeim.<a name=\"17\"><span class=\"versanumer\">17<\/span><\/a>Og El\u00edsa ba\u00f0 og m\u00e6lti: Drottinn opna hans augu a\u00f0 hann sj\u00e1i! \u00fe\u00e1 opna\u00f0i Drottinn augu sveinsins, og hann lita\u00f0ist um, og sj\u00e1! fjalli\u00f0 var al\u00feaki\u00f0 af eldlegum hestum <span class='VideyAth'>a)<\/span> og v\u00f6gnum <span class='VideyAth'>b)<\/span> allt \u00ed kringum El\u00edsa. <br \/><a name=\"18\"><span class=\"versanumer\">18<\/span><\/a>Og \u00feeir komu ni\u00f0ur til hans og El\u00edsa ba\u00f0 til Drottins og m\u00e6lti: sl\u00e1 \u00feetta f\u00f3lk me\u00f0 blindni! \u00fe\u00e1 sl\u00f3 hann \u00fea\u00f0 me\u00f0 blindni, eftir El\u00edsa or\u00f0i.<a name=\"19\"><span class=\"versanumer\">19<\/span><\/a>Og El\u00edsa sag\u00f0i vi\u00f0 \u00fe\u00e1: ekki er \u00feetta vegurinn, og ekki er \u00feetta sta\u00f0urinn; komi\u00f0 me\u00f0 m\u00e9r, eg skal fylgja y\u00f0ur til mannsins, sem \u00fe\u00e9r leiti\u00f0 a\u00f0. Og hann f\u00f3r me\u00f0 \u00fe\u00e1 til Samar\u00edu.<a name=\"20\"><span class=\"versanumer\">20<\/span><\/a>En sem \u00feeir komu til Samar\u00edu, m\u00e6lti El\u00edsa: opna n\u00fa \u00feessara augu, a\u00f0 \u00feeir sj\u00e1i! \u00fe\u00e1 opna\u00f0i Drottinn \u00feeirra augu, og \u00feeir s\u00e1u, og sj\u00e1! \u00feeir voru mitt \u00ed Samar\u00edu.<a name=\"21\"><span class=\"versanumer\">21<\/span><\/a>Og \u00cdsraelsk\u00f3ngur sag\u00f0i vi\u00f0 El\u00edsa, \u00feegar hann s\u00e1 \u00fe\u00e1: skal eg vinna \u00e1 \u00feeim, skal eg, minn fa\u00f0ir?<a name=\"22\"><span class=\"versanumer\">22<\/span><\/a>Og hann svara\u00f0i: ekki skalt \u00fe\u00fa vinna \u00e1 \u00feeim. \u00de\u00fa vinnur \u00e1 \u00feeim sem \u00fe\u00fa hertekur me\u00f0 \u00fe\u00ednum boga og sver\u00f0i. Set \u00fe\u00fa fyrir \u00fe\u00e1 brau\u00f0 og vatn, a\u00f0 \u00feeir eti og drekki <span class='VideyAth'>c)<\/span>, og fari svo til s\u00edns herra.<a name=\"23\"><span class=\"versanumer\">23<\/span><\/a>\u00de\u00e1 bj\u00f3 hann \u00feeim mikla m\u00e1lt\u00ed\u00f0, og \u00feeir \u00e1tu og drukku, og hann l\u00e9t \u00fe\u00e1 fr\u00e1 s\u00e9r, og \u00feeir f\u00f3ru til s\u00edns herra. Og r\u00e1nsflokkar s\u00fdrlenskra komu ekki eftir \u00fea\u00f0 \u00ed \u00cdsraelsland. <br \/><a name=\"24\"><span class=\"versanumer\">24<\/span><\/a>\u00dear eftir ske\u00f0i \u00fea\u00f0, a\u00f0 Ben-Hadad S\u00fdrlandskonungur safna\u00f0i \u00f6llum s\u00ednum her, f\u00f3r lei\u00f0angur, og settist um Samar\u00edu.<a name=\"25\"><span class=\"versanumer\">25<\/span><\/a>Og \u00fear var\u00f0 miki\u00f0 hungur \u00ed Samar\u00edu, og sj\u00e1! \u00feeir ums\u00e1tu hana, \u00feanga\u00f0 til asnah\u00f6fu\u00f0 kosta\u00f0i 80 sikla silfurs, og fj\u00f3r\u00f0i partur af kad me\u00f0 d\u00fafnadrit, 5 sikla.<a name=\"26\"><span class=\"versanumer\">26<\/span><\/a>En svo bar til, a\u00f0 \u00feegar \u00cdsraelsk\u00f3ngur gekk upp \u00e1 borgarvegginn, hr\u00f3pa\u00f0i kona nokkur til hans og m\u00e6lti: hj\u00e1lpa \u00fe\u00fa, minn herra konungur!<a name=\"27\"><span class=\"versanumer\">27<\/span><\/a>Og hann m\u00e6lti: hj\u00e1lpi Drottinn \u00fe\u00e9r ekki, hv\u00f6rnig get eg hj\u00e1lpa\u00f0 \u00fe\u00e9r? \u00far hl\u00f6\u00f0unni e\u00f0a v\u00ednkjallaranum?<a name=\"28\"><span class=\"versanumer\">28<\/span><\/a>Og k\u00f3ngurinn m\u00e6lti til hennar: hva\u00f0 gengur a\u00f0 \u00fe\u00e9r? og h\u00fan sag\u00f0i: konan \u00fearna sag\u00f0i vi\u00f0 mig: legg \u00fe\u00fa fram son \u00feinn, a\u00f0 vi\u00f0 etum hann \u00ed dag, og minn son skulum vi\u00f0 eta \u00e1 morgun.<a name=\"29\"><span class=\"versanumer\">29<\/span><\/a>\u00de\u00e1 su\u00f0um vi\u00f0 minn son og \u00e1tum hann <span class='VideyAth'>d)<\/span>; og eg sag\u00f0i vi\u00f0 hana daginn eftir: leg\u00f0u n\u00fa til \u00feinn son a\u00f0 vi\u00f0 etum hann, \u00fe\u00e1 haf\u00f0i h\u00fan fali\u00f0 son sinn.<a name=\"30\"><span class=\"versanumer\">30<\/span><\/a>En sem k\u00f3ngur heyr\u00f0i \u00feetta tal konunnar, reif hann s\u00edn kl\u00e6\u00f0i <span class='VideyAth'>(enn hann var \u00e1 gangi upp \u00e1 borgarveggnum)<\/span> og f\u00f3lki\u00f0 leit til, og sj\u00e1! hann haf\u00f0i sekk um sinn l\u00edkama undir kl\u00e6\u00f0um <span class='VideyAth'>d)<\/span>.<a name=\"31\"><span class=\"versanumer\">31<\/span><\/a>Og hann m\u00e6lti: Gu\u00f0 gj\u00f6ri m\u00e9r svo og ennfremur <span class='VideyAth'>e)<\/span> ef h\u00f6fu\u00f0i\u00f0 skal vera \u00ed <span class='VideyAth'>(allan)<\/span> dag \u00e1 El\u00edsa, syni Safats! <br \/><a name=\"32\"><span class=\"versanumer\">32<\/span><\/a>En El\u00edsa sat \u00ed s\u00ednu h\u00fasi og \u00f6ldungarnir s\u00e1tu hj\u00e1 honum. \u00de\u00e1 sendi k\u00f3ngurinn mann fr\u00e1 s\u00e9r; en \u00e1\u00f0ur en \u00feessi sendima\u00f0ur kom til hans, m\u00e6lti hann vi\u00f0 \u00f6ldungana: viti\u00f0 \u00fe\u00e9r a\u00f0 \u00feessi mor\u00f0ingjason sendir hinga\u00f0 til a\u00f0 h\u00f6ggva af m\u00e9r h\u00f6fu\u00f0i\u00f0? sj\u00e1i\u00f0 n\u00fa til; \u00feegar sendima\u00f0urinn kemur, \u00fe\u00e1 l\u00e6si\u00f0 dyrum, og \u00fdti\u00f0 honum \u00fat me\u00f0 hur\u00f0inni. Heyri\u00f0 \u00fe\u00e9r ekki f\u00f3tabur\u00f0 hans herra, \u00e1 eftir honum?<a name=\"33\"><span class=\"versanumer\">33<\/span><\/a>Enn var hann vi\u00f0 \u00fe\u00e1 a\u00f0 tala, og sj\u00e1! \u00fe\u00e1 kom \u00fear sendima\u00f0urinn og m\u00e6lti: sj\u00e1! \u00feessi \u00f3lukka kemur fr\u00e1 Drottni. Hva\u00f0 skal eg lengur b\u00ed\u00f0a Drottins?<\/p>\n<div class=\"footnoteVidey\">V. 17. a. 2,11. b. S\u00e1lm. 68,18.  V. 22. c. Or\u00f0skv. 25,21.  V. 29. d. Lev. 26,29. Devt. 28,53. Jer. 19,9. Jer. H. gr. 4. 10.  V. 30. e. 1 Kron. 21,27.  V. 31. f. 1 K\u00f3ng. 19,2. 20,10.  V. 33. \u00deetta er or\u00f0sending k\u00f3ngsins.<\/div>\n","protected":false},"excerpt":{"rendered":"<p>Sama efni. Str\u00ed\u00f0 vi\u00f0 s\u00fdrlenska. 1Og sp\u00e1mannanna synir s\u00f6g\u00f0u vi\u00f0 El\u00edsa: sj\u00e1! s\u00e1 sta\u00f0ur sem v\u00e9r b\u00faum \u00e1 hj\u00e1 \u00fe\u00e9r, er oss of \u00fer\u00f6ngur.2L\u00e1tum oss fara til J\u00f3rdan og s\u00e6kja \u00feanga\u00f0 sinn bj\u00e1lkann hv\u00f6r, og byggja oss h\u00e9r sta\u00f0 til a\u00f0 b\u00faa \u00ed. Og hann svara\u00f0i: fari\u00f0!3Og einn af \u00feeim m\u00e6lti: l\u00e1t \u00fe\u00e9r og \u00fe\u00f3knast a\u00f0 ganga me\u00f0 \u00fe\u00ednum \u00fej\u00f3num! og hann sag\u00f0i: eg skal ganga me\u00f0.4Svo gekk hann me\u00f0 \u00feeim, og \u00feeir komu til J\u00f3rdan og hjuggu tr\u00e9n.5Og \u00fea\u00f0 vildi til, \u00feegar einn af \u00feeim var a\u00f0 fella (bj\u00e1lka) tr\u00e9, hraut \u00f6xin \u00fat \u00ed \u00e1na, og hann hlj\u00f3\u00f0a\u00f0i upp <a href=\"https:\/\/biblian.is\/videy\/sidari-konungabok-6-kafli\/\"> [&#8230;]<\/a><\/p>\n","protected":false},"author":1,"featured_media":0,"parent":0,"menu_order":0,"comment_status":"open","ping_status":"open","template":"bibliukaflar.php","meta":{"footnotes":""},"class_list":["post-21168","page","type-page","status-publish","hentry"],"_links":{"self":[{"href":"https:\/\/biblian.is\/videy\/wp-json\/wp\/v2\/pages\/21168","targetHints":{"allow":["GET"]}}],"collection":[{"href":"https:\/\/biblian.is\/videy\/wp-json\/wp\/v2\/pages"}],"about":[{"href":"https:\/\/biblian.is\/videy\/wp-json\/wp\/v2\/types\/page"}],"author":[{"embeddable":true,"href":"https:\/\/biblian.is\/videy\/wp-json\/wp\/v2\/users\/1"}],"replies":[{"embeddable":true,"href":"https:\/\/biblian.is\/videy\/wp-json\/wp\/v2\/comments?post=21168"}],"version-history":[{"count":0,"href":"https:\/\/biblian.is\/videy\/wp-json\/wp\/v2\/pages\/21168\/revisions"}],"wp:attachment":[{"href":"https:\/\/biblian.is\/videy\/wp-json\/wp\/v2\/media?parent=21168"}],"curies":[{"name":"wp","href":"https:\/\/api.w.org\/{rel}","templated":true}]}}