{"id":21167,"date":"2018-01-02T01:00:36","date_gmt":"2018-01-02T01:00:36","guid":{"rendered":"http:\/\/biblian.is\/videy\/sidari-konungabok-5-kafli\/"},"modified":"2018-01-02T01:00:36","modified_gmt":"2018-01-02T01:00:36","slug":"sidari-konungabok-5-kafli","status":"publish","type":"page","link":"https:\/\/biblian.is\/videy\/sidari-konungabok-5-kafli\/","title":{"rendered":"S\u00ed\u00f0ari konungab\u00f3k 5. kafli"},"content":{"rendered":"<div class=\"fyrirsognVidey\">Enn\u00fe\u00e1 um El\u00edsa.<\/div>\n<p><a name=\"1\"><span class=\"versanumer\">1<\/span><\/a>En Naaman, hersh\u00f6f\u00f0ingi S\u00fdrlandskonungs, var \u00ed miklum metum hj\u00e1 s\u00ednum herra og nafnkenndur ma\u00f0ur; \u00fev\u00ed Drottinn gaf s\u00fdrlenskum sigur fyrir hans dugna\u00f0; og ma\u00f0urinn var hetja en holdsveikur.<a name=\"2\"><span class=\"versanumer\">2<\/span><\/a>Og s\u00fdrlenskir h\u00f6f\u00f0u fari\u00f0 herf\u00f6r \u00ed sm\u00e1flokkum og herteki\u00f0 \u00ed \u00cdsraelslandi unga st\u00falku, sem \u00fej\u00f3na\u00f0i konu Naamans.<a name=\"3\"><span class=\"versanumer\">3<\/span><\/a>H\u00fan sag\u00f0i vi\u00f0 h\u00fassm\u00f3\u00f0ur s\u00edna: \u00e6! a\u00f0 h\u00fassb\u00f3ndi minn v\u00e6ri kominn til sp\u00e1mannsins \u00ed Samar\u00edu, \u00fe\u00e1 mundi hann frelsa hann fr\u00e1 hans holdsveiki.<a name=\"4\"><span class=\"versanumer\">4<\/span><\/a>\u00de\u00e1 gekk hann <span class='VideyAth'>(Naaman)<\/span> fyrir sinn herra og sag\u00f0i honum fr\u00e1 \u00feannig: svo og svo hefir st\u00falkan tala\u00f0, s\u00fa \u00far \u00cdsraelslandi.<a name=\"5\"><span class=\"versanumer\">5<\/span><\/a>Og S\u00fdrlandskonungur sag\u00f0i: legg \u00fe\u00fa af sta\u00f0! eg skal senda br\u00e9f \u00cdsraelskonungi. Og hann f\u00f3r, og t\u00f3k me\u00f0 s\u00e9r 10 v\u00e6ttir silfurs og 6 \u00fe\u00fasund sikla gulls, og 10 h\u00e1t\u00ed\u00f0akl\u00e6\u00f0i.<a name=\"6\"><span class=\"versanumer\">6<\/span><\/a>Og hann f\u00f3r me\u00f0 br\u00e9f til \u00cdsraelskonungs sem svo hlj\u00f3\u00f0a\u00f0i: Og n\u00fa \u00feegar \u00feetta br\u00e9f kemur til \u00fe\u00edn, sj\u00e1! \u00fe\u00e1 sendi eg \u00fe\u00e9r Naaman minn \u00fej\u00f3n, a\u00f0 \u00fe\u00fa frelsir hann fr\u00e1 hans holdsveiki.<a name=\"7\"><span class=\"versanumer\">7<\/span><\/a>En sem \u00cdsraelskonungur haf\u00f0i lesi\u00f0 br\u00e9fi\u00f0, reif hann s\u00edn kl\u00e6\u00f0i, og m\u00e6lti: er eg Gu\u00f0 <span class='VideyAth'>a)<\/span>, a\u00f0 eg geti deytt og l\u00edfga\u00f0, a\u00f0 hann sendir til m\u00edn til a\u00f0 frelsa manninn fr\u00e1 hans holdsveiki? taki\u00f0 \u00fe\u00f3 eftir og sj\u00e1i\u00f0, a\u00f0 hann leitar saka vi\u00f0 mig <span class='VideyAth'>b)<\/span>! <br \/><a name=\"8\"><span class=\"versanumer\">8<\/span><\/a>En er gu\u00f0sma\u00f0urinn El\u00edsa heyr\u00f0i, a\u00f0 konungurinn hef\u00f0i rifi\u00f0 s\u00edn kl\u00e6\u00f0i, sendi hann til k\u00f3ngsins og m\u00e6lti: \u00fev\u00ed hefir \u00fe\u00fa rifi\u00f0 \u00fe\u00edn kl\u00e6\u00f0i? komi hann til m\u00edn, og kannist vi\u00f0, a\u00f0 sp\u00e1ma\u00f0ur er \u00ed \u00cdsrael.<a name=\"9\"><span class=\"versanumer\">9<\/span><\/a>Og svo kom Naaman me\u00f0 hestum og v\u00f6gnum a\u00f0 El\u00edsa h\u00fassdyrum og nam \u00fear sta\u00f0ar.<a name=\"10\"><span class=\"versanumer\">10<\/span><\/a>Og El\u00edsa sendi honum \u00feessi bo\u00f0: far \u00fe\u00fa og lauga \u00feig 7 sinnum \u00ed J\u00f3rdan, svo mun hold \u00feitt komast \u00ed samt lag aftur, og \u00fe\u00fa munt ver\u00f0a hreinn.<a name=\"11\"><span class=\"versanumer\">11<\/span><\/a>\u00de\u00e1 var\u00f0 Naaman rei\u00f0ur og f\u00f3r burt og m\u00e6lti: eg hug\u00f0i a\u00f0 hann mundi koma \u00fat til m\u00edn, ganga a\u00f0 m\u00e9r, og \u00e1kalla nafn Drottins s\u00edns Gu\u00f0s, fara h\u00f6ndum um \u00feann sta\u00f0 <span class='VideyAth'>(sem veikur er)<\/span> og \u00feannig koma burt holdsveikinni.<a name=\"12\"><span class=\"versanumer\">12<\/span><\/a>Eru ekki flj\u00f3tin \u00ed Damaskus, Amana og Farfar betri en \u00f6ll v\u00f6tn \u00ed \u00cdsrael? get eg ekki lauga\u00f0 mig \u00ed \u00feeim a\u00f0 eg ver\u00f0i hreinn? og hann snerist til fer\u00f0ar sinnar og f\u00f3r af sta\u00f0 \u00ed rei\u00f0i sinni.<a name=\"13\"><span class=\"versanumer\">13<\/span><\/a>\u00de\u00e1 gengu \u00fej\u00f3nar hans til hans, og t\u00f6lu\u00f0u vi\u00f0 hann og m\u00e6ltu: minn fa\u00f0ir! ef sp\u00e1ma\u00f0urinn hef\u00f0i skipa\u00f0 \u00fe\u00e9r eitthva\u00f0 torvelt, mundir \u00fe\u00fa ekki hafa gj\u00f6rt \u00fea\u00f0? hv\u00f6rsu \u00fe\u00e1 miklu heldur, er hann a\u00f0eins sag\u00f0i: lauga \u00fe\u00fa \u00feig, svo ertu hreinn!<a name=\"14\"><span class=\"versanumer\">14<\/span><\/a>\u00de\u00e1 f\u00f3r hann til, og d\u00fdf\u00f0i s\u00e9r 7 sinnum ni\u00f0ur \u00ed J\u00f3rdan eftir or\u00f0i gu\u00f0smannsins; og hans hold var aftur eins og unglingshold og hann var\u00f0 hreinn. <br \/><a name=\"15\"><span class=\"versanumer\">15<\/span><\/a>\u00de\u00e1 hvarf hann aftur til gu\u00f0smannsins, hann og allur hans flokkur, og kom og gekk fyrir hann og m\u00e6lti: heyr n\u00fa! eg hefi vi\u00f0urkennt a\u00f0 enginn Gu\u00f0 er \u00e1 allri j\u00f6r\u00f0inni nema \u00ed \u00cdsrael; og \u00feigg \u00fe\u00fa n\u00fa g\u00e1fu af \u00fe\u00ednum \u00fej\u00f3ni.<a name=\"16\"><span class=\"versanumer\">16<\/span><\/a>Og hinn svara\u00f0i: svo sannarlega sem Drottinn lifir fyrir hv\u00f6rjum eg stend, eg tek vi\u00f0 engu! og hann lag\u00f0i a\u00f0 honum a\u00f0 taka vi\u00f0, en El\u00edsa f\u00e6r\u00f0ist undan.<a name=\"17\"><span class=\"versanumer\">17<\/span><\/a>Og Naaman m\u00e6lti: veri samt \u00fej\u00f3ni \u00fe\u00ednum leyfilegt a\u00f0 \u00feiggja klyfjar tveggja m\u00falasna af \u00feessari <span class='VideyAth'>(j\u00f6r\u00f0)<\/span> mold! \u00fev\u00ed ekki mun \u00feinn \u00fe\u00e9nari h\u00e9r eftir, f\u00e6ra \u00f6\u00f0rum gu\u00f0um brennif\u00f3rnir og sl\u00e1tursf\u00f3rnir, heldur Drottni.<a name=\"18\"><span class=\"versanumer\">18<\/span><\/a>\u00dea\u00f0 eina ver\u00f0ur Drottinn a\u00f0 fyrirgefa \u00fe\u00ednum \u00fej\u00f3n, \u00feegar minn herra gengur \u00ed Rimmons h\u00fas, til \u00feess \u00fear a\u00f0 bi\u00f0jast fyrir, og sty\u00f0st vi\u00f0 m\u00edna h\u00f6nd, og eg \u00fe\u00e1 bi\u00f0st fyrir \u00ed Rimmons h\u00fasi; \u00feegar eg \u00fe\u00e1 l\u00edka bi\u00f0st fyrir \u00ed Rimmons h\u00fasi, svo vilda eg Drottin fyrirg\u00e6fi \u00fea\u00f0 \u00fe\u00ednum \u00fe\u00e9nara.<a name=\"19\"><span class=\"versanumer\">19<\/span><\/a>Og hann sag\u00f0i til hans: far \u00fe\u00fa \u00ed fri\u00f0i. Og hann f\u00f3r \u00ed burtu fr\u00e1 honum svo sem eina m\u00edlu vegar. <br \/><a name=\"20\"><span class=\"versanumer\">20<\/span><\/a>\u00de\u00e1 \u00feenkti G\u00edhesi, \u00fe\u00e9nari El\u00edsa gu\u00f0smannsins; sj\u00e1! minn herra hefir v\u00e6gt Naaman \u00feeim s\u00fdrlenska, og ekki teki\u00f0 vi\u00f0 neinu, sem hann kom me\u00f0, af hans hendi; svo sannarlega sem Drottinn lifir, eg skal hlaupa eftir honum, og \u00feiggja eitthva\u00f0 af honum.<a name=\"21\"><span class=\"versanumer\">21<\/span><\/a>Og G\u00edhesi rann eftir Naaman hi\u00f0 skj\u00f3tasta. Og sem Naaman s\u00e1 mann hlaupa eftir s\u00e9r, st\u00f6kk hann af vagninum, og kom \u00e1 m\u00f3ti honum, og m\u00e6lti: gengur nokku\u00f0 a\u00f0?<a name=\"22\"><span class=\"versanumer\">22<\/span><\/a>Og hinn svara\u00f0i: ekkert gengur a\u00f0! en herra minn gj\u00f6rir \u00fe\u00e9r \u00feessa or\u00f0sendingu: sj\u00e1! einmitt n\u00fa komu til m\u00edn tveir ungir menn fr\u00e1 Efraimsfj\u00f6llum, af sonum sp\u00e1mannanna: gef\u00f0u \u00feeim 1 v\u00e6tt silfurs og tvennan h\u00e1t\u00ed\u00f0akl\u00e6\u00f0na\u00f0.<a name=\"23\"><span class=\"versanumer\">23<\/span><\/a>Og Naaman sag\u00f0i: vertu svo g\u00f3\u00f0ur a\u00f0 \u00feiggja 2 v\u00e6ttir, og hann lag\u00f0i a\u00f0 honum, og batt tv\u00e6r v\u00e6ttir silfurs \u00ed tveimur sekkjum, og tvenn h\u00e1t\u00ed\u00f0akl\u00e6\u00f0i, og f\u00e9kk \u00fea\u00f0 tveimur s\u00ednum \u00fe\u00e9nurum, a\u00f0 \u00feeir b\u00e6ru \u00fea\u00f0 fyrir honum.<a name=\"24\"><span class=\"versanumer\">24<\/span><\/a>En sem hann kom \u00e1 h\u00e6\u00f0ina, t\u00f3k hann vi\u00f0 \u00feessu \u00far \u00feeirra h\u00f6ndum, og geymdi \u00fear \u00ed h\u00fasi, og l\u00e9t mennina fr\u00e1 s\u00e9r, og f\u00f3ru \u00feeir s\u00edna lei\u00f0.<a name=\"25\"><span class=\"versanumer\">25<\/span><\/a>En hann kom heim og gekk fyrir sinn herra. \u00de\u00e1 sag\u00f0i El\u00edsa vi\u00f0 hann: hva\u00f0an kemur \u00fe\u00fa G\u00edhesi? og hann svara\u00f0i: \u00feinn \u00fej\u00f3n hefir ekkert fari\u00f0.<a name=\"26\"><span class=\"versanumer\">26<\/span><\/a>Og hann sag\u00f0i vi\u00f0 hann: mitt hjarta var ei a\u00f0 heiman fari\u00f0, \u00feegar ma\u00f0urinn gekk \u00far s\u00ednum vagni m\u00f3ti \u00fe\u00e9r. Er n\u00fa t\u00edmi til a\u00f0 taka vi\u00f0 silfri og kl\u00e6\u00f0um, ol\u00eduvi\u00f0 og v\u00edng\u00f6r\u00f0um og sau\u00f0um og nautum og \u00fer\u00e6lum og amb\u00e1ttum?<a name=\"27\"><span class=\"versanumer\">27<\/span><\/a>svo festist n\u00fa Naamans holdsveiki vi\u00f0 \u00feig og \u00fe\u00edna \u00e6tt a\u00f0 eil\u00edfu! og hann gekk \u00fat fr\u00e1 honum hv\u00edtur sem snj\u00f3r af holdsveiki <span class='VideyAth'>a)<\/span>.<\/p>\n<div class=\"footnoteVidey\">V. 7. a. Gen. 30,2. b. 1 K\u00f3ng. 20,7.  V. 17. \u00deessari mold. L\u00edkl. gulli og silfri.  V. 26. Mitt hjarta etc: meiningin: Eg var me\u00f0 sj\u00e1lfum m\u00e9r \u00feegar eg var\u00f0 \u00feess var a\u00f0 Naaman gekk \u00e1 m\u00f3ti \u00fe\u00e9r.  V. 27. a. Ex. 4,6. N\u00fam. 12,10.<\/div>\n","protected":false},"excerpt":{"rendered":"<p>Enn\u00fe\u00e1 um El\u00edsa. 1En Naaman, hersh\u00f6f\u00f0ingi S\u00fdrlandskonungs, var \u00ed miklum metum hj\u00e1 s\u00ednum herra og nafnkenndur ma\u00f0ur; \u00fev\u00ed Drottinn gaf s\u00fdrlenskum sigur fyrir hans dugna\u00f0; og ma\u00f0urinn var hetja en holdsveikur.2Og s\u00fdrlenskir h\u00f6f\u00f0u fari\u00f0 herf\u00f6r \u00ed sm\u00e1flokkum og herteki\u00f0 \u00ed \u00cdsraelslandi unga st\u00falku, sem \u00fej\u00f3na\u00f0i konu Naamans.3H\u00fan sag\u00f0i vi\u00f0 h\u00fassm\u00f3\u00f0ur s\u00edna: \u00e6! a\u00f0 h\u00fassb\u00f3ndi minn v\u00e6ri kominn til sp\u00e1mannsins \u00ed Samar\u00edu, \u00fe\u00e1 mundi hann frelsa hann fr\u00e1 hans holdsveiki.4\u00de\u00e1 gekk hann (Naaman) fyrir sinn herra og sag\u00f0i honum fr\u00e1 \u00feannig: svo og svo hefir st\u00falkan tala\u00f0, s\u00fa \u00far \u00cdsraelslandi.5Og S\u00fdrlandskonungur sag\u00f0i: legg \u00fe\u00fa af sta\u00f0! eg skal senda br\u00e9f \u00cdsraelskonungi. <a href=\"https:\/\/biblian.is\/videy\/sidari-konungabok-5-kafli\/\"> [&#8230;]<\/a><\/p>\n","protected":false},"author":1,"featured_media":0,"parent":0,"menu_order":0,"comment_status":"open","ping_status":"open","template":"bibliukaflar.php","meta":{"footnotes":""},"class_list":["post-21167","page","type-page","status-publish","hentry"],"_links":{"self":[{"href":"https:\/\/biblian.is\/videy\/wp-json\/wp\/v2\/pages\/21167","targetHints":{"allow":["GET"]}}],"collection":[{"href":"https:\/\/biblian.is\/videy\/wp-json\/wp\/v2\/pages"}],"about":[{"href":"https:\/\/biblian.is\/videy\/wp-json\/wp\/v2\/types\/page"}],"author":[{"embeddable":true,"href":"https:\/\/biblian.is\/videy\/wp-json\/wp\/v2\/users\/1"}],"replies":[{"embeddable":true,"href":"https:\/\/biblian.is\/videy\/wp-json\/wp\/v2\/comments?post=21167"}],"version-history":[{"count":0,"href":"https:\/\/biblian.is\/videy\/wp-json\/wp\/v2\/pages\/21167\/revisions"}],"wp:attachment":[{"href":"https:\/\/biblian.is\/videy\/wp-json\/wp\/v2\/media?parent=21167"}],"curies":[{"name":"wp","href":"https:\/\/api.w.org\/{rel}","templated":true}]}}