{"id":21165,"date":"2018-01-02T01:00:36","date_gmt":"2018-01-02T01:00:36","guid":{"rendered":"http:\/\/biblian.is\/videy\/sidari-konungabok-3-kafli\/"},"modified":"2018-01-02T01:00:36","modified_gmt":"2018-01-02T01:00:36","slug":"sidari-konungabok-3-kafli","status":"publish","type":"page","link":"https:\/\/biblian.is\/videy\/sidari-konungabok-3-kafli\/","title":{"rendered":"S\u00ed\u00f0ari konungab\u00f3k 3. kafli"},"content":{"rendered":"<div class=\"fyrirsognVidey\">Str\u00ed\u00f0 vi\u00f0 M\u00f3ab\u00edta.<\/div>\n<p><a name=\"1\"><span class=\"versanumer\">1<\/span><\/a>En J\u00f3ram sonur Akabs var\u00f0 konungur \u00ed Samar\u00edu yfir \u00cdsrael \u00e1 18da \u00e1ri J\u00f3safats k\u00f3ngs \u00ed J\u00fada, og r\u00edkti 12 \u00e1r.<a name=\"2\"><span class=\"versanumer\">2<\/span><\/a>Og hann gj\u00f6r\u00f0i \u00fea\u00f0 sem illt var \u00ed Drottins augs\u00fdn, \u00fe\u00f3 ekki eins og fa\u00f0ir hans og m\u00f3\u00f0ir hans; hann t\u00f3k burt Baals st\u00f3lpa sem fa\u00f0ir hans haf\u00f0i reist.<a name=\"3\"><span class=\"versanumer\">3<\/span><\/a>En vi\u00f0 syndir Jer\u00f3b\u00f3ams, sonar Nebats, sem kom \u00cdsrael til a\u00f0 syndga, h\u00e9kk hann fastlega, og l\u00e9t ekki af \u00feeim.<a name=\"4\"><span class=\"versanumer\">4<\/span><\/a>En Mesa M\u00f3ab\u00edtakonungur haf\u00f0i miklar hjar\u00f0ir, hann greiddi \u00cdsraelskonungi \u00ed skatt hundra\u00f0 \u00fe\u00fasund l\u00f6mb og hundra\u00f0 \u00fe\u00fasund hr\u00fata \u00ed alull.<a name=\"5\"><span class=\"versanumer\">5<\/span><\/a>En sem Akab d\u00f3, gekk M\u00f3abskonungur undan \u00cdsraelsk\u00f3ngi.<a name=\"6\"><span class=\"versanumer\">6<\/span><\/a>Um \u00fe\u00e1 daga f\u00f3r J\u00f3ram k\u00f3ngur fr\u00e1 Samar\u00edu, og kanna\u00f0i allan \u00cdsrael,<a name=\"7\"><span class=\"versanumer\">7<\/span><\/a>og hann sendi til J\u00f3safats k\u00f3ngs \u00ed J\u00fada og sag\u00f0i: M\u00f3abskonungur er undan m\u00e9r genginn; viltu herja me\u00f0 m\u00e9r \u00e1 M\u00f3ab? og hann svara\u00f0i: eg vil fara me\u00f0, eg sem \u00fe\u00fa, mitt f\u00f3lk sem \u00feitt f\u00f3lk, m\u00ednir hestar sem \u00fe\u00ednir hestar <span class='VideyAth'>a)<\/span>.<a name=\"8\"><span class=\"versanumer\">8<\/span><\/a>Og hann sag\u00f0i: hv\u00f6rn veg eigum vi\u00f0 a\u00f0 fara? hinn svara\u00f0i: veginn um Edoms ey\u00f0im\u00f6rk.<a name=\"9\"><span class=\"versanumer\">9<\/span><\/a>Og svo f\u00f3ru af sta\u00f0 \u00cdsraelskonungur og J\u00fadakonungur, og k\u00f3ngurinn af Edom; og er \u00feeir h\u00f6f\u00f0u fari\u00f0 7 daglei\u00f0ir, vanta\u00f0i vatn fyrir herinn og fyrir f\u00e9na\u00f0inn sem me\u00f0 var.<a name=\"10\"><span class=\"versanumer\">10<\/span><\/a>\u00de\u00e1 sag\u00f0i \u00cdsraelsk\u00f3ngur: \u00e6! Drottinn hefir kalla\u00f0 \u00feessa \u00ferj\u00e1 k\u00f3nga til a\u00f0 selja \u00fe\u00e1 \u00ed h\u00f6nd M\u00f3absk\u00f3ngi!<a name=\"11\"><span class=\"versanumer\">11<\/span><\/a>\u00de\u00e1 m\u00e6lti J\u00f3safat: er h\u00e9r enginn af Drottins sp\u00e1m\u00f6nnum, a\u00f0 v\u00e9r getum l\u00e1ti\u00f0 hann a\u00f0spyrja Drottin? Og einn af \u00fe\u00e9nurum \u00cdsraelsk\u00f3ngs svara\u00f0i, og m\u00e6lti: h\u00e9r er El\u00edsa sonur Safats, sem hellt hefir vatni \u00e1 hendur El\u00eda.<a name=\"12\"><span class=\"versanumer\">12<\/span><\/a>Og J\u00f3safat sag\u00f0i: hj\u00e1 honum er or\u00f0 Drottins! og svo gengu \u00feeir til hans, \u00cdsraelsk\u00f3ngur og J\u00f3safat og k\u00f3ngurinn af Edom. <br \/><a name=\"13\"><span class=\"versanumer\">13<\/span><\/a>En El\u00edsa sag\u00f0i vi\u00f0 \u00cdsraelsk\u00f3ng: <span class='VideyAth'>(vi\u00f0 \u00feig er m\u00e9r ekki vant)<\/span>, hva\u00f0 hefi eg me\u00f0 \u00feig a\u00f0 s\u00fdsla? gakk \u00fe\u00fa til sp\u00e1manna f\u00f6\u00f0ur \u00fe\u00edns og til sp\u00e1manna m\u00f3\u00f0ur \u00feinnar! og \u00cdsraelsk\u00f3ngur svara\u00f0i honum: ekki a\u00f0 tarna! \u00fev\u00ed Drottinn hefir gefi\u00f0 \u00feessa \u00ferj\u00e1 k\u00f3nga \u00ed M\u00f3abs h\u00f6nd.<a name=\"14\"><span class=\"versanumer\">14<\/span><\/a>Og El\u00edsa m\u00e6lti: svo sannarlega sem Drottinn herskaranna lifir, fyrir hv\u00f6rjum eg stend! g\u00e6fi eg ekki gaum J\u00f3safat J\u00fadak\u00f3ngi, skyldi eg ekki renna til \u00fe\u00edn auga, n\u00e9 akta \u00feig.<a name=\"15\"><span class=\"versanumer\">15<\/span><\/a>Og s\u00e6ki\u00f0 m\u00e9r n\u00fa h\u00f6rpuslagara <span class='VideyAth'>b)<\/span>. En sem h\u00f6rpuslagarinn sl\u00f3 h\u00f6rpuna, kom Drottins h\u00f6nd yfir hann,<a name=\"16\"><span class=\"versanumer\">16<\/span><\/a>og hann m\u00e6lti: svo segir Drottinn: gj\u00f6ri\u00f0 \u00ed \u00feessum dal gr\u00f6f vi\u00f0 gr\u00f6f.<a name=\"17\"><span class=\"versanumer\">17<\/span><\/a>\u00dev\u00ed svo segir Drottinn: \u00fe\u00e9r munu\u00f0 engan vind sj\u00e1, og ekkert regn sj\u00e1, og \u00feessi dalur mun ver\u00f0a fullur af vatni, a\u00f0 \u00fe\u00e9r drekki\u00f0, \u00fe\u00e9r og y\u00f0ar h\u00f3par, og y\u00f0ar f\u00e9na\u00f0ur.<a name=\"18\"><span class=\"versanumer\">18<\/span><\/a>Og \u00feetta \u00feykir Drottni of l\u00edti\u00f0, hann mun og gefa M\u00f3ab \u00ed y\u00f0ar h\u00f6nd.<a name=\"19\"><span class=\"versanumer\">19<\/span><\/a>Og \u00fe\u00e9r munu\u00f0 vinna allar fastar borgir, og alla \u00fatvalda sta\u00f0i, og \u00f6ll g\u00f3\u00f0 tr\u00e9 munu\u00f0 \u00fe\u00e9r fella og allar vatnsuppsprettur st\u00edfla, og alla bestu akrana skemma me\u00f0 grj\u00f3ti.<a name=\"20\"><span class=\"versanumer\">20<\/span><\/a>Og \u00fea\u00f0 ske\u00f0i um morguninn, um \u00fea\u00f0 leyti sem f\u00f3rn er framborin, sj\u00e1! \u00fe\u00e1 kom vatn fr\u00e1 Edomslandi og landi\u00f0 var\u00f0 fullt af vatni. <br \/><a name=\"21\"><span class=\"versanumer\">21<\/span><\/a>En er allir M\u00f3ab\u00edtar heyr\u00f0u a\u00f0 k\u00f3ngarnir v\u00e6ru farnir \u00ed lei\u00f0angur \u00e1 m\u00f3ti s\u00e9r, var \u00f6llum vopnf\u00e6rum og \u00fea\u00f0an af eldri samanstefnt, og \u00feeir sta\u00f0n\u00e6mdust \u00e1 landamerkjunum.<a name=\"22\"><span class=\"versanumer\">22<\/span><\/a>En er \u00feeir st\u00f3\u00f0u upp \u00e1rdegis um morguninn og s\u00f3lin skein \u00e1 vatni\u00f0, s\u00e1u M\u00f3ab\u00edtar \u00e1lengdar a\u00f0 vatni\u00f0 var rautt sem bl\u00f3\u00f0.<a name=\"23\"><span class=\"versanumer\">23<\/span><\/a>Og \u00feeir s\u00f6g\u00f0u: \u00fea\u00f0 er bl\u00f3\u00f0; k\u00f3ngarnir hafa tort\u00ednt hv\u00f6r \u00f6\u00f0rum, og hv\u00f6r hefir unni\u00f0 \u00e1 \u00f6\u00f0rum; n\u00fa er a\u00f0 taka herfangi\u00f0, M\u00f3ab!<a name=\"24\"><span class=\"versanumer\">24<\/span><\/a>En sem \u00feeir komu til \u00cdsraels b\u00fa\u00f0a, reis \u00cdsrael upp og bar\u00f0ist vi\u00f0 M\u00f3ab\u00edta, en \u00feeir fl\u00fd\u00f0u fyrir \u00feeim, og <span class='VideyAth'>(\u00cdsrael)<\/span> kom inn \u00ed landi\u00f0, og sigra\u00f0i M\u00f3ab.<a name=\"25\"><span class=\"versanumer\">25<\/span><\/a>Og sta\u00f0ina ey\u00f0il\u00f6g\u00f0u \u00feeir, og \u00e1 alla \u00fe\u00e1 bestu akra k\u00f6stu\u00f0u \u00feeir s\u00ednum steininum hv\u00f6r, og fylltu \u00fe\u00e1 <span class='VideyAth'>(me\u00f0 grj\u00f3ti)<\/span>, og allar vatnsuppsprettur st\u00edflu\u00f0u \u00feeir, og \u00f6ll g\u00f3\u00f0 tr\u00e9 felldu \u00feeir, a\u00f0eins l\u00e9tu menn eftir vera steina sta\u00f0arins \u00ed Kir-Hareset <span class='VideyAth'>c)<\/span>. Og sl\u00f6ngu mennirnir umkringdu sta\u00f0inn og k\u00f6stu\u00f0u \u00e1 hann.<a name=\"26\"><span class=\"versanumer\">26<\/span><\/a>En er M\u00f3absk\u00f3ngur s\u00e1 a\u00f0 str\u00ed\u00f0i\u00f0 var honum erfitt, t\u00f3k hann 7 hundru\u00f0 manns me\u00f0 s\u00e9r, sem rykktu sver\u00f0i, til a\u00f0 brj\u00f3tast \u00fat \u00fear sem fyrir var k\u00f3ngurinn af Edom; en \u00feeir g\u00e1tu \u00fea\u00f0 ekki.<a name=\"27\"><span class=\"versanumer\">27<\/span><\/a>\u00de\u00e1 t\u00f3k k\u00f3ngurinn sinn frumgetinn son, sem \u00e1tti a\u00f0 ver\u00f0a k\u00f3ngur eftir hann, og offra\u00f0i honum sem brennif\u00f3rn \u00e1 m\u00farnum. \u00de\u00e1 var\u00f0 \u00cdsrael miki\u00f0 rei\u00f0ur og \u00feeir f\u00f3ru burt fr\u00e1 honum, og sneru aftur heim \u00ed sitt land.<\/p>\n<div class=\"footnoteVidey\">V. 3. Sbr. 15,24.28.  V. 7. a. 1 K\u00f3ng. 22,4.  V. 11. Hellt hefir vatni \u0254: hefir veri\u00f0 hans \u00fej\u00f3n. V. 13. Ekki a\u00f0 tarna; mein: l\u00e1ttu ekki, \u00feegar svo miki\u00f0 er \u00ed h\u00fafi, l\u00edf \u00feriggja k\u00f3nga, \u00feetta r\u00edkja.  V. 15. b. 1 Sam 16,16.  V. 25. c. Es. 16,7.<\/div>\n","protected":false},"excerpt":{"rendered":"<p>Str\u00ed\u00f0 vi\u00f0 M\u00f3ab\u00edta. 1En J\u00f3ram sonur Akabs var\u00f0 konungur \u00ed Samar\u00edu yfir \u00cdsrael \u00e1 18da \u00e1ri J\u00f3safats k\u00f3ngs \u00ed J\u00fada, og r\u00edkti 12 \u00e1r.2Og hann gj\u00f6r\u00f0i \u00fea\u00f0 sem illt var \u00ed Drottins augs\u00fdn, \u00fe\u00f3 ekki eins og fa\u00f0ir hans og m\u00f3\u00f0ir hans; hann t\u00f3k burt Baals st\u00f3lpa sem fa\u00f0ir hans haf\u00f0i reist.3En vi\u00f0 syndir Jer\u00f3b\u00f3ams, sonar Nebats, sem kom \u00cdsrael til a\u00f0 syndga, h\u00e9kk hann fastlega, og l\u00e9t ekki af \u00feeim.4En Mesa M\u00f3ab\u00edtakonungur haf\u00f0i miklar hjar\u00f0ir, hann greiddi \u00cdsraelskonungi \u00ed skatt hundra\u00f0 \u00fe\u00fasund l\u00f6mb og hundra\u00f0 \u00fe\u00fasund hr\u00fata \u00ed alull.5En sem Akab d\u00f3, gekk M\u00f3abskonungur undan \u00cdsraelsk\u00f3ngi.6Um \u00fe\u00e1 daga f\u00f3r <a href=\"https:\/\/biblian.is\/videy\/sidari-konungabok-3-kafli\/\"> [&#8230;]<\/a><\/p>\n","protected":false},"author":1,"featured_media":0,"parent":0,"menu_order":0,"comment_status":"open","ping_status":"open","template":"bibliukaflar.php","meta":{"footnotes":""},"class_list":["post-21165","page","type-page","status-publish","hentry"],"_links":{"self":[{"href":"https:\/\/biblian.is\/videy\/wp-json\/wp\/v2\/pages\/21165","targetHints":{"allow":["GET"]}}],"collection":[{"href":"https:\/\/biblian.is\/videy\/wp-json\/wp\/v2\/pages"}],"about":[{"href":"https:\/\/biblian.is\/videy\/wp-json\/wp\/v2\/types\/page"}],"author":[{"embeddable":true,"href":"https:\/\/biblian.is\/videy\/wp-json\/wp\/v2\/users\/1"}],"replies":[{"embeddable":true,"href":"https:\/\/biblian.is\/videy\/wp-json\/wp\/v2\/comments?post=21165"}],"version-history":[{"count":0,"href":"https:\/\/biblian.is\/videy\/wp-json\/wp\/v2\/pages\/21165\/revisions"}],"wp:attachment":[{"href":"https:\/\/biblian.is\/videy\/wp-json\/wp\/v2\/media?parent=21165"}],"curies":[{"name":"wp","href":"https:\/\/api.w.org\/{rel}","templated":true}]}}