{"id":21164,"date":"2018-01-02T01:00:36","date_gmt":"2018-01-02T01:00:36","guid":{"rendered":"http:\/\/biblian.is\/videy\/sidari-konungabok-2-kafli\/"},"modified":"2018-01-02T01:00:36","modified_gmt":"2018-01-02T01:00:36","slug":"sidari-konungabok-2-kafli","status":"publish","type":"page","link":"https:\/\/biblian.is\/videy\/sidari-konungabok-2-kafli\/","title":{"rendered":"S\u00ed\u00f0ari konungab\u00f3k 2. kafli"},"content":{"rendered":"<div class=\"fyrirsognVidey\">El\u00eda uppnuminn. El\u00edsa gj\u00f6rir kraftaverk.<\/div>\n<p><a name=\"1\"><span class=\"versanumer\">1<\/span><\/a>Og \u00fea\u00f0 ske\u00f0i, \u00fe\u00e1 Drottinn vildi taka El\u00eda \u00ed stormvi\u00f0ri til himins, gengu \u00feeir El\u00eda og El\u00edsa fr\u00e1 Gilgal.<a name=\"2\"><span class=\"versanumer\">2<\/span><\/a>Og El\u00eda sag\u00f0i vi\u00f0 El\u00edsa: vertu h\u00e9r eftir! \u00fev\u00ed Drottinn sendir mig til Betel. Og El\u00edsa svara\u00f0i: svo sannarlega sem Drottinn lifir og \u00fe\u00fa lifir, eg skil ekki vi\u00f0 \u00feig! og svo gengu \u00feeir til Betel.<a name=\"3\"><span class=\"versanumer\">3<\/span><\/a>\u00de\u00e1 komu synir sp\u00e1mannanna, sem voru \u00ed Betel, \u00fat \u00e1 m\u00f3ti El\u00edsa og s\u00f6g\u00f0u vi\u00f0 hann: veistu \u00fea\u00f0, a\u00f0 n\u00fa \u00ed dag tekur Drottinn \u00feinn herra upp fr\u00e1 \u00fe\u00ednu h\u00f6f\u00f0i! hann svara\u00f0i: eg veit \u00fea\u00f0, veri\u00f0 hlj\u00f3\u00f0ir!<a name=\"4\"><span class=\"versanumer\">4<\/span><\/a>Og El\u00eda sag\u00f0i til hans: vert \u00fe\u00fa h\u00e9r eftir, El\u00edsa! \u00fev\u00ed Drottinn sendir mig til Jer\u00edk\u00f3. Og hann m\u00e6lti: svo sannarlega sem Drottinn lifir og \u00fe\u00fa lifir, eg skil ekki vi\u00f0 \u00feig! og svo komu \u00feeir til Jer\u00edk\u00f3.<a name=\"5\"><span class=\"versanumer\">5<\/span><\/a>\u00de\u00e1 gengu synir sp\u00e1mannanna sem voru \u00ed Jer\u00edk\u00f3 til El\u00edsa og s\u00f6g\u00f0u vi\u00f0 hann: veistu \u00fea\u00f0, a\u00f0 Drottinn tekur \u00ed dag \u00feinn herra upp fr\u00e1 \u00fe\u00ednu h\u00f6f\u00f0i? og hann svara\u00f0i: eg veit \u00fea\u00f0 l\u00edka, veri\u00f0 hlj\u00f3\u00f0ir!<a name=\"6\"><span class=\"versanumer\">6<\/span><\/a>Og El\u00eda sag\u00f0i vi\u00f0 hann: vertu h\u00e9r eftir! \u00fev\u00ed Drottinn sendir mig til J\u00f3rdan. Og hann svara\u00f0i: svo sannarlega sem Drottinn lifir og \u00fe\u00fa lifir, eg skilst ekki vi\u00f0 \u00feig! og svo gengu \u00feeir hv\u00f6r me\u00f0 \u00f6\u00f0rum;<a name=\"7\"><span class=\"versanumer\">7<\/span><\/a>En 50 menn af sonum sp\u00e1mannanna gengu me\u00f0 \u00feeim, og gengu gagnvart \u00feeim langt fr\u00e1, og hinir b\u00e1\u00f0ir gengu a\u00f0 J\u00f3rdan.<a name=\"8\"><span class=\"versanumer\">8<\/span><\/a>\u00de\u00e1 t\u00f3k El\u00eda sinn m\u00f6ttul og braut hann saman og sl\u00f3 \u00e1 vatni\u00f0 og \u00fea\u00f0 skipti s\u00e9r <span class='VideyAth'>a)<\/span> til tveggja hli\u00f0a, og \u00feeir gengu b\u00e1\u00f0ir yfirum \u00e1 \u00feurru. <br \/><a name=\"9\"><span class=\"versanumer\">9<\/span><\/a>En er \u00feeir voru komnir yfirum, sag\u00f0i El\u00eda vi\u00f0 El\u00edsa: bi\u00f0 \u00fe\u00fa einhv\u00f6rs, er eg veiti \u00fe\u00e9r \u00e1\u00f0ur en eg ver\u00f0 fr\u00e1 \u00fe\u00e9r numinn! Og El\u00edsa m\u00e6lti: <span class='VideyAth'>(eg bi\u00f0 \u00feess)<\/span> a\u00f0 tveir partar af \u00fe\u00ednum anda megi til m\u00edn koma!<a name=\"10\"><span class=\"versanumer\">10<\/span><\/a>Og El\u00eda svara\u00f0i: \u00fe\u00fa hefir be\u00f0i\u00f0 \u00feess sem er torvelt; ef a\u00f0 \u00fe\u00fa samt s\u00e9r mig, \u00fe\u00e1 eg ver\u00f0 fr\u00e1 \u00fe\u00e9r numinn, \u00fe\u00e1 mun \u00fe\u00e9r \u00feetta veitast; en sj\u00e1ir \u00fe\u00fa mig ekki, svo mun \u00fea\u00f0 ekki ske.<a name=\"11\"><span class=\"versanumer\">11<\/span><\/a>En sem \u00feeir gengu og t\u00f6lu\u00f0ust vi\u00f0 \u00e1 ganginum, sj\u00e1! \u00fe\u00e1 var \u00fear eldlegur vagn og eldlegir hestar, sem a\u00f0skildu \u00fe\u00e1; og El\u00eda f\u00f3r \u00ed stormvi\u00f0rinu upp til himins.<a name=\"12\"><span class=\"versanumer\">12<\/span><\/a>En El\u00edsa s\u00e1 \u00fea\u00f0 og kalla\u00f0i: minn fa\u00f0ir! minn fa\u00f0ir! \u00cdsraels vagn og hans rei\u00f0ma\u00f0ur! og hann s\u00e1 hann ekki framar. \u00de\u00e1 \u00fereif hann til sinna kl\u00e6\u00f0a og reif \u00feau sundur \u00ed tvo hluti.<a name=\"13\"><span class=\"versanumer\">13<\/span><\/a>Og hann t\u00f3k upp m\u00f6ttul El\u00eda, sem dotti\u00f0 haf\u00f0i fr\u00e1 honum, og sneri vi\u00f0 og kom \u00e1 J\u00f3rdans bakka.<a name=\"14\"><span class=\"versanumer\">14<\/span><\/a>Og hann t\u00f3k El\u00eda m\u00f6ttul, sem haf\u00f0i falli\u00f0 fr\u00e1 honum og sl\u00f3 \u00e1 vatni\u00f0 og m\u00e6lti: hvar er Drottinn, Gu\u00f0 El\u00eda? og sem hann sl\u00f3 \u00e1 vatni\u00f0, skipti \u00fea\u00f0 s\u00e9r til tveggja hli\u00f0a, og El\u00edsa f\u00f3r yfirum.<br \/><a name=\"15\"><span class=\"versanumer\">15<\/span><\/a>\u00de\u00e1 synir sp\u00e1mannanna s\u00e1u til hans, \u00feeir sem voru \u00ed Jer\u00edk\u00f3 gagnvart, s\u00f6g\u00f0u \u00feeir: El\u00eda andi hv\u00edlir yfir El\u00edsa. Og \u00feeir komu \u00e1 m\u00f3ti honum, og hneig\u00f0u sig til jar\u00f0ar fyrir honum.<a name=\"16\"><span class=\"versanumer\">16<\/span><\/a>Og \u00feeir s\u00f6g\u00f0u vi\u00f0 hann: heyr \u00fe\u00fa! me\u00f0al \u00feinna \u00fej\u00f3na eru 50 r\u00f6skir menn, \u00feeir mega fara og leita a\u00f0 \u00fe\u00ednum herra, einasta Andi Drottins hafi ekki teki\u00f0 hann og varpa\u00f0 honum \u00e1 eitthv\u00f6rt fjalli\u00f0 e\u00f0a \u00ed einhv\u00f6rn dalinn. Og hann m\u00e6lti: sendi\u00f0 ekki!<a name=\"17\"><span class=\"versanumer\">17<\/span><\/a>En \u00feeir neyddu hann \u00e1kaflega. \u00de\u00e1 sag\u00f0i hann: sendi\u00f0 \u00fe\u00e9r! og \u00feeir sendu 50 manns, sem leitu\u00f0u hans \u00ed \u00ferj\u00e1 daga; en \u00feeir fundu hann ekki.<a name=\"18\"><span class=\"versanumer\">18<\/span><\/a>Og \u00feeir komu til hans aftur, en hann dvaldi \u00ed Jer\u00edk\u00f3, og hann sag\u00f0i til \u00feeirra: hefi eg ekki sagt y\u00f0ur: fari\u00f0 hv\u00f6rgi? <br \/><a name=\"19\"><span class=\"versanumer\">19<\/span><\/a>Og borgarmennirnir s\u00f6g\u00f0u vi\u00f0 El\u00edsa: gott er \u00ed \u00feessum sta\u00f0 a\u00f0 b\u00faa, eins og minn herra s\u00e9r; en vatni\u00f0 er sl\u00e6mt <span class='VideyAth'>b)<\/span>, og \u00ed landinu er t\u00ed\u00f0ur \u00f3t\u00edmabur\u00f0ur.<a name=\"20\"><span class=\"versanumer\">20<\/span><\/a>\u00de\u00e1 m\u00e6lti hann: f\u00e6ri\u00f0 m\u00e9r n\u00fdja sk\u00e1l, og l\u00e1ti\u00f0 \u00ed hana salt. Og \u00feeir f\u00e6r\u00f0u honum hana.<a name=\"21\"><span class=\"versanumer\">21<\/span><\/a>Og hann gekk a\u00f0 uppsprettu vatnsins, og kasta\u00f0i saltinu \u00ed hana og m\u00e6lti: svo segir Drottinn: eg gj\u00f6ri vatn \u00feetta heiln\u00e6mt, h\u00e9r eftir mun \u00fev\u00ed enginn dau\u00f0i n\u00e9 \u00f3t\u00edmabur\u00f0ur af \u00fev\u00ed koma.<a name=\"22\"><span class=\"versanumer\">22<\/span><\/a>\u00de\u00e1 var\u00f0 vatni\u00f0 heiln\u00e6mt, allt til \u00feessa dags, eftir \u00fev\u00ed or\u00f0i El\u00edsa, sem hann haf\u00f0i tala\u00f0. <br \/><a name=\"23\"><span class=\"versanumer\">23<\/span><\/a>Og hann gekk \u00fea\u00f0an til Betel; en sem hann gekk \u00e1fram veginn, komu sm\u00e1sveinar <span class='VideyAth'>(str\u00e1kar)<\/span> \u00far sta\u00f0num og k\u00f6stu\u00f0u \u00ed hann steinum, h\u00e6ddu hann og s\u00f6g\u00f0u: kom hinga\u00f0, skalli! kom hinga\u00f0, skalli!<a name=\"24\"><span class=\"versanumer\">24<\/span><\/a>Og hann snerist vi\u00f0 \u00feeim, og er hann s\u00e1 \u00fe\u00e1 form\u00e6lti hann \u00feeim \u00ed nafni Drottins. \u00de\u00e1 komu tveir birnir \u00far sk\u00f3ginum sem rifu \u00ed hel 42 af \u00feeim.<a name=\"25\"><span class=\"versanumer\">25<\/span><\/a>Og hann f\u00f3r \u00fea\u00f0an til fjallsins Karmel <span class='VideyAth'>c)<\/span>, og \u00fea\u00f0an sneri hann til Samar\u00eda.<\/p>\n<div class=\"footnoteVidey\">V. 8. a. Ex. 14,21. J\u00f3s. 3,16.  V. 9. Tveir partar etc. a\u00f0rir leggja \u00fat: a\u00f0 \u00feinn andi tv\u00f6faldist hj\u00e1 m\u00e9r.  V. 19. b. Ex. 15,23. c.  V. 25. d. 4,25.<\/div>\n","protected":false},"excerpt":{"rendered":"<p>El\u00eda uppnuminn. El\u00edsa gj\u00f6rir kraftaverk. 1Og \u00fea\u00f0 ske\u00f0i, \u00fe\u00e1 Drottinn vildi taka El\u00eda \u00ed stormvi\u00f0ri til himins, gengu \u00feeir El\u00eda og El\u00edsa fr\u00e1 Gilgal.2Og El\u00eda sag\u00f0i vi\u00f0 El\u00edsa: vertu h\u00e9r eftir! \u00fev\u00ed Drottinn sendir mig til Betel. Og El\u00edsa svara\u00f0i: svo sannarlega sem Drottinn lifir og \u00fe\u00fa lifir, eg skil ekki vi\u00f0 \u00feig! og svo gengu \u00feeir til Betel.3\u00de\u00e1 komu synir sp\u00e1mannanna, sem voru \u00ed Betel, \u00fat \u00e1 m\u00f3ti El\u00edsa og s\u00f6g\u00f0u vi\u00f0 hann: veistu \u00fea\u00f0, a\u00f0 n\u00fa \u00ed dag tekur Drottinn \u00feinn herra upp fr\u00e1 \u00fe\u00ednu h\u00f6f\u00f0i! hann svara\u00f0i: eg veit \u00fea\u00f0, veri\u00f0 hlj\u00f3\u00f0ir!4Og El\u00eda sag\u00f0i til hans: vert <a href=\"https:\/\/biblian.is\/videy\/sidari-konungabok-2-kafli\/\"> [&#8230;]<\/a><\/p>\n","protected":false},"author":1,"featured_media":0,"parent":0,"menu_order":0,"comment_status":"open","ping_status":"open","template":"bibliukaflar.php","meta":{"footnotes":""},"class_list":["post-21164","page","type-page","status-publish","hentry"],"_links":{"self":[{"href":"https:\/\/biblian.is\/videy\/wp-json\/wp\/v2\/pages\/21164","targetHints":{"allow":["GET"]}}],"collection":[{"href":"https:\/\/biblian.is\/videy\/wp-json\/wp\/v2\/pages"}],"about":[{"href":"https:\/\/biblian.is\/videy\/wp-json\/wp\/v2\/types\/page"}],"author":[{"embeddable":true,"href":"https:\/\/biblian.is\/videy\/wp-json\/wp\/v2\/users\/1"}],"replies":[{"embeddable":true,"href":"https:\/\/biblian.is\/videy\/wp-json\/wp\/v2\/comments?post=21164"}],"version-history":[{"count":0,"href":"https:\/\/biblian.is\/videy\/wp-json\/wp\/v2\/pages\/21164\/revisions"}],"wp:attachment":[{"href":"https:\/\/biblian.is\/videy\/wp-json\/wp\/v2\/media?parent=21164"}],"curies":[{"name":"wp","href":"https:\/\/api.w.org\/{rel}","templated":true}]}}