{"id":21161,"date":"2018-01-02T01:00:36","date_gmt":"2018-01-02T01:00:36","guid":{"rendered":"http:\/\/biblian.is\/videy\/fyrri-konungabok-21-kafli\/"},"modified":"2018-01-02T01:00:36","modified_gmt":"2018-01-02T01:00:36","slug":"fyrri-konungabok-21-kafli","status":"publish","type":"page","link":"https:\/\/biblian.is\/videy\/fyrri-konungabok-21-kafli\/","title":{"rendered":"Fyrri konungab\u00f3k 21. kafli"},"content":{"rendered":"<div class=\"fyrirsognVidey\">Sagan um Nabot.<\/div>\n<p><a name=\"1\"><span class=\"versanumer\">1<\/span><\/a>Eftir \u00feessa atbur\u00f0i getur \u00feess, a\u00f0 ma\u00f0ur nokkur Jesreel\u00edti, a\u00f0 nafni Nabot, \u00e1tti v\u00edngar\u00f0 hj\u00e1 h\u00f6ll Akabs k\u00f3ngs \u00ed Samar\u00edu.<a name=\"2\"><span class=\"versanumer\">2<\/span><\/a>Og Akab kom a\u00f0 m\u00e1li vi\u00f0 Nabot og m\u00e6lti: gef m\u00e9r \u00feinn v\u00edngar\u00f0, a\u00f0 hann ver\u00f0i minn jurtagar\u00f0ur! \u00fev\u00ed hann er \u00ed n\u00e1nd vi\u00f0 mitt h\u00fas, og eg skal gefa \u00fe\u00e9r fyrir hann betri v\u00edngar\u00f0; ef \u00fe\u00fa villt \u00fea\u00f0 heldur, \u00fe\u00e1 skal eg betala \u00fe\u00e9r \u00ed peningum \u00fea\u00f0 sem hann kostar.<a name=\"3\"><span class=\"versanumer\">3<\/span><\/a>En Nabot sag\u00f0i vi\u00f0 Akab: Drottinn for\u00f0i m\u00e9r \u00fev\u00ed a\u00f0 gefa \u00fe\u00e9r erf\u00f0 minna fe\u00f0ra!<a name=\"4\"><span class=\"versanumer\">4<\/span><\/a>\u00de\u00e1 kom Akab \u00ed sitt h\u00fas, og l\u00e1 illa \u00e1 honum, hann var rei\u00f0ur af \u00fev\u00ed sem Nabot Jesreel\u00edti haf\u00f0i sagt vi\u00f0 hann: eg gef \u00fe\u00e9r ekki erf\u00f0 minna fe\u00f0ra. Og hann lag\u00f0i sig upp \u00ed r\u00fam, sneri s\u00ednu andliti undan og n\u00e6r\u00f0ist \u00e1 engu. <br \/><a name=\"5\"><span class=\"versanumer\">5<\/span><\/a>\u00de\u00e1 kom Jesabel kona hans til hans og tala\u00f0i vi\u00f0 hann \u00feessum or\u00f0um: hv\u00ed liggur svo illa \u00e1 \u00fe\u00e9r, a\u00f0 \u00fe\u00fa n\u00e6rist ekki?<a name=\"6\"><span class=\"versanumer\">6<\/span><\/a>Og hann sag\u00f0i vi\u00f0 hana: eg tala\u00f0i vi\u00f0 Jesreel\u00edtann Nabot og sag\u00f0i vi\u00f0 hann: l\u00e1ttu mig f\u00e1 \u00feinn v\u00edngar\u00f0, fyrir peninga, e\u00f0a, ef \u00fe\u00fa vilt, skal eg l\u00e1ta \u00feig f\u00e1 fyrir hann annan v\u00edngar\u00f0; en hann sag\u00f0i: eg l\u00e6t ekki minn v\u00edngar\u00f0 falan vi\u00f0 \u00feig.<a name=\"7\"><span class=\"versanumer\">7<\/span><\/a>\u00de\u00e1 m\u00e6lti Jesabel kona hans vi\u00f0 hann: l\u00e1ttu n\u00fa sj\u00e1 a\u00f0 \u00fe\u00fa hafir k\u00f3ngsvald \u00ed \u00cdsrael! r\u00eds upp, et og vertu me\u00f0 g\u00f3\u00f0u ge\u00f0i! eg skal gefa \u00fe\u00e9r Jesreel\u00edtans Nabots v\u00edngar\u00f0.<a name=\"8\"><span class=\"versanumer\">8<\/span><\/a>Og h\u00fan skrifa\u00f0i br\u00e9f undir Akabs nafni og setti hans innsigli fyrir \u00fea\u00f0 og sendi br\u00e9fi\u00f0 til \u00f6ldunganna og \u00feeirra g\u00f6fugustu \u00ed hans borg, sem bjuggu hj\u00e1 Nabot.<a name=\"9\"><span class=\"versanumer\">9<\/span><\/a>Og \u00ed br\u00e9fi\u00f0 skrifa\u00f0i h\u00fan, l\u00e1ti\u00f0 \u00fathr\u00f3pa f\u00f6studag, og setji\u00f0 Nabot yfir f\u00f3lki\u00f0,<a name=\"10\"><span class=\"versanumer\">10<\/span><\/a>og f\u00e1i\u00f0 tvo menn til, illa b\u00f3fa, honum \u00e1 m\u00f3ti, a\u00f0 \u00feeir vitni gegn honum og segi: \u00fe\u00fa hefir lasta\u00f0 <span class='VideyAth'>a)<\/span> Gu\u00f0 og k\u00f3nginn; lei\u00f0i\u00f0 hann svo burt og gr\u00fdti\u00f0 hann, a\u00f0 hann deyi.<br \/><a name=\"11\"><span class=\"versanumer\">11<\/span><\/a>Og mennirnir \u00ed hans borg, \u00feeir elstu og g\u00f6fugustu, sem bjuggu \u00ed hans borg, gj\u00f6r\u00f0u eins og Jesabel bau\u00f0 \u00feeim, eins og skrifa\u00f0 var \u00ed \u00feeim br\u00e9fum sem h\u00fan sendi \u00feeim.<a name=\"12\"><span class=\"versanumer\">12<\/span><\/a>\u00deeir \u00fathr\u00f3pu\u00f0u f\u00f6stu og settu Nabot yfir f\u00f3lki\u00f0.<a name=\"13\"><span class=\"versanumer\">13<\/span><\/a>Og \u00feeir tveir menn komu, \u00feeir illu b\u00f3far, og settust gagnvart honum, og \u00feessir vondu menn vitnu\u00f0u m\u00f3ti Nabot \u00ed \u00e1heyrn f\u00f3lksins og s\u00f6g\u00f0u: Nabot hefir lasta\u00f0 Gu\u00f0 og k\u00f3nginn. Og \u00feeir leiddu hann \u00fat \u00far borginni og gr\u00fdttu hann \u00ed hel.<a name=\"14\"><span class=\"versanumer\">14<\/span><\/a>Eftir \u00fea\u00f0 sendu \u00feeir til Jesabel, og s\u00f6g\u00f0u: Nabot er gr\u00fdttur og dau\u00f0ur.<a name=\"15\"><span class=\"versanumer\">15<\/span><\/a>En er Jesabel heyr\u00f0i \u00fea\u00f0, a\u00f0 b\u00fai\u00f0 v\u00e6ri a\u00f0 gr\u00fdta Nabot \u00ed hel, sag\u00f0i h\u00fan vi\u00f0 Akab, reistu \u00feig n\u00fa, og kasta \u00feinni eign \u00e1 Jesreel\u00edtans Nabots v\u00edngar\u00f0, sem hann vildi ei l\u00e1ta falan vi\u00f0 \u00feig fyrir peninga; \u00fev\u00ed Nabot lifir n\u00fa ekki, heldur er hann dau\u00f0ur.<a name=\"16\"><span class=\"versanumer\">16<\/span><\/a>En sem Akab heyr\u00f0i a\u00f0 Nabot v\u00e6ri dau\u00f0ur, t\u00f3k hann sig til, a\u00f0 ganga \u00ed Jesreel\u00edtans Nabots v\u00edngar\u00f0, til a\u00f0 kasta \u00e1 hann eign sinni.<a name=\"17\"><span class=\"versanumer\">17<\/span><\/a>\u00de\u00e1 kom or\u00f0 Drottins til El\u00eda Tesbiter og m\u00e6lti:<a name=\"18\"><span class=\"versanumer\">18<\/span><\/a>Tak \u00fe\u00fa \u00feig til, og gakk fyrir Akab \u00cdsraelskonung \u00ed Samar\u00edu, sj\u00e1! hann er \u00ed Nabots v\u00edngar\u00f0i, \u00feanga\u00f0 genginn til a\u00f0 kasta \u00e1 hann eign sinni.<a name=\"19\"><span class=\"versanumer\">19<\/span><\/a>Og tala \u00fe\u00fa vi\u00f0 hann og seg: svo segir Drottinn: hefir \u00fe\u00fa myrt og teki\u00f0 me\u00f0 ofr\u00edki? tala \u00fe\u00fa vi\u00f0 hann og seg: svo segir Drottinn: vegna \u00feess a\u00f0 hundar sleiktu Nabots bl\u00f3\u00f0, skulu og svo hundar sleikja \u00feitt bl\u00f3\u00f0 <span class='VideyAth'>b)<\/span>.<a name=\"20\"><span class=\"versanumer\">20<\/span><\/a>Og Akab sag\u00f0i vi\u00f0 El\u00eda: hefir \u00fe\u00fa fundi\u00f0 mig, \u00fe\u00fa minn fjandma\u00f0ur? Og hinn svara\u00f0i: eg hefi fundi\u00f0 \u00feig, \u00fev\u00ed a\u00f0 \u00fe\u00fa hefir selt \u00feig til a\u00f0 a\u00f0hafast illt fyrir Drottins augliti.<a name=\"21\"><span class=\"versanumer\">21<\/span><\/a>Sj\u00e1! eg lei\u00f0i yfir \u00feig \u00f3lukku, eg s\u00f3pa \u00feinni \u00e6tt burt, og uppr\u00e6ti allt karlkyns <span class='VideyAth'>c)<\/span> af Akab, \u00fer\u00e6la og frj\u00e1lsa \u00ed \u00cdsrael;<a name=\"22\"><span class=\"versanumer\">22<\/span><\/a>og gj\u00f6ri \u00feitt h\u00fas, sem h\u00fas Jer\u00f3b\u00f3ams sonar Nebats <span class='VideyAth'>d)<\/span> og eins og h\u00fas Baesa, sonar Ah\u00edas <span class='VideyAth'>e)<\/span>, vegna \u00feeirrar m\u00f3\u00f0gunar sem \u00fe\u00fa hefir m\u00f3\u00f0ga\u00f0 mig me\u00f0, og komi\u00f0 \u00cdsrael til a\u00f0 syndga.<a name=\"23\"><span class=\"versanumer\">23<\/span><\/a>Og l\u00edka tala\u00f0i Drottinn um Jesabel og sag\u00f0i: hundar skulu eta Jesabel hj\u00e1 Jesreels m\u00farum.<a name=\"24\"><span class=\"versanumer\">24<\/span><\/a>Hv\u00f6r sem af Akabs \u00e6tt deyr \u00ed sta\u00f0num, \u00feann hinn sama skulu hundar eta, og hv\u00f6r sem deyr \u00fat \u00e1 v\u00ed\u00f0avangi, \u00feann skulu himinsins fuglar eta.<a name=\"25\"><span class=\"versanumer\">25<\/span><\/a><span class='VideyAth'>(J\u00e1, enginn hefir veri\u00f0 eins og Akab sem hefir selt sig til a\u00f0 gj\u00f6ra \u00fea\u00f0 sem illt er <span class='VideyAth'>a)<\/span> fyrir augs\u00fdn Drottins, af \u00fev\u00ed Jesabel kona hans eggja\u00f0i hann \u00e1 \u00fea\u00f0.<a name=\"26\"><span class=\"versanumer\">26<\/span><\/a>Og hann a\u00f0haf\u00f0ist mj\u00f6g marga vi\u00f0urstygg\u00f0, og gekk eftir afgu\u00f0um, \u00f6ldungis eins og Amor\u00edtar h\u00f6f\u00f0u gj\u00f6rt, sem Drottinn haf\u00f0i \u00fatreki\u00f0 fr\u00e1 \u00cdsraelssonum)<\/span>.<br \/><a name=\"27\"><span class=\"versanumer\">27<\/span><\/a>En sem Akab heyr\u00f0i \u00feessa r\u00e6\u00f0u, reif hann s\u00edn kl\u00e6\u00f0i, og lag\u00f0i sekk um s\u00ednar lendar, og fasta\u00f0i, og svaf \u00ed sekk, og var utanvi\u00f0 sig.<a name=\"28\"><span class=\"versanumer\">28<\/span><\/a>\u00de\u00e1 kom or\u00f0 Drottins til El\u00eda Tesb\u00edter og sag\u00f0i:<a name=\"29\"><span class=\"versanumer\">29<\/span><\/a>hefir \u00fe\u00fa s\u00e9\u00f0 a\u00f0 Akab au\u00f0m\u00fdkir sig fyrir m\u00e9r? fyrst hann au\u00f0m\u00fdkir sig fyrir m\u00e9r, vil eg ei l\u00e1ta \u00f3lukkuna koma \u00e1 hans d\u00f6gum. \u00c1 d\u00f6gum sonar hans vil eg lei\u00f0a \u00f3lukkuna yfir hans h\u00fas <span class='VideyAth'>b)<\/span>.<\/p>\n<div class=\"footnoteVidey\">V. 10. a. Sbr. v. 13. Job. 2,9.  V. 19. b. 22,38. 2 K\u00f3ng. 9,25.  V. 21. c. 14,10. 16,11.  V. 22. d. 15,29. e. 16,3.  V. 23. 2 K\u00f3ng. 9,33\u201336.  V. 25. a. Sbr. v. 20.  V. 29. b. 2 K\u00f3ng. 9,22.26.<\/div>\n","protected":false},"excerpt":{"rendered":"<p>Sagan um Nabot. 1Eftir \u00feessa atbur\u00f0i getur \u00feess, a\u00f0 ma\u00f0ur nokkur Jesreel\u00edti, a\u00f0 nafni Nabot, \u00e1tti v\u00edngar\u00f0 hj\u00e1 h\u00f6ll Akabs k\u00f3ngs \u00ed Samar\u00edu.2Og Akab kom a\u00f0 m\u00e1li vi\u00f0 Nabot og m\u00e6lti: gef m\u00e9r \u00feinn v\u00edngar\u00f0, a\u00f0 hann ver\u00f0i minn jurtagar\u00f0ur! \u00fev\u00ed hann er \u00ed n\u00e1nd vi\u00f0 mitt h\u00fas, og eg skal gefa \u00fe\u00e9r fyrir hann betri v\u00edngar\u00f0; ef \u00fe\u00fa villt \u00fea\u00f0 heldur, \u00fe\u00e1 skal eg betala \u00fe\u00e9r \u00ed peningum \u00fea\u00f0 sem hann kostar.3En Nabot sag\u00f0i vi\u00f0 Akab: Drottinn for\u00f0i m\u00e9r \u00fev\u00ed a\u00f0 gefa \u00fe\u00e9r erf\u00f0 minna fe\u00f0ra!4\u00de\u00e1 kom Akab \u00ed sitt h\u00fas, og l\u00e1 illa \u00e1 honum, hann var rei\u00f0ur <a href=\"https:\/\/biblian.is\/videy\/fyrri-konungabok-21-kafli\/\"> [&#8230;]<\/a><\/p>\n","protected":false},"author":1,"featured_media":0,"parent":0,"menu_order":0,"comment_status":"open","ping_status":"open","template":"bibliukaflar.php","meta":{"footnotes":""},"class_list":["post-21161","page","type-page","status-publish","hentry"],"_links":{"self":[{"href":"https:\/\/biblian.is\/videy\/wp-json\/wp\/v2\/pages\/21161","targetHints":{"allow":["GET"]}}],"collection":[{"href":"https:\/\/biblian.is\/videy\/wp-json\/wp\/v2\/pages"}],"about":[{"href":"https:\/\/biblian.is\/videy\/wp-json\/wp\/v2\/types\/page"}],"author":[{"embeddable":true,"href":"https:\/\/biblian.is\/videy\/wp-json\/wp\/v2\/users\/1"}],"replies":[{"embeddable":true,"href":"https:\/\/biblian.is\/videy\/wp-json\/wp\/v2\/comments?post=21161"}],"version-history":[{"count":0,"href":"https:\/\/biblian.is\/videy\/wp-json\/wp\/v2\/pages\/21161\/revisions"}],"wp:attachment":[{"href":"https:\/\/biblian.is\/videy\/wp-json\/wp\/v2\/media?parent=21161"}],"curies":[{"name":"wp","href":"https:\/\/api.w.org\/{rel}","templated":true}]}}