{"id":21159,"date":"2018-01-02T01:00:36","date_gmt":"2018-01-02T01:00:36","guid":{"rendered":"http:\/\/biblian.is\/videy\/fyrri-konungabok-19-kafli\/"},"modified":"2018-01-02T01:00:36","modified_gmt":"2018-01-02T01:00:36","slug":"fyrri-konungabok-19-kafli","status":"publish","type":"page","link":"https:\/\/biblian.is\/videy\/fyrri-konungabok-19-kafli\/","title":{"rendered":"Fyrri konungab\u00f3k 19. kafli"},"content":{"rendered":"<div class=\"fyrirsognVidey\">Ennframar um El\u00eda.<\/div>\n<p><a name=\"1\"><span class=\"versanumer\">1<\/span><\/a>Og Akab sag\u00f0i Jesabel fr\u00e1 \u00f6llu sem El\u00eda haf\u00f0i gj\u00f6rt; hv\u00f6rsu hann haf\u00f0i deytt sp\u00e1mennina me\u00f0 sver\u00f0i.<a name=\"2\"><span class=\"versanumer\">2<\/span><\/a>\u00de\u00e1 sendi Jesabel sendimann til El\u00eda og l\u00e9t segja honum: Gu\u00f0irnir gj\u00f6ri m\u00e9r \u00fea\u00f0 og ennfremur <span class='VideyAth'>f)<\/span>, ef eg ekki \u00e1 morgun gj\u00f6ri \u00feitt l\u00edf jafnt l\u00edfi s\u00e9rhv\u00f6rs \u00feeirra, nl: Baals sp\u00e1manna.<a name=\"3\"><span class=\"versanumer\">3<\/span><\/a>En sem hann heyr\u00f0i \u00fea\u00f0, bj\u00f3st hann til fer\u00f0ar og gekk af sta\u00f0 til a\u00f0 for\u00f0a l\u00edfi s\u00ednu, og kom til Bersaba, sem tilheyrir J\u00fada, og l\u00e9t sinn \u00fe\u00e9nara vera \u00fear eftir;<a name=\"4\"><span class=\"versanumer\">4<\/span><\/a>en hann f\u00f3r eina daglei\u00f0 \u00fat \u00e1 ey\u00f0im\u00f6rkina, kom \u00fear sem var hr\u00edsrunni og settist \u00fear undir, og \u00f3ska\u00f0i s\u00e9r dau\u00f0ans og m\u00e6lti: n\u00f3g er <span class='VideyAth'>(komi\u00f0)<\/span>! tak \u00fe\u00fa n\u00fa Drottinn l\u00edf mitt; eg er ekki meiri en m\u00ednir fe\u00f0ur.<a name=\"5\"><span class=\"versanumer\">5<\/span><\/a>Og hann lag\u00f0i sig fyrir undir hr\u00edsrunnanum og sofna\u00f0i. Og sj\u00e1! engill snart hann og m\u00e6lti vi\u00f0 hann: statt upp og et!<a name=\"6\"><span class=\"versanumer\">6<\/span><\/a>Og hann leit upp, og sj\u00e1! vi\u00f0 h\u00f6f\u00f0alag hans var kaka, b\u00f6ku\u00f0 \u00e1 heitum steinum og vatnskr\u00fas. Og hann \u00e1t og drakk og lag\u00f0ist fyrir aftur.<a name=\"7\"><span class=\"versanumer\">7<\/span><\/a>Og engill Drottins kom aftur \u00ed anna\u00f0 sinn, snart vi\u00f0 honum og m\u00e6lti: statt upp og et! \u00fev\u00ed \u00fe\u00fa \u00e1tt langa lei\u00f0 fyrir hendi.<a name=\"8\"><span class=\"versanumer\">8<\/span><\/a>Og hann st\u00f3\u00f0 upp og \u00e1t og drakk, og gekk \u00ed krafti s\u00f6mu f\u00e6\u00f0u, 40 daga og 40 n\u00e6tur <span class='VideyAth'>g)<\/span>, allt til Gu\u00f0s fjalls Horeb.<a name=\"9\"><span class=\"versanumer\">9<\/span><\/a>Og hann gekk \u00ed hellir og var \u00fear um n\u00f3ttina; og sj\u00e1! or\u00f0 Drottins kom til hans svol\u00e1tandi: hva\u00f0 a\u00f0hefst \u00fe\u00fa h\u00e9r El\u00eda?<a name=\"10\"><span class=\"versanumer\">10<\/span><\/a>Og hann m\u00e6lti: vandl\u00e6tt hefi eg <span class='VideyAth'>a)<\/span> fyrir Drottin, Gu\u00f0 allsherjar; \u00fev\u00ed \u00cdsraels synir hafa yfirgefi\u00f0 \u00feinn s\u00e1ttm\u00e1la, \u00fe\u00edn \u00f6lturu hafa \u00feeir ni\u00f0urrifi\u00f0, og deytt \u00fe\u00edna sp\u00e1menn me\u00f0 sver\u00f0i og eg er einn eftir or\u00f0inn, og \u00feeir sitja um l\u00edf mitt.<a name=\"11\"><span class=\"versanumer\">11<\/span><\/a>Og hann svara\u00f0i: far \u00fe\u00fa h\u00e9\u00f0an og gakk upp \u00e1 fjalli\u00f0 fram fyrir Drottin! og sj\u00e1! Drottinn f\u00f3r framhj\u00e1 <span class='VideyAth'>b)<\/span> og \u00e1 undan honum mikill og sterkur stormur, sem sundurt\u00e6tti fjalli\u00f0 og sundurmola\u00f0i klettana\u2014Drottinn var ekki \u00ed storminum.<a name=\"12\"><span class=\"versanumer\">12<\/span><\/a>Og eftir storminn jar\u00f0skj\u00e1lfti\u2014ekki var Drottinn \u00ed jar\u00f0skj\u00e1lftanum. Og eftir jar\u00f0skj\u00e1lftann eldur\u2014ekki var Drottinn \u00ed eldinum, en eftir eldinn kom h\u00e6gur og bl\u00ed\u00f0ur vindbl\u00e6r <span class='VideyAth'>c)<\/span>.<a name=\"13\"><span class=\"versanumer\">13<\/span><\/a>Og \u00fea\u00f0 ske\u00f0i \u00fe\u00e1 El\u00eda heyr\u00f0i \u00fea\u00f0, a\u00f0 hann byrg\u00f0i sitt andlit <span class='VideyAth'>d)<\/span> me\u00f0 s\u00ednum m\u00f6ttli og gekk \u00fat fram \u00ed hellirsmynni\u00f0. Og sj\u00e1! kom raust til hans og m\u00e6lti: hva\u00f0 a\u00f0hefst \u00fe\u00fa h\u00e9r El\u00eda?<a name=\"14\"><span class=\"versanumer\">14<\/span><\/a>Og hann svara\u00f0i: vandl\u00e6tt hefi eg <span class='VideyAth'>e)<\/span> fyrir Drottinn Gu\u00f0 allsherjar; \u00fev\u00ed \u00cdsraelssynir hafa yfirgefi\u00f0 \u00feinn s\u00e1ttm\u00e1la, \u00fe\u00edn \u00f6lturu hafa \u00feeir ni\u00f0urrifi\u00f0, og \u00fe\u00edna sp\u00e1menn hafa \u00feeir deytt me\u00f0 sver\u00f0i, og eg er einn eftir or\u00f0inn, og mitt l\u00edf umsitja \u00feeir.<a name=\"15\"><span class=\"versanumer\">15<\/span><\/a>Og Drottinn sag\u00f0i vi\u00f0 hann: far \u00fe\u00fa n\u00fa sama veg til baka um ey\u00f0im\u00f6rkina <span class='VideyAth'>f)<\/span> til Damaskus, og gakk inn \u00ed sta\u00f0inn og smyr Hasael til k\u00f3ngs yfir S\u00fdrland.<a name=\"16\"><span class=\"versanumer\">16<\/span><\/a>En Jehu son Nimsi <span class='VideyAth'>g)<\/span> skalt\u00fa smyrja til k\u00f3ngs yfir \u00cdsrael, og Elisa son Safats fr\u00e1 Abel-Mehola til sp\u00e1manns \u00ed \u00feinn sta\u00f0.<a name=\"17\"><span class=\"versanumer\">17<\/span><\/a>Og \u00fea\u00f0 mun ske, a\u00f0 hv\u00f6r sem kemst undan Hasaels sver\u00f0i, \u00feann skal Jehu dey\u00f0a; og hv\u00f6r sem kemst undan Jehus sver\u00f0i, \u00feann skal El\u00edsa dey\u00f0a.<a name=\"18\"><span class=\"versanumer\">18<\/span><\/a>Og eg l\u00e6t eftir ver\u00f0a \u00ed \u00cdsrael 7 \u00fe\u00fasundir, \u00f6ll kn\u00e9 sem ekki hafa beygt sig fyrir Baal, og s\u00e9rhv\u00f6rn munn sem ekki hefir kysst hann.<br \/><a name=\"19\"><span class=\"versanumer\">19<\/span><\/a>Svo f\u00f3r hann \u00fea\u00f0an og fann El\u00edsa son Safats \u00fear hann pl\u00e6g\u00f0i me\u00f0 12 p\u00f6rum akneyta, og hann var me\u00f0 t\u00f3lfta parinu. \u00de\u00e1 gekk El\u00eda til hans, og kasta\u00f0i s\u00ednum m\u00f6ttli yfir hann.<a name=\"20\"><span class=\"versanumer\">20<\/span><\/a>\u00de\u00e1 yfirgaf hann akneytin, og hlj\u00f3p eftir El\u00eda og m\u00e6lti: leyf\u00f0u m\u00e9r \u00fe\u00f3 a\u00f0 kyssa f\u00f6\u00f0ur minn og m\u00f3\u00f0ur m\u00edna <span class='VideyAth'>h)<\/span>, svo vil eg fara me\u00f0 \u00fe\u00e9r. Og El\u00eda sag\u00f0i til hans: far \u00fe\u00fa, kom aftur! \u00fev\u00ed hva\u00f0 hefi eg \u00fe\u00e9r gj\u00f6rt?<a name=\"21\"><span class=\"versanumer\">21<\/span><\/a>Svo gekk hann fr\u00e1 honum aftur, t\u00f3k eitt par af akneytunum, offra\u00f0i \u00feeim, og sau\u00f0 kj\u00f6ti\u00f0 vi\u00f0 oki\u00f0 af akneytunum, og gaf f\u00f3lkinu \u00fea\u00f0, og \u00feeir sn\u00e6ddu. Eftir \u00fea\u00f0 st\u00f3\u00f0 hann upp, fylgdi El\u00eda, og \u00fej\u00f3na\u00f0i honum.<\/p>\n<div class=\"footnoteVidey\">V. 8. g. Ex. 24,18. 34,28.  V. 10. a. 2 K\u00f3ng. 10,16.  V. 11. b. Ex. 33,32.  V. 12. c. Job. 4,16.  V. 13. d. Ex. 3,6.  V. 14. e. 2 K\u00f3ng. 10,16. S\u00e1lm. 69,10.  V. 15. f. 2 K\u00f3ng. 8,13.  V. 16. g. 2 K\u00f3ng. 9,2.3.  V. 18. R\u00f3m. 11,4. V. 20. h. L\u00fac. 9,61.<\/div>\n","protected":false},"excerpt":{"rendered":"<p>Ennframar um El\u00eda. 1Og Akab sag\u00f0i Jesabel fr\u00e1 \u00f6llu sem El\u00eda haf\u00f0i gj\u00f6rt; hv\u00f6rsu hann haf\u00f0i deytt sp\u00e1mennina me\u00f0 sver\u00f0i.2\u00de\u00e1 sendi Jesabel sendimann til El\u00eda og l\u00e9t segja honum: Gu\u00f0irnir gj\u00f6ri m\u00e9r \u00fea\u00f0 og ennfremur f), ef eg ekki \u00e1 morgun gj\u00f6ri \u00feitt l\u00edf jafnt l\u00edfi s\u00e9rhv\u00f6rs \u00feeirra, nl: Baals sp\u00e1manna.3En sem hann heyr\u00f0i \u00fea\u00f0, bj\u00f3st hann til fer\u00f0ar og gekk af sta\u00f0 til a\u00f0 for\u00f0a l\u00edfi s\u00ednu, og kom til Bersaba, sem tilheyrir J\u00fada, og l\u00e9t sinn \u00fe\u00e9nara vera \u00fear eftir;4en hann f\u00f3r eina daglei\u00f0 \u00fat \u00e1 ey\u00f0im\u00f6rkina, kom \u00fear sem var hr\u00edsrunni og settist \u00fear undir, og \u00f3ska\u00f0i <a href=\"https:\/\/biblian.is\/videy\/fyrri-konungabok-19-kafli\/\"> [&#8230;]<\/a><\/p>\n","protected":false},"author":1,"featured_media":0,"parent":0,"menu_order":0,"comment_status":"open","ping_status":"open","template":"bibliukaflar.php","meta":{"footnotes":""},"class_list":["post-21159","page","type-page","status-publish","hentry"],"_links":{"self":[{"href":"https:\/\/biblian.is\/videy\/wp-json\/wp\/v2\/pages\/21159","targetHints":{"allow":["GET"]}}],"collection":[{"href":"https:\/\/biblian.is\/videy\/wp-json\/wp\/v2\/pages"}],"about":[{"href":"https:\/\/biblian.is\/videy\/wp-json\/wp\/v2\/types\/page"}],"author":[{"embeddable":true,"href":"https:\/\/biblian.is\/videy\/wp-json\/wp\/v2\/users\/1"}],"replies":[{"embeddable":true,"href":"https:\/\/biblian.is\/videy\/wp-json\/wp\/v2\/comments?post=21159"}],"version-history":[{"count":0,"href":"https:\/\/biblian.is\/videy\/wp-json\/wp\/v2\/pages\/21159\/revisions"}],"wp:attachment":[{"href":"https:\/\/biblian.is\/videy\/wp-json\/wp\/v2\/media?parent=21159"}],"curies":[{"name":"wp","href":"https:\/\/api.w.org\/{rel}","templated":true}]}}