{"id":21156,"date":"2018-01-02T01:00:36","date_gmt":"2018-01-02T01:00:36","guid":{"rendered":"http:\/\/biblian.is\/videy\/fyrri-konungabok-16-kafli\/"},"modified":"2018-01-02T01:00:36","modified_gmt":"2018-01-02T01:00:36","slug":"fyrri-konungabok-16-kafli","status":"publish","type":"page","link":"https:\/\/biblian.is\/videy\/fyrri-konungabok-16-kafli\/","title":{"rendered":"Fyrri konungab\u00f3k 16. kafli"},"content":{"rendered":"<div class=\"fyrirsognVidey\">Sp\u00e1ma\u00f0urinn Jeh\u00fa. Ela, Simri, Omri, \u00cdsraelskonungar, samt Akab.<\/div>\n<p><a name=\"1\"><span class=\"versanumer\">1<\/span><\/a>Og or\u00f0 Drottins kom til Jeh\u00fa Hananissonar, m\u00f3ti Baesa svol\u00e1tandi:<a name=\"2\"><span class=\"versanumer\">2<\/span><\/a>vegna \u00feess a\u00f0 eg h\u00f3f \u00feig upp \u00far duftinu, og setti \u00feig h\u00f6f\u00f0ingja yfir mitt f\u00f3lk \u00cdsrael, en \u00fe\u00fa gekkst \u00e1 vegum Jer\u00f3b\u00f3ams, og afvega leiddir til syndar mitt f\u00f3lk \u00cdsrael, svo a\u00f0 \u00feeir egndu mig til me\u00f0 s\u00ednum syndum.<a name=\"3\"><span class=\"versanumer\">3<\/span><\/a>Sj\u00e1! svo s\u00f3pa eg burt Baesa og hans h\u00fasi, og gj\u00f6ri \u00feitt h\u00fas jafnt h\u00fasi Jer\u00f3b\u00f3ams, sonar Nebats <span class='VideyAth'>a)<\/span>.<a name=\"4\"><span class=\"versanumer\">4<\/span><\/a>Hv\u00f6rn, sem deyr \u00ed sta\u00f0num, af Baesa \u00e6tt, skulu hundar eta, og hv\u00f6rn, sem deyr af hans ni\u00f0jum \u00e1 v\u00ed\u00f0avangi, skulu fuglar himinsins uppeta.<a name=\"5\"><span class=\"versanumer\">5<\/span><\/a>En hva\u00f0 meir er a\u00f0 segja um Baesa, og hva\u00f0 hann gj\u00f6r\u00f0i, og um hans hreystiverk, \u00fe\u00e1 stendur \u00fea\u00f0 skrifa\u00f0 \u00ed \u00e1rb\u00f3kum <span class='VideyAth'>b)<\/span> \u00cdsraelskonunga.<a name=\"6\"><span class=\"versanumer\">6<\/span><\/a>Og Baesa lag\u00f0ist hj\u00e1 s\u00ednum fe\u00f0rum og var grafinn \u00ed Tirsa, og Ela, hans son, var\u00f0 k\u00f3ngur \u00ed hans sta\u00f0.<a name=\"7\"><span class=\"versanumer\">7<\/span><\/a>Fyrir millig\u00f6ngu Jeh\u00fa Sp\u00e1manns, Hananissonar, kom or\u00f0 Drottins m\u00f3ti Baesa og m\u00f3ti hans h\u00fasi, b\u00e6\u00f0i vegna alls \u00feess illa sem hann haf\u00f0i a\u00f0hafst fyrir Drottins augs\u00fdn, \u00fev\u00ed hann egndi hann til me\u00f0 verkum sinna handa, svo a\u00f0 hann var eins og Jer\u00f3b\u00f3ams h\u00fas, og l\u00edka vegna \u00feess a\u00f0 hann ey\u00f0ilag\u00f0i \u00fea\u00f0. <br \/><a name=\"8\"><span class=\"versanumer\">8<\/span><\/a><span class='VideyAth'>(\u0254: Jer\u00f3b\u00f3ams h\u00fas)<\/span> \u00c1 26ta \u00e1ri Asa k\u00f3ngs \u00ed J\u00fada, var\u00f0 Ela, sonur Baesa, k\u00f3ngur yfir \u00cdsrael \u00ed Tirsa og r\u00edkti \u00ed 2 \u00e1r.<a name=\"9\"><span class=\"versanumer\">9<\/span><\/a>Hans \u00fe\u00e9nari Simr\u00ed, sem var foringi fyrir helftinni af vagnli\u00f0inu, gj\u00f6r\u00f0i samband \u00e1 m\u00f3ti honum; og er hann drakk sig drukkinn \u00ed Tirsa, \u00ed h\u00fasi Asa, sem var yfir h\u00fasi <span class='VideyAth'>(k\u00f3ngsins)<\/span> \u00ed Tirsa,<a name=\"10\"><span class=\"versanumer\">10<\/span><\/a>kom Simri <span class='VideyAth'>c)<\/span> \u00feanga\u00f0 og vann \u00e1 honum og drap hann, \u00e1 27da \u00e1ri Asa J\u00fadak\u00f3ngs, og var\u00f0 konungur \u00ed hans sta\u00f0.<a name=\"11\"><span class=\"versanumer\">11<\/span><\/a>En eftir a\u00f0 hann var or\u00f0inn konungur, og sestur \u00ed h\u00e1s\u00e6ti\u00f0, drap hann ni\u00f0ur \u00ed str\u00e1 alla Baesa \u00e6tt, og l\u00e9t ekkert eftir ver\u00f0a af karlkyni, hv\u00f6rki hans \u00e6ttmenn, n\u00e9 vini <span class='VideyAth'>d)<\/span>.<a name=\"12\"><span class=\"versanumer\">12<\/span><\/a>Svo afm\u00e1\u00f0i Simri alla Baesa \u00e6tt eftir or\u00f0i Drottins, er hann haf\u00f0i tala\u00f0 fyrir munn sp\u00e1mannsins Jeh\u00fa;<a name=\"13\"><span class=\"versanumer\">13<\/span><\/a>sakir allra Baesa synda og Ela sonar hans, sem \u00feeir h\u00f6f\u00f0u dr\u00fdgt og komi\u00f0 \u00cdsrael til a\u00f0 dr\u00fdgja, a\u00f0 \u00feeir egndu Drottin \u00cdsraels Gu\u00f0 til, me\u00f0 s\u00ednum afgu\u00f0um. <br \/><a name=\"14\"><span class=\"versanumer\">14<\/span><\/a>En hva\u00f0 meir er a\u00f0 segja um Ela og allt hva\u00f0 hann gj\u00f6r\u00f0i, \u00fe\u00e1 stendur \u00fea\u00f0 skrifa\u00f0 \u00ed \u00e1rb\u00f3kum \u00cdsraelsk\u00f3nga <span class='VideyAth'>e)<\/span>. <br \/><a name=\"15\"><span class=\"versanumer\">15<\/span><\/a>\u00c1 27da \u00e1ri Asa, J\u00fadak\u00f3ngs, var\u00f0 Simr\u00ed konungur, og r\u00edkti 7 daga \u00ed Tirsa; en f\u00f3lki\u00f0 sat um Gibbeton \u00ed Filistealandi.<a name=\"16\"><span class=\"versanumer\">16<\/span><\/a>En sem f\u00f3lki\u00f0 \u00ed herb\u00fa\u00f0unum heyr\u00f0i a\u00f0 sagt var: Simr\u00ed hefir gj\u00f6rt uppreisn, og l\u00edka drepi\u00f0 k\u00f3nginn, t\u00f3k allt \u00cdsraelsf\u00f3lk hersh\u00f6f\u00f0ingjann Omr\u00ed til k\u00f3ngs yfir allan \u00cdsrael \u00ed herb\u00fa\u00f0unum \u00e1 \u00feeim sama degi.<a name=\"17\"><span class=\"versanumer\">17<\/span><\/a>\u00de\u00e1 f\u00f3r Omr\u00ed og allur \u00cdsrael me\u00f0 honum fr\u00e1 G\u00edbbeton, og settist um Tirsa.<a name=\"18\"><span class=\"versanumer\">18<\/span><\/a>En er Simr\u00ed s\u00e1 a\u00f0 sta\u00f0urinn mundi ver\u00f0a tekinn, gekk hann inn \u00ed h\u00f6llina \u00ed k\u00f3ngsh\u00fasinu og kveikti me\u00f0 eldi \u00ed konungsh\u00fasinu, yfir h\u00f6f\u00f0i s\u00e9r, og d\u00f3,<a name=\"19\"><span class=\"versanumer\">19<\/span><\/a>sakir synda \u00feeirra sem hann haf\u00f0i dr\u00fdgt, a\u00f0 hann gj\u00f6r\u00f0i \u00fea\u00f0 sem illt var \u00ed augs\u00fdn Drottins og gekk \u00e1 vegum Jer\u00f3b\u00f3ams og \u00ed hans syndum <span class='VideyAth'>f)<\/span> sem hann dr\u00fdg\u00f0i, og a\u00f0 hann kom \u00cdsrael til a\u00f0 syndga. <br \/><a name=\"20\"><span class=\"versanumer\">20<\/span><\/a>Hva\u00f0 meira er a\u00f0 segja um Simr\u00ed og \u00fea\u00f0 sams\u00e6ri <span class='VideyAth'>g)<\/span> sem hann gj\u00f6r\u00f0i, \u00fe\u00e1 stendur \u00fea\u00f0 skrifa\u00f0 \u00ed \u00e1rb\u00f3kum \u00cdsraelsk\u00f3nga.<a name=\"21\"><span class=\"versanumer\">21<\/span><\/a>\u00de\u00e1 gekk \u00cdsraelsf\u00f3lk \u00ed tv\u00e6r sveitir, helmingur f\u00f3lksins fylgdi Tibn\u00ed syni G\u00ednats, og vildi gj\u00f6ra hann a\u00f0 k\u00f3ngi, og hinn helmingurinn fylgdi Omr\u00ed.<a name=\"22\"><span class=\"versanumer\">22<\/span><\/a>En \u00fea\u00f0 f\u00f3lk sem fylgdi Omr\u00ed f\u00e9kk yfirh\u00f6nd yfir \u00fev\u00ed f\u00f3lki sem fylgdi Tibn\u00ed, syni G\u00ednats, og Tibn\u00ed d\u00f3, og Omri var\u00f0 k\u00f3ngur. <br \/><a name=\"23\"><span class=\"versanumer\">23<\/span><\/a>\u00c1 31ta \u00e1ri Asa J\u00fadak\u00f3ngs, var\u00f0 Omr\u00ed konungur yfir \u00cdsrael, og r\u00edkti 12 \u00e1r; 6 \u00e1r r\u00edkti hann \u00ed T\u00edrsa.<a name=\"24\"><span class=\"versanumer\">24<\/span><\/a>Og hann keypti Samar\u00edufjall af Semer fyrir 2 v\u00e6ttir <span class='VideyAth'>(centner)<\/span> silfurs, og setti bygg\u00f0 \u00e1 fjallinu, og nefndi sta\u00f0inn sem hann bygg\u00f0i Samar\u00eda, eftir nafni Semers sem \u00e1tt haf\u00f0i fjalli\u00f0.<a name=\"25\"><span class=\"versanumer\">25<\/span><\/a>Og Omr\u00ed gj\u00f6r\u00f0i \u00fea\u00f0 sem illt var \u00ed augs\u00fdn Drottins, og haga\u00f0i s\u00e9r verr en allir fyrir hann.<a name=\"26\"><span class=\"versanumer\">26<\/span><\/a>Og hann gekk \u00e1 \u00f6llum vegum Jer\u00f3b\u00f3ams sonar Nebats og \u00ed hans syndum, hvar til hann haf\u00f0i leitt \u00cdsrael, a\u00f0 egna Drottin \u00cdsraels Gu\u00f0 til, me\u00f0 \u00feeirra afgu\u00f0ad\u00fdrkun.<a name=\"27\"><span class=\"versanumer\">27<\/span><\/a>En hva\u00f0 meir er a\u00f0 segja um Omr\u00ed, hva\u00f0 hann gj\u00f6r\u00f0i, og \u00feau hreystiverk, sem hann vann, \u00fe\u00e1 stendur \u00fea\u00f0 skrifa\u00f0 \u00ed \u00e1rb\u00f3kum \u00cdsraelsk\u00f3nga.<a name=\"28\"><span class=\"versanumer\">28<\/span><\/a>Og Omr\u00ed lag\u00f0i sig hj\u00e1 s\u00ednum fe\u00f0rum og var grafinn \u00ed Samar\u00eda, og Akab, sonur hans, var\u00f0 k\u00f3ngur \u00ed hans sta\u00f0. <br \/><a name=\"29\"><span class=\"versanumer\">29<\/span><\/a>En Akab Omr\u00edson, var\u00f0 k\u00f3ngur yfir \u00cdsrael \u00e1 38da \u00e1ri Asa, J\u00fadak\u00f3ngs, og Akab sonur Omr\u00ed r\u00edkti yfir \u00cdsrael \u00ed Samar\u00edu 22 \u00e1r.<a name=\"30\"><span class=\"versanumer\">30<\/span><\/a>Og Akab sonur Omr\u00ed gj\u00f6r\u00f0i \u00fea\u00f0 sem Drottni illa l\u00edka\u00f0i fremur en allir fyrir hann.<a name=\"31\"><span class=\"versanumer\">31<\/span><\/a>Og hann l\u00e9t s\u00e9r ekki n\u00e6gja a\u00f0 ganga \u00ed syndum Jer\u00f3b\u00f3ams sonar Nebats <span class='VideyAth'>a)<\/span> heldur t\u00f3k hann s\u00e9r konu, Jessabel, d\u00f3ttur S\u00edd\u00f3nita k\u00f3ngs Etbaals, og f\u00f3r og \u00fej\u00f3na\u00f0i Baal og tilba\u00f0 hann.<a name=\"32\"><span class=\"versanumer\">32<\/span><\/a>Og hann reisti Baal altari \u00ed Baals h\u00fasi <span class='VideyAth'>b)<\/span>, sem hann haf\u00f0i byggt \u00ed Samar\u00eda.<a name=\"33\"><span class=\"versanumer\">33<\/span><\/a>Og Akab gj\u00f6r\u00f0i bl\u00f3tlund, og enn meira gj\u00f6r\u00f0i hann, til a\u00f0 m\u00f3\u00f0ga Drottin \u00cdsraels Gu\u00f0, framyfir alla \u00cdsraelsk\u00f3nga, sem fyrir hann h\u00f6f\u00f0u veri\u00f0. <br \/><a name=\"34\"><span class=\"versanumer\">34<\/span><\/a>\u00c1 hans d\u00f6gum bygg\u00f0i H\u00edel, fr\u00e1 Betel, Jer\u00edk\u00f3. \u00dea\u00f0 kosta\u00f0i hann frumgetning hans, Ab\u00edram, \u00fe\u00e1 hann lag\u00f0i grundv\u00f6llinn, og hans yngsta son Seg\u00fab, \u00fe\u00e1 hann setti borgarhli\u00f0i\u00f0, eftir Drottins or\u00f0i, sem hann haf\u00f0i tala\u00f0 vi\u00f0 J\u00f3s\u00faa son N\u00fans. J\u00f3sb. 6,26.<\/p>\n<div class=\"footnoteVidey\">V. 1. Sbr. v. 7.  V. 3. a. Kap. 15,29.  V. 4. Kap. 14,11. 21,24.  V. 5. b. 2 Kron. 16,1.  V. 7. Sbr. v. 1.12.  V. 10. c. 2 K\u00f3ng. 9,31.  V. 11. d. 1 Sam. 25,22. 1 K\u00f3ng. 14,10. 21,21.  V. 12. sbr. v. 1.7.  V. 14. e. Kap. 15,31. 22,39.  V. 19. f. v. 26.31. 15,26.34.  V. 20. g. Kap. 14,19. 15,31.  V. 25. sbr. v. 30 og 33.  V. 30. sbr. v. 25.33.  V. 31. a. Kap. 15,26.34. 22,53. 2 K\u00f3ng. 10,29.  V. 32. b. 2 K\u00f3ng. 3,2. 10,27.<\/div>\n","protected":false},"excerpt":{"rendered":"<p>Sp\u00e1ma\u00f0urinn Jeh\u00fa. Ela, Simri, Omri, \u00cdsraelskonungar, samt Akab. 1Og or\u00f0 Drottins kom til Jeh\u00fa Hananissonar, m\u00f3ti Baesa svol\u00e1tandi:2vegna \u00feess a\u00f0 eg h\u00f3f \u00feig upp \u00far duftinu, og setti \u00feig h\u00f6f\u00f0ingja yfir mitt f\u00f3lk \u00cdsrael, en \u00fe\u00fa gekkst \u00e1 vegum Jer\u00f3b\u00f3ams, og afvega leiddir til syndar mitt f\u00f3lk \u00cdsrael, svo a\u00f0 \u00feeir egndu mig til me\u00f0 s\u00ednum syndum.3Sj\u00e1! svo s\u00f3pa eg burt Baesa og hans h\u00fasi, og gj\u00f6ri \u00feitt h\u00fas jafnt h\u00fasi Jer\u00f3b\u00f3ams, sonar Nebats a).4Hv\u00f6rn, sem deyr \u00ed sta\u00f0num, af Baesa \u00e6tt, skulu hundar eta, og hv\u00f6rn, sem deyr af hans ni\u00f0jum \u00e1 v\u00ed\u00f0avangi, skulu fuglar himinsins uppeta.5En hva\u00f0 meir <a href=\"https:\/\/biblian.is\/videy\/fyrri-konungabok-16-kafli\/\"> [&#8230;]<\/a><\/p>\n","protected":false},"author":1,"featured_media":0,"parent":0,"menu_order":0,"comment_status":"open","ping_status":"open","template":"bibliukaflar.php","meta":{"footnotes":""},"class_list":["post-21156","page","type-page","status-publish","hentry"],"_links":{"self":[{"href":"https:\/\/biblian.is\/videy\/wp-json\/wp\/v2\/pages\/21156","targetHints":{"allow":["GET"]}}],"collection":[{"href":"https:\/\/biblian.is\/videy\/wp-json\/wp\/v2\/pages"}],"about":[{"href":"https:\/\/biblian.is\/videy\/wp-json\/wp\/v2\/types\/page"}],"author":[{"embeddable":true,"href":"https:\/\/biblian.is\/videy\/wp-json\/wp\/v2\/users\/1"}],"replies":[{"embeddable":true,"href":"https:\/\/biblian.is\/videy\/wp-json\/wp\/v2\/comments?post=21156"}],"version-history":[{"count":0,"href":"https:\/\/biblian.is\/videy\/wp-json\/wp\/v2\/pages\/21156\/revisions"}],"wp:attachment":[{"href":"https:\/\/biblian.is\/videy\/wp-json\/wp\/v2\/media?parent=21156"}],"curies":[{"name":"wp","href":"https:\/\/api.w.org\/{rel}","templated":true}]}}