{"id":21155,"date":"2018-01-02T01:00:36","date_gmt":"2018-01-02T01:00:36","guid":{"rendered":"http:\/\/biblian.is\/videy\/fyrri-konungabok-15-kafli\/"},"modified":"2018-01-02T01:00:36","modified_gmt":"2018-01-02T01:00:36","slug":"fyrri-konungabok-15-kafli","status":"publish","type":"page","link":"https:\/\/biblian.is\/videy\/fyrri-konungabok-15-kafli\/","title":{"rendered":"Fyrri konungab\u00f3k 15. kafli"},"content":{"rendered":"<div class=\"fyrirsognVidey\">Ab\u00edam og Asa J\u00fadak\u00f3ngar. Nadab k\u00f3ngur \u00ed \u00cdsrael.<\/div>\n<p><a name=\"1\"><span class=\"versanumer\">1<\/span><\/a>\u00c1 \u00e1tj\u00e1nda \u00e1ri k\u00f3ngs Jer\u00f3b\u00f3ams sonar Nebats, var\u00f0 Ab\u00edam k\u00f3ngur yfir J\u00fada.<a name=\"2\"><span class=\"versanumer\">2<\/span><\/a>\u00derj\u00fa \u00e1r r\u00edkti hann \u00ed Jer\u00fasalem. En m\u00f3\u00f0ir hans h\u00e9t Maeka, d\u00f3ttir Ab\u00edsal\u00f3nis <span class='VideyAth'>e)<\/span>.<a name=\"3\"><span class=\"versanumer\">3<\/span><\/a>Hann gekk \u00ed \u00f6llum syndum f\u00f6\u00f0ur s\u00edns, sem hann haf\u00f0i fyrir honum haft, og hans hjarta hneig\u00f0ist ekki algj\u00f6rlega a\u00f0 Drottni, hans Gu\u00f0i, eins og hjarta f\u00f6\u00f0ur hans Dav\u00ed\u00f0s.<a name=\"4\"><span class=\"versanumer\">4<\/span><\/a>\u00de\u00f3 l\u00e9t Drottinn hans Gu\u00f0, honum lj\u00f3s <span class='VideyAth'>f)<\/span> sk\u00edna \u00ed Jer\u00fasalem, \u00fev\u00ed hann l\u00e9t son hans koma til r\u00edkis eftir hann, og Jer\u00fasalem vi\u00f0haldast,<a name=\"5\"><span class=\"versanumer\">5<\/span><\/a>af \u00fev\u00ed Dav\u00ed\u00f0 haf\u00f0i gj\u00f6rt \u00fea\u00f0 sem r\u00e9tt var \u00ed Drottins augs\u00fdn, og ekki viki\u00f0 fr\u00e1 neinu sem Drottinn haf\u00f0i honum bo\u00f0i\u00f0, me\u00f0an hann lif\u00f0i, nema hva\u00f0 Het\u00edtann \u00dar\u00eda \u00e1hr\u00e6rir <span class='VideyAth'>g)<\/span>.<a name=\"6\"><span class=\"versanumer\">6<\/span><\/a>Og \u00f3fri\u00f0ur var milli R\u00f3b\u00f3ams og Jer\u00f3b\u00f3ams alla hans l\u00edfdaga.<a name=\"7\"><span class=\"versanumer\">7<\/span><\/a>En hva\u00f0 meira er a\u00f0 segja um Ab\u00edam, og allt hva\u00f0 hann gj\u00f6r\u00f0i, \u00fea\u00f0 stendur skrifa\u00f0 \u00ed \u00e1rb\u00f3kum J\u00fadakonunga <span class='VideyAth'>h)<\/span>, og \u00f3fri\u00f0ur var milli Ab\u00edam og Jer\u00f3b\u00f3am <span class='VideyAth'>i)<\/span>.<a name=\"8\"><span class=\"versanumer\">8<\/span><\/a>Og Ab\u00edam lag\u00f0i sig hj\u00e1 s\u00ednum fe\u00f0rum, og menn gr\u00f3fu hann \u00ed Dav\u00ed\u00f0sborg <span class='VideyAth'>k)<\/span>, og Asa sonur hans var\u00f0 k\u00f3ngur \u00ed hans sta\u00f0. <br \/><a name=\"9\"><span class=\"versanumer\">9<\/span><\/a>\u00c1 20ta \u00e1ri Jer\u00f3b\u00f3ams, \u00cdsraelsk\u00f3ngs, var\u00f0 Asa k\u00f3ngur yfir J\u00fada,<a name=\"10\"><span class=\"versanumer\">10<\/span><\/a>og 41 \u00e1r r\u00edkti hann \u00ed Jer\u00fasalem. En m\u00f3\u00f0ir <span class='VideyAth'>l)<\/span> hans h\u00e9t Maeka d\u00f3ttir Ab\u00edsal\u00f3nis.<a name=\"11\"><span class=\"versanumer\">11<\/span><\/a>Og Asa gj\u00f6r\u00f0i \u00fea\u00f0 sem r\u00e9tt var \u00ed augum Drottins, eins og fa\u00f0ir hans Dav\u00ed\u00f0.<a name=\"12\"><span class=\"versanumer\">12<\/span><\/a>Hann rak \u00far landi afgu\u00f0ad\u00fdrkendur <span class='VideyAth'>m)<\/span> og kom \u00far vegi afgu\u00f0ab\u00edl\u00e6tum sem fa\u00f0ir hans haf\u00f0i gj\u00f6rt. <br \/><a name=\"13\"><span class=\"versanumer\">13<\/span><\/a>Maeka m\u00f3\u00f0ur s\u00edna svipti hann drottningartigninni, fyrir \u00fea\u00f0 h\u00fan haf\u00f0i sett \u00f3ttalegt afgu\u00f0sb\u00edl\u00e6ti \u00ed offurlundinn. Og Asa t\u00f3k burt \u00fea\u00f0 \u00f3ttalega b\u00edl\u00e6ti og brenndi \u00fea\u00f0 \u00ed Kedronsdal.<a name=\"14\"><span class=\"versanumer\">14<\/span><\/a>En h\u00e6\u00f0irnar voru ekki afteknar; \u00fe\u00f3 hneig hjarta Asa algj\u00f6rlega a\u00f0 Drottni, svo lengi sem hann lif\u00f0i.<a name=\"15\"><span class=\"versanumer\">15<\/span><\/a>Og hann flutti \u00ed Drottins h\u00fas allt \u00fea\u00f0 sem fa\u00f0ir hans haf\u00f0i helga\u00f0 og hann sj\u00e1lfur haf\u00f0i helga\u00f0, silfur og gull og \u00e1h\u00f6ld.<br \/><a name=\"16\"><span class=\"versanumer\">16<\/span><\/a>En \u00f3fri\u00f0ur var milli Asa og Baesa, \u00cdsraelsk\u00f3ngs, svo lengi sem \u00feeir lif\u00f0u.<a name=\"17\"><span class=\"versanumer\">17<\/span><\/a>Og Baesa \u00cdsraelsk\u00f3ngur f\u00f3r lei\u00f0angur m\u00f3ti J\u00fada, og bygg\u00f0i Rama, svo enginn ma\u00f0ur g\u00e6ti komist inn e\u00f0a \u00fat, hj\u00e1 Asa J\u00fadakonungi.<a name=\"18\"><span class=\"versanumer\">18<\/span><\/a>\u00de\u00e1 t\u00f3k Asa allt \u00fea\u00f0 silfur og gull sem eftir var or\u00f0i\u00f0 \u00ed f\u00e9hirslu Drottins h\u00fass, og fj\u00e1rsj\u00f3\u00f0u k\u00f3ngsins h\u00fass, og f\u00e9kk \u00ed hendur s\u00ednum \u00fe\u00e9nurum; og k\u00f3ngurinn Asa sendi \u00fe\u00e1 til Benhadad, sonar Tabrimmons, sonar Hesions k\u00f3ngs \u00ed S\u00fdrlandi, sem bj\u00f3 \u00ed Damaskus, og m\u00e6lti:<a name=\"19\"><span class=\"versanumer\">19<\/span><\/a>s\u00e1ttm\u00e1li er milli m\u00edn og \u00fe\u00edn, milli m\u00edns f\u00f6\u00f0urs og \u00fe\u00edns f\u00f6\u00f0urs, sj\u00e1! eg sendi \u00fe\u00e9r g\u00e1fu af gulli og silfri; legg af sta\u00f0! breg\u00f0 \u00fe\u00fa upp s\u00e1ttm\u00e1lanum vi\u00f0 Baesa \u00cdsraelsk\u00f3ng, a\u00f0 hann hverfi fr\u00e1 m\u00e9r.<a name=\"20\"><span class=\"versanumer\">20<\/span><\/a>Benhadad f\u00f3r a\u00f0 or\u00f0um Asa J\u00fadak\u00f3ngs, og sendi s\u00edna herforingja m\u00f3ti \u00cdsraels st\u00f6\u00f0um og vann Ijon og Dan og Abel, Bet-Maeka, og allt Kinerot, og allt Naftaliland.<a name=\"21\"><span class=\"versanumer\">21<\/span><\/a>Og \u00fe\u00e1 Baesa heyr\u00f0i \u00fea\u00f0, h\u00e6tti hann a\u00f0 byggja Rama, og sta\u00f0n\u00e6mdist \u00ed Tirsa.<a name=\"22\"><span class=\"versanumer\">22<\/span><\/a>En Asa konungur l\u00e9t samankalla allan J\u00fadal\u00fd\u00f0, enginn var fr\u00ed, og \u00feeir fluttu burt fr\u00e1 Rama steinana og vi\u00f0inn, sem Baesa haf\u00f0i byggt af, og konungurinn bygg\u00f0i \u00fear af Geba \u00ed Benjam\u00edns landi og Mispa.<a name=\"23\"><span class=\"versanumer\">23<\/span><\/a>En hva\u00f0 meir er a\u00f0 segja um Asa og um \u00f6ll hans afreksverk, og allt hva\u00f0 hann gj\u00f6r\u00f0i, og um \u00fe\u00e1 sta\u00f0i er hann bygg\u00f0i, \u00fea\u00f0 stendur skrifa\u00f0 \u00ed \u00e1rb\u00f3kum <span class='VideyAth'>a)<\/span> J\u00fadak\u00f3nga; einasta <span class='VideyAth'>(er \u00feess a\u00f0 geta)<\/span>, a\u00f0 \u00e1 efri \u00e1rum var\u00f0 hann veikur \u00ed f\u00f3tunum.<a name=\"24\"><span class=\"versanumer\">24<\/span><\/a>Og Asa lag\u00f0ist hj\u00e1 s\u00ednum fe\u00f0rum, og var grafinn hj\u00e1 s\u00ednum fe\u00f0rum \u00ed borg Dav\u00ed\u00f0s f\u00f6\u00f0ur s\u00edns, og J\u00f3safat sonur hans, var\u00f0 k\u00f3ngur \u00ed hans sta\u00f0. <br \/><a name=\"25\"><span class=\"versanumer\">25<\/span><\/a>En Nadab, sonur Jer\u00f3b\u00f3ams var\u00f0 k\u00f3ngur yfir \u00cdsrael 2 \u00e1r.<a name=\"26\"><span class=\"versanumer\">26<\/span><\/a>Og hann gj\u00f6r\u00f0i \u00fea\u00f0 sem illt var \u00ed augs\u00fdn Drottins, og gekk \u00e1 vegum s\u00edns f\u00f6\u00f0urs og \u00ed hans syndum, til hv\u00f6rra hann ginnti \u00cdsrael.<a name=\"27\"><span class=\"versanumer\">27<\/span><\/a>En Baesa sonur Ah\u00edas af \u00cdsaskars h\u00fasi, gj\u00f6r\u00f0i samband m\u00f3ti honum <span class='VideyAth'>b)<\/span>; og Baesa vann hann hj\u00e1 Gibbeton \u00ed Filistealandi, me\u00f0an Nadab og allur \u00cdsrael sat um Gibbeton.<a name=\"28\"><span class=\"versanumer\">28<\/span><\/a>Og s\u00ed\u00f0an drap Baesa hann \u00e1 3ja \u00e1ri Asa k\u00f3ngs \u00ed J\u00fada, og var\u00f0 konungur \u00ed hans sta\u00f0.<a name=\"29\"><span class=\"versanumer\">29<\/span><\/a>Og me\u00f0an hann sat a\u00f0 r\u00edki, drap hann ni\u00f0ur alla Jer\u00f3b\u00f3ams \u00e6tt, hann l\u00e9t engan sem anda dr\u00f3 af Jer\u00f3b\u00f3amsni\u00f0jum komast undan, a\u00f0 hann ei afm\u00e1\u00f0i hann, eftir or\u00f0i Drottins, sem hann haf\u00f0i tala\u00f0 fyrir sinn \u00fej\u00f3n Ah\u00eda, Sil\u00f3n\u00edtann <span class='VideyAth'>c)<\/span>,<a name=\"30\"><span class=\"versanumer\">30<\/span><\/a>vegna synda Jer\u00f3b\u00f3ams, er hann dr\u00fdg\u00f0i, og ginnti \u00cdsrael til a\u00f0 dr\u00fdgja, vegna \u00feeirrar tilegningar, me\u00f0 hv\u00f6rri hann egndi til Drottin Gu\u00f0 \u00cdsraels. <br \/><a name=\"31\"><span class=\"versanumer\">31<\/span><\/a>En hva\u00f0 meir er um Nadab a\u00f0 segja og allt sem hann gj\u00f6r\u00f0i, \u00fea\u00f0 stendur skrifa\u00f0 \u00ed \u00e1rb\u00f3kum \u00cdsraelsk\u00f3nga <span class='VideyAth'>d)<\/span>.<a name=\"32\"><span class=\"versanumer\">32<\/span><\/a>Og \u00f3fri\u00f0ur var milli Asa og Baesa \u00cdsraelsk\u00f3ngs, me\u00f0an \u00feeir lif\u00f0u.<a name=\"33\"><span class=\"versanumer\">33<\/span><\/a>\u00c1 \u00feri\u00f0ja \u00e1ri Asa k\u00f3ngs \u00ed J\u00fada, var\u00f0 Baesa sonur Ah\u00eda, k\u00f3ngur yfir \u00f6llum \u00cdsrael \u00ed Tirsa og hann r\u00edkti 24 \u00e1r.<a name=\"34\"><span class=\"versanumer\">34<\/span><\/a>Og hann gj\u00f6r\u00f0i \u00fea\u00f0 sem illt var fyrir Drottins augliti, og gekk \u00e1 vegum Jer\u00f3b\u00f3ams og \u00ed hans syndum, hvar til hann haf\u00f0i afvegaleitt \u00cdsrael.<\/p>\n<div class=\"footnoteVidey\">V. 2. e. 2 Kron. 13,2.  V. 4. f. Kap. 11,36. 2 K\u00f3ng. 8,19.  V. 5. g. 2 Sam. 11,27. 12,9.  V. 6. Kap. 14,30.  V. 7. h. Kap. 14,29. 2 K\u00f3ng. 14,18. i. 2 Kron. 13,2.17.  V. 8. k. 2 Kron. 14,1.  V. 10. l. \u00fe. e. f\u00f6\u00f0ur m\u00f3\u00f0ir.  V. 12. m. Kap. 22,47.  V. 17. 2 Kron. 16,1.  V. 23. a. 1 K\u00f3ng. 14,19.  V. 26. Kap. 16,19. 26,31.  V. 27. b. Kap. 16,9. 2 K\u00f3ng. 12,20.  V. 29. c. Kap. 14,10.  V. 31. d. Kap. 16,5.14.20.27. 22,39.<\/div>\n","protected":false},"excerpt":{"rendered":"<p>Ab\u00edam og Asa J\u00fadak\u00f3ngar. Nadab k\u00f3ngur \u00ed \u00cdsrael. 1\u00c1 \u00e1tj\u00e1nda \u00e1ri k\u00f3ngs Jer\u00f3b\u00f3ams sonar Nebats, var\u00f0 Ab\u00edam k\u00f3ngur yfir J\u00fada.2\u00derj\u00fa \u00e1r r\u00edkti hann \u00ed Jer\u00fasalem. En m\u00f3\u00f0ir hans h\u00e9t Maeka, d\u00f3ttir Ab\u00edsal\u00f3nis e).3Hann gekk \u00ed \u00f6llum syndum f\u00f6\u00f0ur s\u00edns, sem hann haf\u00f0i fyrir honum haft, og hans hjarta hneig\u00f0ist ekki algj\u00f6rlega a\u00f0 Drottni, hans Gu\u00f0i, eins og hjarta f\u00f6\u00f0ur hans Dav\u00ed\u00f0s.4\u00de\u00f3 l\u00e9t Drottinn hans Gu\u00f0, honum lj\u00f3s f) sk\u00edna \u00ed Jer\u00fasalem, \u00fev\u00ed hann l\u00e9t son hans koma til r\u00edkis eftir hann, og Jer\u00fasalem vi\u00f0haldast,5af \u00fev\u00ed Dav\u00ed\u00f0 haf\u00f0i gj\u00f6rt \u00fea\u00f0 sem r\u00e9tt var \u00ed Drottins augs\u00fdn, og ekki viki\u00f0 fr\u00e1 neinu <a href=\"https:\/\/biblian.is\/videy\/fyrri-konungabok-15-kafli\/\"> [&#8230;]<\/a><\/p>\n","protected":false},"author":1,"featured_media":0,"parent":0,"menu_order":0,"comment_status":"open","ping_status":"open","template":"bibliukaflar.php","meta":{"footnotes":""},"class_list":["post-21155","page","type-page","status-publish","hentry"],"_links":{"self":[{"href":"https:\/\/biblian.is\/videy\/wp-json\/wp\/v2\/pages\/21155","targetHints":{"allow":["GET"]}}],"collection":[{"href":"https:\/\/biblian.is\/videy\/wp-json\/wp\/v2\/pages"}],"about":[{"href":"https:\/\/biblian.is\/videy\/wp-json\/wp\/v2\/types\/page"}],"author":[{"embeddable":true,"href":"https:\/\/biblian.is\/videy\/wp-json\/wp\/v2\/users\/1"}],"replies":[{"embeddable":true,"href":"https:\/\/biblian.is\/videy\/wp-json\/wp\/v2\/comments?post=21155"}],"version-history":[{"count":0,"href":"https:\/\/biblian.is\/videy\/wp-json\/wp\/v2\/pages\/21155\/revisions"}],"wp:attachment":[{"href":"https:\/\/biblian.is\/videy\/wp-json\/wp\/v2\/media?parent=21155"}],"curies":[{"name":"wp","href":"https:\/\/api.w.org\/{rel}","templated":true}]}}