{"id":21154,"date":"2018-01-02T01:00:36","date_gmt":"2018-01-02T01:00:36","guid":{"rendered":"http:\/\/biblian.is\/videy\/fyrri-konungabok-14-kafli\/"},"modified":"2018-01-02T01:00:36","modified_gmt":"2018-01-02T01:00:36","slug":"fyrri-konungabok-14-kafli","status":"publish","type":"page","link":"https:\/\/biblian.is\/videy\/fyrri-konungabok-14-kafli\/","title":{"rendered":"Fyrri konungab\u00f3k 14. kafli"},"content":{"rendered":"<div class=\"fyrirsognVidey\">Sp\u00e1d\u00f3mur m\u00f3ti Jer\u00f3b\u00f3am. Hans andl\u00e1t.<\/div>\n<p><a name=\"1\"><span class=\"versanumer\">1<\/span><\/a>Um sama leyti var\u00f0 Ab\u00eda sonur Jer\u00f3b\u00f3ams sj\u00fakur.<a name=\"2\"><span class=\"versanumer\">2<\/span><\/a>\u00de\u00e1 sag\u00f0i Jer\u00f3b\u00f3am vi\u00f0 konu s\u00edna: heyr\u00f0u! taktu \u00feig n\u00fa til, og far \u00fe\u00fa \u00ed dularb\u00faning svo engum komi \u00ed hug a\u00f0 \u00fe\u00fa s\u00e9rt kona Jer\u00f3b\u00f3ams, og far til S\u00edl\u00f3; sj\u00e1! \u00fear er sp\u00e1ma\u00f0urinn Ah\u00eda <span class='VideyAth'>a)<\/span> sem h\u00e9t m\u00e9r \u00fev\u00ed, a\u00f0 eg skyldi ver\u00f0a k\u00f3ngur yfir \u00feessu f\u00f3lki;<a name=\"3\"><span class=\"versanumer\">3<\/span><\/a>og taktu me\u00f0 \u00fe\u00e9r 10 brau\u00f0 og k\u00f6kur og kr\u00fas me\u00f0 hunangi, og \u00fe\u00fa skalt ganga til hans, og hann mun segja \u00fe\u00e9r hv\u00f6rnig drengnum muni afrei\u00f0a.<a name=\"4\"><span class=\"versanumer\">4<\/span><\/a>Jer\u00f3b\u00f3ams kona gj\u00f6r\u00f0i svo, h\u00fan t\u00f3k sig til og f\u00f3r til S\u00edl\u00f3, og kom \u00ed Ah\u00eda h\u00fas; en Ah\u00eda s\u00e1 ekki; \u00fev\u00ed hans augu st\u00f3\u00f0u f\u00f6st af elli <span class='VideyAth'>b)<\/span>.<a name=\"5\"><span class=\"versanumer\">5<\/span><\/a>En Drottinn haf\u00f0i sagt Ah\u00eda: sj\u00e1! kona Jer\u00f3b\u00f3ams kemur til a\u00f0 spyrja \u00feig um son sinn, \u00fev\u00ed hann er sj\u00fakur; \u00feetta og \u00feetta skaltu segja henni; og \u00fea\u00f0 mun ske \u00feegar h\u00fan kemur, svo mun h\u00fan l\u00e1tast vera \u00f6nnur en h\u00fan er.<a name=\"6\"><span class=\"versanumer\">6<\/span><\/a>En sem Ah\u00eda heyr\u00f0i sk\u00f3hlj\u00f3\u00f0 hennar <span class='VideyAth'>c)<\/span>, \u00ed \u00fev\u00ed h\u00fan gekk inn um dyrnar, m\u00e6lti hann: kom \u00fe\u00fa inn, Jer\u00f3b\u00f3ams kona! \u00fev\u00ed vilt \u00fe\u00fa dyljast? En eg er sendur til \u00fe\u00edn me\u00f0 har\u00f0a or\u00f0sending.<a name=\"7\"><span class=\"versanumer\">7<\/span><\/a>Far \u00fe\u00fa og seg Jer\u00f3b\u00f3am: svo segir Drottinn \u00cdsraels Gu\u00f0: af \u00fev\u00ed eg upph\u00f3f \u00feig \u00far l\u00e1gu standi og setti \u00feig h\u00f6f\u00f0ingja yfir mitt f\u00f3lk \u00cdsrael,<a name=\"8\"><span class=\"versanumer\">8<\/span><\/a>og hreif k\u00f3ngsr\u00edki\u00f0 af Dav\u00ed\u00f0s h\u00fasi og gaf \u00fe\u00e9r, en \u00fe\u00fa ert ekki sem minn \u00fej\u00f3n Dav\u00ed\u00f0, sem h\u00e9lt m\u00edn bo\u00f0or\u00f0, og a\u00f0hylltist mig af \u00f6llu hjarta, a\u00f0 hann gj\u00f6r\u00f0i \u00fea\u00f0 eitt sem r\u00e9tt v\u00e6ri fyrir m\u00ednum augum,<a name=\"9\"><span class=\"versanumer\">9<\/span><\/a>og af \u00fev\u00ed \u00fe\u00fa hefir haga\u00f0 \u00fe\u00e9r verr en allir \u00feeir sem fyrir \u00feig v\u00f3ru, og hefir gengi\u00f0 afvega og gj\u00f6rt \u00fe\u00e9r a\u00f0ra gu\u00f0i og steypt b\u00edl\u00e6ti, til a\u00f0 egna mig til, og hefir kasta\u00f0 m\u00e9r aftur fyrir \u00feitt bak <span class='VideyAth'>d)<\/span>.<a name=\"10\"><span class=\"versanumer\">10<\/span><\/a>Vegna \u00feessa lei\u00f0i eg \u00f3lukku yfir Jer\u00f3b\u00f3ams h\u00fas, og uppr\u00e6ti fyrir Jer\u00f3b\u00f3am allt karlkyn, \u00fer\u00e6linn og \u00feann frj\u00e1lsa, \u00ed \u00cdsrael, og s\u00f3pa burt Jer\u00f3b\u00f3ams h\u00fasi, eins og menn s\u00f3pa burt hro\u00f0a, alveg.<a name=\"11\"><span class=\"versanumer\">11<\/span><\/a>Hv\u00f6r sem deyr af Jer\u00f3b\u00f3ams \u00e6tt \u00ed borginni, \u00feann skulu hundar uppeta, og hv\u00f6r sem deyr \u00fat \u00e1 v\u00ed\u00f0avangi, skulu himinsins fuglar uppeta <span class='VideyAth'>e)<\/span>; \u00fev\u00ed Drottinn hefir svo tala\u00f0.<a name=\"12\"><span class=\"versanumer\">12<\/span><\/a>Og taktu \u00feig n\u00fa til og far heim. \u00deegar \u00fe\u00ednir f\u00e6tur st\u00edga inn \u00ed borgina mun barn \u00feitt deyja,<a name=\"13\"><span class=\"versanumer\">13<\/span><\/a>og allur \u00cdsrael mun gr\u00e1ta hann og menn munu jar\u00f0a hann, \u00fev\u00ed hann er s\u00e1 eini af Jer\u00f3b\u00f3ams \u00e6tt sem mun f\u00e1 greftrun, \u00fev\u00ed hj\u00e1 honum hefur fundist eitthva\u00f0, \u00ed Jer\u00f3b\u00f3ams h\u00fasi, Drottni \u00cdsraels Gu\u00f0i \u00fe\u00f3knanlegt.<a name=\"14\"><span class=\"versanumer\">14<\/span><\/a>Og Drottinn mun setja s\u00e9r k\u00f3ng yfir \u00cdsrael sem mun afm\u00e1 Jer\u00f3b\u00f3ams h\u00fas \u00e1 sama degi <span class='VideyAth'>f)<\/span>, og hva\u00f0 <span class='VideyAth'>(segi eg?)<\/span> \u00fea\u00f0 n\u00fa \u00feegar!<a name=\"15\"><span class=\"versanumer\">15<\/span><\/a>Og Drottinn mun sl\u00e1 \u00cdsrael <span class='VideyAth'>(svo hann rambi til og fr\u00e1)<\/span> eins og reyr \u00ed vatni, og hann mun sl\u00edta \u00cdsrael burt \u00far \u00feessu g\u00f3\u00f0a landi sem hann gaf \u00feeirra fe\u00f0rum, og mun tv\u00edstra \u00feeim, hinumegin vi\u00f0 \u00e1na, af \u00fev\u00ed \u00feeir gj\u00f6r\u00f0u s\u00e9r offurlunda, og egndu Drottin til.<a name=\"16\"><span class=\"versanumer\">16<\/span><\/a>Og hann mun ofurselja \u00cdsrael sakir synda Jer\u00f3b\u00f3ams, \u00fev\u00ed hann hefir b\u00e6\u00f0i syndga\u00f0 og t\u00e6lt \u00cdsrael til a\u00f0 syndga.<br \/><a name=\"17\"><span class=\"versanumer\">17<\/span><\/a>\u00de\u00e1 st\u00f3\u00f0 upp Jer\u00f3b\u00f3ams kona, f\u00f3r og kom til Tirsa, og sem h\u00fan gekk inn fyrir \u00ferepskj\u00f6ldinn, \u00fe\u00e1 d\u00f3 sveinninn.<a name=\"18\"><span class=\"versanumer\">18<\/span><\/a>Og \u00feeir j\u00f6r\u00f0u\u00f0u hann, og allur \u00cdsrael harma\u00f0i hann, eftir or\u00f0i Drottins, sem hann haf\u00f0i tala\u00f0 fyrir sinn \u00fe\u00e9nara sp\u00e1manninn Ah\u00eda. <br \/><a name=\"19\"><span class=\"versanumer\">19<\/span><\/a>Hva\u00f0 meira er a\u00f0 segja um Jer\u00f3b\u00f3am, hv\u00f6rnig hann str\u00edddi og r\u00edkti, \u00fea\u00f0 er skrifa\u00f0 \u00ed \u00e1rb\u00f3kum \u00cdsraelskonunga <span class='VideyAth'>g)<\/span>.<a name=\"20\"><span class=\"versanumer\">20<\/span><\/a>Og Jer\u00f3b\u00f3am r\u00edkti 22 \u00e1r, og hann sofna\u00f0i hj\u00e1 s\u00ednum fe\u00f0rum, og Nadab, sonur hans, var\u00f0 k\u00f3ngur \u00ed hans sta\u00f0. <br \/><a name=\"21\"><span class=\"versanumer\">21<\/span><\/a>En R\u00f3b\u00f3am Sal\u00f3monsson r\u00edkti yfir J\u00fada; R\u00f3b\u00f3am haf\u00f0i einn um sextugt \u00fe\u00e1 hann var\u00f0 k\u00f3ngur og 17 \u00e1r r\u00edkti hann \u00ed Jer\u00fasalem, \u00feeim sta\u00f0 sem Drottinn haf\u00f0i \u00fatvali\u00f0, af \u00f6llum \u00cdsraels \u00e6ttkv\u00edslum, til a\u00f0 setja \u00fear sitt nafn, en m\u00f3\u00f0ir hans h\u00e9t Naema og var ammon\u00edtisk kona.<a name=\"22\"><span class=\"versanumer\">22<\/span><\/a>Og J\u00fada gj\u00f6r\u00f0i \u00fea\u00f0 sem Drottni illa l\u00edka\u00f0i, og \u00feeir egndu hann enn meir til rei\u00f0i, en allar \u00fe\u00e6r syndir sem forfe\u00f0ur \u00feeirra h\u00f6f\u00f0u dr\u00fdgt.<a name=\"23\"><span class=\"versanumer\">23<\/span><\/a>\u00deeir bygg\u00f0u s\u00e9r og h\u00e6\u00f0ir, st\u00f3lpa og lunda, \u00e1 \u00f6llum h\u00e1um h\u00f3lum, og undir hv\u00f6rju gr\u00e6nu tr\u00e9 <span class='VideyAth'>a)<\/span>.<a name=\"24\"><span class=\"versanumer\">24<\/span><\/a>Afgu\u00f0ad\u00fdrkendur v\u00f3ru og \u00ed landinu; \u00feeir a\u00f0h\u00f6f\u00f0ust alla \u00fe\u00e1 s\u00f6mu vi\u00f0urstygg\u00f0, sem \u00fe\u00e6r \u00fej\u00f3\u00f0ir er Drottinn haf\u00f0i \u00fatreki\u00f0 fr\u00e1 \u00cdsraelssonum.<br \/><a name=\"25\"><span class=\"versanumer\">25<\/span><\/a>\u00c1 25ta \u00e1ri r\u00edkisstj\u00f3rnar R\u00f3b\u00f3ams, f\u00f3r S\u00edsak <span class='VideyAth'>b)<\/span> Egyptalandsk\u00f3ngur herf\u00f6r m\u00f3ti Jer\u00fasalem,<a name=\"26\"><span class=\"versanumer\">26<\/span><\/a>og hann t\u00f3k fj\u00e1rsj\u00f3\u00f0una \u00far Drottins h\u00fasi og \u00far k\u00f3ngsins h\u00fasi, allt t\u00f3k hann, og hann t\u00f3k alla \u00fe\u00e1 gullskildi <span class='VideyAth'>c)<\/span> sem Sal\u00f3mon haf\u00f0i l\u00e1ti\u00f0 gj\u00f6ra.<a name=\"27\"><span class=\"versanumer\">27<\/span><\/a>Og R\u00f3b\u00f3am k\u00f3ngur gj\u00f6r\u00f0i \u00ed \u00feeirra sta\u00f0 eirskildi, og f\u00e9kk \u00fe\u00e1 til geymslu h\u00f6fu\u00f0sm\u00f6nnum hir\u00f0arinnar, sem geyma dyra \u00e1 k\u00f3ngsins h\u00fasi.<a name=\"28\"><span class=\"versanumer\">28<\/span><\/a>Og \u00ed hv\u00f6rt sinn sem konungur kom \u00ed Drottins h\u00fas, b\u00e1ru hir\u00f0mennirnir \u00fe\u00e1, og f\u00f3ru me\u00f0 \u00fe\u00e1 aftur \u00ed hir\u00f0mannaherbergi\u00f0. <br \/><a name=\"29\"><span class=\"versanumer\">29<\/span><\/a>En hva\u00f0 meir er um R\u00f3b\u00f3am a\u00f0 segja, og allt hva\u00f0 hann gj\u00f6r\u00f0i, \u00fea\u00f0 stendur skrifa\u00f0 \u00ed \u00e1rb\u00f3kum <span class='VideyAth'>d)<\/span> J\u00fadak\u00f3nga.<a name=\"30\"><span class=\"versanumer\">30<\/span><\/a>Og \u00f3fri\u00f0ur var alltaf milli R\u00f3b\u00f3ams og Jer\u00f3b\u00f3ams.<a name=\"31\"><span class=\"versanumer\">31<\/span><\/a>Og R\u00f3b\u00f3am sofna\u00f0i me\u00f0 s\u00ednum fe\u00f0rum og var jar\u00f0a\u00f0ur hj\u00e1 s\u00ednum fe\u00f0rum \u00ed Dav\u00ed\u00f0s borg; en m\u00f3\u00f0ir hans h\u00e9t Naema, ammon\u00edtisk kona. Og Ab\u00edam, sonur hans, var\u00f0 k\u00f3ngur \u00ed hans sta\u00f0.<\/p>\n<div class=\"footnoteVidey\">V. 2. a. Kap. 11,30.31.  V. 4. b. Gen. 27,1. 48,10. 1 Sam. 4,15.  V. 6. c. 2 K\u00f3ng. 6,32.  V. 9. d. Jer. 2,27. 32,33. Ez. 23,35.  V. 11. e. Kap. 16,4.  V. 13. Sbr. v. 18.  V. 14. f. \u00c1 sama degi (sem hann ver\u00f0ur k\u00f3ngur), kap. 15,29.  V. 18. Sbr. v. 13.  V. 19. g. 1 K\u00f3ng. 15,31. 16,5.14.20.27. 22,39.  V. 21. 2 Kron. 12,13.  V. 23. a. 2 K\u00f3ng. 16,4. 17,16.  V. 24. Devt. 18,9. 2 K\u00f3ng. 21,2.11. 2 Kron. 28,3.  V. 25. b. Kap. 11,40. c. Kap. 10,16.  V. 29. d. 2 K\u00f3ng. 14,18.<\/div>\n","protected":false},"excerpt":{"rendered":"<p>Sp\u00e1d\u00f3mur m\u00f3ti Jer\u00f3b\u00f3am. Hans andl\u00e1t. 1Um sama leyti var\u00f0 Ab\u00eda sonur Jer\u00f3b\u00f3ams sj\u00fakur.2\u00de\u00e1 sag\u00f0i Jer\u00f3b\u00f3am vi\u00f0 konu s\u00edna: heyr\u00f0u! taktu \u00feig n\u00fa til, og far \u00fe\u00fa \u00ed dularb\u00faning svo engum komi \u00ed hug a\u00f0 \u00fe\u00fa s\u00e9rt kona Jer\u00f3b\u00f3ams, og far til S\u00edl\u00f3; sj\u00e1! \u00fear er sp\u00e1ma\u00f0urinn Ah\u00eda a) sem h\u00e9t m\u00e9r \u00fev\u00ed, a\u00f0 eg skyldi ver\u00f0a k\u00f3ngur yfir \u00feessu f\u00f3lki;3og taktu me\u00f0 \u00fe\u00e9r 10 brau\u00f0 og k\u00f6kur og kr\u00fas me\u00f0 hunangi, og \u00fe\u00fa skalt ganga til hans, og hann mun segja \u00fe\u00e9r hv\u00f6rnig drengnum muni afrei\u00f0a.4Jer\u00f3b\u00f3ams kona gj\u00f6r\u00f0i svo, h\u00fan t\u00f3k sig til og f\u00f3r til S\u00edl\u00f3, og kom \u00ed <a href=\"https:\/\/biblian.is\/videy\/fyrri-konungabok-14-kafli\/\"> [&#8230;]<\/a><\/p>\n","protected":false},"author":1,"featured_media":0,"parent":0,"menu_order":0,"comment_status":"open","ping_status":"open","template":"bibliukaflar.php","meta":{"footnotes":""},"class_list":["post-21154","page","type-page","status-publish","hentry"],"_links":{"self":[{"href":"https:\/\/biblian.is\/videy\/wp-json\/wp\/v2\/pages\/21154","targetHints":{"allow":["GET"]}}],"collection":[{"href":"https:\/\/biblian.is\/videy\/wp-json\/wp\/v2\/pages"}],"about":[{"href":"https:\/\/biblian.is\/videy\/wp-json\/wp\/v2\/types\/page"}],"author":[{"embeddable":true,"href":"https:\/\/biblian.is\/videy\/wp-json\/wp\/v2\/users\/1"}],"replies":[{"embeddable":true,"href":"https:\/\/biblian.is\/videy\/wp-json\/wp\/v2\/comments?post=21154"}],"version-history":[{"count":0,"href":"https:\/\/biblian.is\/videy\/wp-json\/wp\/v2\/pages\/21154\/revisions"}],"wp:attachment":[{"href":"https:\/\/biblian.is\/videy\/wp-json\/wp\/v2\/media?parent=21154"}],"curies":[{"name":"wp","href":"https:\/\/api.w.org\/{rel}","templated":true}]}}