{"id":21153,"date":"2018-01-02T01:00:36","date_gmt":"2018-01-02T01:00:36","guid":{"rendered":"http:\/\/biblian.is\/videy\/fyrri-konungabok-13-kafli\/"},"modified":"2018-01-02T01:00:36","modified_gmt":"2018-01-02T01:00:36","slug":"fyrri-konungabok-13-kafli","status":"publish","type":"page","link":"https:\/\/biblian.is\/videy\/fyrri-konungabok-13-kafli\/","title":{"rendered":"Fyrri konungab\u00f3k 13. kafli"},"content":{"rendered":"<div class=\"fyrirsognVidey\">Sp\u00e1ma\u00f0urinn \u00ed Betel.<\/div>\n<p><a name=\"1\"><span class=\"versanumer\">1<\/span><\/a>Og sj\u00e1! gu\u00f0sma\u00f0ur nokkur kom fr\u00e1 J\u00fada eftir or\u00f0i Drottins til Betel, me\u00f0an Jer\u00f3b\u00f3am st\u00f3\u00f0 vi\u00f0 altari\u00f0 til a\u00f0 brenna reykelsi.<a name=\"2\"><span class=\"versanumer\">2<\/span><\/a>Og hann hr\u00f3pa\u00f0i m\u00f3t altarinu eftir or\u00f0i Drottins, og m\u00e6lti: altari! altari! svo segir Drottinn: sj\u00e1! sonur mun f\u00e6\u00f0ast h\u00fasi Dav\u00ed\u00f0s, J\u00f3s\u00eda er hans nafn, hann mun \u00e1 \u00fe\u00e9r f\u00f3rnf\u00e6ra h\u00e6\u00f0anna prestum, sem \u00e1 \u00fe\u00e9r tendra reykelsi, og mannabeinum mun \u00e1 \u00fe\u00e9r brennt ver\u00f0a.<a name=\"3\"><span class=\"versanumer\">3<\/span><\/a>Og hann gaf teikn \u00e1 sama degi, og m\u00e6lti: \u00fea\u00f0 er merki\u00f0 a\u00f0 Drottinn hafi tala\u00f0: sj\u00e1, altari\u00f0 mun rifna, og askan \u00e1 \u00fev\u00ed ni\u00f0ur hristast.<a name=\"4\"><span class=\"versanumer\">4<\/span><\/a>En sem k\u00f3ngur heyr\u00f0i or\u00f0 gu\u00f0smannsins, er hann tala\u00f0i me\u00f0 h\u00e1um r\u00f3m gegn altarinu \u00ed Betel, r\u00e9tti Jer\u00f3b\u00f3am s\u00edna h\u00f6nd \u00fat fr\u00e1 altarinu og m\u00e6lti: gr\u00edpi\u00f0 hann! en hans h\u00f6nd, sem hann r\u00e9tti \u00fat \u00e1 m\u00f3ti honum, visna\u00f0i, og hann gat ekki teki\u00f0 hana a\u00f0 s\u00e9r aftur.<a name=\"5\"><span class=\"versanumer\">5<\/span><\/a>Og altari\u00f0 klofna\u00f0i og askan hrundi ni\u00f0ur af altarinu, eftir \u00fev\u00ed teikni sem gu\u00f0sma\u00f0urinn haf\u00f0i gefi\u00f0 samkv\u00e6mt or\u00f0i Gu\u00f0s.<a name=\"6\"><span class=\"versanumer\">6<\/span><\/a>\u00de\u00e1 t\u00f3k k\u00f3ngur til or\u00f0a og m\u00e6lti vi\u00f0 \u00feennan gu\u00f0smann: gr\u00e1tb\u00e6n \u00fe\u00fa Drottin \u00feinn Gu\u00f0 og bi\u00f0 fyrir m\u00e9r, a\u00f0 m\u00edn h\u00f6nd ver\u00f0i aftur heil. \u00de\u00e1 gr\u00e1tb\u00e6ndi gu\u00f0sma\u00f0urinn Drottin og k\u00f3ngsins h\u00f6nd var\u00f0 aftur heil, og eins og \u00e1\u00f0ur.<a name=\"7\"><span class=\"versanumer\">7<\/span><\/a>Og k\u00f3ngur sag\u00f0i vi\u00f0 \u00feennan gu\u00f0smann: kom \u00fe\u00fa heim me\u00f0 m\u00e9r og endurn\u00e6r \u00feig, og eg mun gefa \u00fe\u00e9r g\u00e1fu.<a name=\"8\"><span class=\"versanumer\">8<\/span><\/a>En gu\u00f0sma\u00f0urinn sag\u00f0i vi\u00f0 k\u00f3nginn: \u00fe\u00f3 \u00fe\u00fa g\u00e6fir m\u00e9r \u00feitt h\u00e1lfa h\u00fas <span class='VideyAth'>f)<\/span>, svo mundi eg ei \u00feanga\u00f0 ganga me\u00f0 \u00fe\u00e9r, og eg mun ekki eta brau\u00f0, n\u00e9 drekka vatn \u00e1 \u00feessum sta\u00f0.<a name=\"9\"><span class=\"versanumer\">9<\/span><\/a>\u00dev\u00ed svo er m\u00e9r bo\u00f0i\u00f0 af or\u00f0i Drottins sem sag\u00f0i: \u00fe\u00fa skalt ekkert brau\u00f0 eta og ekkert vatn drekka, og \u00fe\u00fa skalt ekki fara sama veg til baka, sem \u00fe\u00fa n\u00fa f\u00f3rst.<a name=\"10\"><span class=\"versanumer\">10<\/span><\/a>Og hann f\u00f3r af sta\u00f0, a\u00f0ra lei\u00f0, og ekki \u00feann sama veg, er hann haf\u00f0i komi\u00f0 til Betel.<br \/><a name=\"11\"><span class=\"versanumer\">11<\/span><\/a>En gamall sp\u00e1ma\u00f0ur bj\u00f3 \u00ed Betel, og sonur hans kom til hans, og sag\u00f0i honum fr\u00e1 \u00f6llu \u00fev\u00ed sem gu\u00f0sma\u00f0urinn haf\u00f0i gj\u00f6rt \u00ed Betel \u00e1 \u00feessum degi; og or\u00f0 \u00feau er hann haf\u00f0i tala\u00f0 vi\u00f0 k\u00f3nginn s\u00f6g\u00f0u \u00feeir <span class='VideyAth'>(synirnir)<\/span> f\u00f6\u00f0ur s\u00ednum.<a name=\"12\"><span class=\"versanumer\">12<\/span><\/a>Fa\u00f0ir \u00feeirra m\u00e6lti vi\u00f0 \u00fe\u00e1: hva\u00f0a veg f\u00f3r hann? synirnir vissu hva\u00f0a veg s\u00e1 gu\u00f0sma\u00f0ur f\u00f3r sem komi\u00f0 haf\u00f0i \u00far J\u00fada<span class='VideyAth'>(landi)<\/span>.<a name=\"13\"><span class=\"versanumer\">13<\/span><\/a>Og hann sag\u00f0i vi\u00f0 syni s\u00edna: s\u00f6\u00f0li\u00f0 minn asna! og \u00feeir s\u00f6\u00f0lu\u00f0u asnann fyrir hann og hann settist \u00e1 bak.<a name=\"14\"><span class=\"versanumer\">14<\/span><\/a>Og hann f\u00f3r eftir \u00feessum gu\u00f0smanni, og fann hann sitjandi undir einni eik og sag\u00f0i til hans: ert \u00fe\u00fa s\u00e1 gu\u00f0sma\u00f0ur sem kom \u00far J\u00fada<span class='VideyAth'>(landi)<\/span>? og hann svara\u00f0i: eg em.<a name=\"15\"><span class=\"versanumer\">15<\/span><\/a>Og hann m\u00e6lti til hans: kom heim me\u00f0 m\u00e9r og et brau\u00f0!<a name=\"16\"><span class=\"versanumer\">16<\/span><\/a>Og hann m\u00e6lti: eg get ekki sn\u00fai\u00f0 til baka me\u00f0 \u00fe\u00e9r og komi\u00f0 me\u00f0 \u00fe\u00e9r, og mun ekkert brau\u00f0 eta og ekkert vatn drekka me\u00f0 \u00fe\u00e9r \u00e1 \u00feessum sta\u00f0.<a name=\"17\"><span class=\"versanumer\">17<\/span><\/a>\u00dev\u00ed til m\u00edn er af Drottins or\u00f0i sagt: \u00fe\u00fa skalt ekkert brau\u00f0 eta, og ekkert vatn drekka \u00fear, og \u00fe\u00fa skalt ekki fara sama veginn til baka sem \u00fe\u00fa komst.<a name=\"18\"><span class=\"versanumer\">18<\/span><\/a>Hinn sag\u00f0i \u00fe\u00e1 vi\u00f0 hann: eg er l\u00edka sp\u00e1ma\u00f0ur sem \u00fe\u00fa, og engill hefur tala\u00f0 vi\u00f0 mig, eftir or\u00f0i Drottins, og sagt: far\u00f0u me\u00f0 hann til baka me\u00f0 \u00fe\u00e9r \u00ed \u00feitt h\u00fas, a\u00f0 hann eti brau\u00f0 og drekki vatn; en hann laug a\u00f0 honum.<a name=\"19\"><span class=\"versanumer\">19<\/span><\/a>\u00de\u00e1 f\u00f3r hann heim me\u00f0 honum og \u00e1t brau\u00f0 \u00ed hans h\u00fasi og drakk vatn.<a name=\"20\"><span class=\"versanumer\">20<\/span><\/a>En er \u00feeir s\u00e1tu til bor\u00f0s, kom Drottins or\u00f0 til sp\u00e1mannsins sem haf\u00f0i sn\u00fai\u00f0 hinum aftur,<a name=\"21\"><span class=\"versanumer\">21<\/span><\/a>og hann kalla\u00f0i til \u00feess gu\u00f0smanns sem kominn var \u00far J\u00fadalandi og sag\u00f0i: svo segir Drottinn: fyrst \u00fe\u00fa \u00feverskalla\u00f0ist vi\u00f0 Drottins skipun, og ekki h\u00e9lst \u00fea\u00f0 bo\u00f0or\u00f0 sem Drottinn \u00feinn Gu\u00f0 gaf \u00fe\u00e9r,<a name=\"22\"><span class=\"versanumer\">22<\/span><\/a>og snerir vi\u00f0, og \u00e1st brau\u00f0 og drakkst vatn \u00e1 \u00feeim sta\u00f0, sem hann tilt\u00f3k og sag\u00f0i: \u00fe\u00fa skalt ekkert brau\u00f0 eta og ekkert vatn drekka \u00fear; \u00fe\u00e1 skal \u00feinn l\u00edkami ekki koma \u00ed \u00feinna fe\u00f0ra gr\u00f6f!<a name=\"23\"><span class=\"versanumer\">23<\/span><\/a>En eftir a\u00f0 hann haf\u00f0i eti\u00f0 og drukki\u00f0, s\u00f6\u00f0la\u00f0i hann sinn asna, handa \u00feeim sp\u00e1manni, er hann haf\u00f0i aftur sn\u00fai\u00f0.<a name=\"24\"><span class=\"versanumer\">24<\/span><\/a>Og hinn f\u00f3r svo af sta\u00f0; en lj\u00f3n <span class='VideyAth'>a)<\/span> var\u00f0 fyrir honum \u00e1 veginum sem drap hann; og hans l\u00edkami l\u00e1 \u00fear \u00e1 g\u00f6tunni og asninn st\u00f3\u00f0 hj\u00e1, og lj\u00f3ni\u00f0 st\u00f3\u00f0 yfir l\u00edkinu;<a name=\"25\"><span class=\"versanumer\">25<\/span><\/a>og sj\u00e1! f\u00f3lk sem f\u00f3r um veginn s\u00e1 l\u00edki\u00f0 liggjandi \u00e1 g\u00f6tunni, og lj\u00f3ni\u00f0 standa hj\u00e1 l\u00edkinu, og \u00feeir komu og s\u00f6g\u00f0u fr\u00e1 \u00feessu \u00ed sta\u00f0num, hvar s\u00e1 gamli sp\u00e1ma\u00f0ur bj\u00f3.<a name=\"26\"><span class=\"versanumer\">26<\/span><\/a>\u00deegar s\u00e1 gamli sp\u00e1ma\u00f0ur, sem haf\u00f0i sn\u00fai\u00f0 hinum aftur, heyr\u00f0i \u00feetta, sag\u00f0i hann: \u00fea\u00f0 er s\u00e1 gu\u00f0sma\u00f0ur sem var \u00f3hl\u00fd\u00f0inn Drottins skipun; \u00fev\u00ed hefir Gu\u00f0 gefi\u00f0 hann lj\u00f3ninu; \u00fea\u00f0 sundur reif hann og drap hann eftir Drottins or\u00f0i, sem hann haf\u00f0i til hans tala\u00f0.<a name=\"27\"><span class=\"versanumer\">27<\/span><\/a>Og hann tala\u00f0i til sona sinna og m\u00e6lti: s\u00f6\u00f0li\u00f0 m\u00e9r asna; og \u00feeir s\u00f6\u00f0lu\u00f0u hann.<a name=\"28\"><span class=\"versanumer\">28<\/span><\/a>Svo lag\u00f0i hann af sta\u00f0 og fann hans l\u00edk liggjandi \u00e1 veginum og asninn og lj\u00f3ni\u00f0 st\u00f3\u00f0u hj\u00e1 l\u00edkinu. Lj\u00f3ni\u00f0 haf\u00f0i ekki eti\u00f0 l\u00edkamann og ekki rifi\u00f0 \u00ed sundur asnann.<a name=\"29\"><span class=\"versanumer\">29<\/span><\/a>\u00de\u00e1 t\u00f3k sp\u00e1ma\u00f0urinn upp l\u00edk \u00feessa gu\u00f0smanns, og lag\u00f0i \u00fea\u00f0 \u00e1 asnann og flutti \u00fea\u00f0 til baka. Og s\u00e1 gamli sp\u00e1ma\u00f0ur kom til sta\u00f0arins til a\u00f0 gr\u00e1ta hann og jar\u00f0a.<a name=\"30\"><span class=\"versanumer\">30<\/span><\/a>Og hann lag\u00f0i hann \u00ed s\u00edna gr\u00f6f og harma\u00f0i hann: <span class='VideyAth'>(segjandi)<\/span> \u00e6! minn br\u00f3\u00f0ir! <br \/><a name=\"31\"><span class=\"versanumer\">31<\/span><\/a>En sem hann haf\u00f0i jar\u00f0a\u00f0 hann, sag\u00f0i hann vi\u00f0 syni s\u00edna: \u00feegar eg dey \u00fe\u00e1 leggi\u00f0 mig \u00ed \u00feessa gr\u00f6f, \u00ed hv\u00f6rri gu\u00f0sma\u00f0urinn er jar\u00f0a\u00f0ur; leggi\u00f0 m\u00edn bein hj\u00e1 hans beinum!<a name=\"32\"><span class=\"versanumer\">32<\/span><\/a>\u00dev\u00ed \u00fea\u00f0 or\u00f0 sem hann hr\u00f3pa\u00f0i, eftir Drottins or\u00f0i m\u00f3ti altarinu \u00ed Betel og m\u00f3t h\u00fasunum \u00e1 h\u00e6\u00f0unum, sem eru \u00ed Samar\u00edu st\u00f6\u00f0um, mun vissulega framkoma.<br \/><a name=\"33\"><span class=\"versanumer\">33<\/span><\/a>Ekki sneri Jer\u00f3b\u00f3am s\u00e9r eftir \u00feenna atbur\u00f0 fr\u00e1 s\u00ednum vonda vegi; heldur setti aftur presta af \u00f3v\u00f6ldu f\u00f3lki <span class='VideyAth'>b)<\/span> \u00e1 h\u00e6\u00f0irnar; hv\u00f6rja sem honum s\u00fdndist kaus hann til, og \u00feeir ur\u00f0u prestar \u00e1 h\u00e6\u00f0unum.<a name=\"34\"><span class=\"versanumer\">34<\/span><\/a>Og hann var\u00f0 me\u00f0 \u00feessu, ors\u00f6k til Jer\u00f3b\u00f3ams h\u00fass syndar, og til \u00feess a\u00f0 \u00fea\u00f0 uppr\u00e6ttist af j\u00f6r\u00f0inni.<\/p>\n<div class=\"footnoteVidey\">V. 2. Sbr. 2 K\u00f3ng. 23,16.  V. 6. e. Ex. 8,8. N\u00fam. 21,7.  V. 8. f. Sbr. N\u00fam. 22,18.  V. 24. a. Kap. 20,36.  V. 32. Sbr. 2 K\u00f3ng. 23,17.18. 1 K\u00f3ng. 16,24.  V. 33. b. Sbr. Kap. 12,31.  V. 34. Kap. 12,30. 14,16. 2 K\u00f3ng. 10,29.<\/div>\n","protected":false},"excerpt":{"rendered":"<p>Sp\u00e1ma\u00f0urinn \u00ed Betel. 1Og sj\u00e1! gu\u00f0sma\u00f0ur nokkur kom fr\u00e1 J\u00fada eftir or\u00f0i Drottins til Betel, me\u00f0an Jer\u00f3b\u00f3am st\u00f3\u00f0 vi\u00f0 altari\u00f0 til a\u00f0 brenna reykelsi.2Og hann hr\u00f3pa\u00f0i m\u00f3t altarinu eftir or\u00f0i Drottins, og m\u00e6lti: altari! altari! svo segir Drottinn: sj\u00e1! sonur mun f\u00e6\u00f0ast h\u00fasi Dav\u00ed\u00f0s, J\u00f3s\u00eda er hans nafn, hann mun \u00e1 \u00fe\u00e9r f\u00f3rnf\u00e6ra h\u00e6\u00f0anna prestum, sem \u00e1 \u00fe\u00e9r tendra reykelsi, og mannabeinum mun \u00e1 \u00fe\u00e9r brennt ver\u00f0a.3Og hann gaf teikn \u00e1 sama degi, og m\u00e6lti: \u00fea\u00f0 er merki\u00f0 a\u00f0 Drottinn hafi tala\u00f0: sj\u00e1, altari\u00f0 mun rifna, og askan \u00e1 \u00fev\u00ed ni\u00f0ur hristast.4En sem k\u00f3ngur heyr\u00f0i or\u00f0 gu\u00f0smannsins, er hann tala\u00f0i <a href=\"https:\/\/biblian.is\/videy\/fyrri-konungabok-13-kafli\/\"> [&#8230;]<\/a><\/p>\n","protected":false},"author":1,"featured_media":0,"parent":0,"menu_order":0,"comment_status":"open","ping_status":"open","template":"bibliukaflar.php","meta":{"footnotes":""},"class_list":["post-21153","page","type-page","status-publish","hentry"],"_links":{"self":[{"href":"https:\/\/biblian.is\/videy\/wp-json\/wp\/v2\/pages\/21153","targetHints":{"allow":["GET"]}}],"collection":[{"href":"https:\/\/biblian.is\/videy\/wp-json\/wp\/v2\/pages"}],"about":[{"href":"https:\/\/biblian.is\/videy\/wp-json\/wp\/v2\/types\/page"}],"author":[{"embeddable":true,"href":"https:\/\/biblian.is\/videy\/wp-json\/wp\/v2\/users\/1"}],"replies":[{"embeddable":true,"href":"https:\/\/biblian.is\/videy\/wp-json\/wp\/v2\/comments?post=21153"}],"version-history":[{"count":0,"href":"https:\/\/biblian.is\/videy\/wp-json\/wp\/v2\/pages\/21153\/revisions"}],"wp:attachment":[{"href":"https:\/\/biblian.is\/videy\/wp-json\/wp\/v2\/media?parent=21153"}],"curies":[{"name":"wp","href":"https:\/\/api.w.org\/{rel}","templated":true}]}}