{"id":21152,"date":"2018-01-02T01:00:36","date_gmt":"2018-01-02T01:00:36","guid":{"rendered":"http:\/\/biblian.is\/videy\/fyrri-konungabok-12-kafli\/"},"modified":"2018-01-02T01:00:36","modified_gmt":"2018-01-02T01:00:36","slug":"fyrri-konungabok-12-kafli","status":"publish","type":"page","link":"https:\/\/biblian.is\/videy\/fyrri-konungabok-12-kafli\/","title":{"rendered":"Fyrri konungab\u00f3k 12. kafli"},"content":{"rendered":"<div class=\"fyrirsognVidey\">R\u00edki\u00f0 skiptist.<\/div>\n<p><a name=\"1\"><span class=\"versanumer\">1<\/span><\/a>Og R\u00f3b\u00f3am f\u00f3r til Sikem, \u00fev\u00ed til Sikem kom allur \u00cdsrael a\u00f0 gj\u00f6ra hann a\u00f0 k\u00f3ngi.<a name=\"2\"><span class=\"versanumer\">2<\/span><\/a>Og \u00fea\u00f0 ske\u00f0i, \u00fe\u00e1 Jer\u00f3b\u00f3am sonur Nebats heyr\u00f0i \u00fea\u00f0, <span class='VideyAth'>(en hann var enn \u00fe\u00e1 \u00ed Egyptalandi, fl\u00fainn \u00feanga\u00f0 fyrir f)<\/span> Sal\u00f3moni konungi, og Jer\u00f3b\u00f3am bj\u00f3 \u00ed Egyptalandi,<a name=\"3\"><span class=\"versanumer\">3<\/span><\/a>og \u00feeir sendu eftir honum og k\u00f6llu\u00f0u hann a\u00f0 \u00fe\u00e1 kom Jer\u00f3b\u00f3am, og allur \u00cdsraels s\u00f6fnu\u00f0ur; og \u00feeir t\u00f6lu\u00f0u vi\u00f0 R\u00f3b\u00f3am og m\u00e6ltu:<a name=\"4\"><span class=\"versanumer\">4<\/span><\/a>Fa\u00f0ir \u00feinn hefir gj\u00f6rt ok vort \u00feungt, en gj\u00f6r \u00fe\u00fa n\u00fa l\u00e9ttari \u00fe\u00e1 h\u00f6r\u00f0u vinnu og \u00fea\u00f0 \u00feunga ok sem hann \u00e1 oss lag\u00f0i; svo viljum v\u00e9r \u00fej\u00f3na \u00fe\u00e9r.<a name=\"5\"><span class=\"versanumer\">5<\/span><\/a>Hann sag\u00f0i vi\u00f0 \u00fe\u00e1: fari\u00f0 n\u00fa \u00ed burtu \u00ed \u00ferj\u00e1 daga, og komi\u00f0 svo aftur til m\u00edn. Og f\u00f3lki\u00f0 f\u00f3r burt. <br \/><a name=\"6\"><span class=\"versanumer\">6<\/span><\/a>\u00de\u00e1 r\u00e1\u00f0f\u00e6r\u00f0i konungur R\u00f3b\u00f3am sig vi\u00f0 \u00fe\u00e1 g\u00f6mlu, sem sta\u00f0i\u00f0 h\u00f6f\u00f0u frammi fyrir f\u00f6\u00f0ur hans Sal\u00f3mon, me\u00f0an hann var \u00e1 l\u00edfi, og m\u00e6lti: hva\u00f0a svar r\u00e1\u00f0leggi\u00f0 \u00fe\u00e9r a\u00f0 eg gefi \u00feessu f\u00f3lki?<a name=\"7\"><span class=\"versanumer\">7<\/span><\/a>\u00deeir sv\u00f6ru\u00f0u honum og m\u00e6ltu: ef \u00fe\u00fa \u00ed dag ver\u00f0ur \u00fe\u00e9nustusamur \u00feessu f\u00f3lki <span class='VideyAth'>a)<\/span>, og eftirl\u00e1tur, og hl\u00fd\u00f0ir \u00feeim og talar vinsamlega vi\u00f0 \u00fe\u00e1, svo munu \u00feeir \u00fej\u00f3na \u00fe\u00e9r \u00e6vinlega.<a name=\"8\"><span class=\"versanumer\">8<\/span><\/a>En hann sleppti r\u00e1\u00f0um \u00feeirra g\u00f6mlu sem \u00feeir r\u00e9\u00f0u honum, og r\u00e1\u00f0f\u00e6r\u00f0i sig vi\u00f0 \u00fe\u00e1 ungu menn, sem h\u00f6f\u00f0u uppalist me\u00f0 honum, og st\u00f3\u00f0u frammi fyrir honum.<a name=\"9\"><span class=\"versanumer\">9<\/span><\/a>Og hann m\u00e6lti til \u00feeirra: hva\u00f0a svar r\u00e1\u00f0i\u00f0 \u00fe\u00e9r m\u00e9r a\u00f0 gefa \u00feessu f\u00f3lki, sem vi\u00f0 mig hefir tala\u00f0 og sagt: gj\u00f6r \u00fe\u00fa l\u00e9ttara \u00fea\u00f0 ok sem fa\u00f0ir \u00feinn lag\u00f0i \u00e1 oss?<a name=\"10\"><span class=\"versanumer\">10<\/span><\/a>Og \u00feeir ungu menn t\u00f6lu\u00f0u vi\u00f0 hann, \u00feeir sem me\u00f0 honum h\u00f6f\u00f0u uppalist og s\u00f6g\u00f0u: svona ver\u00f0ur \u00fe\u00fa a\u00f0 tala vi\u00f0 \u00feetta f\u00f3lk, sem vi\u00f0 \u00feig hefir tala\u00f0 og sagt: \u00feinn fa\u00f0ir hefur gj\u00f6rt vort ok of \u00feungt, gj\u00f6r \u00fe\u00fa oss \u00fea\u00f0 l\u00e9ttara; svona skalt \u00fe\u00fa vi\u00f0 \u00fea\u00f0 segja: minn litli fingur er \u00feykkari en lendar f\u00f6\u00f0ur m\u00edns;<a name=\"11\"><span class=\"versanumer\">11<\/span><\/a>n\u00fa, fa\u00f0ir minn hefir lagt \u00e1 y\u00f0ur \u00feungt ok, en eg vil enn n\u00fa b\u00e6ta \u00e1 y\u00f0ar ok, fa\u00f0ir minn refsa\u00f0i y\u00f0ur me\u00f0 svipum, en eg mun refsa y\u00f0ur me\u00f0 skorp\u00ed\u00f3num.<br \/><a name=\"12\"><span class=\"versanumer\">12<\/span><\/a>Og er Jer\u00f3b\u00f3am og allt f\u00f3lki\u00f0 kom til hans \u00e1 \u00feri\u00f0ja degi, eins og k\u00f3ngur haf\u00f0i tala\u00f0 \u00fe\u00e1 hann m\u00e6lti: komi\u00f0 til m\u00edn aftur \u00e1 \u00feri\u00f0ja degi,<a name=\"13\"><span class=\"versanumer\">13<\/span><\/a>svo svara\u00f0i k\u00f3ngur f\u00f3lkinu har\u00f0lega og sleppti \u00feeirri r\u00e1\u00f0legging sem \u00f6ldungarnir h\u00f6f\u00f0u gefi\u00f0 honum,<a name=\"14\"><span class=\"versanumer\">14<\/span><\/a>og tala\u00f0i vi\u00f0 \u00fe\u00e1 eftir r\u00e1\u00f0um ungu mannanna og m\u00e6lti: fa\u00f0ir minn hefir gj\u00f6rt y\u00f0ar ok \u00feungt, en eg vil enn n\u00fa b\u00e6ta \u00e1 y\u00f0ar ok, fa\u00f0ir minn hefir refsa\u00f0 y\u00f0ur me\u00f0 svipum, en eg mun refsa y\u00f0ur me\u00f0 skorp\u00ed\u00f3num.<a name=\"15\"><span class=\"versanumer\">15<\/span><\/a>Og k\u00f3ngur gegndi ekki f\u00f3lkinu, \u00fev\u00ed svo var tilhaga\u00f0 af Drottni, a\u00f0 \u00fea\u00f0 or\u00f0 r\u00e6ttist sem Drottinn haf\u00f0i tala\u00f0, fyrir munn Ahia Silon\u00edta, vi\u00f0 Jer\u00f3b\u00f3am son Nebats <span class='VideyAth'>b)<\/span>;<a name=\"16\"><span class=\"versanumer\">16<\/span><\/a>og sem allur \u00cdsrael s\u00e1, a\u00f0 k\u00f3ngur vildi ekki gegna \u00feeim, svo gaf f\u00f3lki\u00f0 konungi svar og m\u00e6lti: Hva\u00f0 er oss vant vi\u00f0 Dav\u00ed\u00f0? v\u00e9r eigum enga hlutdeild \u00ed syni \u00cdsa\u00ed <span class='VideyAth'>c)<\/span>! heim! heim \u00cdsrael! sj\u00e1 n\u00fa \u00feitt h\u00fas, Dav\u00ed\u00f0! og svo f\u00f3r \u00cdsrael heim til s\u00edn.<a name=\"17\"><span class=\"versanumer\">17<\/span><\/a>En R\u00f3b\u00f3am var\u00f0 konungur yfir \u00feeim \u00cdsraelsm\u00f6nnum sem bjuggu \u00ed J\u00fada st\u00f6\u00f0um.<a name=\"18\"><span class=\"versanumer\">18<\/span><\/a>\u00de\u00e1 sendi R\u00f3b\u00f3am Ad\u00f3ram rentumeistara <span class='VideyAth'>d)<\/span>, en allur \u00cdsrael gr\u00fdtti hann steinum svo hann d\u00f3. En R\u00f3b\u00f3am k\u00f3ngur fl\u00fdtti s\u00e9r \u00ed vagn og fl\u00fa\u00f0i til Jer\u00fasalem.<a name=\"19\"><span class=\"versanumer\">19<\/span><\/a>\u00deannig gekk \u00cdsrael undan h\u00fasi Dav\u00ed\u00f0s, allt til \u00feessa dags.<br \/><a name=\"20\"><span class=\"versanumer\">20<\/span><\/a>Og \u00fea\u00f0 ske\u00f0i, \u00fe\u00e1 allur \u00cdsrael heyr\u00f0i a\u00f0 Jer\u00f3b\u00f3am v\u00e6ri aftur kominn, a\u00f0 \u00fe\u00e1 sendu \u00feeir eftir honum, og k\u00f6llu\u00f0u hann til safna\u00f0arins, og t\u00f3ku hann til konungs yfir allan \u00cdsrael; enginn h\u00e9lt me\u00f0 Dav\u00ed\u00f0s h\u00fasi nema J\u00fada \u00e6ttkv\u00edsl ein.<a name=\"21\"><span class=\"versanumer\">21<\/span><\/a>Og er R\u00f3b\u00f3am kom til Jer\u00fasalem, samansafna\u00f0i hann \u00f6llu J\u00fada h\u00fasi og Benjam\u00edns \u00e6ttkv\u00edsl hundra\u00f0 og 80 \u00fe\u00fasundum, af \u00fatv\u00f6ldum str\u00ed\u00f0sm\u00f6nnum, til \u00feess a\u00f0 fara \u00ed str\u00ed\u00f0 vi\u00f0 \u00cdsraels h\u00fas, og til a\u00f0 koma k\u00f3ngsr\u00edkinu aftur undir R\u00f3b\u00f3am Sal\u00f3monsson.<a name=\"22\"><span class=\"versanumer\">22<\/span><\/a>\u00de\u00e1 kom or\u00f0 Drottins til Semaja gu\u00f0smanns og sag\u00f0i:<a name=\"23\"><span class=\"versanumer\">23<\/span><\/a>tala \u00fe\u00fa vi\u00f0 R\u00f3b\u00f3am, Sal\u00f3monsson, J\u00fadakonung, og vi\u00f0 allt J\u00fada h\u00fas og Benjam\u00edn og vi\u00f0 allt hitt f\u00f3lki\u00f0 og seg:<a name=\"24\"><span class=\"versanumer\">24<\/span><\/a>svo segir Drottinn: fari\u00f0 ekki, og str\u00ed\u00f0i\u00f0 ekki vi\u00f0 y\u00f0ar br\u00e6\u00f0ur, \u00cdsraelssyni, fari hv\u00f6r og einn heim til s\u00edn; \u00fev\u00ed a\u00f0 minni tilhlutan er \u00feetta ske\u00f0 <span class='VideyAth'>e)<\/span>. Og \u00feeir hl\u00fdddu Drottins or\u00f0i, og hvurfu aftur, eftir or\u00f0i Drottins.<a name=\"25\"><span class=\"versanumer\">25<\/span><\/a>. Og Jer\u00f3b\u00f3am bygg\u00f0i Sikem \u00e1 Efra\u00edmsfjalli og bj\u00f3 \u00fear, \u00fea\u00f0an f\u00f3r hann og bygg\u00f0i Pn\u00fael <span class='VideyAth'>f)<\/span>.<a name=\"26\"><span class=\"versanumer\">26<\/span><\/a>Og Jer\u00f3b\u00f3am sag\u00f0i \u00ed s\u00ednu hjarta: n\u00fa mun k\u00f3ngsr\u00edki\u00f0 aftur hverfa til Dav\u00ed\u00f0s h\u00fass;<a name=\"27\"><span class=\"versanumer\">27<\/span><\/a>ef \u00feetta f\u00f3lk fer a\u00f0 f\u00f3rnf\u00e6ra \u00ed Drottins h\u00fasi \u00ed Jer\u00fasalem, svo mun hjarta \u00feessa f\u00f3lks hverfa aftur til s\u00edns herra, til R\u00f3b\u00f3ams, J\u00fadakonungs, og \u00feeir munu myr\u00f0a mig, og ganga aftur undir R\u00f3b\u00f3am J\u00fadak\u00f3ng.<a name=\"28\"><span class=\"versanumer\">28<\/span><\/a>\u00dev\u00ed leita\u00f0i k\u00f3ngur r\u00e1\u00f0s, og gj\u00f6r\u00f0i tvo gullk\u00e1lfa, og sag\u00f0i vi\u00f0 \u00fe\u00e1: n\u00f3gu lengi hafi\u00f0 \u00fe\u00e9r fari\u00f0 til Jer\u00fasalem! sj\u00e1, \u00cdsrael! \u00fear er \u00feinn Gu\u00f0, s\u00e1 sem leiddi \u00feig burt \u00far Egyptalandi <span class='VideyAth'>a)<\/span>.<a name=\"29\"><span class=\"versanumer\">29<\/span><\/a>Og hann setti annan \u00ed Betel en hinn \u00ed Dan <span class='VideyAth'>b)<\/span>.<a name=\"30\"><span class=\"versanumer\">30<\/span><\/a>Og \u00feetta var\u00f0 a\u00f0 synd <span class='VideyAth'>c)<\/span>, og f\u00f3lki\u00f0 gekk fyrir \u00feann eina allt til Dan.<a name=\"31\"><span class=\"versanumer\">31<\/span><\/a>Og hann bygg\u00f0i h\u00fas \u00e1 h\u00e6\u00f0unum, og t\u00f3k presta <span class='VideyAth'>d)<\/span> af \u00f3v\u00f6ldu f\u00f3lki sem ekki var af Lev\u00ed \u00e6tt.<a name=\"32\"><span class=\"versanumer\">32<\/span><\/a>Og Jer\u00f3b\u00f3am setti h\u00e1t\u00ed\u00f0 \u00ed \u00feeim \u00e1ttunda m\u00e1nu\u00f0i, 15da daginn, eins og h\u00e1t\u00ed\u00f0ina sem var haldin \u00ed J\u00fada, og f\u00f3rnf\u00e6r\u00f0i \u00e1 altarinu. Eins gj\u00f6r\u00f0i hann \u00ed Betel, a\u00f0 hann f\u00e6r\u00f0i f\u00f3rnir \u00feeim k\u00e1lfi, sem hann haf\u00f0i gj\u00f6rt, og setti presta \u00ed Betel \u00e1 \u00fe\u00e6r h\u00e6\u00f0ir sem hann haf\u00f0i gj\u00f6rt.<a name=\"33\"><span class=\"versanumer\">33<\/span><\/a>Og offra\u00f0i \u00e1 altarinu sem hann haf\u00f0i gj\u00f6rt \u00ed Betel, \u00e1 15da degi \u00feess \u00e1ttunda m\u00e1na\u00f0ar, \u00ed \u00feeim m\u00e1nu\u00f0i sem hann haf\u00f0i upphugsa\u00f0 \u00ed s\u00ednu hjarta, og h\u00e9lt svo h\u00e1t\u00ed\u00f0 \u00cdsraelssonum, og f\u00f3rnf\u00e6r\u00f0i \u00e1 altarinu og brenndi reykelsi.<\/p>\n<div class=\"footnoteVidey\">V. 1. 2 Kron. 10,1.  V. 2. f. Kap. 11,40.  V. 7. a. 2 Kron. 10,7.  V. 15. b. Kap. 11,30.31.  V. 16. c. 2 Sam. 20,1.  V. 18. d. 2 Sam. 20,4.  V. 19. 1 K\u00f3ng. 11,13.31.  V. 22. 2 Kron. 11,2.  V. 24. e. Sbr. v. 15. Kap. 11,31.  V. 25. f. D\u00f3m. 8,17.  V. 28. a. Ex. 32,4.8. V. 29. b. D\u00f3m. 18,30.  V. 30. c. Kap. 14,16. 2 K\u00f3ng. 10,29. 17,21.  V. 31. d. 2 Kron. 11,15. 13,9.<\/div>\n","protected":false},"excerpt":{"rendered":"<p>R\u00edki\u00f0 skiptist. 1Og R\u00f3b\u00f3am f\u00f3r til Sikem, \u00fev\u00ed til Sikem kom allur \u00cdsrael a\u00f0 gj\u00f6ra hann a\u00f0 k\u00f3ngi.2Og \u00fea\u00f0 ske\u00f0i, \u00fe\u00e1 Jer\u00f3b\u00f3am sonur Nebats heyr\u00f0i \u00fea\u00f0, (en hann var enn \u00fe\u00e1 \u00ed Egyptalandi, fl\u00fainn \u00feanga\u00f0 fyrir f) Sal\u00f3moni konungi, og Jer\u00f3b\u00f3am bj\u00f3 \u00ed Egyptalandi,3og \u00feeir sendu eftir honum og k\u00f6llu\u00f0u hann a\u00f0 \u00fe\u00e1 kom Jer\u00f3b\u00f3am, og allur \u00cdsraels s\u00f6fnu\u00f0ur; og \u00feeir t\u00f6lu\u00f0u vi\u00f0 R\u00f3b\u00f3am og m\u00e6ltu:4Fa\u00f0ir \u00feinn hefir gj\u00f6rt ok vort \u00feungt, en gj\u00f6r \u00fe\u00fa n\u00fa l\u00e9ttari \u00fe\u00e1 h\u00f6r\u00f0u vinnu og \u00fea\u00f0 \u00feunga ok sem hann \u00e1 oss lag\u00f0i; svo viljum v\u00e9r \u00fej\u00f3na \u00fe\u00e9r.5Hann sag\u00f0i vi\u00f0 \u00fe\u00e1: fari\u00f0 n\u00fa \u00ed <a href=\"https:\/\/biblian.is\/videy\/fyrri-konungabok-12-kafli\/\"> [&#8230;]<\/a><\/p>\n","protected":false},"author":1,"featured_media":0,"parent":0,"menu_order":0,"comment_status":"open","ping_status":"open","template":"bibliukaflar.php","meta":{"footnotes":""},"class_list":["post-21152","page","type-page","status-publish","hentry"],"_links":{"self":[{"href":"https:\/\/biblian.is\/videy\/wp-json\/wp\/v2\/pages\/21152","targetHints":{"allow":["GET"]}}],"collection":[{"href":"https:\/\/biblian.is\/videy\/wp-json\/wp\/v2\/pages"}],"about":[{"href":"https:\/\/biblian.is\/videy\/wp-json\/wp\/v2\/types\/page"}],"author":[{"embeddable":true,"href":"https:\/\/biblian.is\/videy\/wp-json\/wp\/v2\/users\/1"}],"replies":[{"embeddable":true,"href":"https:\/\/biblian.is\/videy\/wp-json\/wp\/v2\/comments?post=21152"}],"version-history":[{"count":0,"href":"https:\/\/biblian.is\/videy\/wp-json\/wp\/v2\/pages\/21152\/revisions"}],"wp:attachment":[{"href":"https:\/\/biblian.is\/videy\/wp-json\/wp\/v2\/media?parent=21152"}],"curies":[{"name":"wp","href":"https:\/\/api.w.org\/{rel}","templated":true}]}}