{"id":21150,"date":"2018-01-02T01:00:36","date_gmt":"2018-01-02T01:00:36","guid":{"rendered":"http:\/\/biblian.is\/videy\/fyrri-konungabok-10-kafli\/"},"modified":"2018-01-02T01:00:36","modified_gmt":"2018-01-02T01:00:36","slug":"fyrri-konungabok-10-kafli","status":"publish","type":"page","link":"https:\/\/biblian.is\/videy\/fyrri-konungabok-10-kafli\/","title":{"rendered":"Fyrri konungab\u00f3k 10. kafli"},"content":{"rendered":"<div class=\"fyrirsognVidey\">Drottningin af Saba (Arab\u00edu). 2 Kron. 9,1. Matth. 12,42. L\u00fak. 11,31.<\/div>\n<p><a name=\"1\"><span class=\"versanumer\">1<\/span><\/a>Og Drottningin af Saba heyr\u00f0i or\u00f0st\u00edr Sal\u00f3mons sakir Drottins nafns, og h\u00fan kom til a\u00f0 reyna hann me\u00f0 g\u00e1tum.<a name=\"2\"><span class=\"versanumer\">2<\/span><\/a>H\u00fan kom til Jer\u00fasalem me\u00f0 mj\u00f6g miklum skara, me\u00f0 \u00falfalda sem b\u00e1ru ilmjurtir og gull n\u00e6sta miki\u00f0, og d\u00fdra steina, og kom til Sal\u00f3mons og tala\u00f0i vi\u00f0 hann allt sem henni bj\u00f3 \u00ed brj\u00f3sti.<a name=\"3\"><span class=\"versanumer\">3<\/span><\/a>Og Sal\u00f3mon sag\u00f0i henni allt sem h\u00fan spur\u00f0i um; ekkert var huli\u00f0 fyrir k\u00f3ngi, a\u00f0 hann ekki seg\u00f0i henni \u00fea\u00f0.<a name=\"4\"><span class=\"versanumer\">4<\/span><\/a>Og sem drottningin af Saba s\u00e1 alla Sal\u00f3mons visku og \u00fea\u00f0 h\u00fas sem hann haf\u00f0i byggt,<a name=\"5\"><span class=\"versanumer\">5<\/span><\/a>r\u00e9ttina \u00e1 hans bor\u00f0i, setu hans \u00fej\u00f3na og st\u00f6\u00f0u hans \u00fe\u00e9nara, og kl\u00e6\u00f0na\u00f0, og hans skenkjara, og hans brennif\u00f3rnir sem hann offra\u00f0i \u00ed Drottins h\u00fasi; \u00fe\u00e1 var\u00f0 h\u00fan fr\u00e1 s\u00e9r numin,<a name=\"6\"><span class=\"versanumer\">6<\/span><\/a>og sag\u00f0i vi\u00f0 konung: sannleiki var \u00fea\u00f0 tal sem eg heyr\u00f0i \u00ed m\u00ednu landi um \u00feinn au\u00f0, og \u00feinn v\u00edsd\u00f3m.<a name=\"7\"><span class=\"versanumer\">7<\/span><\/a>Og eg tr\u00fa\u00f0i ekki \u00fev\u00ed tali, \u00feanga\u00f0 til eg kom, og m\u00edn augu s\u00e1u; og sj\u00e1! eg haf\u00f0i ekki fr\u00e9tt helminginn; \u00fe\u00fa ert miklu vitrari og au\u00f0ugri en rikti\u00f0 sag\u00f0i m\u00e9r.<a name=\"8\"><span class=\"versanumer\">8<\/span><\/a>S\u00e6lir eru \u00fe\u00ednir menn! s\u00e6lir \u00feessir \u00fe\u00ednir \u00fe\u00e9narar sem allt\u00ed\u00f0 standa frammi fyrir \u00fe\u00e9r, sem heyra \u00fe\u00edna speki!<a name=\"9\"><span class=\"versanumer\">9<\/span><\/a>Lofa\u00f0ur s\u00e9 Drottinn \u00feinn Gu\u00f0, sem haf\u00f0i ge\u00f0\u00feekkni \u00e1 \u00fe\u00e9r, svo hann setti \u00feig \u00ed \u00cdsraels h\u00e1s\u00e6ti! af \u00fev\u00ed a\u00f0 Drottinn elskar \u00cdsrael eil\u00edflega, svo gj\u00f6r\u00f0i hann \u00feig a\u00f0 k\u00f3ngi <span class='VideyAth'>f)<\/span>, a\u00f0 \u00fe\u00fa i\u00f0kir r\u00e9ttindi og r\u00e9ttv\u00edsi.<br \/><a name=\"10\"><span class=\"versanumer\">10<\/span><\/a>Og h\u00fan gaf konungi hundra\u00f0 og 20 v\u00e6ttir <span class='VideyAth'>(centner)<\/span> gulls og ilmjurta, harla miki\u00f0, og d\u00fdra steina, aldrei hefir svo miki\u00f0 af ilmjurtum komi\u00f0, sem \u00fea\u00f0 er drottningin af Saba f\u00e6r\u00f0i Sal\u00f3moni konungi.<a name=\"11\"><span class=\"versanumer\">11<\/span><\/a>S\u00f6mulei\u00f0is kom H\u00edrams skip me\u00f0 gull fr\u00e1 Of\u00edr og rau\u00f0avi\u00f0 mikinn <span class='VideyAth'>g)<\/span> og d\u00fdra steina,<a name=\"12\"><span class=\"versanumer\">12<\/span><\/a>og af \u00feessum rau\u00f0avi\u00f0 gj\u00f6r\u00f0i k\u00f3ngur p\u00edl\u00e1ra \u00ed Drottins h\u00fasi og \u00ed k\u00f3ngsins h\u00fasi, og h\u00f6rpur og hlj\u00f3\u00f0f\u00e6ri fyrir s\u00f6ngmennina; aldrei kom sl\u00edkur rau\u00f0avi\u00f0ur, og ekki hefir hann s\u00e9st til \u00feessa dags).<a name=\"13\"><span class=\"versanumer\">13<\/span><\/a>Og Sal\u00f3mon k\u00f3ngur gaf drottningunni af Saba alla hennar eftirl\u00f6ngun, hva\u00f0 sem h\u00fan girntist, auk \u00feess sem hann gaf henni, eftir sem hans si\u00f0ur var; og h\u00fan sneri heim aftur og f\u00f3r \u00ed sitt land. <br \/><a name=\"14\"><span class=\"versanumer\">14<\/span><\/a>Og \u00fea\u00f0 gull sem Sal\u00f3mon f\u00e9kk \u00e1rlega var a\u00f0 vigt 666 v\u00e6ttir;<a name=\"15\"><span class=\"versanumer\">15<\/span><\/a>auk \u00feess sem kom fr\u00e1 kr\u00f6murum og kaupmannah\u00f6ndlun, og fr\u00e1 \u00f6llum k\u00f3ngum Arab\u00edu, og l\u00e9nsm\u00f6nnunum \u00ed landinu.<a name=\"16\"><span class=\"versanumer\">16<\/span><\/a>Og Sal\u00f3mon konungur gj\u00f6r\u00f0i 2 hundru\u00f0 skildi af drifnu gulli, 6 hundru\u00f0 siklar gulls f\u00f3ru \u00ed hv\u00f6rn skj\u00f6ld,<a name=\"17\"><span class=\"versanumer\">17<\/span><\/a>og \u00ferj\u00fa hundru\u00f0 buklara <span class='VideyAth'>(sm\u00e1skildi)<\/span> af drifnu gulli, \u00ferj\u00fa pund gulls f\u00f3ru \u00ed hv\u00f6rn buklara. Og k\u00f3ngur lag\u00f0i \u00fe\u00e1 \u00ed L\u00edbanons sk\u00f3garh\u00fasi\u00f0.<a name=\"18\"><span class=\"versanumer\">18<\/span><\/a>Konungur gj\u00f6r\u00f0i og miki\u00f0 f\u00edlabeinsh\u00e1s\u00e6ti, og bj\u00f3 \u00fea\u00f0 me\u00f0 sk\u00edru gulli.<a name=\"19\"><span class=\"versanumer\">19<\/span><\/a>Sex stig <span class='VideyAth'>(tr\u00f6ppur)<\/span> voru upp \u00ed h\u00e1s\u00e6ti\u00f0, og efripartur bakhlutans \u00e1 h\u00e1s\u00e6tinu, var kringl\u00f3ttur; og br\u00edkur voru beggjamegin kringum s\u00e6ti\u00f0, og tv\u00f6 lj\u00f3n st\u00f3\u00f0u vi\u00f0 br\u00edkurnar,<a name=\"20\"><span class=\"versanumer\">20<\/span><\/a>og 12 lj\u00f3n st\u00f3\u00f0u \u00e1 \u00feeim 6 tr\u00f6ppum til beggja hli\u00f0a, \u00feessh\u00e1ttar hefir ekki gj\u00f6rt veri\u00f0 \u00ed nokkru konungsr\u00edki.<a name=\"21\"><span class=\"versanumer\">21<\/span><\/a>\u00d6ll drykkjuker Sal\u00f3mons k\u00f3ngs voru af gulli, og \u00f6ll h\u00fasg\u00f6gn \u00ed L\u00edbanons sk\u00f3garh\u00fasi v\u00f3ru af kl\u00e1ra gulli; ekkert silfur; \u00fea\u00f0 var einskis meti\u00f0 \u00e1 d\u00f6gum Sal\u00f3mons.<a name=\"22\"><span class=\"versanumer\">22<\/span><\/a>\u00dev\u00ed k\u00f3ngurinn haf\u00f0i skip \u00ed f\u00f6rum me\u00f0 H\u00edrams skipum; einu sinni \u00e1 \u00feremur \u00e1rum komu kaupskipin heim, hla\u00f0in me\u00f0 gull og silfur, f\u00edlabein, apaketti og p\u00e1fugla.<a name=\"23\"><span class=\"versanumer\">23<\/span><\/a>Og Sal\u00f3mon var meiri en allir k\u00f3ngar jar\u00f0arinnar a\u00f0 au\u00f0leg\u00f0 og visku.<a name=\"24\"><span class=\"versanumer\">24<\/span><\/a>Og fr\u00e1 \u00f6llum l\u00f6ndum girntust menn a\u00f0 sj\u00e1 Sal\u00f3mon, og heyra hans speki sem Gu\u00f0 haf\u00f0i gefi\u00f0 hans hjarta.<a name=\"25\"><span class=\"versanumer\">25<\/span><\/a>Og hv\u00f6r ma\u00f0ur kom me\u00f0 s\u00edna g\u00e1fu, silfur og gullgripi, og kl\u00e6\u00f0i og vopn og ilmjurtir, hesta og m\u00falasna, \u00e1rlega.<a name=\"26\"><span class=\"versanumer\">26<\/span><\/a>Og Sal\u00f3mon safna\u00f0i v\u00f6gnum og rei\u00f0m\u00f6nnum, og haf\u00f0i 14 hundru\u00f0 vagna og 12 \u00fe\u00fasund rei\u00f0menn, og l\u00e9t \u00fe\u00e1 vera \u00ed vagnst\u00f6\u00f0unum, og hj\u00e1 konunginum <span class='VideyAth'>(\u0254: s\u00e9r)<\/span> \u00ed Jer\u00fasalem.<a name=\"27\"><span class=\"versanumer\">27<\/span><\/a>Og k\u00f3ngurinn gj\u00f6r\u00f0i silfri\u00f0 \u00ed Jer\u00fasalem ei \u00f3n\u00e6gara en grj\u00f3t, og sedrusvi\u00f0 gj\u00f6r\u00f0i hann a\u00f0 v\u00f6xtum sem m\u00f3rberjavi\u00f0 \u00e1 l\u00e1glendi.<a name=\"28\"><span class=\"versanumer\">28<\/span><\/a>Hesta s\u00edna f\u00e9kk Sal\u00f3mon fr\u00e1 Egyptalandi; og flokkar k\u00f3ngs kaupmanna s\u00f3ttu h\u00f3p af \u00feeim fyrir tilteki\u00f0 ver\u00f0.<a name=\"29\"><span class=\"versanumer\">29<\/span><\/a>Hv\u00f6r vagn sem kom fr\u00e1 Egyptalandi kosta\u00f0i 6 hundru\u00f0 sikla silfurs og hesturinn kosta\u00f0i hundra\u00f0 og fimmt\u00edu. \u00deeir hinir s\u00f6mu f\u00e6r\u00f0u \u00fe\u00e1 og \u00f6llum Het\u00edtum og S\u00fdrlandsk\u00f3ngum.<\/p>\n<div class=\"footnoteVidey\">V. 9. f. 2. Kron. 2,11. V. 11. g. Sbr. v. 12. 2 Kron. 9,10.11.  V. 13. Nla. a\u00f0 gefa \u00feeim herrum sem hann heims\u00f3ttu. Eftir or\u00f0unum: fram yfir \u00fea\u00f0 sem hann gaf henni eftir h\u00f6nd k\u00f3ngs Sal\u00f3mons.  V. 16. 2 Kron. 9,15.  V. 18. 2 Kron. 9,17. fl.  V. 23. Pr\u00e9d. 2,9.  V. 26. 2 Kron. 1,14.  V. 27. 2 Kron. 1,15. 9,27.  V. 28. 2 Kron. 1,16.  V. 29. 2 Kron. 1,17.<\/div>\n","protected":false},"excerpt":{"rendered":"<p>Drottningin af Saba (Arab\u00edu). 2 Kron. 9,1. Matth. 12,42. L\u00fak. 11,31. 1Og Drottningin af Saba heyr\u00f0i or\u00f0st\u00edr Sal\u00f3mons sakir Drottins nafns, og h\u00fan kom til a\u00f0 reyna hann me\u00f0 g\u00e1tum.2H\u00fan kom til Jer\u00fasalem me\u00f0 mj\u00f6g miklum skara, me\u00f0 \u00falfalda sem b\u00e1ru ilmjurtir og gull n\u00e6sta miki\u00f0, og d\u00fdra steina, og kom til Sal\u00f3mons og tala\u00f0i vi\u00f0 hann allt sem henni bj\u00f3 \u00ed brj\u00f3sti.3Og Sal\u00f3mon sag\u00f0i henni allt sem h\u00fan spur\u00f0i um; ekkert var huli\u00f0 fyrir k\u00f3ngi, a\u00f0 hann ekki seg\u00f0i henni \u00fea\u00f0.4Og sem drottningin af Saba s\u00e1 alla Sal\u00f3mons visku og \u00fea\u00f0 h\u00fas sem hann haf\u00f0i byggt,5r\u00e9ttina \u00e1 hans bor\u00f0i, <a href=\"https:\/\/biblian.is\/videy\/fyrri-konungabok-10-kafli\/\"> [&#8230;]<\/a><\/p>\n","protected":false},"author":1,"featured_media":0,"parent":0,"menu_order":0,"comment_status":"open","ping_status":"open","template":"bibliukaflar.php","meta":{"footnotes":""},"class_list":["post-21150","page","type-page","status-publish","hentry"],"_links":{"self":[{"href":"https:\/\/biblian.is\/videy\/wp-json\/wp\/v2\/pages\/21150","targetHints":{"allow":["GET"]}}],"collection":[{"href":"https:\/\/biblian.is\/videy\/wp-json\/wp\/v2\/pages"}],"about":[{"href":"https:\/\/biblian.is\/videy\/wp-json\/wp\/v2\/types\/page"}],"author":[{"embeddable":true,"href":"https:\/\/biblian.is\/videy\/wp-json\/wp\/v2\/users\/1"}],"replies":[{"embeddable":true,"href":"https:\/\/biblian.is\/videy\/wp-json\/wp\/v2\/comments?post=21150"}],"version-history":[{"count":0,"href":"https:\/\/biblian.is\/videy\/wp-json\/wp\/v2\/pages\/21150\/revisions"}],"wp:attachment":[{"href":"https:\/\/biblian.is\/videy\/wp-json\/wp\/v2\/media?parent=21150"}],"curies":[{"name":"wp","href":"https:\/\/api.w.org\/{rel}","templated":true}]}}