{"id":21149,"date":"2018-01-02T01:00:30","date_gmt":"2018-01-02T01:00:30","guid":{"rendered":"http:\/\/biblian.is\/videy\/fyrri-konungabok-9-kafli\/"},"modified":"2018-01-02T01:00:30","modified_gmt":"2018-01-02T01:00:30","slug":"fyrri-konungabok-9-kafli","status":"publish","type":"page","link":"https:\/\/biblian.is\/videy\/fyrri-konungabok-9-kafli\/","title":{"rendered":"Fyrri konungab\u00f3k 9. kafli"},"content":{"rendered":"<div class=\"fyrirsognVidey\">Drottinn birtist Sal\u00f3mon \u00ed anna\u00f0 sinn. Sal\u00f3mon gefur H\u00edram sta\u00f0i. Hans tekjur. Offur.<\/div>\n<p><a name=\"1\"><span class=\"versanumer\">1<\/span><\/a>En sem Sal\u00f3mon haf\u00f0i loki\u00f0 vi\u00f0 byggingu Drottins h\u00fass, og k\u00f3ngsins h\u00fass, vi\u00f0 allt \u00fea\u00f0 sem hann lysti og langa\u00f0i til a\u00f0 gj\u00f6ra;<a name=\"2\"><span class=\"versanumer\">2<\/span><\/a>\u00de\u00e1 opinbera\u00f0ist Drottni Sal\u00f3moni \u00ed anna\u00f0 sinn, eins og hann opinbera\u00f0ist honum \u00ed G\u00edbeon.<a name=\"3\"><span class=\"versanumer\">3<\/span><\/a>Og Drottinn sag\u00f0i til hans: eg hefi heyrt \u00fe\u00edna b\u00e6n, og \u00fe\u00e1 gr\u00e1tbei\u00f0ni sem \u00fe\u00fa hefir til m\u00edn st\u00edla\u00f0, og eg hefi helga\u00f0 \u00feetta h\u00fas, sem \u00fe\u00fa hefir byggt, til \u00feess a\u00f0 geyma \u00fear \u00ed mitt nafn a\u00f0 eil\u00edfu, og m\u00edn augu og mitt hjarta skulu vera \u00fear alla t\u00edma.<a name=\"4\"><span class=\"versanumer\">4<\/span><\/a>Og ef a\u00f0 \u00fe\u00fa \u00fe\u00e1 gengur fyrir m\u00e9r, eins og fa\u00f0ir \u00feinn Dav\u00ed\u00f0 gekk \u00ed sakleysi hjartans og einl\u00e6gni, og hagar \u00fe\u00e9r algj\u00f6rlega eins og eg b\u00fd\u00f0 \u00fe\u00e9r, og heldur m\u00edna setninga og r\u00e9ttindi:<a name=\"5\"><span class=\"versanumer\">5<\/span><\/a>svo vil eg sta\u00f0festa h\u00e1s\u00e6ti \u00fe\u00edns konungd\u00f3ms eil\u00edflega, eins og eg hefi tala\u00f0 vi\u00f0 Dav\u00ed\u00f0 f\u00f6\u00f0ur \u00feinn, \u00fe\u00e1 eg sag\u00f0i: \u00feig skal aldrei vanta mann \u00ed \u00cdsraels h\u00e1s\u00e6ti <span class='VideyAth'>a)<\/span>;<a name=\"6\"><span class=\"versanumer\">6<\/span><\/a>en ef \u00fe\u00e9r og y\u00f0ar synir sn\u00fai\u00f0 y\u00f0ur fr\u00e1 m\u00e9r, og haldi\u00f0 ekki m\u00edn bo\u00f0or\u00f0, m\u00edna setninga, sem eg hefi fyrir y\u00f0ur lagt, og fari\u00f0 og \u00fej\u00f3ni\u00f0 \u00f6\u00f0rum gu\u00f0um, og tilbi\u00f0ji\u00f0 \u00fe\u00e1,<a name=\"7\"><span class=\"versanumer\">7<\/span><\/a>svo mun eg uppr\u00e6ta \u00cdsrael \u00far landinu, sem eg gaf \u00feeim, og \u00fea\u00f0 h\u00fas, sem eg hefi helga\u00f0 m\u00ednu nafni, vil eg burt flytja fr\u00e1 m\u00ednu augliti, og \u00cdsrael mun ver\u00f0a a\u00f0 m\u00e1lt\u00e6ki og spottgl\u00f3su me\u00f0al allra \u00fej\u00f3\u00f0a.<a name=\"8\"><span class=\"versanumer\">8<\/span><\/a>Og \u00feetta h\u00fas, svo h\u00e1reist sem \u00fea\u00f0 er, hv\u00f6r sem framhj\u00e1 \u00fev\u00ed gengur, honum skal bl\u00f6skra, og hann skal bl\u00edstra, og menn munu segja: \u00fev\u00ed hefir Drottinn fari\u00f0 svo me\u00f0 \u00feetta land og \u00feetta h\u00fas <span class='VideyAth'>b)<\/span>?<a name=\"9\"><span class=\"versanumer\">9<\/span><\/a>Og a\u00f0rir munu svara: af \u00fev\u00ed a\u00f0 \u00feeir yfirg\u00e1fu Drottin sinn Gu\u00f0, sem haf\u00f0i flutt fe\u00f0ur \u00feeirra \u00far Egyptalandi, og t\u00f3ku s\u00e9r a\u00f0ra gu\u00f0i og tilb\u00e1\u00f0u \u00fe\u00e1 og \u00fej\u00f3nu\u00f0u \u00feeim, \u00fev\u00ed hefir Drottinn leitt yfir \u00fe\u00e1 alla \u00feessa \u00f3lukku.<br \/><a name=\"10\"><span class=\"versanumer\">10<\/span><\/a>Og \u00fea\u00f0 ske\u00f0i a\u00f0 20 \u00e1rum li\u00f0num, \u00feegar Sal\u00f3mon haf\u00f0i byggt b\u00e6\u00f0i h\u00fasin, Drottins h\u00fas og k\u00f3ngsins h\u00fas,<a name=\"11\"><span class=\"versanumer\">11<\/span><\/a><span class='VideyAth'>(H\u00edram konungur \u00ed T\u00fdrus haf\u00f0i hj\u00e1lpa\u00f0 k\u00f3ngi um sedrusvi\u00f0 og furuvi\u00f0 og gull eins og hann vildi)<\/span>, \u00fe\u00e1 gaf Sal\u00f3mon k\u00f3ngur H\u00edram 20 sta\u00f0i \u00ed Galilealandi.<a name=\"12\"><span class=\"versanumer\">12<\/span><\/a>Og H\u00edram f\u00f3r fr\u00e1 T\u00fdrus, a\u00f0 sko\u00f0a sta\u00f0ina sem Sal\u00f3mon haf\u00f0i fengi\u00f0 honum, og \u00feeir l\u00edku\u00f0u honum ekki.<a name=\"13\"><span class=\"versanumer\">13<\/span><\/a>Og hann sag\u00f0i: hva\u00f0a sta\u00f0ir eru \u00fea\u00f0, br\u00f3\u00f0ir minn, sem \u00fe\u00fa hefir m\u00e9r gefi\u00f0? og hann kalla\u00f0i \u00fe\u00e1 Kabulsland, allt til \u00feessa dags. <br \/><a name=\"15\"><span class=\"versanumer\">15<\/span><\/a>\u00deannig stendur \u00e1 \u00feeim kv\u00f6\u00f0um sem k\u00f3ngur Sal\u00f3mon heimti, til \u00feess a\u00f0 byggja Drottins h\u00fas, og sitt h\u00fas og Millo og Jer\u00fasalems m\u00farvegg og Hasor og Megiddo og Geser.<a name=\"16\"><span class=\"versanumer\">16<\/span><\/a>Fara\u00f3 k\u00f3ngur Egyptalands f\u00f3r lei\u00f0angur, og innt\u00f3k Geser <span class='VideyAth'>c)<\/span> og brenndi hana me\u00f0 eldi, og drap \u00fe\u00e1 Kanan\u00edta sem bjuggu \u00ed borginni, og gaf hana svo \u00ed heimanmund d\u00f3ttur sinni, konu Sal\u00f3mons.<a name=\"17\"><span class=\"versanumer\">17<\/span><\/a>Og Sal\u00f3mon bygg\u00f0i Geser og Ne\u00f0ri-Bethoron <span class='VideyAth'>a)<\/span>,<a name=\"18\"><span class=\"versanumer\">18<\/span><\/a>og Baelat <span class='VideyAth'>b)<\/span> og Tadmor \u00ed ey\u00f0im\u00f6rk landsins,<a name=\"19\"><span class=\"versanumer\">19<\/span><\/a>og alla for\u00f0ab\u00fara sta\u00f0i, sem Sal\u00f3mon haf\u00f0i, og alla sta\u00f0i, hvar vagnar voru, og rei\u00f0menn og allt sem Sal\u00f3mon haf\u00f0i lyst til a\u00f0 byggja \u00ed Jer\u00fasalem og \u00e1 Libanon og \u00ed \u00f6llu landinu sem hann r\u00edkti yfir.<a name=\"20\"><span class=\"versanumer\">20<\/span><\/a>Allt \u00fea\u00f0 f\u00f3lk sem eftir var or\u00f0i\u00f0, af Amor\u00edtum, Het\u00edtum, Feres\u00edtum, Hev\u00edtum og Jeb\u00fas\u00edtum, sem ekki var af \u00cdsraelssonum,<a name=\"21\"><span class=\"versanumer\">21<\/span><\/a>\u00feessa f\u00f3lks syni, sem eftir \u00fea\u00f0 voru eftir or\u00f0nir \u00ed landinu og sem \u00cdsraelssynir g\u00e1tu ei ey\u00f0ilagt, \u00fe\u00e1 t\u00f3k Sal\u00f3mon til skylduvinnu <span class='VideyAth'>c)<\/span>, allt til \u00feessa dags.<a name=\"22\"><span class=\"versanumer\">22<\/span><\/a>En \u00far \u00cdsraelssonum gj\u00f6r\u00f0i Sal\u00f3mon enga \u00fer\u00e6la; \u00fev\u00ed \u00feeir voru str\u00ed\u00f0smenn, og hans \u00fej\u00f3nar, herforingjar, vagnstr\u00ed\u00f0smenn, foringjar fyrir hans vagnli\u00f0i og riddarali\u00f0i.<br \/><a name=\"23\"><span class=\"versanumer\">23<\/span><\/a>\u00deetta voru umsj\u00f3nar menn yfir verki Sal\u00f3mons: 5 hundru\u00f0 og 50 sem h\u00f6f\u00f0u vald yfir f\u00f3lkinu, er vann a\u00f0 verkinu.<br \/><a name=\"24\"><span class=\"versanumer\">24<\/span><\/a>Jedok d\u00f3ttir fara\u00f3s <span class='VideyAth'>d)<\/span> kom \u00far Dav\u00ed\u00f0s sta\u00f0 \u00ed sitt h\u00fas sem hann haf\u00f0i byggt henni, \u00fe\u00e1 bygg\u00f0i hann Millo <span class='VideyAth'>e)<\/span>. <br \/><a name=\"25\"><span class=\"versanumer\">25<\/span><\/a>Og Sal\u00f3mon offra\u00f0i \u00ferisvar \u00e1 \u00e1ri brennif\u00f3rnum og \u00feakkarf\u00f3rnum \u00e1 altarinu, sem hann haf\u00f0i byggt Drottni, og reykelsi \u00e1 \u00fev\u00ed sem st\u00f3\u00f0 fyrir Drottni, og hann fullgj\u00f6r\u00f0i h\u00fasi\u00f0.<br \/><a name=\"26\"><span class=\"versanumer\">26<\/span><\/a>Skip gj\u00f6r\u00f0i l\u00edka Sal\u00f3mon k\u00f3ngur \u00ed Eseon-Geber, sem liggur hj\u00e1 Elot, \u00e1 str\u00f6nd Rau\u00f0ahafsins \u00ed Edomslandi.<a name=\"27\"><span class=\"versanumer\">27<\/span><\/a>Og H\u00edram sendi \u00e1 skipin, s\u00edna \u00fej\u00f3na, skipali\u00f0, g\u00f3\u00f0a farmenn, me\u00f0 \u00fej\u00f3num Sal\u00f3mons.<a name=\"28\"><span class=\"versanumer\">28<\/span><\/a>Og \u00feeir komu til Of\u00edr og s\u00f3ttu \u00feanga\u00f0 gull, 4 hundru\u00f0 og 20 v\u00e6ttir <span class='VideyAth'>(centner)<\/span> gulls, f\u00e6r\u00f0u \u00feeir Sal\u00f3mon konungi.<\/p>\n<div class=\"footnoteVidey\">V. 5. a. 2 Sam. 7,12. 1 Kron. 17,12. 22,10.  V. 7. Devt. 4,26. 8,19. 28,37. Jer. 24,9.  V. 8. b. Devt. 29,24. 2 Kron. 7,2. Jer. 22,8.  V. 16. c. J\u00f3s. 16,10.  V. 17. a. 2 Kron. 8,5.  V. 18. b. J\u00f3s. 19,44.  V. 21. c. J\u00f3s. 16,10. D\u00f3m. 1,28. Gen. 49,15.  V. 24. d. 2 Kron. 8,11. e. 1 K\u00f3ng. 9,15.  V. 26. 2 Kron. 8,17. fl.<\/div>\n","protected":false},"excerpt":{"rendered":"<p>Drottinn birtist Sal\u00f3mon \u00ed anna\u00f0 sinn. Sal\u00f3mon gefur H\u00edram sta\u00f0i. Hans tekjur. Offur. 1En sem Sal\u00f3mon haf\u00f0i loki\u00f0 vi\u00f0 byggingu Drottins h\u00fass, og k\u00f3ngsins h\u00fass, vi\u00f0 allt \u00fea\u00f0 sem hann lysti og langa\u00f0i til a\u00f0 gj\u00f6ra;2\u00de\u00e1 opinbera\u00f0ist Drottni Sal\u00f3moni \u00ed anna\u00f0 sinn, eins og hann opinbera\u00f0ist honum \u00ed G\u00edbeon.3Og Drottinn sag\u00f0i til hans: eg hefi heyrt \u00fe\u00edna b\u00e6n, og \u00fe\u00e1 gr\u00e1tbei\u00f0ni sem \u00fe\u00fa hefir til m\u00edn st\u00edla\u00f0, og eg hefi helga\u00f0 \u00feetta h\u00fas, sem \u00fe\u00fa hefir byggt, til \u00feess a\u00f0 geyma \u00fear \u00ed mitt nafn a\u00f0 eil\u00edfu, og m\u00edn augu og mitt hjarta skulu vera \u00fear alla t\u00edma.4Og ef a\u00f0 <a href=\"https:\/\/biblian.is\/videy\/fyrri-konungabok-9-kafli\/\"> [&#8230;]<\/a><\/p>\n","protected":false},"author":1,"featured_media":0,"parent":0,"menu_order":0,"comment_status":"open","ping_status":"open","template":"bibliukaflar.php","meta":{"footnotes":""},"class_list":["post-21149","page","type-page","status-publish","hentry"],"_links":{"self":[{"href":"https:\/\/biblian.is\/videy\/wp-json\/wp\/v2\/pages\/21149","targetHints":{"allow":["GET"]}}],"collection":[{"href":"https:\/\/biblian.is\/videy\/wp-json\/wp\/v2\/pages"}],"about":[{"href":"https:\/\/biblian.is\/videy\/wp-json\/wp\/v2\/types\/page"}],"author":[{"embeddable":true,"href":"https:\/\/biblian.is\/videy\/wp-json\/wp\/v2\/users\/1"}],"replies":[{"embeddable":true,"href":"https:\/\/biblian.is\/videy\/wp-json\/wp\/v2\/comments?post=21149"}],"version-history":[{"count":0,"href":"https:\/\/biblian.is\/videy\/wp-json\/wp\/v2\/pages\/21149\/revisions"}],"wp:attachment":[{"href":"https:\/\/biblian.is\/videy\/wp-json\/wp\/v2\/media?parent=21149"}],"curies":[{"name":"wp","href":"https:\/\/api.w.org\/{rel}","templated":true}]}}