{"id":21148,"date":"2018-01-02T01:00:30","date_gmt":"2018-01-02T01:00:30","guid":{"rendered":"http:\/\/biblian.is\/videy\/fyrri-konungabok-8-kafli\/"},"modified":"2018-01-02T01:00:30","modified_gmt":"2018-01-02T01:00:30","slug":"fyrri-konungabok-8-kafli","status":"publish","type":"page","link":"https:\/\/biblian.is\/videy\/fyrri-konungabok-8-kafli\/","title":{"rendered":"Fyrri konungab\u00f3k 8. kafli"},"content":{"rendered":"<div class=\"fyrirsognVidey\">Musterisv\u00edgslan.<\/div>\n<p><a name=\"1\"><span class=\"versanumer\">1<\/span><\/a>\u00de\u00e1 samansafna\u00f0i Sal\u00f3mon \u00f6llum \u00f6ldungum \u00cdsraels, \u00f6llum foringjum \u00e6ttanna, h\u00f6f\u00f0ingjum \u00cdsraelssona \u00e6ttkv\u00edsla, til Sal\u00f3mons k\u00f3ngs \u00ed Jer\u00fasalem, til \u00feess a\u00f0 flytja hinga\u00f0 s\u00e1ttm\u00e1ls\u00f6rk Drottins \u00far Dav\u00ed\u00f0sborg, \u00fea\u00f0 er: \u00far S\u00edon.<a name=\"2\"><span class=\"versanumer\">2<\/span><\/a>Og til Sal\u00f3mons k\u00f3ngs s\u00f6fnu\u00f0ust allir menn af \u00cdsrael \u00ed m\u00e1nu\u00f0inum Etanim, til h\u00e1t\u00ed\u00f0arinnar <span class='VideyAth'>(\u00fea\u00f0 er s\u00e1 sj\u00f6undi m\u00e1nu\u00f0ur)<\/span>.<a name=\"3\"><span class=\"versanumer\">3<\/span><\/a>Og allir \u00cdsraels \u00f6ldungar komu, og prestarnir b\u00e1ru \u00f6rkina.<a name=\"4\"><span class=\"versanumer\">4<\/span><\/a>Og \u00feeir fluttu \u00feanga\u00f0 <span class='VideyAth'>(\u00ed musteri\u00f0)<\/span> \u00f6rk Drottins og samkundutjaldi\u00f0 og \u00f6ll heil\u00f6g \u00e1h\u00f6ld, sem voru \u00ed tjaldinu, \u00feetta fluttu prestarnir og Lev\u00edtarnir.<a name=\"5\"><span class=\"versanumer\">5<\/span><\/a>Og konungurinn Sal\u00f3mon og allur \u00cdsraelss\u00f6fnu\u00f0ur, sem til hans var kominn, gengu me\u00f0 honum fyrir \u00f6rkinni, og f\u00f3rnf\u00e6r\u00f0u sau\u00f0um og nautum er ekki var\u00f0 tali\u00f0 og reikna\u00f0 fyrir fj\u00f6lda sakir.<a name=\"6\"><span class=\"versanumer\">6<\/span><\/a>Og prestarnir b\u00e1ru s\u00e1ttm\u00e1ls\u00f6rk Drottins \u00e1 sinn sta\u00f0, \u00ed k\u00f3r h\u00fassins, inn \u00ed \u00fea\u00f0 allrahelgasta, undir ker\u00fabsv\u00e6ngina <span class='VideyAth'>a)<\/span>,<a name=\"7\"><span class=\"versanumer\">7<\/span><\/a>\u00fev\u00ed ker\u00fabarnir \u00fatbreiddu v\u00e6ngina yfir pl\u00e1ss arkarinnar, og huldu \u00f6rkina og hennar stengur \u00fear upp yfir.<a name=\"8\"><span class=\"versanumer\">8<\/span><\/a>Og stengurnar voru svo langar a\u00f0 endarnir \u00e1 \u00feeim s\u00e1ust fr\u00e1 \u00fev\u00ed heilaga, fyrir framan k\u00f3rinn, en utana\u00f0 s\u00e1ust \u00feeir ekki; og \u00fe\u00e6r voru \u00fear allt til \u00feessa dags.<a name=\"9\"><span class=\"versanumer\">9<\/span><\/a>Ekkert var \u00ed \u00f6rkinni nema a\u00f0eins b\u00e6\u00f0i steinspj\u00f6ldin sem M\u00f3ses lag\u00f0i \u00fear hj\u00e1 Horeb<span class='VideyAth'>(fjalli)<\/span> \u00feegar Drottinn gj\u00f6r\u00f0i s\u00e1ttm\u00e1lann vi\u00f0 \u00cdsraels sonu, \u00feegar \u00feeir f\u00f3ru \u00far Egyptalandi.<a name=\"10\"><span class=\"versanumer\">10<\/span><\/a>Og \u00fea\u00f0 ske\u00f0i, \u00fe\u00e1 prestarnir gengu \u00fat \u00far helgid\u00f3minum, uppfyllti sk\u00fd Drottins h\u00fas.<a name=\"11\"><span class=\"versanumer\">11<\/span><\/a>Og prestarnir g\u00e1tu ekki sta\u00f0i\u00f0 \u00fear, til a\u00f0 gegna \u00fej\u00f3nustugj\u00f6r\u00f0inni, sakir sk\u00fdsins, \u00fev\u00ed d\u00fdr\u00f0 Drottins haf\u00f0i uppfyllt h\u00fas Drottins <span class='VideyAth'>b)<\/span>.<a name=\"12\"><span class=\"versanumer\">12<\/span><\/a>\u00de\u00e1 t\u00f3k Sal\u00f3mon svo til or\u00f0a: Drottinn hefir sagt, a\u00f0 hann muni b\u00faa \u00ed dimmunni <span class='VideyAth'>c)<\/span>,<a name=\"13\"><span class=\"versanumer\">13<\/span><\/a>byggt hefi eg \u00fe\u00e9r h\u00fas til \u00edb\u00fa\u00f0ar, sta\u00f0 til a\u00f0seturs a\u00f0 eil\u00edfu.<a name=\"14\"><span class=\"versanumer\">14<\/span><\/a>Og k\u00f3ngurinn sneri s\u00ednu andliti og blessa\u00f0i allan \u00cdsraelss\u00f6fnu\u00f0, og allur \u00cdsraelss\u00f6fnu\u00f0ur st\u00f3\u00f0. <br \/><a name=\"15\"><span class=\"versanumer\">15<\/span><\/a>Og hann m\u00e6lti: lofa\u00f0ur s\u00e9 Drottinn \u00cdsraels Gu\u00f0, sem tala\u00f0i me\u00f0 s\u00ednum munni til Dav\u00ed\u00f0s f\u00f6\u00f0ur m\u00edns, og framkv\u00e6mdi \u00fea\u00f0 sem hann sag\u00f0i, me\u00f0 sinni h\u00f6nd:<a name=\"16\"><span class=\"versanumer\">16<\/span><\/a>Fr\u00e1 \u00feeim degi a\u00f0 eg flutti mitt f\u00f3lk \u00far Egyptalandi, hefi eg engan sta\u00f0 vali\u00f0 me\u00f0al allra \u00cdsraels kynkv\u00edsla, a\u00f0 m\u00e9r skyldi byggjast h\u00fas, svo a\u00f0 mitt nafn v\u00e6ri \u00fear; og eg valdi Dav\u00ed\u00f0 a\u00f0 hann skyldi vera yfir m\u00ednu f\u00f3lki \u00cdsrael.<a name=\"17\"><span class=\"versanumer\">17<\/span><\/a>Og Dav\u00ed\u00f0, fa\u00f0ir minn, haf\u00f0i \u00ed hug, a\u00f0 byggja Drottins nafni, \u00cdsraels Gu\u00f0i h\u00fas.<a name=\"18\"><span class=\"versanumer\">18<\/span><\/a>Og Drottinn sag\u00f0i vi\u00f0 f\u00f6\u00f0ur minn Dav\u00ed\u00f0: \u00fear e\u00f0 \u00fe\u00e9r hefir komi\u00f0 \u00ed hug a\u00f0 byggja h\u00fas m\u00ednu nafni, \u00fe\u00e1 er \u00fea\u00f0 vel gj\u00f6rt, a\u00f0 \u00fe\u00e9r kom \u00fea\u00f0 \u00ed hug;<a name=\"19\"><span class=\"versanumer\">19<\/span><\/a>en \u00fe\u00fa skalt ekki byggja \u00fea\u00f0 h\u00fas, heldur sonur \u00feinn, sem kemur af \u00fe\u00ednum lendum, s\u00e1 hinn sami skal byggja h\u00fasi\u00f0 m\u00ednu nafni.<a name=\"20\"><span class=\"versanumer\">20<\/span><\/a>Og Drottinn hefir efnt \u00fea\u00f0 or\u00f0 sem hann tala\u00f0i, eg kom \u00ed sta\u00f0 f\u00f6\u00f0ur m\u00edns Dav\u00ed\u00f0s og setti mig \u00ed \u00cdsraels h\u00e1s\u00e6ti, eins og Drottinn haf\u00f0i tala\u00f0 og bygg\u00f0i h\u00fasi\u00f0 nafni Drottins Gu\u00f0s \u00cdsraels,<a name=\"21\"><span class=\"versanumer\">21<\/span><\/a>og gaf r\u00fam \u00ed \u00fev\u00ed \u00f6rkinni, hvar \u00ed s\u00e1ttm\u00e1li Drottins er, sem hann gj\u00f6r\u00f0i vi\u00f0 vora fe\u00f0ur, \u00fe\u00e1 hann flutti \u00fe\u00e1 burt \u00far Egyptalandi. <br \/><a name=\"22\"><span class=\"versanumer\">22<\/span><\/a>Og Sal\u00f3mon gekk fyrir altari Drottins \u00ed n\u00e6rveru alls \u00cdsraels safna\u00f0ar, og h\u00f3f upp s\u00ednar hendur til himins,<a name=\"23\"><span class=\"versanumer\">23<\/span><\/a>og m\u00e6lti: Drottinn \u00cdsraels Gu\u00f0! enginn Gu\u00f0 er sem \u00fe\u00fa, \u00e1 himninum yfir, e\u00f0a j\u00f6r\u00f0inni undir, \u00fe\u00fa heldur vi\u00f0 \u00fe\u00edna \u00fej\u00f3na \u00feinn s\u00e1ttm\u00e1la og n\u00e1\u00f0, \u00fe\u00e1 sem ganga fyrir \u00fe\u00e9r af \u00f6llu hjarta.<a name=\"24\"><span class=\"versanumer\">24<\/span><\/a>\u00de\u00fa h\u00e9lst vi\u00f0 \u00fej\u00f3n \u00feinn Dav\u00ed\u00f0, \u00fea\u00f0 sem \u00fe\u00fa sag\u00f0ir; \u00fe\u00fa hefir tala\u00f0 \u00fea\u00f0 me\u00f0 \u00fe\u00ednum munni, og efnt \u00fea\u00f0 me\u00f0 \u00feinni hendi, sem n\u00fa er framkomi\u00f0.<a name=\"25\"><span class=\"versanumer\">25<\/span><\/a>Og n\u00fa, Drottinn \u00cdsraels Gu\u00f0! haltu og vi\u00f0 \u00feinn \u00fej\u00f3n Dav\u00ed\u00f0, f\u00f6\u00f0ur minn, \u00fea\u00f0 sem \u00fe\u00fa tala\u00f0ir vi\u00f0 hann, \u00feegar \u00fe\u00fa sag\u00f0ir: \u00feig skal ekki vanta mann frammi fyrir m\u00e9r, sem sitji \u00ed \u00cdsraels h\u00e1s\u00e6ti, ef a\u00f0eins \u00fe\u00ednir synir hafa g\u00e1t \u00e1 s\u00ednum vegum, a\u00f0 ganga frammi fyrir m\u00e9r, eins og \u00fe\u00fa gengur frammi fyrir m\u00e9r.<a name=\"26\"><span class=\"versanumer\">26<\/span><\/a>Og n\u00fa, \u00cdsraels Gu\u00f0! r\u00e6tist \u00feitt or\u00f0 sem \u00fe\u00fa tala\u00f0ir til \u00fe\u00edns \u00fej\u00f3ns Dav\u00ed\u00f0s, f\u00f6\u00f0ur m\u00edns.<br \/><a name=\"27\"><span class=\"versanumer\">27<\/span><\/a>Mundi Gu\u00f0 \u00ed raun og veru b\u00faa \u00e1 j\u00f6r\u00f0inni? sj\u00e1, himinninn og allra himnanna himnar taka \u00feig ekki; hva\u00f0 \u00fe\u00e1 \u00feetta h\u00fas, sem eg hefi byggt.<a name=\"28\"><span class=\"versanumer\">28<\/span><\/a>En sn\u00fa \u00fe\u00e9r n\u00fa a\u00f0 b\u00e6n \u00fe\u00edns \u00fej\u00f3ns og a\u00f0 hans gr\u00e1tbei\u00f0ni, Drottinn, minn Gu\u00f0! a\u00f0 \u00fe\u00fa heyrir \u00fea\u00f0 \u00e1kall og \u00fe\u00e1 b\u00e6n sem \u00feinn \u00fej\u00f3n \u00ed dag bi\u00f0ur \u00feig me\u00f0,<a name=\"29\"><span class=\"versanumer\">29<\/span><\/a>a\u00f0 \u00feitt auga s\u00e9 opi\u00f0 n\u00f3tt og dag yfir \u00feessu h\u00fasi, yfir \u00feessum sta\u00f0 um hv\u00f6rn \u00fe\u00fa hefir sagt: \u00fear skal mitt nafn vera, a\u00f0 \u00fe\u00fa heyrir \u00fe\u00e1 b\u00e6n sem \u00feinn \u00fej\u00f3n mun frambera \u00e1 \u00feessum sta\u00f0 <span class='VideyAth'>a)<\/span>.<a name=\"30\"><span class=\"versanumer\">30<\/span><\/a>Svo hl\u00fd\u00f0 \u00fe\u00fa \u00e1 \u00fe\u00e1 gr\u00e1tbei\u00f0ni \u00fe\u00edns \u00fej\u00f3ns, og \u00fe\u00edns f\u00f3lks, \u00cdsraels, sem \u00feeir munu \u00e1 \u00feessum sta\u00f0 frambera; heyr \u00fe\u00fa hana \u00ed \u00fe\u00ednum a\u00f0seturssta\u00f0, \u00e1 himninum, heyr og fyrirgef syndir!<a name=\"31\"><span class=\"versanumer\">31<\/span><\/a>\u00deegar einhv\u00f6r syndgar m\u00f3ti s\u00ednum n\u00e1unga og menn heimta ei\u00f0 af honum og l\u00e1ta hann sverja, og ei\u00f0urinn kemur fyrir \u00feitt altari \u00ed \u00feessu h\u00fasi:<a name=\"32\"><span class=\"versanumer\">32<\/span><\/a>svo heyr \u00fe\u00fa \u00ed himninum, og vertu ekki a\u00f0gj\u00f6r\u00f0alaus, og d\u00e6m \u00fe\u00edna \u00fej\u00f3na, a\u00f0 \u00fe\u00fa augl\u00fdsir, a\u00f0 s\u00e1 seki er sekur, og l\u00e1tir hans breytni honum \u00ed koll koma, og a\u00f0 s\u00e1 r\u00e9ttl\u00e1ti er r\u00e9ttl\u00e1tur, me\u00f0 \u00fev\u00ed a\u00f0 umbuna honum eftir hans r\u00e9ttl\u00e6ti.<a name=\"33\"><span class=\"versanumer\">33<\/span><\/a>Ver\u00f0i \u00feitt f\u00f3lk \u00cdsrael sigra\u00f0 af fjandm\u00f6nnum, af \u00fev\u00ed \u00feeir syndgu\u00f0u \u00e1 m\u00f3ti \u00fe\u00e9r, og \u00feeir umvenda s\u00e9r til \u00fe\u00edn, og vi\u00f0urkenna \u00feitt nafn, og bi\u00f0ja og gr\u00e1tb\u00e6na \u00feig \u00ed \u00feessu h\u00fasi:<a name=\"34\"><span class=\"versanumer\">34<\/span><\/a>\u00fe\u00e1 heyr \u00fe\u00fa \u00ed himninum og fyrirgef synd \u00fe\u00edns f\u00f3lks \u00cdsraels, og lei\u00f0 \u00fea\u00f0 heim aftur \u00ed \u00fea\u00f0 land sem \u00fe\u00fa gafst \u00feeirra fe\u00f0rum.<a name=\"35\"><span class=\"versanumer\">35<\/span><\/a>S\u00e9 himinninn l\u00e6stur, svo ekkert regn kemur, af \u00fev\u00ed \u00feeir syndga \u00e1 m\u00f3ti \u00fe\u00e9r, og \u00feeir bi\u00f0ja \u00e1 \u00feessum sta\u00f0, og vi\u00f0urkenna \u00feitt nafn, og sn\u00faa s\u00e9r fr\u00e1 s\u00ednum syndum, af \u00fev\u00ed \u00fe\u00fa au\u00f0m\u00fdkir \u00fe\u00e1,<a name=\"36\"><span class=\"versanumer\">36<\/span><\/a>svo heyr \u00fe\u00fa \u00ed himninum og fyrirgef syndir \u00feinna \u00fej\u00f3na og \u00fe\u00edns f\u00f3lks \u00cdsraels, eftir a\u00f0 \u00fe\u00fa hefir s\u00fdnt \u00feeim \u00feann g\u00f3\u00f0a veg, sem \u00feeir eiga a\u00f0 ganga, og gef regn yfir landi\u00f0, sem \u00fe\u00fa hefir gefi\u00f0 \u00fe\u00ednu f\u00f3lki til eignar.<a name=\"37\"><span class=\"versanumer\">37<\/span><\/a>\u00deegar hall\u00e6ri\u00f0 kemur \u00ed landi\u00f0, e\u00f0a dreps\u00f3tt, e\u00f0a \u00feurrkur, e\u00f0a kornbruni, e\u00f0a ey\u00f0ileggjandi engisprettur eru \u00fear, \u00feegar fjandmennirnir \u00ferengja a\u00f0 f\u00f3lkinu \u00ed landsins borgum, e\u00f0a einhv\u00f6r pl\u00e1ga og sj\u00fakd\u00f3mur:<a name=\"38\"><span class=\"versanumer\">38<\/span><\/a>hv\u00f6rja b\u00e6n, hv\u00f6rja gr\u00e1tbei\u00f0ni sem \u00fe\u00e1 mun koma fr\u00e1 hv\u00f6rjum sem helst manni af \u00f6llu \u00cdsraelsf\u00f3lki, \u00feegar \u00feeir kenna til, hv\u00f6r einn, \u00feess sem \u00fej\u00e1ir hans hjarta, og \u00fatbrei\u00f0a s\u00ednar hendur til \u00feessa h\u00fass:<a name=\"39\"><span class=\"versanumer\">39<\/span><\/a>\u00fe\u00e1 heyr \u00fe\u00fa \u00ed himninum \u00ed sta\u00f0 \u00feinnar \u00edb\u00fa\u00f0ar, og fyrirgef, og gj\u00f6r og gef s\u00e9rhv\u00f6rjum eftir allri hans breytni, eins og \u00fe\u00fa \u00feekkir hans hjarta; \u00fev\u00ed \u00fe\u00fa einn \u00feekkir hj\u00f6rtu allra mannanna barna <span class='VideyAth'>b)<\/span>.<a name=\"40\"><span class=\"versanumer\">40<\/span><\/a>Svo \u00feeir \u00f3ttist \u00feig alla t\u00edma, sem \u00feeir lifa \u00ed landinu, er \u00fe\u00fa gafst \u00feeirra fe\u00f0rum.<a name=\"41\"><span class=\"versanumer\">41<\/span><\/a>Og \u00fe\u00e1 s\u00e1 \u00fatlendi sem ekki er af \u00fe\u00ednu f\u00f3lki \u00cdsrael, og kemur \u00far framandi landi, vegna \u00fe\u00edns nafns,<a name=\"42\"><span class=\"versanumer\">42<\/span><\/a><span class='VideyAth'>(\u00fev\u00ed \u00feeir munu heyra um \u00feitt mikla nafn, og \u00fe\u00edna sterku h\u00f6nd og \u00feinn \u00fatr\u00e9tta arm)<\/span> \u00feegar hann kemur og bi\u00f0ur \u00ed \u00feessu h\u00fasi:<a name=\"43\"><span class=\"versanumer\">43<\/span><\/a>\u00de\u00e1 heyr \u00fe\u00fa \u00ed himninum, \u00ed b\u00fasta\u00f0 \u00fe\u00edns a\u00f0seturs, og gj\u00f6r allt \u00fea\u00f0 sem hinn \u00fatlendi bi\u00f0ur \u00feig um, svo a\u00f0 allar \u00fej\u00f3\u00f0ir \u00e1 j\u00f6r\u00f0unni <span class='VideyAth'>a)<\/span> kannist vi\u00f0 \u00feitt nafn og \u00f3ttist \u00feig, eins og \u00feitt f\u00f3lk, \u00cdsrael, og a\u00f0 \u00feeir vi\u00f0urkenni, a\u00f0 \u00feetta h\u00fas s\u00e9 nefnt eftir \u00fe\u00ednu nafni, \u00fea\u00f0 sem eg hefi byggt.<a name=\"44\"><span class=\"versanumer\">44<\/span><\/a>Og \u00feegar \u00feitt f\u00f3lk fer \u00fat \u00ed str\u00ed\u00f0 m\u00f3t s\u00ednum fjandm\u00f6nnum, \u00e1 \u00feeim vegi sem \u00fe\u00fa sendir \u00fea\u00f0, og \u00fea\u00f0 bi\u00f0ur til Drottins, og <span class='VideyAth'>(sn\u00fdr s\u00e9r)<\/span> til \u00feess sta\u00f0ar sem \u00fe\u00fa hefir \u00fatvali\u00f0, og til \u00feess h\u00fass sem eg hefi byggt \u00fe\u00ednu nafni,<a name=\"45\"><span class=\"versanumer\">45<\/span><\/a>\u00fe\u00e1 heyr \u00ed himninum \u00feess b\u00e6n, og \u00feess gr\u00e1tbei\u00f0ni, og hj\u00e1lpa \u00fev\u00ed til a\u00f0 n\u00e1 r\u00e9tti s\u00ednum,<a name=\"46\"><span class=\"versanumer\">46<\/span><\/a>og \u00feegar \u00feeir syndga \u00e1 m\u00f3ti \u00fe\u00e9r, <span class='VideyAth'>(\u00fev\u00ed enginn er s\u00e1 ma\u00f0ur sem ekki syndgi)<\/span> og \u00fe\u00fa rei\u00f0ist \u00feeim <span class='VideyAth'>b)<\/span>, og gefur \u00fe\u00e1 \u00e1 vald \u00f3vinanna, og sigurvegarinn flytur \u00fe\u00e1 \u00ed fjandmanna land, fj\u00e6r e\u00f0a n\u00e6r;<a name=\"47\"><span class=\"versanumer\">47<\/span><\/a>og \u00feeim gengur \u00fea\u00f0 til hjarta, \u00ed \u00fev\u00ed landi hv\u00f6rt \u00feeir eru fluttir herteknir, og sn\u00faa s\u00e9r til \u00fe\u00edn og gr\u00e1tb\u00e6na \u00feig \u00ed landi \u00feeirra sem sigru\u00f0u \u00fe\u00e1, og segja: v\u00e9r h\u00f6fum syndga\u00f0, og illa breytt og v\u00e9r vorum \u00f3gu\u00f0legir <span class='VideyAth'>c)<\/span>.<a name=\"48\"><span class=\"versanumer\">48<\/span><\/a>Og \u00feeir sn\u00faa s\u00e9r til \u00fe\u00edn, af \u00f6llu hjarta og af allri s\u00e1lu, \u00ed landi sinna \u00f3vina, sem hafa flutt \u00fe\u00e1 burt hertekna og bi\u00f0ja \u00feig, og <span class='VideyAth'>(sn\u00faa s\u00e9r)<\/span> til s\u00edns lands sem \u00fe\u00fa gafst \u00feeirra fe\u00f0rum, til \u00feess sta\u00f0ar sem \u00fe\u00fa \u00fatvaldir, til \u00feess h\u00fass sem eg hefi byggt \u00fe\u00ednu nafni:<a name=\"49\"><span class=\"versanumer\">49<\/span><\/a>\u00fe\u00e1 heyr \u00ed himninum \u00ed \u00fe\u00ednum b\u00fasta\u00f0 \u00feeirra b\u00e6n og gr\u00e1tbei\u00f0ni, og l\u00e1t \u00fe\u00e1 n\u00e1 r\u00e9tti s\u00ednum.<a name=\"50\"><span class=\"versanumer\">50<\/span><\/a>Og fyrirgef \u00fe\u00ednu f\u00f3lki \u00fea\u00f0 sem \u00feeir syndgu\u00f0u m\u00f3ti \u00fe\u00e9r, og allar \u00feeirra yfirtro\u00f0slur, me\u00f0 hv\u00f6rjum \u00feeir brutu \u00e1 m\u00f3ti \u00fe\u00e9r, og l\u00e1t \u00fe\u00e1 finna miskunnsemi hj\u00e1 \u00feeim sem sigru\u00f0u \u00fe\u00e1, a\u00f0 \u00feeir aumkist yfir \u00fe\u00e1.<a name=\"51\"><span class=\"versanumer\">51<\/span><\/a>\u00dev\u00ed \u00feeir eru \u00feitt f\u00f3lk og \u00fe\u00edn eign, \u00fe\u00fa fluttir \u00fe\u00e1 \u00far Egyptalandi \u00far j\u00e1rnofninum <span class='VideyAth'>d)<\/span>,<a name=\"52\"><span class=\"versanumer\">52<\/span><\/a>a\u00f0 \u00fe\u00edn augu s\u00e9u opin fyrir gr\u00e1tbei\u00f0ni \u00fe\u00edns \u00fej\u00f3ns, og gr\u00e1tbei\u00f0ni \u00fe\u00edns f\u00f3lks \u00cdsraels, a\u00f0 \u00fe\u00fa heyrir \u00fe\u00e1, um hva\u00f0 sem \u00feeir \u00e1kalla \u00feig;<a name=\"53\"><span class=\"versanumer\">53<\/span><\/a>\u00fev\u00ed \u00fe\u00fa hefir a\u00f0skili\u00f0 \u00fe\u00e1 \u00fe\u00e9r til eignar fr\u00e1 \u00f6llum \u00fej\u00f3\u00f0um jar\u00f0arinnar, eins og \u00fe\u00fa, minn Drottinn! fluttir vora fe\u00f0ur \u00far Egyptalandi!<a name=\"54\"><span class=\"versanumer\">54<\/span><\/a>En sem Sal\u00f3mon haf\u00f0i loki\u00f0 allri \u00feessari b\u00e6n og gr\u00e1tbei\u00f0ni til Drottins og l\u00e9t af a\u00f0 beygja s\u00edn kn\u00e9, me\u00f0 h\u00f6ndum \u00fatbreiddum til himins;<a name=\"55\"><span class=\"versanumer\">55<\/span><\/a>og gekk fram og blessa\u00f0i \u00cdsraelss\u00f6fnu\u00f0 me\u00f0 h\u00e1rri r\u00f6dd og m\u00e6lti:<a name=\"56\"><span class=\"versanumer\">56<\/span><\/a>vegsama\u00f0ur s\u00e9 Drottinn, sem gefi\u00f0 hefir \u00cdsrael, s\u00ednu f\u00f3lki, hv\u00edld, r\u00e9tt eins og hann lofa\u00f0i! ekkert hans or\u00f0 er ni\u00f0urfalli\u00f0, ekkert af \u00f6llum \u00feeim g\u00f3\u00f0um or\u00f0um sem hann tala\u00f0i fyrir sinn \u00fej\u00f3n, M\u00f3ses <span class='VideyAth'>e)<\/span>.<a name=\"57\"><span class=\"versanumer\">57<\/span><\/a>Drottinn vor Gu\u00f0 s\u00e9 me\u00f0 oss, eins og hann hefir veri\u00f0 me\u00f0 vorum fe\u00f0rum, hann yfirgefi oss ekki, og dragi sig ekki \u00ed hl\u00e9 vi\u00f0 oss.<a name=\"58\"><span class=\"versanumer\">58<\/span><\/a>Hann hneigi vor hj\u00f6rtu til s\u00edn, a\u00f0 v\u00e9r g\u00f6ngum \u00e1 hans vegum, og h\u00f6ldum \u00f6ll hans bo\u00f0or\u00f0, og hans setninga og hans r\u00e9ttindi, sem hann bau\u00f0 vorum fe\u00f0rum <span class='VideyAth'>(a\u00f0 halda)<\/span>.<a name=\"59\"><span class=\"versanumer\">59<\/span><\/a>Og \u00feessi m\u00edn or\u00f0, sem eg hefi be\u00f0i\u00f0 fyrir Drottni, s\u00e9u n\u00e1l\u00e6gt Drottni vorum Gu\u00f0i, dag og n\u00f3tt, a\u00f0 hann l\u00e1ti s\u00edna \u00fej\u00f3na nj\u00f3ta s\u00edns r\u00e9ttar, sitt f\u00f3lk \u00cdsrael, dag eftir dag;<a name=\"60\"><span class=\"versanumer\">60<\/span><\/a>svo a\u00f0 allar \u00fej\u00f3\u00f0ir \u00e1 j\u00f6r\u00f0inni vi\u00f0urkenni, a\u00f0 Drottinn er Gu\u00f0 og enginn annar <span class='VideyAth'>f)<\/span>.<a name=\"61\"><span class=\"versanumer\">61<\/span><\/a>Og y\u00f0ar hj\u00f6rtu tilheyri Drottni vorum Gu\u00f0i algj\u00f6rlega, a\u00f0 \u00fe\u00e9r gangi\u00f0 eftir hans setningum, og haldi\u00f0 hans bo\u00f0or\u00f0 eins og n\u00fa \u00e1 \u00feessum degi.<br \/><a name=\"62\"><span class=\"versanumer\">62<\/span><\/a>Og konungurinn og allur \u00cdsrael f\u00e6r\u00f0u Drottni f\u00f3rnir.<a name=\"63\"><span class=\"versanumer\">63<\/span><\/a>Og Sal\u00f3mon offra\u00f0i \u00feakkarf\u00f3rn sem hann f\u00f3rnf\u00e6r\u00f0i Drottni, 22 \u00fe\u00fasundum nauta, og hundra\u00f0 og 20 \u00fe\u00fasundum sau\u00f0a, og \u00feannig v\u00edg\u00f0i konungurinn og allir \u00cdsraelssynir, h\u00fas Drottins.<a name=\"64\"><span class=\"versanumer\">64<\/span><\/a>\u00c1 sama degi helga\u00f0i konungurinn forgar\u00f0inn fyrir framan Drottins h\u00fas; \u00fev\u00ed \u00fear offra\u00f0i hann brennif\u00f3rn og matf\u00f3rn og feiti brennif\u00f3rnarinnar; \u00fev\u00ed eiraltari\u00f0 frammi fyrir Drottni, var of l\u00edti\u00f0 til \u00feess a\u00f0 \u00fea\u00f0 g\u00e6ti teki\u00f0 brennif\u00f3rnina, matf\u00f3rnina og feiti \u00feakkarf\u00f3rnarinnar.<a name=\"65\"><span class=\"versanumer\">65<\/span><\/a>Og Sal\u00f3mon h\u00e9lt \u00e1 sama t\u00edma h\u00e1t\u00ed\u00f0 og allur \u00cdsrael me\u00f0 honum, mikill s\u00f6fnu\u00f0ur, fr\u00e1 Hemat til Egyptalandsl\u00e6kjar, fyrir Drottni vorum Gu\u00f0i, \u00ed sj\u00f6 og sj\u00f6 daga, 14 daga.<a name=\"66\"><span class=\"versanumer\">66<\/span><\/a>\u00deann \u00e1ttunda dag l\u00e9t hann f\u00f3lki\u00f0 fara fr\u00e1 s\u00e9r, og \u00feeir blessu\u00f0u k\u00f3nginn, og f\u00f3ru burt til sinna tjaldb\u00fa\u00f0a, gla\u00f0ir og me\u00f0 g\u00f3\u00f0u ge\u00f0i, af \u00f6llu \u00fev\u00ed g\u00f3\u00f0a, sem Drottinn haf\u00f0i au\u00f0s\u00fdnt Dav\u00ed\u00f0 s\u00ednum \u00fej\u00f3n, og \u00cdsrael s\u00ednu f\u00f3lki.<\/p>\n<div class=\"footnoteVidey\">V. 1. Sbr. 2. Kron. 5,2.  V. 6. a. Ex. 26,33.34.  V. 9. Ex. 25,16.21. 2 Kron. 5,10. Ebr. 9,4.  V. 11. b. Ex. 40,34. N\u00fam. 9,15. 2 Kron. 5,14. 7,1.  V. 12. c. 2 Kron. 6,1. Ex. 20,21. Devt. 4,11.  V. 13. 2 Sam. 6,18.  V. 22. 2 Kron. 6,12.  V. 27. Esa. 66,1. Postgb. 7,48. 17,24.  V. 29. a. Devt. 12,5.11. 1 K\u00f3ng. 9,3. 2 K\u00f3ng. 21,4.  V. 31. 2 Kron. 6,22. Ex. 22,8.11.  V. 32. Devt. 25,1.  V. 39. b. 1 Sam. 16,7. S\u00e1lm. 7,10.  V. 43. a. Esa. 56,7.  V. 46. b. Or\u00f0skv. 20,9. Pr\u00e9d. 7,20. R\u00f3m. 3,23. 1 J\u00f3h. 1,8.  V. 47. c. S\u00e1lm. 106,6. Dan. 9,5. 2 Kron. 6,37.  V. 51. d. Devt. 4,20.  V. 56. e. J\u00f3hs. 21,45. 23,14.  V. 60. f. Devt. 4,35.39. 32,39.<\/div>\n","protected":false},"excerpt":{"rendered":"<p>Musterisv\u00edgslan. 1\u00de\u00e1 samansafna\u00f0i Sal\u00f3mon \u00f6llum \u00f6ldungum \u00cdsraels, \u00f6llum foringjum \u00e6ttanna, h\u00f6f\u00f0ingjum \u00cdsraelssona \u00e6ttkv\u00edsla, til Sal\u00f3mons k\u00f3ngs \u00ed Jer\u00fasalem, til \u00feess a\u00f0 flytja hinga\u00f0 s\u00e1ttm\u00e1ls\u00f6rk Drottins \u00far Dav\u00ed\u00f0sborg, \u00fea\u00f0 er: \u00far S\u00edon.2Og til Sal\u00f3mons k\u00f3ngs s\u00f6fnu\u00f0ust allir menn af \u00cdsrael \u00ed m\u00e1nu\u00f0inum Etanim, til h\u00e1t\u00ed\u00f0arinnar (\u00fea\u00f0 er s\u00e1 sj\u00f6undi m\u00e1nu\u00f0ur).3Og allir \u00cdsraels \u00f6ldungar komu, og prestarnir b\u00e1ru \u00f6rkina.4Og \u00feeir fluttu \u00feanga\u00f0 (\u00ed musteri\u00f0) \u00f6rk Drottins og samkundutjaldi\u00f0 og \u00f6ll heil\u00f6g \u00e1h\u00f6ld, sem voru \u00ed tjaldinu, \u00feetta fluttu prestarnir og Lev\u00edtarnir.5Og konungurinn Sal\u00f3mon og allur \u00cdsraelss\u00f6fnu\u00f0ur, sem til hans var kominn, gengu me\u00f0 honum fyrir \u00f6rkinni, og f\u00f3rnf\u00e6r\u00f0u sau\u00f0um og nautum er <a href=\"https:\/\/biblian.is\/videy\/fyrri-konungabok-8-kafli\/\"> [&#8230;]<\/a><\/p>\n","protected":false},"author":1,"featured_media":0,"parent":0,"menu_order":0,"comment_status":"open","ping_status":"open","template":"bibliukaflar.php","meta":{"footnotes":""},"class_list":["post-21148","page","type-page","status-publish","hentry"],"_links":{"self":[{"href":"https:\/\/biblian.is\/videy\/wp-json\/wp\/v2\/pages\/21148","targetHints":{"allow":["GET"]}}],"collection":[{"href":"https:\/\/biblian.is\/videy\/wp-json\/wp\/v2\/pages"}],"about":[{"href":"https:\/\/biblian.is\/videy\/wp-json\/wp\/v2\/types\/page"}],"author":[{"embeddable":true,"href":"https:\/\/biblian.is\/videy\/wp-json\/wp\/v2\/users\/1"}],"replies":[{"embeddable":true,"href":"https:\/\/biblian.is\/videy\/wp-json\/wp\/v2\/comments?post=21148"}],"version-history":[{"count":0,"href":"https:\/\/biblian.is\/videy\/wp-json\/wp\/v2\/pages\/21148\/revisions"}],"wp:attachment":[{"href":"https:\/\/biblian.is\/videy\/wp-json\/wp\/v2\/media?parent=21148"}],"curies":[{"name":"wp","href":"https:\/\/api.w.org\/{rel}","templated":true}]}}