{"id":21146,"date":"2018-01-02T01:00:30","date_gmt":"2018-01-02T01:00:30","guid":{"rendered":"http:\/\/biblian.is\/videy\/fyrri-konungabok-6-kafli\/"},"modified":"2018-01-02T01:00:30","modified_gmt":"2018-01-02T01:00:30","slug":"fyrri-konungabok-6-kafli","status":"publish","type":"page","link":"https:\/\/biblian.is\/videy\/fyrri-konungabok-6-kafli\/","title":{"rendered":"Fyrri konungab\u00f3k 6. kafli"},"content":{"rendered":"<div class=\"fyrirsognVidey\">Bygging musterisins.<\/div>\n<p><a name=\"1\"><span class=\"versanumer\">1<\/span><\/a>Og \u00fea\u00f0 ske\u00f0i, \u00e1ri\u00f0 4 hundru\u00f0 og 80 eftir a\u00f0 \u00cdsraelsmenn f\u00f3ru \u00far Egyptalandi, \u00e1 fj\u00f3r\u00f0a \u00e1ri r\u00edkisstj\u00f3rnar Sal\u00f3mons yfir \u00cdsrael \u00ed m\u00e1nu\u00f0inum siv, \u00fea\u00f0 er s\u00e1 annar m\u00e1nu\u00f0ur, a\u00f0 \u00fe\u00e1 bygg\u00f0i hann <span class='VideyAth'>(Sal\u00f3mon)<\/span> Drottni h\u00fas.<a name=\"2\"><span class=\"versanumer\">2<\/span><\/a>Og \u00fea\u00f0 h\u00fas sem Sal\u00f3mon k\u00f3ngur bygg\u00f0i Drottni var 60 \u00e1lnir \u00e1 lengd og 20 \u00e1lnir \u00e1 breidd og 30 \u00e1lnir \u00e1 h\u00e6\u00f0.<a name=\"3\"><span class=\"versanumer\">3<\/span><\/a>Og \u00fear var forbyrgi fram af musterish\u00fasinu, tuttugu \u00e1lna langt, eftir breidd h\u00fassins, og t\u00edu \u00e1lnir var \u00feess breidd fyrir framan h\u00fasi\u00f0.<a name=\"4\"><span class=\"versanumer\">4<\/span><\/a>Og hann gj\u00f6r\u00f0i glugga \u00e1 h\u00fasi\u00f0 me\u00f0 grindverki fyrir.<a name=\"5\"><span class=\"versanumer\">5<\/span><\/a>Og hann bygg\u00f0i vi\u00f0 vegg h\u00fassins allt um kring umgang; vi\u00f0 veggi h\u00fassins allt um kring, b\u00e6\u00f0i musterisins og k\u00f3rsins, og gj\u00f6r\u00f0i st\u00fakur allt um kring.<a name=\"6\"><span class=\"versanumer\">6<\/span><\/a>\u00dea\u00f0 ne\u00f0sta gangr\u00fam var 5 \u00e1lnir \u00e1 v\u00eddd, \u00fea\u00f0 \u00ed mi\u00f0i\u00f0 6 \u00e1lnir \u00e1 breidd og \u00fea\u00f0 efsta 7 \u00e1lnir \u00e1 breidd, \u00fev\u00ed stalla haf\u00f0i hann gj\u00f6rt a\u00f0 utan til \u00e1 h\u00fasinu allt um kring, svo \u00feessi k\u00e6mu ei vi\u00f0 vegg h\u00fassins.<a name=\"7\"><span class=\"versanumer\">7<\/span><\/a>Og h\u00fasi\u00f0 \u00fe\u00e1 \u00fea\u00f0 var byggt, var \u00fea\u00f0 byggt af \u00e1\u00f0ur vel h\u00f6ggnum steini og menn heyr\u00f0u hv\u00f6rki hamar n\u00e9 \u00f6xi, n\u00e9 nokku\u00f0 j\u00e1rn t\u00f3l, hj\u00e1 h\u00fasinu, \u00fe\u00e1 \u00fea\u00f0 var byggt.<a name=\"8\"><span class=\"versanumer\">8<\/span><\/a>Dyr voru \u00e1 h\u00e6gri hli\u00f0 h\u00fassins, \u00ed gegnum hli\u00f0arst\u00fakuna sem var \u00ed mi\u00f0junni, og um skr\u00fafstiga gekk ma\u00f0ur \u00ed mi\u00f0st\u00fakuna, og \u00far henni \u00ed \u00fe\u00e1 \u00feri\u00f0ju.<a name=\"9\"><span class=\"versanumer\">9<\/span><\/a>Og svo bygg\u00f0i hann h\u00fasi\u00f0 og lauk vi\u00f0 \u00fea\u00f0, og \u00feakti h\u00fasi\u00f0 me\u00f0 bor\u00f0um og pl\u00f6nkum af sedrusvi\u00f0i.<a name=\"10\"><span class=\"versanumer\">10<\/span><\/a>Og hann bygg\u00f0i gangr\u00fam \u00e1 \u00f6llu h\u00fasinu allt um kring sem var 5 \u00e1lna \u00e1 h\u00e6\u00f0 og festi vi\u00f0 h\u00fasi\u00f0 me\u00f0 sedrusvi\u00f0.<a name=\"11\"><span class=\"versanumer\">11<\/span><\/a>Og or\u00f0 Drottins ske\u00f0i til Sal\u00f3mons, og m\u00e6lti:<a name=\"12\"><span class=\"versanumer\">12<\/span><\/a>\u00e1hr\u00e6randi \u00feetta h\u00fas sem \u00fe\u00fa byggir\u2014Ef a\u00f0 \u00fe\u00fa gengur eftir m\u00ednum setningum, og gj\u00f6rir m\u00edn r\u00e9ttindi og g\u00e6tir allra minna bo\u00f0or\u00f0a, a\u00f0 \u00fe\u00fa gangir eftir \u00feeim, svo skal eg halda vi\u00f0 \u00feig or\u00f0 mitt sem eg tala\u00f0i vi\u00f0 Dav\u00ed\u00f0 f\u00f6\u00f0ur \u00feinn <span class='VideyAth'>a)<\/span>;<a name=\"13\"><span class=\"versanumer\">13<\/span><\/a>og eg vil b\u00faa me\u00f0al \u00cdsraelssona, og vil ekki yfirgefa mitt f\u00f3lk \u00cdsrael. <br \/><a name=\"14\"><span class=\"versanumer\">14<\/span><\/a>Svo bygg\u00f0i Sal\u00f3mon h\u00fasi\u00f0 og lauk vi\u00f0 \u00fea\u00f0.<a name=\"15\"><span class=\"versanumer\">15<\/span><\/a>Og hann kl\u00e6ddi veggina innan til me\u00f0 sedrusvi\u00f0; fr\u00e1 g\u00f3lfi h\u00fassins upp a\u00f0 veggjum \u00feaksins f\u00f3\u00f0ra\u00f0i hann \u00fea\u00f0 me\u00f0 vi\u00f0, a\u00f0 innanver\u00f0u, en g\u00f3lf h\u00fassins var \u00far furuvi\u00f0arbor\u00f0um.<a name=\"16\"><span class=\"versanumer\">16<\/span><\/a>Af innri enda h\u00fassins af\u00feilja\u00f0i hann me\u00f0 sedrusvi\u00f0arbor\u00f0um 20 \u00e1lnir, fr\u00e1 g\u00f3lfi og til veggja, og \u00fear fyrir innan bygg\u00f0i hann s\u00e9r h\u00fasr\u00fam, sem skyldi vera \u00fea\u00f0 allrahelgasta.<a name=\"17\"><span class=\"versanumer\">17<\/span><\/a>Og 40 \u00e1lnir var h\u00fasi\u00f0, \u00fea\u00f0 er musteri\u00f0 fyrir framan.<a name=\"18\"><span class=\"versanumer\">18<\/span><\/a>Og sedrusvi\u00f0urinn \u00ed h\u00fasinu innan til var me\u00f0 skur\u00f0verki, hn\u00f6ppum og \u00fatsprungnum bl\u00f3mstrum allt af sedrusvi\u00f0, svo hv\u00f6rgi s\u00e1 \u00ed stein.<a name=\"19\"><span class=\"versanumer\">19<\/span><\/a>Og innra part h\u00fassins gj\u00f6r\u00f0i hann svo, a\u00f0 \u00feanga\u00f0 m\u00e6tti flytja l\u00f6gm\u00e1ls\u00f6rk Drottins.<a name=\"20\"><span class=\"versanumer\">20<\/span><\/a>Og hva\u00f0 k\u00f3rinn \u00e1hr\u00e6r\u00f0i, \u00fe\u00e1 var hann 20 \u00e1lna langur og 20 \u00e1lna brei\u00f0ur og 20 \u00e1lna h\u00e1r, og hann f\u00f3\u00f0ra\u00f0i hann me\u00f0 d\u00fdru gulli, og f\u00f3\u00f0ra\u00f0i altari\u00f0 me\u00f0 sedrusvi\u00f0.<a name=\"21\"><span class=\"versanumer\">21<\/span><\/a>Og Sal\u00f3mon f\u00f3\u00f0ra\u00f0i h\u00fasi\u00f0 innan me\u00f0 d\u00fdru gulli, og loka\u00f0i k\u00f3rnum me\u00f0 gylltum st\u00f6ngum og gyllti hann.<a name=\"22\"><span class=\"versanumer\">22<\/span><\/a>Og allt h\u00fasi\u00f0 gyllti hann, j\u00e1 \u00f6ldungis allt h\u00fasi\u00f0, og altari\u00f0, sem var fyrir framan k\u00f3rinn, \u00fea\u00f0 gullbj\u00f3 hann. <br \/><a name=\"23\"><span class=\"versanumer\">23<\/span><\/a>Og hann gj\u00f6r\u00f0i \u00ed k\u00f3rnum tvo ker\u00faba <span class='VideyAth'>b)<\/span> \u00far villtvaxandi ol\u00eduvi\u00f0, \u00feeir voru 10 \u00e1lnir \u00e1 h\u00e6\u00f0.<a name=\"24\"><span class=\"versanumer\">24<\/span><\/a>Og 5 \u00e1lna var annar v\u00e6ngurinn \u00e1 \u00feeim \u00f6\u00f0rum ker\u00fab, og 5 \u00e1lna hinn v\u00e6ngurinn \u00e1 \u00feeim sama ker\u00fab, 10 \u00e1lnir fr\u00e1 enda hans eina v\u00e6ngs, til endans \u00e1 hinum hans v\u00e6ng.<a name=\"25\"><span class=\"versanumer\">25<\/span><\/a>Og 10 \u00e1lnir haf\u00f0i og hinn annar ker\u00fab, b\u00e1\u00f0ir ker\u00fabarnir voru jafn st\u00f3rir og eins gj\u00f6r\u00f0ir.<a name=\"26\"><span class=\"versanumer\">26<\/span><\/a>H\u00e6\u00f0 annars ker\u00fabsins var 10 \u00e1lnir, og eins hins.<a name=\"27\"><span class=\"versanumer\">27<\/span><\/a>Og hann l\u00e9t \u00feessa ker\u00faba vera \u00ed innra h\u00fasinu, og menn breiddu v\u00e6ngi ker\u00fabsins \u00fat, svo a\u00f0 v\u00e6ngur \u00feess annars nam vi\u00f0 vegginn og v\u00e6ngur hins nam og svo vi\u00f0 hinn vegginn og \u00feeirra v\u00e6ngir m\u00e6ttust \u00ed mi\u00f0ju h\u00fasinu, hv\u00f6r v\u00e6ngur snart annan.<a name=\"28\"><span class=\"versanumer\">28<\/span><\/a>Og hann gyllti ker\u00fabana.<a name=\"29\"><span class=\"versanumer\">29<\/span><\/a>Og \u00e1 \u00f6llum veggjum h\u00fassins allt um kring, tilbj\u00f3 hann skur\u00f0verk me\u00f0 ker\u00fabum, p\u00e1lmavi\u00f0i og \u00fatspringandi bl\u00f3mstrum, innan til  og utan til.<a name=\"30\"><span class=\"versanumer\">30<\/span><\/a>Og h\u00fassins g\u00f3lf gullbj\u00f3 hann innan og utan.<a name=\"31\"><span class=\"versanumer\">31<\/span><\/a>Og fyrir k\u00f3rdyrnar setti hann v\u00e6ngjahur\u00f0 \u00far villtvaxandi ol\u00eduvi\u00f0. Dyratr\u00e9\u00f0 me\u00f0 dyrast\u00f6funum var fimmti partur <span class='VideyAth'>(skilr\u00famsins)<\/span>.<a name=\"32\"><span class=\"versanumer\">32<\/span><\/a>Og \u00e1 v\u00e6ngjahur\u00f0ina \u00far \u00feeim villtvaxandi ol\u00eduvi\u00f0, gj\u00f6r\u00f0i hann skur\u00f0verk me\u00f0 ker\u00fabum, p\u00e1lmavi\u00f0 og \u00fatspringandi bl\u00f3mstrum, og gullbj\u00f3 \u00fea\u00f0, og breiddi gulli\u00f0 yfir ker\u00fabana og p\u00e1lmavi\u00f0inn.<a name=\"33\"><span class=\"versanumer\">33<\/span><\/a>S\u00f6mulei\u00f0is gj\u00f6r\u00f0i hann \u00ed dyrum musterisins st\u00f3lpa \u00far villtvaxandi ol\u00eduvi\u00f0, sem t\u00f3ku af fj\u00f3r\u00f0a part veggsins,<a name=\"34\"><span class=\"versanumer\">34<\/span><\/a>og tvennar v\u00e6ngjahur\u00f0ir \u00far furuvi\u00f0, me\u00f0 tveimur hj\u00f6rum \u00f6nnur hur\u00f0in, og m\u00e1tti sn\u00faa henni \u00fear \u00e1, og me\u00f0 tveimur hj\u00f6rum hin hur\u00f0in, ogsvo sn\u00faanleg.<a name=\"35\"><span class=\"versanumer\">35<\/span><\/a>Og hann skar ker\u00faba og p\u00e1lmavi\u00f0, og \u00fatspringandi bl\u00f3mstur h\u00e9r \u00e1, og gullbj\u00f3, svo gulli\u00f0 breiddist yfir skur\u00f0inn.<a name=\"36\"><span class=\"versanumer\">36<\/span><\/a>Hann bygg\u00f0i og \u00feann innri forgar\u00f0, \u00fea\u00f0 voru \u00ferj\u00e1r ra\u00f0ir af h\u00f6ggnum steini og ein r\u00f6\u00f0 af sedrusvi\u00f0arbj\u00e1lkum.<a name=\"37\"><span class=\"versanumer\">37<\/span><\/a>\u00c1 fj\u00f3r\u00f0a \u00e1ri var grundv\u00f6llurinn lag\u00f0ur til Drottins h\u00fass, \u00ed m\u00e1nu\u00f0inum siv,<a name=\"38\"><span class=\"versanumer\">38<\/span><\/a>og \u00e1 ellefta \u00e1ri \u00ed m\u00e1nu\u00f0inum bul <span class='VideyAth'>(s\u00e1 er hinn 8di m\u00e1nu\u00f0ur)<\/span> var h\u00fasi\u00f0 algj\u00f6rt \u00ed \u00f6llum \u00feess p\u00f6rtum og eftir sem \u00fea\u00f0 skyldi vera, og menn voru \u00ed 7 \u00e1r a\u00f0 byggja \u00fea\u00f0.<\/p>\n<div class=\"footnoteVidey\">V. 12. a. Sam. 7,13.  V. 13. Ex. 29,45. N\u00fam. 5,3.  V. 23. b. Ex. 25,18. 37,7.<\/div>\n","protected":false},"excerpt":{"rendered":"<p>Bygging musterisins. 1Og \u00fea\u00f0 ske\u00f0i, \u00e1ri\u00f0 4 hundru\u00f0 og 80 eftir a\u00f0 \u00cdsraelsmenn f\u00f3ru \u00far Egyptalandi, \u00e1 fj\u00f3r\u00f0a \u00e1ri r\u00edkisstj\u00f3rnar Sal\u00f3mons yfir \u00cdsrael \u00ed m\u00e1nu\u00f0inum siv, \u00fea\u00f0 er s\u00e1 annar m\u00e1nu\u00f0ur, a\u00f0 \u00fe\u00e1 bygg\u00f0i hann (Sal\u00f3mon) Drottni h\u00fas.2Og \u00fea\u00f0 h\u00fas sem Sal\u00f3mon k\u00f3ngur bygg\u00f0i Drottni var 60 \u00e1lnir \u00e1 lengd og 20 \u00e1lnir \u00e1 breidd og 30 \u00e1lnir \u00e1 h\u00e6\u00f0.3Og \u00fear var forbyrgi fram af musterish\u00fasinu, tuttugu \u00e1lna langt, eftir breidd h\u00fassins, og t\u00edu \u00e1lnir var \u00feess breidd fyrir framan h\u00fasi\u00f0.4Og hann gj\u00f6r\u00f0i glugga \u00e1 h\u00fasi\u00f0 me\u00f0 grindverki fyrir.5Og hann bygg\u00f0i vi\u00f0 vegg h\u00fassins allt um kring umgang; vi\u00f0 veggi <a href=\"https:\/\/biblian.is\/videy\/fyrri-konungabok-6-kafli\/\"> [&#8230;]<\/a><\/p>\n","protected":false},"author":1,"featured_media":0,"parent":0,"menu_order":0,"comment_status":"open","ping_status":"open","template":"bibliukaflar.php","meta":{"footnotes":""},"class_list":["post-21146","page","type-page","status-publish","hentry"],"_links":{"self":[{"href":"https:\/\/biblian.is\/videy\/wp-json\/wp\/v2\/pages\/21146","targetHints":{"allow":["GET"]}}],"collection":[{"href":"https:\/\/biblian.is\/videy\/wp-json\/wp\/v2\/pages"}],"about":[{"href":"https:\/\/biblian.is\/videy\/wp-json\/wp\/v2\/types\/page"}],"author":[{"embeddable":true,"href":"https:\/\/biblian.is\/videy\/wp-json\/wp\/v2\/users\/1"}],"replies":[{"embeddable":true,"href":"https:\/\/biblian.is\/videy\/wp-json\/wp\/v2\/comments?post=21146"}],"version-history":[{"count":0,"href":"https:\/\/biblian.is\/videy\/wp-json\/wp\/v2\/pages\/21146\/revisions"}],"wp:attachment":[{"href":"https:\/\/biblian.is\/videy\/wp-json\/wp\/v2\/media?parent=21146"}],"curies":[{"name":"wp","href":"https:\/\/api.w.org\/{rel}","templated":true}]}}