{"id":21145,"date":"2018-01-02T01:00:30","date_gmt":"2018-01-02T01:00:30","guid":{"rendered":"http:\/\/biblian.is\/videy\/fyrri-konungabok-5-kafli\/"},"modified":"2018-01-02T01:00:30","modified_gmt":"2018-01-02T01:00:30","slug":"fyrri-konungabok-5-kafli","status":"publish","type":"page","link":"https:\/\/biblian.is\/videy\/fyrri-konungabok-5-kafli\/","title":{"rendered":"Fyrri konungab\u00f3k 5. kafli"},"content":{"rendered":"<div class=\"fyrirsognVidey\">Undirb\u00faningur musterisbyggingarinnar.<\/div>\n<p><a name=\"1\"><span class=\"versanumer\">1<\/span><\/a>Og H\u00edram k\u00f3ngur \u00ed T\u00fdrus sendi s\u00edna \u00fej\u00f3na til Sal\u00f3mons, \u00fev\u00ed hann haf\u00f0i fr\u00e9tt, a\u00f0 \u00feeir hef\u00f0u smurt hann til k\u00f3ngs \u00ed sta\u00f0 f\u00f6\u00f0ur hans; \u00fev\u00ed H\u00edram haf\u00f0i \u00e6t\u00ed\u00f0 veri\u00f0 vinur Dav\u00ed\u00f0s.<a name=\"2\"><span class=\"versanumer\">2<\/span><\/a>Og Sal\u00f3mon sendi aftur til H\u00edrams og m\u00e6lti:<a name=\"3\"><span class=\"versanumer\">3<\/span><\/a>\u00fe\u00fa veist, a\u00f0 Dav\u00ed\u00f0 fa\u00f0ir minn m\u00e1tti ekki byggja h\u00fas nafni Drottins s\u00edns Gu\u00f0s, vegna \u00feess \u00f3fri\u00f0ar sem hann \u00e1tti \u00ed allt um kring, \u00feanga\u00f0 til Drottinn lag\u00f0i hans \u00f3vini undir s\u00f3la hans f\u00f3ta.<a name=\"4\"><span class=\"versanumer\">4<\/span><\/a>Og n\u00fa hefir Drottinn minn Gu\u00f0 gefi\u00f0 m\u00e9r fri\u00f0 allt um kring; enginn m\u00f3tst\u00f6\u00f0uma\u00f0ur er, og engin \u00f3h\u00f6pp <span class='VideyAth'>f)<\/span>.<a name=\"5\"><span class=\"versanumer\">5<\/span><\/a>Og sj\u00e1! eg hefi n\u00fa hugsa\u00f0 a\u00f0 byggja h\u00fas nafni Drottins m\u00edns Gu\u00f0s, eins og Drottinn hefir tala\u00f0 og sagt vi\u00f0 Dav\u00ed\u00f0 f\u00f6\u00f0ur minn: sonur \u00feinn sem eg vil setja \u00ed h\u00e1s\u00e6ti\u00f0, \u00ed \u00feinn sta\u00f0, s\u00e1 hinn sami skal byggja h\u00fas m\u00ednu nafni <span class='VideyAth'>g)<\/span>.<a name=\"6\"><span class=\"versanumer\">6<\/span><\/a>Bj\u00f3\u00f0 \u00fe\u00fa n\u00fa a\u00f0 menn h\u00f6ggi m\u00e9r sedrusvi\u00f0 \u00e1 L\u00edbanon, og m\u00ednir \u00fej\u00f3nar skulu vera me\u00f0 \u00fe\u00ednum \u00fej\u00f3num, eins og \u00fe\u00fa segir, \u00fev\u00ed \u00fe\u00fa veist a\u00f0 enginn ma\u00f0ur vor \u00e1 me\u00f0al kann a\u00f0 h\u00f6ggva tr\u00e9, eins og \u00feeir \u00ed S\u00eddon. <br \/><a name=\"7\"><span class=\"versanumer\">7<\/span><\/a>En sem H\u00edram heyr\u00f0i or\u00f0 Sal\u00f3mons, var\u00f0 hann mj\u00f6g gla\u00f0ur og m\u00e6lti: lofa\u00f0ur veri Drottinn sem hefur gefi\u00f0 Dav\u00ed\u00f0 vitran son yfir \u00feetta mikla f\u00f3lk!<a name=\"8\"><span class=\"versanumer\">8<\/span><\/a>Og H\u00edram sendi til Sal\u00f3mons og m\u00e6lti: eg hefi heyrt \u00fea\u00f0 sem \u00fe\u00fa m\u00e6list til af m\u00e9r; eg skal gj\u00f6ra allt sem \u00fe\u00fa villt vi\u00f0v\u00edkjandi sedrusvi\u00f0num og furuvi\u00f0num.<a name=\"9\"><span class=\"versanumer\">9<\/span><\/a>M\u00ednir \u00fej\u00f3nar skulu flytja vi\u00f0inn fr\u00e1 Libanon til sj\u00e1var, og eg skal l\u00e1ta setja hann \u00ed flota \u00ed sj\u00f3num og flytja allt til \u00feess sta\u00f0ar sem \u00fe\u00fa tiltekur, og \u00fear l\u00e6t eg taka sundur flotann, en \u00fe\u00fa l\u00e6tur s\u00e6kja.<a name=\"10\"><span class=\"versanumer\">10<\/span><\/a>Og svo gaf H\u00edram Sal\u00f3moni sedrusvi\u00f0 og furuvi\u00f0, alla hans \u00f3sk.<a name=\"11\"><span class=\"versanumer\">11<\/span><\/a>En Sal\u00f3mon gaf H\u00edram 20 \u00fe\u00fasund m\u00e6lira <span class='VideyAth'>a)<\/span> <span class='VideyAth'>(kor)<\/span> hveitis, mat fyrir hans h\u00fas, og 20 m\u00e6lira af steyttu vi\u00f0smj\u00f6ri. \u00dea\u00f0 gaf Sal\u00f3mon H\u00edram \u00e1rlega.<a name=\"12\"><span class=\"versanumer\">12<\/span><\/a>Og Drottinn gaf Sal\u00f3moni speki, eins og hann haf\u00f0i heiti\u00f0 honum, og \u00fear var fri\u00f0ur milli H\u00edrams og Sal\u00f3mons, og \u00feeir gj\u00f6r\u00f0u s\u00e1ttm\u00e1la hv\u00f6r vi\u00f0 annan.<a name=\"13\"><span class=\"versanumer\">13<\/span><\/a>Og Sal\u00f3mon k\u00f3ngur lag\u00f0i skyldu kv\u00f6\u00f0 \u00e1 allan \u00cdsrael, og \u00feeir sem \u00e1ttu a\u00f0 gegna skyldu kv\u00f6\u00f0inni voru 30 \u00fe\u00fasundir;<a name=\"14\"><span class=\"versanumer\">14<\/span><\/a>og hann sendi \u00fe\u00e1 til L\u00edbanon, 10 \u00fe\u00fasund \u00ed m\u00e1nu\u00f0i til skiptis; einn m\u00e1nu\u00f0 voru \u00feeir \u00e1 L\u00edbanon, og tvo m\u00e1nu\u00f0i heima hj\u00e1 s\u00e9r; en Adon\u00edram var yfir \u00fev\u00ed f\u00f3lki.<a name=\"15\"><span class=\"versanumer\">15<\/span><\/a>Og Sal\u00f3mon haf\u00f0i 70 \u00fe\u00fasund lestamenn, og 80 \u00fe\u00fasund sem hjuggu \u00e1 fjallinu <span class='VideyAth'>(stein)<\/span>,<a name=\"16\"><span class=\"versanumer\">16<\/span><\/a>auk umsj\u00f3narmanna Sal\u00f3mons yfir verkinu, sem voru \u00ferj\u00fa \u00fe\u00fasund og \u00ferj\u00fa hundru\u00f0; \u00feeir voru yfir f\u00f3lkinu sem verki\u00f0 vann.<a name=\"17\"><span class=\"versanumer\">17<\/span><\/a>Og k\u00f3ngurinn bau\u00f0 a\u00f0 \u00feeir skyldu uppbrj\u00f3ta st\u00f3ra og kostulega steina, til a\u00f0 byggja af grundv\u00f6ll h\u00fassins, h\u00f6ggna steina.<a name=\"18\"><span class=\"versanumer\">18<\/span><\/a>Og byggingarmenn Sal\u00f3mons, og byggingarmenn H\u00edrams, og Gibl\u00edtarnir hjuggu \u00fe\u00e1, og undirbjuggu vi\u00f0inn og steinana til h\u00fassins byggingar.<\/p>\n<div class=\"footnoteVidey\">V. 4. f. Pr\u00e9d. 9,11.  V. 5. g. 2 Sam. 7,13. 1 Kron. 22,10.  V. 11. a. Kap. 4,22.<\/div>\n","protected":false},"excerpt":{"rendered":"<p>Undirb\u00faningur musterisbyggingarinnar. 1Og H\u00edram k\u00f3ngur \u00ed T\u00fdrus sendi s\u00edna \u00fej\u00f3na til Sal\u00f3mons, \u00fev\u00ed hann haf\u00f0i fr\u00e9tt, a\u00f0 \u00feeir hef\u00f0u smurt hann til k\u00f3ngs \u00ed sta\u00f0 f\u00f6\u00f0ur hans; \u00fev\u00ed H\u00edram haf\u00f0i \u00e6t\u00ed\u00f0 veri\u00f0 vinur Dav\u00ed\u00f0s.2Og Sal\u00f3mon sendi aftur til H\u00edrams og m\u00e6lti:3\u00fe\u00fa veist, a\u00f0 Dav\u00ed\u00f0 fa\u00f0ir minn m\u00e1tti ekki byggja h\u00fas nafni Drottins s\u00edns Gu\u00f0s, vegna \u00feess \u00f3fri\u00f0ar sem hann \u00e1tti \u00ed allt um kring, \u00feanga\u00f0 til Drottinn lag\u00f0i hans \u00f3vini undir s\u00f3la hans f\u00f3ta.4Og n\u00fa hefir Drottinn minn Gu\u00f0 gefi\u00f0 m\u00e9r fri\u00f0 allt um kring; enginn m\u00f3tst\u00f6\u00f0uma\u00f0ur er, og engin \u00f3h\u00f6pp f).5Og sj\u00e1! eg hefi n\u00fa hugsa\u00f0 a\u00f0 byggja h\u00fas <a href=\"https:\/\/biblian.is\/videy\/fyrri-konungabok-5-kafli\/\"> [&#8230;]<\/a><\/p>\n","protected":false},"author":1,"featured_media":0,"parent":0,"menu_order":0,"comment_status":"open","ping_status":"open","template":"bibliukaflar.php","meta":{"footnotes":""},"class_list":["post-21145","page","type-page","status-publish","hentry"],"_links":{"self":[{"href":"https:\/\/biblian.is\/videy\/wp-json\/wp\/v2\/pages\/21145","targetHints":{"allow":["GET"]}}],"collection":[{"href":"https:\/\/biblian.is\/videy\/wp-json\/wp\/v2\/pages"}],"about":[{"href":"https:\/\/biblian.is\/videy\/wp-json\/wp\/v2\/types\/page"}],"author":[{"embeddable":true,"href":"https:\/\/biblian.is\/videy\/wp-json\/wp\/v2\/users\/1"}],"replies":[{"embeddable":true,"href":"https:\/\/biblian.is\/videy\/wp-json\/wp\/v2\/comments?post=21145"}],"version-history":[{"count":0,"href":"https:\/\/biblian.is\/videy\/wp-json\/wp\/v2\/pages\/21145\/revisions"}],"wp:attachment":[{"href":"https:\/\/biblian.is\/videy\/wp-json\/wp\/v2\/media?parent=21145"}],"curies":[{"name":"wp","href":"https:\/\/api.w.org\/{rel}","templated":true}]}}