{"id":21142,"date":"2018-01-02T01:00:30","date_gmt":"2018-01-02T01:00:30","guid":{"rendered":"http:\/\/biblian.is\/videy\/fyrri-konungabok-2-kafli\/"},"modified":"2018-01-02T01:00:30","modified_gmt":"2018-01-02T01:00:30","slug":"fyrri-konungabok-2-kafli","status":"publish","type":"page","link":"https:\/\/biblian.is\/videy\/fyrri-konungabok-2-kafli\/","title":{"rendered":"Fyrri konungab\u00f3k 2. kafli"},"content":{"rendered":"<div class=\"fyrirsognVidey\">Dav\u00ed\u00f0s seinasta r\u00e1\u00f0stafan og andl\u00e1t. Sal\u00f3mons r\u00e9ttv\u00edsi.<\/div>\n<p><a name=\"1\"><span class=\"versanumer\">1<\/span><\/a>Og sem Dav\u00ed\u00f0s dagar n\u00e1lgu\u00f0ust dau\u00f0ann, bau\u00f0 hann Sal\u00f3moni syni s\u00ednum og m\u00e6lti:<a name=\"2\"><span class=\"versanumer\">2<\/span><\/a>Eg geng veg allrar veraldar <span class='VideyAth'>a)<\/span>, vert \u00fe\u00fa n\u00fa fastur fyrir, og vertu ma\u00f0ur!<a name=\"3\"><span class=\"versanumer\">3<\/span><\/a>G\u00e6ttu \u00feess er g\u00e6ta ber vi\u00f0 Drottin \u00feinn Gu\u00f0, a\u00f0 \u00fe\u00fa gangir \u00e1 hans vegum, og haldir hans skikkanir og hans bo\u00f0or\u00f0, og hans r\u00e9ttindi, og hans tilskipanir eins og skrifa\u00f0 er \u00ed M\u00f3sesl\u00f6gum, svo \u00fe\u00fa s\u00e9rt lukkulegur \u00ed \u00f6llu sem \u00fe\u00fa gj\u00f6rir, og hv\u00f6rt sem \u00fe\u00fa sn\u00fdr \u00fe\u00e9r;<a name=\"4\"><span class=\"versanumer\">4<\/span><\/a>Svo a\u00f0 Drottinn efni sitt or\u00f0 sem hann hefir tala\u00f0 til m\u00edn, \u00fe\u00e1 hann m\u00e6lti: ef a\u00f0 synir \u00fe\u00ednir g\u00e1 a\u00f0 s\u00ednum vegum, a\u00f0 \u00feeir gangi dyggilega fyrir m\u00e9r, og af \u00f6llu hjarta og af allri \u00f6ndu, svo, sag\u00f0i hann, skal \u00feig ekki vanta mann \u00ed \u00cdsraels h\u00e1s\u00e6ti.<a name=\"5\"><span class=\"versanumer\">5<\/span><\/a>\u00de\u00fa veist l\u00edka hva\u00f0 J\u00f3ab hefir gj\u00f6rt m\u00e9r, sonur Ser\u00faja, hva\u00f0 hann gj\u00f6r\u00f0i \u00feeim tveimur \u00cdsraels hersh\u00f6f\u00f0ingjum, Abner syni Ners <span class='VideyAth'>b)<\/span>, og Amasa syni Jeters <span class='VideyAth'>c)<\/span>, sem hann myrti og \u00fathellti str\u00ed\u00f0sbl\u00f3\u00f0i \u00ed fri\u00f0i, og bar str\u00ed\u00f0sbl\u00f3\u00f0 \u00e1 s\u00ednu belti, sem var um hans lendar, og \u00e1 s\u00ednum sk\u00f3m, sem voru \u00e1 hans f\u00f3tum.<a name=\"6\"><span class=\"versanumer\">6<\/span><\/a>Svo gj\u00f6r eftir \u00fe\u00ednum v\u00edsd\u00f3mi, og l\u00e1t ekki hans gr\u00e1u h\u00e1r koma me\u00f0 fri\u00f0i \u00ed gr\u00f6fina.<a name=\"7\"><span class=\"versanumer\">7<\/span><\/a>En sonum Barsillai, G\u00edlea\u00f0\u00edta skaltu vera n\u00e1\u00f0ugur, \u00feeir skulu vera \u00fe\u00ednir m\u00f6tunautar <span class='VideyAth'>(eta vi\u00f0 \u00feitt bor\u00f0)<\/span>, \u00fev\u00ed svo voru \u00feeir m\u00e9r fylgisamir, \u00fe\u00e1 eg fl\u00fa\u00f0i fyrir br\u00f3\u00f0ur \u00fe\u00ednum Absalon.<a name=\"8\"><span class=\"versanumer\">8<\/span><\/a>Og sj\u00e1! hj\u00e1 \u00fe\u00e9r er S\u00edme\u00ed, sonur Gera Benjam\u00edn\u00edtans, fr\u00e1 Bah\u00farim; \u00feessi sami ba\u00f0 m\u00e9r ills me\u00f0 g\u00edfurlegum form\u00e6lingum, \u00fe\u00e1 eg f\u00f3r til Mahanaim; en hann kom \u00e1 m\u00f3ti m\u00e9r til J\u00f3rdan, og eg s\u00f3r honum vi\u00f0 Drottin og m\u00e6lti: eg skal ekki dey\u00f0a \u00feig me\u00f0 sver\u00f0i!<a name=\"9\"><span class=\"versanumer\">9<\/span><\/a>en l\u00e1ttu hann n\u00fa ekki sleppa undan straffi, \u00fev\u00ed vitur ma\u00f0ur ert \u00fe\u00fa, og veist hva\u00f0 \u00fe\u00fa \u00e1t vi\u00f0 hann a\u00f0 gj\u00f6ra, og l\u00e1ttu hans gr\u00e1u h\u00e1r koma me\u00f0 bl\u00f3\u00f0i \u00ed gr\u00f6fina.<a name=\"10\"><span class=\"versanumer\">10<\/span><\/a>Og svo sofna\u00f0i Dav\u00ed\u00f0 hj\u00e1 s\u00ednum fe\u00f0rum, og var jar\u00f0a\u00f0ur \u00ed Dav\u00ed\u00f0sborg.<a name=\"11\"><span class=\"versanumer\">11<\/span><\/a>En s\u00e1 t\u00edmi, sem Dav\u00ed\u00f0 r\u00edkti yfir \u00cdsrael, var 40 \u00e1r. \u00cd Hebron r\u00edkti hann 7 \u00e1r, og \u00ed Jer\u00fasalem r\u00edkti hann 33 \u00e1r <span class='VideyAth'>d)<\/span>.<a name=\"12\"><span class=\"versanumer\">12<\/span><\/a>Og S\u00e1l\u00f3mon sat \u00ed h\u00e1s\u00e6ti f\u00f6\u00f0ur s\u00edns Dav\u00ed\u00f0s, og hans k\u00f3ngsr\u00edki var\u00f0 mj\u00f6g sta\u00f0fast.<br \/><a name=\"13\"><span class=\"versanumer\">13<\/span><\/a>Og Adon\u00eda, sonur Hag\u00edtar, kom til Batseba m\u00f3\u00f0ur Sal\u00f3mons, og h\u00fan m\u00e6lti: bo\u00f0ar \u00fe\u00edn koma fri\u00f0? og hann svara\u00f0i: <span class='VideyAth'>(j\u00e1)<\/span> fri\u00f0!<a name=\"14\"><span class=\"versanumer\">14<\/span><\/a>Og hann sag\u00f0i: eg hefi eitt or\u00f0 vi\u00f0 \u00feig a\u00f0 tala. Og h\u00fan m\u00e6lti: tala \u00fe\u00fa!<a name=\"15\"><span class=\"versanumer\">15<\/span><\/a>Og hann sag\u00f0i: \u00fe\u00fa veist a\u00f0 konungs r\u00edki\u00f0 var mitt, og allur \u00cdsrael haf\u00f0i auga \u00e1 m\u00e9r, a\u00f0 eg skyldi vera k\u00f3ngur; en n\u00fa hefir r\u00edki\u00f0 bylt s\u00e9r, og er or\u00f0i\u00f0 br\u00f3\u00f0ur m\u00edns, \u00fev\u00ed Drottinn l\u00e9t \u00fea\u00f0 ver\u00f0a hans.<a name=\"16\"><span class=\"versanumer\">16<\/span><\/a>Og n\u00fa bi\u00f0 eg \u00feig einnrar b\u00f3nar, synja \u00fe\u00fa m\u00e9r ekki um hana! Og h\u00fan sag\u00f0i vi\u00f0 hann: tala \u00fe\u00fa!<a name=\"17\"><span class=\"versanumer\">17<\/span><\/a>Og hann m\u00e6lti: tala \u00fe\u00fa vi\u00f0 k\u00f3nginn Sal\u00f3mon, \u00fev\u00ed hann mun ein synja \u00fe\u00e9r, a\u00f0 hann gefi m\u00e9r fyrir konu, Ab\u00edsag af Sunem.<a name=\"18\"><span class=\"versanumer\">18<\/span><\/a>Og Batseba sag\u00f0i: gott og vel! eg skal \u00fe\u00edn vegna tala vi\u00f0 k\u00f3nginn. <br \/><a name=\"19\"><span class=\"versanumer\">19<\/span><\/a>\u00de\u00e1 gekk Batseba inn fyrir k\u00f3ng Sal\u00f3mon til a\u00f0 tala vi\u00f0 hann, vegna Adon\u00eda. Og konungur reis \u00e1 m\u00f3ti henni og laut henni og setti sig \u00ed h\u00e1s\u00e6ti\u00f0, og menn settu \u00fear st\u00f3l, handa m\u00f3\u00f0ur konungsins, og h\u00fan sat honum til h\u00e6gri hli\u00f0ar.<a name=\"20\"><span class=\"versanumer\">20<\/span><\/a>Og h\u00fan t\u00f3k svo til or\u00f0a: eg bi\u00f0 \u00feig l\u00edtillar b\u00f3nar, synja \u00fe\u00fa m\u00e9r ekki! Og konungur sag\u00f0i til hennar: bi\u00f0 \u00fe\u00fa, m\u00f3\u00f0ir m\u00edn! eg mun ekki synja \u00fe\u00e9r.<a name=\"21\"><span class=\"versanumer\">21<\/span><\/a>Og h\u00fan m\u00e6lti: Ab\u00edsag af Sunem ver\u00f0i gefin Adonia br\u00f3\u00f0ur \u00fe\u00ednum fyrir konu. <br \/><a name=\"22\"><span class=\"versanumer\">22<\/span><\/a>\u00de\u00e1 svara\u00f0i Sal\u00f3mon konungur og m\u00e6lti vi\u00f0 m\u00f3\u00f0ur s\u00edna: \u00fev\u00ed bi\u00f0ur \u00fe\u00fa um Ab\u00edsag af Sunem fyrir Adonia? bi\u00f0 \u00fe\u00fa um k\u00f3ngsr\u00edki\u00f0 handa honum, \u00fev\u00ed hann er eldri br\u00f3\u00f0ir, og handa Ab\u00edatar presti, og J\u00f3ab Serujasyni.<a name=\"23\"><span class=\"versanumer\">23<\/span><\/a>Og Sal\u00f3mon s\u00f3r vi\u00f0 Drottin og m\u00e6lti: Gu\u00f0 gj\u00f6ri m\u00e9r \u00fea\u00f0 og ennfremur <span class='VideyAth'>a)<\/span>! \u00feetta or\u00f0 Adonia skal kosta hans l\u00edf!<a name=\"24\"><span class=\"versanumer\">24<\/span><\/a>Og n\u00fa svo sannarlega sem Drottinn lifir, sem mig hefir sta\u00f0fest, og sett mig \u00ed h\u00e1s\u00e6ti Dav\u00ed\u00f0s f\u00f6\u00f0ur m\u00edns og gj\u00f6rt m\u00e9r h\u00fas, eins og hann haf\u00f0i heiti\u00f0, jafnvel \u00ed dag skal Adonia ver\u00f0a l\u00edfl\u00e1tinn.<a name=\"25\"><span class=\"versanumer\">25<\/span><\/a>Og Sal\u00f3mon k\u00f3ngur sendi Benaja son J\u00f3jada, hann vann \u00e1 honum svo a\u00f0 hann d\u00f3. <br \/><a name=\"26\"><span class=\"versanumer\">26<\/span><\/a>Og konungurinn sag\u00f0i vi\u00f0 Ab\u00edatar prest: far \u00fe\u00fa til Anatot \u00fear sem \u00fe\u00fa \u00e1tt akrana, \u00fev\u00ed dau\u00f0ans ma\u00f0ur ert \u00fe\u00fa; en \u00e1 \u00feessum degi vil eg ekki drepa \u00feig, \u00fev\u00ed \u00fe\u00fa barst Gu\u00f0s Drottins \u00f6rk fyrir Dav\u00ed\u00f0 f\u00f6\u00f0ur m\u00ednum og \u00fe\u00fa \u00feoldir illt allan \u00feann t\u00edma sem fa\u00f0ir minn \u00feoldi illt.<a name=\"27\"><span class=\"versanumer\">27<\/span><\/a>\u00deannig rak Sal\u00f3mon Ab\u00edatar burt, svo hann var ei lengur prestur Drottins, til \u00feess a\u00f0 Drottins or\u00f0 skyldi r\u00e6tast, sem hann haf\u00f0i tala\u00f0, vi\u00f0v\u00edkjandi El\u00ed h\u00fasi \u00ed S\u00edl\u00f3. <span class='VideyAth'>(1 Sam. 2,31.32)<\/span>.<br \/><a name=\"28\"><span class=\"versanumer\">28<\/span><\/a>Og \u00feetta spur\u00f0i J\u00f3ab <span class='VideyAth'>(en J\u00f3ab haf\u00f0i haldi\u00f0 me\u00f0 Adonia, en Absalon haf\u00f0i hann ekki a\u00f0hyllst)<\/span>. \u00de\u00e1 fl\u00fa\u00f0i J\u00f3ab \u00ed Drottins tjaldb\u00fa\u00f0, og greip um altarishornin.<a name=\"29\"><span class=\"versanumer\">29<\/span><\/a>Og konungi Sal\u00f3mon var \u00fea\u00f0 sagt, a\u00f0 J\u00f3ab v\u00e6ri fl\u00fainn \u00ed Drottins tjaldb\u00fa\u00f0, og sj\u00e1! hann er vi\u00f0 altari\u00f0. \u00de\u00e1 sendi Sal\u00f3mon Benaja son J\u00f3jada og m\u00e6lti: far \u00fe\u00fa og vinn \u00e1 honum.<a name=\"30\"><span class=\"versanumer\">30<\/span><\/a>Svo kom Benaja \u00ed Drottins tjaldb\u00fa\u00f0 og sag\u00f0i vi\u00f0 hann \u0254: J\u00f3ab: svo segir k\u00f3ngurinn: gakk \u00fe\u00fa \u00fat h\u00e9\u00f0an! og hann svara\u00f0i: nei! h\u00e9r skal eg heldur deyja. Og Benaja l\u00e9t konung vita \u00fea\u00f0, og m\u00e6lti: svo tala\u00f0i J\u00f3ab, og svo svara\u00f0i hann m\u00e9r.<a name=\"31\"><span class=\"versanumer\">31<\/span><\/a>\u00de\u00e1 sag\u00f0i konungurinn vi\u00f0 hann: gj\u00f6r \u00fe\u00fa sem hann sag\u00f0i, og vinn \u00fe\u00fa \u00e1 honum, og graf \u00fe\u00fa hann, og kom \u00fe\u00fa af m\u00e9r og m\u00edns f\u00f6\u00f0urs h\u00fasi, \u00fev\u00ed bl\u00f3\u00f0i sem J\u00f3ab \u00e1n saka hefir \u00fathellt.<a name=\"32\"><span class=\"versanumer\">32<\/span><\/a>Og Drottinn l\u00e1ti hans bl\u00f3\u00f0 koma yfir hans h\u00f6fu\u00f0, \u00fear e\u00f0 hann hefir drepi\u00f0 tvo menn, sem voru r\u00e9ttv\u00edsari og betri en hann, og myrt \u00fe\u00e1 me\u00f0 sver\u00f0i, \u00e1n \u00feess fa\u00f0ir minn Dav\u00ed\u00f0 vissi, Abner son Ners, hersh\u00f6f\u00f0ingja \u00cdsraels, og Amasa, son Jeters, J\u00fada hersh\u00f6f\u00f0ingja.<a name=\"33\"><span class=\"versanumer\">33<\/span><\/a>\u00deeirra bl\u00f3\u00f0 komi yfir J\u00f3abs h\u00f6fu\u00f0 og \u00ed koll hans ni\u00f0jum a\u00f0 eil\u00edfu, en Dav\u00ed\u00f0 og hans ni\u00f0jar og hans h\u00fas og hans h\u00e1s\u00e6ti hafi fri\u00f0 af Drottni eil\u00edflega!<a name=\"34\"><span class=\"versanumer\">34<\/span><\/a>Svo gekk Benaja sonur J\u00f3jada burt, og vann \u00e1 honum og deyddi hann, og hann var grafinn \u00ed s\u00ednu h\u00fasi \u00ed ey\u00f0im\u00f6rkinni.<a name=\"35\"><span class=\"versanumer\">35<\/span><\/a>Og konungurinn setti Benaja son J\u00f3jada \u00ed hans sta\u00f0 yfir herinn <span class='VideyAth'>b)<\/span>, og Sadok prest <span class='VideyAth'>c)<\/span> setti konungurinn \u00ed sta\u00f0 Ab\u00edatars. <br \/><a name=\"36\"><span class=\"versanumer\">36<\/span><\/a>Og konungurinn sendi og kalla\u00f0i S\u00edme\u00ed og sag\u00f0i til hans: bygg \u00fe\u00fa \u00fe\u00e9r h\u00fas \u00ed Jer\u00fasalem og b\u00fa \u00fe\u00fa \u00fear, og far ekki \u00fea\u00f0an hv\u00f6rki \u00ed \u00feessa \u00e1tt n\u00e9 hina.<a name=\"37\"><span class=\"versanumer\">37<\/span><\/a>Og hv\u00f6rn \u00feann dag sem \u00fe\u00fa fer \u00fea\u00f0an, og yfir l\u00e6kinn Kidron, svo skalt \u00fe\u00fa vita, a\u00f0 \u00fe\u00fa hl\u00fdtur a\u00f0 deyja; \u00feitt bl\u00f3\u00f0 komi yfir \u00feitt h\u00f6fu\u00f0!<a name=\"38\"><span class=\"versanumer\">38<\/span><\/a>Og S\u00edme\u00ed svara\u00f0i konunginum: gott og vel! eins og minn herra konungurinn hefir tala\u00f0, svo mun hans \u00fej\u00f3n gj\u00f6ra. Og svo bj\u00f3 S\u00edme\u00ed lengi \u00ed Jer\u00fasalem. <br \/><a name=\"39\"><span class=\"versanumer\">39<\/span><\/a>En a\u00f0 \u00ferem \u00e1rum li\u00f0num var\u00f0 s\u00e1 atbur\u00f0ur, a\u00f0 tveir Simei \u00fer\u00e6lar struku til Akis, sonar Makas k\u00f3ngs \u00ed Gat, og menn s\u00f6g\u00f0u Simei: sj\u00e1! \u00fe\u00ednir \u00fer\u00e6lar eru \u00ed Gat.<a name=\"40\"><span class=\"versanumer\">40<\/span><\/a>\u00de\u00e1 t\u00f3k Simei sig til, og s\u00f6\u00f0la\u00f0i sinn asna, og f\u00f3r til Gat til Akis, til a\u00f0 s\u00e6kja s\u00edna \u00fer\u00e6la; og Simei f\u00f3r og kom me\u00f0 \u00fer\u00e6lana fr\u00e1 Gat.<a name=\"41\"><span class=\"versanumer\">41<\/span><\/a>\u00dea\u00f0 var Sal\u00f3moni sagt, a\u00f0 Simei hef\u00f0i fari\u00f0 fr\u00e1 Jer\u00fasalem til Gat og v\u00e6ri aftur kominn.<a name=\"42\"><span class=\"versanumer\">42<\/span><\/a>\u00de\u00e1 sendi konungur og kalla\u00f0i Simei og sag\u00f0i vi\u00f0 hann: hefi eg ekki s\u00e6rt \u00feig vi\u00f0 Drottin, og lagt r\u00edkt \u00e1 vi\u00f0 \u00feig og sagt: \u00e1 hv\u00f6rjum degi sem \u00fe\u00fa fer \u00ed burt \u00ed \u00feessa e\u00f0a hina \u00e1ttina, svo skalt \u00fe\u00fa vita a\u00f0 \u00fe\u00fa hl\u00fdtur a\u00f0 deyja? Og \u00fe\u00fa sag\u00f0ir vi\u00f0 mig: gott og vel! eg hefi \u00fea\u00f0 heyrt.<a name=\"43\"><span class=\"versanumer\">43<\/span><\/a>En hv\u00f6rs vegna hefir \u00fe\u00fa ekki haldi\u00f0 Drottins ei\u00f0, og \u00fea\u00f0 bo\u00f0or\u00f0 sem eg bau\u00f0 \u00fe\u00e9r?<a name=\"44\"><span class=\"versanumer\">44<\/span><\/a>Og konungurinn m\u00e6lti vi\u00f0 Simei: \u00fe\u00fa veist allt \u00fea\u00f0 illa, sem \u00feitt hjarta er s\u00e9r me\u00f0vitandi, \u00fea\u00f0 sem \u00fe\u00fa gj\u00f6r\u00f0ir Dav\u00ed\u00f0 f\u00f6\u00f0ur m\u00ednum, og n\u00fa l\u00e6tur Drottinn \u00fe\u00edna vonsku \u00fe\u00e9r \u00ed koll koma <span class='VideyAth'>a)<\/span>.<a name=\"45\"><span class=\"versanumer\">45<\/span><\/a>En Sal\u00f3mon k\u00f3ngur mun blessa\u00f0ur vera, og Dav\u00ed\u00f0s h\u00e1s\u00e6ti af Drottni sta\u00f0festast a\u00f0 eil\u00edfu.<a name=\"46\"><span class=\"versanumer\">46<\/span><\/a>Og konungurinn bau\u00f0 Benaja syni Jojada, og hann f\u00f3r og vann \u00e1 honum <span class='VideyAth'>(Simei)<\/span> svo hann d\u00f3. Og k\u00f3ngsr\u00edki\u00f0 festist \u00ed Sal\u00f3mons hendi.<\/p>\n<div class=\"footnoteVidey\">V. 2. a. J\u00f3s. 23,14.  V. 3. Sbr. Devt. 17,18. fl. J\u00f3s. 1,7.  V. 5. b. 2 Sam. 2,27. c. 2 Sam. 20,10.  V. 7. Sbr. 2 Sam. 17,27. 19,31.32.  V. 8. Sbr. 2 Sam. 16,5. 19,16.23.  V. 11. Sbr. 2 Sam. 5,4.5. 1 Kron. 29,26.27.  V. 23. a. 1. Sam. 3,17. 14,44.  V. 35. b. Kap. 4,4. c. 1 Sam. 2,35. 1 Kron. 29,22.  V. 44. a) S\u00e1lm. 54,7. 62,13.<\/div>\n","protected":false},"excerpt":{"rendered":"<p>Dav\u00ed\u00f0s seinasta r\u00e1\u00f0stafan og andl\u00e1t. Sal\u00f3mons r\u00e9ttv\u00edsi. 1Og sem Dav\u00ed\u00f0s dagar n\u00e1lgu\u00f0ust dau\u00f0ann, bau\u00f0 hann Sal\u00f3moni syni s\u00ednum og m\u00e6lti:2Eg geng veg allrar veraldar a), vert \u00fe\u00fa n\u00fa fastur fyrir, og vertu ma\u00f0ur!3G\u00e6ttu \u00feess er g\u00e6ta ber vi\u00f0 Drottin \u00feinn Gu\u00f0, a\u00f0 \u00fe\u00fa gangir \u00e1 hans vegum, og haldir hans skikkanir og hans bo\u00f0or\u00f0, og hans r\u00e9ttindi, og hans tilskipanir eins og skrifa\u00f0 er \u00ed M\u00f3sesl\u00f6gum, svo \u00fe\u00fa s\u00e9rt lukkulegur \u00ed \u00f6llu sem \u00fe\u00fa gj\u00f6rir, og hv\u00f6rt sem \u00fe\u00fa sn\u00fdr \u00fe\u00e9r;4Svo a\u00f0 Drottinn efni sitt or\u00f0 sem hann hefir tala\u00f0 til m\u00edn, \u00fe\u00e1 hann m\u00e6lti: ef a\u00f0 synir \u00fe\u00ednir g\u00e1 <a href=\"https:\/\/biblian.is\/videy\/fyrri-konungabok-2-kafli\/\"> [&#8230;]<\/a><\/p>\n","protected":false},"author":1,"featured_media":0,"parent":0,"menu_order":0,"comment_status":"open","ping_status":"open","template":"bibliukaflar.php","meta":{"footnotes":""},"class_list":["post-21142","page","type-page","status-publish","hentry"],"_links":{"self":[{"href":"https:\/\/biblian.is\/videy\/wp-json\/wp\/v2\/pages\/21142","targetHints":{"allow":["GET"]}}],"collection":[{"href":"https:\/\/biblian.is\/videy\/wp-json\/wp\/v2\/pages"}],"about":[{"href":"https:\/\/biblian.is\/videy\/wp-json\/wp\/v2\/types\/page"}],"author":[{"embeddable":true,"href":"https:\/\/biblian.is\/videy\/wp-json\/wp\/v2\/users\/1"}],"replies":[{"embeddable":true,"href":"https:\/\/biblian.is\/videy\/wp-json\/wp\/v2\/comments?post=21142"}],"version-history":[{"count":0,"href":"https:\/\/biblian.is\/videy\/wp-json\/wp\/v2\/pages\/21142\/revisions"}],"wp:attachment":[{"href":"https:\/\/biblian.is\/videy\/wp-json\/wp\/v2\/media?parent=21142"}],"curies":[{"name":"wp","href":"https:\/\/api.w.org\/{rel}","templated":true}]}}