{"id":21140,"date":"2018-01-02T01:00:30","date_gmt":"2018-01-02T01:00:30","guid":{"rendered":"http:\/\/biblian.is\/videy\/sidari-samuelsbok-24-kafli\/"},"modified":"2018-01-02T01:00:30","modified_gmt":"2018-01-02T01:00:30","slug":"sidari-samuelsbok-24-kafli","status":"publish","type":"page","link":"https:\/\/biblian.is\/videy\/sidari-samuelsbok-24-kafli\/","title":{"rendered":"S\u00ed\u00f0ari Sam\u00faelsb\u00f3k 24. kafli"},"content":{"rendered":"<div class=\"fyrirsognVidey\">F\u00f3lkstal. Pest.<\/div>\n<p><a name=\"1\"><span class=\"versanumer\">1<\/span><\/a>Og rei\u00f0i Drottins loga\u00f0i enn yfir \u00cdsraelsm\u00f6nnum og hann egndi Dav\u00ed\u00f0 gegn \u00feeim, me\u00f0 \u00fev\u00ed a\u00f0 segja: af sta\u00f0! tel \u00fe\u00fa \u00cdsrael og J\u00fada.<a name=\"2\"><span class=\"versanumer\">2<\/span><\/a>\u00de\u00e1 sag\u00f0i konungurinn vi\u00f0 J\u00f3ab, h\u00f6fu\u00f0smann yfir hernum hj\u00e1 s\u00e9r: far \u00fe\u00fa um allar \u00cdsraels kynkv\u00edslir, fr\u00e1 Dan til Berseba, og kanna \u00fe\u00fa f\u00f3lki\u00f0, a\u00f0 eg f\u00e1i a\u00f0 vita t\u00f6lu f\u00f3lksins.<a name=\"3\"><span class=\"versanumer\">3<\/span><\/a>Og J\u00f3ab svara\u00f0i m\u00e1li konungs: Drottinn \u00feinn Gu\u00f0, b\u00e6ti vi\u00f0 f\u00f3lki\u00f0, svo margt sem \u00fea\u00f0 er, hundra\u00f0falt fleiru, svo augu m\u00edns herra konungsins sj\u00e1i \u00fea\u00f0; en hvarfyrir vill minn herra konungurinn gj\u00f6ra \u00feetta?<a name=\"4\"><span class=\"versanumer\">4<\/span><\/a>En k\u00f3ngsins or\u00f0 st\u00f3\u00f0 fast, m\u00f3ti J\u00f3ab og herforingjunum; og J\u00f3ab og herforingjarnir gengu burt fr\u00e1 konunginum, til a\u00f0 kanna \u00cdsraelsf\u00f3lk.<br \/><a name=\"5\"><span class=\"versanumer\">5<\/span><\/a>Og \u00feeir f\u00f3ru yfir J\u00f3rdan, og settu tj\u00f6ld s\u00edn hj\u00e1 Aroer, h\u00e6gramegin sta\u00f0arins, sem liggur mitt \u00ed Ga\u00f0sdal <span class='VideyAth'>a)<\/span>, og \u00ed stefnu til Jaeser.<a name=\"6\"><span class=\"versanumer\">6<\/span><\/a>Og \u00feeir komu \u00ed G\u00edlea\u00f0 og \u00ed h\u00e9ra\u00f0i\u00f0 Tatim til Hadsi, og komu til Dan-Jaan, og \u00ed grennd vi\u00f0 S\u00eddon;<a name=\"7\"><span class=\"versanumer\">7<\/span><\/a>og komu til borgarinnar T\u00fdrus, og til allra sta\u00f0a Hev\u00edta og Kanan\u00edta, og h\u00e9ldu svo su\u00f0ur \u00e1 vi\u00f0 fr\u00e1 J\u00fada til Berseba.<a name=\"8\"><span class=\"versanumer\">8<\/span><\/a>Og svo f\u00f3ru \u00feeir um allt landi\u00f0 og komu aftur til Jer\u00fasalem a\u00f0 li\u00f0num n\u00edu m\u00e1nu\u00f0um og tuttugu d\u00f6gum.<a name=\"9\"><span class=\"versanumer\">9<\/span><\/a>\u00de\u00e1 f\u00e9kk J\u00f3ab k\u00f3nginum t\u00f6lu \u00feess kanna\u00f0a f\u00f3lks, og \u00ed \u00cdsrael voru \u00e1tta sinnum hundra\u00f0 \u00fe\u00fasund vopnf\u00e6rra manna, og J\u00fadamenn voru 5 sinnum hundra\u00f0 \u00fe\u00fasundir manns. <br \/><a name=\"10\"><span class=\"versanumer\">10<\/span><\/a>Og Dav\u00ed\u00f0 \u00e1v\u00edta\u00f0i sitt eigi\u00f0 hjarta \u00fe\u00e1 hann haf\u00f0i tali\u00f0 f\u00f3lki\u00f0; og Dav\u00ed\u00f0 sag\u00f0i vi\u00f0 Drottin: mikil er s\u00fa synd sem eg hefi dr\u00fdgt, a\u00f0 eg gj\u00f6r\u00f0i sl\u00edkt! og n\u00fa Drottinn! tak \u00ed burt yfirsj\u00f3n \u00fe\u00edns \u00fe\u00e9nara; \u00fev\u00ed eg hefi breytt mj\u00f6g heimskulega.<a name=\"11\"><span class=\"versanumer\">11<\/span><\/a>En sem Dav\u00ed\u00f0 st\u00f3\u00f0 upp um morguninn kom or\u00f0 Drottins til Ga\u00f0 sp\u00e1manns sem var Dav\u00ed\u00f0s sj\u00e1andi <span class='VideyAth'>b)<\/span> og m\u00e6lti:<a name=\"12\"><span class=\"versanumer\">12<\/span><\/a>far \u00fe\u00fa og tala vi\u00f0 Dav\u00ed\u00f0: svo segir Drottinn: \u00ferennt legg eg fyrir \u00feig, kj\u00f3s \u00fe\u00fa eitt af \u00fev\u00ed, a\u00f0 eg l\u00e1ti \u00fea\u00f0 yfir \u00feig koma.<a name=\"13\"><span class=\"versanumer\">13<\/span><\/a>Og svo kom Ga\u00f0 til Dav\u00ed\u00f0s og sag\u00f0i honum fr\u00e1 og m\u00e6lti til hans: eiga 7 hungurs \u00e1r a\u00f0 koma \u00ed \u00feitt land, e\u00f0a \u00fea\u00f0, a\u00f0 \u00fe\u00fa fl\u00fdir \u00ed \u00ferj\u00e1 m\u00e1nu\u00f0i fyrir \u00fe\u00ednum \u00f3vinum, og a\u00f0 \u00feeir elti \u00feig, e\u00f0a dreps\u00f3tt s\u00e9 \u00ferj\u00e1 daga \u00ed \u00fe\u00ednu landi? hugsa\u00f0u \u00feig n\u00fa um, og sj\u00e1 til, hva\u00f0a svar eg \u00e1 a\u00f0 f\u00e6ra \u00feeim sem mig sendi.<a name=\"14\"><span class=\"versanumer\">14<\/span><\/a>\u00de\u00e1 sag\u00f0i Dav\u00ed\u00f0 vi\u00f0 Ga\u00f0: mj\u00f6g \u00ferengjumst eg! l\u00e1tum oss samt falla fyrir Drottins hendi, \u00fev\u00ed mikil er hans miskunn, en fyrir manna hendi vil eg ekki falla. <br \/><a name=\"15\"><span class=\"versanumer\">15<\/span><\/a>Svo sendi Drottinn dreps\u00f3tt yfir \u00cdsrael, fr\u00e1 morgni og til \u00feess \u00e1kve\u00f0na t\u00edma, og af f\u00f3lkinu d\u00f3u fr\u00e1 Dan og til Berseba 70 \u00fe\u00fasundir.<a name=\"16\"><span class=\"versanumer\">16<\/span><\/a>Og engillinn \u00fatr\u00e9tti s\u00edna h\u00f6nd yfir Jer\u00fasalem, til a\u00f0 vinna henni tj\u00f3n, \u00fe\u00e1 i\u00f0ra\u00f0ist Drottinn \u00feess illa, og hann sag\u00f0i vi\u00f0 engilinn sem eyddi f\u00f3lkinu, n\u00fa er n\u00f3g! tak \u00fe\u00fa n\u00fa a\u00f0 \u00fe\u00e9r h\u00f6ndina! en engill Drottins var \u00fe\u00e1 hj\u00e1 Arasnar Jeb\u00fas\u00edtans hl\u00f6\u00f0u <span class='VideyAth'>(l\u00e1fagar\u00f0i)<\/span>.<a name=\"17\"><span class=\"versanumer\">17<\/span><\/a>Og Dav\u00ed\u00f0 sag\u00f0i til Drottins er hann s\u00e1 engilinn, sem felldi f\u00f3lki\u00f0, og m\u00e6lti: sj\u00e1! eg hefi syndga\u00f0, og eg hefi broti\u00f0, en \u00feessir sau\u00f0ir, hva\u00f0 hafa \u00feeir gj\u00f6rt? \u00fe\u00edn h\u00f6nd komi yfir mig og yfir m\u00edns f\u00f6\u00f0urs h\u00fas! <br \/><a name=\"18\"><span class=\"versanumer\">18<\/span><\/a>Og \u00e1 \u00feeim sama degi kom Gu\u00f0 til Dav\u00ed\u00f0s og m\u00e6lti vi\u00f0 hann: far \u00fe\u00fa n\u00fa, og set Drottni altari \u00ed hl\u00f6\u00f0u <span class='VideyAth'>(l\u00e1fagar\u00f0i)<\/span> Arasnas, Jeb\u00fas\u00edta.<a name=\"19\"><span class=\"versanumer\">19<\/span><\/a>Og Dav\u00ed\u00f0 f\u00f3r eftir or\u00f0i Ga\u00f0s, eins og Drottinn haf\u00f0i bo\u00f0i\u00f0.<a name=\"20\"><span class=\"versanumer\">20<\/span><\/a>Og Arasna leit til og s\u00e1 k\u00f3nginn og hans \u00fej\u00f3na koma, og hann laut konunginum me\u00f0 andlitinu til jar\u00f0ar.<a name=\"21\"><span class=\"versanumer\">21<\/span><\/a>Og Arasna m\u00e6lti: hv\u00f6rs vegna kemur minn herra k\u00f3ngurinn til s\u00edns \u00fej\u00f3ns? Og Dav\u00ed\u00f0 sag\u00f0i: eg kem til a\u00f0 kaupa \u00fe\u00edna hl\u00f6\u00f0u <span class='VideyAth'>(\u00feinn l\u00e1fagar\u00f0)<\/span> svo eg byggi Drottni \u00fear altari, og a\u00f0 pl\u00e1gunni ver\u00f0i l\u00e9tt af f\u00f3lkinu.<a name=\"22\"><span class=\"versanumer\">22<\/span><\/a>Og Arasna sag\u00f0i til Dav\u00ed\u00f0s: minn herra konungurinn taki hva\u00f0 sem hann vill, og f\u00f3rnf\u00e6ri! Sj\u00e1! \u00fear er nauti\u00f0 til brennif\u00f3rnar, og \u00fear kerran og nautsins rei\u00f0i til <span class='VideyAth'>(eldi)<\/span>vi\u00f0ar.<a name=\"23\"><span class=\"versanumer\">23<\/span><\/a>\u00dea\u00f0 allt gefur Arasna, konungur <span class='VideyAth'>(minn)<\/span>! konunginum. Og Arasna m\u00e6lti vi\u00f0 konunginn: Drottinn \u00feinn Gu\u00f0 taki \u00fe\u00e9r n\u00fa n\u00e1\u00f0arsamlega!<a name=\"24\"><span class=\"versanumer\">24<\/span><\/a>Og k\u00f3ngurinn sag\u00f0i vi\u00f0 Arasna: nei, eg vil heldur kaupa af \u00fe\u00e9r \u00feetta fyrir sitt ver\u00f0, og vil ekki f\u00e6ra brennif\u00f3rn Drottni Gu\u00f0i m\u00ednum m\u00e9r \u00fatl\u00e1talaust. Og svo keypti Dav\u00ed\u00f0 hl\u00f6\u00f0una <span class='VideyAth'>(l\u00e1fagar\u00f0inn)<\/span> og nauti\u00f0 fyrir 50 sikla silfurs.<a name=\"25\"><span class=\"versanumer\">25<\/span><\/a>\u00dear bygg\u00f0i Dav\u00ed\u00f0 Drottni altari og offra\u00f0i brennif\u00f3rn og \u00feakkarf\u00f3rn, og Drottinn s\u00e6ttist vi\u00f0 landi\u00f0, og pl\u00e1gunni var l\u00e9tt af \u00cdsraelsf\u00f3lki.<\/p>\n<div class=\"footnoteVidey\">V. 1. Sbr. 1. Kron. 21,1.  V. 5. a. Devt. 2,36.  V. 11. b. 1 Sam. 22,5.  V. 13. Sbr. 1 Kron. 21,12.  V. 14. Sbr. 1 Kron. 21,13.  V. 18\u201325. Sbr. 1 Kron. 21,18\u201330.<\/div>\n","protected":false},"excerpt":{"rendered":"<p>F\u00f3lkstal. Pest. 1Og rei\u00f0i Drottins loga\u00f0i enn yfir \u00cdsraelsm\u00f6nnum og hann egndi Dav\u00ed\u00f0 gegn \u00feeim, me\u00f0 \u00fev\u00ed a\u00f0 segja: af sta\u00f0! tel \u00fe\u00fa \u00cdsrael og J\u00fada.2\u00de\u00e1 sag\u00f0i konungurinn vi\u00f0 J\u00f3ab, h\u00f6fu\u00f0smann yfir hernum hj\u00e1 s\u00e9r: far \u00fe\u00fa um allar \u00cdsraels kynkv\u00edslir, fr\u00e1 Dan til Berseba, og kanna \u00fe\u00fa f\u00f3lki\u00f0, a\u00f0 eg f\u00e1i a\u00f0 vita t\u00f6lu f\u00f3lksins.3Og J\u00f3ab svara\u00f0i m\u00e1li konungs: Drottinn \u00feinn Gu\u00f0, b\u00e6ti vi\u00f0 f\u00f3lki\u00f0, svo margt sem \u00fea\u00f0 er, hundra\u00f0falt fleiru, svo augu m\u00edns herra konungsins sj\u00e1i \u00fea\u00f0; en hvarfyrir vill minn herra konungurinn gj\u00f6ra \u00feetta?4En k\u00f3ngsins or\u00f0 st\u00f3\u00f0 fast, m\u00f3ti J\u00f3ab og herforingjunum; og J\u00f3ab og herforingjarnir <a href=\"https:\/\/biblian.is\/videy\/sidari-samuelsbok-24-kafli\/\"> [&#8230;]<\/a><\/p>\n","protected":false},"author":1,"featured_media":0,"parent":0,"menu_order":0,"comment_status":"open","ping_status":"open","template":"bibliukaflar.php","meta":{"footnotes":""},"class_list":["post-21140","page","type-page","status-publish","hentry"],"_links":{"self":[{"href":"https:\/\/biblian.is\/videy\/wp-json\/wp\/v2\/pages\/21140","targetHints":{"allow":["GET"]}}],"collection":[{"href":"https:\/\/biblian.is\/videy\/wp-json\/wp\/v2\/pages"}],"about":[{"href":"https:\/\/biblian.is\/videy\/wp-json\/wp\/v2\/types\/page"}],"author":[{"embeddable":true,"href":"https:\/\/biblian.is\/videy\/wp-json\/wp\/v2\/users\/1"}],"replies":[{"embeddable":true,"href":"https:\/\/biblian.is\/videy\/wp-json\/wp\/v2\/comments?post=21140"}],"version-history":[{"count":0,"href":"https:\/\/biblian.is\/videy\/wp-json\/wp\/v2\/pages\/21140\/revisions"}],"wp:attachment":[{"href":"https:\/\/biblian.is\/videy\/wp-json\/wp\/v2\/media?parent=21140"}],"curies":[{"name":"wp","href":"https:\/\/api.w.org\/{rel}","templated":true}]}}