{"id":21139,"date":"2018-01-02T01:00:30","date_gmt":"2018-01-02T01:00:30","guid":{"rendered":"http:\/\/biblian.is\/videy\/sidari-samuelsbok-23-kafli\/"},"modified":"2018-01-02T01:00:30","modified_gmt":"2018-01-02T01:00:30","slug":"sidari-samuelsbok-23-kafli","status":"publish","type":"page","link":"https:\/\/biblian.is\/videy\/sidari-samuelsbok-23-kafli\/","title":{"rendered":"S\u00ed\u00f0ari Sam\u00faelsb\u00f3k 23. kafli"},"content":{"rendered":"<div class=\"fyrirsognVidey\">Seinustu or\u00f0 Dav\u00ed\u00f0s. Kappar hans.<\/div>\n<p><a name=\"1\"><span class=\"versanumer\">1<\/span><\/a>\u00deetta eru \u00feau s\u00ed\u00f0ustu or\u00f0 Dav\u00ed\u00f0s; or\u00f0 Dav\u00ed\u00f0s \u00cdsa\u00edsonar, or\u00f0 \u00feess manns sem h\u00e1tt var settur, Jakobs Gu\u00f0s smur\u00f0a, \u00cdsraels elskulega s\u00e1lmask\u00e1lds.<a name=\"2\"><span class=\"versanumer\">2<\/span><\/a>Andi Drottins talar \u00ed m\u00e9r, og hans or\u00f0 er \u00e1 minni tungu.<a name=\"3\"><span class=\"versanumer\">3<\/span><\/a>\u00cdsraels Gu\u00f0 m\u00e6lti, vi\u00f0 mig tala\u00f0i \u00cdsraels v\u00edgi: <br \/>R\u00e9ttv\u00eds Drottnari yfir m\u00f6nnum, s\u00e1 sem drottnar \u00ed Gu\u00f0s \u00f3tta:<a name=\"4\"><span class=\"versanumer\">4<\/span><\/a>hann er sem morgun lj\u00f3si\u00f0 \u00feegar s\u00f3lin upprennur, sem \u00feokulaus morgun, sem gr\u00e6nka af birtu, og regni sprettur \u00far j\u00f6r\u00f0unni.<a name=\"5\"><span class=\"versanumer\">5<\/span><\/a>Er ekki svo mitt h\u00fas fyrir Gu\u00f0i? \u00fev\u00ed eil\u00edfan s\u00e1ttm\u00e1la hefir hann vi\u00f0 mig gj\u00f6rt, sta\u00f0fest hann \u00ed \u00f6llum <span class='VideyAth'>(greinum)<\/span> og var\u00f0veitt. J\u00e1, alla m\u00edna velfer\u00f0 og alla m\u00edna eftirlangan, mun hann ei l\u00e1ta hana aukast?<br \/><a name=\"6\"><span class=\"versanumer\">6<\/span><\/a>En \u00feeir vondu, \u00feeir allir eru sem \u00fatsnara\u00f0ir \u00feistlar; me\u00f0 hendinni tekur enginn \u00e1 \u00feeim.<a name=\"7\"><span class=\"versanumer\">7<\/span><\/a>Hv\u00f6r sem snertir \u00fe\u00e1, vopnar sig me\u00f0 j\u00e1rni og spj\u00f3tskafti, og \u00ed eldi ver\u00f0a \u00feeir brenndir, \u00fear sem \u00feeir liggja. <br \/><a name=\"8\"><span class=\"versanumer\">8<\/span><\/a>\u00deetta eru n\u00f6fn kappanna <span class='VideyAth'>a)<\/span> sem Dav\u00ed\u00f0 haf\u00f0i: J\u00f3seb-Bassebet Takemon\u00edti, h\u00f6fu\u00f0sma\u00f0ur yfir vagnli\u00f0inu; hann veifa\u00f0i s\u00ednu spj\u00f3ti yfir 8 hundru\u00f0um sem falli\u00f0 h\u00f6f\u00f0u \u00ed einu.<a name=\"9\"><span class=\"versanumer\">9<\/span><\/a>Og n\u00e6stur honum Eleasar, Dodoson, Ahohissonar; hann var einn af \u00feeim \u00feremur k\u00f6ppum me\u00f0 Dav\u00ed\u00f0, \u00feegar \u00feeir gj\u00f6r\u00f0u Filisteum h\u00e1\u00f0ungina, sem \u00fear voru saman komnir til str\u00ed\u00f0s, og \u00cdsraels menn f\u00f3ru \u00e1 m\u00f3ti.<a name=\"10\"><span class=\"versanumer\">10<\/span><\/a>\u00deessi hinn sami st\u00f3\u00f0 upp, og felldi Filistea \u00feanga\u00f0 til hans h\u00f6nd var\u00f0 \u00fereytt, og h\u00f6nd hans tolldi vi\u00f0 sver\u00f0i\u00f0, og Drottinn gaf mikinn sigur \u00e1 \u00feeim degi. Og f\u00f3lki\u00f0 f\u00f3r me\u00f0 honum einasta til a\u00f0 r\u00e6na. <br \/><a name=\"11\"><span class=\"versanumer\">11<\/span><\/a>Eftir hann var Samma sonur Ages Harar\u00edtans. Filistear s\u00f6fnu\u00f0ust saman \u00ed einn h\u00f3p, \u00fear var akur nokkur fullsprottinn me\u00f0 baunir og f\u00f3lki\u00f0 fl\u00fd\u00f0i fyrir Filisteum.<a name=\"12\"><span class=\"versanumer\">12<\/span><\/a>\u00de\u00e1 gekk hann mitt \u00e1 akurinn og bjarga\u00f0i \u00fev\u00ed, og lag\u00f0i a\u00f0 velli Filisteana, og Drottinn veitti mikinn sigur.<a name=\"13\"><span class=\"versanumer\">13<\/span><\/a>Og \u00feeir \u00fer\u00edr af \u00feeim \u00ferj\u00e1t\u00edu h\u00f6f\u00f0ingjum f\u00f3ru af sta\u00f0 og komu um uppskerut\u00edmann til Dav\u00ed\u00f0s \u00ed hellirinn Adullam, og h\u00f3pur af Filisteum l\u00e1 \u00ed dalnum Refaim.<a name=\"14\"><span class=\"versanumer\">14<\/span><\/a>\u00de\u00e1 var Dav\u00ed\u00f0 \u00e1 fjallinu, en Filistear h\u00f6f\u00f0u setuli\u00f0 \u00ed Betlehem.<a name=\"15\"><span class=\"versanumer\">15<\/span><\/a>Dav\u00ed\u00f0 f\u00e9kk \u00fe\u00e1 eftirl\u00f6ngun, og m\u00e6lti: hv\u00f6r s\u00e6kir m\u00e9r vatn a\u00f0 drekka \u00ed brunninn \u00ed Betlehem \u00fear vi\u00f0 hli\u00f0i\u00f0?<a name=\"16\"><span class=\"versanumer\">16<\/span><\/a>\u00de\u00e1 brutust \u00feeir \u00fer\u00edr kappar \u00ed gegnum herb\u00fa\u00f0ir Filisteanna og jusu vatni\u00f0 \u00far brunninum \u00ed Betlehem vi\u00f0 hli\u00f0i\u00f0, og t\u00f3ku \u00fea\u00f0 og f\u00e6r\u00f0u Dav\u00ed\u00f0; en hann vildi ekki drekka \u00fea\u00f0 og hellti \u00fev\u00ed ni\u00f0ur fyrir Drottni,<a name=\"17\"><span class=\"versanumer\">17<\/span><\/a>og m\u00e6lti: fj\u00e6rri s\u00e9 m\u00e9r, Drottinn! a\u00f0 gj\u00f6ra sl\u00edkt! skyldi eg drekka bl\u00f3\u00f0 \u00feeirra manna sem stofnu\u00f0u s\u00e9r \u00ed sl\u00edkan l\u00edfsh\u00e1ska? og hann vildi ekki drekka \u00fea\u00f0. \u00deetta gj\u00f6r\u00f0u \u00feeir \u00fer\u00edr kappar.<br \/><a name=\"18\"><span class=\"versanumer\">18<\/span><\/a>Og Abisai <span class='VideyAth'>b)<\/span> br\u00f3\u00f0ir J\u00f3abs Serujasonar, s\u00e1 hinn sami var h\u00f6fu\u00f0s ma\u00f0ur yfir \u00f6\u00f0rum \u00feremur, og hann veifa\u00f0i s\u00ednu spj\u00f3ti yfir \u00ferj\u00fa hundru\u00f0 a\u00f0 velli lag\u00f0a, og haf\u00f0i miki\u00f0 nafn me\u00f0al \u00feeirra \u00feriggja.<a name=\"19\"><span class=\"versanumer\">19<\/span><\/a>Hann var a\u00f0 s\u00f6nnu virtur fram yfir \u00fe\u00e1 \u00ferj\u00e1\u2014en ekki kom hann til jafns vi\u00f0 hina \u00ferj\u00e1. <br \/><a name=\"20\"><span class=\"versanumer\">20<\/span><\/a>Og Benaja, sonur J\u00f3jadas, sem var sonur duglegs manns, er afreksverk haf\u00f0i unni\u00f0, af Kabsel <span class='VideyAth'>(J\u00f3sb. 15,21)<\/span>. S\u00e1 hinn sami felldi tv\u00f6 gu\u00f0slj\u00f3n af M\u00f3ab; og hinn sami f\u00f3r til og drap lj\u00f3n \u00ed gryfju \u00ed kafaldi.<a name=\"21\"><span class=\"versanumer\">21<\/span><\/a>S\u00e1 sami felldi egypskan mann, mann nokkurn sem haf\u00f0i miki\u00f0 \u00e1lit, og \u00ed hendi \u00feess egypska var spj\u00f3t, en hann f\u00f3r \u00e1 m\u00f3ti honum me\u00f0 staf, og reif spj\u00f3ti\u00f0 \u00far hendi \u00feess egypska og drap hann me\u00f0 hans spj\u00f3ti.<a name=\"22\"><span class=\"versanumer\">22<\/span><\/a>\u00deetta gj\u00f6r\u00f0i Benaja Jojadassonur, og hann haf\u00f0i nafn me\u00f0al \u00feeirra \u00feriggja kappanna.<a name=\"23\"><span class=\"versanumer\">23<\/span><\/a>Af \u00feeim \u00ferj\u00e1t\u00edu var hann hei\u00f0ra\u00f0ur; en ekki var hann jafn \u00feremur \u00feeim fyrstu. Og Dav\u00ed\u00f0 gj\u00f6r\u00f0i hann a\u00f0 s\u00ednu leyndarr\u00e1\u00f0i.<br \/><a name=\"24\"><span class=\"versanumer\">24<\/span><\/a>Asahel, br\u00f3\u00f0ir J\u00f3abs, me\u00f0al \u00feeirra \u00ferj\u00e1t\u00edu. Elhanan, sonur Dodo fr\u00e1 Betlehem.<a name=\"25\"><span class=\"versanumer\">25<\/span><\/a>Samma, Harad\u00edtinn. Elika Harad\u00edti.<a name=\"26\"><span class=\"versanumer\">26<\/span><\/a>Heles, Pald\u00edti. Ira, sonur Ikes, Teko\u00edtans.<a name=\"27\"><span class=\"versanumer\">27<\/span><\/a>Ab\u00edeser, Antot\u00edti. Meb\u00fana Husat\u00edti.<a name=\"28\"><span class=\"versanumer\">28<\/span><\/a>Salmon, Ahoh\u00edti. Maherai, Netofat\u00edti;<a name=\"29\"><span class=\"versanumer\">29<\/span><\/a>Heleb sonur Bahena, Netofat\u00edta. \u00cdta\u00ed, sonur Ribais, fr\u00e1 G\u00edbea \u00ed Benjam\u00edns \u00e6ttkv\u00edsl.<a name=\"30\"><span class=\"versanumer\">30<\/span><\/a>Benaja, P\u00edraton\u00edti. Hidai, fr\u00e1 Rahale-Gaas.<a name=\"31\"><span class=\"versanumer\">31<\/span><\/a>Abialbon Arbat\u00edti. Asmavet, Barum\u00edti.<a name=\"32\"><span class=\"versanumer\">32<\/span><\/a>Eljaba, Salbon\u00edti. Jasens synir og J\u00f3natan.<a name=\"33\"><span class=\"versanumer\">33<\/span><\/a>Samma, Harar\u00edti. Ahiam, sonur Sarars, Harar\u00edta.<a name=\"34\"><span class=\"versanumer\">34<\/span><\/a>Elifelet, sonur Ahasbai, sonar Maakatis. Eliam, sonur Akitofels, G\u00edlon\u00edtans.<a name=\"35\"><span class=\"versanumer\">35<\/span><\/a>Ijgal, sonur Natans, fr\u00e1 Soba, Bani Gad\u00edti.<a name=\"37\"><span class=\"versanumer\">37<\/span><\/a>Selek, Ammon\u00edti, Naharai Berot\u00edti, skjaldsveinn J\u00f3abs, Seruja sonar.<a name=\"38\"><span class=\"versanumer\">38<\/span><\/a>\u00cdra Jetitri.<a name=\"39\"><span class=\"versanumer\">39<\/span><\/a>\u00dar\u00eda Het\u00edti. Allir til samans \u00ferj\u00e1t\u00edu og sj\u00f6.<\/p>\n<div class=\"footnoteVidey\">V. 8. a. 1 Kron. 11,10.11. fl.  V. 18. b. Kap. 21,17.  V. 20. Gu\u00f0slj\u00f3n: m\u00e1ske mikla kappa., \u00f3lma sem lj\u00f3n.<\/div>\n","protected":false},"excerpt":{"rendered":"<p>Seinustu or\u00f0 Dav\u00ed\u00f0s. Kappar hans. 1\u00deetta eru \u00feau s\u00ed\u00f0ustu or\u00f0 Dav\u00ed\u00f0s; or\u00f0 Dav\u00ed\u00f0s \u00cdsa\u00edsonar, or\u00f0 \u00feess manns sem h\u00e1tt var settur, Jakobs Gu\u00f0s smur\u00f0a, \u00cdsraels elskulega s\u00e1lmask\u00e1lds.2Andi Drottins talar \u00ed m\u00e9r, og hans or\u00f0 er \u00e1 minni tungu.3\u00cdsraels Gu\u00f0 m\u00e6lti, vi\u00f0 mig tala\u00f0i \u00cdsraels v\u00edgi: R\u00e9ttv\u00eds Drottnari yfir m\u00f6nnum, s\u00e1 sem drottnar \u00ed Gu\u00f0s \u00f3tta:4hann er sem morgun lj\u00f3si\u00f0 \u00feegar s\u00f3lin upprennur, sem \u00feokulaus morgun, sem gr\u00e6nka af birtu, og regni sprettur \u00far j\u00f6r\u00f0unni.5Er ekki svo mitt h\u00fas fyrir Gu\u00f0i? \u00fev\u00ed eil\u00edfan s\u00e1ttm\u00e1la hefir hann vi\u00f0 mig gj\u00f6rt, sta\u00f0fest hann \u00ed \u00f6llum (greinum) og var\u00f0veitt. J\u00e1, alla m\u00edna velfer\u00f0 og <a href=\"https:\/\/biblian.is\/videy\/sidari-samuelsbok-23-kafli\/\"> [&#8230;]<\/a><\/p>\n","protected":false},"author":1,"featured_media":0,"parent":0,"menu_order":0,"comment_status":"open","ping_status":"open","template":"bibliukaflar.php","meta":{"footnotes":""},"class_list":["post-21139","page","type-page","status-publish","hentry"],"_links":{"self":[{"href":"https:\/\/biblian.is\/videy\/wp-json\/wp\/v2\/pages\/21139","targetHints":{"allow":["GET"]}}],"collection":[{"href":"https:\/\/biblian.is\/videy\/wp-json\/wp\/v2\/pages"}],"about":[{"href":"https:\/\/biblian.is\/videy\/wp-json\/wp\/v2\/types\/page"}],"author":[{"embeddable":true,"href":"https:\/\/biblian.is\/videy\/wp-json\/wp\/v2\/users\/1"}],"replies":[{"embeddable":true,"href":"https:\/\/biblian.is\/videy\/wp-json\/wp\/v2\/comments?post=21139"}],"version-history":[{"count":0,"href":"https:\/\/biblian.is\/videy\/wp-json\/wp\/v2\/pages\/21139\/revisions"}],"wp:attachment":[{"href":"https:\/\/biblian.is\/videy\/wp-json\/wp\/v2\/media?parent=21139"}],"curies":[{"name":"wp","href":"https:\/\/api.w.org\/{rel}","templated":true}]}}