{"id":21138,"date":"2018-01-02T01:00:30","date_gmt":"2018-01-02T01:00:30","guid":{"rendered":"http:\/\/biblian.is\/videy\/sidari-samuelsbok-22-kafli\/"},"modified":"2018-01-02T01:00:30","modified_gmt":"2018-01-02T01:00:30","slug":"sidari-samuelsbok-22-kafli","status":"publish","type":"page","link":"https:\/\/biblian.is\/videy\/sidari-samuelsbok-22-kafli\/","title":{"rendered":"S\u00ed\u00f0ari Sam\u00faelsb\u00f3k 22. kafli"},"content":{"rendered":"<div class=\"fyrirsognVidey\">\u00deakkl\u00e6tis S\u00e1lmur Dav\u00ed\u00f0s. (sj\u00e1 18 Dav\u00ed\u00f0ss\u00e1lm).<\/div>\n<p><a name=\"1\"><span class=\"versanumer\">1<\/span><\/a>Og Dav\u00ed\u00f0 tala\u00f0i vi\u00f0 Drottin or\u00f0 \u00feessara lj\u00f3\u00f0a, \u00e1 \u00feeim t\u00edma, \u00fe\u00e1 Drottinn haf\u00f0i frelsa\u00f0 hann af hendi allra hans \u00f3vina og af hendi S\u00e1ls,<a name=\"2\"><span class=\"versanumer\">2<\/span><\/a>og m\u00e6lti: Drottinn <span class='VideyAth'>(er)<\/span> mitt bjarg, m\u00edn borg og minn hj\u00e1lpari.<a name=\"3\"><span class=\"versanumer\">3<\/span><\/a>Gu\u00f0 m\u00edns bjargs, til hv\u00f6rs eg fl\u00fd, minn skj\u00f6ldur, horn minnar heillar, mitt v\u00edgi og gri\u00f0asta\u00f0ur, minn frelsari, undan ofbeldinu hj\u00e1lpar \u00fe\u00fa m\u00e9r.<a name=\"4\"><span class=\"versanumer\">4<\/span><\/a>\u00deann vegsamlega kalla\u00f0i eg, Drottinn, og m\u00e9r var bjarga\u00f0 fr\u00e1 m\u00ednum \u00f3vinum.<a name=\"5\"><span class=\"versanumer\">5<\/span><\/a>Dau\u00f0ans bo\u00f0ar h\u00f6f\u00f0u umkringt mig og l\u00edftj\u00f3nsins bylgjur h\u00f6f\u00f0u skelft mig.<a name=\"6\"><span class=\"versanumer\">6<\/span><\/a>Heljunnar sn\u00f6rur umspenntu mig, eg var fl\u00e6ktur \u00ed dau\u00f0ans m\u00f6skvum.<a name=\"7\"><span class=\"versanumer\">7<\/span><\/a>Eg kalla\u00f0i til Drottins \u00ed m\u00ednum \u00ferautum, og til m\u00edns Gu\u00f0s hr\u00f3pa\u00f0i eg, og hann heyr\u00f0i \u00ed sinni h\u00f6ll m\u00edna raust og mitt \u00f3p kom honum til eyrna.<a name=\"8\"><span class=\"versanumer\">8<\/span><\/a>\u00de\u00e1 bifa\u00f0ist og hristist j\u00f6r\u00f0in, og himinsins grundv\u00f6llur n\u00f6tra\u00f0i og hr\u00e6r\u00f0ist, af \u00fev\u00ed hann <span class='VideyAth'>(Drottinn)<\/span> reiddist.<a name=\"9\"><span class=\"versanumer\">9<\/span><\/a>Reyk lag\u00f0i \u00far hans n\u00f6sum, og fort\u00e6randi eld \u00far hans munni, svo \u00fear af leiftra\u00f0i.<a name=\"10\"><span class=\"versanumer\">10<\/span><\/a>Hann sveig\u00f0i himininn, og st\u00e9 ni\u00f0ur, myrkur var undir hans f\u00f3tum.<a name=\"11\"><span class=\"versanumer\">11<\/span><\/a>Og hann f\u00f3r \u00e1fram \u00e1 ker\u00fabum og flaug, hann s\u00e1st \u00e1 vindsins v\u00e6ngjum.<a name=\"12\"><span class=\"versanumer\">12<\/span><\/a>Hann gj\u00f6r\u00f0i dimmuna allt \u00ed kringum sig a\u00f0 tjaldi, \u00fea\u00f0 \u00feykka vatnssk\u00fd.<a name=\"13\"><span class=\"versanumer\">13<\/span><\/a>\u00dar glampanum fyrir framan hann brann eldur.<a name=\"14\"><span class=\"versanumer\">14<\/span><\/a>Drottinn l\u00e9t \u00ferumur ganga fr\u00e1 himninum, og s\u00e1 \u00e6\u00f0sti l\u00e9t sinn r\u00f3m heyra.<a name=\"15\"><span class=\"versanumer\">15<\/span><\/a>Hann skaut s\u00ednum \u00f6rvum, og l\u00e9t \u00fe\u00e6r fara v\u00ed\u00f0a, og eldingum \u00ed \u00fdmsar \u00e1ttir.<a name=\"16\"><span class=\"versanumer\">16<\/span><\/a>Og d\u00e6ldir sj\u00e1varins komu \u00ed augs\u00fdn, grundv\u00f6llur jar\u00f0arinnar var\u00f0 bers\u00fdnilegur, fyrir h\u00f3tun Drottins, fyrir bl\u00e1stri hans nasa.<a name=\"17\"><span class=\"versanumer\">17<\/span><\/a>Hann seildist \u00far h\u00e6\u00f0inni, \u00fereif til m\u00edn og dr\u00f3 mig \u00far miklum v\u00f6tnum.<a name=\"18\"><span class=\"versanumer\">18<\/span><\/a>Hann frelsa\u00f0i mig fr\u00e1 m\u00ednum \u00f3vinum, \u00feeim sterku, fr\u00e1 m\u00ednum hatursm\u00f6nnum sem h\u00f6f\u00f0u or\u00f0i\u00f0 m\u00e9r yfirsterkari.<a name=\"19\"><span class=\"versanumer\">19<\/span><\/a>\u00de\u00e9r yfirf\u00e9llu mig \u00e1 \u00f3lukkunnar degi, en Drottinn var m\u00edn v\u00f6rn.<br \/><a name=\"20\"><span class=\"versanumer\">20<\/span><\/a>Hann flutti mig <span class='VideyAth'>(\u00far \u00ferengslum)<\/span> \u00e1 v\u00ed\u00f0lendi, dr\u00f3 mig \u00feanga\u00f0, af \u00fev\u00ed hann elska\u00f0i mig.<a name=\"21\"><span class=\"versanumer\">21<\/span><\/a>Drottinn umbuna\u00f0i m\u00e9r eftir minni r\u00e9ttv\u00edsi, endurgalt m\u00e9r eftir hreinku minna handa.<a name=\"22\"><span class=\"versanumer\">22<\/span><\/a>\u00dev\u00ed eg h\u00e9lt Drottins veg, og \u00ferj\u00f3ska\u00f0ist ekki vi\u00f0 minn Gu\u00f0.<a name=\"23\"><span class=\"versanumer\">23<\/span><\/a>\u00dev\u00ed \u00f6ll hans r\u00e9ttindi haf\u00f0i eg m\u00e9r fyrir augum, og fr\u00e1 hans setningum v\u00e9k eg ekki;<a name=\"24\"><span class=\"versanumer\">24<\/span><\/a>eg syndga\u00f0i ekki \u00e1 m\u00f3ti honum, og g\u00e6tti m\u00edn vi\u00f0 m\u00ednum yfirsj\u00f3num;<a name=\"25\"><span class=\"versanumer\">25<\/span><\/a>\u00fev\u00ed launa\u00f0i Drottinn m\u00e9r eftir minni r\u00e9ttv\u00edsi, eftir minni hreinku sem hann s\u00e1.<br \/><a name=\"26\"><span class=\"versanumer\">26<\/span><\/a>Vi\u00f0 \u00fe\u00e1 g\u00f3\u00f0u, ert \u00fe\u00fa g\u00f3\u00f0ur, vi\u00f0 \u00fe\u00e1 r\u00e1\u00f0v\u00f6ndu ert \u00fe\u00fa r\u00e1\u00f0vandur.<a name=\"27\"><span class=\"versanumer\">27<\/span><\/a>Vi\u00f0 \u00fe\u00e1 hreinskilnu ert \u00fe\u00fa hreinskilinn; en vi\u00f0 \u00fe\u00e1 f\u00f6lsku ert \u00fe\u00fa vi\u00f0sj\u00e1ll.<a name=\"28\"><span class=\"versanumer\">28<\/span><\/a>Og \u00feeim ves\u00e6lu m\u00f6nnum hj\u00e1lpar \u00fe\u00fa, og \u00fe\u00edn augu l\u00edta til \u00feeirra drambl\u00e1tu, a\u00f0 \u00fe\u00fa au\u00f0m\u00fdkir \u00fe\u00e1. <br \/><a name=\"29\"><span class=\"versanumer\">29<\/span><\/a>J\u00e1, Drottinn, \u00fe\u00fa varst mitt lj\u00f3s, Drottinn uppl\u00fdsti m\u00edna dimmu.<a name=\"30\"><span class=\"versanumer\">30<\/span><\/a>Me\u00f0 \u00fe\u00e9r rann eg \u00e1 m\u00f3ti hermannaskara, me\u00f0 m\u00ednum Gu\u00f0i st\u00f6kk eg yfir borgarveggi.<a name=\"31\"><span class=\"versanumer\">31<\/span><\/a>Gu\u00f0s vegir eru svikalausir, Drottins or\u00f0 er sk\u00edrt <span class='VideyAth'>a)<\/span>, skj\u00f6ldur <span class='VideyAth'>b)<\/span> er hann \u00f6llum, sem honum treysta.<br \/><a name=\"32\"><span class=\"versanumer\">32<\/span><\/a>\u00dev\u00ed hv\u00f6r er Gu\u00f0 nema Drottinn, og hv\u00f6r er v\u00edgi nema vor Gu\u00f0?<a name=\"33\"><span class=\"versanumer\">33<\/span><\/a>Gu\u00f0 er mitt v\u00edgi, hann leiddi \u00feann r\u00e1\u00f0vanda s\u00edna g\u00f6tu.<a name=\"34\"><span class=\"versanumer\">34<\/span><\/a>Hann gaf m\u00e9r f\u00e6tur l\u00edka hjartarins og l\u00e9t mig \u00e1 m\u00ednar h\u00e6\u00f0ir <span class='VideyAth'>c)<\/span>.<a name=\"35\"><span class=\"versanumer\">35<\/span><\/a>Hann kenndi m\u00ednum h\u00f6ndum a\u00f0 berjast og m\u00ednum \u00f6rmum a\u00f0 spenna eirbogann.<a name=\"36\"><span class=\"versanumer\">36<\/span><\/a>\u00de\u00fa r\u00e9ttir m\u00e9r skj\u00f6ld \u00feinnar hj\u00e1lpar, og \u00fe\u00edn b\u00e6nheyrsla upph\u00f3f mig.<a name=\"37\"><span class=\"versanumer\">37<\/span><\/a>\u00de\u00fa gafst r\u00fam m\u00ednum sporum <span class='VideyAth'>d)<\/span> og m\u00ednir \u00f6kklar veiklu\u00f0ust ekki.<a name=\"38\"><span class=\"versanumer\">38<\/span><\/a>Eg elti m\u00edna \u00f3vini og lag\u00f0i \u00fe\u00e1 a\u00f0 velli, og sneri ekki fyrri vi\u00f0, en eg haf\u00f0i afm\u00e1\u00f0 \u00fe\u00e1.<a name=\"39\"><span class=\"versanumer\">39<\/span><\/a>Eg afm\u00e1\u00f0i og sundurmuldi \u00fe\u00e1, svo \u00feeir g\u00e1tu ei uppsta\u00f0i\u00f0, \u00feeir hnigu undir m\u00edna f\u00e6tur.<a name=\"40\"><span class=\"versanumer\">40<\/span><\/a>\u00de\u00fa girtir mig krafti til str\u00ed\u00f0s, \u00fe\u00fa au\u00f0m\u00fdktir \u00fe\u00e1 undir mig, sem risu m\u00f3ti m\u00e9r.<a name=\"41\"><span class=\"versanumer\">41<\/span><\/a>M\u00edna \u00f3vini l\u00e9stu fl\u00fdja fyrir m\u00e9r, og m\u00edna hatursmenn, a\u00f0 eg ey\u00f0ileggi \u00fe\u00e1.<a name=\"42\"><span class=\"versanumer\">42<\/span><\/a>\u00deeir litu\u00f0ust um, enginn hj\u00e1lpari var \u00fear, til Drottins, hann heyr\u00f0i \u00fe\u00e1 ekki.<a name=\"43\"><span class=\"versanumer\">43<\/span><\/a>Eg sundurmuldi \u00fe\u00e1 sem ryk jar\u00f0ar, sem saur \u00e1 g\u00f6tum sundurtr\u00f3\u00f0, sundurtrampa\u00f0i eg \u00fe\u00e1.<a name=\"44\"><span class=\"versanumer\">44<\/span><\/a>\u00de\u00fa frelsa\u00f0ir mig fr\u00e1 deilum m\u00edns f\u00f3lks, og var\u00f0veittir mig, a\u00f0 eg skyldi ver\u00f0a h\u00f6f\u00f0ingi \u00fej\u00f3\u00f0anna. \u00dej\u00f3\u00f0ir, sem eg ekki \u00feekkti, \u00fej\u00f3na m\u00e9r.<a name=\"45\"><span class=\"versanumer\">45<\/span><\/a>Synir enna \u00fatlendu tala fagurt \u00ed m\u00edn eyru, skilabo\u00f0um fr\u00e1 m\u00e9r hl\u00fd\u00f0a \u00feeir.<a name=\"46\"><span class=\"versanumer\">46<\/span><\/a>\u00datlendra synir dragast upp, \u00feeir skrei\u00f0ast \u00fat \u00far s\u00ednum borgum. <br \/><a name=\"47\"><span class=\"versanumer\">47<\/span><\/a>Drottinn lifi, vegsama\u00f0 s\u00e9 mitt v\u00edgi! lofa\u00f0ur s\u00e9 Gu\u00f0, v\u00edgi\u00f0 minnar velfer\u00f0ar.<a name=\"48\"><span class=\"versanumer\">48<\/span><\/a>\u00de\u00fa Gu\u00f0! sem untir m\u00e9r hefnda, og lag\u00f0ir f\u00f3lki\u00f0 undir mig.<a name=\"49\"><span class=\"versanumer\">49<\/span><\/a>Sem frelsa\u00f0ir mig fr\u00e1 m\u00ednum \u00f3vinum, og h\u00f3fst mig yfir m\u00edna m\u00f3tst\u00f6\u00f0umenn, fr\u00e1 ofbeldism\u00f6nnunum frelsa\u00f0ir \u00fe\u00fa mig.<a name=\"50\"><span class=\"versanumer\">50<\/span><\/a>\u00dev\u00ed vil eg vegsama \u00feig, Drottinn! me\u00f0al \u00fej\u00f3\u00f0anna og \u00fe\u00ednu nafni syngja lof,<a name=\"51\"><span class=\"versanumer\">51<\/span><\/a>sem l\u00e9nar s\u00ednum k\u00f3ngi mikla heill, og l\u00e6tur s\u00ednum smur\u00f0a n\u00e1\u00f0 \u00ed t\u00e9, Dav\u00ed\u00f0, og hans ni\u00f0jum a\u00f0 eil\u00edfu.<\/p>\n<div class=\"footnoteVidey\">V. 31. a. S\u00e1lm. 12,7. 19,9. Or\u00f0skv. 30,5. b. Gen. 15,1. S\u00e1lm. 7,11.  V. 32. Sbr. Esa. 43,10.11. 44,8.  V. 34. c. Devt. 33,29.  V. 35. Sbr. S\u00e1lm. 144,1.  V. 37. d. S\u00e1lm. 31,9.<\/div>\n","protected":false},"excerpt":{"rendered":"<p>\u00deakkl\u00e6tis S\u00e1lmur Dav\u00ed\u00f0s. (sj\u00e1 18 Dav\u00ed\u00f0ss\u00e1lm). 1Og Dav\u00ed\u00f0 tala\u00f0i vi\u00f0 Drottin or\u00f0 \u00feessara lj\u00f3\u00f0a, \u00e1 \u00feeim t\u00edma, \u00fe\u00e1 Drottinn haf\u00f0i frelsa\u00f0 hann af hendi allra hans \u00f3vina og af hendi S\u00e1ls,2og m\u00e6lti: Drottinn (er) mitt bjarg, m\u00edn borg og minn hj\u00e1lpari.3Gu\u00f0 m\u00edns bjargs, til hv\u00f6rs eg fl\u00fd, minn skj\u00f6ldur, horn minnar heillar, mitt v\u00edgi og gri\u00f0asta\u00f0ur, minn frelsari, undan ofbeldinu hj\u00e1lpar \u00fe\u00fa m\u00e9r.4\u00deann vegsamlega kalla\u00f0i eg, Drottinn, og m\u00e9r var bjarga\u00f0 fr\u00e1 m\u00ednum \u00f3vinum.5Dau\u00f0ans bo\u00f0ar h\u00f6f\u00f0u umkringt mig og l\u00edftj\u00f3nsins bylgjur h\u00f6f\u00f0u skelft mig.6Heljunnar sn\u00f6rur umspenntu mig, eg var fl\u00e6ktur \u00ed dau\u00f0ans m\u00f6skvum.7Eg kalla\u00f0i til Drottins \u00ed m\u00ednum \u00ferautum, og <a href=\"https:\/\/biblian.is\/videy\/sidari-samuelsbok-22-kafli\/\"> [&#8230;]<\/a><\/p>\n","protected":false},"author":1,"featured_media":0,"parent":0,"menu_order":0,"comment_status":"open","ping_status":"open","template":"bibliukaflar.php","meta":{"footnotes":""},"class_list":["post-21138","page","type-page","status-publish","hentry"],"_links":{"self":[{"href":"https:\/\/biblian.is\/videy\/wp-json\/wp\/v2\/pages\/21138","targetHints":{"allow":["GET"]}}],"collection":[{"href":"https:\/\/biblian.is\/videy\/wp-json\/wp\/v2\/pages"}],"about":[{"href":"https:\/\/biblian.is\/videy\/wp-json\/wp\/v2\/types\/page"}],"author":[{"embeddable":true,"href":"https:\/\/biblian.is\/videy\/wp-json\/wp\/v2\/users\/1"}],"replies":[{"embeddable":true,"href":"https:\/\/biblian.is\/videy\/wp-json\/wp\/v2\/comments?post=21138"}],"version-history":[{"count":0,"href":"https:\/\/biblian.is\/videy\/wp-json\/wp\/v2\/pages\/21138\/revisions"}],"wp:attachment":[{"href":"https:\/\/biblian.is\/videy\/wp-json\/wp\/v2\/media?parent=21138"}],"curies":[{"name":"wp","href":"https:\/\/api.w.org\/{rel}","templated":true}]}}