{"id":21135,"date":"2018-01-02T01:00:30","date_gmt":"2018-01-02T01:00:30","guid":{"rendered":"http:\/\/biblian.is\/videy\/sidari-samuelsbok-19-kafli\/"},"modified":"2018-01-02T01:00:30","modified_gmt":"2018-01-02T01:00:30","slug":"sidari-samuelsbok-19-kafli","status":"publish","type":"page","link":"https:\/\/biblian.is\/videy\/sidari-samuelsbok-19-kafli\/","title":{"rendered":"S\u00ed\u00f0ari Sam\u00faelsb\u00f3k 19. kafli"},"content":{"rendered":"<div class=\"fyrirsognVidey\">Dav\u00ed\u00f0 kemst aftur til Jer\u00fasalem.<\/div>\n<p><a name=\"1\"><span class=\"versanumer\">1<\/span><\/a>Og J\u00f3ab var sagt fr\u00e1 \u00feessu, sj\u00e1! konungurinn syrgir og gr\u00e6tur Absalon!<a name=\"2\"><span class=\"versanumer\">2<\/span><\/a>Og sigurinn var\u00f0 \u00e1 \u00feeim degi a\u00f0 sorg fyrir allt f\u00f3lki\u00f0, \u00fev\u00ed f\u00f3lki\u00f0 heyr\u00f0i \u00feann sama dag, a\u00f0 menn s\u00f6g\u00f0u: konungurinn harmar son sinn,<a name=\"3\"><span class=\"versanumer\">3<\/span><\/a>og f\u00f3lki\u00f0 stalst \u00e1 \u00feeim degi inn \u00ed sta\u00f0inn, eins og \u00fea\u00f0 f\u00f3lk l\u00e6\u00f0ist inn, sem hefir or\u00f0i\u00f0 fyrir \u00feeirri sneypu a\u00f0 fl\u00fdja \u00far orrustu.<a name=\"4\"><span class=\"versanumer\">4<\/span><\/a>Og konungurinn byrg\u00f0i sitt andlit, og konungurinn kveina\u00f0i h\u00e1st\u00f6fum: sonur minn Absalon! Absalon, sonur minn, sonur minn!<a name=\"5\"><span class=\"versanumer\">5<\/span><\/a>\u00de\u00e1 gekk J\u00f3ab fyrir konung inn \u00ed h\u00fasi\u00f0 og m\u00e6lti: \u00fe\u00fa hefir \u00ed dag sneypt andlit allra \u00feinna manna, sem hafa \u00ed dag frelsa\u00f0 l\u00edf \u00feitt og sona \u00feinna og l\u00edf \u00feinna frillna,<a name=\"6\"><span class=\"versanumer\">6<\/span><\/a>\u00fe\u00fa elska \u00fe\u00e1 sem \u00feig hata, og hatar \u00fe\u00e1 sem \u00feig elska; \u00fev\u00ed \u00fe\u00fa hefir \u00ed dag s\u00fdnt \u00fea\u00f0, a\u00f0 \u00fe\u00fa metur einkis \u00fe\u00edna h\u00f6fu\u00f0smenn og \u00fe\u00e9nara; \u00fev\u00ed eg s\u00e9 \u00fea\u00f0 n\u00fa, a\u00f0 lif\u00f0i Absalon, og vi\u00f0 allir hef\u00f0um falli\u00f0 \u00ed dag, mundi \u00fe\u00e9r \u00feykja \u00fea\u00f0 maklegt.<a name=\"7\"><span class=\"versanumer\">7<\/span><\/a>Og stattu n\u00fa upp og gakk \u00fat og tala\u00f0u vinsamlega vi\u00f0 \u00fe\u00edna \u00fej\u00f3na, \u00fev\u00ed eg sver \u00fe\u00e9r vi\u00f0 Drottin, a\u00f0 ef \u00fe\u00fa gengur ekki \u00fat, svo ver\u00f0ur enginn ma\u00f0ur hj\u00e1 \u00fe\u00e9r \u00feessa n\u00f3tt alla; og \u00fea\u00f0 ver\u00f0ur \u00fe\u00e9r verra, en allt \u00fea\u00f0 illt sem yfir \u00feig hefir komi\u00f0 fr\u00e1 barn\u00e6sku og til \u00feessarar stundar.<a name=\"8\"><span class=\"versanumer\">8<\/span><\/a>\u00de\u00e1 st\u00f3\u00f0 konungur upp og settist \u00ed borgarhli\u00f0i\u00f0. Og menn s\u00f6g\u00f0u \u00fea\u00f0 \u00f6llu f\u00f3lki, og m\u00e6ltu: sj\u00e1! konungurinn situr \u00ed borgarhli\u00f0inu. \u00de\u00e1 kom allt f\u00f3lki\u00f0 fyrir konunginn, en \u00cdsrael var fl\u00fainn, hv\u00f6r til s\u00edns heimilis.<br \/><a name=\"9\"><span class=\"versanumer\">9<\/span><\/a>Og allt f\u00f3lki\u00f0 af \u00cdsraels kynkv\u00edslum \u00fer\u00e1tta\u00f0i og sag\u00f0i: konungurinn hefir leyst oss af hendi vorra \u00f3vina, og hann hefir frelsa\u00f0 oss af hendi Filisteanna, og n\u00fa er hann fl\u00fainn \u00far landi fyrir Absalon.<a name=\"10\"><span class=\"versanumer\">10<\/span><\/a>Og Absalon sem v\u00e9r smur\u00f0um til k\u00f3ngs yfir oss er fallinn \u00ed orrustu. \u00dev\u00ed haldi\u00f0 \u00fe\u00e9r n\u00fa kyrru fyrir og s\u00e6ki\u00f0 ekki konunginn? <br \/><a name=\"11\"><span class=\"versanumer\">11<\/span><\/a>En Dav\u00ed\u00f0 k\u00f3ngur sendi til prestanna Sadoks og Abiatars og m\u00e6lti: tali\u00f0 vi\u00f0 \u00fe\u00e1 elstu \u00ed J\u00fada og segi\u00f0: hvar fyrir vilji\u00f0 \u00fe\u00e9r vera \u00feeir seinustu a\u00f0 flytja k\u00f3nginn heim til s\u00edn aftur, \u00fear e\u00f0 tal alls \u00cdsraels er komi\u00f0 til k\u00f3ngsins, \u00ed hans h\u00fasi?<a name=\"12\"><span class=\"versanumer\">12<\/span><\/a>\u00de\u00e9r eru\u00f0 m\u00ednir br\u00e6\u00f0ur; m\u00edn bein og mitt hold <span class='VideyAth'>a)<\/span> eru\u00f0 \u00fe\u00e9r, og hvar fyrir vilji\u00f0 \u00fe\u00e9r ver\u00f0a seinastir til a\u00f0 flytja k\u00f3nginn til baka.<a name=\"13\"><span class=\"versanumer\">13<\/span><\/a>Og segi\u00f0 Amasa \u00feau m\u00edn or\u00f0: ert \u00fe\u00fa ekki mitt hold og bein? Gu\u00f0 gj\u00f6ri m\u00e9r \u00fea\u00f0, og ennframar <span class='VideyAth'>b)<\/span>! ef \u00fe\u00fa skalt ekki vera minn hersh\u00f6f\u00f0ingi alla t\u00edma \u00ed J\u00f3abs sta\u00f0!<a name=\"14\"><span class=\"versanumer\">14<\/span><\/a>Og hann hneig\u00f0i hj\u00f6rtu allra J\u00fada manna sem eins manns, og \u00feeir sendu konungi \u00feessi or\u00f0: \u201ekom \u00fe\u00fa til baka og allir \u00fe\u00ednir \u00fej\u00f3nar\u201c.<a name=\"15\"><span class=\"versanumer\">15<\/span><\/a>Og svo kom konungurinn til baka og a\u00f0 J\u00f3rdan, og J\u00fada kom til G\u00edlea\u00f0 m\u00f3ti konungi til a\u00f0 flytja hann yfir J\u00f3rdan.<br \/><a name=\"16\"><span class=\"versanumer\">16<\/span><\/a>\u00de\u00e1 kom Sime\u00ed, sonur Gera, Benjam\u00edn\u00edtinn <span class='VideyAth'>c)<\/span>, me\u00f0 fl\u00fdtir fr\u00e1 Bakurim og f\u00f3r \u00e1 m\u00f3ti konunginum Dav\u00ed\u00f0 me\u00f0 J\u00fadam\u00f6nnum,<a name=\"17\"><span class=\"versanumer\">17<\/span><\/a>og \u00fe\u00fasund manns af Benjam\u00edn me\u00f0 honum, og Siba <span class='VideyAth'>d)<\/span>, \u00fe\u00e9nari S\u00e1ls h\u00fass og hans 15 synir og 20 \u00fer\u00e6lar me\u00f0 honum, og \u00feeir f\u00f3ru yfir J\u00f3rdan \u00e1 m\u00f3ti konungi.<a name=\"18\"><span class=\"versanumer\">18<\/span><\/a>En ferja var \u00e1 \u00e1nni, til a\u00f0 s\u00e6kja k\u00f3ngsins h\u00fas, og til a\u00f0 gj\u00f6ra hva\u00f0 hann vildi, og Sime\u00ed, sonur Geras, f\u00e9ll til f\u00f3ta konungi, \u00fe\u00e1 hann f\u00f3r yfir J\u00f3rdan.<a name=\"19\"><span class=\"versanumer\">19<\/span><\/a>Og hann sag\u00f0i vi\u00f0 konunginn: minn herra tilreikni m\u00e9r enga synd, og hugsi ekki til \u00feess, hv\u00f6rsu \u00feinn \u00fer\u00e6ll haga\u00f0i s\u00e9r, \u00e1 \u00feeim degi er minn herra konungurinn f\u00f3r fr\u00e1 Jer\u00fasalem, svo a\u00f0 konungurinn gefi \u00fev\u00ed gaum!<a name=\"20\"><span class=\"versanumer\">20<\/span><\/a>\u00dev\u00ed eg \u00feinn \u00fer\u00e6ll veit a\u00f0 eg syndga\u00f0i; og sj\u00e1! eg er \u00ed dag fyrstur kominn, af J\u00f3seps h\u00fasi, til a\u00f0 m\u00e6ta m\u00ednum herra konunginum.<a name=\"21\"><span class=\"versanumer\">21<\/span><\/a>\u00de\u00e1 t\u00f3k Ab\u00edsai Serujason til or\u00f0a og m\u00e6lti: \u00e6tti ekki Simei a\u00f0 missa l\u00edfi\u00f0 fyrir \u00fea\u00f0, a\u00f0 hann hefir form\u00e6lt Drottins smur\u00f0a?<a name=\"22\"><span class=\"versanumer\">22<\/span><\/a>Og Dav\u00ed\u00f0 sag\u00f0i: hva\u00f0 hefi eg vi\u00f0 y\u00f0ur a\u00f0 s\u00fdsla, \u00fe\u00e9r Serujasynir <span class='VideyAth'>e)<\/span>, a\u00f0 \u00fe\u00e9r \u00ed dag ver\u00f0i\u00f0 m\u00ednir m\u00f3tst\u00f6\u00f0umenn <span class='VideyAth'>f)<\/span>? veit eg ekki a\u00f0 \u00ed dag ver\u00f0 eg k\u00f3ngur \u00ed \u00cdsrael?<a name=\"23\"><span class=\"versanumer\">23<\/span><\/a>Og konungur m\u00e6lti vi\u00f0 Simei: \u00fe\u00fa skalt ekki deyja! og konungur s\u00f3r honum \u00fea\u00f0. <br \/><a name=\"24\"><span class=\"versanumer\">24<\/span><\/a>Og Mefiboset <span class='VideyAth'>a)<\/span> sonur S\u00e1ls kom \u00e1 m\u00f3ti konunginum; hann haf\u00f0i hv\u00f6rki \u00fevegi\u00f0 s\u00edna f\u00e6tur, n\u00e9 greitt sitt skegg, n\u00e9 \u00fevegi\u00f0 s\u00edn kl\u00e6\u00f0i, fr\u00e1 \u00feeim degi sem k\u00f3ngurinn fl\u00fd\u00f0i, allt til \u00feess dags, \u00fe\u00e1 hann lukkulega kom heim aftur.<a name=\"25\"><span class=\"versanumer\">25<\/span><\/a>Og \u00fe\u00e1 hann kom \u00e1 m\u00f3ti konunginum \u00ed Jer\u00fasalem, sag\u00f0i k\u00f3ngur vi\u00f0 hann: \u00fev\u00ed f\u00f3rstu ekki me\u00f0 m\u00e9r Mefiboset?<a name=\"26\"><span class=\"versanumer\">26<\/span><\/a>Og hann svara\u00f0i: minn herra konungur! \u00fer\u00e6ll minn pretta\u00f0i mig, \u00fev\u00ed \u00feinn \u00fe\u00e9nari hugsa\u00f0i: eg skal s\u00f6\u00f0la minn asna og r\u00ed\u00f0a honum og fara til k\u00f3ngsins, \u00fev\u00ed f\u00f3tlami er \u00feinn \u00fe\u00e9nari.<a name=\"27\"><span class=\"versanumer\">27<\/span><\/a>Og hann hefir r\u00e6gt mig vi\u00f0 minn herra konunginn; en minn herra k\u00f3ngurinn er sem Gu\u00f0s engill <span class='VideyAth'>b)<\/span>! gj\u00f6r n\u00fa hva\u00f0 \u00fe\u00e9r gott \u00feykir.<a name=\"28\"><span class=\"versanumer\">28<\/span><\/a>\u00dev\u00ed ekki \u00e1tti allt m\u00edns f\u00f6\u00f0urs h\u00fas anna\u00f0 skili\u00f0 af m\u00ednum herra konungi enn dau\u00f0ann, og \u00fe\u00f3 settir \u00fe\u00fa \u00feinn \u00fej\u00f3n me\u00f0al \u00feinna m\u00f6tunauta <span class='VideyAth'>c)<\/span>. Og hv\u00f6rn r\u00e9tt hefi eg \u00fe\u00e1, og hv\u00f6rs skal eg bi\u00f0ja konunginn framar?<a name=\"29\"><span class=\"versanumer\">29<\/span><\/a>Og konungurinn svara\u00f0i honum: hva\u00f0 viltu \u00fe\u00e1 meira tala? Eg segi: \u00fe\u00fa og Siba skulu\u00f0 skipta \u00f6krunum milli ykkar <span class='VideyAth'>d)<\/span>.<a name=\"30\"><span class=\"versanumer\">30<\/span><\/a>Og Mefiboset sag\u00f0i vi\u00f0 konung: hann m\u00e1 taka \u00fe\u00e1 alla, fyrst a\u00f0 minn herra konungurinn er lukkulega heim aftur kominn \u00ed sitt h\u00fas.<br \/><a name=\"31\"><span class=\"versanumer\">31<\/span><\/a>Og G\u00edlea\u00f0\u00edtinn Barsilla\u00ed kom fr\u00e1 Roglim og f\u00f3r me\u00f0 konunginum yfir J\u00f3rdan og fylgdi honum yfir J\u00f3rdan.<a name=\"32\"><span class=\"versanumer\">32<\/span><\/a>En Barsilla\u00ed var miki\u00f0 gamall, \u00e1ttr\u00e6\u00f0ur ma\u00f0ur, hann haf\u00f0i f\u00e6rt konungi vistir, me\u00f0an hann var \u00ed Mahanaim <span class='VideyAth'>c)<\/span>, \u00fev\u00ed hann var miki\u00f0 au\u00f0ugur ma\u00f0ur.<a name=\"33\"><span class=\"versanumer\">33<\/span><\/a>Og konungur sag\u00f0i vi\u00f0 Barsilla\u00ed, kom \u00fe\u00fa n\u00fa me\u00f0 m\u00e9r, eg vil hafa \u00feig hj\u00e1 m\u00e9r \u00ed Jer\u00fasalem og ala \u00f6nn fyrir \u00fe\u00e9r.<a name=\"34\"><span class=\"versanumer\">34<\/span><\/a>Og Barsilla\u00ed svara\u00f0i konungi: hv\u00f6rsu margir munu ver\u00f0a dagar minna l\u00edfs \u00e1ra, a\u00f0 eg skyldi fara me\u00f0 konunginum til Jer\u00fasalem?<a name=\"35\"><span class=\"versanumer\">35<\/span><\/a>\u00cd dag er eg \u00e1ttr\u00e6\u00f0ur; \u00e6tla eg geti gj\u00f6rt grein \u00e1 illu og g\u00f3\u00f0u? e\u00f0a \u00e6tla \u00feinn \u00fej\u00f3n finni smekk af \u00fev\u00ed sem hann etur og drekkur? e\u00f0a get eg enn \u00fe\u00e1 me\u00f0 heyrninni haft una\u00f0semd af s\u00f6ngmanna og s\u00f6ngkvenna r\u00f3m? og hvar fyrir skyldi \u00feinn \u00fej\u00f3n vera til arm\u00e6\u00f0u m\u00ednum herra konunginum?<a name=\"36\"><span class=\"versanumer\">36<\/span><\/a>Fyrir stuttan t\u00edma mundi \u00feinn \u00fej\u00f3n fara me\u00f0 \u00fe\u00e9r yfir J\u00f3rdan, og hvarfyrir skyldi konungurinn veita m\u00e9r \u00feessa velgj\u00f6r\u00f0?<a name=\"37\"><span class=\"versanumer\">37<\/span><\/a>L\u00e1ttu \u00feinn \u00fej\u00f3n sn\u00faa heimlei\u00f0is, a\u00f0 eg deyi \u00ed m\u00ednum sta\u00f0, n\u00e1l\u00e6gt gr\u00f6f f\u00f6\u00f0ur m\u00edns og m\u00f3\u00f0ur minnar. En sj\u00e1! \u00feinn \u00fej\u00f3n K\u00edmham mun fara yfir \u00e1na me\u00f0 m\u00ednum herra konunginum, og gj\u00f6r \u00fe\u00fa vi\u00f0 hann hva\u00f0 \u00fe\u00e9r gott \u00feykir!<a name=\"38\"><span class=\"versanumer\">38<\/span><\/a>Og konungur m\u00e6lti: K\u00edmham skal fara me\u00f0 m\u00e9r, og eg skal gj\u00f6ra vi\u00f0 hann hva\u00f0 \u00fe\u00e9r gott \u00feykir, og vi\u00f0 \u00feig skal eg gj\u00f6ra hva\u00f0 sem \u00fe\u00fa \u00f3skar.<a name=\"39\"><span class=\"versanumer\">39<\/span><\/a>Og svo f\u00f3r allt f\u00f3lki\u00f0 yfirum J\u00f3rdan, og k\u00f3ngurinn f\u00f3r yfirum og konungurinn kyssti Barsilla\u00ed og hann kvaddi hann, og hann f\u00f3r heim til s\u00edn aftur.<a name=\"40\"><span class=\"versanumer\">40<\/span><\/a>Og konungurinn h\u00e9lt \u00e1fram til Gilgal <span class='VideyAth'>f)<\/span>, og K\u00edmham f\u00f3r me\u00f0 honum og allt f\u00f3lki\u00f0, og J\u00fadamenn fluttu k\u00f3nginn og helftin af \u00cdsraelsf\u00f3lki.<br \/><a name=\"41\"><span class=\"versanumer\">41<\/span><\/a>En sj\u00e1! allir menn af \u00cdsrael komu til k\u00f3ngsins, og s\u00f6g\u00f0u vi\u00f0 k\u00f3nginn: hv\u00f6rs vegna hafa vorir br\u00e6\u00f0ur J\u00fadamenn stoli\u00f0 \u00fe\u00e9r og flutt \u00feig og \u00feitt h\u00fas yfir J\u00f3rdan og alla Dav\u00ed\u00f0s menn me\u00f0 \u00fe\u00e9r.<a name=\"42\"><span class=\"versanumer\">42<\/span><\/a>Og allir J\u00fadamenn sv\u00f6ru\u00f0u \u00cdsraels m\u00f6nnum: af \u00fev\u00ed konungur er oss n\u00e1komnari <span class='VideyAth'>g)<\/span>. Og hv\u00f6rs vegna rei\u00f0ist \u00fe\u00fa af \u00feessu? H\u00f6fum v\u00e9r <span class='VideyAth'>(nokku\u00f0)<\/span> eti\u00f0 af k\u00f3nginum <span class='VideyAth'>h)<\/span>? e\u00f0a hefur hann gefi\u00f0 oss g\u00e1fur?<a name=\"43\"><span class=\"versanumer\">43<\/span><\/a>Og \u00cdsraelsmenn sv\u00f6ru\u00f0u J\u00fadam\u00f6nnum og s\u00f6g\u00f0u: 10 parta af konunginum og af Dav\u00ed\u00f0 l\u00edka \u00e1 eg framyfir \u00feig. Og hvarfyrir hefir \u00fe\u00fa meti\u00f0 mig l\u00edtils? Og var eg ei sem fyrst lag\u00f0i \u00fea\u00f0 til, a\u00f0 s\u00e6kja skyldi minn konung aftur? Og tal J\u00fadamanna var har\u00f0ara en tal \u00cdsraelsmanna.<\/p>\n<div class=\"footnoteVidey\">V. 12. a. v. 13. Kap. 5,1.  V. 13. b. Kap. 3,9.35.  V. 16. c. 1 K\u00f3ng. 2,78. fl.  V. 17. d. Kap. 9,2. 16,1.  V. 22. e. 2 K\u00f3ng. 3,13. f. Matth. 16,23.  V. 24. a. Kap. 9,6.  V. 27. b. Kap. 14,17. Postgb. 6,15.  V. 28. c. Kap. 9,11.  V. 29. d. Kap. 9,10. 16,4.  V. 31. 1 K\u00f3ng. 2,7. fl.  V. 32. e. Kap. 17,27.  V. 40. f. Sbr. v. 15.  V. 42. g.  Sbr. v. 12. h. A\u00f0rir: hefir hann fengi\u00f0 oss vistir.  V. 43. Sj\u00e1 9. v. \u00feessa kap\u00edt. J\u00fada voru tv\u00e6r, \u00cdsrael 10 \u00e6ttkv\u00edslir; \u00fev\u00ed \u00fe\u00f3ttist \u00cdsrael eiga 10 parta af k\u00f3nginum.<\/div>\n","protected":false},"excerpt":{"rendered":"<p>Dav\u00ed\u00f0 kemst aftur til Jer\u00fasalem. 1Og J\u00f3ab var sagt fr\u00e1 \u00feessu, sj\u00e1! konungurinn syrgir og gr\u00e6tur Absalon!2Og sigurinn var\u00f0 \u00e1 \u00feeim degi a\u00f0 sorg fyrir allt f\u00f3lki\u00f0, \u00fev\u00ed f\u00f3lki\u00f0 heyr\u00f0i \u00feann sama dag, a\u00f0 menn s\u00f6g\u00f0u: konungurinn harmar son sinn,3og f\u00f3lki\u00f0 stalst \u00e1 \u00feeim degi inn \u00ed sta\u00f0inn, eins og \u00fea\u00f0 f\u00f3lk l\u00e6\u00f0ist inn, sem hefir or\u00f0i\u00f0 fyrir \u00feeirri sneypu a\u00f0 fl\u00fdja \u00far orrustu.4Og konungurinn byrg\u00f0i sitt andlit, og konungurinn kveina\u00f0i h\u00e1st\u00f6fum: sonur minn Absalon! Absalon, sonur minn, sonur minn!5\u00de\u00e1 gekk J\u00f3ab fyrir konung inn \u00ed h\u00fasi\u00f0 og m\u00e6lti: \u00fe\u00fa hefir \u00ed dag sneypt andlit allra \u00feinna manna, sem hafa <a href=\"https:\/\/biblian.is\/videy\/sidari-samuelsbok-19-kafli\/\"> [&#8230;]<\/a><\/p>\n","protected":false},"author":1,"featured_media":0,"parent":0,"menu_order":0,"comment_status":"open","ping_status":"open","template":"bibliukaflar.php","meta":{"footnotes":""},"class_list":["post-21135","page","type-page","status-publish","hentry"],"_links":{"self":[{"href":"https:\/\/biblian.is\/videy\/wp-json\/wp\/v2\/pages\/21135","targetHints":{"allow":["GET"]}}],"collection":[{"href":"https:\/\/biblian.is\/videy\/wp-json\/wp\/v2\/pages"}],"about":[{"href":"https:\/\/biblian.is\/videy\/wp-json\/wp\/v2\/types\/page"}],"author":[{"embeddable":true,"href":"https:\/\/biblian.is\/videy\/wp-json\/wp\/v2\/users\/1"}],"replies":[{"embeddable":true,"href":"https:\/\/biblian.is\/videy\/wp-json\/wp\/v2\/comments?post=21135"}],"version-history":[{"count":0,"href":"https:\/\/biblian.is\/videy\/wp-json\/wp\/v2\/pages\/21135\/revisions"}],"wp:attachment":[{"href":"https:\/\/biblian.is\/videy\/wp-json\/wp\/v2\/media?parent=21135"}],"curies":[{"name":"wp","href":"https:\/\/api.w.org\/{rel}","templated":true}]}}