{"id":21133,"date":"2018-01-02T01:00:30","date_gmt":"2018-01-02T01:00:30","guid":{"rendered":"http:\/\/biblian.is\/videy\/sidari-samuelsbok-17-kafli\/"},"modified":"2018-01-02T01:00:30","modified_gmt":"2018-01-02T01:00:30","slug":"sidari-samuelsbok-17-kafli","status":"publish","type":"page","link":"https:\/\/biblian.is\/videy\/sidari-samuelsbok-17-kafli\/","title":{"rendered":"S\u00ed\u00f0ari Sam\u00faelsb\u00f3k 17. kafli"},"content":{"rendered":"<div class=\"fyrirsognVidey\">Ak\u00edt\u00f3fels r\u00e1\u00f0legging og afdrif.<\/div>\n<p><a name=\"1\"><span class=\"versanumer\">1<\/span><\/a>Og Ak\u00edt\u00f3fel sag\u00f0i vi\u00f0 Absalon: l\u00e1ttu mig n\u00fa velja m\u00e9r 12 \u00fe\u00fasund manns, svo skal eg taka mig til og fara eftir Dav\u00ed\u00f0 \u00ed n\u00f3tt,<a name=\"2\"><span class=\"versanumer\">2<\/span><\/a>og yfirfalla hann me\u00f0an hann er magnlaus af \u00fereytu, og eg skal hr\u00e6\u00f0a hann; og allt f\u00f3lki\u00f0 sem me\u00f0 honum er, mun fl\u00fdja, og \u00fe\u00e1 skal eg fella k\u00f3nginn, \u00feegar hann er or\u00f0inn einn;<a name=\"3\"><span class=\"versanumer\">3<\/span><\/a>en lei\u00f0a allt f\u00f3lki\u00f0 aftur til \u00fe\u00edn. Allir koma til baka, \u00feegar s\u00e1 ma\u00f0ur er fallinn sem \u00fe\u00fa ofs\u00e6kir; allt f\u00f3lki\u00f0 ver\u00f0ur r\u00f3legt.<a name=\"4\"><span class=\"versanumer\">4<\/span><\/a>\u00deetta tal l\u00edka\u00f0i Absalon vel og \u00f6llum \u00feeim elstu \u00ed \u00cdsrael.<a name=\"5\"><span class=\"versanumer\">5<\/span><\/a>Og Absalon m\u00e6lti: kalli\u00f0 samt H\u00fasa\u00ed Ark\u00edtann <span class='VideyAth'>e)<\/span>, a\u00f0 v\u00e9r heyrum og hva\u00f0 hann segir.<a name=\"6\"><span class=\"versanumer\">6<\/span><\/a>Og svo kom H\u00fasa\u00ed til Absalons, og Absalon tala\u00f0i til hans og m\u00e6lti: \u00feannig hefir Ak\u00edt\u00f3fel tala\u00f0: eigum v\u00e9r a\u00f0 gj\u00f6ra \u00fea\u00f0 sem hann segir? ef ekki, svo tala \u00fe\u00fa! <br \/><a name=\"7\"><span class=\"versanumer\">7<\/span><\/a>Og H\u00fasa\u00ed sag\u00f0i til Absalons: r\u00e1\u00f0i\u00f0 er ekki gott, \u00fea\u00f0 sem Ak\u00edt\u00f3fel hefir gefi\u00f0 n\u00fana.<a name=\"8\"><span class=\"versanumer\">8<\/span><\/a>Og H\u00fasa\u00ed sag\u00f0i: \u00fe\u00fa \u00feekkir f\u00f6\u00f0ur \u00feinn og hans menn, \u00feeir eru hetjur og illir \u00ed skapi sem birna \u00e1 m\u00f6rkinni, \u00fe\u00e1 h\u00fan er r\u00e6nd s\u00ednum h\u00fanum, og fa\u00f0ir \u00feinn er str\u00ed\u00f0sma\u00f0ur og ver\u00f0ur ekki \u00ed n\u00f3tt hj\u00e1 f\u00f3lkinu.<a name=\"9\"><span class=\"versanumer\">9<\/span><\/a>Sj\u00e1! \u00fea\u00f0 getur ske\u00f0, a\u00f0 hann hafi n\u00fa fali\u00f0 sig \u00ed einhv\u00f6rjum hellirnum e\u00f0ur \u00e1 \u00f6\u00f0rum sta\u00f0; og falli n\u00fa nokkrir \u00ed fyrstunni <span class='VideyAth'>(af \u00fe\u00ednum m\u00f6nnum)<\/span> \u00fe\u00e1 fr\u00e9ttist \u00fea\u00f0, og allir segja: f\u00f3lki\u00f0 sem fylgir Absalon haf\u00f0i \u00f3sigur.<a name=\"10\"><span class=\"versanumer\">10<\/span><\/a>Og jafnvel \u00feeir hraustari, sem h\u00f6f\u00f0u hug sem lj\u00f3n, geta \u00fe\u00e1 or\u00f0i\u00f0 huglausir; \u00fev\u00ed allur \u00cdsrael veit a\u00f0 fa\u00f0ir \u00feinn er hetja, og \u00feeir r\u00f6skir menn sem me\u00f0 honum eru.<a name=\"11\"><span class=\"versanumer\">11<\/span><\/a>En \u00feetta er mitt r\u00e1\u00f0: safna \u00fe\u00fa a\u00f0 \u00fe\u00e9r \u00f6llum \u00cdsrael fr\u00e1 Dan til Berseba, svo m\u00f6rgum sem sandi \u00e1 sj\u00e1varstr\u00f6nd, og \u00fe\u00fa ver\u00f0ur sj\u00e1lfur a\u00f0 ganga \u00ed orrustuna.<a name=\"12\"><span class=\"versanumer\">12<\/span><\/a>Og \u00feegar v\u00e9r hittum hann, hvar sem \u00fea\u00f0 svo er, skulum v\u00e9r falla yfir hann eins og d\u00f6gg fellur yfir j\u00f6r\u00f0ina, og af honum og \u00f6llum \u00feeim m\u00f6nnum sem me\u00f0 honum eru skal ekki einn eftir ver\u00f0a.<a name=\"13\"><span class=\"versanumer\">13<\/span><\/a>Og fl\u00fdi hann \u00ed einhv\u00f6rja borgina, \u00fe\u00e1 skal allur \u00cdsrael bera reipi a\u00f0 s\u00f6mu borg, og v\u00e9r skulum draga hana \u00ed l\u00e6k \u00feanga\u00f0 til \u00fear finnst ekki einn einasti steinmoli framar.<a name=\"14\"><span class=\"versanumer\">14<\/span><\/a>Og Absalon og allir \u00cdsraelsmenn s\u00f6g\u00f0u: betra r\u00e1\u00f0 gefur Ark\u00edtinn H\u00fasai en Ak\u00edt\u00f3fel. En Drottinn haf\u00f0i haga\u00f0 \u00fev\u00ed svo, a\u00f0 Ak\u00edt\u00f3fels g\u00f3\u00f0a r\u00e1\u00f0 var\u00f0 a\u00f0 engu, til \u00feess a\u00f0 Drottinn g\u00e6ti leitt \u00f3g\u00e6funa yfir Absalon.<br \/><a name=\"15\"><span class=\"versanumer\">15<\/span><\/a>Og H\u00fasai m\u00e6lti vi\u00f0 prestana Sadok og Ab\u00edatar: \u00fea\u00f0 og \u00fea\u00f0 hefir Ak\u00edt\u00f3fel r\u00e1\u00f0lagt Absalon og \u00feeim elstu \u00ed \u00cdsrael, og \u00fea\u00f0 og \u00fea\u00f0 hefi eg r\u00e1\u00f0lagt.<a name=\"16\"><span class=\"versanumer\">16<\/span><\/a>Og sendi\u00f0 n\u00fa sem skj\u00f3tast og l\u00e1ti\u00f0 Dav\u00ed\u00f0 vita \u00feetta og segi\u00f0: vertu ekki \u00ed n\u00f3tt \u00e1 sl\u00e9ttlendinu \u00ed ey\u00f0im\u00f6rkinni, heldur skaltu fara yfir \u00e1na, svo k\u00f3ngurinn ekki tort\u00ednist og \u00fea\u00f0 f\u00f3lk sem me\u00f0 honum er.<a name=\"17\"><span class=\"versanumer\">17<\/span><\/a>En J\u00f3natan og Akimas voru vi\u00f0 brunninn Rogel <span class='VideyAth'>a)<\/span> og st\u00falka f\u00f3r me\u00f0 \u00feessi bo\u00f0 til \u00feeirra, a\u00f0 \u00feeir skyldu fara og f\u00e6ra konunginum Dav\u00ed\u00f0 \u00feessi t\u00ed\u00f0indi; \u00feeir m\u00e1ttu ekki l\u00e1ta sj\u00e1 sig me\u00f0 \u00fev\u00ed a\u00f0 koma inn \u00ed borgina.<a name=\"18\"><span class=\"versanumer\">18<\/span><\/a>En sm\u00e1sveinn nokkur s\u00e1 \u00fe\u00e1 og sag\u00f0i Absalon fr\u00e1, en \u00feeir hr\u00f6\u00f0u\u00f0u fer\u00f0inni og komu \u00ed h\u00fas manns nokkurs \u00ed Bakar\u00edm, sem haf\u00f0i brunn \u00ed s\u00ednum gar\u00f0i, og \u00feeir stigu ni\u00f0ur \u00ed brunninn.<a name=\"19\"><span class=\"versanumer\">19<\/span><\/a>Og konan t\u00f3k d\u00fak og breiddi yfir munnann \u00e1 brunninum, og dreif\u00f0i \u00fear yfir grj\u00f3tum svo a\u00f0 ekki skyldi \u00e1 bera.<a name=\"20\"><span class=\"versanumer\">20<\/span><\/a>\u00de\u00e1 komu Absalons menn til konunnar \u00ed h\u00fasi\u00f0 og s\u00f6g\u00f0u: hvar eru \u00feeir Akimas og J\u00f3natan? og konan sag\u00f0i vi\u00f0 \u00fe\u00e1: \u00feeir eru komnir yfir l\u00e6kinn. Og \u00feeir leitu\u00f0u og fundu ekki, og sneru aftur til Jer\u00fasalem.<br \/><a name=\"21\"><span class=\"versanumer\">21<\/span><\/a>En sem \u00feeir v\u00f3ru farnir, gengu hinir upp \u00far brunninum, h\u00e9ldu \u00e1fram fer\u00f0 sinni og s\u00f6g\u00f0u Dav\u00ed\u00f0 konungi, og m\u00e6ltu vi\u00f0 Dav\u00ed\u00f0: taki\u00f0 y\u00f0ur upp og fari\u00f0 sem \u00f3\u00f0ast yfir \u00e1na, \u00fev\u00ed \u00feessh\u00e1ttar r\u00e1\u00f0 hefir Ak\u00edt\u00f3fel gefi\u00f0 y\u00f0ur \u00e1 m\u00f3ti.<a name=\"22\"><span class=\"versanumer\">22<\/span><\/a>\u00de\u00e1 t\u00f3k Dav\u00ed\u00f0 sig upp og allt f\u00f3lki\u00f0, sem me\u00f0 honum var, og \u00feeir f\u00f3ru yfir J\u00f3rdan \u00e1\u00f0ur en l\u00fdsti af degi, \u00fe\u00e1 s\u00f6knu\u00f0u \u00feeir einkis manns sem or\u00f0i\u00f0 hef\u00f0i eftir hinumegin vi\u00f0 J\u00f3rdan.<a name=\"23\"><span class=\"versanumer\">23<\/span><\/a>En sem Ak\u00edt\u00f3fel s\u00e1, a\u00f0 ekki var fari\u00f0 a\u00f0 hans r\u00e1\u00f0um, s\u00f6\u00f0la\u00f0i hann sinn asna, t\u00f3k sig til og f\u00f3r heim til s\u00edn, \u00ed s\u00edna borg, r\u00e1\u00f0stafa\u00f0i s\u00ednu h\u00fasi <span class='VideyAth'>b)<\/span>, og hengdi sig; og hann d\u00f3, og var jar\u00f0a\u00f0ur \u00ed gr\u00f6f f\u00f6\u00f0ur s\u00edns.<br \/><a name=\"24\"><span class=\"versanumer\">24<\/span><\/a>En Dav\u00ed\u00f0 kom til Mahanaim, og Absalon f\u00f3r yfir J\u00f3rdan, hann og allir \u00cdsraels menn me\u00f0 honum.<a name=\"25\"><span class=\"versanumer\">25<\/span><\/a>Og Absalon setti Amasa \u00ed J\u00f3abs sta\u00f0 yfir herinn; en Amasa var sonur manns nokkurs sem h\u00e9t \u00cdtra, er haf\u00f0i lagst me\u00f0 Ab\u00edgael, d\u00f3ttur Nahas <span class='VideyAth'>c)<\/span>, systur Seruja, m\u00f3\u00f0ur J\u00f3abs.<a name=\"26\"><span class=\"versanumer\">26<\/span><\/a>Og \u00cdsrael og Absalon setti herb\u00fa\u00f0ir s\u00ednar \u00ed landinu Gilea\u00f0.<a name=\"27\"><span class=\"versanumer\">27<\/span><\/a>Og \u00fea\u00f0 ske\u00f0i \u00fe\u00e1 Dav\u00ed\u00f0 kom til Mahanaim, a\u00f0 Sobi Nahasson af Rabba, af Ammonsb\u00f6rnum, og Makir Ammielsson af Lodabar <span class='VideyAth'>a)<\/span> og Gilea\u00f0\u00edtinn Barsila, af Roglim <span class='VideyAth'>b)<\/span><a name=\"28\"><span class=\"versanumer\">28<\/span><\/a>f\u00e6r\u00f0u Dav\u00ed\u00f0 og f\u00f3lkinu sem me\u00f0 honum var, s\u00e6ngur, sk\u00e1lar, potta, hveiti, bygg, m\u00e9l, steikt ax, ertur, baunir, og steikt grj\u00f3n,<a name=\"29\"><span class=\"versanumer\">29<\/span><\/a>og hunang og mj\u00f3lk, sau\u00f0i og osta \u00far k\u00faamj\u00f3lk, til f\u00e6\u00f0u; \u00fev\u00ed \u00feeir hugsu\u00f0u: f\u00f3lki\u00f0 er hungra\u00f0, \u00fereytt og \u00feyrst \u00ed ey\u00f0im\u00f6rkinni.<\/p>\n<div class=\"footnoteVidey\">V. 5. e. Kap. 16,16.  V. 17. a. J\u00f3s. 15,7. 1 K\u00f3ng. 1,9.  V. 23. b. Esa. 38,1.  V. 25. c. Kallast og \u00cdsa\u00ed 1 Kron. 2,13\u201317.  V. 27. a. Kap. 9,4. b. Kap. 19,32. 1 K\u00f3ng. 2,7.<\/div>\n","protected":false},"excerpt":{"rendered":"<p>Ak\u00edt\u00f3fels r\u00e1\u00f0legging og afdrif. 1Og Ak\u00edt\u00f3fel sag\u00f0i vi\u00f0 Absalon: l\u00e1ttu mig n\u00fa velja m\u00e9r 12 \u00fe\u00fasund manns, svo skal eg taka mig til og fara eftir Dav\u00ed\u00f0 \u00ed n\u00f3tt,2og yfirfalla hann me\u00f0an hann er magnlaus af \u00fereytu, og eg skal hr\u00e6\u00f0a hann; og allt f\u00f3lki\u00f0 sem me\u00f0 honum er, mun fl\u00fdja, og \u00fe\u00e1 skal eg fella k\u00f3nginn, \u00feegar hann er or\u00f0inn einn;3en lei\u00f0a allt f\u00f3lki\u00f0 aftur til \u00fe\u00edn. Allir koma til baka, \u00feegar s\u00e1 ma\u00f0ur er fallinn sem \u00fe\u00fa ofs\u00e6kir; allt f\u00f3lki\u00f0 ver\u00f0ur r\u00f3legt.4\u00deetta tal l\u00edka\u00f0i Absalon vel og \u00f6llum \u00feeim elstu \u00ed \u00cdsrael.5Og Absalon m\u00e6lti: kalli\u00f0 samt H\u00fasa\u00ed Ark\u00edtann <a href=\"https:\/\/biblian.is\/videy\/sidari-samuelsbok-17-kafli\/\"> [&#8230;]<\/a><\/p>\n","protected":false},"author":1,"featured_media":0,"parent":0,"menu_order":0,"comment_status":"open","ping_status":"open","template":"bibliukaflar.php","meta":{"footnotes":""},"class_list":["post-21133","page","type-page","status-publish","hentry"],"_links":{"self":[{"href":"https:\/\/biblian.is\/videy\/wp-json\/wp\/v2\/pages\/21133","targetHints":{"allow":["GET"]}}],"collection":[{"href":"https:\/\/biblian.is\/videy\/wp-json\/wp\/v2\/pages"}],"about":[{"href":"https:\/\/biblian.is\/videy\/wp-json\/wp\/v2\/types\/page"}],"author":[{"embeddable":true,"href":"https:\/\/biblian.is\/videy\/wp-json\/wp\/v2\/users\/1"}],"replies":[{"embeddable":true,"href":"https:\/\/biblian.is\/videy\/wp-json\/wp\/v2\/comments?post=21133"}],"version-history":[{"count":0,"href":"https:\/\/biblian.is\/videy\/wp-json\/wp\/v2\/pages\/21133\/revisions"}],"wp:attachment":[{"href":"https:\/\/biblian.is\/videy\/wp-json\/wp\/v2\/media?parent=21133"}],"curies":[{"name":"wp","href":"https:\/\/api.w.org\/{rel}","templated":true}]}}