{"id":21132,"date":"2018-01-02T01:00:30","date_gmt":"2018-01-02T01:00:30","guid":{"rendered":"http:\/\/biblian.is\/videy\/sidari-samuelsbok-16-kafli\/"},"modified":"2018-01-02T01:00:30","modified_gmt":"2018-01-02T01:00:30","slug":"sidari-samuelsbok-16-kafli","status":"publish","type":"page","link":"https:\/\/biblian.is\/videy\/sidari-samuelsbok-16-kafli\/","title":{"rendered":"S\u00ed\u00f0ari Sam\u00faelsb\u00f3k 16. kafli"},"content":{"rendered":"<div class=\"fyrirsognVidey\">Siba og Sime\u00ed. Absalon kemur til Jer\u00fasalem.<\/div>\n<p><a name=\"1\"><span class=\"versanumer\">1<\/span><\/a>Og Dav\u00ed\u00f0 var kominn sp\u00f6lkorn fr\u00e1 h\u00e6\u00f0inni \u00feegar Siba <span class='VideyAth'>f)<\/span>, Mefib\u00f3sets \u00fej\u00f3n, kom \u00e1 m\u00f3ti honum me\u00f0 tvo klyfja\u00f0a asna; \u00e1 \u00feeim voru 2 hundru\u00f0 brau\u00f0 og hundra\u00f0 r\u00fas\u00ednuklasar, og hundra\u00f0 f\u00edknaklasar og br\u00fasi af v\u00edni,<a name=\"2\"><span class=\"versanumer\">2<\/span><\/a>og k\u00f3ngurinn m\u00e6lti vi\u00f0 Siba: hva\u00f0 viltu gj\u00f6ra me\u00f0 \u00feetta? og Siba svara\u00f0i: Asnarnir s\u00e9u til rei\u00f0ar handa k\u00f3ngsins h\u00fasi, og brau\u00f0in og f\u00edkjurnar til matar handa sveinunum, og v\u00edni\u00f0 til drykkjar fyrir \u00fe\u00e1 sem \u00f6rmagnast kunna \u00ed ey\u00f0im\u00f6rkinni.<a name=\"3\"><span class=\"versanumer\">3<\/span><\/a>Og k\u00f3ngur m\u00e6lti: hvar er sonur \u00fe\u00edns herra? Og Siba svara\u00f0i konungi: sj\u00e1! hann er kyrr \u00ed Jer\u00fasalem, \u00fev\u00ed hann sag\u00f0i: \u00ed dag mun \u00cdsraels h\u00fas gefa m\u00e9r aftur k\u00f3ngsr\u00edki f\u00f6\u00f0ur m\u00edns!<a name=\"4\"><span class=\"versanumer\">4<\/span><\/a>Og k\u00f3ngur m\u00e6lti vi\u00f0 Siba: sj\u00e1! allt \u00fea\u00f0 sem Mefib\u00f3set \u00e1, \u00fea\u00f0 s\u00e9 \u00feitt! og Siba m\u00e6lti: eg hneigi mig! \u00e6, a\u00f0 eg m\u00e6tti finna n\u00e1\u00f0 \u00ed augum <span class='VideyAth'>g)<\/span> m\u00edns herra konungsins!<br \/><a name=\"5\"><span class=\"versanumer\">5<\/span><\/a>Og \u00fe\u00e1 konungurinn Dav\u00ed\u00f0 kom til Bahurim, sj\u00e1! \u00fe\u00e1 kom \u00fea\u00f0an ma\u00f0ur nokkur af \u00e6ttum S\u00e1ls h\u00fass, S\u00edme\u00ed a\u00f0 nafni sonur Gera; hann gekk fram b\u00f6lvandi <span class='VideyAth'>h)<\/span>,<a name=\"6\"><span class=\"versanumer\">6<\/span><\/a>og kasta\u00f0i steinum eftir Dav\u00ed\u00f0 og \u00f6llum \u00fe\u00e9nurum Dav\u00ed\u00f0s k\u00f3ngs, og eftir \u00f6llu f\u00f3lkinu og \u00f6llum k\u00f6ppunum \u00e1 h\u00e6gri og vinstri h\u00f6nd vi\u00f0 hann.<a name=\"7\"><span class=\"versanumer\">7<\/span><\/a>Og svo komst S\u00edme\u00ed a\u00f0 or\u00f0i \u00ed s\u00ednum form\u00e6lingum: \u00e1fram, \u00fe\u00fa bl\u00f3\u00f0hundur! \u00fe\u00fa illmenni <span class='VideyAth'>a)<\/span>!<a name=\"8\"><span class=\"versanumer\">8<\/span><\/a>N\u00fa l\u00e6tur Drottinn \u00fe\u00e9r \u00ed koll koma allt S\u00e1ls h\u00fass bl\u00f3\u00f0, \u00ed hv\u00f6rs sta\u00f0 \u00fe\u00fa ert or\u00f0inn konungur og l\u00e6tur k\u00f3ngsr\u00edki\u00f0 koma \u00ed hendur sonar \u00fe\u00edns Absalons, og n\u00fa ertu \u00ed kr\u00f6ggum, \u00fev\u00ed bl\u00f3\u00f0hundur ert \u00fe\u00fa.<br \/><a name=\"9\"><span class=\"versanumer\">9<\/span><\/a>\u00de\u00e1 m\u00e6lti Ab\u00edsa\u00ed sonur Ser\u00faja til k\u00f3ngsins: hvar fyrir skal \u00feessi dau\u00f0i hundur form\u00e6la m\u00ednum herra konunginum? lofa\u00f0u m\u00e9r a\u00f0 fara og h\u00f6ggva af honum hausinn.<a name=\"10\"><span class=\"versanumer\">10<\/span><\/a>En k\u00f3ngurinn svara\u00f0i: hva\u00f0 \u00e1 eg vi\u00f0 ykkur a\u00f0 s\u00fdsla Ser\u00fajasynir <span class='VideyAth'>b)<\/span>? form\u00e6li hann, \u00fev\u00ed Drottinn hefir skipa\u00f0 honum: form\u00e6l \u00fe\u00fa Dav\u00ed\u00f0! og hv\u00f6r vogar a\u00f0 segja: \u00fev\u00ed gj\u00f6rir \u00fe\u00fa \u00fea\u00f0? <br \/><a name=\"11\"><span class=\"versanumer\">11<\/span><\/a>Og Dav\u00ed\u00f0 m\u00e6lti vi\u00f0 Ab\u00edsa\u00ed og alla s\u00edna \u00fe\u00e9nara: sj\u00e1! sonur minn, sem af m\u00e9r er getinn, s\u00e6kist eftir m\u00ednu l\u00edfi; hv\u00ed \u00fe\u00e1 ekki \u00feessi Benjamin\u00edti? l\u00e1ti\u00f0 hann form\u00e6la, \u00fev\u00ed Drottinn hefir bo\u00f0i\u00f0 honum \u00fea\u00f0.<a name=\"12\"><span class=\"versanumer\">12<\/span><\/a>Ske m\u00e1 a\u00f0 Drottinn l\u00edti \u00e1 m\u00edna eymd, og b\u00e6ti m\u00e9r, \u00feessa hans form\u00e6ling \u00ed dag, me\u00f0 g\u00f3\u00f0u.<a name=\"13\"><span class=\"versanumer\">13<\/span><\/a>Svo f\u00f3r Dav\u00ed\u00f0 s\u00edna lei\u00f0 og hans menn; en S\u00edme\u00ed f\u00f3r me\u00f0 fjallshl\u00ed\u00f0inni gagnvart honum, og kasta\u00f0i moldarhnausum.<a name=\"14\"><span class=\"versanumer\">14<\/span><\/a>Og k\u00f3ngurinn og allt \u00fea\u00f0 f\u00f3lk sem me\u00f0 honum var kom \u00f6r\u00fereytt <span class='VideyAth'>(\u00ed \u00e1fangasta\u00f0)<\/span> og hv\u00edldi sig \u00fear.<br \/><a name=\"15\"><span class=\"versanumer\">15<\/span><\/a>En Absalon og allt f\u00f3lk \u00cdsraelsmanna, kom til Jer\u00fasalem og Ak\u00edt\u00f3fel me\u00f0 honum.<a name=\"16\"><span class=\"versanumer\">16<\/span><\/a>Og \u00fea\u00f0 ske\u00f0i, \u00fe\u00e1 Ark\u00edtinn H\u00fasa\u00ed <span class='VideyAth'>c)<\/span>, vinur Dav\u00ed\u00f0s, kom til Absalons, m\u00e6lti H\u00fasa\u00ed vi\u00f0 Absalon: lifi konungurinn! lifi konungurinn!<a name=\"17\"><span class=\"versanumer\">17<\/span><\/a>Og Absalon sag\u00f0i vi\u00f0 H\u00fasa\u00ed: er \u00feetta trygg\u00f0 \u00fe\u00edn vi\u00f0 vi\u00f0 \u00feinn? \u00fev\u00ed f\u00f3rstu ekki me\u00f0 vin \u00fe\u00ednum?<a name=\"18\"><span class=\"versanumer\">18<\/span><\/a>Og H\u00fasa\u00ed m\u00e6lti vi\u00f0 Absalon: nei! heldur hv\u00f6rn sem Drottinn \u00fatvelur og \u00feetta f\u00f3lk, og allir \u00cdsraelsmenn, \u00feeim hinum sama vil eg tilheyra, og hj\u00e1 honum vera.<a name=\"19\"><span class=\"versanumer\">19<\/span><\/a>Og \u00ed annan sta\u00f0: hv\u00f6rjum vil eg \u00fej\u00f3na? er \u00fea\u00f0 ei syni hans? Eins og eg \u00fej\u00f3na\u00f0i f\u00f6\u00f0ur \u00fe\u00ednum, svo vil eg vera hj\u00e1 \u00fe\u00e9r.<br \/><a name=\"20\"><span class=\"versanumer\">20<\/span><\/a>Og Absalon m\u00e6lti vi\u00f0 Ak\u00edt\u00f3fel: leggi\u00f0 til r\u00e1\u00f0, hva\u00f0 v\u00e9r n\u00fa skulum gj\u00f6ra!<a name=\"21\"><span class=\"versanumer\">21<\/span><\/a>Og Ak\u00edt\u00f3fel sag\u00f0i til Absalons: sof \u00fe\u00fa hj\u00e1 frillum f\u00f6\u00f0ur \u00fe\u00edns sem hann l\u00e9t eftir ver\u00f0a, til a\u00f0 geyma h\u00fassins, \u00fe\u00e1 fr\u00e9ttir allur \u00cdsrael a\u00f0 \u00fe\u00fa hefir gj\u00f6rt \u00feig vi\u00f0bj\u00f3\u00f0slegan <span class='VideyAth'>d)<\/span> f\u00f6\u00f0ur \u00fe\u00ednum, og svo ver\u00f0a styrkar h\u00f6ndur allra \u00feeirra sem me\u00f0 \u00fe\u00e9r eru.<a name=\"22\"><span class=\"versanumer\">22<\/span><\/a>Svo settu \u00feeir upp tjald fyrir Absalon \u00e1 \u00feakinu og Absalon lag\u00f0ist me\u00f0 frillum f\u00f6\u00f0ur s\u00edns, fyrir augum alls \u00cdsraels.<a name=\"23\"><span class=\"versanumer\">23<\/span><\/a>En \u00feau r\u00e1\u00f0 sem Ak\u00edt\u00f3fel gaf \u00ed \u00fe\u00e1 daga, giltu, sem menn hef\u00f0u r\u00e1\u00f0f\u00e6rt sig vi\u00f0 Gu\u00f0 um \u00feann sama hlut; svo giltu hans r\u00e1\u00f0 b\u00e6\u00f0i hj\u00e1 Dav\u00ed\u00f0 og Absalon.<\/p>\n<div class=\"footnoteVidey\">V. 1. f. Kap. 9,2.  V. 4. g. Gen. 30,27. 1 Sam. 1,18. 27,5.  V. 5. h. 1 K\u00f3ng. 2,8.  V. 7. a. Hebr. Belialsson.  V. 10. b. Kap. 19,22.  V. 16. c. Kap. 15,37.  V. 21. d. 1 Sam. 11,4. 27,12.  V. 22. \u00de\u00f6k voru fl\u00f6t hj\u00e1 Gy\u00f0ingum.<\/div>\n","protected":false},"excerpt":{"rendered":"<p>Siba og Sime\u00ed. Absalon kemur til Jer\u00fasalem. 1Og Dav\u00ed\u00f0 var kominn sp\u00f6lkorn fr\u00e1 h\u00e6\u00f0inni \u00feegar Siba f), Mefib\u00f3sets \u00fej\u00f3n, kom \u00e1 m\u00f3ti honum me\u00f0 tvo klyfja\u00f0a asna; \u00e1 \u00feeim voru 2 hundru\u00f0 brau\u00f0 og hundra\u00f0 r\u00fas\u00ednuklasar, og hundra\u00f0 f\u00edknaklasar og br\u00fasi af v\u00edni,2og k\u00f3ngurinn m\u00e6lti vi\u00f0 Siba: hva\u00f0 viltu gj\u00f6ra me\u00f0 \u00feetta? og Siba svara\u00f0i: Asnarnir s\u00e9u til rei\u00f0ar handa k\u00f3ngsins h\u00fasi, og brau\u00f0in og f\u00edkjurnar til matar handa sveinunum, og v\u00edni\u00f0 til drykkjar fyrir \u00fe\u00e1 sem \u00f6rmagnast kunna \u00ed ey\u00f0im\u00f6rkinni.3Og k\u00f3ngur m\u00e6lti: hvar er sonur \u00fe\u00edns herra? Og Siba svara\u00f0i konungi: sj\u00e1! hann er kyrr \u00ed Jer\u00fasalem, \u00fev\u00ed hann <a href=\"https:\/\/biblian.is\/videy\/sidari-samuelsbok-16-kafli\/\"> [&#8230;]<\/a><\/p>\n","protected":false},"author":1,"featured_media":0,"parent":0,"menu_order":0,"comment_status":"open","ping_status":"open","template":"bibliukaflar.php","meta":{"footnotes":""},"class_list":["post-21132","page","type-page","status-publish","hentry"],"_links":{"self":[{"href":"https:\/\/biblian.is\/videy\/wp-json\/wp\/v2\/pages\/21132","targetHints":{"allow":["GET"]}}],"collection":[{"href":"https:\/\/biblian.is\/videy\/wp-json\/wp\/v2\/pages"}],"about":[{"href":"https:\/\/biblian.is\/videy\/wp-json\/wp\/v2\/types\/page"}],"author":[{"embeddable":true,"href":"https:\/\/biblian.is\/videy\/wp-json\/wp\/v2\/users\/1"}],"replies":[{"embeddable":true,"href":"https:\/\/biblian.is\/videy\/wp-json\/wp\/v2\/comments?post=21132"}],"version-history":[{"count":0,"href":"https:\/\/biblian.is\/videy\/wp-json\/wp\/v2\/pages\/21132\/revisions"}],"wp:attachment":[{"href":"https:\/\/biblian.is\/videy\/wp-json\/wp\/v2\/media?parent=21132"}],"curies":[{"name":"wp","href":"https:\/\/api.w.org\/{rel}","templated":true}]}}