{"id":21129,"date":"2018-01-02T01:00:25","date_gmt":"2018-01-02T01:00:25","guid":{"rendered":"http:\/\/biblian.is\/videy\/sidari-samuelsbok-13-kafli\/"},"modified":"2018-01-02T01:00:25","modified_gmt":"2018-01-02T01:00:25","slug":"sidari-samuelsbok-13-kafli","status":"publish","type":"page","link":"https:\/\/biblian.is\/videy\/sidari-samuelsbok-13-kafli\/","title":{"rendered":"S\u00ed\u00f0ari Sam\u00faelsb\u00f3k 13. kafli"},"content":{"rendered":"<div class=\"fyrirsognVidey\">Vi\u00f0skipti Ammons og Absalons sona Dav\u00ed\u00f0s.<\/div>\n<p><a name=\"1\"><span class=\"versanumer\">1<\/span><\/a>N\u00fa segir fr\u00e1 \u00fev\u00ed, a\u00f0 Absalon sonur Dav\u00ed\u00f0s \u00e1tti fr\u00ed\u00f0a systur, sem h\u00e9t Tamar, og Amnon Sonur Dav\u00ed\u00f0s elska\u00f0i hana.<a name=\"2\"><span class=\"versanumer\">2<\/span><\/a>Og Amnon p\u00edndist og var\u00f0 sj\u00fakur vegna Tamar systur sinnar, \u00fev\u00ed h\u00fan var mey; og Amnon \u00fe\u00f3tti \u00f3m\u00f6gulegt a\u00f0 gj\u00f6ra henni nokku\u00f0.<a name=\"3\"><span class=\"versanumer\">3<\/span><\/a>En Amnon \u00e1tti vin sem h\u00e9t J\u00f3nadab, sonur Simea <span class='VideyAth'>c)<\/span>, br\u00f3\u00f0ur Dav\u00ed\u00f0s; og J\u00f3nadab var miki\u00f0 k\u00e6nn ma\u00f0ur.<a name=\"4\"><span class=\"versanumer\">4<\/span><\/a>Og hann sag\u00f0i vi\u00f0 hann: \u00fev\u00ed horast \u00fe\u00fa konungsson, \u00feannig dag fr\u00e1 degi? viltu ekki segja m\u00e9r \u00fea\u00f0? og Amnon sag\u00f0i til hans: eg elska Tamar, systur Absalons br\u00f3\u00f0ur m\u00edns.<a name=\"5\"><span class=\"versanumer\">5<\/span><\/a>Og J\u00f3nadab sag\u00f0i til hans: legg \u00fe\u00fa \u00feig upp \u00ed r\u00fam \u00feitt og l\u00e1t sem \u00fe\u00fa s\u00e9rt veikur, og komi fa\u00f0ir \u00feinn, a\u00f0 vitja \u00fe\u00edn, seg\u00f0u vi\u00f0 hann: l\u00e1ttu Tamar systir m\u00edna koma, a\u00f0 h\u00fan gefi m\u00e9r eitthva\u00f0 a\u00f0 eta, og matrei\u00f0i fyrir m\u00ednum augum, svo eg horfi \u00e1, og eg eti \u00far hennar hendi.<a name=\"6\"><span class=\"versanumer\">6<\/span><\/a>Svo lag\u00f0ist Amnon fyrir, og l\u00e9st vera sj\u00fakur, og konungur kom a\u00f0 vitja hans. Og Amnon sag\u00f0i vi\u00f0 k\u00f3nginn: leyf\u00f0u a\u00f0 Tamar systir m\u00edn komi og steiki m\u00e9r tv\u00e6r k\u00f6kur svo eg sj\u00e1i, og eg eti \u00far hennar hendi.<a name=\"7\"><span class=\"versanumer\">7<\/span><\/a>\u00de\u00e1 gj\u00f6r\u00f0i Dav\u00ed\u00f0 or\u00f0 Tamar \u00ed h\u00fasi\u00f0 og m\u00e6lti: far \u00fe\u00fa \u00ed h\u00fas Amnons br\u00f3\u00f0ur \u00feins og matb\u00fa \u00fe\u00fa honum f\u00e6\u00f0u.<a name=\"8\"><span class=\"versanumer\">8<\/span><\/a>Og Tamar gekk \u00ed h\u00fas Amnons br\u00f3\u00f0ur s\u00edns; en hann l\u00e1 \u00ed r\u00faminu. Og h\u00fan t\u00f3k deig og hno\u00f0a\u00f0i, og gj\u00f6r\u00f0i k\u00f6kur fyrir hans augum, og steikti k\u00f6kurnar.<a name=\"9\"><span class=\"versanumer\">9<\/span><\/a>Og t\u00f3k p\u00f6nnuna og \u00far henni fyrir hans augum; en hann vildi ekki eta. Og Amnon m\u00e6lti: fari n\u00fa hv\u00f6r ma\u00f0ur \u00fat fr\u00e1 m\u00e9r, og hv\u00f6r ma\u00f0ur f\u00f3r \u00fat fr\u00e1 honum.<a name=\"10\"><span class=\"versanumer\">10<\/span><\/a>\u00de\u00e1 sag\u00f0i Amnon vi\u00f0 Tamar: far \u00fe\u00fa me\u00f0 matinn inn \u00ed herbergi\u00f0 svo eg eti \u00far \u00feinni hendi. Og Tamar t\u00f3k k\u00f6kurnar er h\u00fan haf\u00f0i gj\u00f6rt, og f\u00e6r\u00f0i \u00fe\u00e6r Amnon, br\u00f3\u00f0ur s\u00ednum, inn \u00ed herbergi\u00f0.<a name=\"11\"><span class=\"versanumer\">11<\/span><\/a>Og sem h\u00fan r\u00e9tti honum \u00fe\u00e6r a\u00f0 eta, greip hann til hennar og m\u00e6lti: kom \u00fe\u00fa, systir m\u00edn! og leggst \u00fe\u00fa me\u00f0 m\u00e9r!<a name=\"12\"><span class=\"versanumer\">12<\/span><\/a>Og h\u00fan sag\u00f0i til hans: nei, br\u00f3\u00f0ir minn! sv\u00edvirtu mig ekki, sl\u00edkt vi\u00f0gengst ekki \u00ed \u00cdsrael. Gj\u00f6r\u00f0u ei \u00feetta skammarverk!<a name=\"13\"><span class=\"versanumer\">13<\/span><\/a>Og hva\u00f0 \u00e6tti eg af m\u00e9r a\u00f0 gj\u00f6ra me\u00f0 m\u00edna sv\u00edvir\u00f0ingu, og \u00fe\u00fa mundir ver\u00f0a einn s\u00e1 sv\u00edvir\u00f0ilegasti \u00ed \u00cdsrael. Tala\u00f0u \u00fe\u00f3 vi\u00f0 konunginn, \u00fev\u00ed hann mun ekki synja \u00fe\u00e9r um mig.<a name=\"14\"><span class=\"versanumer\">14<\/span><\/a>En hann vildi ekki gegna henni, og nau\u00f0ga\u00f0i henni og krenkti hana og l\u00e1 me\u00f0 henni.<br \/><a name=\"15\"><span class=\"versanumer\">15<\/span><\/a>Og Amnon f\u00e9kk mikla \u00f3beit \u00e1 henni og hans hatur til hennar var meira en s\u00fa \u00e1st, sem hann haf\u00f0i haft \u00e1 henni. Og Amnon sag\u00f0i vi\u00f0 hana: stattu upp og far burt!<a name=\"16\"><span class=\"versanumer\">16<\/span><\/a>Og h\u00fan m\u00e6lti vi\u00f0 hann: a\u00f0hafst \u00fe\u00fa ei \u00feetta en st\u00e6rra vonsku verk en hi\u00f0 anna\u00f0 sem \u00fe\u00fa hefir gj\u00f6rt m\u00e9r, a\u00f0 \u00fatsk\u00fafa m\u00e9r! en hann vildi ekki gegna henni.<a name=\"17\"><span class=\"versanumer\">17<\/span><\/a>Og hann kalla\u00f0i sinn svein er \u00fej\u00f3na\u00f0i honum, og m\u00e6lti: kom \u00fe\u00fa \u00feessari burt fr\u00e1 m\u00e9r \u00fat \u00e1 g\u00f6tuna og l\u00e6stu dyrunum eftir henni.<a name=\"18\"><span class=\"versanumer\">18<\/span><\/a>En h\u00fan var \u00ed l\u00f6g\u00f0um kyrtli, \u00fev\u00ed svo voru k\u00f3ngsd\u00e6turnar kl\u00e6ddar, me\u00f0an \u00fe\u00e6r voru meyjar.<a name=\"19\"><span class=\"versanumer\">19<\/span><\/a>Og hans \u00fe\u00e9nari f\u00f3r me\u00f0 hana \u00fat \u00e1 str\u00e6ti\u00f0 og l\u00e6sti dyrum eftir henni, \u00fe\u00e1 fleyg\u00f0i Tamar \u00f6sku yfir h\u00f6fu\u00f0 s\u00e9r, og reif \u00feann lag\u00f0a kyrtil sem h\u00fan var \u00ed, lag\u00f0i h\u00f6ndina \u00e1 h\u00f6fu\u00f0i\u00f0, og gekk svo \u00e6pandi.<br \/><a name=\"20\"><span class=\"versanumer\">20<\/span><\/a>Og Absalon br\u00f3\u00f0ir hennar sag\u00f0i til hennar: hefir br\u00f3\u00f0ir \u00feinn Amnon veri\u00f0 hj\u00e1 \u00fe\u00e9r! heyr\u00f0u, systir m\u00edn, \u00feegi \u00fe\u00fa! hann er br\u00f3\u00f0ir \u00feinn; l\u00e1ttu \u00feetta ekki \u00e1 \u00feig f\u00e1. Og Tamar var \u00ed h\u00fasi Absalons br\u00f3\u00f0ur s\u00edns a\u00f0 f\u00e1rra vitund, <span class='VideyAth'>(\u00ed einh\u00fdsi)<\/span>.<a name=\"21\"><span class=\"versanumer\">21<\/span><\/a>Og k\u00f3ngur fr\u00e9tti allt \u00feetta og var\u00f0 mj\u00f6g rei\u00f0ur.<a name=\"22\"><span class=\"versanumer\">22<\/span><\/a>Og Absalon tala\u00f0i ekki vi\u00f0 Amnon, hv\u00f6rki gott n\u00e9 illt; \u00fev\u00ed Absalon hata\u00f0i Amnon, fyrir \u00fea\u00f0 a\u00f0 hann haf\u00f0i krenkt systur hans Tamar. <br \/><a name=\"23\"><span class=\"versanumer\">23<\/span><\/a>Tveim \u00e1rum s\u00ed\u00f0ar klippti Absalon sau\u00f0i s\u00edna \u00ed Baal-Hasor hj\u00e1 Efraim, og Absalon gj\u00f6r\u00f0i heimbo\u00f0 \u00f6llum k\u00f3ngssonunum.<a name=\"24\"><span class=\"versanumer\">24<\/span><\/a>Og Absalon gekk fyrir konunginn og m\u00e6lti: sj\u00e1! \u00feinn \u00fej\u00f3n klippir hj\u00f6r\u00f0 s\u00edna, komi \u00fev\u00ed konungurinn og hans \u00fej\u00f3nar me\u00f0 \u00fe\u00ednum \u00fej\u00f3n.<a name=\"25\"><span class=\"versanumer\">25<\/span><\/a>Og konungurinn m\u00e6lti vi\u00f0 Absalon: nei! minn son, l\u00e1t oss ei alla fara, a\u00f0 v\u00e9r gj\u00f6rum \u00fe\u00e9r ei sl\u00edkan \u00e1tro\u00f0ning, og \u00fe\u00f3 hann leg\u00f0i a\u00f0 honum, vildi hann ekki fara, en \u00f3ska\u00f0i til lukku <span class='VideyAth'>(blessa\u00f0i hann)<\/span>.<a name=\"26\"><span class=\"versanumer\">26<\/span><\/a>Og Absalon m\u00e6lti: \u00fe\u00f3 \u00fe\u00fa farir ekki, \u00fe\u00e1 leyf\u00f0u samt a\u00f0 Amnon br\u00f3\u00f0ir minn fari me\u00f0 oss. Og k\u00f3ngur m\u00e6lti vi\u00f0 hann: Hv\u00ed skal hann fara me\u00f0 \u00fe\u00e9r?<a name=\"27\"><span class=\"versanumer\">27<\/span><\/a>En Absalon lag\u00f0i a\u00f0 honum. Og \u00fe\u00e1 l\u00e9t hann Amnon fara me\u00f0 honum og alla k\u00f3ngsins syni.<br \/><a name=\"28\"><span class=\"versanumer\">28<\/span><\/a>Og Absalon bau\u00f0 s\u00ednum sveinum og m\u00e6lti: sj\u00e1i\u00f0 n\u00fa til! \u00feegar Amnon er farinn a\u00f0 h\u00fdrna vi\u00f0 v\u00edni\u00f0, og eg segi til y\u00f0ar: drepi\u00f0 Amnon! \u00fe\u00e1 sl\u00e1i\u00f0 hann \u00ed hel, og veri\u00f0 \u00f3hr\u00e6ddir! skipa eg y\u00f0ur ekki \u00feetta? veri\u00f0 huga\u00f0ir og \u00f6ruggir menn!<a name=\"29\"><span class=\"versanumer\">29<\/span><\/a>Og Absalons sveinar gj\u00f6r\u00f0u, eins og Absalon haf\u00f0i bo\u00f0i\u00f0, vi\u00f0 Amnon. \u00de\u00e1 t\u00f3ku allir k\u00f3ngssynirnir sig upp, og hv\u00f6r \u00feeirra st\u00e9 \u00e1 bak s\u00ednum m\u00fal, og \u00feeir fl\u00fd\u00f0u.<br \/><a name=\"30\"><span class=\"versanumer\">30<\/span><\/a>En me\u00f0an \u00feeir voru \u00e1 lei\u00f0inni, flaug s\u00e1 kvittur fyrir Dav\u00ed\u00f0, a\u00f0 Absalon hef\u00f0i \u00ed hel slegi\u00f0 alla k\u00f3ngsins syni, og enginn \u00feeirra hef\u00f0i undan komist.<a name=\"31\"><span class=\"versanumer\">31<\/span><\/a>\u00de\u00e1 st\u00f3\u00f0 k\u00f3ngur upp og reif s\u00edn kl\u00e6\u00f0i og lag\u00f0i sig ni\u00f0ur \u00e1 j\u00f6r\u00f0ina, og allir hans \u00fe\u00e9narar st\u00f3\u00f0u \u00fear \u00ed sundur rifnum kl\u00e6\u00f0um.<a name=\"32\"><span class=\"versanumer\">32<\/span><\/a>\u00de\u00e1 t\u00f3k J\u00f3nadab, sonur Simea, br\u00f3\u00f0ur Dav\u00ed\u00f0s, til or\u00f0a, og m\u00e6lti: Herra minn! hugsa \u00fe\u00fa ekki: alla \u00fe\u00e1 ungu menn, syni k\u00f3ngsins hafa \u00feeir drepi\u00f0, \u00fev\u00ed Amnon einn er dau\u00f0ur. Yfir \u00fev\u00ed hefir Absalon b\u00fai\u00f0 \u00ed fr\u00e1 \u00feeim degi a\u00f0 hann krenkti systur hans Tamar.<a name=\"33\"><span class=\"versanumer\">33<\/span><\/a>Minn herra, konungurinn l\u00e1ti s\u00e9r ekki \u00feetta til hjarta ganga, og hugsi ekki: a\u00f0 allir k\u00f3ngsins synir s\u00e9u dau\u00f0ir; nei, Amnon einn er dau\u00f0ur.<br \/><a name=\"34\"><span class=\"versanumer\">34<\/span><\/a>Og Absalon fl\u00fa\u00f0i\u2014en \u00feeim sveini sem h\u00e9lt v\u00f6r\u00f0 var\u00f0 liti\u00f0 upp, og sj\u00e1, og sj\u00e1 \u00fe\u00fa! mikill skari kom veginn hv\u00f6r eftir annan me\u00f0 fjallshl\u00ed\u00f0inni.<a name=\"35\"><span class=\"versanumer\">35<\/span><\/a>\u00de\u00e1 m\u00e6lti J\u00f3nadab vi\u00f0 konunginn: sj\u00e1! k\u00f3ngsins synir koma; eins og \u00feinn \u00fej\u00f3n hefir sagt, svo hefir allt tilgengi\u00f0.<a name=\"36\"><span class=\"versanumer\">36<\/span><\/a>Og sem hann haf\u00f0i enda\u00f0 sitt tal, sj\u00e1! \u00fe\u00e1 komu synir k\u00f3ngsins, og \u00feeir gr\u00e9tu h\u00e1st\u00f6fum, og k\u00f3ngur og hans \u00fej\u00f3nar gr\u00e9tu l\u00edka \u00e1kaflega.<a name=\"37\"><span class=\"versanumer\">37<\/span><\/a>En Absalon fl\u00fa\u00f0i, og f\u00f3r til Talmai, sonar Amm\u00edhuds, k\u00f3ngs \u00ed Ges\u00far <span class='VideyAth'>a)<\/span>; og Dav\u00ed\u00f0 syrg\u00f0i son sinn alla daga.<a name=\"38\"><span class=\"versanumer\">38<\/span><\/a>En Absalon fl\u00fa\u00f0i og f\u00f3r til Ges\u00far og var \u00fear \u00ed 3 \u00e1r.<a name=\"39\"><span class=\"versanumer\">39<\/span><\/a>Og Dav\u00ed\u00f0 konung langa\u00f0i til a\u00f0 fara til Absalons, \u00fev\u00ed af honum r\u00e6ttist harmurinn eftir Amnon \u00feegar fr\u00e1 lei\u00f0.<\/p>\n<div class=\"footnoteVidey\">V. 3. e. 1 Kron. 2,13.  V. 37. a. Kap. 3,3.<\/div>\n","protected":false},"excerpt":{"rendered":"<p>Vi\u00f0skipti Ammons og Absalons sona Dav\u00ed\u00f0s. 1N\u00fa segir fr\u00e1 \u00fev\u00ed, a\u00f0 Absalon sonur Dav\u00ed\u00f0s \u00e1tti fr\u00ed\u00f0a systur, sem h\u00e9t Tamar, og Amnon Sonur Dav\u00ed\u00f0s elska\u00f0i hana.2Og Amnon p\u00edndist og var\u00f0 sj\u00fakur vegna Tamar systur sinnar, \u00fev\u00ed h\u00fan var mey; og Amnon \u00fe\u00f3tti \u00f3m\u00f6gulegt a\u00f0 gj\u00f6ra henni nokku\u00f0.3En Amnon \u00e1tti vin sem h\u00e9t J\u00f3nadab, sonur Simea c), br\u00f3\u00f0ur Dav\u00ed\u00f0s; og J\u00f3nadab var miki\u00f0 k\u00e6nn ma\u00f0ur.4Og hann sag\u00f0i vi\u00f0 hann: \u00fev\u00ed horast \u00fe\u00fa konungsson, \u00feannig dag fr\u00e1 degi? viltu ekki segja m\u00e9r \u00fea\u00f0? og Amnon sag\u00f0i til hans: eg elska Tamar, systur Absalons br\u00f3\u00f0ur m\u00edns.5Og J\u00f3nadab sag\u00f0i til hans: legg \u00fe\u00fa \u00feig <a href=\"https:\/\/biblian.is\/videy\/sidari-samuelsbok-13-kafli\/\"> [&#8230;]<\/a><\/p>\n","protected":false},"author":1,"featured_media":0,"parent":0,"menu_order":0,"comment_status":"open","ping_status":"open","template":"bibliukaflar.php","meta":{"footnotes":""},"class_list":["post-21129","page","type-page","status-publish","hentry"],"_links":{"self":[{"href":"https:\/\/biblian.is\/videy\/wp-json\/wp\/v2\/pages\/21129","targetHints":{"allow":["GET"]}}],"collection":[{"href":"https:\/\/biblian.is\/videy\/wp-json\/wp\/v2\/pages"}],"about":[{"href":"https:\/\/biblian.is\/videy\/wp-json\/wp\/v2\/types\/page"}],"author":[{"embeddable":true,"href":"https:\/\/biblian.is\/videy\/wp-json\/wp\/v2\/users\/1"}],"replies":[{"embeddable":true,"href":"https:\/\/biblian.is\/videy\/wp-json\/wp\/v2\/comments?post=21129"}],"version-history":[{"count":0,"href":"https:\/\/biblian.is\/videy\/wp-json\/wp\/v2\/pages\/21129\/revisions"}],"wp:attachment":[{"href":"https:\/\/biblian.is\/videy\/wp-json\/wp\/v2\/media?parent=21129"}],"curies":[{"name":"wp","href":"https:\/\/api.w.org\/{rel}","templated":true}]}}