{"id":21128,"date":"2018-01-02T01:00:25","date_gmt":"2018-01-02T01:00:25","guid":{"rendered":"http:\/\/biblian.is\/videy\/sidari-samuelsbok-12-kafli\/"},"modified":"2018-01-02T01:00:25","modified_gmt":"2018-01-02T01:00:25","slug":"sidari-samuelsbok-12-kafli","status":"publish","type":"page","link":"https:\/\/biblian.is\/videy\/sidari-samuelsbok-12-kafli\/","title":{"rendered":"S\u00ed\u00f0ari Sam\u00faelsb\u00f3k 12. kafli"},"content":{"rendered":"<div class=\"fyrirsognVidey\">Rabba er inntekin.<\/div>\n<p><a name=\"1\"><span class=\"versanumer\">1<\/span><\/a>Og Drottinn sendi Natan til Dav\u00ed\u00f0s, og hann kom til hans og m\u00e6lti: tveir menn voru \u00ed s\u00f6mu borg, annar var r\u00edkur en hinn f\u00e1t\u00e6kur.<a name=\"2\"><span class=\"versanumer\">2<\/span><\/a>S\u00e1 r\u00edki \u00e1tti fj\u00f6lda b\u00e6\u00f0i sau\u00f0a og nauta,<a name=\"3\"><span class=\"versanumer\">3<\/span><\/a>en s\u00e1 f\u00e1t\u00e6ki \u00e1tti alls ekki nema lamb sem hann haf\u00f0i keypt, og ali\u00f0, og \u00fea\u00f0 \u00f3x upp hj\u00e1 honum, me\u00f0 hans sonum; \u00fea\u00f0 \u00e1t af hans mat, og drakk af hans bikar; og vi\u00f0 hans brj\u00f3st svaf \u00fea\u00f0, og var eins og hans d\u00f3ttir.<a name=\"4\"><span class=\"versanumer\">4<\/span><\/a>\u00de\u00e1 kom fer\u00f0ama\u00f0ur til hins r\u00edka manns, og hann t\u00edmdi ekki a\u00f0 taka neinn af s\u00ednum sau\u00f0um e\u00f0a af s\u00ednum nautum, til matrei\u00f0slu fyrir fer\u00f0amanninn, sem var kominn til hans, og t\u00f3k lamb f\u00e1t\u00e6ka mannsins, og matbj\u00f3 \u00fea\u00f0 fyrir manninn sem kominn var til hans. <br \/><a name=\"5\"><span class=\"versanumer\">5<\/span><\/a>\u00de\u00e1 upptendra\u00f0ist rei\u00f0i Dav\u00ed\u00f0s \u00e1kaflega, og hann sag\u00f0i vi\u00f0 Natan: svo sannarlega sem Drottinn lifir! s\u00e1 ma\u00f0ur sem sl\u00edkt hefir a\u00f0hafst, er dau\u00f0asekur!<a name=\"6\"><span class=\"versanumer\">6<\/span><\/a>lambi\u00f0 skal hann fj\u00f3rum sinnum <span class='VideyAth'>a)<\/span> betala fyrst hann gj\u00f6r\u00f0i \u00feetta og haf\u00f0i enga me\u00f0aumkun.<a name=\"7\"><span class=\"versanumer\">7<\/span><\/a>En Natan sag\u00f0i vi\u00f0 Dav\u00ed\u00f0: \u00fe\u00fa ert ma\u00f0urinn! svo segir Drottinn, \u00cdsraels Gu\u00f0: eg hefi smurt \u00feig til konungs yfir \u00cdsrael, og eg hefi frelsa\u00f0 \u00feig af hendi S\u00e1ls.<a name=\"8\"><span class=\"versanumer\">8<\/span><\/a>Og eg gaf \u00fe\u00e9r h\u00fas \u00fe\u00edns herra og konur \u00fe\u00edns herra a\u00f0 leggja vi\u00f0 \u00feitt brj\u00f3st, og \u00cdsraels og J\u00fada h\u00fas, og hef\u00f0i \u00fea\u00f0 veri\u00f0 ofl\u00edti\u00f0 mundi eg hafa b\u00e6tt vi\u00f0 \u00feig \u00fev\u00ed og \u00fev\u00ed.<a name=\"9\"><span class=\"versanumer\">9<\/span><\/a>\u00dev\u00ed hefir \u00fe\u00fa forsm\u00e1\u00f0 or\u00f0 Drottins, me\u00f0 \u00fev\u00ed a\u00f0 a\u00f0hafast \u00fea\u00f0 sem honum misl\u00edkar? \u00dar\u00eda Het\u00edtann hefir \u00fe\u00fa fellt me\u00f0 sver\u00f0i, og teki\u00f0 hans konu \u00fe\u00e9r fyrir konu, og hann hefir \u00fe\u00fa drepi\u00f0 me\u00f0 sver\u00f0i Ammonssona.<a name=\"10\"><span class=\"versanumer\">10<\/span><\/a>\u00deess vegna skal sver\u00f0i\u00f0 ekki v\u00edkja fr\u00e1 \u00fe\u00ednu h\u00fasi a\u00f0 eil\u00edfu, vegna \u00feess \u00fe\u00fa forsm\u00e1\u00f0ir mig, og t\u00f3kst \u00fe\u00e9r fyrir konu, ektakvinnu Ur\u00edu Het\u00edtans <span class='VideyAth'>b)<\/span>.<a name=\"11\"><span class=\"versanumer\">11<\/span><\/a>Svo segir Drottinn: sj\u00e1! eg l\u00e6t \u00f3l\u00e1n koma yfir \u00feig af \u00fe\u00ednu eigin h\u00fasi, og tek konur \u00fe\u00ednar fyrir \u00fe\u00ednum augum og gef \u00fe\u00e6r \u00f6\u00f0rum manni, svo hann leggist me\u00f0 \u00feeim fyrir s\u00f3larinnar augum.<a name=\"12\"><span class=\"versanumer\">12<\/span><\/a>\u00dev\u00ed \u00fe\u00fa hefir gj\u00f6rt sl\u00edkt me\u00f0 launung, en eg mun gj\u00f6ra sl\u00edkt \u00ed augs\u00fdn alls \u00cdsraels og \u00ed augs\u00fdn s\u00f3larinnar. <br \/><a name=\"13\"><span class=\"versanumer\">13<\/span><\/a>\u00de\u00e1 sag\u00f0i Dav\u00ed\u00f0 vi\u00f0 Natan: eg hefi syndga\u00f0 m\u00f3ti Drottni! og Natan svara\u00f0i Dav\u00ed\u00f0: svo hefir \u00fe\u00e1 Drottinn burtteki\u00f0 \u00fe\u00edna synd, \u00fe\u00fa munt ekki deyja.<a name=\"14\"><span class=\"versanumer\">14<\/span><\/a>En sakir \u00feess \u00fe\u00fa hefir gefi\u00f0 Drottins \u00f3vinum ors\u00f6k til lastyr\u00f0a, svo skal s\u00e1 sonur, sem \u00fe\u00e9r er f\u00e6ddur, vissulega deyja.<a name=\"15\"><span class=\"versanumer\">15<\/span><\/a>Og svo gekk Natan heim \u00ed sitt h\u00fas. \u00de\u00e1 sl\u00f3 Drottinn barni\u00f0 sem Ur\u00edu kona haf\u00f0i f\u00e6tt Dav\u00ed\u00f0, og \u00fea\u00f0 var\u00f0 dau\u00f0veikt.<a name=\"16\"><span class=\"versanumer\">16<\/span><\/a>Og Dav\u00ed\u00f0 leita\u00f0i Gu\u00f0s, vegna drengsins, og fasta\u00f0i, og gekk inn og l\u00e1 \u00e1 g\u00f3lfinu n\u00f3ttina \u00fe\u00e1.<a name=\"17\"><span class=\"versanumer\">17<\/span><\/a>Og \u00feeir elstu af hans h\u00fasi t\u00f3ku sig til, a\u00f0 f\u00e1 hann til a\u00f0 r\u00edsa upp af g\u00f3lfinu; en hann vildi ei, og \u00e1t ei me\u00f0 \u00feeim.<a name=\"18\"><span class=\"versanumer\">18<\/span><\/a>En \u00e1 sj\u00f6unda degi d\u00f3 barni\u00f0; og Dav\u00ed\u00f0s \u00fe\u00e9narar \u00feor\u00f0u ekki a\u00f0 l\u00e1ta hann vita a\u00f0 barni\u00f0 v\u00e6ri d\u00e1i\u00f0; \u00fev\u00ed \u00feeir s\u00f6g\u00f0u: sj\u00e1! me\u00f0an barni\u00f0 lif\u00f0i, t\u00f6lu\u00f0um v\u00e9r vi\u00f0 hann og hann ansa\u00f0i oss ekki; og hv\u00f6rnig getum vi\u00f0 \u00fe\u00e1 vi\u00f0 hann sagt: barni\u00f0 er d\u00e1i\u00f0? hann kann a\u00f0 gj\u00f6ra einhv\u00f6rja \u00f3lukku af s\u00e9r.<a name=\"19\"><span class=\"versanumer\">19<\/span><\/a>Og Dav\u00ed\u00f0 t\u00f3k eftir a\u00f0 hans \u00fe\u00e9narar voru eitthva\u00f0 a\u00f0 p\u00edskra og r\u00e9\u00f0i \u00fear af a\u00f0 barni\u00f0 v\u00e6ri d\u00e1i\u00f0; og Dav\u00ed\u00f0 sag\u00f0i til sinna \u00fe\u00e9nara: er barni\u00f0 d\u00e1i\u00f0? og \u00feeir sv\u00f6ru\u00f0u: \u00fea\u00f0 er d\u00e1i\u00f0.<a name=\"20\"><span class=\"versanumer\">20<\/span><\/a>\u00de\u00e1 st\u00f3\u00f0 Dav\u00ed\u00f0 upp af g\u00f3lfinu, og \u00fevo\u00f0i s\u00e9r, og smur\u00f0i sig, og skipti um kl\u00e6\u00f0i, og gekk \u00ed Drottins h\u00fas, og tilba\u00f0, og kom aftur \u00ed sitt h\u00fas, og skipa\u00f0i a\u00f0 f\u00e6ra s\u00e9r mat, og hann \u00e1t.<a name=\"21\"><span class=\"versanumer\">21<\/span><\/a>\u00de\u00e1 s\u00f6g\u00f0u hans \u00fe\u00e9narar vi\u00f0 hann: hva\u00f0 er \u00fea\u00f0 sem \u00fe\u00fa n\u00fa hefir gj\u00f6rt? me\u00f0an barni\u00f0 lif\u00f0i, fasta\u00f0ir \u00fe\u00fa og gr\u00e9st, og \u00feegar barni\u00f0 var d\u00e1i\u00f0, st\u00f3\u00f0st \u00fe\u00fa upp og mata\u00f0ist?<a name=\"22\"><span class=\"versanumer\">22<\/span><\/a>Og hann svara\u00f0i: me\u00f0an barni\u00f0 var \u00e1 l\u00edfi fasta\u00f0i eg og gr\u00e9t, \u00fev\u00ed eg hugsa\u00f0i: hv\u00f6r veit nema Drottinn miskunni m\u00e9r, svo barni\u00f0 lifi.<a name=\"23\"><span class=\"versanumer\">23<\/span><\/a>En fyrst \u00fea\u00f0 er n\u00fa d\u00e1i\u00f0, hvarfyrir skyldi eg \u00fe\u00e1 fasta? mun eg geta fengi\u00f0 \u00fea\u00f0 aftur? eg fer til \u00feess, en \u00fea\u00f0 kemur ei aftur til m\u00edn. <br \/><a name=\"24\"><span class=\"versanumer\">24<\/span><\/a>Og Dav\u00ed\u00f0 hugga\u00f0i konu s\u00edna Batseba, og gekk inn til hennar og svaf hj\u00e1 henni og h\u00fan f\u00e6ddi son og kalla\u00f0i hann Sal\u00f3mon <span class='VideyAth'>a)<\/span> og Drottinn elska\u00f0i hann.<a name=\"25\"><span class=\"versanumer\">25<\/span><\/a>Og hann gj\u00f6r\u00f0i bo\u00f0 me\u00f0 sp\u00e1manninum Natan og kalla\u00f0i hans nafn Jedidia, Drottins vegna. <span class='VideyAth'>(Jedidia \u00fe\u00fd\u00f0ir: Drottins \u00e1st)<\/span>.<br \/><a name=\"26\"><span class=\"versanumer\">26<\/span><\/a>Og J\u00f3ab herja\u00f0i \u00e1 Rabba<span class='VideyAth'>(borg)<\/span> Ammonsbarna <span class='VideyAth'>b)<\/span>, og vann k\u00f3ngssetri\u00f0.<a name=\"27\"><span class=\"versanumer\">27<\/span><\/a>Og J\u00f3ab sendi bo\u00f0 til Dav\u00ed\u00f0s, og sag\u00f0i: eg hefi herja\u00f0 \u00e1 Rabba, og eg hefi unni\u00f0 vatnssta\u00f0inn;<a name=\"28\"><span class=\"versanumer\">28<\/span><\/a>safna\u00f0u n\u00fa hinu \u00f6\u00f0ru f\u00f3lkinu, og sestu um sta\u00f0inn og tak \u00fe\u00fa hann, svo a\u00f0 eg taki hann ekki, og mitt nafn ver\u00f0i ei nefnt til \u00feess.<a name=\"29\"><span class=\"versanumer\">29<\/span><\/a>\u00de\u00e1 safna\u00f0i Dav\u00ed\u00f0 \u00f6llu f\u00f3lkinu, og f\u00f3r til Rabba, og herja\u00f0i \u00e1 sta\u00f0inn og vann hann.<a name=\"30\"><span class=\"versanumer\">30<\/span><\/a>Og hann t\u00f3k k\u00f3r\u00f3nu konungsins af hans h\u00f6f\u00f0i, h\u00fan var \u00far gulli og gimsteinum og v\u00f3g 100 pund, og setti hana \u00e1 sitt h\u00f6fu\u00f0; og herfangi\u00f0 sem hann flutti \u00far borginni var n\u00e6sta miki\u00f0.<a name=\"31\"><span class=\"versanumer\">31<\/span><\/a>Hann flutti l\u00edka f\u00f3lki\u00f0 \u00fea\u00f0an, og lag\u00f0i \u00fea\u00f0 undir sagir og j\u00e1rnvagna og j\u00e1rnfleyga og brenndi \u00fea\u00f0 upp \u00ed t\u00edglofnum. Svo gj\u00f6r\u00f0i hann vi\u00f0 alla sta\u00f0i Ammons barna. Eftir \u00fea\u00f0 f\u00f3r Dav\u00ed\u00f0 heim til Jer\u00fasalem og allt f\u00f3lki\u00f0.<\/p>\n<div class=\"footnoteVidey\">V. 6. a. Ex. 22,1. fl.  V. 10. b. Kap. 11,27.  V. 24. a. 1 Kron. 22,9.  V. 26. b. Devt. 3,11. Jer. 49,2.<\/div>\n","protected":false},"excerpt":{"rendered":"<p>Rabba er inntekin. 1Og Drottinn sendi Natan til Dav\u00ed\u00f0s, og hann kom til hans og m\u00e6lti: tveir menn voru \u00ed s\u00f6mu borg, annar var r\u00edkur en hinn f\u00e1t\u00e6kur.2S\u00e1 r\u00edki \u00e1tti fj\u00f6lda b\u00e6\u00f0i sau\u00f0a og nauta,3en s\u00e1 f\u00e1t\u00e6ki \u00e1tti alls ekki nema lamb sem hann haf\u00f0i keypt, og ali\u00f0, og \u00fea\u00f0 \u00f3x upp hj\u00e1 honum, me\u00f0 hans sonum; \u00fea\u00f0 \u00e1t af hans mat, og drakk af hans bikar; og vi\u00f0 hans brj\u00f3st svaf \u00fea\u00f0, og var eins og hans d\u00f3ttir.4\u00de\u00e1 kom fer\u00f0ama\u00f0ur til hins r\u00edka manns, og hann t\u00edmdi ekki a\u00f0 taka neinn af s\u00ednum sau\u00f0um e\u00f0a af s\u00ednum nautum, til <a href=\"https:\/\/biblian.is\/videy\/sidari-samuelsbok-12-kafli\/\"> [&#8230;]<\/a><\/p>\n","protected":false},"author":1,"featured_media":0,"parent":0,"menu_order":0,"comment_status":"open","ping_status":"open","template":"bibliukaflar.php","meta":{"footnotes":""},"class_list":["post-21128","page","type-page","status-publish","hentry"],"_links":{"self":[{"href":"https:\/\/biblian.is\/videy\/wp-json\/wp\/v2\/pages\/21128","targetHints":{"allow":["GET"]}}],"collection":[{"href":"https:\/\/biblian.is\/videy\/wp-json\/wp\/v2\/pages"}],"about":[{"href":"https:\/\/biblian.is\/videy\/wp-json\/wp\/v2\/types\/page"}],"author":[{"embeddable":true,"href":"https:\/\/biblian.is\/videy\/wp-json\/wp\/v2\/users\/1"}],"replies":[{"embeddable":true,"href":"https:\/\/biblian.is\/videy\/wp-json\/wp\/v2\/comments?post=21128"}],"version-history":[{"count":0,"href":"https:\/\/biblian.is\/videy\/wp-json\/wp\/v2\/pages\/21128\/revisions"}],"wp:attachment":[{"href":"https:\/\/biblian.is\/videy\/wp-json\/wp\/v2\/media?parent=21128"}],"curies":[{"name":"wp","href":"https:\/\/api.w.org\/{rel}","templated":true}]}}